{"id":26606,"date":"2026-05-14T19:52:31","date_gmt":"2026-05-14T16:52:31","guid":{"rendered":"https:\/\/deravio.com\/se\/produkt\/gerbera-prastkrage-dekoration\/"},"modified":"2026-05-14T19:58:48","modified_gmt":"2026-05-14T16:58:48","slug":"gerbera-prastkrage-dekoration","status":"publish","type":"product","link":"https:\/\/deravio.com\/se\/produkt\/gerbera-prastkrage-dekoration\/","title":{"rendered":"Gerbera pr\u00e4stkrage dekoration"},"content":{"rendered":"<div class=\"qMYqUG_convSearchResultHighlightRoot\">\n<div class=\"\" data-turn-id-container=\"request-WEB:24281320-e487-4a5f-8c4a-63be52806721-40\" data-is-intersecting=\"true\">\n<div class=\"relative w-full overflow-visible\">\n<section class=\"text-token-text-primary w-full focus:outline-none has-data-writing-block:pointer-events-none [&amp;:has([data-writing-block])&gt;*]:pointer-events-auto R6Vx5W_threadScrollVars scroll-mb-[calc(var(--scroll-root-safe-area-inset-bottom,0px)+var(--thread-response-height))] scroll-mt-[calc(var(--header-height)+min(200px,max(70px,20svh)))]\" dir=\"auto\" data-turn-id=\"request-WEB:24281320-e487-4a5f-8c4a-63be52806721-40\" data-turn-id-container=\"request-WEB:24281320-e487-4a5f-8c4a-63be52806721-40\" data-testid=\"conversation-turn-8\" data-scroll-anchor=\"false\" data-turn=\"assistant\">\n<div class=\"text-base my-auto mx-auto pb-10 [--thread-content-margin:var(--thread-content-margin-xs,calc(var(--spacing)*4))] @w-sm\/main:[--thread-content-margin:var(--thread-content-margin-sm,calc(var(--spacing)*6))] @w-lg\/main:[--thread-content-margin:var(--thread-content-margin-lg,calc(var(--spacing)*16))] px-(--thread-content-margin)\">\n<div class=\"[--thread-content-max-width:40rem] @w-lg\/main:[--thread-content-max-width:48rem] mx-auto max-w-(--thread-content-max-width) flex-1 group\/turn-messages focus-visible:outline-hidden relative flex w-full min-w-0 flex-col agent-turn\">\n<div class=\"flex max-w-full flex-col gap-4 grow\">\n<div class=\"min-h-8 text-message relative flex w-full flex-col items-end gap-2 text-start break-words whitespace-normal outline-none keyboard-focused:focus-ring [.text-message+&amp;]:mt-1\" dir=\"auto\" data-message-author-role=\"assistant\" data-message-id=\"7eba4305-87f5-4fce-bc90-226141600fab\" data-message-model-slug=\"gpt-5-5-thinking\" data-turn-start-message=\"true\">\n<div class=\"flex w-full flex-col gap-1 empty:hidden\">\n<div class=\"markdown prose dark:prose-invert wrap-break-word w-full light markdown-new-styling\">\n<h2 style=\"text-align: center;\" data-section-id=\"wmnp0o\" data-start=\"344\" data-end=\"359\">\u2728 L\u00f6ftet<\/h2>\n<p style=\"text-align: center;\" data-start=\"361\" data-end=\"501\">Skapa ett varmt, f\u00e4rgstarkt och blomsterfyllt utrymme p\u00e5 n\u00e5gra minuter &#8211; med vackra pr\u00e4stkragedekorationer som aldrig beh\u00f6ver vattnas, trimmas eller bytas ut.<\/p>\n<p data-start=\"361\" data-end=\"501\"><img fetchpriority=\"high\" decoding=\"async\" class=\"size-full wp-image-29599 aligncenter\" src=\"https:\/\/deravio.com\/template\/wp-content\/uploads\/sites\/6\/2026\/05\/Sf2432cf75f5b48b482e13367e0e17e65Q.jpg_960x960q75.jpg_.jpg\" alt=\"\" width=\"800\" height=\"800\" \/><\/p>\n<h2 style=\"text-align: center;\" data-section-id=\"gsxrfq\" data-start=\"508\" data-end=\"526\">\u2600\ufe0f Huvudf\u00f6rdelar<\/h2>\n<p data-start=\"528\" data-end=\"691\">\ud83c\udf3c Vacker f\u00e4rg \u00e5ret runt &#8211; Njut av det glada utseendet hos blommande gerbera pr\u00e4stkragar under alla \u00e5rstider, utan att oroa dig f\u00f6r att de vissnar eller bleknar snabbt.<\/p>\n<p data-start=\"693\" data-end=\"835\">\ud83c\udf3f Inget underh\u00e5ll beh\u00f6vs &#8211; Ingen vattning, ingen trimning, ingen g\u00f6dning och ingen daglig sk\u00f6tsel &#8211; placera dem bara d\u00e4r du vill och njut av utseendet.<\/p>\n<p data-start=\"837\" data-end=\"976\">\u2600\ufe0f Tillverkad f\u00f6r utomhusbruk &#8211; Designad med UV-resistenta och blekningsbest\u00e4ndiga detaljer f\u00f6r att hj\u00e4lpa blommorna att h\u00e5lla sig ljusa \u00e4ven n\u00e4r de anv\u00e4nds utomhus.<\/p>\n<p data-start=\"978\" data-end=\"1131\">\ud83e\udeb4 L\u00e4tt att installera var som helst &#8211; Den smala markst\u00e5ngsdesignen g\u00f6r det enkelt att s\u00e4tta in dem i jord, blomkrukor, planteringar eller dekorativa beh\u00e5llare.<\/p>\n<p data-start=\"1133\" data-end=\"1278\">\ud83c\udfe1 Fungerar inomhus och utomhus &#8211; Perfekt f\u00f6r tr\u00e4dg\u00e5rdar, balkonger, terrasser, innerg\u00e5rdar, entr\u00e9er, vardagsrum, f\u00f6nsterbr\u00e4dor och evenemangsdekor.<\/p>\n<p data-start=\"1432\" data-end=\"1579\">\ud83d\udcaa H\u00e5llbar f\u00f6r l\u00e5ngvarig dekoration &#8211; Tillverkad med anti-aging plaststj\u00e4lkar och slitstarka tygblad, s\u00e5 att du kan anv\u00e4nda dem om och om igen.<\/p>\n<h2 style=\"text-align: center;\" data-section-id=\"bod5cf\" data-start=\"1586\" data-end=\"1610\">\u274c Problem \u2192 L\u00f6sning \u2705<\/h2>\n<p data-start=\"1612\" data-end=\"1780\">\u274c Riktiga blommor beh\u00f6ver st\u00e4ndig v\u00e5rd och vissnar ofta f\u00f6r snabbt.<\/p>\n<p data-start=\"1612\" data-end=\"1780\">\u2705 Dessa gerbera pr\u00e4stkrage dekorationer ger dig en fr\u00e4sch blommig look utan att vattna, trimma eller byta ut.<\/p>\n<p data-start=\"1612\" data-end=\"1780\"><img decoding=\"async\" class=\"size-full wp-image-29598 aligncenter\" src=\"https:\/\/deravio.com\/template\/wp-content\/uploads\/sites\/6\/2026\/05\/Sd2097b9473144f6391eed7a3ef85d72f2.png\" alt=\"\" width=\"995\" height=\"814\" \/><\/p>\n<h2 style=\"text-align: center;\" data-section-id=\"h4b41y\" data-start=\"2151\" data-end=\"2174\">\ud83c\udf38 Anv\u00e4ndningsomr\u00e5de\/livsstil<\/h2>\n<p data-start=\"2176\" data-end=\"2188\">Perfekt f\u00f6r:<\/p>\n<ul data-start=\"2190\" data-end=\"2385\">\n<li data-section-id=\"n4awn4\" data-start=\"2190\" data-end=\"2201\">Tr\u00e4dg\u00e5rdar<\/li>\n<li data-section-id=\"kokmoq\" data-start=\"2202\" data-end=\"2215\">Balkonger<\/li>\n<li data-section-id=\"nxkakt\" data-start=\"2216\" data-end=\"2228\">Terrasser<\/li>\n<li data-section-id=\"vr5eju\" data-start=\"2229\" data-end=\"2243\">G\u00e5rdar<\/li>\n<li data-section-id=\"1skabx1\" data-start=\"2244\" data-end=\"2259\">Blomkrukor<\/li>\n<li data-section-id=\"3aqlgr\" data-start=\"2260\" data-end=\"2272\">Planteringar<\/li>\n<li data-section-id=\"g2oznv\" data-start=\"2273\" data-end=\"2289\">Inomhusvaser<\/li>\n<li data-section-id=\"8aypy7\" data-start=\"2290\" data-end=\"2303\">Entr\u00e9er<\/li>\n<li data-section-id=\"1i56ezb\" data-start=\"2304\" data-end=\"2320\">Vardagsrum<\/li>\n<li data-section-id=\"s0hh4d\" data-start=\"2321\" data-end=\"2337\">F\u00f6nsterbr\u00e4dor<\/li>\n<li data-section-id=\"migw6h\" data-start=\"2338\" data-end=\"2350\">Br\u00f6llop<\/li>\n<li data-section-id=\"1upc0ww\" data-start=\"2351\" data-end=\"2362\">Fester<\/li>\n<li data-section-id=\"1ynudis\" data-start=\"2363\" data-end=\"2385\">Helgdagar decoration<\/li>\n<\/ul>\n<h2 style=\"text-align: center;\" data-section-id=\"1om54y7\" data-start=\"2556\" data-end=\"2573\">\u2699\ufe0f Anv\u00e4ndning<\/h2>\n<ol>\n<li>V\u00e4lj var du vill placera blommorna.<\/li>\n<li>Stick ner jordpinnen i jorden, en blomkruka eller en dekorativ beh\u00e5llare.<\/li>\n<li>Justera blommorna f\u00f6rsiktigt tills de ser fylliga och naturliga ut.<\/li>\n<li>Njut av l\u00e5ngvarig f\u00e4rg och ett fr\u00e4scht blomsterarrangemang utan sk\u00f6tsel.<\/li>\n<\/ol>\n<p><img decoding=\"async\" class=\"alignnone size-full wp-image-26632 aligncenter\" src=\"https:\/\/deravio.com\/se\/wp-content\/uploads\/sites\/20\/2026\/05\/S502b7f4ece38491b933b84d7ebe77c6fu.jpg_960x960q75.jpg_.webp\" alt=\"\" width=\"800\" height=\"800\" \/><\/p>\n<h2 style=\"text-align: center;\">\ud83d\udd0d Produktinformation<\/h2>\n<p>Stil: F\u00e4rgglad, realistisk, dekorativ<\/p>\n<p>Material: Stj\u00e4lkar av \u00e5ldersbest\u00e4ndig plast och kronblad av slitstarkt tyg<\/p>\n<p>Egenskaper: UV-best\u00e4ndig, blekningsbest\u00e4ndig, underh\u00e5llsfri<\/p>\n<p>Montering: Med jordspett<\/p>\n<p>L\u00e4mplig f\u00f6r: Anv\u00e4ndning inomhus och utomhus<\/p>\n<p>Placeringsalternativ: Jord, krukor, planteringsl\u00e5dor, beh\u00e5llare, vaser<\/p>\n<p>Storlek: 56 x 40 x 16 cm<\/p>\n<h2 style=\"text-align: center;\">\ud83d\udce6 F\u00f6rpackningen inneh\u00e5ller<\/h2>\n<p>2, 4 st. gerberadekorationer.<\/p>\n<ol>\n<li style=\"list-style-type: none;\"><\/li>\n<\/ol>\n<\/div>\n<\/div>\n<\/div>\n<\/div>\n<\/div>\n<\/div>\n<\/section>\n<\/div>\n<\/div>\n<\/div>\n","protected":false},"excerpt":{"rendered":"<p>\ud83c\udf3c Ge ditt hem eller din tr\u00e4dg\u00e5rd en ljus v\u00e5rf\u00e4rg utan att beh\u00f6va ta hand om riktiga blommor.<br data-start=\"131\" data-end=\"134\" \/>\ud83c\udf3f Dessa realistiska gerbera pr\u00e4stkrage-dekorationer h\u00e5ller sig fr\u00e4scha, f\u00e4rgglada och vackra s\u00e4song efter s\u00e4song.<br data-start=\"247\" data-end=\"250\" \/>\u2728 L\u00e4tt att placera, underh\u00e5llsfri och l\u00e4mplig f\u00f6r b\u00e5de inomhus- och utomhusutrymmen.<\/p>\n","protected":false},"featured_media":26602,"comment_status":"open","ping_status":"closed","template":"","meta":{"site-sidebar-layout":"default","site-content-layout":"","ast-site-content-layout":"default","site-content-style":"default","site-sidebar-style":"default","ast-global-header-display":"","ast-banner-title-visibility":"","ast-main-header-display":"","ast-hfb-above-header-display":"","ast-hfb-below-header-display":"","ast-hfb-mobile-header-display":"","site-post-title":"","ast-breadcrumbs-content":"","ast-featured-img":"","footer-sml-layout":"","ast-disable-related-posts":"","theme-transparent-header-meta":"default","adv-header-id-meta":"","stick-header-meta":"","header-above-stick-meta":"","header-main-stick-meta":"","header-below-stick-meta":"","astra-migrate-meta-layouts":"set","ast-page-background-enabled":"default","ast-page-background-meta":{"desktop":{"background-color":"var(--ast-global-color-5)","background-image":"","background-repeat":"repeat","background-position":"center center","background-size":"auto","background-attachment":"scroll","background-type":"","background-media":"","overlay-type":"","overlay-color":"","overlay-opacity":"","overlay-gradient":""},"tablet":{"background-color":"","background-image":"","background-repeat":"repeat","background-position":"center center","background-size":"auto","background-attachment":"scroll","background-type":"","background-media":"","overlay-type":"","overlay-color":"","overlay-opacity":"","overlay-gradient":""},"mobile":{"background-color":"","background-image":"","background-repeat":"repeat","background-position":"center center","background-size":"auto","background-attachment":"scroll","background-type":"","background-media":"","overlay-type":"","overlay-color":"","overlay-opacity":"","overlay-gradient":""}},"ast-content-background-meta":{"desktop":{"background-color":"var(--ast-global-color-4)","background-image":"","background-repeat":"repeat","background-position":"center center","background-size":"auto","background-attachment":"scroll","background-type":"","background-media":"","overlay-type":"","overlay-color":"","overlay-opacity":"","overlay-gradient":""},"tablet":{"background-color":"var(--ast-global-color-4)","background-image":"","background-repeat":"repeat","background-position":"center center","background-size":"auto","background-attachment":"scroll","background-type":"","background-media":"","overlay-type":"","overlay-color":"","overlay-opacity":"","overlay-gradient":""},"mobile":{"background-color":"var(--ast-global-color-4)","background-image":"","background-repeat":"repeat","background-position":"center center","background-size":"auto","background-attachment":"scroll","background-type":"","background-media":"","overlay-type":"","overlay-color":"","overlay-opacity":"","overlay-gradient":""}}},"product_brand":[],"product_cat":[168],"product_tag":[],"class_list":{"0":"post-26606","1":"product","2":"type-product","3":"status-publish","4":"has-post-thumbnail","6":"product_cat-hushallsprodukter","7":"pa_70162_73511krf-2-st","8":"pa_70162_73511krf-4-st","9":"pa_70162_dlmz38mp-gul","10":"pa_70162_dlmz38mp-lila","11":"pa_70162_dlmz38mp-multicolor","12":"pa_70162_dlmz38mp-orange","13":"pa_70162_dlmz38mp-rosa","14":"pa_70162_dlmz38mp-rosenrod","15":"desktop-align-left","16":"tablet-align-left","17":"mobile-align-left","19":"first","20":"instock","21":"shipping-taxable","22":"purchasable","23":"product-type-variable","24":"has-default-attributes"},"yoast_head":"<!-- This site is optimized with the Yoast SEO plugin v27.4 - https:\/\/yoast.com\/product\/yoast-seo-wordpress\/ -->\n<title>Gerbera pr\u00e4stkrage dekoration - Deravio SE<\/title>\n<meta name=\"robots\" content=\"index, follow, max-snippet:-1, max-image-preview:large, max-video-preview:-1\" \/>\n<link rel=\"canonical\" href=\"https:\/\/deravio.com\/se\/produkt\/gerbera-prastkrage-dekoration\/\" \/>\n<meta property=\"og:locale\" content=\"sv_SE\" \/>\n<meta property=\"og:type\" content=\"article\" \/>\n<meta property=\"og:title\" content=\"Gerbera pr\u00e4stkrage dekoration - Deravio SE\" \/>\n<meta property=\"og:description\" content=\"\ud83c\udf3c Ge ditt hem eller din tr\u00e4dg\u00e5rd en ljus v\u00e5rf\u00e4rg utan att beh\u00f6va ta hand om riktiga blommor.\ud83c\udf3f Dessa realistiska gerbera pr\u00e4stkrage-dekorationer h\u00e5ller sig fr\u00e4scha, f\u00e4rgglada och vackra s\u00e4song efter s\u00e4song.\u2728 L\u00e4tt att placera, underh\u00e5llsfri och l\u00e4mplig f\u00f6r b\u00e5de inomhus- och utomhusutrymmen.\" \/>\n<meta property=\"og:url\" content=\"https:\/\/deravio.com\/se\/produkt\/gerbera-prastkrage-dekoration\/\" \/>\n<meta property=\"og:site_name\" content=\"Deravio SE\" \/>\n<meta property=\"article:modified_time\" content=\"2026-05-14T16:58:48+00:00\" \/>\n<meta property=\"og:image\" content=\"https:\/\/deravio.com\/se\/wp-content\/uploads\/sites\/20\/2026\/05\/jbqik3z-1.jpg\" \/>\n\t<meta property=\"og:image:width\" content=\"960\" \/>\n\t<meta property=\"og:image:height\" content=\"960\" \/>\n\t<meta property=\"og:image:type\" content=\"image\/jpeg\" \/>\n<meta name=\"twitter:card\" content=\"summary_large_image\" \/>\n<meta name=\"twitter:label1\" content=\"Ber\u00e4knad l\u00e4stid\" \/>\n\t<meta name=\"twitter:data1\" content=\"3 minuter\" \/>\n<script type=\"application\/ld+json\" class=\"yoast-schema-graph\">{\"@context\":\"https:\\\/\\\/schema.org\",\"@graph\":[{\"@type\":\"WebPage\",\"@id\":\"https:\\\/\\\/deravio.com\\\/se\\\/produkt\\\/gerbera-prastkrage-dekoration\\\/\",\"url\":\"https:\\\/\\\/deravio.com\\\/se\\\/produkt\\\/gerbera-prastkrage-dekoration\\\/\",\"name\":\"Gerbera pr\u00e4stkrage dekoration - Deravio SE\",\"isPartOf\":{\"@id\":\"https:\\\/\\\/deravio.com\\\/se\\\/#website\"},\"primaryImageOfPage\":{\"@id\":\"https:\\\/\\\/deravio.com\\\/se\\\/produkt\\\/gerbera-prastkrage-dekoration\\\/#primaryimage\"},\"image\":{\"@id\":\"https:\\\/\\\/deravio.com\\\/se\\\/produkt\\\/gerbera-prastkrage-dekoration\\\/#primaryimage\"},\"thumbnailUrl\":\"https:\\\/\\\/deravio.com\\\/se\\\/wp-content\\\/uploads\\\/sites\\\/20\\\/2026\\\/05\\\/jbqik3z-1.jpg\",\"datePublished\":\"2026-05-14T16:52:31+00:00\",\"dateModified\":\"2026-05-14T16:58:48+00:00\",\"breadcrumb\":{\"@id\":\"https:\\\/\\\/deravio.com\\\/se\\\/produkt\\\/gerbera-prastkrage-dekoration\\\/#breadcrumb\"},\"inLanguage\":\"sv-SE\",\"potentialAction\":[{\"@type\":\"ReadAction\",\"target\":[\"https:\\\/\\\/deravio.com\\\/se\\\/produkt\\\/gerbera-prastkrage-dekoration\\\/\"]}]},{\"@type\":\"ImageObject\",\"inLanguage\":\"sv-SE\",\"@id\":\"https:\\\/\\\/deravio.com\\\/se\\\/produkt\\\/gerbera-prastkrage-dekoration\\\/#primaryimage\",\"url\":\"https:\\\/\\\/deravio.com\\\/se\\\/wp-content\\\/uploads\\\/sites\\\/20\\\/2026\\\/05\\\/jbqik3z-1.jpg\",\"contentUrl\":\"https:\\\/\\\/deravio.com\\\/se\\\/wp-content\\\/uploads\\\/sites\\\/20\\\/2026\\\/05\\\/jbqik3z-1.jpg\",\"width\":960,\"height\":960},{\"@type\":\"BreadcrumbList\",\"@id\":\"https:\\\/\\\/deravio.com\\\/se\\\/produkt\\\/gerbera-prastkrage-dekoration\\\/#breadcrumb\",\"itemListElement\":[{\"@type\":\"ListItem\",\"position\":1,\"name\":\"Home\",\"item\":\"https:\\\/\\\/deravio.com\\\/se\\\/\"},{\"@type\":\"ListItem\",\"position\":2,\"name\":\"Butik\",\"item\":\"https:\\\/\\\/deravio.com\\\/se\\\/butik\\\/\"},{\"@type\":\"ListItem\",\"position\":3,\"name\":\"Gerbera pr\u00e4stkrage dekoration\"}]},{\"@type\":\"WebSite\",\"@id\":\"https:\\\/\\\/deravio.com\\\/se\\\/#website\",\"url\":\"https:\\\/\\\/deravio.com\\\/se\\\/\",\"name\":\"Deravio SE\",\"description\":\"\",\"publisher\":{\"@id\":\"https:\\\/\\\/deravio.com\\\/se\\\/#organization\"},\"potentialAction\":[{\"@type\":\"SearchAction\",\"target\":{\"@type\":\"EntryPoint\",\"urlTemplate\":\"https:\\\/\\\/deravio.com\\\/se\\\/?s={search_term_string}\"},\"query-input\":{\"@type\":\"PropertyValueSpecification\",\"valueRequired\":true,\"valueName\":\"search_term_string\"}}],\"inLanguage\":\"sv-SE\"},{\"@type\":\"Organization\",\"@id\":\"https:\\\/\\\/deravio.com\\\/se\\\/#organization\",\"name\":\"Mekulo\",\"url\":\"https:\\\/\\\/deravio.com\\\/se\\\/\",\"logo\":{\"@type\":\"ImageObject\",\"inLanguage\":\"sv-SE\",\"@id\":\"https:\\\/\\\/deravio.com\\\/se\\\/#\\\/schema\\\/logo\\\/image\\\/\",\"url\":\"https:\\\/\\\/deravio.com\\\/se\\\/wp-content\\\/uploads\\\/sites\\\/20\\\/2025\\\/12\\\/favicon_mekulo.png\",\"contentUrl\":\"https:\\\/\\\/deravio.com\\\/se\\\/wp-content\\\/uploads\\\/sites\\\/20\\\/2025\\\/12\\\/favicon_mekulo.png\",\"width\":50,\"height\":50,\"caption\":\"Mekulo\"},\"image\":{\"@id\":\"https:\\\/\\\/deravio.com\\\/se\\\/#\\\/schema\\\/logo\\\/image\\\/\"}}]}<\/script>\n<!-- \/ Yoast SEO plugin. -->","yoast_head_json":{"title":"Gerbera pr\u00e4stkrage dekoration - Deravio SE","robots":{"index":"index","follow":"follow","max-snippet":"max-snippet:-1","max-image-preview":"max-image-preview:large","max-video-preview":"max-video-preview:-1"},"canonical":"https:\/\/deravio.com\/se\/produkt\/gerbera-prastkrage-dekoration\/","og_locale":"sv_SE","og_type":"article","og_title":"Gerbera pr\u00e4stkrage dekoration - Deravio SE","og_description":"\ud83c\udf3c Ge ditt hem eller din tr\u00e4dg\u00e5rd en ljus v\u00e5rf\u00e4rg utan att beh\u00f6va ta hand om riktiga blommor.\ud83c\udf3f Dessa realistiska gerbera pr\u00e4stkrage-dekorationer h\u00e5ller sig fr\u00e4scha, f\u00e4rgglada och vackra s\u00e4song efter s\u00e4song.\u2728 L\u00e4tt att placera, underh\u00e5llsfri och l\u00e4mplig f\u00f6r b\u00e5de inomhus- och utomhusutrymmen.","og_url":"https:\/\/deravio.com\/se\/produkt\/gerbera-prastkrage-dekoration\/","og_site_name":"Deravio SE","article_modified_time":"2026-05-14T16:58:48+00:00","og_image":[{"width":960,"height":960,"url":"https:\/\/deravio.com\/se\/wp-content\/uploads\/sites\/20\/2026\/05\/jbqik3z-1.jpg","type":"image\/jpeg"}],"twitter_card":"summary_large_image","twitter_misc":{"Ber\u00e4knad l\u00e4stid":"3 minuter"},"schema":{"@context":"https:\/\/schema.org","@graph":[{"@type":"WebPage","@id":"https:\/\/deravio.com\/se\/produkt\/gerbera-prastkrage-dekoration\/","url":"https:\/\/deravio.com\/se\/produkt\/gerbera-prastkrage-dekoration\/","name":"Gerbera pr\u00e4stkrage dekoration - Deravio SE","isPartOf":{"@id":"https:\/\/deravio.com\/se\/#website"},"primaryImageOfPage":{"@id":"https:\/\/deravio.com\/se\/produkt\/gerbera-prastkrage-dekoration\/#primaryimage"},"image":{"@id":"https:\/\/deravio.com\/se\/produkt\/gerbera-prastkrage-dekoration\/#primaryimage"},"thumbnailUrl":"https:\/\/deravio.com\/se\/wp-content\/uploads\/sites\/20\/2026\/05\/jbqik3z-1.jpg","datePublished":"2026-05-14T16:52:31+00:00","dateModified":"2026-05-14T16:58:48+00:00","breadcrumb":{"@id":"https:\/\/deravio.com\/se\/produkt\/gerbera-prastkrage-dekoration\/#breadcrumb"},"inLanguage":"sv-SE","potentialAction":[{"@type":"ReadAction","target":["https:\/\/deravio.com\/se\/produkt\/gerbera-prastkrage-dekoration\/"]}]},{"@type":"ImageObject","inLanguage":"sv-SE","@id":"https:\/\/deravio.com\/se\/produkt\/gerbera-prastkrage-dekoration\/#primaryimage","url":"https:\/\/deravio.com\/se\/wp-content\/uploads\/sites\/20\/2026\/05\/jbqik3z-1.jpg","contentUrl":"https:\/\/deravio.com\/se\/wp-content\/uploads\/sites\/20\/2026\/05\/jbqik3z-1.jpg","width":960,"height":960},{"@type":"BreadcrumbList","@id":"https:\/\/deravio.com\/se\/produkt\/gerbera-prastkrage-dekoration\/#breadcrumb","itemListElement":[{"@type":"ListItem","position":1,"name":"Home","item":"https:\/\/deravio.com\/se\/"},{"@type":"ListItem","position":2,"name":"Butik","item":"https:\/\/deravio.com\/se\/butik\/"},{"@type":"ListItem","position":3,"name":"Gerbera pr\u00e4stkrage dekoration"}]},{"@type":"WebSite","@id":"https:\/\/deravio.com\/se\/#website","url":"https:\/\/deravio.com\/se\/","name":"Deravio SE","description":"","publisher":{"@id":"https:\/\/deravio.com\/se\/#organization"},"potentialAction":[{"@type":"SearchAction","target":{"@type":"EntryPoint","urlTemplate":"https:\/\/deravio.com\/se\/?s={search_term_string}"},"query-input":{"@type":"PropertyValueSpecification","valueRequired":true,"valueName":"search_term_string"}}],"inLanguage":"sv-SE"},{"@type":"Organization","@id":"https:\/\/deravio.com\/se\/#organization","name":"Mekulo","url":"https:\/\/deravio.com\/se\/","logo":{"@type":"ImageObject","inLanguage":"sv-SE","@id":"https:\/\/deravio.com\/se\/#\/schema\/logo\/image\/","url":"https:\/\/deravio.com\/se\/wp-content\/uploads\/sites\/20\/2025\/12\/favicon_mekulo.png","contentUrl":"https:\/\/deravio.com\/se\/wp-content\/uploads\/sites\/20\/2025\/12\/favicon_mekulo.png","width":50,"height":50,"caption":"Mekulo"},"image":{"@id":"https:\/\/deravio.com\/se\/#\/schema\/logo\/image\/"}}]}},"_links":{"self":[{"href":"https:\/\/deravio.com\/se\/wp-json\/wp\/v2\/product\/26606","targetHints":{"allow":["GET"]}}],"collection":[{"href":"https:\/\/deravio.com\/se\/wp-json\/wp\/v2\/product"}],"about":[{"href":"https:\/\/deravio.com\/se\/wp-json\/wp\/v2\/types\/product"}],"replies":[{"embeddable":true,"href":"https:\/\/deravio.com\/se\/wp-json\/wp\/v2\/comments?post=26606"}],"wp:featuredmedia":[{"embeddable":true,"href":"https:\/\/deravio.com\/se\/wp-json\/wp\/v2\/media\/26602"}],"wp:attachment":[{"href":"https:\/\/deravio.com\/se\/wp-json\/wp\/v2\/media?parent=26606"}],"wp:term":[{"taxonomy":"product_brand","embeddable":true,"href":"https:\/\/deravio.com\/se\/wp-json\/wp\/v2\/product_brand?post=26606"},{"taxonomy":"product_cat","embeddable":true,"href":"https:\/\/deravio.com\/se\/wp-json\/wp\/v2\/product_cat?post=26606"},{"taxonomy":"product_tag","embeddable":true,"href":"https:\/\/deravio.com\/se\/wp-json\/wp\/v2\/product_tag?post=26606"}],"curies":[{"name":"wp","href":"https:\/\/api.w.org\/{rel}","templated":true}]}}