{"id":26212,"date":"2026-05-07T18:39:07","date_gmt":"2026-05-07T15:39:07","guid":{"rendered":"https:\/\/deravio.com\/se\/produkt\/pilhatt\/"},"modified":"2026-05-07T20:24:58","modified_gmt":"2026-05-07T17:24:58","slug":"arrow-hat","status":"publish","type":"product","link":"https:\/\/deravio.com\/se\/produkt\/arrow-hat\/","title":{"rendered":"Arrow hatt"},"content":{"rendered":"<h2 style=\"text-align: center;\" data-section-id=\"5d61m3\" data-start=\"229\" data-end=\"247\">\u2728 L\u00f6ftet<\/h2>\n<p style=\"text-align: center;\" data-start=\"248\" data-end=\"361\">B\u00e4r den under tr\u00e4ningspass, varma sommardagar, resor eller i vardagen &#8211; och beh\u00e5ll den fr\u00e4scha, rena looken dag efter dag.<\/p>\n<p data-start=\"248\" data-end=\"361\"><img fetchpriority=\"high\" decoding=\"async\" class=\"size-full wp-image-28589 aligncenter\" src=\"https:\/\/deravio.com\/template\/wp-content\/uploads\/sites\/6\/2026\/05\/TRUCKER_2sa-min.jpg\" alt=\"\" width=\"1000\" height=\"1000\" \/><\/p>\n<h2 style=\"text-align: center;\" data-section-id=\"18f0fm0\" data-start=\"368\" data-end=\"405\">\ud83e\udde2 Huvudf\u00f6rdelar<\/h2>\n<p>\ud83d\udca6 Inga fler svettfl\u00e4ckar &#8211; Fuktavvisande tyg hj\u00e4lper till att f\u00f6rhindra synliga svettfl\u00e4ckar<\/p>\n<p>\ud83c\udf2c\ufe0f Ultraandningsbar komfort &#8211; 900+ laserskurna ventilationsh\u00e5l hj\u00e4lper till att minska v\u00e4rme och svettning<\/p>\n<p>\ud83e\uddfc L\u00e4tt att tv\u00e4tta och fr\u00e4scha upp &#8211; Sk\u00f6lj eller tv\u00e4tta bara f\u00f6r att h\u00e5lla den som ny<\/p>\n<p>\u2614 Vatten- och smutsavvisande &#8211; V\u00e4tskor p\u00e4rlas av ytan ist\u00e4llet f\u00f6r att sugas in<\/p>\n<p>\u2728 L\u00e4tt vardagskomfort &#8211; Flexibelt stretchmaterial anpassar sig bekv\u00e4mt efter din passform<\/p>\n<h2 style=\"text-align: center;\" data-section-id=\"tco5u\" data-start=\"894\" data-end=\"928\">\u274c Problem \u2192 L\u00f6sning \u2705<\/h2>\n<p data-start=\"930\" data-end=\"1016\">\u274c De flesta kepsar blir snabbt svettiga, bleka, utt\u00e4njda och om\u00f6jliga att h\u00e5lla rena.<\/p>\n<p data-start=\"1018\" data-end=\"1148\">\u2705 Den h\u00e4r pilm\u00f6ssan \u00e4r byggd f\u00f6r vardagsbruk med andningsbar, snabbtorkande och tv\u00e4ttbar prestanda som g\u00f6r att den ser fr\u00e4sch ut l\u00e4ngre.<\/p>\n<p data-start=\"1018\" data-end=\"1148\"><img decoding=\"async\" class=\"size-full wp-image-28588 aligncenter\" src=\"https:\/\/deravio.com\/template\/wp-content\/uploads\/sites\/6\/2026\/05\/TRUCKER_model_a_small-min.jpg\" alt=\"\" width=\"1000\" height=\"1000\" \/><\/p>\n<h2 style=\"text-align: center;\" data-section-id=\"v1wdp9\" data-start=\"1155\" data-end=\"1186\">\ud83c\udf1e Anv\u00e4ndningsomr\u00e5de\/livsstil<\/h2>\n<p data-start=\"1188\" data-end=\"1200\">Perfekt f\u00f6r:<\/p>\n<ul data-start=\"1201\" data-end=\"1316\">\n<li data-section-id=\"1tgcxom\" data-start=\"1201\" data-end=\"1224\">Tr\u00e4ning och sport<\/li>\n<li data-section-id=\"zqc17a\" data-start=\"1225\" data-end=\"1240\">Sommardagar<\/li>\n<li data-section-id=\"17ppm3a\" data-start=\"1241\" data-end=\"1265\">Resor och pendling<\/li>\n<li data-section-id=\"151lcbx\" data-start=\"1266\" data-end=\"1288\">Outdoor-\u00e4ventyr<\/li>\n<li data-section-id=\"1a7eava\" data-start=\"1289\" data-end=\"1316\">V\u00e4nliga vardagsoutfits<\/li>\n<\/ul>\n<p data-start=\"1318\" data-end=\"1388\">Fr\u00e5n gymmet till staden, den \u00e4r utformad f\u00f6r att k\u00e4nnas bekv\u00e4m i timmar.<\/p>\n<h2 style=\"text-align: center;\" data-section-id=\"1w4qty3\" data-start=\"1395\" data-end=\"1413\">\u2699\ufe0f Anv\u00e4ndning<\/h2>\n<ol data-start=\"1415\" data-end=\"1585\">\n<li data-section-id=\"1xzk06g\" data-start=\"1415\" data-end=\"1456\">Ta p\u00e5 dig och justera f\u00f6r perfekt passform.<\/li>\n<li data-section-id=\"1u97q9y\" data-start=\"1457\" data-end=\"1515\">B\u00e4r under tr\u00e4ning, resa eller dagliga aktiviteter.<\/li>\n<li data-section-id=\"10b0o5w\" data-start=\"1516\" data-end=\"1546\">Tv\u00e4tta eller sk\u00f6lj vid behov.<\/li>\n<li data-section-id=\"1mnt2bu\" data-start=\"1547\" data-end=\"1585\">L\u00e5t den torka snabbt och anv\u00e4nd den igen.<\/li>\n<\/ol>\n<h2 style=\"text-align: center;\" data-section-id=\"6d2foc\" data-start=\"1634\" data-end=\"1657\">\ud83d\udd0d Produktdetaljer<\/h2>\n<ul data-start=\"1659\" data-end=\"2003\">\n<li data-section-id=\"jv86jg\" data-start=\"1687\" data-end=\"1727\">Material: 92% Polyester, 8% Elastan<\/li>\n<li data-section-id=\"10w6dh9\" data-start=\"1728\" data-end=\"1800\">Funktioner: Vattenavvisande, svettavvisande, andas, snabbtorkande<\/li>\n<li data-section-id=\"z6etkc\" data-start=\"1801\" data-end=\"1849\">Teknik: 900+ laserskurna ventilationsh\u00e5l<\/li>\n<li data-section-id=\"1domsnm\" data-start=\"1850\" data-end=\"1908\">Egenskaper: Antibakteriell, luktavvisande, elastisk passform<\/li>\n<li data-section-id=\"1m2nqji\" data-start=\"1909\" data-end=\"1963\">Finish: PFAS-fri impregnering (laboratorietestad)<\/li>\n<li data-section-id=\"10x4607\" data-start=\"1964\" data-end=\"2003\">Sk\u00f6tsel: Tv\u00e4ttbar och l\u00e4tt att underh\u00e5lla<\/li>\n<li data-section-id=\"10x4607\" data-start=\"1964\" data-end=\"2003\">Storlek: 55 &#8211; 61 cm<\/li>\n<\/ul>\n<h2 style=\"text-align: center;\" data-section-id=\"11se135\" data-start=\"2010\" data-end=\"2030\">\ud83d\udce6 F\u00f6rpackningen inneh\u00e5ller<\/h2>\n<ul data-start=\"2032\" data-end=\"2052\">\n<li data-section-id=\"77mfyu\" data-start=\"2032\" data-end=\"2052\">1x Arrow hatt.<\/li>\n<\/ul>\n","protected":false},"excerpt":{"rendered":"<p>\ud83e\uddfcKepsen som fortfarande ser ny ut efter vardagligt slitage.<br \/>\n\ud83e\udde2Utformad f\u00f6r att h\u00e5lla sig ren, andas och vara bekv\u00e4m &#8211; utan svettfl\u00e4ckar, lukt eller det slitna utseende som vanliga kepsar har.<br \/>\n\ud83d\udca6En renare och bekv\u00e4mare keps utformad f\u00f6r verkligt vardagligt slitage.<\/p>\n","protected":false},"featured_media":26209,"comment_status":"open","ping_status":"closed","template":"","meta":{"site-sidebar-layout":"default","site-content-layout":"","ast-site-content-layout":"default","site-content-style":"default","site-sidebar-style":"default","ast-global-header-display":"","ast-banner-title-visibility":"","ast-main-header-display":"","ast-hfb-above-header-display":"","ast-hfb-below-header-display":"","ast-hfb-mobile-header-display":"","site-post-title":"","ast-breadcrumbs-content":"","ast-featured-img":"","footer-sml-layout":"","ast-disable-related-posts":"","theme-transparent-header-meta":"default","adv-header-id-meta":"","stick-header-meta":"","header-above-stick-meta":"","header-main-stick-meta":"","header-below-stick-meta":"","astra-migrate-meta-layouts":"set","ast-page-background-enabled":"default","ast-page-background-meta":{"desktop":{"background-color":"var(--ast-global-color-5)","background-image":"","background-repeat":"repeat","background-position":"center center","background-size":"auto","background-attachment":"scroll","background-type":"","background-media":"","overlay-type":"","overlay-color":"","overlay-opacity":"","overlay-gradient":""},"tablet":{"background-color":"","background-image":"","background-repeat":"repeat","background-position":"center center","background-size":"auto","background-attachment":"scroll","background-type":"","background-media":"","overlay-type":"","overlay-color":"","overlay-opacity":"","overlay-gradient":""},"mobile":{"background-color":"","background-image":"","background-repeat":"repeat","background-position":"center center","background-size":"auto","background-attachment":"scroll","background-type":"","background-media":"","overlay-type":"","overlay-color":"","overlay-opacity":"","overlay-gradient":""}},"ast-content-background-meta":{"desktop":{"background-color":"var(--ast-global-color-4)","background-image":"","background-repeat":"repeat","background-position":"center center","background-size":"auto","background-attachment":"scroll","background-type":"","background-media":"","overlay-type":"","overlay-color":"","overlay-opacity":"","overlay-gradient":""},"tablet":{"background-color":"var(--ast-global-color-4)","background-image":"","background-repeat":"repeat","background-position":"center center","background-size":"auto","background-attachment":"scroll","background-type":"","background-media":"","overlay-type":"","overlay-color":"","overlay-opacity":"","overlay-gradient":""},"mobile":{"background-color":"var(--ast-global-color-4)","background-image":"","background-repeat":"repeat","background-position":"center center","background-size":"auto","background-attachment":"scroll","background-type":"","background-media":"","overlay-type":"","overlay-color":"","overlay-opacity":"","overlay-gradient":""}}},"product_brand":[],"product_cat":[165],"product_tag":[],"class_list":{"0":"post-26212","1":"product","2":"type-product","3":"status-publish","4":"has-post-thumbnail","6":"product_cat-skor-accessoarer","7":"pa_68893_2bk6gacf-arrow-flat","8":"pa_68893_2bk6gacf-arrow-trucker","9":"pa_68893_2bk6gacf-pilmossa","10":"pa_68893_6c8ukygm-gra","11":"pa_68893_6c8ukygm-gron","12":"pa_68893_6c8ukygm-marinbla-svart","13":"pa_68893_6c8ukygm-mocca","14":"pa_68893_6c8ukygm-oliv-svart","15":"pa_68893_6c8ukygm-rod","16":"pa_68893_6c8ukygm-sand-svart","17":"pa_68893_6c8ukygm-svart","18":"pa_68893_6c8ukygm-vit","19":"desktop-align-left","20":"tablet-align-left","21":"mobile-align-left","23":"first","24":"instock","25":"shipping-taxable","26":"purchasable","27":"product-type-variable","28":"has-default-attributes"},"yoast_head":"<!-- This site is optimized with the Yoast SEO plugin v27.4 - https:\/\/yoast.com\/product\/yoast-seo-wordpress\/ -->\n<title>Arrow hatt - Deravio SE<\/title>\n<meta name=\"robots\" content=\"index, follow, max-snippet:-1, max-image-preview:large, max-video-preview:-1\" \/>\n<link rel=\"canonical\" href=\"https:\/\/deravio.com\/se\/produkt\/arrow-hat\/\" \/>\n<meta property=\"og:locale\" content=\"sv_SE\" \/>\n<meta property=\"og:type\" content=\"article\" \/>\n<meta property=\"og:title\" content=\"Arrow hatt - Deravio SE\" \/>\n<meta property=\"og:description\" content=\"\ud83e\uddfcKepsen som fortfarande ser ny ut efter vardagligt slitage. \ud83e\udde2Utformad f\u00f6r att h\u00e5lla sig ren, andas och vara bekv\u00e4m - utan svettfl\u00e4ckar, lukt eller det slitna utseende som vanliga kepsar har. \ud83d\udca6En renare och bekv\u00e4mare keps utformad f\u00f6r verkligt vardagligt slitage.\" \/>\n<meta property=\"og:url\" content=\"https:\/\/deravio.com\/se\/produkt\/arrow-hat\/\" \/>\n<meta property=\"og:site_name\" content=\"Deravio SE\" \/>\n<meta property=\"article:modified_time\" content=\"2026-05-07T17:24:58+00:00\" \/>\n<meta property=\"og:image\" content=\"https:\/\/deravio.com\/se\/wp-content\/uploads\/sites\/20\/2026\/05\/sgyfjfi-1.webp\" \/>\n\t<meta property=\"og:image:width\" content=\"1000\" \/>\n\t<meta property=\"og:image:height\" content=\"1000\" \/>\n\t<meta property=\"og:image:type\" content=\"image\/webp\" \/>\n<meta name=\"twitter:card\" content=\"summary_large_image\" \/>\n<meta name=\"twitter:label1\" content=\"Ber\u00e4knad l\u00e4stid\" \/>\n\t<meta name=\"twitter:data1\" content=\"2 minuter\" \/>\n<script type=\"application\/ld+json\" class=\"yoast-schema-graph\">{\"@context\":\"https:\\\/\\\/schema.org\",\"@graph\":[{\"@type\":\"WebPage\",\"@id\":\"https:\\\/\\\/deravio.com\\\/se\\\/produkt\\\/arrow-hat\\\/\",\"url\":\"https:\\\/\\\/deravio.com\\\/se\\\/produkt\\\/arrow-hat\\\/\",\"name\":\"Arrow hatt - Deravio SE\",\"isPartOf\":{\"@id\":\"https:\\\/\\\/deravio.com\\\/se\\\/#website\"},\"primaryImageOfPage\":{\"@id\":\"https:\\\/\\\/deravio.com\\\/se\\\/produkt\\\/arrow-hat\\\/#primaryimage\"},\"image\":{\"@id\":\"https:\\\/\\\/deravio.com\\\/se\\\/produkt\\\/arrow-hat\\\/#primaryimage\"},\"thumbnailUrl\":\"https:\\\/\\\/deravio.com\\\/se\\\/wp-content\\\/uploads\\\/sites\\\/20\\\/2026\\\/05\\\/sgyfjfi-1.webp\",\"datePublished\":\"2026-05-07T15:39:07+00:00\",\"dateModified\":\"2026-05-07T17:24:58+00:00\",\"breadcrumb\":{\"@id\":\"https:\\\/\\\/deravio.com\\\/se\\\/produkt\\\/arrow-hat\\\/#breadcrumb\"},\"inLanguage\":\"sv-SE\",\"potentialAction\":[{\"@type\":\"ReadAction\",\"target\":[\"https:\\\/\\\/deravio.com\\\/se\\\/produkt\\\/arrow-hat\\\/\"]}]},{\"@type\":\"ImageObject\",\"inLanguage\":\"sv-SE\",\"@id\":\"https:\\\/\\\/deravio.com\\\/se\\\/produkt\\\/arrow-hat\\\/#primaryimage\",\"url\":\"https:\\\/\\\/deravio.com\\\/se\\\/wp-content\\\/uploads\\\/sites\\\/20\\\/2026\\\/05\\\/sgyfjfi-1.webp\",\"contentUrl\":\"https:\\\/\\\/deravio.com\\\/se\\\/wp-content\\\/uploads\\\/sites\\\/20\\\/2026\\\/05\\\/sgyfjfi-1.webp\",\"width\":1000,\"height\":1000},{\"@type\":\"BreadcrumbList\",\"@id\":\"https:\\\/\\\/deravio.com\\\/se\\\/produkt\\\/arrow-hat\\\/#breadcrumb\",\"itemListElement\":[{\"@type\":\"ListItem\",\"position\":1,\"name\":\"Home\",\"item\":\"https:\\\/\\\/deravio.com\\\/se\\\/\"},{\"@type\":\"ListItem\",\"position\":2,\"name\":\"Butik\",\"item\":\"https:\\\/\\\/deravio.com\\\/se\\\/butik\\\/\"},{\"@type\":\"ListItem\",\"position\":3,\"name\":\"Arrow hatt\"}]},{\"@type\":\"WebSite\",\"@id\":\"https:\\\/\\\/deravio.com\\\/se\\\/#website\",\"url\":\"https:\\\/\\\/deravio.com\\\/se\\\/\",\"name\":\"Deravio SE\",\"description\":\"\",\"publisher\":{\"@id\":\"https:\\\/\\\/deravio.com\\\/se\\\/#organization\"},\"potentialAction\":[{\"@type\":\"SearchAction\",\"target\":{\"@type\":\"EntryPoint\",\"urlTemplate\":\"https:\\\/\\\/deravio.com\\\/se\\\/?s={search_term_string}\"},\"query-input\":{\"@type\":\"PropertyValueSpecification\",\"valueRequired\":true,\"valueName\":\"search_term_string\"}}],\"inLanguage\":\"sv-SE\"},{\"@type\":\"Organization\",\"@id\":\"https:\\\/\\\/deravio.com\\\/se\\\/#organization\",\"name\":\"Mekulo\",\"url\":\"https:\\\/\\\/deravio.com\\\/se\\\/\",\"logo\":{\"@type\":\"ImageObject\",\"inLanguage\":\"sv-SE\",\"@id\":\"https:\\\/\\\/deravio.com\\\/se\\\/#\\\/schema\\\/logo\\\/image\\\/\",\"url\":\"https:\\\/\\\/deravio.com\\\/se\\\/wp-content\\\/uploads\\\/sites\\\/20\\\/2025\\\/12\\\/favicon_mekulo.png\",\"contentUrl\":\"https:\\\/\\\/deravio.com\\\/se\\\/wp-content\\\/uploads\\\/sites\\\/20\\\/2025\\\/12\\\/favicon_mekulo.png\",\"width\":50,\"height\":50,\"caption\":\"Mekulo\"},\"image\":{\"@id\":\"https:\\\/\\\/deravio.com\\\/se\\\/#\\\/schema\\\/logo\\\/image\\\/\"}}]}<\/script>\n<!-- \/ Yoast SEO plugin. -->","yoast_head_json":{"title":"Arrow hatt - Deravio SE","robots":{"index":"index","follow":"follow","max-snippet":"max-snippet:-1","max-image-preview":"max-image-preview:large","max-video-preview":"max-video-preview:-1"},"canonical":"https:\/\/deravio.com\/se\/produkt\/arrow-hat\/","og_locale":"sv_SE","og_type":"article","og_title":"Arrow hatt - Deravio SE","og_description":"\ud83e\uddfcKepsen som fortfarande ser ny ut efter vardagligt slitage. \ud83e\udde2Utformad f\u00f6r att h\u00e5lla sig ren, andas och vara bekv\u00e4m - utan svettfl\u00e4ckar, lukt eller det slitna utseende som vanliga kepsar har. \ud83d\udca6En renare och bekv\u00e4mare keps utformad f\u00f6r verkligt vardagligt slitage.","og_url":"https:\/\/deravio.com\/se\/produkt\/arrow-hat\/","og_site_name":"Deravio SE","article_modified_time":"2026-05-07T17:24:58+00:00","og_image":[{"width":1000,"height":1000,"url":"https:\/\/deravio.com\/se\/wp-content\/uploads\/sites\/20\/2026\/05\/sgyfjfi-1.webp","type":"image\/webp"}],"twitter_card":"summary_large_image","twitter_misc":{"Ber\u00e4knad l\u00e4stid":"2 minuter"},"schema":{"@context":"https:\/\/schema.org","@graph":[{"@type":"WebPage","@id":"https:\/\/deravio.com\/se\/produkt\/arrow-hat\/","url":"https:\/\/deravio.com\/se\/produkt\/arrow-hat\/","name":"Arrow hatt - Deravio SE","isPartOf":{"@id":"https:\/\/deravio.com\/se\/#website"},"primaryImageOfPage":{"@id":"https:\/\/deravio.com\/se\/produkt\/arrow-hat\/#primaryimage"},"image":{"@id":"https:\/\/deravio.com\/se\/produkt\/arrow-hat\/#primaryimage"},"thumbnailUrl":"https:\/\/deravio.com\/se\/wp-content\/uploads\/sites\/20\/2026\/05\/sgyfjfi-1.webp","datePublished":"2026-05-07T15:39:07+00:00","dateModified":"2026-05-07T17:24:58+00:00","breadcrumb":{"@id":"https:\/\/deravio.com\/se\/produkt\/arrow-hat\/#breadcrumb"},"inLanguage":"sv-SE","potentialAction":[{"@type":"ReadAction","target":["https:\/\/deravio.com\/se\/produkt\/arrow-hat\/"]}]},{"@type":"ImageObject","inLanguage":"sv-SE","@id":"https:\/\/deravio.com\/se\/produkt\/arrow-hat\/#primaryimage","url":"https:\/\/deravio.com\/se\/wp-content\/uploads\/sites\/20\/2026\/05\/sgyfjfi-1.webp","contentUrl":"https:\/\/deravio.com\/se\/wp-content\/uploads\/sites\/20\/2026\/05\/sgyfjfi-1.webp","width":1000,"height":1000},{"@type":"BreadcrumbList","@id":"https:\/\/deravio.com\/se\/produkt\/arrow-hat\/#breadcrumb","itemListElement":[{"@type":"ListItem","position":1,"name":"Home","item":"https:\/\/deravio.com\/se\/"},{"@type":"ListItem","position":2,"name":"Butik","item":"https:\/\/deravio.com\/se\/butik\/"},{"@type":"ListItem","position":3,"name":"Arrow hatt"}]},{"@type":"WebSite","@id":"https:\/\/deravio.com\/se\/#website","url":"https:\/\/deravio.com\/se\/","name":"Deravio SE","description":"","publisher":{"@id":"https:\/\/deravio.com\/se\/#organization"},"potentialAction":[{"@type":"SearchAction","target":{"@type":"EntryPoint","urlTemplate":"https:\/\/deravio.com\/se\/?s={search_term_string}"},"query-input":{"@type":"PropertyValueSpecification","valueRequired":true,"valueName":"search_term_string"}}],"inLanguage":"sv-SE"},{"@type":"Organization","@id":"https:\/\/deravio.com\/se\/#organization","name":"Mekulo","url":"https:\/\/deravio.com\/se\/","logo":{"@type":"ImageObject","inLanguage":"sv-SE","@id":"https:\/\/deravio.com\/se\/#\/schema\/logo\/image\/","url":"https:\/\/deravio.com\/se\/wp-content\/uploads\/sites\/20\/2025\/12\/favicon_mekulo.png","contentUrl":"https:\/\/deravio.com\/se\/wp-content\/uploads\/sites\/20\/2025\/12\/favicon_mekulo.png","width":50,"height":50,"caption":"Mekulo"},"image":{"@id":"https:\/\/deravio.com\/se\/#\/schema\/logo\/image\/"}}]}},"_links":{"self":[{"href":"https:\/\/deravio.com\/se\/wp-json\/wp\/v2\/product\/26212","targetHints":{"allow":["GET"]}}],"collection":[{"href":"https:\/\/deravio.com\/se\/wp-json\/wp\/v2\/product"}],"about":[{"href":"https:\/\/deravio.com\/se\/wp-json\/wp\/v2\/types\/product"}],"replies":[{"embeddable":true,"href":"https:\/\/deravio.com\/se\/wp-json\/wp\/v2\/comments?post=26212"}],"wp:featuredmedia":[{"embeddable":true,"href":"https:\/\/deravio.com\/se\/wp-json\/wp\/v2\/media\/26209"}],"wp:attachment":[{"href":"https:\/\/deravio.com\/se\/wp-json\/wp\/v2\/media?parent=26212"}],"wp:term":[{"taxonomy":"product_brand","embeddable":true,"href":"https:\/\/deravio.com\/se\/wp-json\/wp\/v2\/product_brand?post=26212"},{"taxonomy":"product_cat","embeddable":true,"href":"https:\/\/deravio.com\/se\/wp-json\/wp\/v2\/product_cat?post=26212"},{"taxonomy":"product_tag","embeddable":true,"href":"https:\/\/deravio.com\/se\/wp-json\/wp\/v2\/product_tag?post=26212"}],"curies":[{"name":"wp","href":"https:\/\/api.w.org\/{rel}","templated":true}]}}