{"id":26046,"date":"2026-05-06T19:16:15","date_gmt":"2026-05-06T16:16:15","guid":{"rendered":"https:\/\/deravio.com\/se\/produkt\/hangande-petunior-i-siden-2-st\/"},"modified":"2026-05-06T20:31:00","modified_gmt":"2026-05-06T17:31:00","slug":"hangande-petunior-i-siden-2-st","status":"publish","type":"product","link":"https:\/\/deravio.com\/se\/produkt\/hangande-petunior-i-siden-2-st\/","title":{"rendered":"H\u00e4ngande petunior i siden (2 st)"},"content":{"rendered":"<h2 style=\"text-align: center\" data-section-id=\"5d61m3\" data-start=\"1996\" data-end=\"2014\">\u2728 L\u00f6ftet<\/h2>\n<p style=\"text-align: center\" data-start=\"2016\" data-end=\"2080\">Alltid fr\u00e4sch.<br data-start=\"2029\" data-end=\"2032\" \/>Alltid levande.<br data-start=\"2047\" data-end=\"2050\" \/>Enkel sk\u00f6nhet varje dag.<\/p>\n<p data-start=\"2016\" data-end=\"2080\"><img fetchpriority=\"high\" decoding=\"async\" class=\" wp-image-28570 aligncenter\" src=\"https:\/\/mekulo.com\/template\/wp-content\/uploads\/sites\/6\/2026\/03\/12218-ezgif.com-video-to-webp-converter-9.webp\" alt=\"\" width=\"551\" height=\"551\" \/><\/p>\n<h2 style=\"text-align: center\" data-section-id=\"u4ub2a\" data-start=\"390\" data-end=\"410\">\u2728 Huvudf\u00f6rdelar<\/h2>\n<p data-start=\"414\" data-end=\"538\">\ud83c\udf38 Realistisk, i\u00f6gonfallande sk\u00f6nhet &#8211; Utformad f\u00f6r att se ut och k\u00e4nnas som riktiga petunior &#8211; g\u00e4sterna kommer inte att m\u00e4rka skillnaden.<\/p>\n<p data-start=\"542\" data-end=\"649\">\u2600\ufe0f Fades\u00e4ker, v\u00e4derbest\u00e4ndig &#8211; UV-skyddad och vattent\u00e4t &#8211; f\u00f6rblir levande i sol, regn eller vind.<\/p>\n<p data-start=\"653\" data-end=\"750\">\ud83d\udca7 Inget underh\u00e5ll kr\u00e4vs &#8211; Ingen vattning, ingen besk\u00e4rning, ingen r\u00f6ra &#8211; bara l\u00e5ngvarig sk\u00f6nhet.<\/p>\n<p data-start=\"754\" data-end=\"849\">\ud83c\udf3f Fylligt, frodigt utseende &#8211; T\u00e4t kaskaddesign skapar en rik, elegant blomsteruppvisning.<\/p>\n<p data-start=\"853\" data-end=\"931\">\u26a1 Snabb och enkel installation &#8211; H\u00e4ng var som helst p\u00e5 n\u00e5gra sekunder &#8211; inga verktyg, inget kr\u00e5ngel.<\/p>\n<h2 style=\"text-align: center\" data-section-id=\"5yj8z6\" data-start=\"938\" data-end=\"964\">\ud83e\udde9 Problem \u2192 L\u00f6sning<\/h2>\n<p data-start=\"966\" data-end=\"1081\"><strong data-start=\"966\" data-end=\"978\">Problem:<\/strong><br data-start=\"978\" data-end=\"981\" \/>Riktiga blommor bleknar snabbt, kr\u00e4ver konstant sk\u00f6tsel och kan vara sv\u00e5ra att underh\u00e5lla &#8211; s\u00e4rskilt utomhus.<\/p>\n<p data-start=\"1083\" data-end=\"1213\"><strong data-start=\"1083\" data-end=\"1096\">L\u00f6sning:<\/strong><br data-start=\"1096\" data-end=\"1099\" \/>Dessa h\u00e4ngande sidenpetunior ger dig samma vackra utseende &#8211; utan anstr\u00e4ngning. Alltid fr\u00e4sch, alltid levande.<\/p>\n<p data-start=\"1083\" data-end=\"1213\"><img decoding=\"async\" class=\" wp-image-28571 aligncenter\" src=\"https:\/\/mekulo.com\/template\/wp-content\/uploads\/sites\/6\/2026\/03\/12217-ezgif.com-video-to-webp-converter-9.webp\" alt=\"\" width=\"551\" height=\"551\" \/><\/p>\n<h2 style=\"text-align: center\" data-section-id=\"baj5e8\" data-start=\"1220\" data-end=\"1248\">\ud83c\udf0d Anv\u00e4ndningsomr\u00e5de \/ Livsstil<\/h2>\n<p data-start=\"1250\" data-end=\"1264\">Perfekt f\u00f6r:<\/p>\n<ul data-start=\"1265\" data-end=\"1429\">\n<li data-section-id=\"1yqh74f\" data-start=\"1265\" data-end=\"1294\">\n<p data-start=\"1267\" data-end=\"1294\">Balkonger och terrasser<\/p>\n<\/li>\n<li data-section-id=\"i4h16w\" data-start=\"1295\" data-end=\"1330\">\n<p data-start=\"1297\" data-end=\"1330\">Tr\u00e4dg\u00e5rdar, verandor och uteplatser<\/p>\n<\/li>\n<li data-section-id=\"1glqcin\" data-start=\"1331\" data-end=\"1382\">\n<p data-start=\"1333\" data-end=\"1382\">Husinredning som vardagsrum eller sovrum<\/p>\n<\/li>\n<li data-section-id=\"uk913r\" data-start=\"1383\" data-end=\"1429\">\n<p data-start=\"1385\" data-end=\"1429\">Br\u00f6llop, evenemang och speciella tillf\u00e4llen<\/p>\n<\/li>\n<\/ul>\n<p data-start=\"1431\" data-end=\"1490\">Uppgradera omedelbart alla utrymmen med f\u00e4rg, liv och elegans.<\/p>\n<h2 style=\"text-align: center\" data-section-id=\"1r8t0f\" data-start=\"1497\" data-end=\"1516\">\ud83d\udee0\ufe0f Hur Man Anv\u00e4nder<\/h2>\n<ol data-start=\"1518\" data-end=\"1665\">\n<li data-section-id=\"15c2kp2\" data-start=\"1518\" data-end=\"1555\">\n<p data-start=\"1521\" data-end=\"1555\">V\u00e4lj \u00f6nskad upph\u00e4ngningsplats.<\/p>\n<\/li>\n<li data-section-id=\"1kh0peg\" data-start=\"1556\" data-end=\"1595\">\n<p data-start=\"1559\" data-end=\"1595\">F\u00e4st p\u00e5 krokar, skenor eller korgar.<\/p>\n<\/li>\n<li data-section-id=\"l531kx\" data-start=\"1596\" data-end=\"1636\">\n<p data-start=\"1599\" data-end=\"1636\">Justera arrangemanget f\u00f6r fyllighet.<\/p>\n<\/li>\n<li data-section-id=\"1grpzcm\" data-start=\"1637\" data-end=\"1665\">\n<p data-start=\"1640\" data-end=\"1665\">Njut av sk\u00f6nhet \u00e5ret runt.<\/p>\n<\/li>\n<\/ol>\n<h2 style=\"text-align: center\" data-section-id=\"1fuqdo7\" data-start=\"1710\" data-end=\"1733\">\ud83d\udce6 Produktdetaljer<\/h2>\n<ul data-start=\"1735\" data-end=\"1927\">\n<li data-section-id=\"14wqzmp\" data-start=\"1735\" data-end=\"1771\">\n<p data-start=\"1737\" data-end=\"1771\">Material: H\u00f6gkvalitativt silke + PP<\/p>\n<\/li>\n<li data-section-id=\"15rc9fs\" data-start=\"1772\" data-end=\"1797\">\n<p data-start=\"1774\" data-end=\"1797\">L\u00e4ngd: Cirka 75 cm<\/p>\n<\/li>\n<li data-section-id=\"1o55g3a\" data-start=\"1798\" data-end=\"1836\">\n<p data-start=\"1800\" data-end=\"1836\">Design: H\u00e4ngande kaskad petunior<\/p>\n<\/li>\n<li data-section-id=\"tnai9g\" data-start=\"1837\" data-end=\"1887\">\n<p data-start=\"1839\" data-end=\"1887\">Funktioner: UV-resistent, vattent\u00e4t, blekningsbest\u00e4ndig<\/p>\n<\/li>\n<li data-section-id=\"10yewwv\" data-start=\"1888\" data-end=\"1927\">\n<p data-start=\"1890\" data-end=\"1927\">Stil: Realistiskt blomsterarrangemang<\/p>\n<\/li>\n<\/ul>\n<h2 style=\"text-align: center\" data-section-id=\"13s7cfc\" data-start=\"1934\" data-end=\"1958\">\ud83d\udce5 Paketet Inneh\u00e5ller<\/h2>\n<ul data-start=\"1960\" data-end=\"1989\">\n<li data-section-id=\"ydaii9\" data-start=\"1960\" data-end=\"1989\">\n<p data-start=\"1962\" data-end=\"1989\">2x h\u00e4ngande sidenpetunior.<\/p>\n<\/li>\n<\/ul>\n","protected":false},"excerpt":{"rendered":"<p>\ud83c\udf3fAlltid i blom. Ingen anstr\u00e4ngning.<br \/>\n\ud83c\udf38F\u00f6rb\u00e4ttra din milj\u00f6 med levande, verklighetstrogen sk\u00f6nhet &#8211; utan vattning, blekning eller underh\u00e5ll.<br \/>\n\ud83c\udfe1Njut av fantastiska blommor \u00e5ret runt &#8211; fr\u00e4scha, fylliga och perfekta utan anstr\u00e4ngning.<\/p>\n","protected":false},"featured_media":26042,"comment_status":"open","ping_status":"closed","template":"","meta":{"site-sidebar-layout":"default","site-content-layout":"","ast-site-content-layout":"default","site-content-style":"default","site-sidebar-style":"default","ast-global-header-display":"","ast-banner-title-visibility":"","ast-main-header-display":"","ast-hfb-above-header-display":"","ast-hfb-below-header-display":"","ast-hfb-mobile-header-display":"","site-post-title":"","ast-breadcrumbs-content":"","ast-featured-img":"","footer-sml-layout":"","ast-disable-related-posts":"","theme-transparent-header-meta":"default","adv-header-id-meta":"","stick-header-meta":"","header-above-stick-meta":"","header-main-stick-meta":"","header-below-stick-meta":"","astra-migrate-meta-layouts":"set","ast-page-background-enabled":"default","ast-page-background-meta":{"desktop":{"background-color":"var(--ast-global-color-5)","background-image":"","background-repeat":"repeat","background-position":"center center","background-size":"auto","background-attachment":"scroll","background-type":"","background-media":"","overlay-type":"","overlay-color":"","overlay-opacity":"","overlay-gradient":""},"tablet":{"background-color":"","background-image":"","background-repeat":"repeat","background-position":"center center","background-size":"auto","background-attachment":"scroll","background-type":"","background-media":"","overlay-type":"","overlay-color":"","overlay-opacity":"","overlay-gradient":""},"mobile":{"background-color":"","background-image":"","background-repeat":"repeat","background-position":"center center","background-size":"auto","background-attachment":"scroll","background-type":"","background-media":"","overlay-type":"","overlay-color":"","overlay-opacity":"","overlay-gradient":""}},"ast-content-background-meta":{"desktop":{"background-color":"var(--ast-global-color-4)","background-image":"","background-repeat":"repeat","background-position":"center center","background-size":"auto","background-attachment":"scroll","background-type":"","background-media":"","overlay-type":"","overlay-color":"","overlay-opacity":"","overlay-gradient":""},"tablet":{"background-color":"var(--ast-global-color-4)","background-image":"","background-repeat":"repeat","background-position":"center center","background-size":"auto","background-attachment":"scroll","background-type":"","background-media":"","overlay-type":"","overlay-color":"","overlay-opacity":"","overlay-gradient":""},"mobile":{"background-color":"var(--ast-global-color-4)","background-image":"","background-repeat":"repeat","background-position":"center center","background-size":"auto","background-attachment":"scroll","background-type":"","background-media":"","overlay-type":"","overlay-color":"","overlay-opacity":"","overlay-gradient":""}}},"product_brand":[],"product_cat":[168],"product_tag":[],"class_list":{"0":"post-26046","1":"product","2":"type-product","3":"status-publish","4":"has-post-thumbnail","6":"product_cat-hushallsprodukter","7":"pa_67658_jzy3ivmu-gul","8":"pa_67658_jzy3ivmu-lila","9":"pa_67658_jzy3ivmu-lila-rosa","10":"pa_67658_jzy3ivmu-orange","11":"pa_67658_jzy3ivmu-rod","12":"pa_67658_jzy3ivmu-rosa","13":"pa_67658_jzy3ivmu-vit","14":"desktop-align-left","15":"tablet-align-left","16":"mobile-align-left","18":"first","19":"instock","20":"shipping-taxable","21":"purchasable","22":"product-type-variable"},"yoast_head":"<!-- This site is optimized with the Yoast SEO plugin v27.4 - https:\/\/yoast.com\/product\/yoast-seo-wordpress\/ -->\n<title>H\u00e4ngande petunior i siden (2 st) - Deravio SE<\/title>\n<meta name=\"robots\" content=\"index, follow, max-snippet:-1, max-image-preview:large, max-video-preview:-1\" \/>\n<link rel=\"canonical\" href=\"https:\/\/deravio.com\/se\/produkt\/hangande-petunior-i-siden-2-st\/\" \/>\n<meta property=\"og:locale\" content=\"sv_SE\" \/>\n<meta property=\"og:type\" content=\"article\" \/>\n<meta property=\"og:title\" content=\"H\u00e4ngande petunior i siden (2 st) - Deravio SE\" \/>\n<meta property=\"og:description\" content=\"\ud83c\udf3fAlltid i blom. Ingen anstr\u00e4ngning. \ud83c\udf38F\u00f6rb\u00e4ttra din milj\u00f6 med levande, verklighetstrogen sk\u00f6nhet - utan vattning, blekning eller underh\u00e5ll. \ud83c\udfe1Njut av fantastiska blommor \u00e5ret runt - fr\u00e4scha, fylliga och perfekta utan anstr\u00e4ngning.\" \/>\n<meta property=\"og:url\" content=\"https:\/\/deravio.com\/se\/produkt\/hangande-petunior-i-siden-2-st\/\" \/>\n<meta property=\"og:site_name\" content=\"Deravio SE\" \/>\n<meta property=\"article:modified_time\" content=\"2026-05-06T17:31:00+00:00\" \/>\n<meta property=\"og:image\" content=\"https:\/\/deravio.com\/se\/wp-content\/uploads\/sites\/20\/2026\/05\/l1xx4eh-1.jpg\" \/>\n\t<meta property=\"og:image:width\" content=\"960\" \/>\n\t<meta property=\"og:image:height\" content=\"960\" \/>\n\t<meta property=\"og:image:type\" content=\"image\/jpeg\" \/>\n<meta name=\"twitter:card\" content=\"summary_large_image\" \/>\n<meta name=\"twitter:label1\" content=\"Ber\u00e4knad l\u00e4stid\" \/>\n\t<meta name=\"twitter:data1\" content=\"2 minuter\" \/>\n<script type=\"application\/ld+json\" class=\"yoast-schema-graph\">{\"@context\":\"https:\\\/\\\/schema.org\",\"@graph\":[{\"@type\":\"WebPage\",\"@id\":\"https:\\\/\\\/deravio.com\\\/se\\\/produkt\\\/hangande-petunior-i-siden-2-st\\\/\",\"url\":\"https:\\\/\\\/deravio.com\\\/se\\\/produkt\\\/hangande-petunior-i-siden-2-st\\\/\",\"name\":\"H\u00e4ngande petunior i siden (2 st) - Deravio SE\",\"isPartOf\":{\"@id\":\"https:\\\/\\\/deravio.com\\\/se\\\/#website\"},\"primaryImageOfPage\":{\"@id\":\"https:\\\/\\\/deravio.com\\\/se\\\/produkt\\\/hangande-petunior-i-siden-2-st\\\/#primaryimage\"},\"image\":{\"@id\":\"https:\\\/\\\/deravio.com\\\/se\\\/produkt\\\/hangande-petunior-i-siden-2-st\\\/#primaryimage\"},\"thumbnailUrl\":\"https:\\\/\\\/deravio.com\\\/se\\\/wp-content\\\/uploads\\\/sites\\\/20\\\/2026\\\/05\\\/l1xx4eh-1.jpg\",\"datePublished\":\"2026-05-06T16:16:15+00:00\",\"dateModified\":\"2026-05-06T17:31:00+00:00\",\"breadcrumb\":{\"@id\":\"https:\\\/\\\/deravio.com\\\/se\\\/produkt\\\/hangande-petunior-i-siden-2-st\\\/#breadcrumb\"},\"inLanguage\":\"sv-SE\",\"potentialAction\":[{\"@type\":\"ReadAction\",\"target\":[\"https:\\\/\\\/deravio.com\\\/se\\\/produkt\\\/hangande-petunior-i-siden-2-st\\\/\"]}]},{\"@type\":\"ImageObject\",\"inLanguage\":\"sv-SE\",\"@id\":\"https:\\\/\\\/deravio.com\\\/se\\\/produkt\\\/hangande-petunior-i-siden-2-st\\\/#primaryimage\",\"url\":\"https:\\\/\\\/deravio.com\\\/se\\\/wp-content\\\/uploads\\\/sites\\\/20\\\/2026\\\/05\\\/l1xx4eh-1.jpg\",\"contentUrl\":\"https:\\\/\\\/deravio.com\\\/se\\\/wp-content\\\/uploads\\\/sites\\\/20\\\/2026\\\/05\\\/l1xx4eh-1.jpg\",\"width\":960,\"height\":960},{\"@type\":\"BreadcrumbList\",\"@id\":\"https:\\\/\\\/deravio.com\\\/se\\\/produkt\\\/hangande-petunior-i-siden-2-st\\\/#breadcrumb\",\"itemListElement\":[{\"@type\":\"ListItem\",\"position\":1,\"name\":\"Home\",\"item\":\"https:\\\/\\\/deravio.com\\\/se\\\/\"},{\"@type\":\"ListItem\",\"position\":2,\"name\":\"Butik\",\"item\":\"https:\\\/\\\/deravio.com\\\/se\\\/butik\\\/\"},{\"@type\":\"ListItem\",\"position\":3,\"name\":\"H\u00e4ngande petunior i siden (2 st)\"}]},{\"@type\":\"WebSite\",\"@id\":\"https:\\\/\\\/deravio.com\\\/se\\\/#website\",\"url\":\"https:\\\/\\\/deravio.com\\\/se\\\/\",\"name\":\"Deravio SE\",\"description\":\"\",\"publisher\":{\"@id\":\"https:\\\/\\\/deravio.com\\\/se\\\/#organization\"},\"potentialAction\":[{\"@type\":\"SearchAction\",\"target\":{\"@type\":\"EntryPoint\",\"urlTemplate\":\"https:\\\/\\\/deravio.com\\\/se\\\/?s={search_term_string}\"},\"query-input\":{\"@type\":\"PropertyValueSpecification\",\"valueRequired\":true,\"valueName\":\"search_term_string\"}}],\"inLanguage\":\"sv-SE\"},{\"@type\":\"Organization\",\"@id\":\"https:\\\/\\\/deravio.com\\\/se\\\/#organization\",\"name\":\"Mekulo\",\"url\":\"https:\\\/\\\/deravio.com\\\/se\\\/\",\"logo\":{\"@type\":\"ImageObject\",\"inLanguage\":\"sv-SE\",\"@id\":\"https:\\\/\\\/deravio.com\\\/se\\\/#\\\/schema\\\/logo\\\/image\\\/\",\"url\":\"https:\\\/\\\/deravio.com\\\/se\\\/wp-content\\\/uploads\\\/sites\\\/20\\\/2025\\\/12\\\/favicon_mekulo.png\",\"contentUrl\":\"https:\\\/\\\/deravio.com\\\/se\\\/wp-content\\\/uploads\\\/sites\\\/20\\\/2025\\\/12\\\/favicon_mekulo.png\",\"width\":50,\"height\":50,\"caption\":\"Mekulo\"},\"image\":{\"@id\":\"https:\\\/\\\/deravio.com\\\/se\\\/#\\\/schema\\\/logo\\\/image\\\/\"}}]}<\/script>\n<!-- \/ Yoast SEO plugin. -->","yoast_head_json":{"title":"H\u00e4ngande petunior i siden (2 st) - Deravio SE","robots":{"index":"index","follow":"follow","max-snippet":"max-snippet:-1","max-image-preview":"max-image-preview:large","max-video-preview":"max-video-preview:-1"},"canonical":"https:\/\/deravio.com\/se\/produkt\/hangande-petunior-i-siden-2-st\/","og_locale":"sv_SE","og_type":"article","og_title":"H\u00e4ngande petunior i siden (2 st) - Deravio SE","og_description":"\ud83c\udf3fAlltid i blom. Ingen anstr\u00e4ngning. \ud83c\udf38F\u00f6rb\u00e4ttra din milj\u00f6 med levande, verklighetstrogen sk\u00f6nhet - utan vattning, blekning eller underh\u00e5ll. \ud83c\udfe1Njut av fantastiska blommor \u00e5ret runt - fr\u00e4scha, fylliga och perfekta utan anstr\u00e4ngning.","og_url":"https:\/\/deravio.com\/se\/produkt\/hangande-petunior-i-siden-2-st\/","og_site_name":"Deravio SE","article_modified_time":"2026-05-06T17:31:00+00:00","og_image":[{"width":960,"height":960,"url":"https:\/\/deravio.com\/se\/wp-content\/uploads\/sites\/20\/2026\/05\/l1xx4eh-1.jpg","type":"image\/jpeg"}],"twitter_card":"summary_large_image","twitter_misc":{"Ber\u00e4knad l\u00e4stid":"2 minuter"},"schema":{"@context":"https:\/\/schema.org","@graph":[{"@type":"WebPage","@id":"https:\/\/deravio.com\/se\/produkt\/hangande-petunior-i-siden-2-st\/","url":"https:\/\/deravio.com\/se\/produkt\/hangande-petunior-i-siden-2-st\/","name":"H\u00e4ngande petunior i siden (2 st) - Deravio SE","isPartOf":{"@id":"https:\/\/deravio.com\/se\/#website"},"primaryImageOfPage":{"@id":"https:\/\/deravio.com\/se\/produkt\/hangande-petunior-i-siden-2-st\/#primaryimage"},"image":{"@id":"https:\/\/deravio.com\/se\/produkt\/hangande-petunior-i-siden-2-st\/#primaryimage"},"thumbnailUrl":"https:\/\/deravio.com\/se\/wp-content\/uploads\/sites\/20\/2026\/05\/l1xx4eh-1.jpg","datePublished":"2026-05-06T16:16:15+00:00","dateModified":"2026-05-06T17:31:00+00:00","breadcrumb":{"@id":"https:\/\/deravio.com\/se\/produkt\/hangande-petunior-i-siden-2-st\/#breadcrumb"},"inLanguage":"sv-SE","potentialAction":[{"@type":"ReadAction","target":["https:\/\/deravio.com\/se\/produkt\/hangande-petunior-i-siden-2-st\/"]}]},{"@type":"ImageObject","inLanguage":"sv-SE","@id":"https:\/\/deravio.com\/se\/produkt\/hangande-petunior-i-siden-2-st\/#primaryimage","url":"https:\/\/deravio.com\/se\/wp-content\/uploads\/sites\/20\/2026\/05\/l1xx4eh-1.jpg","contentUrl":"https:\/\/deravio.com\/se\/wp-content\/uploads\/sites\/20\/2026\/05\/l1xx4eh-1.jpg","width":960,"height":960},{"@type":"BreadcrumbList","@id":"https:\/\/deravio.com\/se\/produkt\/hangande-petunior-i-siden-2-st\/#breadcrumb","itemListElement":[{"@type":"ListItem","position":1,"name":"Home","item":"https:\/\/deravio.com\/se\/"},{"@type":"ListItem","position":2,"name":"Butik","item":"https:\/\/deravio.com\/se\/butik\/"},{"@type":"ListItem","position":3,"name":"H\u00e4ngande petunior i siden (2 st)"}]},{"@type":"WebSite","@id":"https:\/\/deravio.com\/se\/#website","url":"https:\/\/deravio.com\/se\/","name":"Deravio SE","description":"","publisher":{"@id":"https:\/\/deravio.com\/se\/#organization"},"potentialAction":[{"@type":"SearchAction","target":{"@type":"EntryPoint","urlTemplate":"https:\/\/deravio.com\/se\/?s={search_term_string}"},"query-input":{"@type":"PropertyValueSpecification","valueRequired":true,"valueName":"search_term_string"}}],"inLanguage":"sv-SE"},{"@type":"Organization","@id":"https:\/\/deravio.com\/se\/#organization","name":"Mekulo","url":"https:\/\/deravio.com\/se\/","logo":{"@type":"ImageObject","inLanguage":"sv-SE","@id":"https:\/\/deravio.com\/se\/#\/schema\/logo\/image\/","url":"https:\/\/deravio.com\/se\/wp-content\/uploads\/sites\/20\/2025\/12\/favicon_mekulo.png","contentUrl":"https:\/\/deravio.com\/se\/wp-content\/uploads\/sites\/20\/2025\/12\/favicon_mekulo.png","width":50,"height":50,"caption":"Mekulo"},"image":{"@id":"https:\/\/deravio.com\/se\/#\/schema\/logo\/image\/"}}]}},"_links":{"self":[{"href":"https:\/\/deravio.com\/se\/wp-json\/wp\/v2\/product\/26046","targetHints":{"allow":["GET"]}}],"collection":[{"href":"https:\/\/deravio.com\/se\/wp-json\/wp\/v2\/product"}],"about":[{"href":"https:\/\/deravio.com\/se\/wp-json\/wp\/v2\/types\/product"}],"replies":[{"embeddable":true,"href":"https:\/\/deravio.com\/se\/wp-json\/wp\/v2\/comments?post=26046"}],"wp:featuredmedia":[{"embeddable":true,"href":"https:\/\/deravio.com\/se\/wp-json\/wp\/v2\/media\/26042"}],"wp:attachment":[{"href":"https:\/\/deravio.com\/se\/wp-json\/wp\/v2\/media?parent=26046"}],"wp:term":[{"taxonomy":"product_brand","embeddable":true,"href":"https:\/\/deravio.com\/se\/wp-json\/wp\/v2\/product_brand?post=26046"},{"taxonomy":"product_cat","embeddable":true,"href":"https:\/\/deravio.com\/se\/wp-json\/wp\/v2\/product_cat?post=26046"},{"taxonomy":"product_tag","embeddable":true,"href":"https:\/\/deravio.com\/se\/wp-json\/wp\/v2\/product_tag?post=26046"}],"curies":[{"name":"wp","href":"https:\/\/api.w.org\/{rel}","templated":true}]}}