{"id":26009,"date":"2026-05-06T19:11:56","date_gmt":"2026-05-06T16:11:56","guid":{"rendered":"https:\/\/deravio.com\/se\/produkt\/clip-on-solglasogon\/"},"modified":"2026-05-06T20:29:12","modified_gmt":"2026-05-06T17:29:12","slug":"clip-on-solglasogon","status":"publish","type":"product","link":"https:\/\/deravio.com\/se\/produkt\/clip-on-solglasogon\/","title":{"rendered":"Clip-on solglas\u00f6gon"},"content":{"rendered":"<h2 style=\"text-align: center\" data-section-id=\"5d61m3\" data-start=\"1955\" data-end=\"1973\">\u2728 L\u00f6ftet<\/h2>\n<p style=\"text-align: center\" data-start=\"1975\" data-end=\"2031\">Klar syn.<br data-start=\"1988\" data-end=\"1991\" \/>Mindre bl\u00e4ndning.<br data-start=\"2002\" data-end=\"2005\" \/>Komfort vart du \u00e4n g\u00e5r.<\/p>\n<p data-start=\"1975\" data-end=\"2031\"><img fetchpriority=\"high\" decoding=\"async\" class=\" wp-image-28531 aligncenter\" src=\"https:\/\/mekulo.com\/template\/wp-content\/uploads\/sites\/6\/2026\/03\/53d9677542c3f341d6d0d595e12147c0268f8710.webp\" alt=\"\" width=\"501\" height=\"626\" \/><\/p>\n<h2 style=\"text-align: center\" data-section-id=\"u4ub2a\" data-start=\"386\" data-end=\"406\">\u2728 Huvudf\u00f6rdelar<\/h2>\n<p data-start=\"410\" data-end=\"506\">\ud83d\udd76\ufe0f Omedelbart solskydd &#8211; S\u00e4tt p\u00e5 dem p\u00e5 n\u00e5gra sekunder och blockera omedelbart starkt solljus.<\/p>\n<p data-start=\"510\" data-end=\"619\">\ud83c\udf1e Minska bl\u00e4ndning &amp; anstr\u00e4ngda \u00f6gon &#8211; 5-lagers linser f\u00f6rb\u00e4ttrar klarheten och g\u00f6r utomhusseende mer bekv\u00e4mt.<\/p>\n<p data-start=\"623\" data-end=\"714\">\ud83d\udc53 Inget behov av flera glas\u00f6gon &#8211; Beh\u00e5ll dina receptbelagda glas\u00f6gon &#8211; uppgradera dem bara.<\/p>\n<p data-start=\"718\" data-end=\"794\">\ud83d\udd12 S\u00e4ker, stabil passform &#8211; Sitter stadigt p\u00e5 plats under dagliga aktiviteter.<\/p>\n<p data-start=\"798\" data-end=\"872\">\ud83c\udf92 L\u00e4tt och b\u00e4rbar &#8211; L\u00e4tt att b\u00e4ra och anv\u00e4nda n\u00e4r som helst, var som helst.<\/p>\n<h2 style=\"text-align: center\" data-section-id=\"5yj8z6\" data-start=\"879\" data-end=\"905\">\ud83e\udde9 Problem \u2192 L\u00f6sning<\/h2>\n<p data-start=\"907\" data-end=\"1039\"><strong data-start=\"907\" data-end=\"919\">Problem:<\/strong><br data-start=\"919\" data-end=\"922\" \/>Att v\u00e4xla mellan vanliga glas\u00f6gon och solglas\u00f6gon \u00e4r obekv\u00e4mt \u2014 och inneb\u00e4r ofta att man kompromissar med komfort eller syn.<\/p>\n<p data-start=\"1041\" data-end=\"1173\"><strong data-start=\"1041\" data-end=\"1054\">L\u00f6sning:<\/strong><br data-start=\"1054\" data-end=\"1057\" \/>Dessa clip-on-solglas\u00f6gon f\u00f6rvandlar dina befintliga glas\u00f6gon direkt \u2014 och ger dig solskydd utan kr\u00e5ngel.<\/p>\n<p data-start=\"1041\" data-end=\"1173\"><img decoding=\"async\" class=\" wp-image-28532 aligncenter\" src=\"https:\/\/mekulo.com\/template\/wp-content\/uploads\/sites\/6\/2026\/03\/a8268cde0356da534f70fe59235b3e0acf3ea929.webp\" alt=\"\" width=\"501\" height=\"550\" \/><\/p>\n<h2 style=\"text-align: center\" data-section-id=\"baj5e8\" data-start=\"1180\" data-end=\"1208\">\ud83c\udf0d Anv\u00e4ndningsfall \/ Livsstil<\/h2>\n<p data-start=\"1210\" data-end=\"1224\">Perfekt f\u00f6r:<\/p>\n<ul data-start=\"1225\" data-end=\"1383\">\n<li data-section-id=\"m89wpk\" data-start=\"1225\" data-end=\"1258\">\n<p data-start=\"1227\" data-end=\"1258\">K\u00f6rning i starkt solljus<\/p>\n<\/li>\n<li data-section-id=\"6z6g5\" data-start=\"1259\" data-end=\"1304\">\n<p data-start=\"1261\" data-end=\"1304\">Promenader, vandring eller utomhusaktiviteter<\/p>\n<\/li>\n<li data-section-id=\"1l6s3um\" data-start=\"1305\" data-end=\"1337\">\n<p data-start=\"1307\" data-end=\"1337\">Stranddagar och semester<\/p>\n<\/li>\n<li data-section-id=\"1dk27qo\" data-start=\"1338\" data-end=\"1383\">\n<p data-start=\"1340\" data-end=\"1383\">Vardagsanv\u00e4ndning i varierande ljusf\u00f6rh\u00e5llanden<\/p>\n<\/li>\n<\/ul>\n<p data-start=\"1385\" data-end=\"1447\">Fr\u00e5n snabba \u00e4renden till l\u00e5nga utomhusdagar &#8211; du \u00e4r alltid redo.<\/p>\n<h2 style=\"text-align: center\" data-section-id=\"1r8t0f\" data-start=\"1454\" data-end=\"1473\">\ud83d\udee0\ufe0f Hur Man Anv\u00e4nder<\/h2>\n<ol data-start=\"1475\" data-end=\"1621\">\n<li data-section-id=\"2akbre\" data-start=\"1475\" data-end=\"1518\">\n<p data-start=\"1478\" data-end=\"1518\">Rikta in kl\u00e4mman med din glas\u00f6gonb\u00e5ge.<\/p>\n<\/li>\n<li data-section-id=\"3uu3fi\" data-start=\"1519\" data-end=\"1556\">\n<p data-start=\"1522\" data-end=\"1556\">S\u00e4tt f\u00f6rsiktigt fast clip-on-linserna.<\/p>\n<\/li>\n<li data-section-id=\"19l0r1v\" data-start=\"1557\" data-end=\"1585\">\n<p data-start=\"1560\" data-end=\"1585\">Justera f\u00f6r en s\u00e4ker passform.<\/p>\n<\/li>\n<li data-section-id=\"1svri0g\" data-start=\"1586\" data-end=\"1621\">\n<p data-start=\"1589\" data-end=\"1621\">Ta bort n\u00e4r som helst n\u00e4r de inte beh\u00f6vs.<\/p>\n<\/li>\n<\/ol>\n<p data-start=\"1623\" data-end=\"1651\">Enkelt, snabbt och praktiskt.<\/p>\n<h2 style=\"text-align: center\" data-section-id=\"1fuqdo7\" data-start=\"1658\" data-end=\"1681\">\ud83d\udce6 Produktdetaljer<\/h2>\n<ul data-start=\"1683\" data-end=\"1889\">\n<li data-section-id=\"1rqfk7l\" data-start=\"1683\" data-end=\"1730\">\n<p data-start=\"1685\" data-end=\"1730\">Linser: 5-lagers premiumlinser som minskar bl\u00e4ndning<\/p>\n<\/li>\n<li data-section-id=\"qjjx0j\" data-start=\"1731\" data-end=\"1761\">\n<p data-start=\"1733\" data-end=\"1761\">Design: Clip-on-f\u00e4ste<\/p>\n<\/li>\n<li data-section-id=\"1xl02x9\" data-start=\"1762\" data-end=\"1811\">\n<p data-start=\"1764\" data-end=\"1811\">Kompatibilitet: Passar de flesta receptbelagda glas\u00f6gon<\/p>\n<\/li>\n<li data-section-id=\"1b3ul5k\" data-start=\"1812\" data-end=\"1848\">\n<p data-start=\"1814\" data-end=\"1848\">Funktion: L\u00e4ttvikt, s\u00e4ker passform<\/p>\n<\/li>\n<li data-section-id=\"l0yjw2\" data-start=\"1849\" data-end=\"1889\">\n<p data-start=\"1851\" data-end=\"1889\">Anv\u00e4ndning: Solskydd, bl\u00e4ndningsreducering<\/p>\n<\/li>\n<li data-section-id=\"l0yjw2\" data-start=\"1849\" data-end=\"1889\">\n<p data-start=\"1851\" data-end=\"1889\"><span dir=\"auto\"><span dir=\"auto\">Linsens material:<\/span><\/span><span dir=\"auto\"><span dir=\"auto\"> \u00a0TAC (Triacetatcellulosa)<\/span><\/span><\/p>\n<\/li>\n<li data-section-id=\"l0yjw2\" data-start=\"1849\" data-end=\"1889\">\n<p data-start=\"1851\" data-end=\"1889\"><span dir=\"auto\"><span dir=\"auto\">Stommaterial:<\/span><\/span><span dir=\"auto\"><span dir=\"auto\"> \u00a0PC (Polykarbonat)<\/span><\/span><\/p>\n<\/li>\n<li>Storlek: 61 x 152 mm<\/li>\n<\/ul>\n<h2 style=\"text-align: center\" data-section-id=\"13s7cfc\" data-start=\"1896\" data-end=\"1920\">\ud83d\udce5 F\u00f6rpackningen Inneh\u00e5ller<\/h2>\n<ul data-start=\"1922\" data-end=\"1948\">\n<li data-section-id=\"ffwmsg\" data-start=\"1922\" data-end=\"1948\">\n<p data-start=\"1924\" data-end=\"1948\">1x clip-on solglas\u00f6gon.<\/p>\n<\/li>\n<\/ul>\n","protected":false},"excerpt":{"rendered":"<p>\ud83d\ude0eF\u00f6rvandla dina glas\u00f6gon till solglas\u00f6gon &#8211; direkt.<br \/>\n\ud83d\udd76\ufe0fKlar syn, minskad bl\u00e4ndning och komfort hela dagen &#8211; utan att byta b\u00e5gar.<br \/>\n\ud83c\udf1eSe b\u00e4ttre, r\u00f6r dig fritt och njut av naturen &#8211; utan kompromisser.<\/p>\n","protected":false},"featured_media":26005,"comment_status":"open","ping_status":"closed","template":"","meta":{"site-sidebar-layout":"default","site-content-layout":"","ast-site-content-layout":"default","site-content-style":"default","site-sidebar-style":"default","ast-global-header-display":"","ast-banner-title-visibility":"","ast-main-header-display":"","ast-hfb-above-header-display":"","ast-hfb-below-header-display":"","ast-hfb-mobile-header-display":"","site-post-title":"","ast-breadcrumbs-content":"","ast-featured-img":"","footer-sml-layout":"","ast-disable-related-posts":"","theme-transparent-header-meta":"default","adv-header-id-meta":"","stick-header-meta":"","header-above-stick-meta":"","header-main-stick-meta":"","header-below-stick-meta":"","astra-migrate-meta-layouts":"set","ast-page-background-enabled":"default","ast-page-background-meta":{"desktop":{"background-color":"var(--ast-global-color-5)","background-image":"","background-repeat":"repeat","background-position":"center center","background-size":"auto","background-attachment":"scroll","background-type":"","background-media":"","overlay-type":"","overlay-color":"","overlay-opacity":"","overlay-gradient":""},"tablet":{"background-color":"","background-image":"","background-repeat":"repeat","background-position":"center center","background-size":"auto","background-attachment":"scroll","background-type":"","background-media":"","overlay-type":"","overlay-color":"","overlay-opacity":"","overlay-gradient":""},"mobile":{"background-color":"","background-image":"","background-repeat":"repeat","background-position":"center center","background-size":"auto","background-attachment":"scroll","background-type":"","background-media":"","overlay-type":"","overlay-color":"","overlay-opacity":"","overlay-gradient":""}},"ast-content-background-meta":{"desktop":{"background-color":"var(--ast-global-color-4)","background-image":"","background-repeat":"repeat","background-position":"center center","background-size":"auto","background-attachment":"scroll","background-type":"","background-media":"","overlay-type":"","overlay-color":"","overlay-opacity":"","overlay-gradient":""},"tablet":{"background-color":"var(--ast-global-color-4)","background-image":"","background-repeat":"repeat","background-position":"center center","background-size":"auto","background-attachment":"scroll","background-type":"","background-media":"","overlay-type":"","overlay-color":"","overlay-opacity":"","overlay-gradient":""},"mobile":{"background-color":"var(--ast-global-color-4)","background-image":"","background-repeat":"repeat","background-position":"center center","background-size":"auto","background-attachment":"scroll","background-type":"","background-media":"","overlay-type":"","overlay-color":"","overlay-opacity":"","overlay-gradient":""}}},"product_brand":[],"product_cat":[165],"product_tag":[],"class_list":{"0":"post-26009","1":"product","2":"type-product","3":"status-publish","4":"has-post-thumbnail","6":"product_cat-skor-accessoarer","7":"pa_67636_3pbq4sk5-beige","8":"pa_67636_3pbq4sk5-gra","9":"pa_67636_3pbq4sk5-gron","10":"pa_67636_3pbq4sk5-matt-svart","11":"pa_67636_3pbq4sk5-nattseende","12":"pa_67636_3pbq4sk5-orange","13":"pa_67636_3pbq4sk5-svart","14":"desktop-align-left","15":"tablet-align-left","16":"mobile-align-left","18":"first","19":"instock","20":"shipping-taxable","21":"purchasable","22":"product-type-variable"},"yoast_head":"<!-- This site is optimized with the Yoast SEO plugin v27.4 - https:\/\/yoast.com\/product\/yoast-seo-wordpress\/ -->\n<title>Clip-on solglas\u00f6gon - Deravio SE<\/title>\n<meta name=\"robots\" content=\"index, follow, max-snippet:-1, max-image-preview:large, max-video-preview:-1\" \/>\n<link rel=\"canonical\" href=\"https:\/\/deravio.com\/se\/produkt\/clip-on-solglasogon\/\" \/>\n<meta property=\"og:locale\" content=\"sv_SE\" \/>\n<meta property=\"og:type\" content=\"article\" \/>\n<meta property=\"og:title\" content=\"Clip-on solglas\u00f6gon - Deravio SE\" \/>\n<meta property=\"og:description\" content=\"\ud83d\ude0eF\u00f6rvandla dina glas\u00f6gon till solglas\u00f6gon - direkt. \ud83d\udd76\ufe0fKlar syn, minskad bl\u00e4ndning och komfort hela dagen - utan att byta b\u00e5gar. \ud83c\udf1eSe b\u00e4ttre, r\u00f6r dig fritt och njut av naturen - utan kompromisser.\" \/>\n<meta property=\"og:url\" content=\"https:\/\/deravio.com\/se\/produkt\/clip-on-solglasogon\/\" \/>\n<meta property=\"og:site_name\" content=\"Deravio SE\" \/>\n<meta property=\"article:modified_time\" content=\"2026-05-06T17:29:12+00:00\" \/>\n<meta property=\"og:image\" content=\"https:\/\/deravio.com\/se\/wp-content\/uploads\/sites\/20\/2026\/05\/omyuwu5-1.jpg\" \/>\n\t<meta property=\"og:image:width\" content=\"600\" \/>\n\t<meta property=\"og:image:height\" content=\"600\" \/>\n\t<meta property=\"og:image:type\" content=\"image\/jpeg\" \/>\n<meta name=\"twitter:card\" content=\"summary_large_image\" \/>\n<meta name=\"twitter:label1\" content=\"Ber\u00e4knad l\u00e4stid\" \/>\n\t<meta name=\"twitter:data1\" content=\"2 minuter\" \/>\n<script type=\"application\/ld+json\" class=\"yoast-schema-graph\">{\"@context\":\"https:\\\/\\\/schema.org\",\"@graph\":[{\"@type\":\"WebPage\",\"@id\":\"https:\\\/\\\/deravio.com\\\/se\\\/produkt\\\/clip-on-solglasogon\\\/\",\"url\":\"https:\\\/\\\/deravio.com\\\/se\\\/produkt\\\/clip-on-solglasogon\\\/\",\"name\":\"Clip-on solglas\u00f6gon - Deravio SE\",\"isPartOf\":{\"@id\":\"https:\\\/\\\/deravio.com\\\/se\\\/#website\"},\"primaryImageOfPage\":{\"@id\":\"https:\\\/\\\/deravio.com\\\/se\\\/produkt\\\/clip-on-solglasogon\\\/#primaryimage\"},\"image\":{\"@id\":\"https:\\\/\\\/deravio.com\\\/se\\\/produkt\\\/clip-on-solglasogon\\\/#primaryimage\"},\"thumbnailUrl\":\"https:\\\/\\\/deravio.com\\\/se\\\/wp-content\\\/uploads\\\/sites\\\/20\\\/2026\\\/05\\\/omyuwu5-1.jpg\",\"datePublished\":\"2026-05-06T16:11:56+00:00\",\"dateModified\":\"2026-05-06T17:29:12+00:00\",\"breadcrumb\":{\"@id\":\"https:\\\/\\\/deravio.com\\\/se\\\/produkt\\\/clip-on-solglasogon\\\/#breadcrumb\"},\"inLanguage\":\"sv-SE\",\"potentialAction\":[{\"@type\":\"ReadAction\",\"target\":[\"https:\\\/\\\/deravio.com\\\/se\\\/produkt\\\/clip-on-solglasogon\\\/\"]}]},{\"@type\":\"ImageObject\",\"inLanguage\":\"sv-SE\",\"@id\":\"https:\\\/\\\/deravio.com\\\/se\\\/produkt\\\/clip-on-solglasogon\\\/#primaryimage\",\"url\":\"https:\\\/\\\/deravio.com\\\/se\\\/wp-content\\\/uploads\\\/sites\\\/20\\\/2026\\\/05\\\/omyuwu5-1.jpg\",\"contentUrl\":\"https:\\\/\\\/deravio.com\\\/se\\\/wp-content\\\/uploads\\\/sites\\\/20\\\/2026\\\/05\\\/omyuwu5-1.jpg\",\"width\":600,\"height\":600},{\"@type\":\"BreadcrumbList\",\"@id\":\"https:\\\/\\\/deravio.com\\\/se\\\/produkt\\\/clip-on-solglasogon\\\/#breadcrumb\",\"itemListElement\":[{\"@type\":\"ListItem\",\"position\":1,\"name\":\"Home\",\"item\":\"https:\\\/\\\/deravio.com\\\/se\\\/\"},{\"@type\":\"ListItem\",\"position\":2,\"name\":\"Butik\",\"item\":\"https:\\\/\\\/deravio.com\\\/se\\\/butik\\\/\"},{\"@type\":\"ListItem\",\"position\":3,\"name\":\"Clip-on solglas\u00f6gon\"}]},{\"@type\":\"WebSite\",\"@id\":\"https:\\\/\\\/deravio.com\\\/se\\\/#website\",\"url\":\"https:\\\/\\\/deravio.com\\\/se\\\/\",\"name\":\"Deravio SE\",\"description\":\"\",\"publisher\":{\"@id\":\"https:\\\/\\\/deravio.com\\\/se\\\/#organization\"},\"potentialAction\":[{\"@type\":\"SearchAction\",\"target\":{\"@type\":\"EntryPoint\",\"urlTemplate\":\"https:\\\/\\\/deravio.com\\\/se\\\/?s={search_term_string}\"},\"query-input\":{\"@type\":\"PropertyValueSpecification\",\"valueRequired\":true,\"valueName\":\"search_term_string\"}}],\"inLanguage\":\"sv-SE\"},{\"@type\":\"Organization\",\"@id\":\"https:\\\/\\\/deravio.com\\\/se\\\/#organization\",\"name\":\"Mekulo\",\"url\":\"https:\\\/\\\/deravio.com\\\/se\\\/\",\"logo\":{\"@type\":\"ImageObject\",\"inLanguage\":\"sv-SE\",\"@id\":\"https:\\\/\\\/deravio.com\\\/se\\\/#\\\/schema\\\/logo\\\/image\\\/\",\"url\":\"https:\\\/\\\/deravio.com\\\/se\\\/wp-content\\\/uploads\\\/sites\\\/20\\\/2025\\\/12\\\/favicon_mekulo.png\",\"contentUrl\":\"https:\\\/\\\/deravio.com\\\/se\\\/wp-content\\\/uploads\\\/sites\\\/20\\\/2025\\\/12\\\/favicon_mekulo.png\",\"width\":50,\"height\":50,\"caption\":\"Mekulo\"},\"image\":{\"@id\":\"https:\\\/\\\/deravio.com\\\/se\\\/#\\\/schema\\\/logo\\\/image\\\/\"}}]}<\/script>\n<!-- \/ Yoast SEO plugin. -->","yoast_head_json":{"title":"Clip-on solglas\u00f6gon - Deravio SE","robots":{"index":"index","follow":"follow","max-snippet":"max-snippet:-1","max-image-preview":"max-image-preview:large","max-video-preview":"max-video-preview:-1"},"canonical":"https:\/\/deravio.com\/se\/produkt\/clip-on-solglasogon\/","og_locale":"sv_SE","og_type":"article","og_title":"Clip-on solglas\u00f6gon - Deravio SE","og_description":"\ud83d\ude0eF\u00f6rvandla dina glas\u00f6gon till solglas\u00f6gon - direkt. \ud83d\udd76\ufe0fKlar syn, minskad bl\u00e4ndning och komfort hela dagen - utan att byta b\u00e5gar. \ud83c\udf1eSe b\u00e4ttre, r\u00f6r dig fritt och njut av naturen - utan kompromisser.","og_url":"https:\/\/deravio.com\/se\/produkt\/clip-on-solglasogon\/","og_site_name":"Deravio SE","article_modified_time":"2026-05-06T17:29:12+00:00","og_image":[{"width":600,"height":600,"url":"https:\/\/deravio.com\/se\/wp-content\/uploads\/sites\/20\/2026\/05\/omyuwu5-1.jpg","type":"image\/jpeg"}],"twitter_card":"summary_large_image","twitter_misc":{"Ber\u00e4knad l\u00e4stid":"2 minuter"},"schema":{"@context":"https:\/\/schema.org","@graph":[{"@type":"WebPage","@id":"https:\/\/deravio.com\/se\/produkt\/clip-on-solglasogon\/","url":"https:\/\/deravio.com\/se\/produkt\/clip-on-solglasogon\/","name":"Clip-on solglas\u00f6gon - Deravio SE","isPartOf":{"@id":"https:\/\/deravio.com\/se\/#website"},"primaryImageOfPage":{"@id":"https:\/\/deravio.com\/se\/produkt\/clip-on-solglasogon\/#primaryimage"},"image":{"@id":"https:\/\/deravio.com\/se\/produkt\/clip-on-solglasogon\/#primaryimage"},"thumbnailUrl":"https:\/\/deravio.com\/se\/wp-content\/uploads\/sites\/20\/2026\/05\/omyuwu5-1.jpg","datePublished":"2026-05-06T16:11:56+00:00","dateModified":"2026-05-06T17:29:12+00:00","breadcrumb":{"@id":"https:\/\/deravio.com\/se\/produkt\/clip-on-solglasogon\/#breadcrumb"},"inLanguage":"sv-SE","potentialAction":[{"@type":"ReadAction","target":["https:\/\/deravio.com\/se\/produkt\/clip-on-solglasogon\/"]}]},{"@type":"ImageObject","inLanguage":"sv-SE","@id":"https:\/\/deravio.com\/se\/produkt\/clip-on-solglasogon\/#primaryimage","url":"https:\/\/deravio.com\/se\/wp-content\/uploads\/sites\/20\/2026\/05\/omyuwu5-1.jpg","contentUrl":"https:\/\/deravio.com\/se\/wp-content\/uploads\/sites\/20\/2026\/05\/omyuwu5-1.jpg","width":600,"height":600},{"@type":"BreadcrumbList","@id":"https:\/\/deravio.com\/se\/produkt\/clip-on-solglasogon\/#breadcrumb","itemListElement":[{"@type":"ListItem","position":1,"name":"Home","item":"https:\/\/deravio.com\/se\/"},{"@type":"ListItem","position":2,"name":"Butik","item":"https:\/\/deravio.com\/se\/butik\/"},{"@type":"ListItem","position":3,"name":"Clip-on solglas\u00f6gon"}]},{"@type":"WebSite","@id":"https:\/\/deravio.com\/se\/#website","url":"https:\/\/deravio.com\/se\/","name":"Deravio SE","description":"","publisher":{"@id":"https:\/\/deravio.com\/se\/#organization"},"potentialAction":[{"@type":"SearchAction","target":{"@type":"EntryPoint","urlTemplate":"https:\/\/deravio.com\/se\/?s={search_term_string}"},"query-input":{"@type":"PropertyValueSpecification","valueRequired":true,"valueName":"search_term_string"}}],"inLanguage":"sv-SE"},{"@type":"Organization","@id":"https:\/\/deravio.com\/se\/#organization","name":"Mekulo","url":"https:\/\/deravio.com\/se\/","logo":{"@type":"ImageObject","inLanguage":"sv-SE","@id":"https:\/\/deravio.com\/se\/#\/schema\/logo\/image\/","url":"https:\/\/deravio.com\/se\/wp-content\/uploads\/sites\/20\/2025\/12\/favicon_mekulo.png","contentUrl":"https:\/\/deravio.com\/se\/wp-content\/uploads\/sites\/20\/2025\/12\/favicon_mekulo.png","width":50,"height":50,"caption":"Mekulo"},"image":{"@id":"https:\/\/deravio.com\/se\/#\/schema\/logo\/image\/"}}]}},"_links":{"self":[{"href":"https:\/\/deravio.com\/se\/wp-json\/wp\/v2\/product\/26009","targetHints":{"allow":["GET"]}}],"collection":[{"href":"https:\/\/deravio.com\/se\/wp-json\/wp\/v2\/product"}],"about":[{"href":"https:\/\/deravio.com\/se\/wp-json\/wp\/v2\/types\/product"}],"replies":[{"embeddable":true,"href":"https:\/\/deravio.com\/se\/wp-json\/wp\/v2\/comments?post=26009"}],"wp:featuredmedia":[{"embeddable":true,"href":"https:\/\/deravio.com\/se\/wp-json\/wp\/v2\/media\/26005"}],"wp:attachment":[{"href":"https:\/\/deravio.com\/se\/wp-json\/wp\/v2\/media?parent=26009"}],"wp:term":[{"taxonomy":"product_brand","embeddable":true,"href":"https:\/\/deravio.com\/se\/wp-json\/wp\/v2\/product_brand?post=26009"},{"taxonomy":"product_cat","embeddable":true,"href":"https:\/\/deravio.com\/se\/wp-json\/wp\/v2\/product_cat?post=26009"},{"taxonomy":"product_tag","embeddable":true,"href":"https:\/\/deravio.com\/se\/wp-json\/wp\/v2\/product_tag?post=26009"}],"curies":[{"name":"wp","href":"https:\/\/api.w.org\/{rel}","templated":true}]}}