{"id":25975,"date":"2026-05-06T19:07:54","date_gmt":"2026-05-06T16:07:54","guid":{"rendered":"https:\/\/deravio.com\/se\/produkt\/forlangningsaxel-for-vinkelslip\/"},"modified":"2026-05-06T20:26:45","modified_gmt":"2026-05-06T17:26:45","slug":"forlangningsaxel-for-vinkelslip","status":"publish","type":"product","link":"https:\/\/deravio.com\/se\/produkt\/forlangningsaxel-for-vinkelslip\/","title":{"rendered":"F\u00f6rl\u00e4ngningsaxel f\u00f6r vinkelslip"},"content":{"rendered":"<h2 style=\"text-align: center\" data-section-id=\"5d61m3\" data-start=\"2225\" data-end=\"2243\">\u2728 L\u00f6ftet<\/h2>\n<p style=\"text-align: center\" data-start=\"2245\" data-end=\"2313\">Mer r\u00e4ckvidd.<br data-start=\"2256\" data-end=\"2259\" \/>B\u00e4ttre precision.<br data-start=\"2276\" data-end=\"2279\" \/>Professionella resultat varje g\u00e5ng.<\/p>\n<p data-start=\"2245\" data-end=\"2313\"><img fetchpriority=\"high\" decoding=\"async\" class=\" wp-image-28502 aligncenter\" src=\"https:\/\/mekulo.com\/template\/wp-content\/uploads\/sites\/6\/2026\/03\/12213-ezgif.com-video-to-webp-converter-9.webp\" alt=\"\" width=\"550\" height=\"550\" \/><\/p>\n<h2 style=\"text-align: center\" data-section-id=\"u4ub2a\" data-start=\"446\" data-end=\"466\">\u2728 Huvudf\u00f6rdelar<\/h2>\n<p data-start=\"470\" data-end=\"575\">\ud83d\udd27 Kom \u00e5t tr\u00e5nga, sv\u00e5r\u00e5tkomliga omr\u00e5den &#8211; Arbeta enkelt inuti h\u00f6rn, smala luckor och komplexa former.<\/p>\n<p data-start=\"579\" data-end=\"685\">\u26a1 \u00d6ka effektiviteten direkt &#8211; Sluta k\u00e4mpa med vinklar &#8211; f\u00e5 jobbet gjort snabbare och renare.<\/p>\n<p data-start=\"689\" data-end=\"807\">\ud83d\udee1\ufe0f Robust, p\u00e5litlig konstruktion &#8211; H\u00f6gh\u00e5llfast st\u00e5lkonstruktion klarar tryck utan att b\u00f6jas eller lossna.<\/p>\n<p data-start=\"811\" data-end=\"910\">\ud83d\udd04 Bred verktygskompatibilitet &#8211; Fungerar smidigt med polerhuvuden, slipskivor med mera.<\/p>\n<p data-start=\"914\" data-end=\"1008\">\ud83c\udfaf Precision och kontroll &#8211; Stabila g\u00e4ngor ger smidig och s\u00e4ker anv\u00e4ndning varje g\u00e5ng.<\/p>\n<h2 style=\"text-align: center\" data-section-id=\"5yj8z6\" data-start=\"1015\" data-end=\"1041\">\ud83e\udde9 Problem \u2192 L\u00f6sning<\/h2>\n<p data-start=\"1043\" data-end=\"1176\"><strong data-start=\"1043\" data-end=\"1055\">Problem:<\/strong><br data-start=\"1055\" data-end=\"1058\" \/>Vinkelslipar av standardtyp n\u00e5r inte tr\u00e5nga utrymmen, vilket tvingar dig att kompromissa med kvaliteten eller l\u00e4gga extra tid p\u00e5 justeringar.<\/p>\n<p data-start=\"1178\" data-end=\"1347\"><strong data-start=\"1178\" data-end=\"1191\">L\u00f6sning:<\/strong><br data-start=\"1191\" data-end=\"1194\" \/>Detta f\u00f6rl\u00e4ngningsskaft f\u00f6r vinkelslip \u00f6kar r\u00e4ckvidden och precisionen &#8211; s\u00e5 att du kan avsluta varje jobb ordentligt, \u00e4ven p\u00e5 de sv\u00e5raste st\u00e4llena.<\/p>\n<p data-start=\"1178\" data-end=\"1347\"><img decoding=\"async\" class=\" wp-image-28501 aligncenter\" src=\"https:\/\/mekulo.com\/template\/wp-content\/uploads\/sites\/6\/2026\/03\/12214-ezgif.com-video-to-webp-converter-10.webp\" alt=\"\" width=\"551\" height=\"551\" \/><\/p>\n<h2 style=\"text-align: center\" data-section-id=\"baj5e8\" data-start=\"1354\" data-end=\"1382\">\ud83c\udf0d Anv\u00e4ndningsomr\u00e5de \/ Livsstil<\/h2>\n<p data-start=\"1384\" data-end=\"1398\">Perfekt f\u00f6r:<\/p>\n<ul data-start=\"1399\" data-end=\"1563\">\n<li data-section-id=\"1ikwvae\" data-start=\"1399\" data-end=\"1432\">\n<p data-start=\"1401\" data-end=\"1432\">Metallbearbetning och polering<\/p>\n<\/li>\n<li data-section-id=\"1xum5l4\" data-start=\"1433\" data-end=\"1468\">\n<p data-start=\"1435\" data-end=\"1468\">Snickeri och g\u00f6r-det-sj\u00e4lv-projekt<\/p>\n<\/li>\n<li data-section-id=\"fz5sup\" data-start=\"1469\" data-end=\"1519\">\n<p data-start=\"1471\" data-end=\"1519\">F\u00f6rb\u00e4ttring av fordon (tr\u00e5nga utrymmen, st\u00f6tf\u00e5ngare)<\/p>\n<\/li>\n<li data-section-id=\"l9f1hx\" data-start=\"1520\" data-end=\"1563\">\n<p data-start=\"1522\" data-end=\"1563\">Professionella verkst\u00e4der och hemmagarage<\/p>\n<\/li>\n<\/ul>\n<p data-start=\"1565\" data-end=\"1624\">Fr\u00e5n snabba l\u00f6sningar till detaljerad efterbehandling &#8211; den klarar allt.<\/p>\n<h2 style=\"text-align: center\" data-section-id=\"1r8t0f\" data-start=\"1631\" data-end=\"1650\">\ud83d\udee0\ufe0f Anv\u00e4ndning<\/h2>\n<ol data-start=\"1652\" data-end=\"1858\">\n<li data-section-id=\"1qrf0r7\" data-start=\"1652\" data-end=\"1705\">\n<p data-start=\"1655\" data-end=\"1705\">F\u00e4st f\u00f6rl\u00e4ngningsaxeln p\u00e5 din vinkelslip.<\/p>\n<\/li>\n<li data-section-id=\"1jvr5n9\" data-start=\"1706\" data-end=\"1750\">\n<p data-start=\"1709\" data-end=\"1750\">F\u00e4st den med den g\u00e4ngade anslutningen.<\/p>\n<\/li>\n<li data-section-id=\"v7e9xi\" data-start=\"1751\" data-end=\"1806\">\n<p data-start=\"1754\" data-end=\"1806\">Montera \u00f6nskat tillbeh\u00f6r f\u00f6r slipning eller polering.<\/p>\n<\/li>\n<li data-section-id=\"16gf0pu\" data-start=\"1807\" data-end=\"1858\">\n<p data-start=\"1810\" data-end=\"1858\">B\u00f6rja arbeta i tr\u00e5nga eller djupa omr\u00e5den med l\u00e4tthet.<\/p>\n<\/li>\n<\/ol>\n<h2 style=\"text-align: center\" data-section-id=\"1fuqdo7\" data-start=\"1899\" data-end=\"1922\">\ud83d\udce6 Produktdetaljer<\/h2>\n<ul data-start=\"1924\" data-end=\"2136\">\n<li data-section-id=\"12rms0u\" data-start=\"1924\" data-end=\"1960\">\n<p data-start=\"1926\" data-end=\"1960\">Material: H\u00f6gkvalitativt 45# st\u00e5l<\/p>\n<\/li>\n<li data-section-id=\"1jcgdhi\" data-start=\"1961\" data-end=\"1978\">\n<p data-start=\"1963\" data-end=\"1978\">L\u00e4ngd: 80 mm<\/p>\n<\/li>\n<li data-section-id=\"1bbwkka\" data-start=\"1979\" data-end=\"2002\">\n<p data-start=\"1981\" data-end=\"2002\">Vikt: Cirka 50 g<\/p>\n<\/li>\n<li data-section-id=\"1utq5jk\" data-start=\"2003\" data-end=\"2048\">\n<p data-start=\"2005\" data-end=\"2048\">Kompatibilitet: Vinkelslipar (modell 100)<\/p>\n<\/li>\n<li data-section-id=\"1w2rdhr\" data-start=\"2049\" data-end=\"2096\">\n<p data-start=\"2051\" data-end=\"2096\">Design: Precisionsg\u00e4nga, stabil anslutning<\/p>\n<\/li>\n<li data-section-id=\"1tol5jr\" data-start=\"2097\" data-end=\"2136\">\n<p data-start=\"2099\" data-end=\"2136\">Anv\u00e4ndning: Slipning, polering, detaljbearbetning<\/p>\n<\/li>\n<\/ul>\n<h2 style=\"text-align: center\" data-section-id=\"13s7cfc\" data-start=\"2143\" data-end=\"2167\">\ud83d\udce5 Paketet inneh\u00e5ller<\/h2>\n<ul data-start=\"2169\" data-end=\"2218\">\n<li data-section-id=\"10q5vsy\" data-start=\"2169\" data-end=\"2218\">\n<p data-start=\"2171\" data-end=\"2218\">1, 2, 3, 4x f\u00f6rl\u00e4ngningsaxel f\u00f6r vinkelslip\/s.<\/p>\n<\/li>\n<\/ul>\n","protected":false},"excerpt":{"rendered":"<p><span style=\"font-size: 16px;font-style: normal;font-weight: 400\">\ud83d\udcd0<\/span>N\u00e5 djupare. Arbeta smartare. Renare finish.<br \/>\n\ud83d\udc68\u200d\ud83d\udd27F\u00e5 tillg\u00e5ng till tr\u00e5nga utrymmen och sv\u00e5r\u00e5tkomliga omr\u00e5den \u2014 utan att kompromissa med precision eller kraft.<br \/>\n\ud83d\udd27En enkel uppgradering som ut\u00f6kar vad din vinkelslip kan g\u00f6ra \u2014 snabbare, enklare och mer effektivt.<\/p>\n","protected":false},"featured_media":25971,"comment_status":"open","ping_status":"closed","template":"","meta":{"site-sidebar-layout":"default","site-content-layout":"","ast-site-content-layout":"default","site-content-style":"default","site-sidebar-style":"default","ast-global-header-display":"","ast-banner-title-visibility":"","ast-main-header-display":"","ast-hfb-above-header-display":"","ast-hfb-below-header-display":"","ast-hfb-mobile-header-display":"","site-post-title":"","ast-breadcrumbs-content":"","ast-featured-img":"","footer-sml-layout":"","ast-disable-related-posts":"","theme-transparent-header-meta":"default","adv-header-id-meta":"","stick-header-meta":"","header-above-stick-meta":"","header-main-stick-meta":"","header-below-stick-meta":"","astra-migrate-meta-layouts":"set","ast-page-background-enabled":"default","ast-page-background-meta":{"desktop":{"background-color":"var(--ast-global-color-5)","background-image":"","background-repeat":"repeat","background-position":"center center","background-size":"auto","background-attachment":"scroll","background-type":"","background-media":"","overlay-type":"","overlay-color":"","overlay-opacity":"","overlay-gradient":""},"tablet":{"background-color":"","background-image":"","background-repeat":"repeat","background-position":"center center","background-size":"auto","background-attachment":"scroll","background-type":"","background-media":"","overlay-type":"","overlay-color":"","overlay-opacity":"","overlay-gradient":""},"mobile":{"background-color":"","background-image":"","background-repeat":"repeat","background-position":"center center","background-size":"auto","background-attachment":"scroll","background-type":"","background-media":"","overlay-type":"","overlay-color":"","overlay-opacity":"","overlay-gradient":""}},"ast-content-background-meta":{"desktop":{"background-color":"var(--ast-global-color-4)","background-image":"","background-repeat":"repeat","background-position":"center center","background-size":"auto","background-attachment":"scroll","background-type":"","background-media":"","overlay-type":"","overlay-color":"","overlay-opacity":"","overlay-gradient":""},"tablet":{"background-color":"var(--ast-global-color-4)","background-image":"","background-repeat":"repeat","background-position":"center center","background-size":"auto","background-attachment":"scroll","background-type":"","background-media":"","overlay-type":"","overlay-color":"","overlay-opacity":"","overlay-gradient":""},"mobile":{"background-color":"var(--ast-global-color-4)","background-image":"","background-repeat":"repeat","background-position":"center center","background-size":"auto","background-attachment":"scroll","background-type":"","background-media":"","overlay-type":"","overlay-color":"","overlay-opacity":"","overlay-gradient":""}}},"product_brand":[],"product_cat":[171],"product_tag":[],"class_list":{"0":"post-25975","1":"product","2":"type-product","3":"status-publish","4":"has-post-thumbnail","6":"product_cat-verktyg","7":"pa_67590_x2jafkth-1-st","8":"pa_67590_x2jafkth-2-st","9":"pa_67590_x2jafkth-3-st","10":"pa_67590_x2jafkth-4-st","11":"desktop-align-left","12":"tablet-align-left","13":"mobile-align-left","15":"first","16":"instock","17":"shipping-taxable","18":"purchasable","19":"product-type-variable"},"yoast_head":"<!-- This site is optimized with the Yoast SEO plugin v27.4 - https:\/\/yoast.com\/product\/yoast-seo-wordpress\/ -->\n<title>F\u00f6rl\u00e4ngningsaxel f\u00f6r vinkelslip - Deravio SE<\/title>\n<meta name=\"robots\" content=\"index, follow, max-snippet:-1, max-image-preview:large, max-video-preview:-1\" \/>\n<link rel=\"canonical\" href=\"https:\/\/deravio.com\/se\/produkt\/forlangningsaxel-for-vinkelslip\/\" \/>\n<meta property=\"og:locale\" content=\"sv_SE\" \/>\n<meta property=\"og:type\" content=\"article\" \/>\n<meta property=\"og:title\" content=\"F\u00f6rl\u00e4ngningsaxel f\u00f6r vinkelslip - Deravio SE\" \/>\n<meta property=\"og:description\" content=\"\ud83d\udcd0N\u00e5 djupare. Arbeta smartare. Renare finish. \ud83d\udc68\u200d\ud83d\udd27F\u00e5 tillg\u00e5ng till tr\u00e5nga utrymmen och sv\u00e5r\u00e5tkomliga omr\u00e5den \u2014 utan att kompromissa med precision eller kraft. \ud83d\udd27En enkel uppgradering som ut\u00f6kar vad din vinkelslip kan g\u00f6ra \u2014 snabbare, enklare och mer effektivt.\" \/>\n<meta property=\"og:url\" content=\"https:\/\/deravio.com\/se\/produkt\/forlangningsaxel-for-vinkelslip\/\" \/>\n<meta property=\"og:site_name\" content=\"Deravio SE\" \/>\n<meta property=\"article:modified_time\" content=\"2026-05-06T17:26:45+00:00\" \/>\n<meta property=\"og:image\" content=\"https:\/\/deravio.com\/se\/wp-content\/uploads\/sites\/20\/2026\/05\/gzpzxyt-1.jpg\" \/>\n\t<meta property=\"og:image:width\" content=\"960\" \/>\n\t<meta property=\"og:image:height\" content=\"960\" \/>\n\t<meta property=\"og:image:type\" content=\"image\/jpeg\" \/>\n<meta name=\"twitter:card\" content=\"summary_large_image\" \/>\n<meta name=\"twitter:label1\" content=\"Ber\u00e4knad l\u00e4stid\" \/>\n\t<meta name=\"twitter:data1\" content=\"2 minuter\" \/>\n<script type=\"application\/ld+json\" class=\"yoast-schema-graph\">{\"@context\":\"https:\\\/\\\/schema.org\",\"@graph\":[{\"@type\":\"WebPage\",\"@id\":\"https:\\\/\\\/deravio.com\\\/se\\\/produkt\\\/forlangningsaxel-for-vinkelslip\\\/\",\"url\":\"https:\\\/\\\/deravio.com\\\/se\\\/produkt\\\/forlangningsaxel-for-vinkelslip\\\/\",\"name\":\"F\u00f6rl\u00e4ngningsaxel f\u00f6r vinkelslip - Deravio SE\",\"isPartOf\":{\"@id\":\"https:\\\/\\\/deravio.com\\\/se\\\/#website\"},\"primaryImageOfPage\":{\"@id\":\"https:\\\/\\\/deravio.com\\\/se\\\/produkt\\\/forlangningsaxel-for-vinkelslip\\\/#primaryimage\"},\"image\":{\"@id\":\"https:\\\/\\\/deravio.com\\\/se\\\/produkt\\\/forlangningsaxel-for-vinkelslip\\\/#primaryimage\"},\"thumbnailUrl\":\"https:\\\/\\\/deravio.com\\\/se\\\/wp-content\\\/uploads\\\/sites\\\/20\\\/2026\\\/05\\\/gzpzxyt-1.jpg\",\"datePublished\":\"2026-05-06T16:07:54+00:00\",\"dateModified\":\"2026-05-06T17:26:45+00:00\",\"breadcrumb\":{\"@id\":\"https:\\\/\\\/deravio.com\\\/se\\\/produkt\\\/forlangningsaxel-for-vinkelslip\\\/#breadcrumb\"},\"inLanguage\":\"sv-SE\",\"potentialAction\":[{\"@type\":\"ReadAction\",\"target\":[\"https:\\\/\\\/deravio.com\\\/se\\\/produkt\\\/forlangningsaxel-for-vinkelslip\\\/\"]}]},{\"@type\":\"ImageObject\",\"inLanguage\":\"sv-SE\",\"@id\":\"https:\\\/\\\/deravio.com\\\/se\\\/produkt\\\/forlangningsaxel-for-vinkelslip\\\/#primaryimage\",\"url\":\"https:\\\/\\\/deravio.com\\\/se\\\/wp-content\\\/uploads\\\/sites\\\/20\\\/2026\\\/05\\\/gzpzxyt-1.jpg\",\"contentUrl\":\"https:\\\/\\\/deravio.com\\\/se\\\/wp-content\\\/uploads\\\/sites\\\/20\\\/2026\\\/05\\\/gzpzxyt-1.jpg\",\"width\":960,\"height\":960},{\"@type\":\"BreadcrumbList\",\"@id\":\"https:\\\/\\\/deravio.com\\\/se\\\/produkt\\\/forlangningsaxel-for-vinkelslip\\\/#breadcrumb\",\"itemListElement\":[{\"@type\":\"ListItem\",\"position\":1,\"name\":\"Home\",\"item\":\"https:\\\/\\\/deravio.com\\\/se\\\/\"},{\"@type\":\"ListItem\",\"position\":2,\"name\":\"Butik\",\"item\":\"https:\\\/\\\/deravio.com\\\/se\\\/butik\\\/\"},{\"@type\":\"ListItem\",\"position\":3,\"name\":\"F\u00f6rl\u00e4ngningsaxel f\u00f6r vinkelslip\"}]},{\"@type\":\"WebSite\",\"@id\":\"https:\\\/\\\/deravio.com\\\/se\\\/#website\",\"url\":\"https:\\\/\\\/deravio.com\\\/se\\\/\",\"name\":\"Deravio SE\",\"description\":\"\",\"publisher\":{\"@id\":\"https:\\\/\\\/deravio.com\\\/se\\\/#organization\"},\"potentialAction\":[{\"@type\":\"SearchAction\",\"target\":{\"@type\":\"EntryPoint\",\"urlTemplate\":\"https:\\\/\\\/deravio.com\\\/se\\\/?s={search_term_string}\"},\"query-input\":{\"@type\":\"PropertyValueSpecification\",\"valueRequired\":true,\"valueName\":\"search_term_string\"}}],\"inLanguage\":\"sv-SE\"},{\"@type\":\"Organization\",\"@id\":\"https:\\\/\\\/deravio.com\\\/se\\\/#organization\",\"name\":\"Mekulo\",\"url\":\"https:\\\/\\\/deravio.com\\\/se\\\/\",\"logo\":{\"@type\":\"ImageObject\",\"inLanguage\":\"sv-SE\",\"@id\":\"https:\\\/\\\/deravio.com\\\/se\\\/#\\\/schema\\\/logo\\\/image\\\/\",\"url\":\"https:\\\/\\\/deravio.com\\\/se\\\/wp-content\\\/uploads\\\/sites\\\/20\\\/2025\\\/12\\\/favicon_mekulo.png\",\"contentUrl\":\"https:\\\/\\\/deravio.com\\\/se\\\/wp-content\\\/uploads\\\/sites\\\/20\\\/2025\\\/12\\\/favicon_mekulo.png\",\"width\":50,\"height\":50,\"caption\":\"Mekulo\"},\"image\":{\"@id\":\"https:\\\/\\\/deravio.com\\\/se\\\/#\\\/schema\\\/logo\\\/image\\\/\"}}]}<\/script>\n<!-- \/ Yoast SEO plugin. -->","yoast_head_json":{"title":"F\u00f6rl\u00e4ngningsaxel f\u00f6r vinkelslip - Deravio SE","robots":{"index":"index","follow":"follow","max-snippet":"max-snippet:-1","max-image-preview":"max-image-preview:large","max-video-preview":"max-video-preview:-1"},"canonical":"https:\/\/deravio.com\/se\/produkt\/forlangningsaxel-for-vinkelslip\/","og_locale":"sv_SE","og_type":"article","og_title":"F\u00f6rl\u00e4ngningsaxel f\u00f6r vinkelslip - Deravio SE","og_description":"\ud83d\udcd0N\u00e5 djupare. Arbeta smartare. Renare finish. \ud83d\udc68\u200d\ud83d\udd27F\u00e5 tillg\u00e5ng till tr\u00e5nga utrymmen och sv\u00e5r\u00e5tkomliga omr\u00e5den \u2014 utan att kompromissa med precision eller kraft. \ud83d\udd27En enkel uppgradering som ut\u00f6kar vad din vinkelslip kan g\u00f6ra \u2014 snabbare, enklare och mer effektivt.","og_url":"https:\/\/deravio.com\/se\/produkt\/forlangningsaxel-for-vinkelslip\/","og_site_name":"Deravio SE","article_modified_time":"2026-05-06T17:26:45+00:00","og_image":[{"width":960,"height":960,"url":"https:\/\/deravio.com\/se\/wp-content\/uploads\/sites\/20\/2026\/05\/gzpzxyt-1.jpg","type":"image\/jpeg"}],"twitter_card":"summary_large_image","twitter_misc":{"Ber\u00e4knad l\u00e4stid":"2 minuter"},"schema":{"@context":"https:\/\/schema.org","@graph":[{"@type":"WebPage","@id":"https:\/\/deravio.com\/se\/produkt\/forlangningsaxel-for-vinkelslip\/","url":"https:\/\/deravio.com\/se\/produkt\/forlangningsaxel-for-vinkelslip\/","name":"F\u00f6rl\u00e4ngningsaxel f\u00f6r vinkelslip - Deravio SE","isPartOf":{"@id":"https:\/\/deravio.com\/se\/#website"},"primaryImageOfPage":{"@id":"https:\/\/deravio.com\/se\/produkt\/forlangningsaxel-for-vinkelslip\/#primaryimage"},"image":{"@id":"https:\/\/deravio.com\/se\/produkt\/forlangningsaxel-for-vinkelslip\/#primaryimage"},"thumbnailUrl":"https:\/\/deravio.com\/se\/wp-content\/uploads\/sites\/20\/2026\/05\/gzpzxyt-1.jpg","datePublished":"2026-05-06T16:07:54+00:00","dateModified":"2026-05-06T17:26:45+00:00","breadcrumb":{"@id":"https:\/\/deravio.com\/se\/produkt\/forlangningsaxel-for-vinkelslip\/#breadcrumb"},"inLanguage":"sv-SE","potentialAction":[{"@type":"ReadAction","target":["https:\/\/deravio.com\/se\/produkt\/forlangningsaxel-for-vinkelslip\/"]}]},{"@type":"ImageObject","inLanguage":"sv-SE","@id":"https:\/\/deravio.com\/se\/produkt\/forlangningsaxel-for-vinkelslip\/#primaryimage","url":"https:\/\/deravio.com\/se\/wp-content\/uploads\/sites\/20\/2026\/05\/gzpzxyt-1.jpg","contentUrl":"https:\/\/deravio.com\/se\/wp-content\/uploads\/sites\/20\/2026\/05\/gzpzxyt-1.jpg","width":960,"height":960},{"@type":"BreadcrumbList","@id":"https:\/\/deravio.com\/se\/produkt\/forlangningsaxel-for-vinkelslip\/#breadcrumb","itemListElement":[{"@type":"ListItem","position":1,"name":"Home","item":"https:\/\/deravio.com\/se\/"},{"@type":"ListItem","position":2,"name":"Butik","item":"https:\/\/deravio.com\/se\/butik\/"},{"@type":"ListItem","position":3,"name":"F\u00f6rl\u00e4ngningsaxel f\u00f6r vinkelslip"}]},{"@type":"WebSite","@id":"https:\/\/deravio.com\/se\/#website","url":"https:\/\/deravio.com\/se\/","name":"Deravio SE","description":"","publisher":{"@id":"https:\/\/deravio.com\/se\/#organization"},"potentialAction":[{"@type":"SearchAction","target":{"@type":"EntryPoint","urlTemplate":"https:\/\/deravio.com\/se\/?s={search_term_string}"},"query-input":{"@type":"PropertyValueSpecification","valueRequired":true,"valueName":"search_term_string"}}],"inLanguage":"sv-SE"},{"@type":"Organization","@id":"https:\/\/deravio.com\/se\/#organization","name":"Mekulo","url":"https:\/\/deravio.com\/se\/","logo":{"@type":"ImageObject","inLanguage":"sv-SE","@id":"https:\/\/deravio.com\/se\/#\/schema\/logo\/image\/","url":"https:\/\/deravio.com\/se\/wp-content\/uploads\/sites\/20\/2025\/12\/favicon_mekulo.png","contentUrl":"https:\/\/deravio.com\/se\/wp-content\/uploads\/sites\/20\/2025\/12\/favicon_mekulo.png","width":50,"height":50,"caption":"Mekulo"},"image":{"@id":"https:\/\/deravio.com\/se\/#\/schema\/logo\/image\/"}}]}},"_links":{"self":[{"href":"https:\/\/deravio.com\/se\/wp-json\/wp\/v2\/product\/25975","targetHints":{"allow":["GET"]}}],"collection":[{"href":"https:\/\/deravio.com\/se\/wp-json\/wp\/v2\/product"}],"about":[{"href":"https:\/\/deravio.com\/se\/wp-json\/wp\/v2\/types\/product"}],"replies":[{"embeddable":true,"href":"https:\/\/deravio.com\/se\/wp-json\/wp\/v2\/comments?post=25975"}],"wp:featuredmedia":[{"embeddable":true,"href":"https:\/\/deravio.com\/se\/wp-json\/wp\/v2\/media\/25971"}],"wp:attachment":[{"href":"https:\/\/deravio.com\/se\/wp-json\/wp\/v2\/media?parent=25975"}],"wp:term":[{"taxonomy":"product_brand","embeddable":true,"href":"https:\/\/deravio.com\/se\/wp-json\/wp\/v2\/product_brand?post=25975"},{"taxonomy":"product_cat","embeddable":true,"href":"https:\/\/deravio.com\/se\/wp-json\/wp\/v2\/product_cat?post=25975"},{"taxonomy":"product_tag","embeddable":true,"href":"https:\/\/deravio.com\/se\/wp-json\/wp\/v2\/product_tag?post=25975"}],"curies":[{"name":"wp","href":"https:\/\/api.w.org\/{rel}","templated":true}]}}