{"id":25962,"date":"2026-05-06T19:06:15","date_gmt":"2026-05-06T16:06:15","guid":{"rendered":"https:\/\/deravio.com\/se\/produkt\/verktyg-for-ograsrensning-i-tradgarden\/"},"modified":"2026-05-06T20:25:43","modified_gmt":"2026-05-06T17:25:43","slug":"verktyg-for-ograsrensning-i-tradgarden","status":"publish","type":"product","link":"https:\/\/deravio.com\/se\/produkt\/verktyg-for-ograsrensning-i-tradgarden\/","title":{"rendered":"Verktyg f\u00f6r ogr\u00e4srensning i tr\u00e4dg\u00e5rden"},"content":{"rendered":"<h2 style=\"text-align: center\" data-section-id=\"5d61m3\" data-start=\"2121\" data-end=\"2139\">\u2728 L\u00f6ftet<\/h2>\n<p style=\"text-align: center\" data-start=\"2141\" data-end=\"2195\">Renare tr\u00e4dg\u00e5rdar.<br data-start=\"2157\" data-end=\"2160\" \/>Mindre anstr\u00e4ngning.<br data-start=\"2172\" data-end=\"2175\" \/>Resultat som h\u00e5ller.<\/p>\n<p data-start=\"2141\" data-end=\"2195\"><img fetchpriority=\"high\" decoding=\"async\" class=\" wp-image-28499 aligncenter\" src=\"https:\/\/mekulo.com\/template\/wp-content\/uploads\/sites\/6\/2026\/03\/12211-ezgif.com-video-to-webp-converter-10.webp\" alt=\"\" width=\"500\" height=\"667\" \/><\/p>\n<h2 style=\"text-align: center\" data-section-id=\"u4ub2a\" data-start=\"434\" data-end=\"454\">\u2728 Huvudf\u00f6rdelar<\/h2>\n<p data-start=\"458\" data-end=\"578\">\ud83c\udf31 Ta bort ogr\u00e4s fr\u00e5n roten &#8211; 4 vassa metallt\u00e4nder gr\u00e4ver djupt och drar ut ogr\u00e4set helt och h\u00e5llet &#8211; inte bara p\u00e5 ytan.<\/p>\n<p data-start=\"582\" data-end=\"687\">\u26a1 Spara tid och anstr\u00e4ngning &#8211; Inget mer k\u00e4mpande eller upprepat dragande &#8211; f\u00e5 det gjort i en smidig r\u00f6relse.<\/p>\n<p data-start=\"691\" data-end=\"798\">\ud83d\udee1\ufe0f Stark, h\u00e5llbar konstruktion &#8211; Tillverkad av h\u00e5llbart SK5-st\u00e5l f\u00f6r att hantera tuff jord och envisa ogr\u00e4s.<\/p>\n<p data-start=\"802\" data-end=\"893\">\u270b Bekv\u00e4m, enkel att anv\u00e4nda &#8211; L\u00e4ttviktsdesign med ett fast grepp f\u00f6r exakt kontroll.<\/p>\n<p data-start=\"897\" data-end=\"1010\">\ud83d\udd27 Mer \u00e4n bara ogr\u00e4srensning &#8211; \u00c4ven perfekt f\u00f6r att lossa jord, gr\u00e4va sm\u00e5 h\u00e5l och reng\u00f6ra tr\u00e4dg\u00e5rdsb\u00e4ddar.<\/p>\n<h2 style=\"text-align: center\" data-section-id=\"5yj8z6\" data-start=\"1017\" data-end=\"1043\">\ud83e\udde9 Problem \u2192 L\u00f6sning<\/h2>\n<p data-start=\"1045\" data-end=\"1159\"><strong data-start=\"1045\" data-end=\"1057\">Problem:<\/strong><br data-start=\"1057\" data-end=\"1060\" \/>Ogr\u00e4s kommer tillbaka. Att dra upp dem f\u00f6r hand \u00e4r tr\u00f6ttande, ineffektivt och l\u00e4mnar ofta r\u00f6tter efter sig.<\/p>\n<p data-start=\"1161\" data-end=\"1301\"><strong data-start=\"1161\" data-end=\"1174\">L\u00f6sning:<\/strong><br data-start=\"1174\" data-end=\"1177\" \/>Det h\u00e4r ogr\u00e4srensningsverktyget tar bort ogr\u00e4set vid roten &#8211; s\u00e5 att det inte v\u00e4xer tillbaka lika snabbt, vilket sparar tid och frustration.<\/p>\n<p data-start=\"1161\" data-end=\"1301\"><img decoding=\"async\" class=\" wp-image-28498 aligncenter\" src=\"https:\/\/mekulo.com\/template\/wp-content\/uploads\/sites\/6\/2026\/03\/12212-ezgif.com-video-to-webp-converter-10.webp\" alt=\"\" width=\"502\" height=\"670\" \/><\/p>\n<h2 style=\"text-align: center\" data-section-id=\"baj5e8\" data-start=\"1308\" data-end=\"1336\">\ud83c\udf0d Anv\u00e4ndningsomr\u00e5de \/ Livsstil<\/h2>\n<p data-start=\"1338\" data-end=\"1352\">Perfekt f\u00f6r:<\/p>\n<ul data-start=\"1353\" data-end=\"1519\">\n<li data-section-id=\"lhsvn9\" data-start=\"1353\" data-end=\"1388\">\n<p data-start=\"1355\" data-end=\"1388\">Hemmatr\u00e4dg\u00e5rdar och rabatter<\/p>\n<\/li>\n<li data-section-id=\"1fjcnp3\" data-start=\"1389\" data-end=\"1426\">\n<p data-start=\"1391\" data-end=\"1426\">Tomter och sm\u00e5 utomhusutrymmen<\/p>\n<\/li>\n<li data-section-id=\"1466dl8\" data-start=\"1427\" data-end=\"1472\">\n<p data-start=\"1429\" data-end=\"1472\">Smala h\u00f6rn d\u00e4r stora verktyg inte kommer \u00e5t<\/p>\n<\/li>\n<li data-section-id=\"1twuchf\" data-start=\"1473\" data-end=\"1519\">\n<p data-start=\"1475\" data-end=\"1519\">Alla som vill ha en ren och v\u00e4lsk\u00f6tt tr\u00e4dg\u00e5rd<\/p>\n<\/li>\n<\/ul>\n<p data-start=\"1521\" data-end=\"1589\">G\u00f6r tr\u00e4dg\u00e5rdsarbetet till n\u00e5got enkelt, effektivt och till och med roligt.<\/p>\n<h2 style=\"text-align: center\" data-section-id=\"1r8t0f\" data-start=\"1596\" data-end=\"1615\">\ud83d\udee0\ufe0f Hur man anv\u00e4nder<\/h2>\n<ol data-start=\"1617\" data-end=\"1790\">\n<li data-section-id=\"1bolqjy\" data-start=\"1617\" data-end=\"1667\">\n<p data-start=\"1620\" data-end=\"1667\">Placera verktyget runt ogr\u00e4sets bas.<\/p>\n<\/li>\n<li data-section-id=\"18rcnvu\" data-start=\"1668\" data-end=\"1701\">\n<p data-start=\"1671\" data-end=\"1701\">Tryck in t\u00e4nderna i jorden.<\/p>\n<\/li>\n<li data-section-id=\"otqq54\" data-start=\"1702\" data-end=\"1747\">\n<p data-start=\"1705\" data-end=\"1747\">Kroka och dra ut ogr\u00e4set fr\u00e5n roten.<\/p>\n<\/li>\n<li data-section-id=\"16onyc\" data-start=\"1748\" data-end=\"1790\">\n<p data-start=\"1751\" data-end=\"1790\">Upprepa f\u00f6r en ren, ogr\u00e4sfri yta.<\/p>\n<\/li>\n<\/ol>\n<p data-start=\"1792\" data-end=\"1823\">Snabbt, exakt och tillfredsst\u00e4llande.<\/p>\n<h2 style=\"text-align: center\" data-section-id=\"1fuqdo7\" data-start=\"1830\" data-end=\"1853\">\ud83d\udce6 Produktdetaljer<\/h2>\n<ul data-start=\"1855\" data-end=\"2054\">\n<li data-section-id=\"hg8k7t\" data-start=\"1855\" data-end=\"1892\">\n<p data-start=\"1857\" data-end=\"1892\">Material: SK5 h\u00f6gh\u00e5llfast st\u00e5l<\/p>\n<\/li>\n<li data-section-id=\"18czvoc\" data-start=\"1893\" data-end=\"1930\">\n<p data-start=\"1895\" data-end=\"1930\">Design: 4-tandat rotborttagningshuvud<\/p>\n<\/li>\n<li data-section-id=\"7xkwn6\" data-start=\"1963\" data-end=\"2004\">\n<p data-start=\"1965\" data-end=\"2004\">Anv\u00e4ndning: Ogr\u00e4srensning, jordlossning, gr\u00e4vning<\/p>\n<\/li>\n<li data-section-id=\"c12s9b\" data-start=\"2005\" data-end=\"2054\">\n<p data-start=\"2007\" data-end=\"2054\">Byggnad: Slitstark, rostbest\u00e4ndig, redo f\u00f6r utomhusbruk<\/p>\n<\/li>\n<li data-section-id=\"c12s9b\" data-start=\"2005\" data-end=\"2054\">Storlekar: S (33 x 4 x 8 cm), L (50 x 4 x 8 cm)<\/li>\n<\/ul>\n<h2 style=\"text-align: center\" data-section-id=\"13s7cfc\" data-start=\"2061\" data-end=\"2085\">\ud83d\udce5 I paketet ing\u00e5r<\/h2>\n<ul data-start=\"2087\" data-end=\"2114\">\n<li data-section-id=\"1o1pof2\" data-start=\"2087\" data-end=\"2114\">\n<p data-start=\"2089\" data-end=\"2114\">1x ogr\u00e4srensningsverktyg f\u00f6r tr\u00e4dg\u00e5rden.<\/p>\n<\/li>\n<\/ul>\n","protected":false},"excerpt":{"rendered":"<p>\ud83c\udfe1Dra upp ogr\u00e4s fr\u00e5n roten &#8211; snabbt, rent, enkelt.<br \/>\n\ud83d\udc68\u200d\ud83c\udf3eEtt enkelt verktyg som sparar tid, skyddar din tr\u00e4dg\u00e5rd och g\u00f6r ogr\u00e4srensningen f\u00f6rv\u00e5nansv\u00e4rt tillfredsst\u00e4llande.<br \/>\n\ud83c\udf31Mindre anstr\u00e4ngning, b\u00e4ttre resultat &#8211; ta bort ogr\u00e4set helt och h\u00e5llet och se till att din tr\u00e4dg\u00e5rd ser ut som b\u00e4st.<\/p>\n","protected":false},"featured_media":25958,"comment_status":"open","ping_status":"closed","template":"","meta":{"site-sidebar-layout":"default","site-content-layout":"","ast-site-content-layout":"default","site-content-style":"default","site-sidebar-style":"default","ast-global-header-display":"","ast-banner-title-visibility":"","ast-main-header-display":"","ast-hfb-above-header-display":"","ast-hfb-below-header-display":"","ast-hfb-mobile-header-display":"","site-post-title":"","ast-breadcrumbs-content":"","ast-featured-img":"","footer-sml-layout":"","ast-disable-related-posts":"","theme-transparent-header-meta":"default","adv-header-id-meta":"","stick-header-meta":"","header-above-stick-meta":"","header-main-stick-meta":"","header-below-stick-meta":"","astra-migrate-meta-layouts":"set","ast-page-background-enabled":"default","ast-page-background-meta":{"desktop":{"background-color":"var(--ast-global-color-5)","background-image":"","background-repeat":"repeat","background-position":"center center","background-size":"auto","background-attachment":"scroll","background-type":"","background-media":"","overlay-type":"","overlay-color":"","overlay-opacity":"","overlay-gradient":""},"tablet":{"background-color":"","background-image":"","background-repeat":"repeat","background-position":"center center","background-size":"auto","background-attachment":"scroll","background-type":"","background-media":"","overlay-type":"","overlay-color":"","overlay-opacity":"","overlay-gradient":""},"mobile":{"background-color":"","background-image":"","background-repeat":"repeat","background-position":"center center","background-size":"auto","background-attachment":"scroll","background-type":"","background-media":"","overlay-type":"","overlay-color":"","overlay-opacity":"","overlay-gradient":""}},"ast-content-background-meta":{"desktop":{"background-color":"var(--ast-global-color-4)","background-image":"","background-repeat":"repeat","background-position":"center center","background-size":"auto","background-attachment":"scroll","background-type":"","background-media":"","overlay-type":"","overlay-color":"","overlay-opacity":"","overlay-gradient":""},"tablet":{"background-color":"var(--ast-global-color-4)","background-image":"","background-repeat":"repeat","background-position":"center center","background-size":"auto","background-attachment":"scroll","background-type":"","background-media":"","overlay-type":"","overlay-color":"","overlay-opacity":"","overlay-gradient":""},"mobile":{"background-color":"var(--ast-global-color-4)","background-image":"","background-repeat":"repeat","background-position":"center center","background-size":"auto","background-attachment":"scroll","background-type":"","background-media":"","overlay-type":"","overlay-color":"","overlay-opacity":"","overlay-gradient":""}}},"product_brand":[],"product_cat":[168,171],"product_tag":[],"class_list":{"0":"post-25962","1":"product","2":"type-product","3":"status-publish","4":"has-post-thumbnail","6":"product_cat-hushallsprodukter","7":"product_cat-verktyg","8":"pa_67580_emmb38fc-l","9":"pa_67580_emmb38fc-s","10":"desktop-align-left","11":"tablet-align-left","12":"mobile-align-left","14":"first","15":"instock","16":"shipping-taxable","17":"purchasable","18":"product-type-variable"},"yoast_head":"<!-- This site is optimized with the Yoast SEO plugin v27.4 - https:\/\/yoast.com\/product\/yoast-seo-wordpress\/ -->\n<title>Verktyg f\u00f6r ogr\u00e4srensning i tr\u00e4dg\u00e5rden - Deravio SE<\/title>\n<meta name=\"robots\" content=\"index, follow, max-snippet:-1, max-image-preview:large, max-video-preview:-1\" \/>\n<link rel=\"canonical\" href=\"https:\/\/deravio.com\/se\/produkt\/verktyg-for-ograsrensning-i-tradgarden\/\" \/>\n<meta property=\"og:locale\" content=\"sv_SE\" \/>\n<meta property=\"og:type\" content=\"article\" \/>\n<meta property=\"og:title\" content=\"Verktyg f\u00f6r ogr\u00e4srensning i tr\u00e4dg\u00e5rden - Deravio SE\" \/>\n<meta property=\"og:description\" content=\"\ud83c\udfe1Dra upp ogr\u00e4s fr\u00e5n roten - snabbt, rent, enkelt. \ud83d\udc68\u200d\ud83c\udf3eEtt enkelt verktyg som sparar tid, skyddar din tr\u00e4dg\u00e5rd och g\u00f6r ogr\u00e4srensningen f\u00f6rv\u00e5nansv\u00e4rt tillfredsst\u00e4llande. \ud83c\udf31Mindre anstr\u00e4ngning, b\u00e4ttre resultat - ta bort ogr\u00e4set helt och h\u00e5llet och se till att din tr\u00e4dg\u00e5rd ser ut som b\u00e4st.\" \/>\n<meta property=\"og:url\" content=\"https:\/\/deravio.com\/se\/produkt\/verktyg-for-ograsrensning-i-tradgarden\/\" \/>\n<meta property=\"og:site_name\" content=\"Deravio SE\" \/>\n<meta property=\"article:modified_time\" content=\"2026-05-06T17:25:43+00:00\" \/>\n<meta property=\"og:image\" content=\"https:\/\/deravio.com\/se\/wp-content\/uploads\/sites\/20\/2026\/05\/csmucvv-1.jpeg\" \/>\n\t<meta property=\"og:image:width\" content=\"800\" \/>\n\t<meta property=\"og:image:height\" content=\"800\" \/>\n\t<meta property=\"og:image:type\" content=\"image\/jpeg\" \/>\n<meta name=\"twitter:card\" content=\"summary_large_image\" \/>\n<meta name=\"twitter:label1\" content=\"Ber\u00e4knad l\u00e4stid\" \/>\n\t<meta name=\"twitter:data1\" content=\"2 minuter\" \/>\n<script type=\"application\/ld+json\" class=\"yoast-schema-graph\">{\"@context\":\"https:\\\/\\\/schema.org\",\"@graph\":[{\"@type\":\"WebPage\",\"@id\":\"https:\\\/\\\/deravio.com\\\/se\\\/produkt\\\/verktyg-for-ograsrensning-i-tradgarden\\\/\",\"url\":\"https:\\\/\\\/deravio.com\\\/se\\\/produkt\\\/verktyg-for-ograsrensning-i-tradgarden\\\/\",\"name\":\"Verktyg f\u00f6r ogr\u00e4srensning i tr\u00e4dg\u00e5rden - Deravio SE\",\"isPartOf\":{\"@id\":\"https:\\\/\\\/deravio.com\\\/se\\\/#website\"},\"primaryImageOfPage\":{\"@id\":\"https:\\\/\\\/deravio.com\\\/se\\\/produkt\\\/verktyg-for-ograsrensning-i-tradgarden\\\/#primaryimage\"},\"image\":{\"@id\":\"https:\\\/\\\/deravio.com\\\/se\\\/produkt\\\/verktyg-for-ograsrensning-i-tradgarden\\\/#primaryimage\"},\"thumbnailUrl\":\"https:\\\/\\\/deravio.com\\\/se\\\/wp-content\\\/uploads\\\/sites\\\/20\\\/2026\\\/05\\\/csmucvv-1.jpeg\",\"datePublished\":\"2026-05-06T16:06:15+00:00\",\"dateModified\":\"2026-05-06T17:25:43+00:00\",\"breadcrumb\":{\"@id\":\"https:\\\/\\\/deravio.com\\\/se\\\/produkt\\\/verktyg-for-ograsrensning-i-tradgarden\\\/#breadcrumb\"},\"inLanguage\":\"sv-SE\",\"potentialAction\":[{\"@type\":\"ReadAction\",\"target\":[\"https:\\\/\\\/deravio.com\\\/se\\\/produkt\\\/verktyg-for-ograsrensning-i-tradgarden\\\/\"]}]},{\"@type\":\"ImageObject\",\"inLanguage\":\"sv-SE\",\"@id\":\"https:\\\/\\\/deravio.com\\\/se\\\/produkt\\\/verktyg-for-ograsrensning-i-tradgarden\\\/#primaryimage\",\"url\":\"https:\\\/\\\/deravio.com\\\/se\\\/wp-content\\\/uploads\\\/sites\\\/20\\\/2026\\\/05\\\/csmucvv-1.jpeg\",\"contentUrl\":\"https:\\\/\\\/deravio.com\\\/se\\\/wp-content\\\/uploads\\\/sites\\\/20\\\/2026\\\/05\\\/csmucvv-1.jpeg\",\"width\":800,\"height\":800},{\"@type\":\"BreadcrumbList\",\"@id\":\"https:\\\/\\\/deravio.com\\\/se\\\/produkt\\\/verktyg-for-ograsrensning-i-tradgarden\\\/#breadcrumb\",\"itemListElement\":[{\"@type\":\"ListItem\",\"position\":1,\"name\":\"Home\",\"item\":\"https:\\\/\\\/deravio.com\\\/se\\\/\"},{\"@type\":\"ListItem\",\"position\":2,\"name\":\"Butik\",\"item\":\"https:\\\/\\\/deravio.com\\\/se\\\/butik\\\/\"},{\"@type\":\"ListItem\",\"position\":3,\"name\":\"Verktyg f\u00f6r ogr\u00e4srensning i tr\u00e4dg\u00e5rden\"}]},{\"@type\":\"WebSite\",\"@id\":\"https:\\\/\\\/deravio.com\\\/se\\\/#website\",\"url\":\"https:\\\/\\\/deravio.com\\\/se\\\/\",\"name\":\"Deravio SE\",\"description\":\"\",\"publisher\":{\"@id\":\"https:\\\/\\\/deravio.com\\\/se\\\/#organization\"},\"potentialAction\":[{\"@type\":\"SearchAction\",\"target\":{\"@type\":\"EntryPoint\",\"urlTemplate\":\"https:\\\/\\\/deravio.com\\\/se\\\/?s={search_term_string}\"},\"query-input\":{\"@type\":\"PropertyValueSpecification\",\"valueRequired\":true,\"valueName\":\"search_term_string\"}}],\"inLanguage\":\"sv-SE\"},{\"@type\":\"Organization\",\"@id\":\"https:\\\/\\\/deravio.com\\\/se\\\/#organization\",\"name\":\"Mekulo\",\"url\":\"https:\\\/\\\/deravio.com\\\/se\\\/\",\"logo\":{\"@type\":\"ImageObject\",\"inLanguage\":\"sv-SE\",\"@id\":\"https:\\\/\\\/deravio.com\\\/se\\\/#\\\/schema\\\/logo\\\/image\\\/\",\"url\":\"https:\\\/\\\/deravio.com\\\/se\\\/wp-content\\\/uploads\\\/sites\\\/20\\\/2025\\\/12\\\/favicon_mekulo.png\",\"contentUrl\":\"https:\\\/\\\/deravio.com\\\/se\\\/wp-content\\\/uploads\\\/sites\\\/20\\\/2025\\\/12\\\/favicon_mekulo.png\",\"width\":50,\"height\":50,\"caption\":\"Mekulo\"},\"image\":{\"@id\":\"https:\\\/\\\/deravio.com\\\/se\\\/#\\\/schema\\\/logo\\\/image\\\/\"}}]}<\/script>\n<!-- \/ Yoast SEO plugin. -->","yoast_head_json":{"title":"Verktyg f\u00f6r ogr\u00e4srensning i tr\u00e4dg\u00e5rden - Deravio SE","robots":{"index":"index","follow":"follow","max-snippet":"max-snippet:-1","max-image-preview":"max-image-preview:large","max-video-preview":"max-video-preview:-1"},"canonical":"https:\/\/deravio.com\/se\/produkt\/verktyg-for-ograsrensning-i-tradgarden\/","og_locale":"sv_SE","og_type":"article","og_title":"Verktyg f\u00f6r ogr\u00e4srensning i tr\u00e4dg\u00e5rden - Deravio SE","og_description":"\ud83c\udfe1Dra upp ogr\u00e4s fr\u00e5n roten - snabbt, rent, enkelt. \ud83d\udc68\u200d\ud83c\udf3eEtt enkelt verktyg som sparar tid, skyddar din tr\u00e4dg\u00e5rd och g\u00f6r ogr\u00e4srensningen f\u00f6rv\u00e5nansv\u00e4rt tillfredsst\u00e4llande. \ud83c\udf31Mindre anstr\u00e4ngning, b\u00e4ttre resultat - ta bort ogr\u00e4set helt och h\u00e5llet och se till att din tr\u00e4dg\u00e5rd ser ut som b\u00e4st.","og_url":"https:\/\/deravio.com\/se\/produkt\/verktyg-for-ograsrensning-i-tradgarden\/","og_site_name":"Deravio SE","article_modified_time":"2026-05-06T17:25:43+00:00","og_image":[{"width":800,"height":800,"url":"https:\/\/deravio.com\/se\/wp-content\/uploads\/sites\/20\/2026\/05\/csmucvv-1.jpeg","type":"image\/jpeg"}],"twitter_card":"summary_large_image","twitter_misc":{"Ber\u00e4knad l\u00e4stid":"2 minuter"},"schema":{"@context":"https:\/\/schema.org","@graph":[{"@type":"WebPage","@id":"https:\/\/deravio.com\/se\/produkt\/verktyg-for-ograsrensning-i-tradgarden\/","url":"https:\/\/deravio.com\/se\/produkt\/verktyg-for-ograsrensning-i-tradgarden\/","name":"Verktyg f\u00f6r ogr\u00e4srensning i tr\u00e4dg\u00e5rden - Deravio SE","isPartOf":{"@id":"https:\/\/deravio.com\/se\/#website"},"primaryImageOfPage":{"@id":"https:\/\/deravio.com\/se\/produkt\/verktyg-for-ograsrensning-i-tradgarden\/#primaryimage"},"image":{"@id":"https:\/\/deravio.com\/se\/produkt\/verktyg-for-ograsrensning-i-tradgarden\/#primaryimage"},"thumbnailUrl":"https:\/\/deravio.com\/se\/wp-content\/uploads\/sites\/20\/2026\/05\/csmucvv-1.jpeg","datePublished":"2026-05-06T16:06:15+00:00","dateModified":"2026-05-06T17:25:43+00:00","breadcrumb":{"@id":"https:\/\/deravio.com\/se\/produkt\/verktyg-for-ograsrensning-i-tradgarden\/#breadcrumb"},"inLanguage":"sv-SE","potentialAction":[{"@type":"ReadAction","target":["https:\/\/deravio.com\/se\/produkt\/verktyg-for-ograsrensning-i-tradgarden\/"]}]},{"@type":"ImageObject","inLanguage":"sv-SE","@id":"https:\/\/deravio.com\/se\/produkt\/verktyg-for-ograsrensning-i-tradgarden\/#primaryimage","url":"https:\/\/deravio.com\/se\/wp-content\/uploads\/sites\/20\/2026\/05\/csmucvv-1.jpeg","contentUrl":"https:\/\/deravio.com\/se\/wp-content\/uploads\/sites\/20\/2026\/05\/csmucvv-1.jpeg","width":800,"height":800},{"@type":"BreadcrumbList","@id":"https:\/\/deravio.com\/se\/produkt\/verktyg-for-ograsrensning-i-tradgarden\/#breadcrumb","itemListElement":[{"@type":"ListItem","position":1,"name":"Home","item":"https:\/\/deravio.com\/se\/"},{"@type":"ListItem","position":2,"name":"Butik","item":"https:\/\/deravio.com\/se\/butik\/"},{"@type":"ListItem","position":3,"name":"Verktyg f\u00f6r ogr\u00e4srensning i tr\u00e4dg\u00e5rden"}]},{"@type":"WebSite","@id":"https:\/\/deravio.com\/se\/#website","url":"https:\/\/deravio.com\/se\/","name":"Deravio SE","description":"","publisher":{"@id":"https:\/\/deravio.com\/se\/#organization"},"potentialAction":[{"@type":"SearchAction","target":{"@type":"EntryPoint","urlTemplate":"https:\/\/deravio.com\/se\/?s={search_term_string}"},"query-input":{"@type":"PropertyValueSpecification","valueRequired":true,"valueName":"search_term_string"}}],"inLanguage":"sv-SE"},{"@type":"Organization","@id":"https:\/\/deravio.com\/se\/#organization","name":"Mekulo","url":"https:\/\/deravio.com\/se\/","logo":{"@type":"ImageObject","inLanguage":"sv-SE","@id":"https:\/\/deravio.com\/se\/#\/schema\/logo\/image\/","url":"https:\/\/deravio.com\/se\/wp-content\/uploads\/sites\/20\/2025\/12\/favicon_mekulo.png","contentUrl":"https:\/\/deravio.com\/se\/wp-content\/uploads\/sites\/20\/2025\/12\/favicon_mekulo.png","width":50,"height":50,"caption":"Mekulo"},"image":{"@id":"https:\/\/deravio.com\/se\/#\/schema\/logo\/image\/"}}]}},"_links":{"self":[{"href":"https:\/\/deravio.com\/se\/wp-json\/wp\/v2\/product\/25962","targetHints":{"allow":["GET"]}}],"collection":[{"href":"https:\/\/deravio.com\/se\/wp-json\/wp\/v2\/product"}],"about":[{"href":"https:\/\/deravio.com\/se\/wp-json\/wp\/v2\/types\/product"}],"replies":[{"embeddable":true,"href":"https:\/\/deravio.com\/se\/wp-json\/wp\/v2\/comments?post=25962"}],"wp:featuredmedia":[{"embeddable":true,"href":"https:\/\/deravio.com\/se\/wp-json\/wp\/v2\/media\/25958"}],"wp:attachment":[{"href":"https:\/\/deravio.com\/se\/wp-json\/wp\/v2\/media?parent=25962"}],"wp:term":[{"taxonomy":"product_brand","embeddable":true,"href":"https:\/\/deravio.com\/se\/wp-json\/wp\/v2\/product_brand?post=25962"},{"taxonomy":"product_cat","embeddable":true,"href":"https:\/\/deravio.com\/se\/wp-json\/wp\/v2\/product_cat?post=25962"},{"taxonomy":"product_tag","embeddable":true,"href":"https:\/\/deravio.com\/se\/wp-json\/wp\/v2\/product_tag?post=25962"}],"curies":[{"name":"wp","href":"https:\/\/api.w.org\/{rel}","templated":true}]}}