{"id":25947,"date":"2026-05-06T19:04:38","date_gmt":"2026-05-06T16:04:38","guid":{"rendered":"https:\/\/deravio.com\/se\/produkt\/kylvaska-for-insulin\/"},"modified":"2026-05-06T20:23:58","modified_gmt":"2026-05-06T17:23:58","slug":"kylvaska-for-insulin","status":"publish","type":"product","link":"https:\/\/deravio.com\/se\/produkt\/kylvaska-for-insulin\/","title":{"rendered":"Kylv\u00e4ska f\u00f6r insulin"},"content":{"rendered":"<h2 style=\"text-align: center\" data-section-id=\"5d61m3\" data-start=\"2167\" data-end=\"2185\">\u2728 L\u00f6ftet<\/h2>\n<p style=\"text-align: center\" data-start=\"2187\" data-end=\"2261\">P\u00e5litlig kylning.<br data-start=\"2204\" data-end=\"2207\" \/>Konstant medvetenhet.<br data-start=\"2226\" data-end=\"2229\" \/>Sinnesfrid vart du \u00e4n g\u00e5r.<\/p>\n<p data-start=\"2187\" data-end=\"2261\"><img fetchpriority=\"high\" decoding=\"async\" class=\" wp-image-28481 aligncenter\" src=\"https:\/\/mekulo.com\/template\/wp-content\/uploads\/sites\/6\/2026\/03\/1221-ezgif.com-video-to-webp-converter-10.webp\" alt=\"\" width=\"550\" height=\"550\" \/><\/p>\n<h2 style=\"text-align: center\" data-section-id=\"u4ub2a\" data-start=\"427\" data-end=\"447\">\u2728 Huvudf\u00f6rdelar<\/h2>\n<p data-start=\"451\" data-end=\"564\">\ud83c\udf21\ufe0f Temperaturkontroll i realtid &#8211; Med den inbyggda displayen kan du \u00f6vervaka f\u00f6rh\u00e5llandena med en blick &#8211; inga gissningar.<\/p>\n<p data-start=\"568\" data-end=\"670\">\u2744\ufe0f H\u00e5ller insulinet s\u00e4kert kylt &#8211; Bibeh\u00e5ller optimal temperatur i timmar, \u00e4ven under l\u00e5nga dagar ute.<\/p>\n<p data-start=\"674\" data-end=\"787\">\ud83d\udee1\ufe0f P\u00e5litligt skydd n\u00e4r du \u00e4r p\u00e5 spr\u00e5ng &#8211; H\u00e5llbar, isolerad design skyddar din medicin fr\u00e5n v\u00e4rme och skador.<\/p>\n<p data-start=\"791\" data-end=\"882\">\ud83c\udf92 Kompakt och resev\u00e4nlig &#8211; Passar l\u00e4tt i v\u00e4skan utan att bli f\u00f6r stor eller tung.<\/p>\n<p data-start=\"886\" data-end=\"988\">\u2708\ufe0f Utformad f\u00f6r verkliga livet &#8211; Perfekt f\u00f6r flygresor, bilturer, daglig anv\u00e4ndning och allt d\u00e4remellan.<\/p>\n<h2 style=\"text-align: center\" data-section-id=\"5yj8z6\" data-start=\"995\" data-end=\"1021\">\ud83e\udde9 Problem \u2192 L\u00f6sning<\/h2>\n<p data-start=\"1023\" data-end=\"1171\"><strong data-start=\"1023\" data-end=\"1035\">Problem:<\/strong><br data-start=\"1035\" data-end=\"1038\" \/>Att resa med insulin \u00e4r stressigt. Temperaturf\u00f6r\u00e4ndringar, bristande \u00f6vervakning och op\u00e5litlig f\u00f6rvaring kan inneb\u00e4ra en risk f\u00f6r din medicin.<\/p>\n<p data-start=\"1173\" data-end=\"1321\"><strong data-start=\"1173\" data-end=\"1186\">L\u00f6sning:<\/strong><br data-start=\"1186\" data-end=\"1189\" \/>Denna resekylare f\u00f6r insulin h\u00e5ller din medicin stabil, synlig och skyddad &#8211; s\u00e5 att du kan fokusera p\u00e5 din dag, inte p\u00e5 dina bekymmer.<\/p>\n<p data-start=\"1173\" data-end=\"1321\"><img decoding=\"async\" class=\"size-full wp-image-28478 aligncenter\" src=\"https:\/\/mekulo.com\/template\/wp-content\/uploads\/sites\/6\/2026\/03\/90f032426a31766cf93adac8839365a42e55c8d1-800.jpg\" alt=\"\" width=\"800\" height=\"1066\" \/><\/p>\n<h2 style=\"text-align: center\" data-section-id=\"baj5e8\" data-start=\"1328\" data-end=\"1356\">\ud83c\udf0d Anv\u00e4ndningsomr\u00e5de \/ Livsstil<\/h2>\n<ul data-start=\"1373\" data-end=\"1540\">\n<li data-section-id=\"1mg0vra\" data-start=\"1373\" data-end=\"1408\">\n<p data-start=\"1375\" data-end=\"1408\">Dagliga rutiner och pendling<\/p>\n<\/li>\n<li data-section-id=\"14in3bs\" data-start=\"1409\" data-end=\"1450\">\n<p data-start=\"1411\" data-end=\"1450\">Resor med flyg, bil eller cykel<\/p>\n<\/li>\n<li data-section-id=\"1xolxnn\" data-start=\"1451\" data-end=\"1494\">\n<p data-start=\"1453\" data-end=\"1494\">Utomhusaktiviteter och l\u00e5nga dagar ute<\/p>\n<\/li>\n<li data-section-id=\"lvoipk\" data-start=\"1495\" data-end=\"1540\">\n<p data-start=\"1497\" data-end=\"1540\">Alla som beh\u00f6ver tillf\u00f6rlitlig insulinf\u00f6rvaring<\/p>\n<\/li>\n<\/ul>\n<p data-start=\"1542\" data-end=\"1603\">F\u00f6r att din rutin inte ska begr\u00e4nsas av din medicinering.<\/p>\n<h2 style=\"text-align: center\" data-section-id=\"1r8t0f\" data-start=\"1610\" data-end=\"1629\">\ud83d\udee0\ufe0f Hur man anv\u00e4nder<\/h2>\n<ol data-start=\"1631\" data-end=\"1787\">\n<li data-section-id=\"fvv7f3\" data-start=\"1631\" data-end=\"1678\">\n<p data-start=\"1634\" data-end=\"1678\">Frys de medf\u00f6ljande ispaketen (8\u201312 timmar).<\/p>\n<\/li>\n<li data-section-id=\"qywcw8\" data-start=\"1679\" data-end=\"1718\">\n<p data-start=\"1682\" data-end=\"1718\">Placera ditt insulin i fodralet.<\/p>\n<\/li>\n<li data-section-id=\"1cprifn\" data-start=\"1719\" data-end=\"1744\">\n<p data-start=\"1722\" data-end=\"1744\">S\u00e4tt i ispaketen.<\/p>\n<\/li>\n<li data-section-id=\"1scymdx\" data-start=\"1745\" data-end=\"1787\">\n<p data-start=\"1748\" data-end=\"1787\">Kontrollera temperaturdisplayen n\u00e4r som helst.<\/p>\n<\/li>\n<\/ol>\n<h2 style=\"text-align: center\" data-section-id=\"1fuqdo7\" data-start=\"1823\" data-end=\"1846\">\ud83d\udce6 Produktdetaljer<\/h2>\n<ul data-start=\"1848\" data-end=\"2069\">\n<li data-section-id=\"9eu0iu\" data-start=\"1848\" data-end=\"1900\">\n<p data-start=\"1850\" data-end=\"1900\">Material: EVA + PU yttre, aluminiumfolie inre<\/p>\n<\/li>\n<li data-section-id=\"10ntrq3\" data-start=\"1901\" data-end=\"1928\">\n<p data-start=\"1903\" data-end=\"1928\">Storlek: 21,5 x 9 x 5,8 cm<\/p>\n<\/li>\n<li data-section-id=\"epr3je\" data-start=\"1929\" data-end=\"1971\">\n<p data-start=\"1931\" data-end=\"1971\">Display: Temperatur\u00f6vervakning i realtid<\/p>\n<\/li>\n<li data-section-id=\"td2muc\" data-start=\"1972\" data-end=\"2023\">\n<p data-start=\"1974\" data-end=\"2023\">Kylning: St\u00f6djer ispaket (6\u20138 timmars kylning)<\/p>\n<\/li>\n<li data-section-id=\"tr9rvd\" data-start=\"2024\" data-end=\"2069\">\n<p data-start=\"2026\" data-end=\"2069\">Design: Vattent\u00e4t, isolerad, skyddande<\/p>\n<\/li>\n<\/ul>\n<h2 style=\"text-align: center\" data-section-id=\"13s7cfc\" data-start=\"2076\" data-end=\"2100\">\ud83d\udce5 Paketet inneh\u00e5ller<\/h2>\n<ul data-start=\"2102\" data-end=\"2160\">\n<li data-section-id=\"1xrqsfk\" data-start=\"2102\" data-end=\"2136\">\n<p data-start=\"2104\" data-end=\"2136\">1x kylv\u00e4ska f\u00f6r insulinresor<\/p>\n<\/li>\n<li data-section-id=\"1xrqsfk\" data-start=\"2102\" data-end=\"2136\">2x isf\u00f6rpackningar.<\/li>\n<\/ul>\n","protected":false},"excerpt":{"rendered":"<p>\ud83c\udf21\ufe0fDin medicinering. S\u00e4kert, svalt och alltid skyddat.<br \/>\n\u2744\ufe0fRes med trygg f\u00f6rvissning om att ditt insulin h\u00e5ller r\u00e4tt temperatur &#8211; vart \u00e4n livet tar dig.<br \/>\n\ud83d\udc69\u200d\u2695\ufe0fFull sinnesfrid i varje \u00f6gonblick &#8211; eftersom din h\u00e4lsa f\u00f6rtj\u00e4nar ett tillf\u00f6rlitligt skydd.<\/p>\n","protected":false},"featured_media":25943,"comment_status":"open","ping_status":"closed","template":"","meta":{"site-sidebar-layout":"default","site-content-layout":"","ast-site-content-layout":"default","site-content-style":"default","site-sidebar-style":"default","ast-global-header-display":"","ast-banner-title-visibility":"","ast-main-header-display":"","ast-hfb-above-header-display":"","ast-hfb-below-header-display":"","ast-hfb-mobile-header-display":"","site-post-title":"","ast-breadcrumbs-content":"","ast-featured-img":"","footer-sml-layout":"","ast-disable-related-posts":"","theme-transparent-header-meta":"default","adv-header-id-meta":"","stick-header-meta":"","header-above-stick-meta":"","header-main-stick-meta":"","header-below-stick-meta":"","astra-migrate-meta-layouts":"set","ast-page-background-enabled":"default","ast-page-background-meta":{"desktop":{"background-color":"var(--ast-global-color-5)","background-image":"","background-repeat":"repeat","background-position":"center center","background-size":"auto","background-attachment":"scroll","background-type":"","background-media":"","overlay-type":"","overlay-color":"","overlay-opacity":"","overlay-gradient":""},"tablet":{"background-color":"","background-image":"","background-repeat":"repeat","background-position":"center center","background-size":"auto","background-attachment":"scroll","background-type":"","background-media":"","overlay-type":"","overlay-color":"","overlay-opacity":"","overlay-gradient":""},"mobile":{"background-color":"","background-image":"","background-repeat":"repeat","background-position":"center center","background-size":"auto","background-attachment":"scroll","background-type":"","background-media":"","overlay-type":"","overlay-color":"","overlay-opacity":"","overlay-gradient":""}},"ast-content-background-meta":{"desktop":{"background-color":"var(--ast-global-color-4)","background-image":"","background-repeat":"repeat","background-position":"center center","background-size":"auto","background-attachment":"scroll","background-type":"","background-media":"","overlay-type":"","overlay-color":"","overlay-opacity":"","overlay-gradient":""},"tablet":{"background-color":"var(--ast-global-color-4)","background-image":"","background-repeat":"repeat","background-position":"center center","background-size":"auto","background-attachment":"scroll","background-type":"","background-media":"","overlay-type":"","overlay-color":"","overlay-opacity":"","overlay-gradient":""},"mobile":{"background-color":"var(--ast-global-color-4)","background-image":"","background-repeat":"repeat","background-position":"center center","background-size":"auto","background-attachment":"scroll","background-type":"","background-media":"","overlay-type":"","overlay-color":"","overlay-opacity":"","overlay-gradient":""}}},"product_brand":[],"product_cat":[166],"product_tag":[],"class_list":{"0":"post-25947","1":"product","2":"type-product","3":"status-publish","4":"has-post-thumbnail","6":"product_cat-halsovardsprodukter","7":"pa_67579_rzy1qwcg-bla","8":"pa_67579_rzy1qwcg-gron","9":"pa_67579_rzy1qwcg-svart","10":"desktop-align-left","11":"tablet-align-left","12":"mobile-align-left","14":"first","15":"instock","16":"shipping-taxable","17":"purchasable","18":"product-type-variable"},"yoast_head":"<!-- This site is optimized with the Yoast SEO plugin v27.4 - https:\/\/yoast.com\/product\/yoast-seo-wordpress\/ -->\n<title>Kylv\u00e4ska f\u00f6r insulin - Deravio SE<\/title>\n<meta name=\"robots\" content=\"index, follow, max-snippet:-1, max-image-preview:large, max-video-preview:-1\" \/>\n<link rel=\"canonical\" href=\"https:\/\/deravio.com\/se\/produkt\/kylvaska-for-insulin\/\" \/>\n<meta property=\"og:locale\" content=\"sv_SE\" \/>\n<meta property=\"og:type\" content=\"article\" \/>\n<meta property=\"og:title\" content=\"Kylv\u00e4ska f\u00f6r insulin - Deravio SE\" \/>\n<meta property=\"og:description\" content=\"\ud83c\udf21\ufe0fDin medicinering. S\u00e4kert, svalt och alltid skyddat. \u2744\ufe0fRes med trygg f\u00f6rvissning om att ditt insulin h\u00e5ller r\u00e4tt temperatur - vart \u00e4n livet tar dig. \ud83d\udc69\u200d\u2695\ufe0fFull sinnesfrid i varje \u00f6gonblick - eftersom din h\u00e4lsa f\u00f6rtj\u00e4nar ett tillf\u00f6rlitligt skydd.\" \/>\n<meta property=\"og:url\" content=\"https:\/\/deravio.com\/se\/produkt\/kylvaska-for-insulin\/\" \/>\n<meta property=\"og:site_name\" content=\"Deravio SE\" \/>\n<meta property=\"article:modified_time\" content=\"2026-05-06T17:23:58+00:00\" \/>\n<meta property=\"og:image\" content=\"https:\/\/deravio.com\/se\/wp-content\/uploads\/sites\/20\/2026\/05\/x3bwsf3-1.jpg\" \/>\n\t<meta property=\"og:image:width\" content=\"1436\" \/>\n\t<meta property=\"og:image:height\" content=\"1462\" \/>\n\t<meta property=\"og:image:type\" content=\"image\/jpeg\" \/>\n<meta name=\"twitter:card\" content=\"summary_large_image\" \/>\n<meta name=\"twitter:label1\" content=\"Ber\u00e4knad l\u00e4stid\" \/>\n\t<meta name=\"twitter:data1\" content=\"2 minuter\" \/>\n<script type=\"application\/ld+json\" class=\"yoast-schema-graph\">{\"@context\":\"https:\\\/\\\/schema.org\",\"@graph\":[{\"@type\":\"WebPage\",\"@id\":\"https:\\\/\\\/deravio.com\\\/se\\\/produkt\\\/kylvaska-for-insulin\\\/\",\"url\":\"https:\\\/\\\/deravio.com\\\/se\\\/produkt\\\/kylvaska-for-insulin\\\/\",\"name\":\"Kylv\u00e4ska f\u00f6r insulin - Deravio SE\",\"isPartOf\":{\"@id\":\"https:\\\/\\\/deravio.com\\\/se\\\/#website\"},\"primaryImageOfPage\":{\"@id\":\"https:\\\/\\\/deravio.com\\\/se\\\/produkt\\\/kylvaska-for-insulin\\\/#primaryimage\"},\"image\":{\"@id\":\"https:\\\/\\\/deravio.com\\\/se\\\/produkt\\\/kylvaska-for-insulin\\\/#primaryimage\"},\"thumbnailUrl\":\"https:\\\/\\\/deravio.com\\\/se\\\/wp-content\\\/uploads\\\/sites\\\/20\\\/2026\\\/05\\\/x3bwsf3-1.jpg\",\"datePublished\":\"2026-05-06T16:04:38+00:00\",\"dateModified\":\"2026-05-06T17:23:58+00:00\",\"breadcrumb\":{\"@id\":\"https:\\\/\\\/deravio.com\\\/se\\\/produkt\\\/kylvaska-for-insulin\\\/#breadcrumb\"},\"inLanguage\":\"sv-SE\",\"potentialAction\":[{\"@type\":\"ReadAction\",\"target\":[\"https:\\\/\\\/deravio.com\\\/se\\\/produkt\\\/kylvaska-for-insulin\\\/\"]}]},{\"@type\":\"ImageObject\",\"inLanguage\":\"sv-SE\",\"@id\":\"https:\\\/\\\/deravio.com\\\/se\\\/produkt\\\/kylvaska-for-insulin\\\/#primaryimage\",\"url\":\"https:\\\/\\\/deravio.com\\\/se\\\/wp-content\\\/uploads\\\/sites\\\/20\\\/2026\\\/05\\\/x3bwsf3-1.jpg\",\"contentUrl\":\"https:\\\/\\\/deravio.com\\\/se\\\/wp-content\\\/uploads\\\/sites\\\/20\\\/2026\\\/05\\\/x3bwsf3-1.jpg\",\"width\":1436,\"height\":1462},{\"@type\":\"BreadcrumbList\",\"@id\":\"https:\\\/\\\/deravio.com\\\/se\\\/produkt\\\/kylvaska-for-insulin\\\/#breadcrumb\",\"itemListElement\":[{\"@type\":\"ListItem\",\"position\":1,\"name\":\"Home\",\"item\":\"https:\\\/\\\/deravio.com\\\/se\\\/\"},{\"@type\":\"ListItem\",\"position\":2,\"name\":\"Butik\",\"item\":\"https:\\\/\\\/deravio.com\\\/se\\\/butik\\\/\"},{\"@type\":\"ListItem\",\"position\":3,\"name\":\"Kylv\u00e4ska f\u00f6r insulin\"}]},{\"@type\":\"WebSite\",\"@id\":\"https:\\\/\\\/deravio.com\\\/se\\\/#website\",\"url\":\"https:\\\/\\\/deravio.com\\\/se\\\/\",\"name\":\"Deravio SE\",\"description\":\"\",\"publisher\":{\"@id\":\"https:\\\/\\\/deravio.com\\\/se\\\/#organization\"},\"potentialAction\":[{\"@type\":\"SearchAction\",\"target\":{\"@type\":\"EntryPoint\",\"urlTemplate\":\"https:\\\/\\\/deravio.com\\\/se\\\/?s={search_term_string}\"},\"query-input\":{\"@type\":\"PropertyValueSpecification\",\"valueRequired\":true,\"valueName\":\"search_term_string\"}}],\"inLanguage\":\"sv-SE\"},{\"@type\":\"Organization\",\"@id\":\"https:\\\/\\\/deravio.com\\\/se\\\/#organization\",\"name\":\"Mekulo\",\"url\":\"https:\\\/\\\/deravio.com\\\/se\\\/\",\"logo\":{\"@type\":\"ImageObject\",\"inLanguage\":\"sv-SE\",\"@id\":\"https:\\\/\\\/deravio.com\\\/se\\\/#\\\/schema\\\/logo\\\/image\\\/\",\"url\":\"https:\\\/\\\/deravio.com\\\/se\\\/wp-content\\\/uploads\\\/sites\\\/20\\\/2025\\\/12\\\/favicon_mekulo.png\",\"contentUrl\":\"https:\\\/\\\/deravio.com\\\/se\\\/wp-content\\\/uploads\\\/sites\\\/20\\\/2025\\\/12\\\/favicon_mekulo.png\",\"width\":50,\"height\":50,\"caption\":\"Mekulo\"},\"image\":{\"@id\":\"https:\\\/\\\/deravio.com\\\/se\\\/#\\\/schema\\\/logo\\\/image\\\/\"}}]}<\/script>\n<!-- \/ Yoast SEO plugin. -->","yoast_head_json":{"title":"Kylv\u00e4ska f\u00f6r insulin - Deravio SE","robots":{"index":"index","follow":"follow","max-snippet":"max-snippet:-1","max-image-preview":"max-image-preview:large","max-video-preview":"max-video-preview:-1"},"canonical":"https:\/\/deravio.com\/se\/produkt\/kylvaska-for-insulin\/","og_locale":"sv_SE","og_type":"article","og_title":"Kylv\u00e4ska f\u00f6r insulin - Deravio SE","og_description":"\ud83c\udf21\ufe0fDin medicinering. S\u00e4kert, svalt och alltid skyddat. \u2744\ufe0fRes med trygg f\u00f6rvissning om att ditt insulin h\u00e5ller r\u00e4tt temperatur - vart \u00e4n livet tar dig. \ud83d\udc69\u200d\u2695\ufe0fFull sinnesfrid i varje \u00f6gonblick - eftersom din h\u00e4lsa f\u00f6rtj\u00e4nar ett tillf\u00f6rlitligt skydd.","og_url":"https:\/\/deravio.com\/se\/produkt\/kylvaska-for-insulin\/","og_site_name":"Deravio SE","article_modified_time":"2026-05-06T17:23:58+00:00","og_image":[{"width":1436,"height":1462,"url":"https:\/\/deravio.com\/se\/wp-content\/uploads\/sites\/20\/2026\/05\/x3bwsf3-1.jpg","type":"image\/jpeg"}],"twitter_card":"summary_large_image","twitter_misc":{"Ber\u00e4knad l\u00e4stid":"2 minuter"},"schema":{"@context":"https:\/\/schema.org","@graph":[{"@type":"WebPage","@id":"https:\/\/deravio.com\/se\/produkt\/kylvaska-for-insulin\/","url":"https:\/\/deravio.com\/se\/produkt\/kylvaska-for-insulin\/","name":"Kylv\u00e4ska f\u00f6r insulin - Deravio SE","isPartOf":{"@id":"https:\/\/deravio.com\/se\/#website"},"primaryImageOfPage":{"@id":"https:\/\/deravio.com\/se\/produkt\/kylvaska-for-insulin\/#primaryimage"},"image":{"@id":"https:\/\/deravio.com\/se\/produkt\/kylvaska-for-insulin\/#primaryimage"},"thumbnailUrl":"https:\/\/deravio.com\/se\/wp-content\/uploads\/sites\/20\/2026\/05\/x3bwsf3-1.jpg","datePublished":"2026-05-06T16:04:38+00:00","dateModified":"2026-05-06T17:23:58+00:00","breadcrumb":{"@id":"https:\/\/deravio.com\/se\/produkt\/kylvaska-for-insulin\/#breadcrumb"},"inLanguage":"sv-SE","potentialAction":[{"@type":"ReadAction","target":["https:\/\/deravio.com\/se\/produkt\/kylvaska-for-insulin\/"]}]},{"@type":"ImageObject","inLanguage":"sv-SE","@id":"https:\/\/deravio.com\/se\/produkt\/kylvaska-for-insulin\/#primaryimage","url":"https:\/\/deravio.com\/se\/wp-content\/uploads\/sites\/20\/2026\/05\/x3bwsf3-1.jpg","contentUrl":"https:\/\/deravio.com\/se\/wp-content\/uploads\/sites\/20\/2026\/05\/x3bwsf3-1.jpg","width":1436,"height":1462},{"@type":"BreadcrumbList","@id":"https:\/\/deravio.com\/se\/produkt\/kylvaska-for-insulin\/#breadcrumb","itemListElement":[{"@type":"ListItem","position":1,"name":"Home","item":"https:\/\/deravio.com\/se\/"},{"@type":"ListItem","position":2,"name":"Butik","item":"https:\/\/deravio.com\/se\/butik\/"},{"@type":"ListItem","position":3,"name":"Kylv\u00e4ska f\u00f6r insulin"}]},{"@type":"WebSite","@id":"https:\/\/deravio.com\/se\/#website","url":"https:\/\/deravio.com\/se\/","name":"Deravio SE","description":"","publisher":{"@id":"https:\/\/deravio.com\/se\/#organization"},"potentialAction":[{"@type":"SearchAction","target":{"@type":"EntryPoint","urlTemplate":"https:\/\/deravio.com\/se\/?s={search_term_string}"},"query-input":{"@type":"PropertyValueSpecification","valueRequired":true,"valueName":"search_term_string"}}],"inLanguage":"sv-SE"},{"@type":"Organization","@id":"https:\/\/deravio.com\/se\/#organization","name":"Mekulo","url":"https:\/\/deravio.com\/se\/","logo":{"@type":"ImageObject","inLanguage":"sv-SE","@id":"https:\/\/deravio.com\/se\/#\/schema\/logo\/image\/","url":"https:\/\/deravio.com\/se\/wp-content\/uploads\/sites\/20\/2025\/12\/favicon_mekulo.png","contentUrl":"https:\/\/deravio.com\/se\/wp-content\/uploads\/sites\/20\/2025\/12\/favicon_mekulo.png","width":50,"height":50,"caption":"Mekulo"},"image":{"@id":"https:\/\/deravio.com\/se\/#\/schema\/logo\/image\/"}}]}},"_links":{"self":[{"href":"https:\/\/deravio.com\/se\/wp-json\/wp\/v2\/product\/25947","targetHints":{"allow":["GET"]}}],"collection":[{"href":"https:\/\/deravio.com\/se\/wp-json\/wp\/v2\/product"}],"about":[{"href":"https:\/\/deravio.com\/se\/wp-json\/wp\/v2\/types\/product"}],"replies":[{"embeddable":true,"href":"https:\/\/deravio.com\/se\/wp-json\/wp\/v2\/comments?post=25947"}],"wp:featuredmedia":[{"embeddable":true,"href":"https:\/\/deravio.com\/se\/wp-json\/wp\/v2\/media\/25943"}],"wp:attachment":[{"href":"https:\/\/deravio.com\/se\/wp-json\/wp\/v2\/media?parent=25947"}],"wp:term":[{"taxonomy":"product_brand","embeddable":true,"href":"https:\/\/deravio.com\/se\/wp-json\/wp\/v2\/product_brand?post=25947"},{"taxonomy":"product_cat","embeddable":true,"href":"https:\/\/deravio.com\/se\/wp-json\/wp\/v2\/product_cat?post=25947"},{"taxonomy":"product_tag","embeddable":true,"href":"https:\/\/deravio.com\/se\/wp-json\/wp\/v2\/product_tag?post=25947"}],"curies":[{"name":"wp","href":"https:\/\/api.w.org\/{rel}","templated":true}]}}