{"id":25938,"date":"2026-05-06T19:03:14","date_gmt":"2026-05-06T16:03:14","guid":{"rendered":"https:\/\/deravio.com\/se\/produkt\/elegant-ring-i-flera-lager\/"},"modified":"2026-05-06T20:22:30","modified_gmt":"2026-05-06T17:22:30","slug":"elegant-ring-i-flera-lager","status":"publish","type":"product","link":"https:\/\/deravio.com\/se\/produkt\/elegant-ring-i-flera-lager\/","title":{"rendered":"Elegant ring i flera lager"},"content":{"rendered":"<h2 style=\"text-align: center\" data-section-id=\"5d61m3\" data-start=\"2128\" data-end=\"2146\">\u2728 L\u00f6ftet<\/h2>\n<p style=\"text-align: center\" data-start=\"2148\" data-end=\"2210\">Tidl\u00f6s glans.<br \/>\nPerfekt passform.<br \/>\nSj\u00e4lvf\u00f6rtroende i varje detalj.<\/p>\n<p data-start=\"2148\" data-end=\"2210\"><img fetchpriority=\"high\" decoding=\"async\" class=\"size-full wp-image-28450 aligncenter\" src=\"https:\/\/mekulo.com\/template\/wp-content\/uploads\/sites\/6\/2026\/03\/3026fb16-1276-49d5-8cc9-7d1d3a1d9e82.webp\" alt=\"\" width=\"1170\" height=\"1170\" \/><\/p>\n<h2 style=\"text-align: center\" data-section-id=\"u4ub2a\" data-start=\"432\" data-end=\"452\">\u2728 Huvudf\u00f6rdelar<\/h2>\n<p data-start=\"456\" data-end=\"582\">\ud83d\udc8e Lyxig look utan anstr\u00e4ngning &#8211; Flerskiktsdesign med gnistrande stenar skapar en dj\u00e4rv, elegant n\u00e4rvaro direkt.<\/p>\n<p data-start=\"586\" data-end=\"678\">\ud83d\udd04 Perfekt passform, varje g\u00e5ng &#8211; Justerbar \u00f6ppen design anpassar sig bekv\u00e4mt till ditt finger.<\/p>\n<p data-start=\"682\" data-end=\"769\">\u2728 Glans som h\u00e5ller &#8211; H\u00e5ller f\u00e4rgen och \u00e4r vattenresistent h\u00e5ller den som ny.<\/p>\n<p data-start=\"773\" data-end=\"869\">\ud83c\udf3f Komfort f\u00f6r vardagsbruk &#8211; Allergiv\u00e4nlig och l\u00e4tt &#8211; b\u00e4r den enkelt hela dagen.<\/p>\n<p data-start=\"873\" data-end=\"985\">\ud83c\udfaf M\u00e5ngsidig f\u00f6r alla tillf\u00e4llen &#8211; Fr\u00e5n dagliga outfits till speciella evenemang, den kompletterar din look utan anstr\u00e4ngning.<\/p>\n<h2 style=\"text-align: center\" data-section-id=\"5yj8z6\" data-start=\"992\" data-end=\"1018\">\ud83e\udde9 Problem \u2192 L\u00f6sning<\/h2>\n<p data-start=\"1020\" data-end=\"1132\"><strong data-start=\"1020\" data-end=\"1032\">Problem:<\/strong><br data-start=\"1032\" data-end=\"1035\" \/>M\u00e5nga ringar passar antingen inte perfekt, tappar sin glans eller k\u00e4nns obekv\u00e4ma efter n\u00e5gra timmar.<\/p>\n<p data-start=\"1134\" data-end=\"1280\"><strong data-start=\"1134\" data-end=\"1147\">L\u00f6sning:<\/strong><br data-start=\"1147\" data-end=\"1150\" \/>Den h\u00e4r eleganta ringen i flera lager kombinerar komfort, justerbarhet och l\u00e5ngvarig glans &#8211; s\u00e5 att du kan b\u00e4ra den med sj\u00e4lvf\u00f6rtroende n\u00e4r som helst.<\/p>\n<p data-start=\"1134\" data-end=\"1280\"><img decoding=\"async\" class=\"size-full wp-image-28451 aligncenter\" src=\"https:\/\/mekulo.com\/template\/wp-content\/uploads\/sites\/6\/2026\/03\/Sfbdeacb32641483f911e27d4c68dad9dt.webp\" alt=\"\" width=\"800\" height=\"799\" \/><\/p>\n<h2 style=\"text-align: center\" data-section-id=\"baj5e8\" data-start=\"1287\" data-end=\"1315\">\ud83c\udf0d Anv\u00e4ndningsfall \/ Livsstil<\/h2>\n<ul data-start=\"1332\" data-end=\"1522\">\n<li data-section-id=\"1c9wbvw\" data-start=\"1332\" data-end=\"1381\">\n<p data-start=\"1334\" data-end=\"1381\">Vardagskl\u00e4der som beh\u00f6ver en subtil uppgradering<\/p>\n<\/li>\n<li data-section-id=\"1vxuipm\" data-start=\"1382\" data-end=\"1432\">\n<p data-start=\"1384\" data-end=\"1432\">Speciella tillf\u00e4llen, evenemang och firanden<\/p>\n<\/li>\n<li data-section-id=\"jhv41r\" data-start=\"1433\" data-end=\"1479\">\n<p data-start=\"1435\" data-end=\"1479\">Minimalistisk eller utm\u00e4rkande smyckesstyling<\/p>\n<\/li>\n<li data-section-id=\"1qv8sm1\" data-start=\"1480\" data-end=\"1522\">\n<p data-start=\"1482\" data-end=\"1522\">Meningsfulla g\u00e5vor som k\u00e4nns personliga<\/p>\n<\/li>\n<\/ul>\n<p data-start=\"1524\" data-end=\"1580\">Det \u00e4r inte bara en accessoar &#8211; det \u00e4r pricken \u00f6ver i:et.<\/p>\n<h2 style=\"text-align: center\" data-section-id=\"1r8t0f\" data-start=\"1587\" data-end=\"1606\">\ud83d\udee0\ufe0f Anv\u00e4ndning<\/h2>\n<ol data-start=\"1608\" data-end=\"1786\">\n<li data-section-id=\"19oc3xb\" data-start=\"1608\" data-end=\"1655\">\n<p data-start=\"1611\" data-end=\"1655\">Justera f\u00f6rsiktigt ringen till din fingerstorlek.<\/p>\n<\/li>\n<li data-section-id=\"1iu95ra\" data-start=\"1656\" data-end=\"1696\">\n<p data-start=\"1659\" data-end=\"1696\">Placera den bekv\u00e4mt p\u00e5 fingret.<\/p>\n<\/li>\n<li data-section-id=\"opajii\" data-start=\"1697\" data-end=\"1743\">\n<p data-start=\"1700\" data-end=\"1743\">Kombinera den med din outfit eller andra smycken.<\/p>\n<\/li>\n<li data-section-id=\"5b5old\" data-start=\"1744\" data-end=\"1786\">\n<p data-start=\"1747\" data-end=\"1786\">B\u00e4r den dagligen eller vid speciella tillf\u00e4llen.<\/p>\n<\/li>\n<\/ol>\n<h2 style=\"text-align: center\" data-section-id=\"1fuqdo7\" data-start=\"1823\" data-end=\"1846\">\ud83d\udce6 Produktdetaljer<\/h2>\n<ul data-start=\"1848\" data-end=\"2056\">\n<li data-section-id=\"1ngxhyo\" data-start=\"1848\" data-end=\"1900\">\n<p data-start=\"1850\" data-end=\"1900\">Material: Rostfritt st\u00e5l + strass (kirsite)<\/p>\n<\/li>\n<li data-section-id=\"1hwnneh\" data-start=\"1901\" data-end=\"1940\">\n<p data-start=\"1903\" data-end=\"1940\">Design: Geometrisk stil med flera lager<\/p>\n<\/li>\n<li data-section-id=\"1vzg45z\" data-start=\"1941\" data-end=\"1974\">\n<p data-start=\"1943\" data-end=\"1974\">Funktion: Justerbar \u00f6ppen ring<\/p>\n<\/li>\n<li data-section-id=\"15kb134\" data-start=\"1975\" data-end=\"2036\">\n<p data-start=\"1977\" data-end=\"2036\">Egenskaper: Anti-f\u00e4rg, vattenavvisande, allergiv\u00e4nlig<\/p>\n<\/li>\n<li data-section-id=\"15kb134\" data-start=\"1975\" data-end=\"2036\">Storlek: 1,7 x 0,8 cm<\/li>\n<\/ul>\n<h2 style=\"text-align: center\" data-section-id=\"13s7cfc\" data-start=\"2063\" data-end=\"2087\">\ud83d\udce5 Paketet inneh\u00e5ller<\/h2>\n<ul data-start=\"2089\" data-end=\"2121\">\n<li style=\"list-style-type: none\">\n<ul data-start=\"2089\" data-end=\"2121\">\n<li data-section-id=\"s90frf\" data-start=\"2089\" data-end=\"2121\">\n<p data-start=\"2091\" data-end=\"2121\">1x elegant flerskiktsring.<\/p>\n<\/li>\n<\/ul>\n<\/li>\n<\/ul>\n","protected":false},"excerpt":{"rendered":"<p>\u2728Enkel elegans, runt ditt finger.<br \/>\n\ud83d\udc8eEn utm\u00e4rkande smycke som blandar modern design med tidl\u00f6s sk\u00f6nhet &#8211; gjord f\u00f6r att lyfta varje look.<br \/>\n\ud83d\udc8dRaffinerad, str\u00e5lande och gjord f\u00f6r att passa dig perfekt &#8211; smycken som k\u00e4nns lika bra som de ser ut.<\/p>\n","protected":false},"featured_media":25934,"comment_status":"open","ping_status":"closed","template":"","meta":{"site-sidebar-layout":"default","site-content-layout":"","ast-site-content-layout":"default","site-content-style":"default","site-sidebar-style":"default","ast-global-header-display":"","ast-banner-title-visibility":"","ast-main-header-display":"","ast-hfb-above-header-display":"","ast-hfb-below-header-display":"","ast-hfb-mobile-header-display":"","site-post-title":"","ast-breadcrumbs-content":"","ast-featured-img":"","footer-sml-layout":"","ast-disable-related-posts":"","theme-transparent-header-meta":"default","adv-header-id-meta":"","stick-header-meta":"","header-above-stick-meta":"","header-main-stick-meta":"","header-below-stick-meta":"","astra-migrate-meta-layouts":"set","ast-page-background-enabled":"default","ast-page-background-meta":{"desktop":{"background-color":"var(--ast-global-color-5)","background-image":"","background-repeat":"repeat","background-position":"center center","background-size":"auto","background-attachment":"scroll","background-type":"","background-media":"","overlay-type":"","overlay-color":"","overlay-opacity":"","overlay-gradient":""},"tablet":{"background-color":"","background-image":"","background-repeat":"repeat","background-position":"center center","background-size":"auto","background-attachment":"scroll","background-type":"","background-media":"","overlay-type":"","overlay-color":"","overlay-opacity":"","overlay-gradient":""},"mobile":{"background-color":"","background-image":"","background-repeat":"repeat","background-position":"center center","background-size":"auto","background-attachment":"scroll","background-type":"","background-media":"","overlay-type":"","overlay-color":"","overlay-opacity":"","overlay-gradient":""}},"ast-content-background-meta":{"desktop":{"background-color":"var(--ast-global-color-4)","background-image":"","background-repeat":"repeat","background-position":"center center","background-size":"auto","background-attachment":"scroll","background-type":"","background-media":"","overlay-type":"","overlay-color":"","overlay-opacity":"","overlay-gradient":""},"tablet":{"background-color":"var(--ast-global-color-4)","background-image":"","background-repeat":"repeat","background-position":"center center","background-size":"auto","background-attachment":"scroll","background-type":"","background-media":"","overlay-type":"","overlay-color":"","overlay-opacity":"","overlay-gradient":""},"mobile":{"background-color":"var(--ast-global-color-4)","background-image":"","background-repeat":"repeat","background-position":"center center","background-size":"auto","background-attachment":"scroll","background-type":"","background-media":"","overlay-type":"","overlay-color":"","overlay-opacity":"","overlay-gradient":""}}},"product_brand":[],"product_cat":[165],"product_tag":[],"class_list":{"0":"post-25938","1":"product","2":"type-product","3":"status-publish","4":"has-post-thumbnail","6":"product_cat-skor-accessoarer","7":"desktop-align-left","8":"tablet-align-left","9":"mobile-align-left","11":"first","12":"instock","13":"shipping-taxable","14":"purchasable","15":"product-type-simple"},"yoast_head":"<!-- This site is optimized with the Yoast SEO plugin v27.4 - https:\/\/yoast.com\/product\/yoast-seo-wordpress\/ -->\n<title>Elegant ring i flera lager - Deravio SE<\/title>\n<meta name=\"robots\" content=\"index, follow, max-snippet:-1, max-image-preview:large, max-video-preview:-1\" \/>\n<link rel=\"canonical\" href=\"https:\/\/deravio.com\/se\/produkt\/elegant-ring-i-flera-lager\/\" \/>\n<meta property=\"og:locale\" content=\"sv_SE\" \/>\n<meta property=\"og:type\" content=\"article\" \/>\n<meta property=\"og:title\" content=\"Elegant ring i flera lager - Deravio SE\" \/>\n<meta property=\"og:description\" content=\"\u2728Enkel elegans, runt ditt finger. \ud83d\udc8eEn utm\u00e4rkande smycke som blandar modern design med tidl\u00f6s sk\u00f6nhet - gjord f\u00f6r att lyfta varje look. \ud83d\udc8dRaffinerad, str\u00e5lande och gjord f\u00f6r att passa dig perfekt - smycken som k\u00e4nns lika bra som de ser ut.\" \/>\n<meta property=\"og:url\" content=\"https:\/\/deravio.com\/se\/produkt\/elegant-ring-i-flera-lager\/\" \/>\n<meta property=\"og:site_name\" content=\"Deravio SE\" \/>\n<meta property=\"article:modified_time\" content=\"2026-05-06T17:22:30+00:00\" \/>\n<meta property=\"og:image\" content=\"https:\/\/deravio.com\/se\/wp-content\/uploads\/sites\/20\/2026\/05\/desfg54-1.webp\" \/>\n\t<meta property=\"og:image:width\" content=\"1170\" \/>\n\t<meta property=\"og:image:height\" content=\"1170\" \/>\n\t<meta property=\"og:image:type\" content=\"image\/webp\" \/>\n<meta name=\"twitter:card\" content=\"summary_large_image\" \/>\n<meta name=\"twitter:label1\" content=\"Ber\u00e4knad l\u00e4stid\" \/>\n\t<meta name=\"twitter:data1\" content=\"2 minuter\" \/>\n<script type=\"application\/ld+json\" class=\"yoast-schema-graph\">{\"@context\":\"https:\\\/\\\/schema.org\",\"@graph\":[{\"@type\":\"WebPage\",\"@id\":\"https:\\\/\\\/deravio.com\\\/se\\\/produkt\\\/elegant-ring-i-flera-lager\\\/\",\"url\":\"https:\\\/\\\/deravio.com\\\/se\\\/produkt\\\/elegant-ring-i-flera-lager\\\/\",\"name\":\"Elegant ring i flera lager - Deravio SE\",\"isPartOf\":{\"@id\":\"https:\\\/\\\/deravio.com\\\/se\\\/#website\"},\"primaryImageOfPage\":{\"@id\":\"https:\\\/\\\/deravio.com\\\/se\\\/produkt\\\/elegant-ring-i-flera-lager\\\/#primaryimage\"},\"image\":{\"@id\":\"https:\\\/\\\/deravio.com\\\/se\\\/produkt\\\/elegant-ring-i-flera-lager\\\/#primaryimage\"},\"thumbnailUrl\":\"https:\\\/\\\/deravio.com\\\/se\\\/wp-content\\\/uploads\\\/sites\\\/20\\\/2026\\\/05\\\/desfg54-1.webp\",\"datePublished\":\"2026-05-06T16:03:14+00:00\",\"dateModified\":\"2026-05-06T17:22:30+00:00\",\"breadcrumb\":{\"@id\":\"https:\\\/\\\/deravio.com\\\/se\\\/produkt\\\/elegant-ring-i-flera-lager\\\/#breadcrumb\"},\"inLanguage\":\"sv-SE\",\"potentialAction\":[{\"@type\":\"ReadAction\",\"target\":[\"https:\\\/\\\/deravio.com\\\/se\\\/produkt\\\/elegant-ring-i-flera-lager\\\/\"]}]},{\"@type\":\"ImageObject\",\"inLanguage\":\"sv-SE\",\"@id\":\"https:\\\/\\\/deravio.com\\\/se\\\/produkt\\\/elegant-ring-i-flera-lager\\\/#primaryimage\",\"url\":\"https:\\\/\\\/deravio.com\\\/se\\\/wp-content\\\/uploads\\\/sites\\\/20\\\/2026\\\/05\\\/desfg54-1.webp\",\"contentUrl\":\"https:\\\/\\\/deravio.com\\\/se\\\/wp-content\\\/uploads\\\/sites\\\/20\\\/2026\\\/05\\\/desfg54-1.webp\",\"width\":1170,\"height\":1170},{\"@type\":\"BreadcrumbList\",\"@id\":\"https:\\\/\\\/deravio.com\\\/se\\\/produkt\\\/elegant-ring-i-flera-lager\\\/#breadcrumb\",\"itemListElement\":[{\"@type\":\"ListItem\",\"position\":1,\"name\":\"Home\",\"item\":\"https:\\\/\\\/deravio.com\\\/se\\\/\"},{\"@type\":\"ListItem\",\"position\":2,\"name\":\"Butik\",\"item\":\"https:\\\/\\\/deravio.com\\\/se\\\/butik\\\/\"},{\"@type\":\"ListItem\",\"position\":3,\"name\":\"Elegant ring i flera lager\"}]},{\"@type\":\"WebSite\",\"@id\":\"https:\\\/\\\/deravio.com\\\/se\\\/#website\",\"url\":\"https:\\\/\\\/deravio.com\\\/se\\\/\",\"name\":\"Deravio SE\",\"description\":\"\",\"publisher\":{\"@id\":\"https:\\\/\\\/deravio.com\\\/se\\\/#organization\"},\"potentialAction\":[{\"@type\":\"SearchAction\",\"target\":{\"@type\":\"EntryPoint\",\"urlTemplate\":\"https:\\\/\\\/deravio.com\\\/se\\\/?s={search_term_string}\"},\"query-input\":{\"@type\":\"PropertyValueSpecification\",\"valueRequired\":true,\"valueName\":\"search_term_string\"}}],\"inLanguage\":\"sv-SE\"},{\"@type\":\"Organization\",\"@id\":\"https:\\\/\\\/deravio.com\\\/se\\\/#organization\",\"name\":\"Mekulo\",\"url\":\"https:\\\/\\\/deravio.com\\\/se\\\/\",\"logo\":{\"@type\":\"ImageObject\",\"inLanguage\":\"sv-SE\",\"@id\":\"https:\\\/\\\/deravio.com\\\/se\\\/#\\\/schema\\\/logo\\\/image\\\/\",\"url\":\"https:\\\/\\\/deravio.com\\\/se\\\/wp-content\\\/uploads\\\/sites\\\/20\\\/2025\\\/12\\\/favicon_mekulo.png\",\"contentUrl\":\"https:\\\/\\\/deravio.com\\\/se\\\/wp-content\\\/uploads\\\/sites\\\/20\\\/2025\\\/12\\\/favicon_mekulo.png\",\"width\":50,\"height\":50,\"caption\":\"Mekulo\"},\"image\":{\"@id\":\"https:\\\/\\\/deravio.com\\\/se\\\/#\\\/schema\\\/logo\\\/image\\\/\"}}]}<\/script>\n<!-- \/ Yoast SEO plugin. -->","yoast_head_json":{"title":"Elegant ring i flera lager - Deravio SE","robots":{"index":"index","follow":"follow","max-snippet":"max-snippet:-1","max-image-preview":"max-image-preview:large","max-video-preview":"max-video-preview:-1"},"canonical":"https:\/\/deravio.com\/se\/produkt\/elegant-ring-i-flera-lager\/","og_locale":"sv_SE","og_type":"article","og_title":"Elegant ring i flera lager - Deravio SE","og_description":"\u2728Enkel elegans, runt ditt finger. \ud83d\udc8eEn utm\u00e4rkande smycke som blandar modern design med tidl\u00f6s sk\u00f6nhet - gjord f\u00f6r att lyfta varje look. \ud83d\udc8dRaffinerad, str\u00e5lande och gjord f\u00f6r att passa dig perfekt - smycken som k\u00e4nns lika bra som de ser ut.","og_url":"https:\/\/deravio.com\/se\/produkt\/elegant-ring-i-flera-lager\/","og_site_name":"Deravio SE","article_modified_time":"2026-05-06T17:22:30+00:00","og_image":[{"width":1170,"height":1170,"url":"https:\/\/deravio.com\/se\/wp-content\/uploads\/sites\/20\/2026\/05\/desfg54-1.webp","type":"image\/webp"}],"twitter_card":"summary_large_image","twitter_misc":{"Ber\u00e4knad l\u00e4stid":"2 minuter"},"schema":{"@context":"https:\/\/schema.org","@graph":[{"@type":"WebPage","@id":"https:\/\/deravio.com\/se\/produkt\/elegant-ring-i-flera-lager\/","url":"https:\/\/deravio.com\/se\/produkt\/elegant-ring-i-flera-lager\/","name":"Elegant ring i flera lager - Deravio SE","isPartOf":{"@id":"https:\/\/deravio.com\/se\/#website"},"primaryImageOfPage":{"@id":"https:\/\/deravio.com\/se\/produkt\/elegant-ring-i-flera-lager\/#primaryimage"},"image":{"@id":"https:\/\/deravio.com\/se\/produkt\/elegant-ring-i-flera-lager\/#primaryimage"},"thumbnailUrl":"https:\/\/deravio.com\/se\/wp-content\/uploads\/sites\/20\/2026\/05\/desfg54-1.webp","datePublished":"2026-05-06T16:03:14+00:00","dateModified":"2026-05-06T17:22:30+00:00","breadcrumb":{"@id":"https:\/\/deravio.com\/se\/produkt\/elegant-ring-i-flera-lager\/#breadcrumb"},"inLanguage":"sv-SE","potentialAction":[{"@type":"ReadAction","target":["https:\/\/deravio.com\/se\/produkt\/elegant-ring-i-flera-lager\/"]}]},{"@type":"ImageObject","inLanguage":"sv-SE","@id":"https:\/\/deravio.com\/se\/produkt\/elegant-ring-i-flera-lager\/#primaryimage","url":"https:\/\/deravio.com\/se\/wp-content\/uploads\/sites\/20\/2026\/05\/desfg54-1.webp","contentUrl":"https:\/\/deravio.com\/se\/wp-content\/uploads\/sites\/20\/2026\/05\/desfg54-1.webp","width":1170,"height":1170},{"@type":"BreadcrumbList","@id":"https:\/\/deravio.com\/se\/produkt\/elegant-ring-i-flera-lager\/#breadcrumb","itemListElement":[{"@type":"ListItem","position":1,"name":"Home","item":"https:\/\/deravio.com\/se\/"},{"@type":"ListItem","position":2,"name":"Butik","item":"https:\/\/deravio.com\/se\/butik\/"},{"@type":"ListItem","position":3,"name":"Elegant ring i flera lager"}]},{"@type":"WebSite","@id":"https:\/\/deravio.com\/se\/#website","url":"https:\/\/deravio.com\/se\/","name":"Deravio SE","description":"","publisher":{"@id":"https:\/\/deravio.com\/se\/#organization"},"potentialAction":[{"@type":"SearchAction","target":{"@type":"EntryPoint","urlTemplate":"https:\/\/deravio.com\/se\/?s={search_term_string}"},"query-input":{"@type":"PropertyValueSpecification","valueRequired":true,"valueName":"search_term_string"}}],"inLanguage":"sv-SE"},{"@type":"Organization","@id":"https:\/\/deravio.com\/se\/#organization","name":"Mekulo","url":"https:\/\/deravio.com\/se\/","logo":{"@type":"ImageObject","inLanguage":"sv-SE","@id":"https:\/\/deravio.com\/se\/#\/schema\/logo\/image\/","url":"https:\/\/deravio.com\/se\/wp-content\/uploads\/sites\/20\/2025\/12\/favicon_mekulo.png","contentUrl":"https:\/\/deravio.com\/se\/wp-content\/uploads\/sites\/20\/2025\/12\/favicon_mekulo.png","width":50,"height":50,"caption":"Mekulo"},"image":{"@id":"https:\/\/deravio.com\/se\/#\/schema\/logo\/image\/"}}]}},"_links":{"self":[{"href":"https:\/\/deravio.com\/se\/wp-json\/wp\/v2\/product\/25938","targetHints":{"allow":["GET"]}}],"collection":[{"href":"https:\/\/deravio.com\/se\/wp-json\/wp\/v2\/product"}],"about":[{"href":"https:\/\/deravio.com\/se\/wp-json\/wp\/v2\/types\/product"}],"replies":[{"embeddable":true,"href":"https:\/\/deravio.com\/se\/wp-json\/wp\/v2\/comments?post=25938"}],"wp:featuredmedia":[{"embeddable":true,"href":"https:\/\/deravio.com\/se\/wp-json\/wp\/v2\/media\/25934"}],"wp:attachment":[{"href":"https:\/\/deravio.com\/se\/wp-json\/wp\/v2\/media?parent=25938"}],"wp:term":[{"taxonomy":"product_brand","embeddable":true,"href":"https:\/\/deravio.com\/se\/wp-json\/wp\/v2\/product_brand?post=25938"},{"taxonomy":"product_cat","embeddable":true,"href":"https:\/\/deravio.com\/se\/wp-json\/wp\/v2\/product_cat?post=25938"},{"taxonomy":"product_tag","embeddable":true,"href":"https:\/\/deravio.com\/se\/wp-json\/wp\/v2\/product_tag?post=25938"}],"curies":[{"name":"wp","href":"https:\/\/api.w.org\/{rel}","templated":true}]}}