{"id":25919,"date":"2026-05-06T19:01:36","date_gmt":"2026-05-06T16:01:36","guid":{"rendered":"https:\/\/deravio.com\/se\/produkt\/skulptur-av-kattogon\/"},"modified":"2026-05-06T20:20:49","modified_gmt":"2026-05-06T17:20:49","slug":"skulptur-av-kattogon","status":"publish","type":"product","link":"https:\/\/deravio.com\/se\/produkt\/skulptur-av-kattogon\/","title":{"rendered":"Skulptur av katt\u00f6gon"},"content":{"rendered":"<h2 style=\"text-align: center\" data-section-id=\"5d61m3\" data-start=\"2069\" data-end=\"2087\">\u2728 L\u00f6ftet<\/h2>\n<p style=\"text-align: center\" data-start=\"2089\" data-end=\"2154\">Stilla elegans.<br data-start=\"2104\" data-end=\"2107\" \/>Lugn energi.<br data-start=\"2119\" data-end=\"2122\" \/>Ett utrymme som k\u00e4nns som ditt.<\/p>\n<p data-start=\"2089\" data-end=\"2154\"><img fetchpriority=\"high\" decoding=\"async\" class=\"size-full wp-image-28431 aligncenter\" src=\"https:\/\/mekulo.com\/template\/wp-content\/uploads\/sites\/6\/2026\/03\/S99eebe48652c4cbdaba695a7913da46e0.jpg_960x960q75.jpg_.avif\" alt=\"\" width=\"960\" height=\"960\" \/><\/p>\n<h2 style=\"text-align: center\" data-section-id=\"u4ub2a\" data-start=\"404\" data-end=\"424\">\u2728 Huvudf\u00f6rdelar<\/h2>\n<p data-start=\"428\" data-end=\"547\">\ud83d\udc08\u200d\u2b1b Sl\u00e5ende minimalistisk design &#8211; En elegant svart kattform med en marmortextur som omedelbart lyfter alla utrymmen.<\/p>\n<p data-start=\"551\" data-end=\"661\">\ud83e\uddd8 Skapar en lugn, balanserad atmosf\u00e4r &#8211; Ger en k\u00e4nsla av stillhet och lugn energi till din milj\u00f6.<\/p>\n<p data-start=\"665\" data-end=\"765\">\u2728 Smidig stiluppgradering &#8211; Passar perfekt in i moderna, minimalistiska eller bohemiska milj\u00f6er.<\/p>\n<p data-start=\"769\" data-end=\"853\">\ud83d\udee1\ufe0f Gjord f\u00f6r att h\u00e5lla &#8211; H\u00e5llbar konstruktion i harts som beh\u00e5ller sin sk\u00f6nhet \u00f6ver tid.<\/p>\n<p data-start=\"857\" data-end=\"960\">\ud83c\udf81 En meningsfull g\u00e5va &#8211; Perfekt f\u00f6r katt\u00e4lskare eller andra som uppskattar unik, genomt\u00e4nkt inredning.<\/p>\n<h2 style=\"text-align: center\" data-section-id=\"5yj8z6\" data-start=\"967\" data-end=\"993\">\ud83e\udde9 Problem \u2192 L\u00f6sning<\/h2>\n<p data-start=\"995\" data-end=\"1100\"><strong data-start=\"995\" data-end=\"1007\">Problem:<\/strong><br data-start=\"1007\" data-end=\"1010\" \/>De flesta dekorationer k\u00e4nns generiska, livl\u00f6sa eller \u00e5terspeglar inte riktigt din personlighet eller stil.<\/p>\n<p data-start=\"1102\" data-end=\"1241\"><strong data-start=\"1102\" data-end=\"1115\">L\u00f6sning:<\/strong><br data-start=\"1115\" data-end=\"1118\" \/>Denna katt\u00f6gonsskulptur ger karakt\u00e4r och k\u00e4nsla till ditt utrymme &#8211; en bit som k\u00e4nns avsiktlig, personlig och lugnande.<\/p>\n<p data-start=\"1102\" data-end=\"1241\"><img decoding=\"async\" class=\"size-full wp-image-28430 aligncenter\" src=\"https:\/\/mekulo.com\/template\/wp-content\/uploads\/sites\/6\/2026\/03\/Sdf57ae4e96f14d60be2d05430cfef32bq.jpg_960x960q75.jpg_.avif\" alt=\"\" width=\"800\" height=\"800\" \/><\/p>\n<h2 style=\"text-align: center\" data-section-id=\"baj5e8\" data-start=\"1248\" data-end=\"1276\">\ud83c\udf0d Anv\u00e4ndningsfall \/ Livsstil<\/h2>\n<ul data-start=\"1293\" data-end=\"1476\">\n<li data-section-id=\"11kukcr\" data-start=\"1293\" data-end=\"1341\">\n<p data-start=\"1295\" data-end=\"1341\">Arbetsbord som beh\u00f6ver inspiration och lugn<\/p>\n<\/li>\n<li data-section-id=\"1mb4i8y\" data-start=\"1342\" data-end=\"1386\">\n<p data-start=\"1344\" data-end=\"1386\">Vardagsrum med en modern estetik<\/p>\n<\/li>\n<li data-section-id=\"1vphsg3\" data-start=\"1387\" data-end=\"1430\">\n<p data-start=\"1389\" data-end=\"1430\">Hyllor, spiselkransar eller s\u00e4ngbord<\/p>\n<\/li>\n<li data-section-id=\"at4ajc\" data-start=\"1431\" data-end=\"1476\">\n<p data-start=\"1433\" data-end=\"1476\">Presenter som k\u00e4nns personliga och minnesv\u00e4rda<\/p>\n<\/li>\n<\/ul>\n<p data-start=\"1478\" data-end=\"1538\">Det \u00e4r inte bara dekoration &#8211; det \u00e4r en k\u00e4nsla i ditt utrymme.<\/p>\n<h2 style=\"text-align: center\" data-section-id=\"1r8t0f\" data-start=\"1545\" data-end=\"1564\">\ud83d\udee0\ufe0f Hur man anv\u00e4nder<\/h2>\n<ol data-start=\"1566\" data-end=\"1739\">\n<li data-section-id=\"1nzceih\" data-start=\"1566\" data-end=\"1617\">\n<p data-start=\"1569\" data-end=\"1617\">Placera skulpturen p\u00e5 ett skrivbord, en hylla eller ett bord.<\/p>\n<\/li>\n<li data-section-id=\"950x1\" data-start=\"1618\" data-end=\"1677\">\n<p data-start=\"1621\" data-end=\"1677\">Kombinera den med din befintliga inredning eller l\u00e5t den st\u00e5 ensam.<\/p>\n<\/li>\n<li data-section-id=\"1dvfi9u\" data-start=\"1678\" data-end=\"1739\">\n<p data-start=\"1681\" data-end=\"1739\">Njut av den subtila elegansen och lugnande n\u00e4rvaron som den ger.<\/p>\n<\/li>\n<\/ol>\n<p data-start=\"1741\" data-end=\"1770\">Enkel. Tidl\u00f6s. Vacker.<\/p>\n<h2 style=\"text-align: center\" data-section-id=\"1fuqdo7\" data-start=\"1777\" data-end=\"1800\">\ud83d\udce6 Produktdetaljer<\/h2>\n<ul data-start=\"1802\" data-end=\"2004\">\n<li data-section-id=\"1fy5784\" data-start=\"1802\" data-end=\"1834\">\n<p data-start=\"1804\" data-end=\"1834\">Material: H\u00f6gkvalitativt harts<\/p>\n<\/li>\n<li data-section-id=\"1jejwr8\" data-start=\"1835\" data-end=\"1885\">\n<p data-start=\"1837\" data-end=\"1885\">Design: Svart kattfigurin med marmorstruktur<\/p>\n<\/li>\n<li data-section-id=\"4r2jyq\" data-start=\"1886\" data-end=\"1919\">\n<p data-start=\"1888\" data-end=\"1919\">Storlek: Kompakt, utrymmesv\u00e4nlig<\/p>\n<\/li>\n<li data-section-id=\"1yjcstg\" data-start=\"1920\" data-end=\"1962\">\n<p data-start=\"1922\" data-end=\"1962\">H\u00e5llbarhet: Motst\u00e5ndskraftig och l\u00e5ngvarig<\/p>\n<\/li>\n<li data-section-id=\"q5kqe4\" data-start=\"1963\" data-end=\"2004\">\n<p data-start=\"1965\" data-end=\"2004\">Stil: Minimalistisk \/ modern \/ bohemisk<\/p>\n<\/li>\n<li data-section-id=\"q5kqe4\" data-start=\"1963\" data-end=\"2004\">\n<p data-start=\"1965\" data-end=\"2004\">Storlek: 7,5 x 7,5 cm<\/p>\n<\/li>\n<\/ul>\n<h2 style=\"text-align: center\" data-section-id=\"13s7cfc\" data-start=\"2011\" data-end=\"2035\">\ud83d\udce5 Paketet inneh\u00e5ller<\/h2>\n<ul data-start=\"2037\" data-end=\"2062\">\n<li data-section-id=\"1kpq1ri\" data-start=\"2037\" data-end=\"2062\">\n<p data-start=\"2039\" data-end=\"2062\">1x katt\u00f6gonskulptur.<\/p>\n<\/li>\n<\/ul>\n","protected":false},"excerpt":{"rendered":"<p>\ud83d\ude3aEn tyst n\u00e4rvaro. Ett kraftfullt uttalande.<br \/>\n\ud83c\udfe0F\u00f6r in elegans, lugn och personlighet i ditt rum med ett f\u00f6rem\u00e5l som k\u00e4nns b\u00e5de modernt och meningsfullt.<br \/>\n\ud83d\udc08\u200d\u2b1bMer \u00e4n inredning &#8211; en symbol f\u00f6r mystik, lugn energi och tidl\u00f6s stil.<\/p>\n","protected":false},"featured_media":25915,"comment_status":"open","ping_status":"closed","template":"","meta":{"site-sidebar-layout":"default","site-content-layout":"","ast-site-content-layout":"default","site-content-style":"default","site-sidebar-style":"default","ast-global-header-display":"","ast-banner-title-visibility":"","ast-main-header-display":"","ast-hfb-above-header-display":"","ast-hfb-below-header-display":"","ast-hfb-mobile-header-display":"","site-post-title":"","ast-breadcrumbs-content":"","ast-featured-img":"","footer-sml-layout":"","ast-disable-related-posts":"","theme-transparent-header-meta":"default","adv-header-id-meta":"","stick-header-meta":"","header-above-stick-meta":"","header-main-stick-meta":"","header-below-stick-meta":"","astra-migrate-meta-layouts":"set","ast-page-background-enabled":"default","ast-page-background-meta":{"desktop":{"background-color":"var(--ast-global-color-5)","background-image":"","background-repeat":"repeat","background-position":"center center","background-size":"auto","background-attachment":"scroll","background-type":"","background-media":"","overlay-type":"","overlay-color":"","overlay-opacity":"","overlay-gradient":""},"tablet":{"background-color":"","background-image":"","background-repeat":"repeat","background-position":"center center","background-size":"auto","background-attachment":"scroll","background-type":"","background-media":"","overlay-type":"","overlay-color":"","overlay-opacity":"","overlay-gradient":""},"mobile":{"background-color":"","background-image":"","background-repeat":"repeat","background-position":"center center","background-size":"auto","background-attachment":"scroll","background-type":"","background-media":"","overlay-type":"","overlay-color":"","overlay-opacity":"","overlay-gradient":""}},"ast-content-background-meta":{"desktop":{"background-color":"var(--ast-global-color-4)","background-image":"","background-repeat":"repeat","background-position":"center center","background-size":"auto","background-attachment":"scroll","background-type":"","background-media":"","overlay-type":"","overlay-color":"","overlay-opacity":"","overlay-gradient":""},"tablet":{"background-color":"var(--ast-global-color-4)","background-image":"","background-repeat":"repeat","background-position":"center center","background-size":"auto","background-attachment":"scroll","background-type":"","background-media":"","overlay-type":"","overlay-color":"","overlay-opacity":"","overlay-gradient":""},"mobile":{"background-color":"var(--ast-global-color-4)","background-image":"","background-repeat":"repeat","background-position":"center center","background-size":"auto","background-attachment":"scroll","background-type":"","background-media":"","overlay-type":"","overlay-color":"","overlay-opacity":"","overlay-gradient":""}}},"product_brand":[],"product_cat":[168],"product_tag":[],"class_list":{"0":"post-25919","1":"product","2":"type-product","3":"status-publish","4":"has-post-thumbnail","6":"product_cat-hushallsprodukter","7":"pa_67373_r8yhawkx-bla","8":"pa_67373_r8yhawkx-gron","9":"pa_67373_r8yhawkx-gul","10":"pa_67373_r8yhawkx-lila","11":"pa_67373_r8yhawkx-rod","12":"desktop-align-left","13":"tablet-align-left","14":"mobile-align-left","16":"first","17":"instock","18":"shipping-taxable","19":"purchasable","20":"product-type-variable"},"yoast_head":"<!-- This site is optimized with the Yoast SEO plugin v27.4 - https:\/\/yoast.com\/product\/yoast-seo-wordpress\/ -->\n<title>Skulptur av katt\u00f6gon - Deravio SE<\/title>\n<meta name=\"robots\" content=\"index, follow, max-snippet:-1, max-image-preview:large, max-video-preview:-1\" \/>\n<link rel=\"canonical\" href=\"https:\/\/deravio.com\/se\/produkt\/skulptur-av-kattogon\/\" \/>\n<meta property=\"og:locale\" content=\"sv_SE\" \/>\n<meta property=\"og:type\" content=\"article\" \/>\n<meta property=\"og:title\" content=\"Skulptur av katt\u00f6gon - Deravio SE\" \/>\n<meta property=\"og:description\" content=\"\ud83d\ude3aEn tyst n\u00e4rvaro. Ett kraftfullt uttalande. \ud83c\udfe0F\u00f6r in elegans, lugn och personlighet i ditt rum med ett f\u00f6rem\u00e5l som k\u00e4nns b\u00e5de modernt och meningsfullt. \ud83d\udc08\u200d\u2b1bMer \u00e4n inredning - en symbol f\u00f6r mystik, lugn energi och tidl\u00f6s stil.\" \/>\n<meta property=\"og:url\" content=\"https:\/\/deravio.com\/se\/produkt\/skulptur-av-kattogon\/\" \/>\n<meta property=\"og:site_name\" content=\"Deravio SE\" \/>\n<meta property=\"article:modified_time\" content=\"2026-05-06T17:20:49+00:00\" \/>\n<meta property=\"og:image\" content=\"https:\/\/deravio.com\/se\/wp-content\/uploads\/sites\/20\/2026\/05\/r3zd62r-1.jpg\" \/>\n\t<meta property=\"og:image:width\" content=\"600\" \/>\n\t<meta property=\"og:image:height\" content=\"600\" \/>\n\t<meta property=\"og:image:type\" content=\"image\/jpeg\" \/>\n<meta name=\"twitter:card\" content=\"summary_large_image\" \/>\n<meta name=\"twitter:label1\" content=\"Ber\u00e4knad l\u00e4stid\" \/>\n\t<meta name=\"twitter:data1\" content=\"2 minuter\" \/>\n<script type=\"application\/ld+json\" class=\"yoast-schema-graph\">{\"@context\":\"https:\\\/\\\/schema.org\",\"@graph\":[{\"@type\":\"WebPage\",\"@id\":\"https:\\\/\\\/deravio.com\\\/se\\\/produkt\\\/skulptur-av-kattogon\\\/\",\"url\":\"https:\\\/\\\/deravio.com\\\/se\\\/produkt\\\/skulptur-av-kattogon\\\/\",\"name\":\"Skulptur av katt\u00f6gon - Deravio SE\",\"isPartOf\":{\"@id\":\"https:\\\/\\\/deravio.com\\\/se\\\/#website\"},\"primaryImageOfPage\":{\"@id\":\"https:\\\/\\\/deravio.com\\\/se\\\/produkt\\\/skulptur-av-kattogon\\\/#primaryimage\"},\"image\":{\"@id\":\"https:\\\/\\\/deravio.com\\\/se\\\/produkt\\\/skulptur-av-kattogon\\\/#primaryimage\"},\"thumbnailUrl\":\"https:\\\/\\\/deravio.com\\\/se\\\/wp-content\\\/uploads\\\/sites\\\/20\\\/2026\\\/05\\\/r3zd62r-1.jpg\",\"datePublished\":\"2026-05-06T16:01:36+00:00\",\"dateModified\":\"2026-05-06T17:20:49+00:00\",\"breadcrumb\":{\"@id\":\"https:\\\/\\\/deravio.com\\\/se\\\/produkt\\\/skulptur-av-kattogon\\\/#breadcrumb\"},\"inLanguage\":\"sv-SE\",\"potentialAction\":[{\"@type\":\"ReadAction\",\"target\":[\"https:\\\/\\\/deravio.com\\\/se\\\/produkt\\\/skulptur-av-kattogon\\\/\"]}]},{\"@type\":\"ImageObject\",\"inLanguage\":\"sv-SE\",\"@id\":\"https:\\\/\\\/deravio.com\\\/se\\\/produkt\\\/skulptur-av-kattogon\\\/#primaryimage\",\"url\":\"https:\\\/\\\/deravio.com\\\/se\\\/wp-content\\\/uploads\\\/sites\\\/20\\\/2026\\\/05\\\/r3zd62r-1.jpg\",\"contentUrl\":\"https:\\\/\\\/deravio.com\\\/se\\\/wp-content\\\/uploads\\\/sites\\\/20\\\/2026\\\/05\\\/r3zd62r-1.jpg\",\"width\":600,\"height\":600},{\"@type\":\"BreadcrumbList\",\"@id\":\"https:\\\/\\\/deravio.com\\\/se\\\/produkt\\\/skulptur-av-kattogon\\\/#breadcrumb\",\"itemListElement\":[{\"@type\":\"ListItem\",\"position\":1,\"name\":\"Home\",\"item\":\"https:\\\/\\\/deravio.com\\\/se\\\/\"},{\"@type\":\"ListItem\",\"position\":2,\"name\":\"Butik\",\"item\":\"https:\\\/\\\/deravio.com\\\/se\\\/butik\\\/\"},{\"@type\":\"ListItem\",\"position\":3,\"name\":\"Skulptur av katt\u00f6gon\"}]},{\"@type\":\"WebSite\",\"@id\":\"https:\\\/\\\/deravio.com\\\/se\\\/#website\",\"url\":\"https:\\\/\\\/deravio.com\\\/se\\\/\",\"name\":\"Deravio SE\",\"description\":\"\",\"publisher\":{\"@id\":\"https:\\\/\\\/deravio.com\\\/se\\\/#organization\"},\"potentialAction\":[{\"@type\":\"SearchAction\",\"target\":{\"@type\":\"EntryPoint\",\"urlTemplate\":\"https:\\\/\\\/deravio.com\\\/se\\\/?s={search_term_string}\"},\"query-input\":{\"@type\":\"PropertyValueSpecification\",\"valueRequired\":true,\"valueName\":\"search_term_string\"}}],\"inLanguage\":\"sv-SE\"},{\"@type\":\"Organization\",\"@id\":\"https:\\\/\\\/deravio.com\\\/se\\\/#organization\",\"name\":\"Mekulo\",\"url\":\"https:\\\/\\\/deravio.com\\\/se\\\/\",\"logo\":{\"@type\":\"ImageObject\",\"inLanguage\":\"sv-SE\",\"@id\":\"https:\\\/\\\/deravio.com\\\/se\\\/#\\\/schema\\\/logo\\\/image\\\/\",\"url\":\"https:\\\/\\\/deravio.com\\\/se\\\/wp-content\\\/uploads\\\/sites\\\/20\\\/2025\\\/12\\\/favicon_mekulo.png\",\"contentUrl\":\"https:\\\/\\\/deravio.com\\\/se\\\/wp-content\\\/uploads\\\/sites\\\/20\\\/2025\\\/12\\\/favicon_mekulo.png\",\"width\":50,\"height\":50,\"caption\":\"Mekulo\"},\"image\":{\"@id\":\"https:\\\/\\\/deravio.com\\\/se\\\/#\\\/schema\\\/logo\\\/image\\\/\"}}]}<\/script>\n<!-- \/ Yoast SEO plugin. -->","yoast_head_json":{"title":"Skulptur av katt\u00f6gon - Deravio SE","robots":{"index":"index","follow":"follow","max-snippet":"max-snippet:-1","max-image-preview":"max-image-preview:large","max-video-preview":"max-video-preview:-1"},"canonical":"https:\/\/deravio.com\/se\/produkt\/skulptur-av-kattogon\/","og_locale":"sv_SE","og_type":"article","og_title":"Skulptur av katt\u00f6gon - Deravio SE","og_description":"\ud83d\ude3aEn tyst n\u00e4rvaro. Ett kraftfullt uttalande. \ud83c\udfe0F\u00f6r in elegans, lugn och personlighet i ditt rum med ett f\u00f6rem\u00e5l som k\u00e4nns b\u00e5de modernt och meningsfullt. \ud83d\udc08\u200d\u2b1bMer \u00e4n inredning - en symbol f\u00f6r mystik, lugn energi och tidl\u00f6s stil.","og_url":"https:\/\/deravio.com\/se\/produkt\/skulptur-av-kattogon\/","og_site_name":"Deravio SE","article_modified_time":"2026-05-06T17:20:49+00:00","og_image":[{"width":600,"height":600,"url":"https:\/\/deravio.com\/se\/wp-content\/uploads\/sites\/20\/2026\/05\/r3zd62r-1.jpg","type":"image\/jpeg"}],"twitter_card":"summary_large_image","twitter_misc":{"Ber\u00e4knad l\u00e4stid":"2 minuter"},"schema":{"@context":"https:\/\/schema.org","@graph":[{"@type":"WebPage","@id":"https:\/\/deravio.com\/se\/produkt\/skulptur-av-kattogon\/","url":"https:\/\/deravio.com\/se\/produkt\/skulptur-av-kattogon\/","name":"Skulptur av katt\u00f6gon - Deravio SE","isPartOf":{"@id":"https:\/\/deravio.com\/se\/#website"},"primaryImageOfPage":{"@id":"https:\/\/deravio.com\/se\/produkt\/skulptur-av-kattogon\/#primaryimage"},"image":{"@id":"https:\/\/deravio.com\/se\/produkt\/skulptur-av-kattogon\/#primaryimage"},"thumbnailUrl":"https:\/\/deravio.com\/se\/wp-content\/uploads\/sites\/20\/2026\/05\/r3zd62r-1.jpg","datePublished":"2026-05-06T16:01:36+00:00","dateModified":"2026-05-06T17:20:49+00:00","breadcrumb":{"@id":"https:\/\/deravio.com\/se\/produkt\/skulptur-av-kattogon\/#breadcrumb"},"inLanguage":"sv-SE","potentialAction":[{"@type":"ReadAction","target":["https:\/\/deravio.com\/se\/produkt\/skulptur-av-kattogon\/"]}]},{"@type":"ImageObject","inLanguage":"sv-SE","@id":"https:\/\/deravio.com\/se\/produkt\/skulptur-av-kattogon\/#primaryimage","url":"https:\/\/deravio.com\/se\/wp-content\/uploads\/sites\/20\/2026\/05\/r3zd62r-1.jpg","contentUrl":"https:\/\/deravio.com\/se\/wp-content\/uploads\/sites\/20\/2026\/05\/r3zd62r-1.jpg","width":600,"height":600},{"@type":"BreadcrumbList","@id":"https:\/\/deravio.com\/se\/produkt\/skulptur-av-kattogon\/#breadcrumb","itemListElement":[{"@type":"ListItem","position":1,"name":"Home","item":"https:\/\/deravio.com\/se\/"},{"@type":"ListItem","position":2,"name":"Butik","item":"https:\/\/deravio.com\/se\/butik\/"},{"@type":"ListItem","position":3,"name":"Skulptur av katt\u00f6gon"}]},{"@type":"WebSite","@id":"https:\/\/deravio.com\/se\/#website","url":"https:\/\/deravio.com\/se\/","name":"Deravio SE","description":"","publisher":{"@id":"https:\/\/deravio.com\/se\/#organization"},"potentialAction":[{"@type":"SearchAction","target":{"@type":"EntryPoint","urlTemplate":"https:\/\/deravio.com\/se\/?s={search_term_string}"},"query-input":{"@type":"PropertyValueSpecification","valueRequired":true,"valueName":"search_term_string"}}],"inLanguage":"sv-SE"},{"@type":"Organization","@id":"https:\/\/deravio.com\/se\/#organization","name":"Mekulo","url":"https:\/\/deravio.com\/se\/","logo":{"@type":"ImageObject","inLanguage":"sv-SE","@id":"https:\/\/deravio.com\/se\/#\/schema\/logo\/image\/","url":"https:\/\/deravio.com\/se\/wp-content\/uploads\/sites\/20\/2025\/12\/favicon_mekulo.png","contentUrl":"https:\/\/deravio.com\/se\/wp-content\/uploads\/sites\/20\/2025\/12\/favicon_mekulo.png","width":50,"height":50,"caption":"Mekulo"},"image":{"@id":"https:\/\/deravio.com\/se\/#\/schema\/logo\/image\/"}}]}},"_links":{"self":[{"href":"https:\/\/deravio.com\/se\/wp-json\/wp\/v2\/product\/25919","targetHints":{"allow":["GET"]}}],"collection":[{"href":"https:\/\/deravio.com\/se\/wp-json\/wp\/v2\/product"}],"about":[{"href":"https:\/\/deravio.com\/se\/wp-json\/wp\/v2\/types\/product"}],"replies":[{"embeddable":true,"href":"https:\/\/deravio.com\/se\/wp-json\/wp\/v2\/comments?post=25919"}],"wp:featuredmedia":[{"embeddable":true,"href":"https:\/\/deravio.com\/se\/wp-json\/wp\/v2\/media\/25915"}],"wp:attachment":[{"href":"https:\/\/deravio.com\/se\/wp-json\/wp\/v2\/media?parent=25919"}],"wp:term":[{"taxonomy":"product_brand","embeddable":true,"href":"https:\/\/deravio.com\/se\/wp-json\/wp\/v2\/product_brand?post=25919"},{"taxonomy":"product_cat","embeddable":true,"href":"https:\/\/deravio.com\/se\/wp-json\/wp\/v2\/product_cat?post=25919"},{"taxonomy":"product_tag","embeddable":true,"href":"https:\/\/deravio.com\/se\/wp-json\/wp\/v2\/product_tag?post=25919"}],"curies":[{"name":"wp","href":"https:\/\/api.w.org\/{rel}","templated":true}]}}