{"id":25828,"date":"2026-05-06T18:33:01","date_gmt":"2026-05-06T15:33:01","guid":{"rendered":"https:\/\/deravio.com\/se\/produkt\/handledsbaserad-planbok-med-puff\/"},"modified":"2026-05-06T20:16:28","modified_gmt":"2026-05-06T17:16:28","slug":"handledsbaserad-planbok-med-puff","status":"publish","type":"product","link":"https:\/\/deravio.com\/se\/produkt\/handledsbaserad-planbok-med-puff\/","title":{"rendered":"Handledsbaserad pl\u00e5nbok med puff"},"content":{"rendered":"<h2 style=\"text-align: center\" data-section-id=\"5d61m3\" data-start=\"2054\" data-end=\"2072\">\u2728 L\u00f6ftet<\/h2>\n<p style=\"text-align: center\" data-start=\"2074\" data-end=\"2134\">Mindre r\u00f6ra.<br data-start=\"2087\" data-end=\"2090\" \/>Mer kontroll.<br data-start=\"2103\" data-end=\"2106\" \/>Stil som r\u00f6r sig med dig.<\/p>\n<p data-start=\"2074\" data-end=\"2134\"><img fetchpriority=\"high\" decoding=\"async\" class=\" wp-image-28345 aligncenter\" src=\"https:\/\/mekulo.com\/template\/wp-content\/uploads\/sites\/6\/2026\/03\/122113-ezgif.com-video-to-webp-converter-6.webp\" alt=\"\" width=\"551\" height=\"551\" \/><\/p>\n<h2 style=\"text-align: center\" data-section-id=\"u4ub2a\" data-start=\"409\" data-end=\"429\">\u2728 Huvudf\u00f6rdelar<\/h2>\n<p data-start=\"433\" data-end=\"539\">\ud83d\udc5c Allt-i-ett-organisation &#8211; B\u00e4r din telefon, kort, kontanter, nycklar och viktiga saker &#8211; allt p\u00e5 ett st\u00e4lle.<\/p>\n<p data-start=\"543\" data-end=\"652\">\ud83d\udd12 Skydda det som \u00e4r viktigt &#8211; RFID-blockerande design skyddar din personliga information fr\u00e5n digital st\u00f6ld.<\/p>\n<p data-start=\"656\" data-end=\"758\">\ud83c\udf27\ufe0f H\u00e5llbar &amp; vattent\u00e4t &#8211; Designad f\u00f6r att hantera vardagen &#8211; fr\u00e5n spill till ov\u00e4ntat v\u00e4der.<\/p>\n<p data-start=\"762\" data-end=\"847\">\u270b Handsfree-komfort &#8211; Mjuk, bred handledsrem f\u00f6r enkel b\u00e4rning utan anstr\u00e4ngning.<\/p>\n<p data-start=\"851\" data-end=\"944\">\u2728 Enkel stiluppgradering &#8211; Vadderad design ger en modern, elegant touch till alla kl\u00e4der.<\/p>\n<h2 style=\"text-align: center\" data-section-id=\"5yj8z6\" data-start=\"951\" data-end=\"977\">\ud83e\udde9 Problem \u2192 L\u00f6sning<\/h2>\n<p data-start=\"979\" data-end=\"1092\"><strong data-start=\"979\" data-end=\"991\">Problem:<\/strong><br data-start=\"991\" data-end=\"994\" \/>Skrymmande v\u00e4skor, oorganiserade saker och st\u00e4ndigt letande efter din telefon eller dina kort g\u00f6r dig l\u00e5ngsammare.<\/p>\n<p data-start=\"1094\" data-end=\"1219\"><strong data-start=\"1094\" data-end=\"1107\">L\u00f6sning:<\/strong><br data-start=\"1107\" data-end=\"1110\" \/>Den h\u00e4r pl\u00e5nboken i puffertyg h\u00e5ller allt p\u00e5 ett st\u00e4lle &#8211; organiserat, skyddat och alltid inom r\u00e4ckh\u00e5ll.<\/p>\n<p data-start=\"1094\" data-end=\"1219\"><img decoding=\"async\" class=\"size-full wp-image-28344 aligncenter\" src=\"https:\/\/mekulo.com\/template\/wp-content\/uploads\/sites\/6\/2026\/03\/7543924162d55c926b99675ad608e87451d66cbc.jpg\" alt=\"\" width=\"1464\" height=\"600\" \/><\/p>\n<h2 style=\"text-align: center\" data-section-id=\"baj5e8\" data-start=\"1226\" data-end=\"1254\">\ud83c\udf0d Anv\u00e4ndningsfall \/ Livsstil<\/h2>\n<ul data-start=\"1271\" data-end=\"1416\">\n<li data-section-id=\"ezs7to\" data-start=\"1271\" data-end=\"1311\">\n<p data-start=\"1273\" data-end=\"1311\">Shoppingresor och snabba \u00e4renden<\/p>\n<\/li>\n<li data-section-id=\"176e40e\" data-start=\"1312\" data-end=\"1346\">\n<p data-start=\"1314\" data-end=\"1346\">Utekv\u00e4llar och sociala evenemang<\/p>\n<\/li>\n<li data-section-id=\"owgcf2\" data-start=\"1347\" data-end=\"1379\">\n<p data-start=\"1349\" data-end=\"1379\">Resor och dagliga pendlingar<\/p>\n<\/li>\n<li data-section-id=\"59g3yz\" data-start=\"1380\" data-end=\"1416\">\n<p data-start=\"1382\" data-end=\"1416\">Minimalistisk livsstil<\/p>\n<\/li>\n<\/ul>\n<p data-start=\"1418\" data-end=\"1473\">Fr\u00e5n hektiska dagar till avslappnade kv\u00e4llar &#8211; den passar ditt fl\u00f6de.<\/p>\n<h2 style=\"text-align: center\" data-section-id=\"1r8t0f\" data-start=\"1480\" data-end=\"1499\">\ud83d\udee0\ufe0f Hur man anv\u00e4nder<\/h2>\n<ol data-start=\"1501\" data-end=\"1692\">\n<li data-section-id=\"1fts4fr\" data-start=\"1501\" data-end=\"1552\">\n<p data-start=\"1504\" data-end=\"1552\">Organisera dina viktigaste saker i facken.<\/p>\n<\/li>\n<li data-section-id=\"qem1s0\" data-start=\"1553\" data-end=\"1596\">\n<p data-start=\"1556\" data-end=\"1596\">F\u00f6r handen genom handledsremmen.<\/p>\n<\/li>\n<li data-section-id=\"168926k\" data-start=\"1597\" data-end=\"1647\">\n<p data-start=\"1600\" data-end=\"1647\">B\u00e4r den ensam eller placera den i en st\u00f6rre v\u00e4ska.<\/p>\n<\/li>\n<li data-section-id=\"11gdr3f\" data-start=\"1648\" data-end=\"1692\">\n<p data-start=\"1651\" data-end=\"1692\">Kom \u00e5t allt direkt n\u00e4r det beh\u00f6vs.<\/p>\n<\/li>\n<\/ol>\n<p data-start=\"1694\" data-end=\"1730\">Enkel, praktisk och alltid redo.<\/p>\n<h2 style=\"text-align: center\" data-section-id=\"1fuqdo7\" data-start=\"1737\" data-end=\"1760\">\ud83d\udce6 Produktdetaljer<\/h2>\n<ul data-start=\"1762\" data-end=\"1984\">\n<li data-section-id=\"14hpx43\" data-start=\"1762\" data-end=\"1781\">\n<p data-start=\"1764\" data-end=\"1781\">Material: Nylon<\/p>\n<\/li>\n<li data-section-id=\"1vz289d\" data-start=\"1782\" data-end=\"1814\">\n<p data-start=\"1784\" data-end=\"1814\">Design: Vadderad\u00a0stil<\/p>\n<\/li>\n<li data-section-id=\"1t7n742\" data-start=\"1815\" data-end=\"1872\">\n<p data-start=\"1817\" data-end=\"1872\">Fack: Flera sektioner med dragkedja + kortfack<\/p>\n<\/li>\n<li data-section-id=\"12y9cr2\" data-start=\"1873\" data-end=\"1911\">\n<p data-start=\"1875\" data-end=\"1911\">Funktioner: RFID-blockerande teknik<\/p>\n<\/li>\n<li data-section-id=\"4il64u\" data-start=\"1912\" data-end=\"1952\">\n<p data-start=\"1914\" data-end=\"1952\">Band: Brett, bekv\u00e4mt handledsband<\/p>\n<\/li>\n<li data-section-id=\"4il64u\" data-start=\"1912\" data-end=\"1952\">Storlek: 19 x 13 x 2,6 cm<\/li>\n<\/ul>\n<h2 style=\"text-align: center\" data-section-id=\"13s7cfc\" data-start=\"1991\" data-end=\"2015\">\ud83d\udce5 I paketet ing\u00e5r<\/h2>\n<ul data-start=\"2017\" data-end=\"2047\">\n<li data-section-id=\"1dal3u5\" data-start=\"2017\" data-end=\"2047\">\n<p data-start=\"2019\" data-end=\"2047\">1x puffer wristlet pl\u00e5nbok.<\/p>\n<\/li>\n<\/ul>\n","protected":false},"excerpt":{"rendered":"<p>\ud83d\udcb3Allt du beh\u00f6ver. Inget du inte beh\u00f6ver.<br \/>\n\ud83d\udc5dH\u00e5ll dig organiserad, snygg och handsfree &#8211; varhelst dagen tar dig.<br \/>\n\ud83d\udcf1ett elegant vardagsf\u00f6rem\u00e5l som h\u00e5ller dina v\u00e4rdesaker s\u00e4kra, din stil enkel och ditt liv organiserat.<\/p>\n","protected":false},"featured_media":25824,"comment_status":"open","ping_status":"closed","template":"","meta":{"site-sidebar-layout":"default","site-content-layout":"","ast-site-content-layout":"default","site-content-style":"default","site-sidebar-style":"default","ast-global-header-display":"","ast-banner-title-visibility":"","ast-main-header-display":"","ast-hfb-above-header-display":"","ast-hfb-below-header-display":"","ast-hfb-mobile-header-display":"","site-post-title":"","ast-breadcrumbs-content":"","ast-featured-img":"","footer-sml-layout":"","ast-disable-related-posts":"","theme-transparent-header-meta":"default","adv-header-id-meta":"","stick-header-meta":"","header-above-stick-meta":"","header-main-stick-meta":"","header-below-stick-meta":"","astra-migrate-meta-layouts":"set","ast-page-background-enabled":"default","ast-page-background-meta":{"desktop":{"background-color":"var(--ast-global-color-5)","background-image":"","background-repeat":"repeat","background-position":"center center","background-size":"auto","background-attachment":"scroll","background-type":"","background-media":"","overlay-type":"","overlay-color":"","overlay-opacity":"","overlay-gradient":""},"tablet":{"background-color":"","background-image":"","background-repeat":"repeat","background-position":"center center","background-size":"auto","background-attachment":"scroll","background-type":"","background-media":"","overlay-type":"","overlay-color":"","overlay-opacity":"","overlay-gradient":""},"mobile":{"background-color":"","background-image":"","background-repeat":"repeat","background-position":"center center","background-size":"auto","background-attachment":"scroll","background-type":"","background-media":"","overlay-type":"","overlay-color":"","overlay-opacity":"","overlay-gradient":""}},"ast-content-background-meta":{"desktop":{"background-color":"var(--ast-global-color-4)","background-image":"","background-repeat":"repeat","background-position":"center center","background-size":"auto","background-attachment":"scroll","background-type":"","background-media":"","overlay-type":"","overlay-color":"","overlay-opacity":"","overlay-gradient":""},"tablet":{"background-color":"var(--ast-global-color-4)","background-image":"","background-repeat":"repeat","background-position":"center center","background-size":"auto","background-attachment":"scroll","background-type":"","background-media":"","overlay-type":"","overlay-color":"","overlay-opacity":"","overlay-gradient":""},"mobile":{"background-color":"var(--ast-global-color-4)","background-image":"","background-repeat":"repeat","background-position":"center center","background-size":"auto","background-attachment":"scroll","background-type":"","background-media":"","overlay-type":"","overlay-color":"","overlay-opacity":"","overlay-gradient":""}}},"product_brand":[],"product_cat":[165],"product_tag":[],"class_list":{"0":"post-25828","1":"product","2":"type-product","3":"status-publish","4":"has-post-thumbnail","6":"product_cat-skor-accessoarer","7":"pa_67063_3cenn26d-beige","8":"pa_67063_3cenn26d-gra","9":"pa_67063_3cenn26d-gron","10":"pa_67063_3cenn26d-khaki","11":"pa_67063_3cenn26d-lila","12":"pa_67063_3cenn26d-ljusrosa","13":"pa_67063_3cenn26d-rosa","14":"pa_67063_3cenn26d-svart","15":"desktop-align-left","16":"tablet-align-left","17":"mobile-align-left","19":"first","20":"instock","21":"shipping-taxable","22":"purchasable","23":"product-type-variable"},"yoast_head":"<!-- This site is optimized with the Yoast SEO plugin v27.4 - https:\/\/yoast.com\/product\/yoast-seo-wordpress\/ -->\n<title>Handledsbaserad pl\u00e5nbok med puff - Deravio SE<\/title>\n<meta name=\"robots\" content=\"index, follow, max-snippet:-1, max-image-preview:large, max-video-preview:-1\" \/>\n<link rel=\"canonical\" href=\"https:\/\/deravio.com\/se\/produkt\/handledsbaserad-planbok-med-puff\/\" \/>\n<meta property=\"og:locale\" content=\"sv_SE\" \/>\n<meta property=\"og:type\" content=\"article\" \/>\n<meta property=\"og:title\" content=\"Handledsbaserad pl\u00e5nbok med puff - Deravio SE\" \/>\n<meta property=\"og:description\" content=\"\ud83d\udcb3Allt du beh\u00f6ver. Inget du inte beh\u00f6ver. \ud83d\udc5dH\u00e5ll dig organiserad, snygg och handsfree - varhelst dagen tar dig. \ud83d\udcf1ett elegant vardagsf\u00f6rem\u00e5l som h\u00e5ller dina v\u00e4rdesaker s\u00e4kra, din stil enkel och ditt liv organiserat.\" \/>\n<meta property=\"og:url\" content=\"https:\/\/deravio.com\/se\/produkt\/handledsbaserad-planbok-med-puff\/\" \/>\n<meta property=\"og:site_name\" content=\"Deravio SE\" \/>\n<meta property=\"article:modified_time\" content=\"2026-05-06T17:16:28+00:00\" \/>\n<meta property=\"og:image\" content=\"https:\/\/deravio.com\/se\/wp-content\/uploads\/sites\/20\/2026\/05\/bzvjq3s-1.jpg\" \/>\n\t<meta property=\"og:image:width\" content=\"700\" \/>\n\t<meta property=\"og:image:height\" content=\"700\" \/>\n\t<meta property=\"og:image:type\" content=\"image\/jpeg\" \/>\n<meta name=\"twitter:card\" content=\"summary_large_image\" \/>\n<meta name=\"twitter:label1\" content=\"Ber\u00e4knad l\u00e4stid\" \/>\n\t<meta name=\"twitter:data1\" content=\"2 minuter\" \/>\n<script type=\"application\/ld+json\" class=\"yoast-schema-graph\">{\"@context\":\"https:\\\/\\\/schema.org\",\"@graph\":[{\"@type\":\"WebPage\",\"@id\":\"https:\\\/\\\/deravio.com\\\/se\\\/produkt\\\/handledsbaserad-planbok-med-puff\\\/\",\"url\":\"https:\\\/\\\/deravio.com\\\/se\\\/produkt\\\/handledsbaserad-planbok-med-puff\\\/\",\"name\":\"Handledsbaserad pl\u00e5nbok med puff - Deravio SE\",\"isPartOf\":{\"@id\":\"https:\\\/\\\/deravio.com\\\/se\\\/#website\"},\"primaryImageOfPage\":{\"@id\":\"https:\\\/\\\/deravio.com\\\/se\\\/produkt\\\/handledsbaserad-planbok-med-puff\\\/#primaryimage\"},\"image\":{\"@id\":\"https:\\\/\\\/deravio.com\\\/se\\\/produkt\\\/handledsbaserad-planbok-med-puff\\\/#primaryimage\"},\"thumbnailUrl\":\"https:\\\/\\\/deravio.com\\\/se\\\/wp-content\\\/uploads\\\/sites\\\/20\\\/2026\\\/05\\\/bzvjq3s-1.jpg\",\"datePublished\":\"2026-05-06T15:33:01+00:00\",\"dateModified\":\"2026-05-06T17:16:28+00:00\",\"breadcrumb\":{\"@id\":\"https:\\\/\\\/deravio.com\\\/se\\\/produkt\\\/handledsbaserad-planbok-med-puff\\\/#breadcrumb\"},\"inLanguage\":\"sv-SE\",\"potentialAction\":[{\"@type\":\"ReadAction\",\"target\":[\"https:\\\/\\\/deravio.com\\\/se\\\/produkt\\\/handledsbaserad-planbok-med-puff\\\/\"]}]},{\"@type\":\"ImageObject\",\"inLanguage\":\"sv-SE\",\"@id\":\"https:\\\/\\\/deravio.com\\\/se\\\/produkt\\\/handledsbaserad-planbok-med-puff\\\/#primaryimage\",\"url\":\"https:\\\/\\\/deravio.com\\\/se\\\/wp-content\\\/uploads\\\/sites\\\/20\\\/2026\\\/05\\\/bzvjq3s-1.jpg\",\"contentUrl\":\"https:\\\/\\\/deravio.com\\\/se\\\/wp-content\\\/uploads\\\/sites\\\/20\\\/2026\\\/05\\\/bzvjq3s-1.jpg\",\"width\":700,\"height\":700},{\"@type\":\"BreadcrumbList\",\"@id\":\"https:\\\/\\\/deravio.com\\\/se\\\/produkt\\\/handledsbaserad-planbok-med-puff\\\/#breadcrumb\",\"itemListElement\":[{\"@type\":\"ListItem\",\"position\":1,\"name\":\"Home\",\"item\":\"https:\\\/\\\/deravio.com\\\/se\\\/\"},{\"@type\":\"ListItem\",\"position\":2,\"name\":\"Butik\",\"item\":\"https:\\\/\\\/deravio.com\\\/se\\\/butik\\\/\"},{\"@type\":\"ListItem\",\"position\":3,\"name\":\"Handledsbaserad pl\u00e5nbok med puff\"}]},{\"@type\":\"WebSite\",\"@id\":\"https:\\\/\\\/deravio.com\\\/se\\\/#website\",\"url\":\"https:\\\/\\\/deravio.com\\\/se\\\/\",\"name\":\"Deravio SE\",\"description\":\"\",\"publisher\":{\"@id\":\"https:\\\/\\\/deravio.com\\\/se\\\/#organization\"},\"potentialAction\":[{\"@type\":\"SearchAction\",\"target\":{\"@type\":\"EntryPoint\",\"urlTemplate\":\"https:\\\/\\\/deravio.com\\\/se\\\/?s={search_term_string}\"},\"query-input\":{\"@type\":\"PropertyValueSpecification\",\"valueRequired\":true,\"valueName\":\"search_term_string\"}}],\"inLanguage\":\"sv-SE\"},{\"@type\":\"Organization\",\"@id\":\"https:\\\/\\\/deravio.com\\\/se\\\/#organization\",\"name\":\"Mekulo\",\"url\":\"https:\\\/\\\/deravio.com\\\/se\\\/\",\"logo\":{\"@type\":\"ImageObject\",\"inLanguage\":\"sv-SE\",\"@id\":\"https:\\\/\\\/deravio.com\\\/se\\\/#\\\/schema\\\/logo\\\/image\\\/\",\"url\":\"https:\\\/\\\/deravio.com\\\/se\\\/wp-content\\\/uploads\\\/sites\\\/20\\\/2025\\\/12\\\/favicon_mekulo.png\",\"contentUrl\":\"https:\\\/\\\/deravio.com\\\/se\\\/wp-content\\\/uploads\\\/sites\\\/20\\\/2025\\\/12\\\/favicon_mekulo.png\",\"width\":50,\"height\":50,\"caption\":\"Mekulo\"},\"image\":{\"@id\":\"https:\\\/\\\/deravio.com\\\/se\\\/#\\\/schema\\\/logo\\\/image\\\/\"}}]}<\/script>\n<!-- \/ Yoast SEO plugin. -->","yoast_head_json":{"title":"Handledsbaserad pl\u00e5nbok med puff - Deravio SE","robots":{"index":"index","follow":"follow","max-snippet":"max-snippet:-1","max-image-preview":"max-image-preview:large","max-video-preview":"max-video-preview:-1"},"canonical":"https:\/\/deravio.com\/se\/produkt\/handledsbaserad-planbok-med-puff\/","og_locale":"sv_SE","og_type":"article","og_title":"Handledsbaserad pl\u00e5nbok med puff - Deravio SE","og_description":"\ud83d\udcb3Allt du beh\u00f6ver. Inget du inte beh\u00f6ver. \ud83d\udc5dH\u00e5ll dig organiserad, snygg och handsfree - varhelst dagen tar dig. \ud83d\udcf1ett elegant vardagsf\u00f6rem\u00e5l som h\u00e5ller dina v\u00e4rdesaker s\u00e4kra, din stil enkel och ditt liv organiserat.","og_url":"https:\/\/deravio.com\/se\/produkt\/handledsbaserad-planbok-med-puff\/","og_site_name":"Deravio SE","article_modified_time":"2026-05-06T17:16:28+00:00","og_image":[{"width":700,"height":700,"url":"https:\/\/deravio.com\/se\/wp-content\/uploads\/sites\/20\/2026\/05\/bzvjq3s-1.jpg","type":"image\/jpeg"}],"twitter_card":"summary_large_image","twitter_misc":{"Ber\u00e4knad l\u00e4stid":"2 minuter"},"schema":{"@context":"https:\/\/schema.org","@graph":[{"@type":"WebPage","@id":"https:\/\/deravio.com\/se\/produkt\/handledsbaserad-planbok-med-puff\/","url":"https:\/\/deravio.com\/se\/produkt\/handledsbaserad-planbok-med-puff\/","name":"Handledsbaserad pl\u00e5nbok med puff - Deravio SE","isPartOf":{"@id":"https:\/\/deravio.com\/se\/#website"},"primaryImageOfPage":{"@id":"https:\/\/deravio.com\/se\/produkt\/handledsbaserad-planbok-med-puff\/#primaryimage"},"image":{"@id":"https:\/\/deravio.com\/se\/produkt\/handledsbaserad-planbok-med-puff\/#primaryimage"},"thumbnailUrl":"https:\/\/deravio.com\/se\/wp-content\/uploads\/sites\/20\/2026\/05\/bzvjq3s-1.jpg","datePublished":"2026-05-06T15:33:01+00:00","dateModified":"2026-05-06T17:16:28+00:00","breadcrumb":{"@id":"https:\/\/deravio.com\/se\/produkt\/handledsbaserad-planbok-med-puff\/#breadcrumb"},"inLanguage":"sv-SE","potentialAction":[{"@type":"ReadAction","target":["https:\/\/deravio.com\/se\/produkt\/handledsbaserad-planbok-med-puff\/"]}]},{"@type":"ImageObject","inLanguage":"sv-SE","@id":"https:\/\/deravio.com\/se\/produkt\/handledsbaserad-planbok-med-puff\/#primaryimage","url":"https:\/\/deravio.com\/se\/wp-content\/uploads\/sites\/20\/2026\/05\/bzvjq3s-1.jpg","contentUrl":"https:\/\/deravio.com\/se\/wp-content\/uploads\/sites\/20\/2026\/05\/bzvjq3s-1.jpg","width":700,"height":700},{"@type":"BreadcrumbList","@id":"https:\/\/deravio.com\/se\/produkt\/handledsbaserad-planbok-med-puff\/#breadcrumb","itemListElement":[{"@type":"ListItem","position":1,"name":"Home","item":"https:\/\/deravio.com\/se\/"},{"@type":"ListItem","position":2,"name":"Butik","item":"https:\/\/deravio.com\/se\/butik\/"},{"@type":"ListItem","position":3,"name":"Handledsbaserad pl\u00e5nbok med puff"}]},{"@type":"WebSite","@id":"https:\/\/deravio.com\/se\/#website","url":"https:\/\/deravio.com\/se\/","name":"Deravio SE","description":"","publisher":{"@id":"https:\/\/deravio.com\/se\/#organization"},"potentialAction":[{"@type":"SearchAction","target":{"@type":"EntryPoint","urlTemplate":"https:\/\/deravio.com\/se\/?s={search_term_string}"},"query-input":{"@type":"PropertyValueSpecification","valueRequired":true,"valueName":"search_term_string"}}],"inLanguage":"sv-SE"},{"@type":"Organization","@id":"https:\/\/deravio.com\/se\/#organization","name":"Mekulo","url":"https:\/\/deravio.com\/se\/","logo":{"@type":"ImageObject","inLanguage":"sv-SE","@id":"https:\/\/deravio.com\/se\/#\/schema\/logo\/image\/","url":"https:\/\/deravio.com\/se\/wp-content\/uploads\/sites\/20\/2025\/12\/favicon_mekulo.png","contentUrl":"https:\/\/deravio.com\/se\/wp-content\/uploads\/sites\/20\/2025\/12\/favicon_mekulo.png","width":50,"height":50,"caption":"Mekulo"},"image":{"@id":"https:\/\/deravio.com\/se\/#\/schema\/logo\/image\/"}}]}},"_links":{"self":[{"href":"https:\/\/deravio.com\/se\/wp-json\/wp\/v2\/product\/25828","targetHints":{"allow":["GET"]}}],"collection":[{"href":"https:\/\/deravio.com\/se\/wp-json\/wp\/v2\/product"}],"about":[{"href":"https:\/\/deravio.com\/se\/wp-json\/wp\/v2\/types\/product"}],"replies":[{"embeddable":true,"href":"https:\/\/deravio.com\/se\/wp-json\/wp\/v2\/comments?post=25828"}],"wp:featuredmedia":[{"embeddable":true,"href":"https:\/\/deravio.com\/se\/wp-json\/wp\/v2\/media\/25824"}],"wp:attachment":[{"href":"https:\/\/deravio.com\/se\/wp-json\/wp\/v2\/media?parent=25828"}],"wp:term":[{"taxonomy":"product_brand","embeddable":true,"href":"https:\/\/deravio.com\/se\/wp-json\/wp\/v2\/product_brand?post=25828"},{"taxonomy":"product_cat","embeddable":true,"href":"https:\/\/deravio.com\/se\/wp-json\/wp\/v2\/product_cat?post=25828"},{"taxonomy":"product_tag","embeddable":true,"href":"https:\/\/deravio.com\/se\/wp-json\/wp\/v2\/product_tag?post=25828"}],"curies":[{"name":"wp","href":"https:\/\/api.w.org\/{rel}","templated":true}]}}