{"id":25793,"date":"2026-05-06T18:28:25","date_gmt":"2026-05-06T15:28:25","guid":{"rendered":"https:\/\/deravio.com\/se\/produkt\/balansering-av-fiskeskulptur\/"},"modified":"2026-05-06T20:11:41","modified_gmt":"2026-05-06T17:11:41","slug":"balansering-av-fiskeskulptur","status":"publish","type":"product","link":"https:\/\/deravio.com\/se\/produkt\/balansering-av-fiskeskulptur\/","title":{"rendered":"Balansering av fiskeskulptur"},"content":{"rendered":"<h2 style=\"text-align: center\" data-section-id=\"5d61m3\" data-start=\"2080\" data-end=\"2098\">\u2728 L\u00f6ftet<\/h2>\n<p style=\"text-align: center\" data-start=\"2100\" data-end=\"2168\">Stillhet i r\u00f6relse.<br \/>\nBalans i ditt utrymme.<br \/>\nLugn i ditt sinne.<\/p>\n<p data-start=\"2100\" data-end=\"2168\"><img fetchpriority=\"high\" decoding=\"async\" class=\" wp-image-28314 aligncenter\" src=\"https:\/\/mekulo.com\/template\/wp-content\/uploads\/sites\/6\/2026\/03\/ezgif.com-gif-to-webp-converter.webp\" alt=\"\" width=\"501\" height=\"626\" \/><\/p>\n<h2 style=\"text-align: center\" data-section-id=\"u4ub2a\" data-start=\"398\" data-end=\"418\">\u2728 Huvudf\u00f6rdelar<\/h2>\n<p data-start=\"422\" data-end=\"533\">\u2696\ufe0f Fascinerande balans i r\u00f6relse &#8211; Se den f\u00f6rsiktigt sv\u00e4nga &#8211; en lugnande visuell upplevelse som omedelbart minskar stress.<\/p>\n<p data-start=\"537\" data-end=\"645\">\ud83e\uddd8 Skapar en fridfull atmosf\u00e4r &#8211; Ger en k\u00e4nsla av stillhet och fokus till ditt skrivbord eller vardagsrum.<\/p>\n<p data-start=\"649\" data-end=\"762\">\u2728 Elegant, i\u00f6gonfallande design &#8211; Minimalistisk form med en lyxig finish som sticker ut utan att \u00f6verv\u00e4ldiga.<\/p>\n<p data-start=\"766\" data-end=\"859\">\ud83d\udee1\ufe0f Byggd f\u00f6r att h\u00e5lla &#8211; H\u00f6gkvalitativt rostfritt st\u00e5l som motst\u00e5r slitage och beh\u00e5ller sin glans.<\/p>\n<p data-start=\"863\" data-end=\"968\">\ud83c\udf81 En meningsfull, unik g\u00e5va &#8211; Perfekt f\u00f6r dem som uppskattar konst, natur och genomt\u00e4nkt design.<\/p>\n<h2 style=\"text-align: center\" data-section-id=\"5yj8z6\" data-start=\"975\" data-end=\"1001\">\ud83e\udde9 Problem \u2192 L\u00f6sning<\/h2>\n<p data-start=\"1003\" data-end=\"1099\"><strong data-start=\"1003\" data-end=\"1015\">Problem:<\/strong><br data-start=\"1015\" data-end=\"1018\" \/>De flesta inredningar k\u00e4nns statiska, l\u00e4ttgl\u00f6mda och tillf\u00f6r lite v\u00e4rde ut\u00f6ver att fylla utrymme.<\/p>\n<p data-start=\"1101\" data-end=\"1289\"><strong data-start=\"1101\" data-end=\"1114\">L\u00f6sning:<\/strong><br data-start=\"1114\" data-end=\"1117\" \/>Den h\u00e4r balanserande fiskeskulpturen ger liv \u00e5t din milj\u00f6 &#8211; en dynamisk, lugnande pj\u00e4s som f\u00e5ngar uppm\u00e4rksamhet och skapar en k\u00e4nsla av balans var den \u00e4n placeras.<\/p>\n<p data-start=\"1101\" data-end=\"1289\"><img decoding=\"async\" class=\" wp-image-28313 aligncenter\" src=\"https:\/\/mekulo.com\/template\/wp-content\/uploads\/sites\/6\/2026\/03\/ezgif.com-gif-to-webp-converter-1.webp\" alt=\"\" width=\"502\" height=\"628\" \/><\/p>\n<h2 style=\"text-align: center\" data-section-id=\"baj5e8\" data-start=\"1296\" data-end=\"1324\">\ud83c\udf0d Anv\u00e4ndningsfall \/ Livsstil<\/h2>\n<ul data-start=\"1341\" data-end=\"1535\">\n<li data-section-id=\"aif8l\" data-start=\"1341\" data-end=\"1383\">\n<p data-start=\"1343\" data-end=\"1383\">Arbetsbord som beh\u00f6ver fokus och lugn<\/p>\n<\/li>\n<li data-section-id=\"16ml482\" data-start=\"1384\" data-end=\"1433\">\n<p data-start=\"1386\" data-end=\"1433\">Vardagsrum som f\u00f6rtj\u00e4nar en raffinerad touch<\/p>\n<\/li>\n<li data-section-id=\"1qid4oj\" data-start=\"1434\" data-end=\"1472\">\n<p data-start=\"1436\" data-end=\"1472\">Bokhyllor och kreativa utrymmen<\/p>\n<\/li>\n<li data-section-id=\"18pikqz\" data-start=\"1473\" data-end=\"1535\">\n<p data-start=\"1475\" data-end=\"1535\">G\u00e5vor till natur\u00e4lskare, sportfiskare eller designentusiaster<\/p>\n<\/li>\n<\/ul>\n<p data-start=\"1537\" data-end=\"1594\">Det \u00e4r inte bara dekoration &#8211; det \u00e4r en samtalsstartare.<\/p>\n<h2 style=\"text-align: center\" data-section-id=\"1r8t0f\" data-start=\"1601\" data-end=\"1620\">\ud83d\udee0\ufe0f Hur man anv\u00e4nder<\/h2>\n<ol data-start=\"1622\" data-end=\"1744\">\n<li data-section-id=\"2w9gtr\" data-start=\"1622\" data-end=\"1666\">\n<p data-start=\"1625\" data-end=\"1666\">Placera skulpturen p\u00e5 en stabil yta.<\/p>\n<\/li>\n<li data-section-id=\"zn4flt\" data-start=\"1667\" data-end=\"1705\">\n<p data-start=\"1670\" data-end=\"1705\">L\u00e5t den naturligt balansera och r\u00f6ra sig.<\/p>\n<\/li>\n<li data-section-id=\"rttmxh\" data-start=\"1706\" data-end=\"1744\">\n<p data-start=\"1709\" data-end=\"1744\">Njut av den lugnande, fl\u00f6dande r\u00f6relsen.<\/p>\n<\/li>\n<\/ol>\n<p data-start=\"1746\" data-end=\"1781\">Ingen installation. Ingen anstr\u00e4ngning. Bara n\u00e4rvaro.<\/p>\n<h2 style=\"text-align: center\" data-section-id=\"1fuqdo7\" data-start=\"1788\" data-end=\"1811\">\ud83d\udce6 Produktdetaljer<\/h2>\n<ul data-start=\"1813\" data-end=\"2006\">\n<li data-section-id=\"4kiyvu\" data-start=\"1813\" data-end=\"1851\">\n<p data-start=\"1815\" data-end=\"1851\">Material: Polerat rostfritt st\u00e5l<\/p>\n<\/li>\n<li data-section-id=\"vntshq\" data-start=\"1852\" data-end=\"1875\">\n<p data-start=\"1854\" data-end=\"1875\">Storlek: 22 x 5 x 2 cm<\/p>\n<\/li>\n<li data-section-id=\"bajiuw\" data-start=\"1876\" data-end=\"1925\">\n<p data-start=\"1878\" data-end=\"1925\">Design: Dynamiskt balanserande fiskeskulptur<\/p>\n<\/li>\n<li data-section-id=\"f3byil\" data-start=\"1926\" data-end=\"1972\">\n<p data-start=\"1928\" data-end=\"1972\">Yta: Borstat st\u00e5l, korrosionsbest\u00e4ndig<\/p>\n<\/li>\n<li data-section-id=\"jl8w2i\" data-start=\"1973\" data-end=\"2006\">\n<p data-start=\"1975\" data-end=\"2006\">Anv\u00e4ndningsomr\u00e5de: Hem- och kontorsinredning<\/p>\n<\/li>\n<\/ul>\n<h2 style=\"text-align: center\" data-section-id=\"13s7cfc\" data-start=\"2013\" data-end=\"2037\">\ud83d\udce5 Paketet inneh\u00e5ller<\/h2>\n<ul data-start=\"2039\" data-end=\"2073\">\n<li data-section-id=\"118chmp\" data-start=\"2039\" data-end=\"2073\">\n<p data-start=\"2041\" data-end=\"2073\">1x balanserande fiskeskulptur.<\/p>\n<\/li>\n<\/ul>\n","protected":false},"excerpt":{"rendered":"<p><span style=\"font-size: 16px;font-style: normal;font-weight: 400\">\u2696\ufe0fD\u00e4r balans m\u00f6ter sk\u00f6nhet<\/span><span style=\"font-size: 16px\">.<br \/>\n<\/span>\ud83d\udc1fEtt f\u00e4ngslande f\u00f6rem\u00e5l som ger lugn, fokus och tyst sofistikering i alla utrymmen.<br \/>\n<span style=\"font-size: 16px;font-style: normal;font-weight: 400\">\ud83c\udfe0<\/span>Mer \u00e4n inredning &#8211; ett r\u00f6rligt \u00f6gonblick av balans som drar uppm\u00e4rksamhet till sig och f\u00e5r sinnet att slappna av.<\/p>\n","protected":false},"featured_media":25789,"comment_status":"open","ping_status":"closed","template":"","meta":{"site-sidebar-layout":"default","site-content-layout":"","ast-site-content-layout":"default","site-content-style":"default","site-sidebar-style":"default","ast-global-header-display":"","ast-banner-title-visibility":"","ast-main-header-display":"","ast-hfb-above-header-display":"","ast-hfb-below-header-display":"","ast-hfb-mobile-header-display":"","site-post-title":"","ast-breadcrumbs-content":"","ast-featured-img":"","footer-sml-layout":"","ast-disable-related-posts":"","theme-transparent-header-meta":"default","adv-header-id-meta":"","stick-header-meta":"","header-above-stick-meta":"","header-main-stick-meta":"","header-below-stick-meta":"","astra-migrate-meta-layouts":"set","ast-page-background-enabled":"default","ast-page-background-meta":{"desktop":{"background-color":"var(--ast-global-color-5)","background-image":"","background-repeat":"repeat","background-position":"center center","background-size":"auto","background-attachment":"scroll","background-type":"","background-media":"","overlay-type":"","overlay-color":"","overlay-opacity":"","overlay-gradient":""},"tablet":{"background-color":"","background-image":"","background-repeat":"repeat","background-position":"center center","background-size":"auto","background-attachment":"scroll","background-type":"","background-media":"","overlay-type":"","overlay-color":"","overlay-opacity":"","overlay-gradient":""},"mobile":{"background-color":"","background-image":"","background-repeat":"repeat","background-position":"center center","background-size":"auto","background-attachment":"scroll","background-type":"","background-media":"","overlay-type":"","overlay-color":"","overlay-opacity":"","overlay-gradient":""}},"ast-content-background-meta":{"desktop":{"background-color":"var(--ast-global-color-4)","background-image":"","background-repeat":"repeat","background-position":"center center","background-size":"auto","background-attachment":"scroll","background-type":"","background-media":"","overlay-type":"","overlay-color":"","overlay-opacity":"","overlay-gradient":""},"tablet":{"background-color":"var(--ast-global-color-4)","background-image":"","background-repeat":"repeat","background-position":"center center","background-size":"auto","background-attachment":"scroll","background-type":"","background-media":"","overlay-type":"","overlay-color":"","overlay-opacity":"","overlay-gradient":""},"mobile":{"background-color":"var(--ast-global-color-4)","background-image":"","background-repeat":"repeat","background-position":"center center","background-size":"auto","background-attachment":"scroll","background-type":"","background-media":"","overlay-type":"","overlay-color":"","overlay-opacity":"","overlay-gradient":""}}},"product_brand":[],"product_cat":[168],"product_tag":[],"class_list":{"0":"post-25793","1":"product","2":"type-product","3":"status-publish","4":"has-post-thumbnail","6":"product_cat-hushallsprodukter","7":"desktop-align-left","8":"tablet-align-left","9":"mobile-align-left","11":"first","12":"instock","13":"shipping-taxable","14":"purchasable","15":"product-type-simple"},"yoast_head":"<!-- This site is optimized with the Yoast SEO plugin v27.4 - https:\/\/yoast.com\/product\/yoast-seo-wordpress\/ -->\n<title>Balansering av fiskeskulptur - Deravio SE<\/title>\n<meta name=\"robots\" content=\"index, follow, max-snippet:-1, max-image-preview:large, max-video-preview:-1\" \/>\n<link rel=\"canonical\" href=\"https:\/\/deravio.com\/se\/produkt\/balansering-av-fiskeskulptur\/\" \/>\n<meta property=\"og:locale\" content=\"sv_SE\" \/>\n<meta property=\"og:type\" content=\"article\" \/>\n<meta property=\"og:title\" content=\"Balansering av fiskeskulptur - Deravio SE\" \/>\n<meta property=\"og:description\" content=\"\u2696\ufe0fD\u00e4r balans m\u00f6ter sk\u00f6nhet. \ud83d\udc1fEtt f\u00e4ngslande f\u00f6rem\u00e5l som ger lugn, fokus och tyst sofistikering i alla utrymmen. \ud83c\udfe0Mer \u00e4n inredning - ett r\u00f6rligt \u00f6gonblick av balans som drar uppm\u00e4rksamhet till sig och f\u00e5r sinnet att slappna av.\" \/>\n<meta property=\"og:url\" content=\"https:\/\/deravio.com\/se\/produkt\/balansering-av-fiskeskulptur\/\" \/>\n<meta property=\"og:site_name\" content=\"Deravio SE\" \/>\n<meta property=\"article:modified_time\" content=\"2026-05-06T17:11:41+00:00\" \/>\n<meta property=\"og:image\" content=\"https:\/\/deravio.com\/se\/wp-content\/uploads\/sites\/20\/2026\/05\/zujywtt-1.jpeg\" \/>\n\t<meta property=\"og:image:width\" content=\"1000\" \/>\n\t<meta property=\"og:image:height\" content=\"1000\" \/>\n\t<meta property=\"og:image:type\" content=\"image\/jpeg\" \/>\n<meta name=\"twitter:card\" content=\"summary_large_image\" \/>\n<meta name=\"twitter:label1\" content=\"Ber\u00e4knad l\u00e4stid\" \/>\n\t<meta name=\"twitter:data1\" content=\"2 minuter\" \/>\n<script type=\"application\/ld+json\" class=\"yoast-schema-graph\">{\"@context\":\"https:\\\/\\\/schema.org\",\"@graph\":[{\"@type\":\"WebPage\",\"@id\":\"https:\\\/\\\/deravio.com\\\/se\\\/produkt\\\/balansering-av-fiskeskulptur\\\/\",\"url\":\"https:\\\/\\\/deravio.com\\\/se\\\/produkt\\\/balansering-av-fiskeskulptur\\\/\",\"name\":\"Balansering av fiskeskulptur - Deravio SE\",\"isPartOf\":{\"@id\":\"https:\\\/\\\/deravio.com\\\/se\\\/#website\"},\"primaryImageOfPage\":{\"@id\":\"https:\\\/\\\/deravio.com\\\/se\\\/produkt\\\/balansering-av-fiskeskulptur\\\/#primaryimage\"},\"image\":{\"@id\":\"https:\\\/\\\/deravio.com\\\/se\\\/produkt\\\/balansering-av-fiskeskulptur\\\/#primaryimage\"},\"thumbnailUrl\":\"https:\\\/\\\/deravio.com\\\/se\\\/wp-content\\\/uploads\\\/sites\\\/20\\\/2026\\\/05\\\/zujywtt-1.jpeg\",\"datePublished\":\"2026-05-06T15:28:25+00:00\",\"dateModified\":\"2026-05-06T17:11:41+00:00\",\"breadcrumb\":{\"@id\":\"https:\\\/\\\/deravio.com\\\/se\\\/produkt\\\/balansering-av-fiskeskulptur\\\/#breadcrumb\"},\"inLanguage\":\"sv-SE\",\"potentialAction\":[{\"@type\":\"ReadAction\",\"target\":[\"https:\\\/\\\/deravio.com\\\/se\\\/produkt\\\/balansering-av-fiskeskulptur\\\/\"]}]},{\"@type\":\"ImageObject\",\"inLanguage\":\"sv-SE\",\"@id\":\"https:\\\/\\\/deravio.com\\\/se\\\/produkt\\\/balansering-av-fiskeskulptur\\\/#primaryimage\",\"url\":\"https:\\\/\\\/deravio.com\\\/se\\\/wp-content\\\/uploads\\\/sites\\\/20\\\/2026\\\/05\\\/zujywtt-1.jpeg\",\"contentUrl\":\"https:\\\/\\\/deravio.com\\\/se\\\/wp-content\\\/uploads\\\/sites\\\/20\\\/2026\\\/05\\\/zujywtt-1.jpeg\",\"width\":1000,\"height\":1000},{\"@type\":\"BreadcrumbList\",\"@id\":\"https:\\\/\\\/deravio.com\\\/se\\\/produkt\\\/balansering-av-fiskeskulptur\\\/#breadcrumb\",\"itemListElement\":[{\"@type\":\"ListItem\",\"position\":1,\"name\":\"Home\",\"item\":\"https:\\\/\\\/deravio.com\\\/se\\\/\"},{\"@type\":\"ListItem\",\"position\":2,\"name\":\"Butik\",\"item\":\"https:\\\/\\\/deravio.com\\\/se\\\/butik\\\/\"},{\"@type\":\"ListItem\",\"position\":3,\"name\":\"Balansering av fiskeskulptur\"}]},{\"@type\":\"WebSite\",\"@id\":\"https:\\\/\\\/deravio.com\\\/se\\\/#website\",\"url\":\"https:\\\/\\\/deravio.com\\\/se\\\/\",\"name\":\"Deravio SE\",\"description\":\"\",\"publisher\":{\"@id\":\"https:\\\/\\\/deravio.com\\\/se\\\/#organization\"},\"potentialAction\":[{\"@type\":\"SearchAction\",\"target\":{\"@type\":\"EntryPoint\",\"urlTemplate\":\"https:\\\/\\\/deravio.com\\\/se\\\/?s={search_term_string}\"},\"query-input\":{\"@type\":\"PropertyValueSpecification\",\"valueRequired\":true,\"valueName\":\"search_term_string\"}}],\"inLanguage\":\"sv-SE\"},{\"@type\":\"Organization\",\"@id\":\"https:\\\/\\\/deravio.com\\\/se\\\/#organization\",\"name\":\"Mekulo\",\"url\":\"https:\\\/\\\/deravio.com\\\/se\\\/\",\"logo\":{\"@type\":\"ImageObject\",\"inLanguage\":\"sv-SE\",\"@id\":\"https:\\\/\\\/deravio.com\\\/se\\\/#\\\/schema\\\/logo\\\/image\\\/\",\"url\":\"https:\\\/\\\/deravio.com\\\/se\\\/wp-content\\\/uploads\\\/sites\\\/20\\\/2025\\\/12\\\/favicon_mekulo.png\",\"contentUrl\":\"https:\\\/\\\/deravio.com\\\/se\\\/wp-content\\\/uploads\\\/sites\\\/20\\\/2025\\\/12\\\/favicon_mekulo.png\",\"width\":50,\"height\":50,\"caption\":\"Mekulo\"},\"image\":{\"@id\":\"https:\\\/\\\/deravio.com\\\/se\\\/#\\\/schema\\\/logo\\\/image\\\/\"}}]}<\/script>\n<!-- \/ Yoast SEO plugin. -->","yoast_head_json":{"title":"Balansering av fiskeskulptur - Deravio SE","robots":{"index":"index","follow":"follow","max-snippet":"max-snippet:-1","max-image-preview":"max-image-preview:large","max-video-preview":"max-video-preview:-1"},"canonical":"https:\/\/deravio.com\/se\/produkt\/balansering-av-fiskeskulptur\/","og_locale":"sv_SE","og_type":"article","og_title":"Balansering av fiskeskulptur - Deravio SE","og_description":"\u2696\ufe0fD\u00e4r balans m\u00f6ter sk\u00f6nhet. \ud83d\udc1fEtt f\u00e4ngslande f\u00f6rem\u00e5l som ger lugn, fokus och tyst sofistikering i alla utrymmen. \ud83c\udfe0Mer \u00e4n inredning - ett r\u00f6rligt \u00f6gonblick av balans som drar uppm\u00e4rksamhet till sig och f\u00e5r sinnet att slappna av.","og_url":"https:\/\/deravio.com\/se\/produkt\/balansering-av-fiskeskulptur\/","og_site_name":"Deravio SE","article_modified_time":"2026-05-06T17:11:41+00:00","og_image":[{"width":1000,"height":1000,"url":"https:\/\/deravio.com\/se\/wp-content\/uploads\/sites\/20\/2026\/05\/zujywtt-1.jpeg","type":"image\/jpeg"}],"twitter_card":"summary_large_image","twitter_misc":{"Ber\u00e4knad l\u00e4stid":"2 minuter"},"schema":{"@context":"https:\/\/schema.org","@graph":[{"@type":"WebPage","@id":"https:\/\/deravio.com\/se\/produkt\/balansering-av-fiskeskulptur\/","url":"https:\/\/deravio.com\/se\/produkt\/balansering-av-fiskeskulptur\/","name":"Balansering av fiskeskulptur - Deravio SE","isPartOf":{"@id":"https:\/\/deravio.com\/se\/#website"},"primaryImageOfPage":{"@id":"https:\/\/deravio.com\/se\/produkt\/balansering-av-fiskeskulptur\/#primaryimage"},"image":{"@id":"https:\/\/deravio.com\/se\/produkt\/balansering-av-fiskeskulptur\/#primaryimage"},"thumbnailUrl":"https:\/\/deravio.com\/se\/wp-content\/uploads\/sites\/20\/2026\/05\/zujywtt-1.jpeg","datePublished":"2026-05-06T15:28:25+00:00","dateModified":"2026-05-06T17:11:41+00:00","breadcrumb":{"@id":"https:\/\/deravio.com\/se\/produkt\/balansering-av-fiskeskulptur\/#breadcrumb"},"inLanguage":"sv-SE","potentialAction":[{"@type":"ReadAction","target":["https:\/\/deravio.com\/se\/produkt\/balansering-av-fiskeskulptur\/"]}]},{"@type":"ImageObject","inLanguage":"sv-SE","@id":"https:\/\/deravio.com\/se\/produkt\/balansering-av-fiskeskulptur\/#primaryimage","url":"https:\/\/deravio.com\/se\/wp-content\/uploads\/sites\/20\/2026\/05\/zujywtt-1.jpeg","contentUrl":"https:\/\/deravio.com\/se\/wp-content\/uploads\/sites\/20\/2026\/05\/zujywtt-1.jpeg","width":1000,"height":1000},{"@type":"BreadcrumbList","@id":"https:\/\/deravio.com\/se\/produkt\/balansering-av-fiskeskulptur\/#breadcrumb","itemListElement":[{"@type":"ListItem","position":1,"name":"Home","item":"https:\/\/deravio.com\/se\/"},{"@type":"ListItem","position":2,"name":"Butik","item":"https:\/\/deravio.com\/se\/butik\/"},{"@type":"ListItem","position":3,"name":"Balansering av fiskeskulptur"}]},{"@type":"WebSite","@id":"https:\/\/deravio.com\/se\/#website","url":"https:\/\/deravio.com\/se\/","name":"Deravio SE","description":"","publisher":{"@id":"https:\/\/deravio.com\/se\/#organization"},"potentialAction":[{"@type":"SearchAction","target":{"@type":"EntryPoint","urlTemplate":"https:\/\/deravio.com\/se\/?s={search_term_string}"},"query-input":{"@type":"PropertyValueSpecification","valueRequired":true,"valueName":"search_term_string"}}],"inLanguage":"sv-SE"},{"@type":"Organization","@id":"https:\/\/deravio.com\/se\/#organization","name":"Mekulo","url":"https:\/\/deravio.com\/se\/","logo":{"@type":"ImageObject","inLanguage":"sv-SE","@id":"https:\/\/deravio.com\/se\/#\/schema\/logo\/image\/","url":"https:\/\/deravio.com\/se\/wp-content\/uploads\/sites\/20\/2025\/12\/favicon_mekulo.png","contentUrl":"https:\/\/deravio.com\/se\/wp-content\/uploads\/sites\/20\/2025\/12\/favicon_mekulo.png","width":50,"height":50,"caption":"Mekulo"},"image":{"@id":"https:\/\/deravio.com\/se\/#\/schema\/logo\/image\/"}}]}},"_links":{"self":[{"href":"https:\/\/deravio.com\/se\/wp-json\/wp\/v2\/product\/25793","targetHints":{"allow":["GET"]}}],"collection":[{"href":"https:\/\/deravio.com\/se\/wp-json\/wp\/v2\/product"}],"about":[{"href":"https:\/\/deravio.com\/se\/wp-json\/wp\/v2\/types\/product"}],"replies":[{"embeddable":true,"href":"https:\/\/deravio.com\/se\/wp-json\/wp\/v2\/comments?post=25793"}],"wp:featuredmedia":[{"embeddable":true,"href":"https:\/\/deravio.com\/se\/wp-json\/wp\/v2\/media\/25789"}],"wp:attachment":[{"href":"https:\/\/deravio.com\/se\/wp-json\/wp\/v2\/media?parent=25793"}],"wp:term":[{"taxonomy":"product_brand","embeddable":true,"href":"https:\/\/deravio.com\/se\/wp-json\/wp\/v2\/product_brand?post=25793"},{"taxonomy":"product_cat","embeddable":true,"href":"https:\/\/deravio.com\/se\/wp-json\/wp\/v2\/product_cat?post=25793"},{"taxonomy":"product_tag","embeddable":true,"href":"https:\/\/deravio.com\/se\/wp-json\/wp\/v2\/product_tag?post=25793"}],"curies":[{"name":"wp","href":"https:\/\/api.w.org\/{rel}","templated":true}]}}