{"id":25765,"date":"2026-05-06T18:24:57","date_gmt":"2026-05-06T15:24:57","guid":{"rendered":"https:\/\/deravio.com\/se\/produkt\/halsband-med-korsparlor\/"},"modified":"2026-05-06T20:07:56","modified_gmt":"2026-05-06T17:07:56","slug":"halsband-med-korsparlor","status":"publish","type":"product","link":"https:\/\/deravio.com\/se\/produkt\/halsband-med-korsparlor\/","title":{"rendered":"Halsband med korsp\u00e4rlor"},"content":{"rendered":"<h2 style=\"text-align: center\" data-section-id=\"5d61m3\" data-start=\"2137\" data-end=\"2155\">\u2728 L\u00f6ftet<\/h2>\n<p style=\"text-align: center\" data-start=\"2157\" data-end=\"2231\">Tro i ditt hj\u00e4rta.<br data-start=\"2177\" data-end=\"2180\" \/>Styrka i din ande.<br data-start=\"2204\" data-end=\"2207\" \/>Frid i varje \u00f6gonblick.<\/p>\n<p data-start=\"2157\" data-end=\"2231\"><img fetchpriority=\"high\" decoding=\"async\" class=\" wp-image-28294 aligncenter\" src=\"https:\/\/mekulo.com\/template\/wp-content\/uploads\/sites\/6\/2026\/03\/12216-ezgif.com-video-to-webp-converter-9.webp\" alt=\"\" width=\"501\" height=\"669\" \/><\/p>\n<h2 style=\"text-align: center\" data-section-id=\"u4ub2a\" data-start=\"445\" data-end=\"465\">\u2728 Huvudf\u00f6rdelar<\/h2>\n<p data-start=\"469\" data-end=\"577\">\u271d\ufe0f K\u00e4nn dig skyddad och jordad &#8211; En st\u00e4ndig p\u00e5minnelse om tro och gudomlig n\u00e4rvaro under hela dagen.<\/p>\n<p data-start=\"581\" data-end=\"685\">\ud83c\udf1f Ge lugn i hektiska stunder &#8211; Hj\u00e4lper dig att \u00e5terkoppla, reflektera och finna frid i os\u00e4kra tider.<\/p>\n<p data-start=\"689\" data-end=\"772\">\ud83d\udcab Tro du kan b\u00e4ra &#8211; Ett subtilt men kraftfullt uttryck f\u00f6r vad du tror p\u00e5.<\/p>\n<p data-start=\"776\" data-end=\"869\">\ud83c\udf81 Meningsfull g\u00e5va med syfte &#8211; Perfekt f\u00f6r n\u00e5gon du bryr dig om \u2014 eller f\u00f6r dig sj\u00e4lv.<\/p>\n<p data-start=\"873\" data-end=\"964\">\ud83d\udc57 Elegant vardagsstil &#8211; Minimalistisk design som passar vackert till alla kl\u00e4der.<\/p>\n<h2 style=\"text-align: center\" data-section-id=\"5yj8z6\" data-start=\"971\" data-end=\"997\">\ud83e\udde9 Problem \u2192 L\u00f6sning<\/h2>\n<p data-start=\"999\" data-end=\"1119\"><strong data-start=\"999\" data-end=\"1011\">Problem:<\/strong><br data-start=\"1011\" data-end=\"1014\" \/>Livet blir \u00f6verv\u00e4ldigande. Det \u00e4r l\u00e4tt att k\u00e4nna sig vilsen, fr\u00e5nkopplad eller os\u00e4ker i vardagens kaos.<\/p>\n<p data-start=\"1121\" data-end=\"1293\"><strong data-start=\"1121\" data-end=\"1134\">L\u00f6sning:<\/strong><br data-start=\"1134\" data-end=\"1137\" \/>Det h\u00e4r halsbandet med korsp\u00e4rlor ger dig n\u00e5got att h\u00e5lla fast vid &#8211; en liten men kraftfull symbol som ger tr\u00f6st, klarhet och styrka n\u00e4r du beh\u00f6ver det som mest.<\/p>\n<p data-start=\"1121\" data-end=\"1293\"><img decoding=\"async\" class=\" wp-image-28293 aligncenter\" src=\"https:\/\/mekulo.com\/template\/wp-content\/uploads\/sites\/6\/2026\/03\/12217-ezgif.com-video-to-webp-converter-8.webp\" alt=\"\" width=\"500\" height=\"667\" \/><\/p>\n<h2 style=\"text-align: center\" data-section-id=\"baj5e8\" data-start=\"1300\" data-end=\"1328\">\ud83c\udf0d Anv\u00e4ndningsfall \/ Livsstil<\/h2>\n<ul data-start=\"1346\" data-end=\"1552\">\n<li data-section-id=\"tt622u\" data-start=\"1346\" data-end=\"1387\">\n<p data-start=\"1348\" data-end=\"1387\">Du vill k\u00e4nna dig lugn och centrerad<\/p>\n<\/li>\n<li data-section-id=\"1vgz6su\" data-start=\"1388\" data-end=\"1434\">\n<p data-start=\"1390\" data-end=\"1434\">Du beh\u00f6ver styrka under sv\u00e5ra stunder<\/p>\n<\/li>\n<li data-section-id=\"99mc1a\" data-start=\"1435\" data-end=\"1497\">\n<p data-start=\"1437\" data-end=\"1497\">Du ska g\u00e5 ut och vill ha n\u00e5got meningsfullt + vackert<\/p>\n<\/li>\n<li data-section-id=\"oilf6x\" data-start=\"1498\" data-end=\"1552\">\n<p data-start=\"1500\" data-end=\"1552\">Du ger n\u00e5gon en symbol som verkligen betyder n\u00e5got<\/p>\n<\/li>\n<\/ul>\n<p data-start=\"1554\" data-end=\"1607\">Det \u00e4r inte bara en accessoar &#8211; det \u00e4r en del av din ber\u00e4ttelse.<\/p>\n<h2 style=\"text-align: center\" data-section-id=\"1r8t0f\" data-start=\"1614\" data-end=\"1633\">\ud83d\udee0\ufe0f Hur man anv\u00e4nder<\/h2>\n<ol data-start=\"1635\" data-end=\"1784\">\n<li data-section-id=\"mbotuo\" data-start=\"1635\" data-end=\"1681\">\n<p data-start=\"1638\" data-end=\"1681\">Justera kedjan till \u00f6nskad l\u00e4ngd.<\/p>\n<\/li>\n<li data-section-id=\"cvwcuf\" data-start=\"1682\" data-end=\"1724\">\n<p data-start=\"1685\" data-end=\"1724\">B\u00e4r det dagligen eller vid speciella tillf\u00e4llen.<\/p>\n<\/li>\n<li data-section-id=\"qpgjip\" data-start=\"1725\" data-end=\"1784\">\n<p data-start=\"1728\" data-end=\"1784\">H\u00e5ll det n\u00e4ra som en p\u00e5minnelse om din tro och styrka.<\/p>\n<\/li>\n<\/ol>\n<h2 style=\"text-align: center\" data-section-id=\"1fuqdo7\" data-start=\"1820\" data-end=\"1843\">\ud83d\udce6 Produktdetaljer<\/h2>\n<ul data-start=\"1845\" data-end=\"2034\">\n<li data-section-id=\"mocu32\" data-start=\"1845\" data-end=\"1864\">\n<p data-start=\"1847\" data-end=\"1864\">Material: Legering<\/p>\n<\/li>\n<li data-section-id=\"1k67bk0\" data-start=\"1865\" data-end=\"1905\">\n<p data-start=\"1867\" data-end=\"1905\">Kedjel\u00e4ngd: 50 + 5 cm (justerbar)<\/p>\n<\/li>\n<li data-section-id=\"1czaw8v\" data-start=\"1906\" data-end=\"1935\">\n<p data-start=\"1908\" data-end=\"1935\">Korsstorlek: 12 mm x 20 mm<\/p>\n<\/li>\n<li data-section-id=\"epq010\" data-start=\"1936\" data-end=\"1959\">\n<p data-start=\"1938\" data-end=\"1959\">P\u00e4rldiameter: 3 mm<\/p>\n<\/li>\n<li data-section-id=\"1h5ig5y\" data-start=\"1960\" data-end=\"2003\">\n<p data-start=\"1962\" data-end=\"2003\">Design: P\u00e4rlkedja med kors som h\u00e4nge<\/p>\n<\/li>\n<li data-section-id=\"1ahxwn7\" data-start=\"2004\" data-end=\"2034\">\n<p data-start=\"2006\" data-end=\"2034\">Stil: Boho-inspirerad minimalistisk<\/p>\n<\/li>\n<\/ul>\n<h2 style=\"text-align: center\" data-section-id=\"13s7cfc\" data-start=\"2041\" data-end=\"2065\">\ud83d\udce5 F\u00f6rpackningen inneh\u00e5ller<\/h2>\n<ul data-start=\"2067\" data-end=\"2130\">\n<li data-section-id=\"1w1kblk\" data-start=\"2067\" data-end=\"2130\">\n<p data-start=\"2069\" data-end=\"2130\">1x kors-p\u00e4rlhalsband.<\/p>\n<\/li>\n<\/ul>\n","protected":false},"excerpt":{"rendered":"<p>\u271d\ufe0fB\u00e4r din tro. K\u00e4nn dig skyddad varje dag.<br \/>\n<span style=\"font-size: 16px;font-style: normal;font-weight: 400\">\ud83d\udc57<\/span>Ett meningsfullt smycke som ger tr\u00f6st, styrka och tyst f\u00f6rtroende \u2014 vart \u00e4n livet tar dig.<br \/>\n<span style=\"font-size: 16px;font-style: normal;font-weight: 400\">\ud83d\udc8e<\/span>Mer \u00e4n ett smycke \u2014 en daglig p\u00e5minnelse om att du \u00e4r guidad, skyddad och aldrig ensam.<\/p>\n","protected":false},"featured_media":25761,"comment_status":"open","ping_status":"closed","template":"","meta":{"site-sidebar-layout":"default","site-content-layout":"","ast-site-content-layout":"default","site-content-style":"default","site-sidebar-style":"default","ast-global-header-display":"","ast-banner-title-visibility":"","ast-main-header-display":"","ast-hfb-above-header-display":"","ast-hfb-below-header-display":"","ast-hfb-mobile-header-display":"","site-post-title":"","ast-breadcrumbs-content":"","ast-featured-img":"","footer-sml-layout":"","ast-disable-related-posts":"","theme-transparent-header-meta":"default","adv-header-id-meta":"","stick-header-meta":"","header-above-stick-meta":"","header-main-stick-meta":"","header-below-stick-meta":"","astra-migrate-meta-layouts":"set","ast-page-background-enabled":"default","ast-page-background-meta":{"desktop":{"background-color":"var(--ast-global-color-5)","background-image":"","background-repeat":"repeat","background-position":"center center","background-size":"auto","background-attachment":"scroll","background-type":"","background-media":"","overlay-type":"","overlay-color":"","overlay-opacity":"","overlay-gradient":""},"tablet":{"background-color":"","background-image":"","background-repeat":"repeat","background-position":"center center","background-size":"auto","background-attachment":"scroll","background-type":"","background-media":"","overlay-type":"","overlay-color":"","overlay-opacity":"","overlay-gradient":""},"mobile":{"background-color":"","background-image":"","background-repeat":"repeat","background-position":"center center","background-size":"auto","background-attachment":"scroll","background-type":"","background-media":"","overlay-type":"","overlay-color":"","overlay-opacity":"","overlay-gradient":""}},"ast-content-background-meta":{"desktop":{"background-color":"var(--ast-global-color-4)","background-image":"","background-repeat":"repeat","background-position":"center center","background-size":"auto","background-attachment":"scroll","background-type":"","background-media":"","overlay-type":"","overlay-color":"","overlay-opacity":"","overlay-gradient":""},"tablet":{"background-color":"var(--ast-global-color-4)","background-image":"","background-repeat":"repeat","background-position":"center center","background-size":"auto","background-attachment":"scroll","background-type":"","background-media":"","overlay-type":"","overlay-color":"","overlay-opacity":"","overlay-gradient":""},"mobile":{"background-color":"var(--ast-global-color-4)","background-image":"","background-repeat":"repeat","background-position":"center center","background-size":"auto","background-attachment":"scroll","background-type":"","background-media":"","overlay-type":"","overlay-color":"","overlay-opacity":"","overlay-gradient":""}}},"product_brand":[],"product_cat":[165],"product_tag":[],"class_list":{"0":"post-25765","1":"product","2":"type-product","3":"status-publish","4":"has-post-thumbnail","6":"product_cat-skor-accessoarer","7":"pa_67022_io67ujzm-bla","8":"pa_67022_io67ujzm-fargstark","9":"pa_67022_io67ujzm-ljusgron","10":"desktop-align-left","11":"tablet-align-left","12":"mobile-align-left","14":"first","15":"instock","16":"shipping-taxable","17":"purchasable","18":"product-type-variable"},"yoast_head":"<!-- This site is optimized with the Yoast SEO plugin v27.4 - https:\/\/yoast.com\/product\/yoast-seo-wordpress\/ -->\n<title>Halsband med korsp\u00e4rlor - Deravio SE<\/title>\n<meta name=\"robots\" content=\"index, follow, max-snippet:-1, max-image-preview:large, max-video-preview:-1\" \/>\n<link rel=\"canonical\" href=\"https:\/\/deravio.com\/se\/produkt\/halsband-med-korsparlor\/\" \/>\n<meta property=\"og:locale\" content=\"sv_SE\" \/>\n<meta property=\"og:type\" content=\"article\" \/>\n<meta property=\"og:title\" content=\"Halsband med korsp\u00e4rlor - Deravio SE\" \/>\n<meta property=\"og:description\" content=\"\u271d\ufe0fB\u00e4r din tro. K\u00e4nn dig skyddad varje dag. \ud83d\udc57Ett meningsfullt smycke som ger tr\u00f6st, styrka och tyst f\u00f6rtroende \u2014 vart \u00e4n livet tar dig. \ud83d\udc8eMer \u00e4n ett smycke \u2014 en daglig p\u00e5minnelse om att du \u00e4r guidad, skyddad och aldrig ensam.\" \/>\n<meta property=\"og:url\" content=\"https:\/\/deravio.com\/se\/produkt\/halsband-med-korsparlor\/\" \/>\n<meta property=\"og:site_name\" content=\"Deravio SE\" \/>\n<meta property=\"article:modified_time\" content=\"2026-05-06T17:07:56+00:00\" \/>\n<meta property=\"og:image\" content=\"https:\/\/deravio.com\/se\/wp-content\/uploads\/sites\/20\/2026\/05\/o86506h-1.jpg\" \/>\n\t<meta property=\"og:image:width\" content=\"700\" \/>\n\t<meta property=\"og:image:height\" content=\"700\" \/>\n\t<meta property=\"og:image:type\" content=\"image\/jpeg\" \/>\n<meta name=\"twitter:card\" content=\"summary_large_image\" \/>\n<meta name=\"twitter:label1\" content=\"Ber\u00e4knad l\u00e4stid\" \/>\n\t<meta name=\"twitter:data1\" content=\"2 minuter\" \/>\n<script type=\"application\/ld+json\" class=\"yoast-schema-graph\">{\"@context\":\"https:\\\/\\\/schema.org\",\"@graph\":[{\"@type\":\"WebPage\",\"@id\":\"https:\\\/\\\/deravio.com\\\/se\\\/produkt\\\/halsband-med-korsparlor\\\/\",\"url\":\"https:\\\/\\\/deravio.com\\\/se\\\/produkt\\\/halsband-med-korsparlor\\\/\",\"name\":\"Halsband med korsp\u00e4rlor - Deravio SE\",\"isPartOf\":{\"@id\":\"https:\\\/\\\/deravio.com\\\/se\\\/#website\"},\"primaryImageOfPage\":{\"@id\":\"https:\\\/\\\/deravio.com\\\/se\\\/produkt\\\/halsband-med-korsparlor\\\/#primaryimage\"},\"image\":{\"@id\":\"https:\\\/\\\/deravio.com\\\/se\\\/produkt\\\/halsband-med-korsparlor\\\/#primaryimage\"},\"thumbnailUrl\":\"https:\\\/\\\/deravio.com\\\/se\\\/wp-content\\\/uploads\\\/sites\\\/20\\\/2026\\\/05\\\/o86506h-1.jpg\",\"datePublished\":\"2026-05-06T15:24:57+00:00\",\"dateModified\":\"2026-05-06T17:07:56+00:00\",\"breadcrumb\":{\"@id\":\"https:\\\/\\\/deravio.com\\\/se\\\/produkt\\\/halsband-med-korsparlor\\\/#breadcrumb\"},\"inLanguage\":\"sv-SE\",\"potentialAction\":[{\"@type\":\"ReadAction\",\"target\":[\"https:\\\/\\\/deravio.com\\\/se\\\/produkt\\\/halsband-med-korsparlor\\\/\"]}]},{\"@type\":\"ImageObject\",\"inLanguage\":\"sv-SE\",\"@id\":\"https:\\\/\\\/deravio.com\\\/se\\\/produkt\\\/halsband-med-korsparlor\\\/#primaryimage\",\"url\":\"https:\\\/\\\/deravio.com\\\/se\\\/wp-content\\\/uploads\\\/sites\\\/20\\\/2026\\\/05\\\/o86506h-1.jpg\",\"contentUrl\":\"https:\\\/\\\/deravio.com\\\/se\\\/wp-content\\\/uploads\\\/sites\\\/20\\\/2026\\\/05\\\/o86506h-1.jpg\",\"width\":700,\"height\":700},{\"@type\":\"BreadcrumbList\",\"@id\":\"https:\\\/\\\/deravio.com\\\/se\\\/produkt\\\/halsband-med-korsparlor\\\/#breadcrumb\",\"itemListElement\":[{\"@type\":\"ListItem\",\"position\":1,\"name\":\"Home\",\"item\":\"https:\\\/\\\/deravio.com\\\/se\\\/\"},{\"@type\":\"ListItem\",\"position\":2,\"name\":\"Butik\",\"item\":\"https:\\\/\\\/deravio.com\\\/se\\\/butik\\\/\"},{\"@type\":\"ListItem\",\"position\":3,\"name\":\"Halsband med korsp\u00e4rlor\"}]},{\"@type\":\"WebSite\",\"@id\":\"https:\\\/\\\/deravio.com\\\/se\\\/#website\",\"url\":\"https:\\\/\\\/deravio.com\\\/se\\\/\",\"name\":\"Deravio SE\",\"description\":\"\",\"publisher\":{\"@id\":\"https:\\\/\\\/deravio.com\\\/se\\\/#organization\"},\"potentialAction\":[{\"@type\":\"SearchAction\",\"target\":{\"@type\":\"EntryPoint\",\"urlTemplate\":\"https:\\\/\\\/deravio.com\\\/se\\\/?s={search_term_string}\"},\"query-input\":{\"@type\":\"PropertyValueSpecification\",\"valueRequired\":true,\"valueName\":\"search_term_string\"}}],\"inLanguage\":\"sv-SE\"},{\"@type\":\"Organization\",\"@id\":\"https:\\\/\\\/deravio.com\\\/se\\\/#organization\",\"name\":\"Mekulo\",\"url\":\"https:\\\/\\\/deravio.com\\\/se\\\/\",\"logo\":{\"@type\":\"ImageObject\",\"inLanguage\":\"sv-SE\",\"@id\":\"https:\\\/\\\/deravio.com\\\/se\\\/#\\\/schema\\\/logo\\\/image\\\/\",\"url\":\"https:\\\/\\\/deravio.com\\\/se\\\/wp-content\\\/uploads\\\/sites\\\/20\\\/2025\\\/12\\\/favicon_mekulo.png\",\"contentUrl\":\"https:\\\/\\\/deravio.com\\\/se\\\/wp-content\\\/uploads\\\/sites\\\/20\\\/2025\\\/12\\\/favicon_mekulo.png\",\"width\":50,\"height\":50,\"caption\":\"Mekulo\"},\"image\":{\"@id\":\"https:\\\/\\\/deravio.com\\\/se\\\/#\\\/schema\\\/logo\\\/image\\\/\"}}]}<\/script>\n<!-- \/ Yoast SEO plugin. -->","yoast_head_json":{"title":"Halsband med korsp\u00e4rlor - Deravio SE","robots":{"index":"index","follow":"follow","max-snippet":"max-snippet:-1","max-image-preview":"max-image-preview:large","max-video-preview":"max-video-preview:-1"},"canonical":"https:\/\/deravio.com\/se\/produkt\/halsband-med-korsparlor\/","og_locale":"sv_SE","og_type":"article","og_title":"Halsband med korsp\u00e4rlor - Deravio SE","og_description":"\u271d\ufe0fB\u00e4r din tro. K\u00e4nn dig skyddad varje dag. \ud83d\udc57Ett meningsfullt smycke som ger tr\u00f6st, styrka och tyst f\u00f6rtroende \u2014 vart \u00e4n livet tar dig. \ud83d\udc8eMer \u00e4n ett smycke \u2014 en daglig p\u00e5minnelse om att du \u00e4r guidad, skyddad och aldrig ensam.","og_url":"https:\/\/deravio.com\/se\/produkt\/halsband-med-korsparlor\/","og_site_name":"Deravio SE","article_modified_time":"2026-05-06T17:07:56+00:00","og_image":[{"width":700,"height":700,"url":"https:\/\/deravio.com\/se\/wp-content\/uploads\/sites\/20\/2026\/05\/o86506h-1.jpg","type":"image\/jpeg"}],"twitter_card":"summary_large_image","twitter_misc":{"Ber\u00e4knad l\u00e4stid":"2 minuter"},"schema":{"@context":"https:\/\/schema.org","@graph":[{"@type":"WebPage","@id":"https:\/\/deravio.com\/se\/produkt\/halsband-med-korsparlor\/","url":"https:\/\/deravio.com\/se\/produkt\/halsband-med-korsparlor\/","name":"Halsband med korsp\u00e4rlor - Deravio SE","isPartOf":{"@id":"https:\/\/deravio.com\/se\/#website"},"primaryImageOfPage":{"@id":"https:\/\/deravio.com\/se\/produkt\/halsband-med-korsparlor\/#primaryimage"},"image":{"@id":"https:\/\/deravio.com\/se\/produkt\/halsband-med-korsparlor\/#primaryimage"},"thumbnailUrl":"https:\/\/deravio.com\/se\/wp-content\/uploads\/sites\/20\/2026\/05\/o86506h-1.jpg","datePublished":"2026-05-06T15:24:57+00:00","dateModified":"2026-05-06T17:07:56+00:00","breadcrumb":{"@id":"https:\/\/deravio.com\/se\/produkt\/halsband-med-korsparlor\/#breadcrumb"},"inLanguage":"sv-SE","potentialAction":[{"@type":"ReadAction","target":["https:\/\/deravio.com\/se\/produkt\/halsband-med-korsparlor\/"]}]},{"@type":"ImageObject","inLanguage":"sv-SE","@id":"https:\/\/deravio.com\/se\/produkt\/halsband-med-korsparlor\/#primaryimage","url":"https:\/\/deravio.com\/se\/wp-content\/uploads\/sites\/20\/2026\/05\/o86506h-1.jpg","contentUrl":"https:\/\/deravio.com\/se\/wp-content\/uploads\/sites\/20\/2026\/05\/o86506h-1.jpg","width":700,"height":700},{"@type":"BreadcrumbList","@id":"https:\/\/deravio.com\/se\/produkt\/halsband-med-korsparlor\/#breadcrumb","itemListElement":[{"@type":"ListItem","position":1,"name":"Home","item":"https:\/\/deravio.com\/se\/"},{"@type":"ListItem","position":2,"name":"Butik","item":"https:\/\/deravio.com\/se\/butik\/"},{"@type":"ListItem","position":3,"name":"Halsband med korsp\u00e4rlor"}]},{"@type":"WebSite","@id":"https:\/\/deravio.com\/se\/#website","url":"https:\/\/deravio.com\/se\/","name":"Deravio SE","description":"","publisher":{"@id":"https:\/\/deravio.com\/se\/#organization"},"potentialAction":[{"@type":"SearchAction","target":{"@type":"EntryPoint","urlTemplate":"https:\/\/deravio.com\/se\/?s={search_term_string}"},"query-input":{"@type":"PropertyValueSpecification","valueRequired":true,"valueName":"search_term_string"}}],"inLanguage":"sv-SE"},{"@type":"Organization","@id":"https:\/\/deravio.com\/se\/#organization","name":"Mekulo","url":"https:\/\/deravio.com\/se\/","logo":{"@type":"ImageObject","inLanguage":"sv-SE","@id":"https:\/\/deravio.com\/se\/#\/schema\/logo\/image\/","url":"https:\/\/deravio.com\/se\/wp-content\/uploads\/sites\/20\/2025\/12\/favicon_mekulo.png","contentUrl":"https:\/\/deravio.com\/se\/wp-content\/uploads\/sites\/20\/2025\/12\/favicon_mekulo.png","width":50,"height":50,"caption":"Mekulo"},"image":{"@id":"https:\/\/deravio.com\/se\/#\/schema\/logo\/image\/"}}]}},"_links":{"self":[{"href":"https:\/\/deravio.com\/se\/wp-json\/wp\/v2\/product\/25765","targetHints":{"allow":["GET"]}}],"collection":[{"href":"https:\/\/deravio.com\/se\/wp-json\/wp\/v2\/product"}],"about":[{"href":"https:\/\/deravio.com\/se\/wp-json\/wp\/v2\/types\/product"}],"replies":[{"embeddable":true,"href":"https:\/\/deravio.com\/se\/wp-json\/wp\/v2\/comments?post=25765"}],"wp:featuredmedia":[{"embeddable":true,"href":"https:\/\/deravio.com\/se\/wp-json\/wp\/v2\/media\/25761"}],"wp:attachment":[{"href":"https:\/\/deravio.com\/se\/wp-json\/wp\/v2\/media?parent=25765"}],"wp:term":[{"taxonomy":"product_brand","embeddable":true,"href":"https:\/\/deravio.com\/se\/wp-json\/wp\/v2\/product_brand?post=25765"},{"taxonomy":"product_cat","embeddable":true,"href":"https:\/\/deravio.com\/se\/wp-json\/wp\/v2\/product_cat?post=25765"},{"taxonomy":"product_tag","embeddable":true,"href":"https:\/\/deravio.com\/se\/wp-json\/wp\/v2\/product_tag?post=25765"}],"curies":[{"name":"wp","href":"https:\/\/api.w.org\/{rel}","templated":true}]}}