{"id":25748,"date":"2026-05-06T18:23:06","date_gmt":"2026-05-06T15:23:06","guid":{"rendered":"https:\/\/deravio.com\/se\/produkt\/hd-anti-dimspegel-for-doda-vinkeln\/"},"modified":"2026-05-06T20:06:45","modified_gmt":"2026-05-06T17:06:45","slug":"hd-anti-dimspegel-for-doda-vinkeln","status":"publish","type":"product","link":"https:\/\/deravio.com\/se\/produkt\/hd-anti-dimspegel-for-doda-vinkeln\/","title":{"rendered":"HD anti-dimspegel f\u00f6r d\u00f6da vinkeln"},"content":{"rendered":"<h2 style=\"text-align: center\" data-section-id=\"5d61m3\" data-start=\"2088\" data-end=\"2106\">\u2728 L\u00f6ftet<\/h2>\n<p style=\"text-align: center\" data-start=\"2108\" data-end=\"2179\">B\u00e4ttre sikt.<br data-start=\"2126\" data-end=\"2129\" \/>S\u00e4krare beslut.<br data-start=\"2145\" data-end=\"2148\" \/>Lugn i sinnet vid varje k\u00f6rning.<\/p>\n<p data-start=\"2108\" data-end=\"2179\"><img fetchpriority=\"high\" decoding=\"async\" class=\" wp-image-28457 aligncenter\" src=\"https:\/\/mekulo.com\/template\/wp-content\/uploads\/sites\/6\/2026\/03\/122114-ezgif.com-video-to-webp-converter-3.webp\" alt=\"\" width=\"550\" height=\"550\" \/><\/p>\n<h2 style=\"text-align: center\" data-section-id=\"u4ub2a\" data-start=\"421\" data-end=\"441\">\u2728 Huvudf\u00f6rdelar<\/h2>\n<p data-start=\"445\" data-end=\"551\">\ud83d\udc40 Eliminera farliga d\u00f6da vinklar &#8211; Uppt\u00e4ck fordon, cyklister och hinder som du inte kunde se tidigare.<\/p>\n<p data-start=\"555\" data-end=\"659\">\ud83c\udf27\ufe0f Klar sikt i alla v\u00e4der &#8211; Dimfri, vattent\u00e4t design h\u00e5ller din sikt skarp i regn eller solsken.<\/p>\n<p data-start=\"663\" data-end=\"760\">\ud83d\udd04 Vidvinkelsyn &#8211; Ut\u00f6kar synf\u00e4ltet f\u00f6r s\u00e4krare filbyten och backning.<\/p>\n<p data-start=\"764\" data-end=\"865\">\ud83d\udee1\ufe0f K\u00f6r med st\u00f6rre sj\u00e4lvf\u00f6rtroende &#8211; K\u00e4nn att du har kontroll \u00f6ver allt runt omkring dig.<\/p>\n<p data-start=\"869\" data-end=\"954\">\u26a1 Snabb, verktygsfri installation &#8211; F\u00e4st den p\u00e5 n\u00e5gra sekunder &#8211; inga verktyg, inget kr\u00e5ngel.<\/p>\n<h2 style=\"text-align: center\" data-section-id=\"5yj8z6\" data-start=\"961\" data-end=\"987\">\ud83e\udde9 Problem \u2192 L\u00f6sning<\/h2>\n<p data-start=\"989\" data-end=\"1131\"><strong data-start=\"989\" data-end=\"1001\">Problem:<\/strong><br data-start=\"1001\" data-end=\"1004\" \/>D\u00f6da vinklar g\u00f6r k\u00f6rningen riskfylld. Du kan inte alltid se vad som finns bredvid eller bakom dig &#8211; s\u00e4rskilt i d\u00e5ligt v\u00e4der eller tung trafik.<\/p>\n<p data-start=\"1133\" data-end=\"1285\"><strong data-start=\"1133\" data-end=\"1146\">L\u00f6sning:<\/strong><br data-start=\"1146\" data-end=\"1149\" \/>Denna HD-antiimmade spegel f\u00f6r d\u00f6da vinkeln ger dig en bredare och tydligare vy direkt &#8211; vilket hj\u00e4lper dig att undvika olyckor och k\u00f6ra med sj\u00e4lvf\u00f6rtroende.<\/p>\n<p data-start=\"1133\" data-end=\"1285\"><img decoding=\"async\" class=\" wp-image-28456 aligncenter\" src=\"https:\/\/mekulo.com\/template\/wp-content\/uploads\/sites\/6\/2026\/03\/122115-ezgif.com-video-to-webp-converter-3.webp\" alt=\"\" width=\"550\" height=\"550\" \/><\/p>\n<h2 style=\"text-align: center\" data-section-id=\"baj5e8\" data-start=\"1292\" data-end=\"1320\">\ud83c\udf0d Anv\u00e4ndningsfall \/ Livsstil<\/h2>\n<ul data-start=\"1337\" data-end=\"1470\">\n<li data-section-id=\"g0hofp\" data-start=\"1337\" data-end=\"1362\">\n<p data-start=\"1339\" data-end=\"1362\">Daglig stadsk\u00f6rning<\/p>\n<\/li>\n<li data-section-id=\"15mfvwr\" data-start=\"1363\" data-end=\"1391\">\n<p data-start=\"1365\" data-end=\"1391\">Filbyten p\u00e5 motorv\u00e4gen<\/p>\n<\/li>\n<li data-section-id=\"762oea\" data-start=\"1392\" data-end=\"1421\">\n<p data-start=\"1394\" data-end=\"1421\">Parkering och backning<\/p>\n<\/li>\n<li data-section-id=\"q6i333\" data-start=\"1422\" data-end=\"1470\">\n<p data-start=\"1424\" data-end=\"1470\">Nya f\u00f6rare eller alla som vill ha extra s\u00e4kerhet<\/p>\n<\/li>\n<\/ul>\n<p data-start=\"1472\" data-end=\"1539\">En liten uppgradering &#8211; som g\u00f6r stor skillnad varje g\u00e5ng du k\u00f6r.<\/p>\n<h2 style=\"text-align: center\" data-section-id=\"1r8t0f\" data-start=\"1546\" data-end=\"1565\">\ud83d\udee0\ufe0f Hur man anv\u00e4nder<\/h2>\n<ol data-start=\"1567\" data-end=\"1725\">\n<li data-section-id=\"1hkdubd\" data-start=\"1567\" data-end=\"1602\">\n<p data-start=\"1570\" data-end=\"1602\">Torka av sidospegelns yta.<\/p>\n<\/li>\n<li data-section-id=\"17vqsih\" data-start=\"1603\" data-end=\"1637\">\n<p data-start=\"1606\" data-end=\"1637\">Dra bort den sj\u00e4lvh\u00e4ftande baksidan.<\/p>\n<\/li>\n<li data-section-id=\"g5qjh0\" data-start=\"1638\" data-end=\"1686\">\n<p data-start=\"1641\" data-end=\"1686\">F\u00e4st spegeln i \u00f6nskad position.<\/p>\n<\/li>\n<li data-section-id=\"4ylxak\" data-start=\"1687\" data-end=\"1725\">\n<p data-start=\"1690\" data-end=\"1725\">Justera f\u00f6r b\u00e4sta betraktningsvinkel.<\/p>\n<\/li>\n<\/ol>\n<p data-start=\"1727\" data-end=\"1762\">Klart p\u00e5 n\u00e5gra sekunder. Klar omedelbart.<\/p>\n<h2 style=\"text-align: center\" data-section-id=\"1fuqdo7\" data-start=\"1769\" data-end=\"1792\">\ud83d\udce6 Produktdetaljer<\/h2>\n<ul data-start=\"1794\" data-end=\"2010\">\n<li data-section-id=\"yejms3\" data-start=\"1794\" data-end=\"1836\">\n<p data-start=\"1796\" data-end=\"1836\">Material: HD-glas + h\u00e5llbart ABS-skal<\/p>\n<\/li>\n<li data-section-id=\"1sol57t\" data-start=\"1837\" data-end=\"1865\">\n<p data-start=\"1839\" data-end=\"1865\">Storlek: Cirka 50 x 60 mm<\/p>\n<\/li>\n<li data-section-id=\"1g5g0uy\" data-start=\"1866\" data-end=\"1915\">\n<p data-start=\"1868\" data-end=\"1915\">Funktion: Dimfri, vattent\u00e4t, rostbest\u00e4ndig<\/p>\n<\/li>\n<li data-section-id=\"sv78hr\" data-start=\"1916\" data-end=\"1956\">\n<p data-start=\"1918\" data-end=\"1956\">Design: Vidvinkelspegel f\u00f6r d\u00f6da vinkeln<\/p>\n<\/li>\n<li data-section-id=\"1x4m9hf\" data-start=\"1957\" data-end=\"2010\">\n<p data-start=\"1959\" data-end=\"2010\">Kompatibilitet: Universell passform (bilar, SUV:ar, lastbilar)<\/p>\n<\/li>\n<\/ul>\n<h2 style=\"text-align: center\" data-section-id=\"13s7cfc\" data-start=\"2017\" data-end=\"2041\">\ud83d\udce5 Paketet inneh\u00e5ller<\/h2>\n<ul data-start=\"2043\" data-end=\"2081\">\n<li data-section-id=\"1j1klan\" data-start=\"2043\" data-end=\"2081\">\n<p data-start=\"2045\" data-end=\"2081\">4, 8x HD dimfri d\u00f6da vinkeln speglar.<\/p>\n<\/li>\n<\/ul>\n","protected":false},"excerpt":{"rendered":"<p><span style=\"font-size: 16px;font-style: normal;font-weight: 400\">\ud83d\ude98<\/span>Se vad du har missat. K\u00f6r med tillf\u00f6rsikt.<br \/>\n\ud83c\udf27\ufe0fEliminera d\u00f6da vinklar direkt och f\u00e5 en tydligare, s\u00e4krare bild av v\u00e4gen &#8211; i alla v\u00e4der.<br \/>\n\ud83e\ude9eMer sikt. Mer kontroll. S\u00e4krare k\u00f6rning &#8211; varje g\u00e5ng du s\u00e4tter dig bakom ratten.<\/p>\n","protected":false},"featured_media":25744,"comment_status":"open","ping_status":"closed","template":"","meta":{"site-sidebar-layout":"default","site-content-layout":"","ast-site-content-layout":"default","site-content-style":"default","site-sidebar-style":"default","ast-global-header-display":"","ast-banner-title-visibility":"","ast-main-header-display":"","ast-hfb-above-header-display":"","ast-hfb-below-header-display":"","ast-hfb-mobile-header-display":"","site-post-title":"","ast-breadcrumbs-content":"","ast-featured-img":"","footer-sml-layout":"","ast-disable-related-posts":"","theme-transparent-header-meta":"default","adv-header-id-meta":"","stick-header-meta":"","header-above-stick-meta":"","header-main-stick-meta":"","header-below-stick-meta":"","astra-migrate-meta-layouts":"set","ast-page-background-enabled":"default","ast-page-background-meta":{"desktop":{"background-color":"var(--ast-global-color-5)","background-image":"","background-repeat":"repeat","background-position":"center center","background-size":"auto","background-attachment":"scroll","background-type":"","background-media":"","overlay-type":"","overlay-color":"","overlay-opacity":"","overlay-gradient":""},"tablet":{"background-color":"","background-image":"","background-repeat":"repeat","background-position":"center center","background-size":"auto","background-attachment":"scroll","background-type":"","background-media":"","overlay-type":"","overlay-color":"","overlay-opacity":"","overlay-gradient":""},"mobile":{"background-color":"","background-image":"","background-repeat":"repeat","background-position":"center center","background-size":"auto","background-attachment":"scroll","background-type":"","background-media":"","overlay-type":"","overlay-color":"","overlay-opacity":"","overlay-gradient":""}},"ast-content-background-meta":{"desktop":{"background-color":"var(--ast-global-color-4)","background-image":"","background-repeat":"repeat","background-position":"center center","background-size":"auto","background-attachment":"scroll","background-type":"","background-media":"","overlay-type":"","overlay-color":"","overlay-opacity":"","overlay-gradient":""},"tablet":{"background-color":"var(--ast-global-color-4)","background-image":"","background-repeat":"repeat","background-position":"center center","background-size":"auto","background-attachment":"scroll","background-type":"","background-media":"","overlay-type":"","overlay-color":"","overlay-opacity":"","overlay-gradient":""},"mobile":{"background-color":"var(--ast-global-color-4)","background-image":"","background-repeat":"repeat","background-position":"center center","background-size":"auto","background-attachment":"scroll","background-type":"","background-media":"","overlay-type":"","overlay-color":"","overlay-opacity":"","overlay-gradient":""}}},"product_brand":[],"product_cat":[161],"product_tag":[],"class_list":{"0":"post-25748","1":"product","2":"type-product","3":"status-publish","4":"has-post-thumbnail","6":"product_cat-bilprodukter","7":"pa_66999_35ro6gqx-4-st","8":"pa_66999_35ro6gqx-8-st","9":"pa_66999_ljpijmzi-hjarta","10":"pa_66999_ljpijmzi-triangel","11":"desktop-align-left","12":"tablet-align-left","13":"mobile-align-left","15":"first","16":"instock","17":"shipping-taxable","18":"purchasable","19":"product-type-variable","20":"has-default-attributes"},"yoast_head":"<!-- This site is optimized with the Yoast SEO plugin v27.4 - https:\/\/yoast.com\/product\/yoast-seo-wordpress\/ -->\n<title>HD anti-dimspegel f\u00f6r d\u00f6da vinkeln - Deravio SE<\/title>\n<meta name=\"robots\" content=\"index, follow, max-snippet:-1, max-image-preview:large, max-video-preview:-1\" \/>\n<link rel=\"canonical\" href=\"https:\/\/deravio.com\/se\/produkt\/hd-anti-dimspegel-for-doda-vinkeln\/\" \/>\n<meta property=\"og:locale\" content=\"sv_SE\" \/>\n<meta property=\"og:type\" content=\"article\" \/>\n<meta property=\"og:title\" content=\"HD anti-dimspegel f\u00f6r d\u00f6da vinkeln - Deravio SE\" \/>\n<meta property=\"og:description\" content=\"\ud83d\ude98Se vad du har missat. K\u00f6r med tillf\u00f6rsikt. \ud83c\udf27\ufe0fEliminera d\u00f6da vinklar direkt och f\u00e5 en tydligare, s\u00e4krare bild av v\u00e4gen - i alla v\u00e4der. \ud83e\ude9eMer sikt. Mer kontroll. S\u00e4krare k\u00f6rning - varje g\u00e5ng du s\u00e4tter dig bakom ratten.\" \/>\n<meta property=\"og:url\" content=\"https:\/\/deravio.com\/se\/produkt\/hd-anti-dimspegel-for-doda-vinkeln\/\" \/>\n<meta property=\"og:site_name\" content=\"Deravio SE\" \/>\n<meta property=\"article:modified_time\" content=\"2026-05-06T17:06:45+00:00\" \/>\n<meta property=\"og:image\" content=\"https:\/\/deravio.com\/se\/wp-content\/uploads\/sites\/20\/2026\/05\/cc0j1np-1.jpg\" \/>\n\t<meta property=\"og:image:width\" content=\"700\" \/>\n\t<meta property=\"og:image:height\" content=\"700\" \/>\n\t<meta property=\"og:image:type\" content=\"image\/jpeg\" \/>\n<meta name=\"twitter:card\" content=\"summary_large_image\" \/>\n<meta name=\"twitter:label1\" content=\"Ber\u00e4knad l\u00e4stid\" \/>\n\t<meta name=\"twitter:data1\" content=\"2 minuter\" \/>\n<script type=\"application\/ld+json\" class=\"yoast-schema-graph\">{\"@context\":\"https:\\\/\\\/schema.org\",\"@graph\":[{\"@type\":\"WebPage\",\"@id\":\"https:\\\/\\\/deravio.com\\\/se\\\/produkt\\\/hd-anti-dimspegel-for-doda-vinkeln\\\/\",\"url\":\"https:\\\/\\\/deravio.com\\\/se\\\/produkt\\\/hd-anti-dimspegel-for-doda-vinkeln\\\/\",\"name\":\"HD anti-dimspegel f\u00f6r d\u00f6da vinkeln - Deravio SE\",\"isPartOf\":{\"@id\":\"https:\\\/\\\/deravio.com\\\/se\\\/#website\"},\"primaryImageOfPage\":{\"@id\":\"https:\\\/\\\/deravio.com\\\/se\\\/produkt\\\/hd-anti-dimspegel-for-doda-vinkeln\\\/#primaryimage\"},\"image\":{\"@id\":\"https:\\\/\\\/deravio.com\\\/se\\\/produkt\\\/hd-anti-dimspegel-for-doda-vinkeln\\\/#primaryimage\"},\"thumbnailUrl\":\"https:\\\/\\\/deravio.com\\\/se\\\/wp-content\\\/uploads\\\/sites\\\/20\\\/2026\\\/05\\\/cc0j1np-1.jpg\",\"datePublished\":\"2026-05-06T15:23:06+00:00\",\"dateModified\":\"2026-05-06T17:06:45+00:00\",\"breadcrumb\":{\"@id\":\"https:\\\/\\\/deravio.com\\\/se\\\/produkt\\\/hd-anti-dimspegel-for-doda-vinkeln\\\/#breadcrumb\"},\"inLanguage\":\"sv-SE\",\"potentialAction\":[{\"@type\":\"ReadAction\",\"target\":[\"https:\\\/\\\/deravio.com\\\/se\\\/produkt\\\/hd-anti-dimspegel-for-doda-vinkeln\\\/\"]}]},{\"@type\":\"ImageObject\",\"inLanguage\":\"sv-SE\",\"@id\":\"https:\\\/\\\/deravio.com\\\/se\\\/produkt\\\/hd-anti-dimspegel-for-doda-vinkeln\\\/#primaryimage\",\"url\":\"https:\\\/\\\/deravio.com\\\/se\\\/wp-content\\\/uploads\\\/sites\\\/20\\\/2026\\\/05\\\/cc0j1np-1.jpg\",\"contentUrl\":\"https:\\\/\\\/deravio.com\\\/se\\\/wp-content\\\/uploads\\\/sites\\\/20\\\/2026\\\/05\\\/cc0j1np-1.jpg\",\"width\":700,\"height\":700},{\"@type\":\"BreadcrumbList\",\"@id\":\"https:\\\/\\\/deravio.com\\\/se\\\/produkt\\\/hd-anti-dimspegel-for-doda-vinkeln\\\/#breadcrumb\",\"itemListElement\":[{\"@type\":\"ListItem\",\"position\":1,\"name\":\"Home\",\"item\":\"https:\\\/\\\/deravio.com\\\/se\\\/\"},{\"@type\":\"ListItem\",\"position\":2,\"name\":\"Butik\",\"item\":\"https:\\\/\\\/deravio.com\\\/se\\\/butik\\\/\"},{\"@type\":\"ListItem\",\"position\":3,\"name\":\"HD anti-dimspegel f\u00f6r d\u00f6da vinkeln\"}]},{\"@type\":\"WebSite\",\"@id\":\"https:\\\/\\\/deravio.com\\\/se\\\/#website\",\"url\":\"https:\\\/\\\/deravio.com\\\/se\\\/\",\"name\":\"Deravio SE\",\"description\":\"\",\"publisher\":{\"@id\":\"https:\\\/\\\/deravio.com\\\/se\\\/#organization\"},\"potentialAction\":[{\"@type\":\"SearchAction\",\"target\":{\"@type\":\"EntryPoint\",\"urlTemplate\":\"https:\\\/\\\/deravio.com\\\/se\\\/?s={search_term_string}\"},\"query-input\":{\"@type\":\"PropertyValueSpecification\",\"valueRequired\":true,\"valueName\":\"search_term_string\"}}],\"inLanguage\":\"sv-SE\"},{\"@type\":\"Organization\",\"@id\":\"https:\\\/\\\/deravio.com\\\/se\\\/#organization\",\"name\":\"Mekulo\",\"url\":\"https:\\\/\\\/deravio.com\\\/se\\\/\",\"logo\":{\"@type\":\"ImageObject\",\"inLanguage\":\"sv-SE\",\"@id\":\"https:\\\/\\\/deravio.com\\\/se\\\/#\\\/schema\\\/logo\\\/image\\\/\",\"url\":\"https:\\\/\\\/deravio.com\\\/se\\\/wp-content\\\/uploads\\\/sites\\\/20\\\/2025\\\/12\\\/favicon_mekulo.png\",\"contentUrl\":\"https:\\\/\\\/deravio.com\\\/se\\\/wp-content\\\/uploads\\\/sites\\\/20\\\/2025\\\/12\\\/favicon_mekulo.png\",\"width\":50,\"height\":50,\"caption\":\"Mekulo\"},\"image\":{\"@id\":\"https:\\\/\\\/deravio.com\\\/se\\\/#\\\/schema\\\/logo\\\/image\\\/\"}}]}<\/script>\n<!-- \/ Yoast SEO plugin. -->","yoast_head_json":{"title":"HD anti-dimspegel f\u00f6r d\u00f6da vinkeln - Deravio SE","robots":{"index":"index","follow":"follow","max-snippet":"max-snippet:-1","max-image-preview":"max-image-preview:large","max-video-preview":"max-video-preview:-1"},"canonical":"https:\/\/deravio.com\/se\/produkt\/hd-anti-dimspegel-for-doda-vinkeln\/","og_locale":"sv_SE","og_type":"article","og_title":"HD anti-dimspegel f\u00f6r d\u00f6da vinkeln - Deravio SE","og_description":"\ud83d\ude98Se vad du har missat. K\u00f6r med tillf\u00f6rsikt. \ud83c\udf27\ufe0fEliminera d\u00f6da vinklar direkt och f\u00e5 en tydligare, s\u00e4krare bild av v\u00e4gen - i alla v\u00e4der. \ud83e\ude9eMer sikt. Mer kontroll. S\u00e4krare k\u00f6rning - varje g\u00e5ng du s\u00e4tter dig bakom ratten.","og_url":"https:\/\/deravio.com\/se\/produkt\/hd-anti-dimspegel-for-doda-vinkeln\/","og_site_name":"Deravio SE","article_modified_time":"2026-05-06T17:06:45+00:00","og_image":[{"width":700,"height":700,"url":"https:\/\/deravio.com\/se\/wp-content\/uploads\/sites\/20\/2026\/05\/cc0j1np-1.jpg","type":"image\/jpeg"}],"twitter_card":"summary_large_image","twitter_misc":{"Ber\u00e4knad l\u00e4stid":"2 minuter"},"schema":{"@context":"https:\/\/schema.org","@graph":[{"@type":"WebPage","@id":"https:\/\/deravio.com\/se\/produkt\/hd-anti-dimspegel-for-doda-vinkeln\/","url":"https:\/\/deravio.com\/se\/produkt\/hd-anti-dimspegel-for-doda-vinkeln\/","name":"HD anti-dimspegel f\u00f6r d\u00f6da vinkeln - Deravio SE","isPartOf":{"@id":"https:\/\/deravio.com\/se\/#website"},"primaryImageOfPage":{"@id":"https:\/\/deravio.com\/se\/produkt\/hd-anti-dimspegel-for-doda-vinkeln\/#primaryimage"},"image":{"@id":"https:\/\/deravio.com\/se\/produkt\/hd-anti-dimspegel-for-doda-vinkeln\/#primaryimage"},"thumbnailUrl":"https:\/\/deravio.com\/se\/wp-content\/uploads\/sites\/20\/2026\/05\/cc0j1np-1.jpg","datePublished":"2026-05-06T15:23:06+00:00","dateModified":"2026-05-06T17:06:45+00:00","breadcrumb":{"@id":"https:\/\/deravio.com\/se\/produkt\/hd-anti-dimspegel-for-doda-vinkeln\/#breadcrumb"},"inLanguage":"sv-SE","potentialAction":[{"@type":"ReadAction","target":["https:\/\/deravio.com\/se\/produkt\/hd-anti-dimspegel-for-doda-vinkeln\/"]}]},{"@type":"ImageObject","inLanguage":"sv-SE","@id":"https:\/\/deravio.com\/se\/produkt\/hd-anti-dimspegel-for-doda-vinkeln\/#primaryimage","url":"https:\/\/deravio.com\/se\/wp-content\/uploads\/sites\/20\/2026\/05\/cc0j1np-1.jpg","contentUrl":"https:\/\/deravio.com\/se\/wp-content\/uploads\/sites\/20\/2026\/05\/cc0j1np-1.jpg","width":700,"height":700},{"@type":"BreadcrumbList","@id":"https:\/\/deravio.com\/se\/produkt\/hd-anti-dimspegel-for-doda-vinkeln\/#breadcrumb","itemListElement":[{"@type":"ListItem","position":1,"name":"Home","item":"https:\/\/deravio.com\/se\/"},{"@type":"ListItem","position":2,"name":"Butik","item":"https:\/\/deravio.com\/se\/butik\/"},{"@type":"ListItem","position":3,"name":"HD anti-dimspegel f\u00f6r d\u00f6da vinkeln"}]},{"@type":"WebSite","@id":"https:\/\/deravio.com\/se\/#website","url":"https:\/\/deravio.com\/se\/","name":"Deravio SE","description":"","publisher":{"@id":"https:\/\/deravio.com\/se\/#organization"},"potentialAction":[{"@type":"SearchAction","target":{"@type":"EntryPoint","urlTemplate":"https:\/\/deravio.com\/se\/?s={search_term_string}"},"query-input":{"@type":"PropertyValueSpecification","valueRequired":true,"valueName":"search_term_string"}}],"inLanguage":"sv-SE"},{"@type":"Organization","@id":"https:\/\/deravio.com\/se\/#organization","name":"Mekulo","url":"https:\/\/deravio.com\/se\/","logo":{"@type":"ImageObject","inLanguage":"sv-SE","@id":"https:\/\/deravio.com\/se\/#\/schema\/logo\/image\/","url":"https:\/\/deravio.com\/se\/wp-content\/uploads\/sites\/20\/2025\/12\/favicon_mekulo.png","contentUrl":"https:\/\/deravio.com\/se\/wp-content\/uploads\/sites\/20\/2025\/12\/favicon_mekulo.png","width":50,"height":50,"caption":"Mekulo"},"image":{"@id":"https:\/\/deravio.com\/se\/#\/schema\/logo\/image\/"}}]}},"_links":{"self":[{"href":"https:\/\/deravio.com\/se\/wp-json\/wp\/v2\/product\/25748","targetHints":{"allow":["GET"]}}],"collection":[{"href":"https:\/\/deravio.com\/se\/wp-json\/wp\/v2\/product"}],"about":[{"href":"https:\/\/deravio.com\/se\/wp-json\/wp\/v2\/types\/product"}],"replies":[{"embeddable":true,"href":"https:\/\/deravio.com\/se\/wp-json\/wp\/v2\/comments?post=25748"}],"wp:featuredmedia":[{"embeddable":true,"href":"https:\/\/deravio.com\/se\/wp-json\/wp\/v2\/media\/25744"}],"wp:attachment":[{"href":"https:\/\/deravio.com\/se\/wp-json\/wp\/v2\/media?parent=25748"}],"wp:term":[{"taxonomy":"product_brand","embeddable":true,"href":"https:\/\/deravio.com\/se\/wp-json\/wp\/v2\/product_brand?post=25748"},{"taxonomy":"product_cat","embeddable":true,"href":"https:\/\/deravio.com\/se\/wp-json\/wp\/v2\/product_cat?post=25748"},{"taxonomy":"product_tag","embeddable":true,"href":"https:\/\/deravio.com\/se\/wp-json\/wp\/v2\/product_tag?post=25748"}],"curies":[{"name":"wp","href":"https:\/\/api.w.org\/{rel}","templated":true}]}}