{"id":25704,"date":"2026-05-06T18:18:43","date_gmt":"2026-05-06T15:18:43","guid":{"rendered":"https:\/\/deravio.com\/se\/produkt\/stressavlastande-slime-boll\/"},"modified":"2026-05-06T20:02:24","modified_gmt":"2026-05-06T17:02:24","slug":"stressavlastande-slime-boll","status":"publish","type":"product","link":"https:\/\/deravio.com\/se\/produkt\/stressavlastande-slime-boll\/","title":{"rendered":"Stressavlastande slime-boll"},"content":{"rendered":"<h2 style=\"text-align: center\" data-section-id=\"5d61m3\" data-start=\"173\" data-end=\"191\">\u2728 L\u00f6ftet<\/h2>\n<p style=\"text-align: center\" data-start=\"193\" data-end=\"246\">Mindre stress.<br data-start=\"205\" data-end=\"208\" \/>Mer fokus.<br data-start=\"219\" data-end=\"222\" \/>Kontroll i dina h\u00e4nder.<\/p>\n<p data-start=\"193\" data-end=\"246\"><img fetchpriority=\"high\" decoding=\"async\" class=\" wp-image-28246 aligncenter\" src=\"https:\/\/mekulo.com\/template\/wp-content\/uploads\/sites\/6\/2026\/03\/12214-ezgif.com-video-to-webp-converter-9.webp\" alt=\"\" width=\"500\" height=\"667\" \/><\/p>\n<h2 style=\"text-align: center\" data-section-id=\"u4ub2a\" data-start=\"533\" data-end=\"553\">\u2728 Huvudf\u00f6rdelar<\/h2>\n<p data-start=\"557\" data-end=\"669\">\ud83e\udde0 Lugna ditt sinne omedelbart &#8211; Den mjuka roterande r\u00f6relsen hj\u00e4lper till att sl\u00e4ppa sp\u00e4nningar och minska mental \u00f6verbelastning.<\/p>\n<p data-start=\"673\" data-end=\"808\">\ud83d\udd04 Tillfredsst\u00e4llande, beroendeframkallande r\u00f6relse &#8211; Vrid, rotera och se det fascinerande fl\u00f6det \u2014 det h\u00e5ller dina h\u00e4nder upptagna och ditt sinne klart.<\/p>\n<p data-start=\"673\" data-end=\"808\">\ud83c\udfaf \u00d6ka fokus och produktivitet &#8211; Perfekt f\u00f6r att h\u00e5lla dig engagerad under arbete, studier eller l\u00e5nga samtal.<\/p>\n<p data-start=\"919\" data-end=\"1020\">\u2708\ufe0f Ta med den \u00f6verallt &#8211; Liten, l\u00e4tt och alltid redo \u2014 passar i fickan, v\u00e4skan eller skrivbordet.<\/p>\n<p data-start=\"1024\" data-end=\"1123\">\ud83d\udee1\ufe0f Byggd f\u00f6r att h\u00e5lla &#8211; H\u00e5llbar 3D-tryckt design som klarar daglig anv\u00e4ndning utan att f\u00f6rlora sin k\u00e4nsla.<\/p>\n<h2 style=\"text-align: center\" data-section-id=\"5yj8z6\" data-start=\"1130\" data-end=\"1156\">\ud83e\udde9 Problem \u2192 L\u00f6sning<\/h2>\n<p data-start=\"1158\" data-end=\"1269\"><strong data-start=\"1158\" data-end=\"1170\">Problem:<\/strong><br data-start=\"1170\" data-end=\"1173\" \/>Stress byggs upp under dagen. Ditt sinne driver, ditt fokus sjunker och distraktioner tar \u00f6ver.<\/p>\n<p data-start=\"1271\" data-end=\"1446\"><strong data-start=\"1271\" data-end=\"1284\">L\u00f6sning:<\/strong><br data-start=\"1284\" data-end=\"1287\" \/>Denna stressavlastande stressboll ger dina h\u00e4nder n\u00e5got att g\u00f6ra &#8211; s\u00e5 att din hj\u00e4rna kan koppla av, \u00e5terst\u00e4lla och fokusera igen. En enkel r\u00f6relse som ger omedelbar klarhet.<\/p>\n<p data-start=\"1271\" data-end=\"1446\"><img decoding=\"async\" class=\"size-full wp-image-28248 aligncenter\" src=\"https:\/\/mekulo.com\/template\/wp-content\/uploads\/sites\/6\/2026\/03\/65ad70815c21dccbee2f65f245c1666ce227b857.jpg\" alt=\"\" width=\"970\" height=\"600\" \/><\/p>\n<h2 style=\"text-align: center\" data-section-id=\"baj5e8\" data-start=\"1453\" data-end=\"1481\">\ud83c\udf0d Anv\u00e4ndningsfall<\/h2>\n<ul data-start=\"1498\" data-end=\"1714\">\n<li data-section-id=\"1q9iyk1\" data-start=\"1498\" data-end=\"1554\">\n<p data-start=\"1500\" data-end=\"1554\">Du arbetar vid ditt skrivbord och beh\u00f6ver h\u00e5lla fokus<\/p>\n<\/li>\n<li data-section-id=\"1xc7pyb\" data-start=\"1555\" data-end=\"1609\">\n<p data-start=\"1557\" data-end=\"1609\">Du studerar och din uppm\u00e4rksamhet b\u00f6rjar glida<\/p>\n<\/li>\n<li data-section-id=\"1olchh9\" data-start=\"1610\" data-end=\"1655\">\n<p data-start=\"1612\" data-end=\"1655\">Du reser och vill vara avslappnad<\/p>\n<\/li>\n<li data-section-id=\"1rs4zk1\" data-start=\"1656\" data-end=\"1714\">\n<p data-start=\"1658\" data-end=\"1714\">Du \u00e4r p\u00e5 samtal, t\u00e4nker eller beh\u00f6ver bara en mental \u00e5terst\u00e4llning<\/p>\n<\/li>\n<\/ul>\n<p data-start=\"1716\" data-end=\"1769\">Det \u00e4r inte bara en leksak &#8211; det \u00e4r ditt dagliga \u00e5terst\u00e4llningsverktyg.<\/p>\n<h2 style=\"text-align: center\" data-section-id=\"1r8t0f\" data-start=\"1776\" data-end=\"1795\">\ud83d\udee0\ufe0f Anv\u00e4ndning<\/h2>\n<ol data-start=\"1797\" data-end=\"1961\">\n<li data-section-id=\"kclanw\" data-start=\"1797\" data-end=\"1846\">\n<p data-start=\"1800\" data-end=\"1846\">H\u00e5ll stressbollen bekv\u00e4mt i handen.<\/p>\n<\/li>\n<li data-section-id=\"dwrrt2\" data-start=\"1847\" data-end=\"1879\">\n<p data-start=\"1850\" data-end=\"1879\">Vrid och rotera sf\u00e4ren.<\/p>\n<\/li>\n<li data-section-id=\"vfdwju\" data-start=\"1880\" data-end=\"1917\">\n<p data-start=\"1883\" data-end=\"1917\">Titta p\u00e5 den mjuka, flytande r\u00f6relsen.<\/p>\n<\/li>\n<li data-section-id=\"16yzx9q\" data-start=\"1918\" data-end=\"1961\">\n<p data-start=\"1921\" data-end=\"1961\">Upprepa tills du k\u00e4nner dig lugn och fokuserad.<\/p>\n<\/li>\n<\/ol>\n<h2 style=\"text-align: center\" data-section-id=\"1fuqdo7\" data-start=\"2000\" data-end=\"2023\">\ud83d\udce6 Produktdetaljer<\/h2>\n<ul data-start=\"2025\" data-end=\"2242\">\n<li data-section-id=\"1k3pg87\" data-start=\"2025\" data-end=\"2065\">\n<p data-start=\"2027\" data-end=\"2065\">Material: H\u00e5llbar 3D-tryckt plast<\/p>\n<\/li>\n<li data-section-id=\"1vq0isg\" data-start=\"2066\" data-end=\"2118\">\n<p data-start=\"2068\" data-end=\"2118\">Design: Vridbar sf\u00e4r med roterande kugghjulsmekanism<\/p>\n<\/li>\n<li data-section-id=\"1j6ol60\" data-start=\"2155\" data-end=\"2185\">\n<p data-start=\"2157\" data-end=\"2185\">Storlekar: S (5,2 x 5,2 cm), L (7,4 x 7,4 cm)<\/p>\n<\/li>\n<li data-section-id=\"9n595z\" data-start=\"2186\" data-end=\"2242\">\n<p data-start=\"2188\" data-end=\"2242\">Anv\u00e4ndning: Stressavlastning, fokus, avslappning, underh\u00e5llning<\/p>\n<\/li>\n<\/ul>\n<h2 style=\"text-align: center\" data-section-id=\"13s7cfc\" data-start=\"2249\" data-end=\"2273\">\ud83d\udce5 F\u00f6rpackningen inneh\u00e5ller<\/h2>\n<ul data-start=\"2275\" data-end=\"2307\">\n<li data-section-id=\"1pyy5de\" data-start=\"2275\" data-end=\"2307\">\n<p data-start=\"2277\" data-end=\"2307\">1x stressavlastande slime ball.<\/p>\n<\/li>\n<\/ul>\n","protected":false},"excerpt":{"rendered":"<p>\ud83e\uddd8\u200d\u2640\ufe0fOmedelbart lugnet i dina h\u00e4nder. Fokusera var som helst, n\u00e4r som helst.<br \/>\n\ud83e\udde9En tillfredsst\u00e4llande vridning, ett smidigt fl\u00f6de och en lugn stund av kontroll &#8211; n\u00e4r du beh\u00f6ver det som mest.<br \/>\n\ud83e\udde0Oavsett om du \u00e4r stressad, uttr\u00e5kad eller bara beh\u00f6ver fokusera p\u00e5 nytt, ger denna stressavlastande stressboll ditt sinne en paus p\u00e5 n\u00e5gra sekunder &#8211; inga sk\u00e4rmar, inget ljud, bara ren taktil tillfredsst\u00e4llelse.<\/p>\n","protected":false},"featured_media":25700,"comment_status":"open","ping_status":"closed","template":"","meta":{"site-sidebar-layout":"default","site-content-layout":"","ast-site-content-layout":"default","site-content-style":"default","site-sidebar-style":"default","ast-global-header-display":"","ast-banner-title-visibility":"","ast-main-header-display":"","ast-hfb-above-header-display":"","ast-hfb-below-header-display":"","ast-hfb-mobile-header-display":"","site-post-title":"","ast-breadcrumbs-content":"","ast-featured-img":"","footer-sml-layout":"","ast-disable-related-posts":"","theme-transparent-header-meta":"default","adv-header-id-meta":"","stick-header-meta":"","header-above-stick-meta":"","header-main-stick-meta":"","header-below-stick-meta":"","astra-migrate-meta-layouts":"set","ast-page-background-enabled":"default","ast-page-background-meta":{"desktop":{"background-color":"var(--ast-global-color-5)","background-image":"","background-repeat":"repeat","background-position":"center center","background-size":"auto","background-attachment":"scroll","background-type":"","background-media":"","overlay-type":"","overlay-color":"","overlay-opacity":"","overlay-gradient":""},"tablet":{"background-color":"","background-image":"","background-repeat":"repeat","background-position":"center center","background-size":"auto","background-attachment":"scroll","background-type":"","background-media":"","overlay-type":"","overlay-color":"","overlay-opacity":"","overlay-gradient":""},"mobile":{"background-color":"","background-image":"","background-repeat":"repeat","background-position":"center center","background-size":"auto","background-attachment":"scroll","background-type":"","background-media":"","overlay-type":"","overlay-color":"","overlay-opacity":"","overlay-gradient":""}},"ast-content-background-meta":{"desktop":{"background-color":"var(--ast-global-color-4)","background-image":"","background-repeat":"repeat","background-position":"center center","background-size":"auto","background-attachment":"scroll","background-type":"","background-media":"","overlay-type":"","overlay-color":"","overlay-opacity":"","overlay-gradient":""},"tablet":{"background-color":"var(--ast-global-color-4)","background-image":"","background-repeat":"repeat","background-position":"center center","background-size":"auto","background-attachment":"scroll","background-type":"","background-media":"","overlay-type":"","overlay-color":"","overlay-opacity":"","overlay-gradient":""},"mobile":{"background-color":"var(--ast-global-color-4)","background-image":"","background-repeat":"repeat","background-position":"center center","background-size":"auto","background-attachment":"scroll","background-type":"","background-media":"","overlay-type":"","overlay-color":"","overlay-opacity":"","overlay-gradient":""}}},"product_brand":[],"product_cat":[172],"product_tag":[],"class_list":{"0":"post-25704","1":"product","2":"type-product","3":"status-publish","4":"has-post-thumbnail","6":"product_cat-leksaker-barn-och-babyprodukter","7":"pa_66985_ep9d2fet-gron","8":"pa_66985_ep9d2fet-lila","9":"pa_66985_u9m8qcti-l","10":"pa_66985_u9m8qcti-s","11":"desktop-align-left","12":"tablet-align-left","13":"mobile-align-left","15":"first","16":"instock","17":"shipping-taxable","18":"purchasable","19":"product-type-variable","20":"has-default-attributes"},"yoast_head":"<!-- This site is optimized with the Yoast SEO plugin v27.4 - https:\/\/yoast.com\/product\/yoast-seo-wordpress\/ -->\n<title>Stressavlastande slime-boll - Deravio SE<\/title>\n<meta name=\"robots\" content=\"index, follow, max-snippet:-1, max-image-preview:large, max-video-preview:-1\" \/>\n<link rel=\"canonical\" href=\"https:\/\/deravio.com\/se\/produkt\/stressavlastande-slime-boll\/\" \/>\n<meta property=\"og:locale\" content=\"sv_SE\" \/>\n<meta property=\"og:type\" content=\"article\" \/>\n<meta property=\"og:title\" content=\"Stressavlastande slime-boll - Deravio SE\" \/>\n<meta property=\"og:description\" content=\"\ud83e\uddd8\u200d\u2640\ufe0fOmedelbart lugnet i dina h\u00e4nder. Fokusera var som helst, n\u00e4r som helst. \ud83e\udde9En tillfredsst\u00e4llande vridning, ett smidigt fl\u00f6de och en lugn stund av kontroll - n\u00e4r du beh\u00f6ver det som mest. \ud83e\udde0Oavsett om du \u00e4r stressad, uttr\u00e5kad eller bara beh\u00f6ver fokusera p\u00e5 nytt, ger denna stressavlastande stressboll ditt sinne en paus p\u00e5 n\u00e5gra sekunder - inga sk\u00e4rmar, inget ljud, bara ren taktil tillfredsst\u00e4llelse.\" \/>\n<meta property=\"og:url\" content=\"https:\/\/deravio.com\/se\/produkt\/stressavlastande-slime-boll\/\" \/>\n<meta property=\"og:site_name\" content=\"Deravio SE\" \/>\n<meta property=\"article:modified_time\" content=\"2026-05-06T17:02:24+00:00\" \/>\n<meta property=\"og:image\" content=\"https:\/\/deravio.com\/se\/wp-content\/uploads\/sites\/20\/2026\/05\/qvcohdk-1.webp\" \/>\n\t<meta property=\"og:image:width\" content=\"800\" \/>\n\t<meta property=\"og:image:height\" content=\"800\" \/>\n\t<meta property=\"og:image:type\" content=\"image\/webp\" \/>\n<meta name=\"twitter:card\" content=\"summary_large_image\" \/>\n<meta name=\"twitter:label1\" content=\"Ber\u00e4knad l\u00e4stid\" \/>\n\t<meta name=\"twitter:data1\" content=\"2 minuter\" \/>\n<script type=\"application\/ld+json\" class=\"yoast-schema-graph\">{\"@context\":\"https:\\\/\\\/schema.org\",\"@graph\":[{\"@type\":\"WebPage\",\"@id\":\"https:\\\/\\\/deravio.com\\\/se\\\/produkt\\\/stressavlastande-slime-boll\\\/\",\"url\":\"https:\\\/\\\/deravio.com\\\/se\\\/produkt\\\/stressavlastande-slime-boll\\\/\",\"name\":\"Stressavlastande slime-boll - Deravio SE\",\"isPartOf\":{\"@id\":\"https:\\\/\\\/deravio.com\\\/se\\\/#website\"},\"primaryImageOfPage\":{\"@id\":\"https:\\\/\\\/deravio.com\\\/se\\\/produkt\\\/stressavlastande-slime-boll\\\/#primaryimage\"},\"image\":{\"@id\":\"https:\\\/\\\/deravio.com\\\/se\\\/produkt\\\/stressavlastande-slime-boll\\\/#primaryimage\"},\"thumbnailUrl\":\"https:\\\/\\\/deravio.com\\\/se\\\/wp-content\\\/uploads\\\/sites\\\/20\\\/2026\\\/05\\\/qvcohdk-1.webp\",\"datePublished\":\"2026-05-06T15:18:43+00:00\",\"dateModified\":\"2026-05-06T17:02:24+00:00\",\"breadcrumb\":{\"@id\":\"https:\\\/\\\/deravio.com\\\/se\\\/produkt\\\/stressavlastande-slime-boll\\\/#breadcrumb\"},\"inLanguage\":\"sv-SE\",\"potentialAction\":[{\"@type\":\"ReadAction\",\"target\":[\"https:\\\/\\\/deravio.com\\\/se\\\/produkt\\\/stressavlastande-slime-boll\\\/\"]}]},{\"@type\":\"ImageObject\",\"inLanguage\":\"sv-SE\",\"@id\":\"https:\\\/\\\/deravio.com\\\/se\\\/produkt\\\/stressavlastande-slime-boll\\\/#primaryimage\",\"url\":\"https:\\\/\\\/deravio.com\\\/se\\\/wp-content\\\/uploads\\\/sites\\\/20\\\/2026\\\/05\\\/qvcohdk-1.webp\",\"contentUrl\":\"https:\\\/\\\/deravio.com\\\/se\\\/wp-content\\\/uploads\\\/sites\\\/20\\\/2026\\\/05\\\/qvcohdk-1.webp\",\"width\":800,\"height\":800},{\"@type\":\"BreadcrumbList\",\"@id\":\"https:\\\/\\\/deravio.com\\\/se\\\/produkt\\\/stressavlastande-slime-boll\\\/#breadcrumb\",\"itemListElement\":[{\"@type\":\"ListItem\",\"position\":1,\"name\":\"Home\",\"item\":\"https:\\\/\\\/deravio.com\\\/se\\\/\"},{\"@type\":\"ListItem\",\"position\":2,\"name\":\"Butik\",\"item\":\"https:\\\/\\\/deravio.com\\\/se\\\/butik\\\/\"},{\"@type\":\"ListItem\",\"position\":3,\"name\":\"Stressavlastande slime-boll\"}]},{\"@type\":\"WebSite\",\"@id\":\"https:\\\/\\\/deravio.com\\\/se\\\/#website\",\"url\":\"https:\\\/\\\/deravio.com\\\/se\\\/\",\"name\":\"Deravio SE\",\"description\":\"\",\"publisher\":{\"@id\":\"https:\\\/\\\/deravio.com\\\/se\\\/#organization\"},\"potentialAction\":[{\"@type\":\"SearchAction\",\"target\":{\"@type\":\"EntryPoint\",\"urlTemplate\":\"https:\\\/\\\/deravio.com\\\/se\\\/?s={search_term_string}\"},\"query-input\":{\"@type\":\"PropertyValueSpecification\",\"valueRequired\":true,\"valueName\":\"search_term_string\"}}],\"inLanguage\":\"sv-SE\"},{\"@type\":\"Organization\",\"@id\":\"https:\\\/\\\/deravio.com\\\/se\\\/#organization\",\"name\":\"Mekulo\",\"url\":\"https:\\\/\\\/deravio.com\\\/se\\\/\",\"logo\":{\"@type\":\"ImageObject\",\"inLanguage\":\"sv-SE\",\"@id\":\"https:\\\/\\\/deravio.com\\\/se\\\/#\\\/schema\\\/logo\\\/image\\\/\",\"url\":\"https:\\\/\\\/deravio.com\\\/se\\\/wp-content\\\/uploads\\\/sites\\\/20\\\/2025\\\/12\\\/favicon_mekulo.png\",\"contentUrl\":\"https:\\\/\\\/deravio.com\\\/se\\\/wp-content\\\/uploads\\\/sites\\\/20\\\/2025\\\/12\\\/favicon_mekulo.png\",\"width\":50,\"height\":50,\"caption\":\"Mekulo\"},\"image\":{\"@id\":\"https:\\\/\\\/deravio.com\\\/se\\\/#\\\/schema\\\/logo\\\/image\\\/\"}}]}<\/script>\n<!-- \/ Yoast SEO plugin. -->","yoast_head_json":{"title":"Stressavlastande slime-boll - Deravio SE","robots":{"index":"index","follow":"follow","max-snippet":"max-snippet:-1","max-image-preview":"max-image-preview:large","max-video-preview":"max-video-preview:-1"},"canonical":"https:\/\/deravio.com\/se\/produkt\/stressavlastande-slime-boll\/","og_locale":"sv_SE","og_type":"article","og_title":"Stressavlastande slime-boll - Deravio SE","og_description":"\ud83e\uddd8\u200d\u2640\ufe0fOmedelbart lugnet i dina h\u00e4nder. Fokusera var som helst, n\u00e4r som helst. \ud83e\udde9En tillfredsst\u00e4llande vridning, ett smidigt fl\u00f6de och en lugn stund av kontroll - n\u00e4r du beh\u00f6ver det som mest. \ud83e\udde0Oavsett om du \u00e4r stressad, uttr\u00e5kad eller bara beh\u00f6ver fokusera p\u00e5 nytt, ger denna stressavlastande stressboll ditt sinne en paus p\u00e5 n\u00e5gra sekunder - inga sk\u00e4rmar, inget ljud, bara ren taktil tillfredsst\u00e4llelse.","og_url":"https:\/\/deravio.com\/se\/produkt\/stressavlastande-slime-boll\/","og_site_name":"Deravio SE","article_modified_time":"2026-05-06T17:02:24+00:00","og_image":[{"width":800,"height":800,"url":"https:\/\/deravio.com\/se\/wp-content\/uploads\/sites\/20\/2026\/05\/qvcohdk-1.webp","type":"image\/webp"}],"twitter_card":"summary_large_image","twitter_misc":{"Ber\u00e4knad l\u00e4stid":"2 minuter"},"schema":{"@context":"https:\/\/schema.org","@graph":[{"@type":"WebPage","@id":"https:\/\/deravio.com\/se\/produkt\/stressavlastande-slime-boll\/","url":"https:\/\/deravio.com\/se\/produkt\/stressavlastande-slime-boll\/","name":"Stressavlastande slime-boll - Deravio SE","isPartOf":{"@id":"https:\/\/deravio.com\/se\/#website"},"primaryImageOfPage":{"@id":"https:\/\/deravio.com\/se\/produkt\/stressavlastande-slime-boll\/#primaryimage"},"image":{"@id":"https:\/\/deravio.com\/se\/produkt\/stressavlastande-slime-boll\/#primaryimage"},"thumbnailUrl":"https:\/\/deravio.com\/se\/wp-content\/uploads\/sites\/20\/2026\/05\/qvcohdk-1.webp","datePublished":"2026-05-06T15:18:43+00:00","dateModified":"2026-05-06T17:02:24+00:00","breadcrumb":{"@id":"https:\/\/deravio.com\/se\/produkt\/stressavlastande-slime-boll\/#breadcrumb"},"inLanguage":"sv-SE","potentialAction":[{"@type":"ReadAction","target":["https:\/\/deravio.com\/se\/produkt\/stressavlastande-slime-boll\/"]}]},{"@type":"ImageObject","inLanguage":"sv-SE","@id":"https:\/\/deravio.com\/se\/produkt\/stressavlastande-slime-boll\/#primaryimage","url":"https:\/\/deravio.com\/se\/wp-content\/uploads\/sites\/20\/2026\/05\/qvcohdk-1.webp","contentUrl":"https:\/\/deravio.com\/se\/wp-content\/uploads\/sites\/20\/2026\/05\/qvcohdk-1.webp","width":800,"height":800},{"@type":"BreadcrumbList","@id":"https:\/\/deravio.com\/se\/produkt\/stressavlastande-slime-boll\/#breadcrumb","itemListElement":[{"@type":"ListItem","position":1,"name":"Home","item":"https:\/\/deravio.com\/se\/"},{"@type":"ListItem","position":2,"name":"Butik","item":"https:\/\/deravio.com\/se\/butik\/"},{"@type":"ListItem","position":3,"name":"Stressavlastande slime-boll"}]},{"@type":"WebSite","@id":"https:\/\/deravio.com\/se\/#website","url":"https:\/\/deravio.com\/se\/","name":"Deravio SE","description":"","publisher":{"@id":"https:\/\/deravio.com\/se\/#organization"},"potentialAction":[{"@type":"SearchAction","target":{"@type":"EntryPoint","urlTemplate":"https:\/\/deravio.com\/se\/?s={search_term_string}"},"query-input":{"@type":"PropertyValueSpecification","valueRequired":true,"valueName":"search_term_string"}}],"inLanguage":"sv-SE"},{"@type":"Organization","@id":"https:\/\/deravio.com\/se\/#organization","name":"Mekulo","url":"https:\/\/deravio.com\/se\/","logo":{"@type":"ImageObject","inLanguage":"sv-SE","@id":"https:\/\/deravio.com\/se\/#\/schema\/logo\/image\/","url":"https:\/\/deravio.com\/se\/wp-content\/uploads\/sites\/20\/2025\/12\/favicon_mekulo.png","contentUrl":"https:\/\/deravio.com\/se\/wp-content\/uploads\/sites\/20\/2025\/12\/favicon_mekulo.png","width":50,"height":50,"caption":"Mekulo"},"image":{"@id":"https:\/\/deravio.com\/se\/#\/schema\/logo\/image\/"}}]}},"_links":{"self":[{"href":"https:\/\/deravio.com\/se\/wp-json\/wp\/v2\/product\/25704","targetHints":{"allow":["GET"]}}],"collection":[{"href":"https:\/\/deravio.com\/se\/wp-json\/wp\/v2\/product"}],"about":[{"href":"https:\/\/deravio.com\/se\/wp-json\/wp\/v2\/types\/product"}],"replies":[{"embeddable":true,"href":"https:\/\/deravio.com\/se\/wp-json\/wp\/v2\/comments?post=25704"}],"wp:featuredmedia":[{"embeddable":true,"href":"https:\/\/deravio.com\/se\/wp-json\/wp\/v2\/media\/25700"}],"wp:attachment":[{"href":"https:\/\/deravio.com\/se\/wp-json\/wp\/v2\/media?parent=25704"}],"wp:term":[{"taxonomy":"product_brand","embeddable":true,"href":"https:\/\/deravio.com\/se\/wp-json\/wp\/v2\/product_brand?post=25704"},{"taxonomy":"product_cat","embeddable":true,"href":"https:\/\/deravio.com\/se\/wp-json\/wp\/v2\/product_cat?post=25704"},{"taxonomy":"product_tag","embeddable":true,"href":"https:\/\/deravio.com\/se\/wp-json\/wp\/v2\/product_tag?post=25704"}],"curies":[{"name":"wp","href":"https:\/\/api.w.org\/{rel}","templated":true}]}}