{"id":25621,"date":"2026-05-06T18:08:56","date_gmt":"2026-05-06T15:08:56","guid":{"rendered":"https:\/\/deravio.com\/se\/produkt\/solcellsdriven-vattentat-mullvadsavvisare\/"},"modified":"2026-05-06T19:54:06","modified_gmt":"2026-05-06T16:54:06","slug":"solcellsdriven-vattentat-mullvadsavvisare","status":"publish","type":"product","link":"https:\/\/deravio.com\/se\/produkt\/solcellsdriven-vattentat-mullvadsavvisare\/","title":{"rendered":"Solcellsdriven vattent\u00e4t mullvadsavvisare"},"content":{"rendered":"<h2 style=\"text-align: center\" data-section-id=\"wtab3f\" data-start=\"443\" data-end=\"459\">\u2728 L\u00f6ftet<\/h2>\n<p style=\"text-align: center\" data-start=\"461\" data-end=\"504\">Inga kemikalier.<br data-start=\"474\" data-end=\"477\" \/>Inget buller.<br data-start=\"486\" data-end=\"489\" \/>Inga fler skador.<\/p>\n<p data-start=\"461\" data-end=\"504\"><img fetchpriority=\"high\" decoding=\"async\" class=\" wp-image-28171 aligncenter\" src=\"https:\/\/mekulo.com\/template\/wp-content\/uploads\/sites\/6\/2026\/03\/122119-ezgif.com-video-to-webp-converter-3.webp\" alt=\"\" width=\"501\" height=\"669\" \/><\/p>\n<h2 style=\"text-align: center\" data-section-id=\"9mpccn\" data-start=\"511\" data-end=\"530\">\ud83c\udf31 Huvudf\u00f6rdelar<\/h2>\n<p data-start=\"534\" data-end=\"626\">\ud83c\udf0d Milj\u00f6v\u00e4nlig skadedjursbek\u00e4mpning &#8211; Skydda din tr\u00e4dg\u00e5rd utan skadliga kemikalier eller f\u00e4llor.<\/p>\n<p data-start=\"630\" data-end=\"757\">\ud83d\udd0a Tyst underjordiskt skydd &#8211; Anv\u00e4nder vibrationer och ultraljudsv\u00e5gor f\u00f6r att driva bort skadedjur &#8211; utan att st\u00f6ra ditt hem.<\/p>\n<p data-start=\"761\" data-end=\"880\">\u2600\ufe0f Solcellsdriven, inget underh\u00e5ll &#8211; Laddas under dagen och fungerar kontinuerligt &#8211; inga kablar, inga batteribyten.<\/p>\n<p data-start=\"884\" data-end=\"986\">\ud83d\udd04 Smart frekvensvariation &#8211; Anpassar signalerna f\u00f6r att rikta in sig p\u00e5 sorkar, gnagare, ormar och andra skadedjur.<\/p>\n<p data-start=\"990\" data-end=\"1104\">\ud83c\udf27 Vattent\u00e4t &amp; v\u00e4derbest\u00e4ndig &#8211; Byggd f\u00f6r att fungera tillf\u00f6rlitligt i regn, sol och f\u00f6r\u00e4ndrade utomhusf\u00f6rh\u00e5llanden.<\/p>\n<p data-start=\"1108\" data-end=\"1212\">\ud83c\udf3f Brett t\u00e4ckningsskydd &#8211; 360\u00b0 signalspridning hj\u00e4lper till att skydda st\u00f6rre tr\u00e4dg\u00e5rdsomr\u00e5den effektivt.<\/p>\n<h2 style=\"text-align: center\" data-section-id=\"d0iej6\" data-start=\"1219\" data-end=\"1242\">\u2757 Problem \u2192 L\u00f6sning<\/h2>\n<p data-start=\"1244\" data-end=\"1384\"><strong data-start=\"1244\" data-end=\"1256\">Problem:<\/strong><br data-start=\"1256\" data-end=\"1259\" \/>Mullvadar och underjordiska skadedjur f\u00f6rst\u00f6r gr\u00e4smattor, skadar r\u00f6tter och f\u00f6rst\u00f6r din tr\u00e4dg\u00e5rd &#8211; ofta utan att du m\u00e4rker det f\u00f6rr\u00e4n det \u00e4r f\u00f6r sent.<\/p>\n<p data-start=\"1386\" data-end=\"1511\"><strong data-start=\"1386\" data-end=\"1399\">L\u00f6sning:<\/strong><br data-start=\"1399\" data-end=\"1402\" \/>Denna soldrivna vattent\u00e4ta mullvadsavvisare h\u00e5ller aktivt skadedjur borta med hj\u00e4lp av naturliga vibrationssignaler, vilket f\u00f6rhindrar skador innan de b\u00f6rjar. Skydd som du inte beh\u00f6ver t\u00e4nka p\u00e5.<\/p>\n<p data-start=\"1386\" data-end=\"1511\"><img decoding=\"async\" class=\" wp-image-28172 aligncenter\" src=\"https:\/\/mekulo.com\/template\/wp-content\/uploads\/sites\/6\/2026\/03\/122118-ezgif.com-video-to-webp-converter-3.webp\" alt=\"\" width=\"501\" height=\"669\" \/><\/p>\n<h2 style=\"text-align: center\" data-section-id=\"10n4q2k\" data-start=\"1561\" data-end=\"1587\">\ud83c\udfe1 Perfekt f\u00f6r<\/h2>\n<ul data-start=\"1603\" data-end=\"1756\">\n<li data-section-id=\"14enu1v\" data-start=\"1603\" data-end=\"1629\">\n<p data-start=\"1605\" data-end=\"1629\">Hemtr\u00e4dg\u00e5rdar och gr\u00e4smattor<\/p>\n<\/li>\n<li data-section-id=\"16vq2om\" data-start=\"1630\" data-end=\"1661\">\n<p data-start=\"1632\" data-end=\"1661\">Farmar och jordbruksmark<\/p>\n<\/li>\n<li data-section-id=\"10gjtba\" data-start=\"1662\" data-end=\"1696\">\n<p data-start=\"1664\" data-end=\"1696\">Tr\u00e4dg\u00e5rdar och gr\u00f6nsaksodlingar<\/p>\n<\/li>\n<li data-section-id=\"1jeaoff\" data-start=\"1697\" data-end=\"1722\">\n<p data-start=\"1699\" data-end=\"1722\">Campingomr\u00e5den utomhus<\/p>\n<\/li>\n<li data-section-id=\"1jwe7a3\" data-start=\"1723\" data-end=\"1756\">\n<p data-start=\"1725\" data-end=\"1756\">Varuhus och f\u00f6rvaringsutrymmen<\/p>\n<\/li>\n<\/ul>\n<p data-start=\"1758\" data-end=\"1830\">Oavsett om du odlar f\u00f6r dig sj\u00e4lv eller f\u00f6r f\u00f6retag &#8211; din mark f\u00f6rblir skyddad.<\/p>\n<h2 style=\"text-align: center\" data-section-id=\"1k514u3\" data-start=\"1837\" data-end=\"1853\">\u2699\ufe0f Hur man anv\u00e4nder<\/h2>\n<ol data-start=\"1855\" data-end=\"2044\">\n<li data-section-id=\"1hdu5bc\" data-start=\"1855\" data-end=\"1916\">\n<p data-start=\"1858\" data-end=\"1916\">S\u00e4tt in enheten i marken i din tr\u00e4dg\u00e5rd eller gr\u00e4smatta.<\/p>\n<\/li>\n<li data-section-id=\"1tojeeg\" data-start=\"1917\" data-end=\"1967\">\n<p data-start=\"1920\" data-end=\"1967\">Se till att solpanelen uts\u00e4tts f\u00f6r solljus.<\/p>\n<\/li>\n<li data-section-id=\"npfmys\" data-start=\"1968\" data-end=\"2001\">\n<p data-start=\"1971\" data-end=\"2001\">L\u00e5t den ladda under dagen.<\/p>\n<\/li>\n<li data-section-id=\"1weniuz\" data-start=\"2002\" data-end=\"2044\">\n<p data-start=\"2005\" data-end=\"2044\">Njut av kontinuerligt automatiskt skydd.<\/p>\n<\/li>\n<\/ol>\n<h2 style=\"text-align: center\" data-section-id=\"6cujb5\" data-start=\"2092\" data-end=\"2113\">\ud83d\udcd0 Produktdetaljer<\/h2>\n<ul data-start=\"2115\" data-end=\"2424\">\n<li data-section-id=\"q3cz2g\" data-start=\"2115\" data-end=\"2171\">\n<p data-start=\"2117\" data-end=\"2171\">Kraftk\u00e4lla: Solcellsdriven (ingen kabeldragning kr\u00e4vs)<\/p>\n<\/li>\n<li data-section-id=\"1vb7l9c\" data-start=\"2172\" data-end=\"2227\">\n<p data-start=\"2174\" data-end=\"2227\">Funktion: Ultraljud + vibration skadedjursavvisande<\/p>\n<\/li>\n<li data-section-id=\"13miack\" data-start=\"2228\" data-end=\"2267\">\n<p data-start=\"2230\" data-end=\"2267\">T\u00e4ckning: 360\u00b0 signaldiffusion<\/p>\n<\/li>\n<li data-section-id=\"l8lrm5\" data-start=\"2268\" data-end=\"2320\">\n<p data-start=\"2270\" data-end=\"2320\">Material: H\u00e5llbar konstruktion av utomhuskvalitet<\/p>\n<\/li>\n<li data-section-id=\"1taqunu\" data-start=\"2321\" data-end=\"2362\">\n<p data-start=\"2323\" data-end=\"2362\">Vattent\u00e4t: Ja (f\u00f6r anv\u00e4ndning i alla v\u00e4der)<\/p>\n<\/li>\n<li data-section-id=\"m9updq\" data-start=\"2363\" data-end=\"2424\">\n<p data-start=\"2365\" data-end=\"2424\">M\u00e5lskadeg\u00f6rare: Mullvadar, gnagare, ormar, f\u00e5glar med mera<\/p>\n<\/li>\n<li data-section-id=\"m9updq\" data-start=\"2363\" data-end=\"2424\">Storlek: 25,5 x 6,5 cm<\/li>\n<\/ul>\n<h2 style=\"text-align: center\" data-section-id=\"1qc1r63\" data-start=\"2481\" data-end=\"2503\">\ud83d\udce6 Paketet inneh\u00e5ller<\/h2>\n<ul data-start=\"2505\" data-end=\"2541\">\n<li data-section-id=\"xvven9\" data-start=\"2505\" data-end=\"2541\">\n<p data-start=\"2507\" data-end=\"2541\">1, 2, 3, 4x soldrivna vattent\u00e4ta mullvadsavvisare\/s.<\/p>\n<\/li>\n<\/ul>\n","protected":false},"excerpt":{"rendered":"<p>\ud83d\udc01Skydda din tr\u00e4dg\u00e5rd &#8211; tyst, naturligt, utan anstr\u00e4ngning. Ett smartare s\u00e4tt att h\u00e5lla skadedjur borta utan att skada ditt utrymme.<br \/>\n\ud83c\udfe1H\u00e5ll din tr\u00e4dg\u00e5rd, gr\u00e4smatta och gr\u00f6dor s\u00e4kra fr\u00e5n underjordiska skador med en ren, milj\u00f6v\u00e4nlig l\u00f6sning.<br \/>\n\ud83c\udf1eDen h\u00e4r soldrivna vattent\u00e4ta mullvadsavvisaren fungerar dygnet runt s\u00e5 att dina v\u00e4xter \u00e4r skyddade utan buller, kemikalier eller st\u00e4ndig anstr\u00e4ngning.<\/p>\n","protected":false},"featured_media":25617,"comment_status":"open","ping_status":"closed","template":"","meta":{"site-sidebar-layout":"default","site-content-layout":"","ast-site-content-layout":"default","site-content-style":"default","site-sidebar-style":"default","ast-global-header-display":"","ast-banner-title-visibility":"","ast-main-header-display":"","ast-hfb-above-header-display":"","ast-hfb-below-header-display":"","ast-hfb-mobile-header-display":"","site-post-title":"","ast-breadcrumbs-content":"","ast-featured-img":"","footer-sml-layout":"","ast-disable-related-posts":"","theme-transparent-header-meta":"default","adv-header-id-meta":"","stick-header-meta":"","header-above-stick-meta":"","header-main-stick-meta":"","header-below-stick-meta":"","astra-migrate-meta-layouts":"set","ast-page-background-enabled":"default","ast-page-background-meta":{"desktop":{"background-color":"var(--ast-global-color-5)","background-image":"","background-repeat":"repeat","background-position":"center center","background-size":"auto","background-attachment":"scroll","background-type":"","background-media":"","overlay-type":"","overlay-color":"","overlay-opacity":"","overlay-gradient":""},"tablet":{"background-color":"","background-image":"","background-repeat":"repeat","background-position":"center center","background-size":"auto","background-attachment":"scroll","background-type":"","background-media":"","overlay-type":"","overlay-color":"","overlay-opacity":"","overlay-gradient":""},"mobile":{"background-color":"","background-image":"","background-repeat":"repeat","background-position":"center center","background-size":"auto","background-attachment":"scroll","background-type":"","background-media":"","overlay-type":"","overlay-color":"","overlay-opacity":"","overlay-gradient":""}},"ast-content-background-meta":{"desktop":{"background-color":"var(--ast-global-color-4)","background-image":"","background-repeat":"repeat","background-position":"center center","background-size":"auto","background-attachment":"scroll","background-type":"","background-media":"","overlay-type":"","overlay-color":"","overlay-opacity":"","overlay-gradient":""},"tablet":{"background-color":"var(--ast-global-color-4)","background-image":"","background-repeat":"repeat","background-position":"center center","background-size":"auto","background-attachment":"scroll","background-type":"","background-media":"","overlay-type":"","overlay-color":"","overlay-opacity":"","overlay-gradient":""},"mobile":{"background-color":"var(--ast-global-color-4)","background-image":"","background-repeat":"repeat","background-position":"center center","background-size":"auto","background-attachment":"scroll","background-type":"","background-media":"","overlay-type":"","overlay-color":"","overlay-opacity":"","overlay-gradient":""}}},"product_brand":[],"product_cat":[168],"product_tag":[],"class_list":{"0":"post-25621","1":"product","2":"type-product","3":"status-publish","4":"has-post-thumbnail","6":"product_cat-hushallsprodukter","7":"pa_66920_2quwjops-1-st","8":"pa_66920_2quwjops-2-st","9":"pa_66920_2quwjops-3-st","10":"pa_66920_2quwjops-4-st","11":"desktop-align-left","12":"tablet-align-left","13":"mobile-align-left","15":"first","16":"instock","17":"shipping-taxable","18":"purchasable","19":"product-type-variable"},"yoast_head":"<!-- This site is optimized with the Yoast SEO plugin v27.4 - https:\/\/yoast.com\/product\/yoast-seo-wordpress\/ -->\n<title>Solcellsdriven vattent\u00e4t mullvadsavvisare - Deravio SE<\/title>\n<meta name=\"robots\" content=\"index, follow, max-snippet:-1, max-image-preview:large, max-video-preview:-1\" \/>\n<link rel=\"canonical\" href=\"https:\/\/deravio.com\/se\/produkt\/solcellsdriven-vattentat-mullvadsavvisare\/\" \/>\n<meta property=\"og:locale\" content=\"sv_SE\" \/>\n<meta property=\"og:type\" content=\"article\" \/>\n<meta property=\"og:title\" content=\"Solcellsdriven vattent\u00e4t mullvadsavvisare - Deravio SE\" \/>\n<meta property=\"og:description\" content=\"\ud83d\udc01Skydda din tr\u00e4dg\u00e5rd - tyst, naturligt, utan anstr\u00e4ngning. Ett smartare s\u00e4tt att h\u00e5lla skadedjur borta utan att skada ditt utrymme. \ud83c\udfe1H\u00e5ll din tr\u00e4dg\u00e5rd, gr\u00e4smatta och gr\u00f6dor s\u00e4kra fr\u00e5n underjordiska skador med en ren, milj\u00f6v\u00e4nlig l\u00f6sning. \ud83c\udf1eDen h\u00e4r soldrivna vattent\u00e4ta mullvadsavvisaren fungerar dygnet runt s\u00e5 att dina v\u00e4xter \u00e4r skyddade utan buller, kemikalier eller st\u00e4ndig anstr\u00e4ngning.\" \/>\n<meta property=\"og:url\" content=\"https:\/\/deravio.com\/se\/produkt\/solcellsdriven-vattentat-mullvadsavvisare\/\" \/>\n<meta property=\"og:site_name\" content=\"Deravio SE\" \/>\n<meta property=\"article:modified_time\" content=\"2026-05-06T16:54:06+00:00\" \/>\n<meta property=\"og:image\" content=\"https:\/\/deravio.com\/se\/wp-content\/uploads\/sites\/20\/2026\/05\/7qjww2m-1.webp\" \/>\n\t<meta property=\"og:image:width\" content=\"713\" \/>\n\t<meta property=\"og:image:height\" content=\"713\" \/>\n\t<meta property=\"og:image:type\" content=\"image\/webp\" \/>\n<meta name=\"twitter:card\" content=\"summary_large_image\" \/>\n<meta name=\"twitter:label1\" content=\"Ber\u00e4knad l\u00e4stid\" \/>\n\t<meta name=\"twitter:data1\" content=\"2 minuter\" \/>\n<script type=\"application\/ld+json\" class=\"yoast-schema-graph\">{\"@context\":\"https:\\\/\\\/schema.org\",\"@graph\":[{\"@type\":\"WebPage\",\"@id\":\"https:\\\/\\\/deravio.com\\\/se\\\/produkt\\\/solcellsdriven-vattentat-mullvadsavvisare\\\/\",\"url\":\"https:\\\/\\\/deravio.com\\\/se\\\/produkt\\\/solcellsdriven-vattentat-mullvadsavvisare\\\/\",\"name\":\"Solcellsdriven vattent\u00e4t mullvadsavvisare - Deravio SE\",\"isPartOf\":{\"@id\":\"https:\\\/\\\/deravio.com\\\/se\\\/#website\"},\"primaryImageOfPage\":{\"@id\":\"https:\\\/\\\/deravio.com\\\/se\\\/produkt\\\/solcellsdriven-vattentat-mullvadsavvisare\\\/#primaryimage\"},\"image\":{\"@id\":\"https:\\\/\\\/deravio.com\\\/se\\\/produkt\\\/solcellsdriven-vattentat-mullvadsavvisare\\\/#primaryimage\"},\"thumbnailUrl\":\"https:\\\/\\\/deravio.com\\\/se\\\/wp-content\\\/uploads\\\/sites\\\/20\\\/2026\\\/05\\\/7qjww2m-1.webp\",\"datePublished\":\"2026-05-06T15:08:56+00:00\",\"dateModified\":\"2026-05-06T16:54:06+00:00\",\"breadcrumb\":{\"@id\":\"https:\\\/\\\/deravio.com\\\/se\\\/produkt\\\/solcellsdriven-vattentat-mullvadsavvisare\\\/#breadcrumb\"},\"inLanguage\":\"sv-SE\",\"potentialAction\":[{\"@type\":\"ReadAction\",\"target\":[\"https:\\\/\\\/deravio.com\\\/se\\\/produkt\\\/solcellsdriven-vattentat-mullvadsavvisare\\\/\"]}]},{\"@type\":\"ImageObject\",\"inLanguage\":\"sv-SE\",\"@id\":\"https:\\\/\\\/deravio.com\\\/se\\\/produkt\\\/solcellsdriven-vattentat-mullvadsavvisare\\\/#primaryimage\",\"url\":\"https:\\\/\\\/deravio.com\\\/se\\\/wp-content\\\/uploads\\\/sites\\\/20\\\/2026\\\/05\\\/7qjww2m-1.webp\",\"contentUrl\":\"https:\\\/\\\/deravio.com\\\/se\\\/wp-content\\\/uploads\\\/sites\\\/20\\\/2026\\\/05\\\/7qjww2m-1.webp\",\"width\":713,\"height\":713},{\"@type\":\"BreadcrumbList\",\"@id\":\"https:\\\/\\\/deravio.com\\\/se\\\/produkt\\\/solcellsdriven-vattentat-mullvadsavvisare\\\/#breadcrumb\",\"itemListElement\":[{\"@type\":\"ListItem\",\"position\":1,\"name\":\"Home\",\"item\":\"https:\\\/\\\/deravio.com\\\/se\\\/\"},{\"@type\":\"ListItem\",\"position\":2,\"name\":\"Butik\",\"item\":\"https:\\\/\\\/deravio.com\\\/se\\\/butik\\\/\"},{\"@type\":\"ListItem\",\"position\":3,\"name\":\"Solcellsdriven vattent\u00e4t mullvadsavvisare\"}]},{\"@type\":\"WebSite\",\"@id\":\"https:\\\/\\\/deravio.com\\\/se\\\/#website\",\"url\":\"https:\\\/\\\/deravio.com\\\/se\\\/\",\"name\":\"Deravio SE\",\"description\":\"\",\"publisher\":{\"@id\":\"https:\\\/\\\/deravio.com\\\/se\\\/#organization\"},\"potentialAction\":[{\"@type\":\"SearchAction\",\"target\":{\"@type\":\"EntryPoint\",\"urlTemplate\":\"https:\\\/\\\/deravio.com\\\/se\\\/?s={search_term_string}\"},\"query-input\":{\"@type\":\"PropertyValueSpecification\",\"valueRequired\":true,\"valueName\":\"search_term_string\"}}],\"inLanguage\":\"sv-SE\"},{\"@type\":\"Organization\",\"@id\":\"https:\\\/\\\/deravio.com\\\/se\\\/#organization\",\"name\":\"Mekulo\",\"url\":\"https:\\\/\\\/deravio.com\\\/se\\\/\",\"logo\":{\"@type\":\"ImageObject\",\"inLanguage\":\"sv-SE\",\"@id\":\"https:\\\/\\\/deravio.com\\\/se\\\/#\\\/schema\\\/logo\\\/image\\\/\",\"url\":\"https:\\\/\\\/deravio.com\\\/se\\\/wp-content\\\/uploads\\\/sites\\\/20\\\/2025\\\/12\\\/favicon_mekulo.png\",\"contentUrl\":\"https:\\\/\\\/deravio.com\\\/se\\\/wp-content\\\/uploads\\\/sites\\\/20\\\/2025\\\/12\\\/favicon_mekulo.png\",\"width\":50,\"height\":50,\"caption\":\"Mekulo\"},\"image\":{\"@id\":\"https:\\\/\\\/deravio.com\\\/se\\\/#\\\/schema\\\/logo\\\/image\\\/\"}}]}<\/script>\n<!-- \/ Yoast SEO plugin. -->","yoast_head_json":{"title":"Solcellsdriven vattent\u00e4t mullvadsavvisare - Deravio SE","robots":{"index":"index","follow":"follow","max-snippet":"max-snippet:-1","max-image-preview":"max-image-preview:large","max-video-preview":"max-video-preview:-1"},"canonical":"https:\/\/deravio.com\/se\/produkt\/solcellsdriven-vattentat-mullvadsavvisare\/","og_locale":"sv_SE","og_type":"article","og_title":"Solcellsdriven vattent\u00e4t mullvadsavvisare - Deravio SE","og_description":"\ud83d\udc01Skydda din tr\u00e4dg\u00e5rd - tyst, naturligt, utan anstr\u00e4ngning. Ett smartare s\u00e4tt att h\u00e5lla skadedjur borta utan att skada ditt utrymme. \ud83c\udfe1H\u00e5ll din tr\u00e4dg\u00e5rd, gr\u00e4smatta och gr\u00f6dor s\u00e4kra fr\u00e5n underjordiska skador med en ren, milj\u00f6v\u00e4nlig l\u00f6sning. \ud83c\udf1eDen h\u00e4r soldrivna vattent\u00e4ta mullvadsavvisaren fungerar dygnet runt s\u00e5 att dina v\u00e4xter \u00e4r skyddade utan buller, kemikalier eller st\u00e4ndig anstr\u00e4ngning.","og_url":"https:\/\/deravio.com\/se\/produkt\/solcellsdriven-vattentat-mullvadsavvisare\/","og_site_name":"Deravio SE","article_modified_time":"2026-05-06T16:54:06+00:00","og_image":[{"width":713,"height":713,"url":"https:\/\/deravio.com\/se\/wp-content\/uploads\/sites\/20\/2026\/05\/7qjww2m-1.webp","type":"image\/webp"}],"twitter_card":"summary_large_image","twitter_misc":{"Ber\u00e4knad l\u00e4stid":"2 minuter"},"schema":{"@context":"https:\/\/schema.org","@graph":[{"@type":"WebPage","@id":"https:\/\/deravio.com\/se\/produkt\/solcellsdriven-vattentat-mullvadsavvisare\/","url":"https:\/\/deravio.com\/se\/produkt\/solcellsdriven-vattentat-mullvadsavvisare\/","name":"Solcellsdriven vattent\u00e4t mullvadsavvisare - Deravio SE","isPartOf":{"@id":"https:\/\/deravio.com\/se\/#website"},"primaryImageOfPage":{"@id":"https:\/\/deravio.com\/se\/produkt\/solcellsdriven-vattentat-mullvadsavvisare\/#primaryimage"},"image":{"@id":"https:\/\/deravio.com\/se\/produkt\/solcellsdriven-vattentat-mullvadsavvisare\/#primaryimage"},"thumbnailUrl":"https:\/\/deravio.com\/se\/wp-content\/uploads\/sites\/20\/2026\/05\/7qjww2m-1.webp","datePublished":"2026-05-06T15:08:56+00:00","dateModified":"2026-05-06T16:54:06+00:00","breadcrumb":{"@id":"https:\/\/deravio.com\/se\/produkt\/solcellsdriven-vattentat-mullvadsavvisare\/#breadcrumb"},"inLanguage":"sv-SE","potentialAction":[{"@type":"ReadAction","target":["https:\/\/deravio.com\/se\/produkt\/solcellsdriven-vattentat-mullvadsavvisare\/"]}]},{"@type":"ImageObject","inLanguage":"sv-SE","@id":"https:\/\/deravio.com\/se\/produkt\/solcellsdriven-vattentat-mullvadsavvisare\/#primaryimage","url":"https:\/\/deravio.com\/se\/wp-content\/uploads\/sites\/20\/2026\/05\/7qjww2m-1.webp","contentUrl":"https:\/\/deravio.com\/se\/wp-content\/uploads\/sites\/20\/2026\/05\/7qjww2m-1.webp","width":713,"height":713},{"@type":"BreadcrumbList","@id":"https:\/\/deravio.com\/se\/produkt\/solcellsdriven-vattentat-mullvadsavvisare\/#breadcrumb","itemListElement":[{"@type":"ListItem","position":1,"name":"Home","item":"https:\/\/deravio.com\/se\/"},{"@type":"ListItem","position":2,"name":"Butik","item":"https:\/\/deravio.com\/se\/butik\/"},{"@type":"ListItem","position":3,"name":"Solcellsdriven vattent\u00e4t mullvadsavvisare"}]},{"@type":"WebSite","@id":"https:\/\/deravio.com\/se\/#website","url":"https:\/\/deravio.com\/se\/","name":"Deravio SE","description":"","publisher":{"@id":"https:\/\/deravio.com\/se\/#organization"},"potentialAction":[{"@type":"SearchAction","target":{"@type":"EntryPoint","urlTemplate":"https:\/\/deravio.com\/se\/?s={search_term_string}"},"query-input":{"@type":"PropertyValueSpecification","valueRequired":true,"valueName":"search_term_string"}}],"inLanguage":"sv-SE"},{"@type":"Organization","@id":"https:\/\/deravio.com\/se\/#organization","name":"Mekulo","url":"https:\/\/deravio.com\/se\/","logo":{"@type":"ImageObject","inLanguage":"sv-SE","@id":"https:\/\/deravio.com\/se\/#\/schema\/logo\/image\/","url":"https:\/\/deravio.com\/se\/wp-content\/uploads\/sites\/20\/2025\/12\/favicon_mekulo.png","contentUrl":"https:\/\/deravio.com\/se\/wp-content\/uploads\/sites\/20\/2025\/12\/favicon_mekulo.png","width":50,"height":50,"caption":"Mekulo"},"image":{"@id":"https:\/\/deravio.com\/se\/#\/schema\/logo\/image\/"}}]}},"_links":{"self":[{"href":"https:\/\/deravio.com\/se\/wp-json\/wp\/v2\/product\/25621","targetHints":{"allow":["GET"]}}],"collection":[{"href":"https:\/\/deravio.com\/se\/wp-json\/wp\/v2\/product"}],"about":[{"href":"https:\/\/deravio.com\/se\/wp-json\/wp\/v2\/types\/product"}],"replies":[{"embeddable":true,"href":"https:\/\/deravio.com\/se\/wp-json\/wp\/v2\/comments?post=25621"}],"wp:featuredmedia":[{"embeddable":true,"href":"https:\/\/deravio.com\/se\/wp-json\/wp\/v2\/media\/25617"}],"wp:attachment":[{"href":"https:\/\/deravio.com\/se\/wp-json\/wp\/v2\/media?parent=25621"}],"wp:term":[{"taxonomy":"product_brand","embeddable":true,"href":"https:\/\/deravio.com\/se\/wp-json\/wp\/v2\/product_brand?post=25621"},{"taxonomy":"product_cat","embeddable":true,"href":"https:\/\/deravio.com\/se\/wp-json\/wp\/v2\/product_cat?post=25621"},{"taxonomy":"product_tag","embeddable":true,"href":"https:\/\/deravio.com\/se\/wp-json\/wp\/v2\/product_tag?post=25621"}],"curies":[{"name":"wp","href":"https:\/\/api.w.org\/{rel}","templated":true}]}}