{"id":25606,"date":"2026-05-06T18:07:12","date_gmt":"2026-05-06T15:07:12","guid":{"rendered":"https:\/\/deravio.com\/se\/produkt\/diy-experimentkit\/"},"modified":"2026-05-06T19:53:03","modified_gmt":"2026-05-06T16:53:03","slug":"diy-experimentkit","status":"publish","type":"product","link":"https:\/\/deravio.com\/se\/produkt\/diy-experimentkit\/","title":{"rendered":"DIY-experimentkit"},"content":{"rendered":"<h2 style=\"text-align: center\" data-section-id=\"wtab3f\" data-start=\"332\" data-end=\"348\">\u2728 L\u00f6ftet<\/h2>\n<p style=\"text-align: center\" data-start=\"350\" data-end=\"406\">Mer nyfikenhet.<br data-start=\"365\" data-end=\"368\" \/>Mer sj\u00e4lvf\u00f6rtroende.<br data-start=\"384\" data-end=\"387\" \/>Fler &#8221;wow&#8221;-\u00f6gonblick.<\/p>\n<p data-start=\"350\" data-end=\"406\"><img fetchpriority=\"high\" decoding=\"async\" class=\" wp-image-28159 aligncenter\" src=\"https:\/\/mekulo.com\/template\/wp-content\/uploads\/sites\/6\/2026\/03\/122117-ezgif.com-video-to-webp-converter-2.webp\" alt=\"\" width=\"550\" height=\"550\" \/><\/p>\n<h2 style=\"text-align: center\" data-section-id=\"sf02kb\" data-start=\"413\" data-end=\"432\">\ud83d\udd2c Huvudf\u00f6rdelar<\/h2>\n<p data-start=\"436\" data-end=\"545\">\ud83e\udde0 Praktiskt l\u00e4rande som fastnar &#8211; Barn f\u00f6rst\u00e5r begrepp snabbare genom att bygga, testa och utforska.<\/p>\n<p data-start=\"549\" data-end=\"665\">\ud83d\ude80 Inspirerar till verklig nyfikenhet p\u00e5 v\u00e4rlden &#8211; F\u00f6rvandlar enkla fr\u00e5gor till sp\u00e4nnande experiment och uppt\u00e4ckter.<\/p>\n<p data-start=\"669\" data-end=\"790\">\ud83e\udde9 Bygger probleml\u00f6sning och kritiskt t\u00e4nkande &#8211; Uppmuntrar barn att t\u00e4nka, testa och r\u00e4kna ut saker p\u00e5 egen hand.<\/p>\n<p data-start=\"794\" data-end=\"903\">\ud83c\udfa8 \u00d6kar kreativiteten genom experiment &#8211; Varje experiment blir en chans att f\u00f6rest\u00e4lla sig och skapa.<\/p>\n<p data-start=\"907\" data-end=\"994\">\ud83d\udee1 S\u00e4kra och barnv\u00e4nliga material &#8211; Utformade f\u00f6r bekymmersfri utforskning hemma.<\/p>\n<p data-start=\"998\" data-end=\"1104\">\ud83c\udf81 En meningsfull g\u00e5va, inte bara \u00e4nnu en leksak &#8211; Rolig, l\u00e4rorik och n\u00e5got som barnen faktiskt kommer ih\u00e5g.<\/p>\n<h2 style=\"text-align: center\" data-section-id=\"d0iej6\" data-start=\"1111\" data-end=\"1134\">\u2757 Problem \u2192 L\u00f6sning<\/h2>\n<p data-start=\"1136\" data-end=\"1220\"><strong data-start=\"1136\" data-end=\"1148\">Problem:<\/strong><br data-start=\"1148\" data-end=\"1151\" \/>De flesta leksaker underh\u00e5ller f\u00f6r en stund &#8211; men l\u00e4r inte ut eller engagerar p\u00e5 l\u00e5ng sikt.<\/p>\n<p data-start=\"1222\" data-end=\"1330\"><strong data-start=\"1222\" data-end=\"1235\">L\u00f6sning:<\/strong><br data-start=\"1235\" data-end=\"1238\" \/>Detta DIY-experimentset g\u00f6r lektid till inl\u00e4rningstid, h\u00e5ller barnen engagerade samtidigt som de bygger upp verkliga f\u00e4rdigheter. Kul med syfte.<\/p>\n<p data-start=\"1222\" data-end=\"1330\"><img decoding=\"async\" class=\" wp-image-28160 aligncenter\" src=\"https:\/\/mekulo.com\/template\/wp-content\/uploads\/sites\/6\/2026\/03\/122116-ezgif.com-video-to-webp-converter-2.webp\" alt=\"\" width=\"550\" height=\"550\" \/><\/p>\n<h2 style=\"text-align: center\" data-section-id=\"1xzwyz4\" data-start=\"1356\" data-end=\"1382\">\ud83c\udf0d Perfekt f\u00f6r<\/h2>\n<ul data-start=\"1398\" data-end=\"1548\">\n<li data-section-id=\"1iacvuj\" data-start=\"1398\" data-end=\"1431\">\n<p data-start=\"1400\" data-end=\"1431\">L\u00e4rande efter skolan hemma<\/p>\n<\/li>\n<li data-section-id=\"10q8ick\" data-start=\"1432\" data-end=\"1466\">\n<p data-start=\"1434\" data-end=\"1466\">Helgaktiviteter med familjen<\/p>\n<\/li>\n<li data-section-id=\"2aemw6\" data-start=\"1467\" data-end=\"1507\">\n<p data-start=\"1469\" data-end=\"1507\">STEM-introduktion f\u00f6r unga elever<\/p>\n<\/li>\n<li data-section-id=\"165n0hf\" data-start=\"1508\" data-end=\"1548\">\n<p data-start=\"1510\" data-end=\"1548\">Presenter som kombinerar kul och utbildning<\/p>\n<\/li>\n<\/ul>\n<p data-start=\"1550\" data-end=\"1642\">Oavsett om det \u00e4r en regnig eftermiddag eller ett nyfiket \u00f6gonblick finns det alltid n\u00e5got nytt att uppt\u00e4cka.<\/p>\n<h2 style=\"text-align: center\" data-section-id=\"1k514u3\" data-start=\"1649\" data-end=\"1665\">\u2699\ufe0f Hur man anv\u00e4nder<\/h2>\n<ol data-start=\"1667\" data-end=\"1840\">\n<li data-section-id=\"79r39s\" data-start=\"1667\" data-end=\"1705\">\n<p data-start=\"1670\" data-end=\"1705\">V\u00e4lj ett experiment fr\u00e5n satsen.<\/p>\n<\/li>\n<li data-section-id=\"1f3c6nj\" data-start=\"1706\" data-end=\"1754\">\n<p data-start=\"1709\" data-end=\"1754\">F\u00f6lj de enkla steg-f\u00f6r-steg-instruktionerna.<\/p>\n<\/li>\n<li data-section-id=\"16eitgt\" data-start=\"1755\" data-end=\"1792\">\n<p data-start=\"1758\" data-end=\"1792\">Bygg, blanda eller testa aktiviteten.<\/p>\n<\/li>\n<li data-section-id=\"zlrf5x\" data-start=\"1793\" data-end=\"1840\">\n<p data-start=\"1796\" data-end=\"1840\">Observera resultaten och utforska &#8221;varf\u00f6r det fungerar&#8221;.<\/p>\n<\/li>\n<\/ol>\n<h2 style=\"text-align: center\" data-section-id=\"6cujb5\" data-start=\"1891\" data-end=\"1912\">\ud83d\udcd0 Produktdetaljer<\/h2>\n<ul data-start=\"1914\" data-end=\"2199\">\n<li data-section-id=\"1bp1mk3\" data-start=\"1955\" data-end=\"2024\">\n<p data-start=\"1957\" data-end=\"2024\">Fokus: STEM-inl\u00e4rning (vetenskap, teknik, ingenj\u00f6rsvetenskap, matematik)<\/p>\n<\/li>\n<li data-section-id=\"u9yy8i\" data-start=\"2025\" data-end=\"2078\">\n<p data-start=\"2027\" data-end=\"2078\">Material: Giftfria, milj\u00f6v\u00e4nliga komponenter<\/p>\n<\/li>\n<li data-section-id=\"1ibj5r8\" data-start=\"2079\" data-end=\"2140\">\n<p data-start=\"2081\" data-end=\"2140\">F\u00e4rdighetsutveckling: Kreativitet, logik, probleml\u00f6sning<\/p>\n<\/li>\n<li data-section-id=\"1q6ovno\" data-start=\"2141\" data-end=\"2199\">\n<p data-start=\"2143\" data-end=\"2199\">Anv\u00e4ndning f\u00f6r \u00e5lder: L\u00e4mplig f\u00f6r unga elever och nyb\u00f6rjare<\/p>\n<\/li>\n<li data-section-id=\"1q6ovno\" data-start=\"2141\" data-end=\"2199\">Storlekar: H\u00e4st (165 x 75 x 140 mm), Helikopter (170 x 70 mm)<\/li>\n<\/ul>\n<h2 style=\"text-align: center\" data-section-id=\"1qc1r63\" data-start=\"2264\" data-end=\"2286\">\ud83d\udce6 Paketet inneh\u00e5ller<\/h2>\n<ul data-start=\"2288\" data-end=\"2345\">\n<li data-section-id=\"1wlgepz\" data-start=\"2288\" data-end=\"2345\">\n<p data-start=\"2290\" data-end=\"2345\">1x DIY-experimentsats.<\/p>\n<\/li>\n<\/ul>\n","protected":false},"excerpt":{"rendered":"<p>\ud83e\udde9V\u00e4nd nyfikenhet till uppt\u00e4ckter.<br \/>\n\ud83e\udde0L\u00e4rande som k\u00e4nns som lek &#8211; och som h\u00e5ller hela livet.<br \/>\n\ud83d\udc67Ge barnen mer \u00e4n underh\u00e5llning. Detta DIY-experimentkit omvandlar vardaglig nyfikenhet till sp\u00e4nnande uppt\u00e4ckter och hj\u00e4lper dem att l\u00e4ra sig genom att g\u00f6ra &#8211; inte bara titta p\u00e5.<\/p>\n","protected":false},"featured_media":25602,"comment_status":"open","ping_status":"closed","template":"","meta":{"site-sidebar-layout":"default","site-content-layout":"","ast-site-content-layout":"default","site-content-style":"default","site-sidebar-style":"default","ast-global-header-display":"","ast-banner-title-visibility":"","ast-main-header-display":"","ast-hfb-above-header-display":"","ast-hfb-below-header-display":"","ast-hfb-mobile-header-display":"","site-post-title":"","ast-breadcrumbs-content":"","ast-featured-img":"","footer-sml-layout":"","ast-disable-related-posts":"","theme-transparent-header-meta":"default","adv-header-id-meta":"","stick-header-meta":"","header-above-stick-meta":"","header-main-stick-meta":"","header-below-stick-meta":"","astra-migrate-meta-layouts":"set","ast-page-background-enabled":"default","ast-page-background-meta":{"desktop":{"background-color":"var(--ast-global-color-5)","background-image":"","background-repeat":"repeat","background-position":"center center","background-size":"auto","background-attachment":"scroll","background-type":"","background-media":"","overlay-type":"","overlay-color":"","overlay-opacity":"","overlay-gradient":""},"tablet":{"background-color":"","background-image":"","background-repeat":"repeat","background-position":"center center","background-size":"auto","background-attachment":"scroll","background-type":"","background-media":"","overlay-type":"","overlay-color":"","overlay-opacity":"","overlay-gradient":""},"mobile":{"background-color":"","background-image":"","background-repeat":"repeat","background-position":"center center","background-size":"auto","background-attachment":"scroll","background-type":"","background-media":"","overlay-type":"","overlay-color":"","overlay-opacity":"","overlay-gradient":""}},"ast-content-background-meta":{"desktop":{"background-color":"var(--ast-global-color-4)","background-image":"","background-repeat":"repeat","background-position":"center center","background-size":"auto","background-attachment":"scroll","background-type":"","background-media":"","overlay-type":"","overlay-color":"","overlay-opacity":"","overlay-gradient":""},"tablet":{"background-color":"var(--ast-global-color-4)","background-image":"","background-repeat":"repeat","background-position":"center center","background-size":"auto","background-attachment":"scroll","background-type":"","background-media":"","overlay-type":"","overlay-color":"","overlay-opacity":"","overlay-gradient":""},"mobile":{"background-color":"var(--ast-global-color-4)","background-image":"","background-repeat":"repeat","background-position":"center center","background-size":"auto","background-attachment":"scroll","background-type":"","background-media":"","overlay-type":"","overlay-color":"","overlay-opacity":"","overlay-gradient":""}}},"product_brand":[],"product_cat":[172],"product_tag":[],"class_list":{"0":"post-25606","1":"product","2":"type-product","3":"status-publish","4":"has-post-thumbnail","6":"product_cat-leksaker-barn-och-babyprodukter","7":"pa_66909_jka9ah46-hast","8":"pa_66909_jka9ah46-helikopter","9":"desktop-align-left","10":"tablet-align-left","11":"mobile-align-left","13":"first","14":"instock","15":"shipping-taxable","16":"purchasable","17":"product-type-variable"},"yoast_head":"<!-- This site is optimized with the Yoast SEO plugin v27.4 - https:\/\/yoast.com\/product\/yoast-seo-wordpress\/ -->\n<title>DIY-experimentkit - Deravio SE<\/title>\n<meta name=\"robots\" content=\"index, follow, max-snippet:-1, max-image-preview:large, max-video-preview:-1\" \/>\n<link rel=\"canonical\" href=\"https:\/\/deravio.com\/se\/produkt\/diy-experimentkit\/\" \/>\n<meta property=\"og:locale\" content=\"sv_SE\" \/>\n<meta property=\"og:type\" content=\"article\" \/>\n<meta property=\"og:title\" content=\"DIY-experimentkit - Deravio SE\" \/>\n<meta property=\"og:description\" content=\"\ud83e\udde9V\u00e4nd nyfikenhet till uppt\u00e4ckter. \ud83e\udde0L\u00e4rande som k\u00e4nns som lek - och som h\u00e5ller hela livet. \ud83d\udc67Ge barnen mer \u00e4n underh\u00e5llning. Detta DIY-experimentkit omvandlar vardaglig nyfikenhet till sp\u00e4nnande uppt\u00e4ckter och hj\u00e4lper dem att l\u00e4ra sig genom att g\u00f6ra - inte bara titta p\u00e5.\" \/>\n<meta property=\"og:url\" content=\"https:\/\/deravio.com\/se\/produkt\/diy-experimentkit\/\" \/>\n<meta property=\"og:site_name\" content=\"Deravio SE\" \/>\n<meta property=\"article:modified_time\" content=\"2026-05-06T16:53:03+00:00\" \/>\n<meta property=\"og:image\" content=\"https:\/\/deravio.com\/se\/wp-content\/uploads\/sites\/20\/2026\/05\/yn2ev17-1.webp\" \/>\n\t<meta property=\"og:image:width\" content=\"713\" \/>\n\t<meta property=\"og:image:height\" content=\"713\" \/>\n\t<meta property=\"og:image:type\" content=\"image\/webp\" \/>\n<meta name=\"twitter:card\" content=\"summary_large_image\" \/>\n<meta name=\"twitter:label1\" content=\"Ber\u00e4knad l\u00e4stid\" \/>\n\t<meta name=\"twitter:data1\" content=\"2 minuter\" \/>\n<script type=\"application\/ld+json\" class=\"yoast-schema-graph\">{\"@context\":\"https:\\\/\\\/schema.org\",\"@graph\":[{\"@type\":\"WebPage\",\"@id\":\"https:\\\/\\\/deravio.com\\\/se\\\/produkt\\\/diy-experimentkit\\\/\",\"url\":\"https:\\\/\\\/deravio.com\\\/se\\\/produkt\\\/diy-experimentkit\\\/\",\"name\":\"DIY-experimentkit - Deravio SE\",\"isPartOf\":{\"@id\":\"https:\\\/\\\/deravio.com\\\/se\\\/#website\"},\"primaryImageOfPage\":{\"@id\":\"https:\\\/\\\/deravio.com\\\/se\\\/produkt\\\/diy-experimentkit\\\/#primaryimage\"},\"image\":{\"@id\":\"https:\\\/\\\/deravio.com\\\/se\\\/produkt\\\/diy-experimentkit\\\/#primaryimage\"},\"thumbnailUrl\":\"https:\\\/\\\/deravio.com\\\/se\\\/wp-content\\\/uploads\\\/sites\\\/20\\\/2026\\\/05\\\/yn2ev17-1.webp\",\"datePublished\":\"2026-05-06T15:07:12+00:00\",\"dateModified\":\"2026-05-06T16:53:03+00:00\",\"breadcrumb\":{\"@id\":\"https:\\\/\\\/deravio.com\\\/se\\\/produkt\\\/diy-experimentkit\\\/#breadcrumb\"},\"inLanguage\":\"sv-SE\",\"potentialAction\":[{\"@type\":\"ReadAction\",\"target\":[\"https:\\\/\\\/deravio.com\\\/se\\\/produkt\\\/diy-experimentkit\\\/\"]}]},{\"@type\":\"ImageObject\",\"inLanguage\":\"sv-SE\",\"@id\":\"https:\\\/\\\/deravio.com\\\/se\\\/produkt\\\/diy-experimentkit\\\/#primaryimage\",\"url\":\"https:\\\/\\\/deravio.com\\\/se\\\/wp-content\\\/uploads\\\/sites\\\/20\\\/2026\\\/05\\\/yn2ev17-1.webp\",\"contentUrl\":\"https:\\\/\\\/deravio.com\\\/se\\\/wp-content\\\/uploads\\\/sites\\\/20\\\/2026\\\/05\\\/yn2ev17-1.webp\",\"width\":713,\"height\":713},{\"@type\":\"BreadcrumbList\",\"@id\":\"https:\\\/\\\/deravio.com\\\/se\\\/produkt\\\/diy-experimentkit\\\/#breadcrumb\",\"itemListElement\":[{\"@type\":\"ListItem\",\"position\":1,\"name\":\"Home\",\"item\":\"https:\\\/\\\/deravio.com\\\/se\\\/\"},{\"@type\":\"ListItem\",\"position\":2,\"name\":\"Butik\",\"item\":\"https:\\\/\\\/deravio.com\\\/se\\\/butik\\\/\"},{\"@type\":\"ListItem\",\"position\":3,\"name\":\"DIY-experimentkit\"}]},{\"@type\":\"WebSite\",\"@id\":\"https:\\\/\\\/deravio.com\\\/se\\\/#website\",\"url\":\"https:\\\/\\\/deravio.com\\\/se\\\/\",\"name\":\"Deravio SE\",\"description\":\"\",\"publisher\":{\"@id\":\"https:\\\/\\\/deravio.com\\\/se\\\/#organization\"},\"potentialAction\":[{\"@type\":\"SearchAction\",\"target\":{\"@type\":\"EntryPoint\",\"urlTemplate\":\"https:\\\/\\\/deravio.com\\\/se\\\/?s={search_term_string}\"},\"query-input\":{\"@type\":\"PropertyValueSpecification\",\"valueRequired\":true,\"valueName\":\"search_term_string\"}}],\"inLanguage\":\"sv-SE\"},{\"@type\":\"Organization\",\"@id\":\"https:\\\/\\\/deravio.com\\\/se\\\/#organization\",\"name\":\"Mekulo\",\"url\":\"https:\\\/\\\/deravio.com\\\/se\\\/\",\"logo\":{\"@type\":\"ImageObject\",\"inLanguage\":\"sv-SE\",\"@id\":\"https:\\\/\\\/deravio.com\\\/se\\\/#\\\/schema\\\/logo\\\/image\\\/\",\"url\":\"https:\\\/\\\/deravio.com\\\/se\\\/wp-content\\\/uploads\\\/sites\\\/20\\\/2025\\\/12\\\/favicon_mekulo.png\",\"contentUrl\":\"https:\\\/\\\/deravio.com\\\/se\\\/wp-content\\\/uploads\\\/sites\\\/20\\\/2025\\\/12\\\/favicon_mekulo.png\",\"width\":50,\"height\":50,\"caption\":\"Mekulo\"},\"image\":{\"@id\":\"https:\\\/\\\/deravio.com\\\/se\\\/#\\\/schema\\\/logo\\\/image\\\/\"}}]}<\/script>\n<!-- \/ Yoast SEO plugin. -->","yoast_head_json":{"title":"DIY-experimentkit - Deravio SE","robots":{"index":"index","follow":"follow","max-snippet":"max-snippet:-1","max-image-preview":"max-image-preview:large","max-video-preview":"max-video-preview:-1"},"canonical":"https:\/\/deravio.com\/se\/produkt\/diy-experimentkit\/","og_locale":"sv_SE","og_type":"article","og_title":"DIY-experimentkit - Deravio SE","og_description":"\ud83e\udde9V\u00e4nd nyfikenhet till uppt\u00e4ckter. \ud83e\udde0L\u00e4rande som k\u00e4nns som lek - och som h\u00e5ller hela livet. \ud83d\udc67Ge barnen mer \u00e4n underh\u00e5llning. Detta DIY-experimentkit omvandlar vardaglig nyfikenhet till sp\u00e4nnande uppt\u00e4ckter och hj\u00e4lper dem att l\u00e4ra sig genom att g\u00f6ra - inte bara titta p\u00e5.","og_url":"https:\/\/deravio.com\/se\/produkt\/diy-experimentkit\/","og_site_name":"Deravio SE","article_modified_time":"2026-05-06T16:53:03+00:00","og_image":[{"width":713,"height":713,"url":"https:\/\/deravio.com\/se\/wp-content\/uploads\/sites\/20\/2026\/05\/yn2ev17-1.webp","type":"image\/webp"}],"twitter_card":"summary_large_image","twitter_misc":{"Ber\u00e4knad l\u00e4stid":"2 minuter"},"schema":{"@context":"https:\/\/schema.org","@graph":[{"@type":"WebPage","@id":"https:\/\/deravio.com\/se\/produkt\/diy-experimentkit\/","url":"https:\/\/deravio.com\/se\/produkt\/diy-experimentkit\/","name":"DIY-experimentkit - Deravio SE","isPartOf":{"@id":"https:\/\/deravio.com\/se\/#website"},"primaryImageOfPage":{"@id":"https:\/\/deravio.com\/se\/produkt\/diy-experimentkit\/#primaryimage"},"image":{"@id":"https:\/\/deravio.com\/se\/produkt\/diy-experimentkit\/#primaryimage"},"thumbnailUrl":"https:\/\/deravio.com\/se\/wp-content\/uploads\/sites\/20\/2026\/05\/yn2ev17-1.webp","datePublished":"2026-05-06T15:07:12+00:00","dateModified":"2026-05-06T16:53:03+00:00","breadcrumb":{"@id":"https:\/\/deravio.com\/se\/produkt\/diy-experimentkit\/#breadcrumb"},"inLanguage":"sv-SE","potentialAction":[{"@type":"ReadAction","target":["https:\/\/deravio.com\/se\/produkt\/diy-experimentkit\/"]}]},{"@type":"ImageObject","inLanguage":"sv-SE","@id":"https:\/\/deravio.com\/se\/produkt\/diy-experimentkit\/#primaryimage","url":"https:\/\/deravio.com\/se\/wp-content\/uploads\/sites\/20\/2026\/05\/yn2ev17-1.webp","contentUrl":"https:\/\/deravio.com\/se\/wp-content\/uploads\/sites\/20\/2026\/05\/yn2ev17-1.webp","width":713,"height":713},{"@type":"BreadcrumbList","@id":"https:\/\/deravio.com\/se\/produkt\/diy-experimentkit\/#breadcrumb","itemListElement":[{"@type":"ListItem","position":1,"name":"Home","item":"https:\/\/deravio.com\/se\/"},{"@type":"ListItem","position":2,"name":"Butik","item":"https:\/\/deravio.com\/se\/butik\/"},{"@type":"ListItem","position":3,"name":"DIY-experimentkit"}]},{"@type":"WebSite","@id":"https:\/\/deravio.com\/se\/#website","url":"https:\/\/deravio.com\/se\/","name":"Deravio SE","description":"","publisher":{"@id":"https:\/\/deravio.com\/se\/#organization"},"potentialAction":[{"@type":"SearchAction","target":{"@type":"EntryPoint","urlTemplate":"https:\/\/deravio.com\/se\/?s={search_term_string}"},"query-input":{"@type":"PropertyValueSpecification","valueRequired":true,"valueName":"search_term_string"}}],"inLanguage":"sv-SE"},{"@type":"Organization","@id":"https:\/\/deravio.com\/se\/#organization","name":"Mekulo","url":"https:\/\/deravio.com\/se\/","logo":{"@type":"ImageObject","inLanguage":"sv-SE","@id":"https:\/\/deravio.com\/se\/#\/schema\/logo\/image\/","url":"https:\/\/deravio.com\/se\/wp-content\/uploads\/sites\/20\/2025\/12\/favicon_mekulo.png","contentUrl":"https:\/\/deravio.com\/se\/wp-content\/uploads\/sites\/20\/2025\/12\/favicon_mekulo.png","width":50,"height":50,"caption":"Mekulo"},"image":{"@id":"https:\/\/deravio.com\/se\/#\/schema\/logo\/image\/"}}]}},"_links":{"self":[{"href":"https:\/\/deravio.com\/se\/wp-json\/wp\/v2\/product\/25606","targetHints":{"allow":["GET"]}}],"collection":[{"href":"https:\/\/deravio.com\/se\/wp-json\/wp\/v2\/product"}],"about":[{"href":"https:\/\/deravio.com\/se\/wp-json\/wp\/v2\/types\/product"}],"replies":[{"embeddable":true,"href":"https:\/\/deravio.com\/se\/wp-json\/wp\/v2\/comments?post=25606"}],"wp:featuredmedia":[{"embeddable":true,"href":"https:\/\/deravio.com\/se\/wp-json\/wp\/v2\/media\/25602"}],"wp:attachment":[{"href":"https:\/\/deravio.com\/se\/wp-json\/wp\/v2\/media?parent=25606"}],"wp:term":[{"taxonomy":"product_brand","embeddable":true,"href":"https:\/\/deravio.com\/se\/wp-json\/wp\/v2\/product_brand?post=25606"},{"taxonomy":"product_cat","embeddable":true,"href":"https:\/\/deravio.com\/se\/wp-json\/wp\/v2\/product_cat?post=25606"},{"taxonomy":"product_tag","embeddable":true,"href":"https:\/\/deravio.com\/se\/wp-json\/wp\/v2\/product_tag?post=25606"}],"curies":[{"name":"wp","href":"https:\/\/api.w.org\/{rel}","templated":true}]}}