{"id":25579,"date":"2026-05-06T18:05:02","date_gmt":"2026-05-06T15:05:02","guid":{"rendered":"https:\/\/deravio.com\/se\/produkt\/kortvaska-i-boho-stil\/"},"modified":"2026-05-06T19:51:03","modified_gmt":"2026-05-06T16:51:03","slug":"kortvaska-i-boho-stil","status":"publish","type":"product","link":"https:\/\/deravio.com\/se\/produkt\/kortvaska-i-boho-stil\/","title":{"rendered":"Kortv\u00e4ska i Boho-stil"},"content":{"rendered":"<h2 style=\"text-align: center\" data-section-id=\"wtab3f\" data-start=\"310\" data-end=\"326\">\u2728 L\u00f6ftet<\/h2>\n<p style=\"text-align: center\" data-start=\"328\" data-end=\"394\">L\u00e4ttviktsfrihet.<br data-start=\"348\" data-end=\"351\" \/>Organiserade v\u00e4sentligheter.<br data-start=\"372\" data-end=\"375\" \/>Omissk\u00e4nnlig stil.<\/p>\n<p data-start=\"328\" data-end=\"394\"><img fetchpriority=\"high\" decoding=\"async\" class=\" wp-image-28135 aligncenter\" src=\"https:\/\/mekulo.com\/template\/wp-content\/uploads\/sites\/6\/2026\/03\/122114-ezgif.com-video-to-webp-converter-2.webp\" alt=\"\" width=\"501\" height=\"669\" \/><\/p>\n<h2 style=\"text-align: center\" data-section-id=\"zkxq32\" data-start=\"401\" data-end=\"420\">\ud83c\udf38 Huvudf\u00f6rdelar<\/h2>\n<p data-start=\"424\" data-end=\"523\">\ud83c\udfa8 I\u00f6gonfallande boho-design &#8211; Levande f\u00e4rger och m\u00f6nster som omedelbart lyfter din outfit.<\/p>\n<p data-start=\"527\" data-end=\"626\">\ud83d\udcb3 Smart organisering i en kompakt storlek &#8211; H\u00e5ll dina kort prydligt ordnade och l\u00e4tta att komma \u00e5t.<\/p>\n<p data-start=\"630\" data-end=\"731\">\ud83d\udd12 S\u00e4ker blixtl\u00e5sficka f\u00f6r v\u00e4rdesaker &#8211; B\u00e4r med dig kontanter, mynt eller andra sm\u00e5saker.<\/p>\n<p data-start=\"735\" data-end=\"836\">\ud83e\uddf5 Inbyggd statementaccessoar &#8211; P\u00e4rlarmband + nyckelring med tofsar ger personlighet och charm.<\/p>\n<p data-start=\"840\" data-end=\"931\">\ud83d\udc5c Perfekt f\u00f6r en livsstil d\u00e4r du \u00e4r p\u00e5 spr\u00e5ng &#8211; res l\u00e4tt utan att g\u00f6ra avkall p\u00e5 funktionaliteten.<\/p>\n<p data-start=\"935\" data-end=\"1030\">\ud83c\udf81 Vackert och genomt\u00e4nkt presentalternativ &#8211; ett snyggt f\u00f6rem\u00e5l som k\u00e4nns personligt och unikt.<\/p>\n<h2 style=\"text-align: center\" data-section-id=\"d0iej6\" data-start=\"1037\" data-end=\"1060\">\u2757 Problem \u2192 L\u00f6sning<\/h2>\n<p data-start=\"1062\" data-end=\"1157\"><strong data-start=\"1062\" data-end=\"1074\">Problem:<\/strong><br data-start=\"1074\" data-end=\"1077\" \/>Skrymmande pl\u00e5nb\u00f6cker \u00e4r obekv\u00e4ma och sm\u00e5 v\u00e4skor saknar ofta organisation eller stil.<\/p>\n<p data-start=\"1159\" data-end=\"1261\"><strong data-start=\"1159\" data-end=\"1172\">L\u00f6sning:<\/strong><br data-start=\"1172\" data-end=\"1175\" \/>Den h\u00e4r kortv\u00e4skan i boho-stil ger dig den perfekta balansen &#8211; kompakt, organiserad och visuellt fantastisk. Allt du beh\u00f6ver, inget du inte beh\u00f6ver.<\/p>\n<p data-start=\"1159\" data-end=\"1261\"><img decoding=\"async\" class=\" wp-image-28134 aligncenter\" src=\"https:\/\/mekulo.com\/template\/wp-content\/uploads\/sites\/6\/2026\/03\/122115-ezgif.com-video-to-webp-converter-2.webp\" alt=\"\" width=\"501\" height=\"669\" \/><\/p>\n<h2 style=\"text-align: center\" data-section-id=\"1cnajmq\" data-start=\"1309\" data-end=\"1335\">\ud83c\udf3f Perfekt f\u00f6r<\/h2>\n<ul data-start=\"1351\" data-end=\"1498\">\n<li data-section-id=\"6ahxun\" data-start=\"1351\" data-end=\"1386\">\n<p data-start=\"1353\" data-end=\"1386\">Dagliga \u00e4renden och snabba utflykter<\/p>\n<\/li>\n<li data-section-id=\"1ta4bw8\" data-start=\"1387\" data-end=\"1425\">\n<p data-start=\"1389\" data-end=\"1425\">Festivaler, resor och avslappnade dagar<\/p>\n<\/li>\n<li data-section-id=\"amlljb\" data-start=\"1426\" data-end=\"1451\">\n<p data-start=\"1428\" data-end=\"1451\">Minimalistiska livsstilar<\/p>\n<\/li>\n<li data-section-id=\"pqm210\" data-start=\"1452\" data-end=\"1498\">\n<p data-start=\"1454\" data-end=\"1498\">L\u00e4gg till en ett blickf\u00e5ngande plagg till enkla outfits<\/p>\n<\/li>\n<\/ul>\n<p data-start=\"1500\" data-end=\"1598\">Oavsett om du tar en kaffe eller g\u00e5r ut f\u00f6r dagen passar den enkelt in i din rutin.<\/p>\n<h2 style=\"text-align: center\" data-section-id=\"1k514u3\" data-start=\"1605\" data-end=\"1621\">\u2699\ufe0f Anv\u00e4ndning<\/h2>\n<ol data-start=\"1623\" data-end=\"1826\">\n<li data-section-id=\"1af5wi4\" data-start=\"1623\" data-end=\"1680\">\n<p data-start=\"1626\" data-end=\"1680\">F\u00f6rvara dina viktigaste kort i de dedikerade kortplatserna.<\/p>\n<\/li>\n<li data-section-id=\"ieug2u\" data-start=\"1681\" data-end=\"1726\">\n<p data-start=\"1684\" data-end=\"1726\">F\u00f6rvara kontanter eller mynt i blixtl\u00e5sfickan.<\/p>\n<\/li>\n<li data-section-id=\"kxrfkl\" data-start=\"1727\" data-end=\"1789\">\n<p data-start=\"1730\" data-end=\"1789\">F\u00e4st nycklar eller b\u00e4r det p\u00e4rlf\u00f6rsedda armbandet f\u00f6r enkel transport.<\/p>\n<\/li>\n<li data-section-id=\"1xqr08p\" data-start=\"1790\" data-end=\"1826\">\n<p data-start=\"1793\" data-end=\"1826\">Ta med dig &#8211; ingen skrymmande v\u00e4ska beh\u00f6vs.<\/p>\n<\/li>\n<\/ol>\n<h2 style=\"text-align: center\" data-section-id=\"6cujb5\" data-start=\"1869\" data-end=\"1890\">\ud83d\udcd0 Produktdetaljer<\/h2>\n<ul data-start=\"1892\" data-end=\"2124\">\n<li data-section-id=\"b6fv0o\" data-start=\"1892\" data-end=\"1926\">\n<p data-start=\"1894\" data-end=\"1926\">Material: Slitstark silikon<\/p>\n<\/li>\n<li data-section-id=\"zbtlc5\" data-start=\"1966\" data-end=\"1987\">\n<p data-start=\"1968\" data-end=\"1987\">Kortplatser: 4<\/p>\n<\/li>\n<li data-section-id=\"qke1hy\" data-start=\"1988\" data-end=\"2025\">\n<p data-start=\"1990\" data-end=\"2025\">St\u00e4ngning: S\u00e4ker ficka med dragkedja<\/p>\n<\/li>\n<li data-section-id=\"1qx20v3\" data-start=\"2026\" data-end=\"2075\">\n<p data-start=\"2028\" data-end=\"2075\">Tillbeh\u00f6r: P\u00e4rlarmband + nyckelring med tofsar<\/p>\n<\/li>\n<li data-section-id=\"1jgztll\" data-start=\"2076\" data-end=\"2124\">\n<p data-start=\"2078\" data-end=\"2124\">Anv\u00e4ndning: Korth\u00e5llare, minipl\u00e5nbok, accessoar<\/p>\n<\/li>\n<\/ul>\n<h2 style=\"text-align: center\" data-section-id=\"1qc1r63\" data-start=\"2188\" data-end=\"2210\">\ud83d\udce6 F\u00f6rpackningen inneh\u00e5ller<\/h2>\n<ul data-start=\"2212\" data-end=\"2239\">\n<li data-section-id=\"ysmqtf\" data-start=\"2212\" data-end=\"2239\">\n<p data-start=\"2214\" data-end=\"2239\">1x kortv\u00e4ska i boho-stil.<\/p>\n<\/li>\n<\/ul>\n","protected":false},"excerpt":{"rendered":"<p>\ud83c\udf38B\u00e4r mindre. St\u00e5 ut mer.<br \/>\n\ud83d\udcb3En liten v\u00e4ska som kompletterar hela din look.<br \/>\n\ud83d\udc5dDesignad f\u00f6r enkla dagar och uttrycksfull stil, denna kortv\u00e4ska i boho-stil h\u00e5ller dina v\u00e4sentligheter organiserade samtidigt som den ger en unik, konstn\u00e4rlig touch till varje outfit.<\/p>\n","protected":false},"featured_media":25575,"comment_status":"open","ping_status":"closed","template":"","meta":{"site-sidebar-layout":"default","site-content-layout":"","ast-site-content-layout":"default","site-content-style":"default","site-sidebar-style":"default","ast-global-header-display":"","ast-banner-title-visibility":"","ast-main-header-display":"","ast-hfb-above-header-display":"","ast-hfb-below-header-display":"","ast-hfb-mobile-header-display":"","site-post-title":"","ast-breadcrumbs-content":"","ast-featured-img":"","footer-sml-layout":"","ast-disable-related-posts":"","theme-transparent-header-meta":"default","adv-header-id-meta":"","stick-header-meta":"","header-above-stick-meta":"","header-main-stick-meta":"","header-below-stick-meta":"","astra-migrate-meta-layouts":"set","ast-page-background-enabled":"default","ast-page-background-meta":{"desktop":{"background-color":"var(--ast-global-color-5)","background-image":"","background-repeat":"repeat","background-position":"center center","background-size":"auto","background-attachment":"scroll","background-type":"","background-media":"","overlay-type":"","overlay-color":"","overlay-opacity":"","overlay-gradient":""},"tablet":{"background-color":"","background-image":"","background-repeat":"repeat","background-position":"center center","background-size":"auto","background-attachment":"scroll","background-type":"","background-media":"","overlay-type":"","overlay-color":"","overlay-opacity":"","overlay-gradient":""},"mobile":{"background-color":"","background-image":"","background-repeat":"repeat","background-position":"center center","background-size":"auto","background-attachment":"scroll","background-type":"","background-media":"","overlay-type":"","overlay-color":"","overlay-opacity":"","overlay-gradient":""}},"ast-content-background-meta":{"desktop":{"background-color":"var(--ast-global-color-4)","background-image":"","background-repeat":"repeat","background-position":"center center","background-size":"auto","background-attachment":"scroll","background-type":"","background-media":"","overlay-type":"","overlay-color":"","overlay-opacity":"","overlay-gradient":""},"tablet":{"background-color":"var(--ast-global-color-4)","background-image":"","background-repeat":"repeat","background-position":"center center","background-size":"auto","background-attachment":"scroll","background-type":"","background-media":"","overlay-type":"","overlay-color":"","overlay-opacity":"","overlay-gradient":""},"mobile":{"background-color":"var(--ast-global-color-4)","background-image":"","background-repeat":"repeat","background-position":"center center","background-size":"auto","background-attachment":"scroll","background-type":"","background-media":"","overlay-type":"","overlay-color":"","overlay-opacity":"","overlay-gradient":""}}},"product_brand":[],"product_cat":[165],"product_tag":[],"class_list":{"0":"post-25579","1":"product","2":"type-product","3":"status-publish","4":"has-post-thumbnail","6":"product_cat-skor-accessoarer","7":"pa_66899_lndvk9dn-bla","8":"pa_66899_lndvk9dn-gron","9":"pa_66899_lndvk9dn-khaki","10":"pa_66899_lndvk9dn-lila","11":"pa_66899_lndvk9dn-ljusbla","12":"pa_66899_lndvk9dn-ljusrosa","13":"pa_66899_lndvk9dn-orange","14":"pa_66899_lndvk9dn-rosa","15":"pa_66899_lndvk9dn-rosarod","16":"desktop-align-left","17":"tablet-align-left","18":"mobile-align-left","20":"first","21":"instock","22":"shipping-taxable","23":"purchasable","24":"product-type-variable"},"yoast_head":"<!-- This site is optimized with the Yoast SEO plugin v27.4 - https:\/\/yoast.com\/product\/yoast-seo-wordpress\/ -->\n<title>Kortv\u00e4ska i Boho-stil - Deravio SE<\/title>\n<meta name=\"robots\" content=\"index, follow, max-snippet:-1, max-image-preview:large, max-video-preview:-1\" \/>\n<link rel=\"canonical\" href=\"https:\/\/deravio.com\/se\/produkt\/kortvaska-i-boho-stil\/\" \/>\n<meta property=\"og:locale\" content=\"sv_SE\" \/>\n<meta property=\"og:type\" content=\"article\" \/>\n<meta property=\"og:title\" content=\"Kortv\u00e4ska i Boho-stil - Deravio SE\" \/>\n<meta property=\"og:description\" content=\"\ud83c\udf38B\u00e4r mindre. St\u00e5 ut mer. \ud83d\udcb3En liten v\u00e4ska som kompletterar hela din look. \ud83d\udc5dDesignad f\u00f6r enkla dagar och uttrycksfull stil, denna kortv\u00e4ska i boho-stil h\u00e5ller dina v\u00e4sentligheter organiserade samtidigt som den ger en unik, konstn\u00e4rlig touch till varje outfit.\" \/>\n<meta property=\"og:url\" content=\"https:\/\/deravio.com\/se\/produkt\/kortvaska-i-boho-stil\/\" \/>\n<meta property=\"og:site_name\" content=\"Deravio SE\" \/>\n<meta property=\"article:modified_time\" content=\"2026-05-06T16:51:03+00:00\" \/>\n<meta property=\"og:image\" content=\"https:\/\/deravio.com\/se\/wp-content\/uploads\/sites\/20\/2026\/05\/9273qmu-1.webp\" \/>\n\t<meta property=\"og:image:width\" content=\"713\" \/>\n\t<meta property=\"og:image:height\" content=\"713\" \/>\n\t<meta property=\"og:image:type\" content=\"image\/webp\" \/>\n<meta name=\"twitter:card\" content=\"summary_large_image\" \/>\n<meta name=\"twitter:label1\" content=\"Ber\u00e4knad l\u00e4stid\" \/>\n\t<meta name=\"twitter:data1\" content=\"2 minuter\" \/>\n<script type=\"application\/ld+json\" class=\"yoast-schema-graph\">{\"@context\":\"https:\\\/\\\/schema.org\",\"@graph\":[{\"@type\":\"WebPage\",\"@id\":\"https:\\\/\\\/deravio.com\\\/se\\\/produkt\\\/kortvaska-i-boho-stil\\\/\",\"url\":\"https:\\\/\\\/deravio.com\\\/se\\\/produkt\\\/kortvaska-i-boho-stil\\\/\",\"name\":\"Kortv\u00e4ska i Boho-stil - Deravio SE\",\"isPartOf\":{\"@id\":\"https:\\\/\\\/deravio.com\\\/se\\\/#website\"},\"primaryImageOfPage\":{\"@id\":\"https:\\\/\\\/deravio.com\\\/se\\\/produkt\\\/kortvaska-i-boho-stil\\\/#primaryimage\"},\"image\":{\"@id\":\"https:\\\/\\\/deravio.com\\\/se\\\/produkt\\\/kortvaska-i-boho-stil\\\/#primaryimage\"},\"thumbnailUrl\":\"https:\\\/\\\/deravio.com\\\/se\\\/wp-content\\\/uploads\\\/sites\\\/20\\\/2026\\\/05\\\/9273qmu-1.webp\",\"datePublished\":\"2026-05-06T15:05:02+00:00\",\"dateModified\":\"2026-05-06T16:51:03+00:00\",\"breadcrumb\":{\"@id\":\"https:\\\/\\\/deravio.com\\\/se\\\/produkt\\\/kortvaska-i-boho-stil\\\/#breadcrumb\"},\"inLanguage\":\"sv-SE\",\"potentialAction\":[{\"@type\":\"ReadAction\",\"target\":[\"https:\\\/\\\/deravio.com\\\/se\\\/produkt\\\/kortvaska-i-boho-stil\\\/\"]}]},{\"@type\":\"ImageObject\",\"inLanguage\":\"sv-SE\",\"@id\":\"https:\\\/\\\/deravio.com\\\/se\\\/produkt\\\/kortvaska-i-boho-stil\\\/#primaryimage\",\"url\":\"https:\\\/\\\/deravio.com\\\/se\\\/wp-content\\\/uploads\\\/sites\\\/20\\\/2026\\\/05\\\/9273qmu-1.webp\",\"contentUrl\":\"https:\\\/\\\/deravio.com\\\/se\\\/wp-content\\\/uploads\\\/sites\\\/20\\\/2026\\\/05\\\/9273qmu-1.webp\",\"width\":713,\"height\":713},{\"@type\":\"BreadcrumbList\",\"@id\":\"https:\\\/\\\/deravio.com\\\/se\\\/produkt\\\/kortvaska-i-boho-stil\\\/#breadcrumb\",\"itemListElement\":[{\"@type\":\"ListItem\",\"position\":1,\"name\":\"Home\",\"item\":\"https:\\\/\\\/deravio.com\\\/se\\\/\"},{\"@type\":\"ListItem\",\"position\":2,\"name\":\"Butik\",\"item\":\"https:\\\/\\\/deravio.com\\\/se\\\/butik\\\/\"},{\"@type\":\"ListItem\",\"position\":3,\"name\":\"Kortv\u00e4ska i Boho-stil\"}]},{\"@type\":\"WebSite\",\"@id\":\"https:\\\/\\\/deravio.com\\\/se\\\/#website\",\"url\":\"https:\\\/\\\/deravio.com\\\/se\\\/\",\"name\":\"Deravio SE\",\"description\":\"\",\"publisher\":{\"@id\":\"https:\\\/\\\/deravio.com\\\/se\\\/#organization\"},\"potentialAction\":[{\"@type\":\"SearchAction\",\"target\":{\"@type\":\"EntryPoint\",\"urlTemplate\":\"https:\\\/\\\/deravio.com\\\/se\\\/?s={search_term_string}\"},\"query-input\":{\"@type\":\"PropertyValueSpecification\",\"valueRequired\":true,\"valueName\":\"search_term_string\"}}],\"inLanguage\":\"sv-SE\"},{\"@type\":\"Organization\",\"@id\":\"https:\\\/\\\/deravio.com\\\/se\\\/#organization\",\"name\":\"Mekulo\",\"url\":\"https:\\\/\\\/deravio.com\\\/se\\\/\",\"logo\":{\"@type\":\"ImageObject\",\"inLanguage\":\"sv-SE\",\"@id\":\"https:\\\/\\\/deravio.com\\\/se\\\/#\\\/schema\\\/logo\\\/image\\\/\",\"url\":\"https:\\\/\\\/deravio.com\\\/se\\\/wp-content\\\/uploads\\\/sites\\\/20\\\/2025\\\/12\\\/favicon_mekulo.png\",\"contentUrl\":\"https:\\\/\\\/deravio.com\\\/se\\\/wp-content\\\/uploads\\\/sites\\\/20\\\/2025\\\/12\\\/favicon_mekulo.png\",\"width\":50,\"height\":50,\"caption\":\"Mekulo\"},\"image\":{\"@id\":\"https:\\\/\\\/deravio.com\\\/se\\\/#\\\/schema\\\/logo\\\/image\\\/\"}}]}<\/script>\n<!-- \/ Yoast SEO plugin. -->","yoast_head_json":{"title":"Kortv\u00e4ska i Boho-stil - Deravio SE","robots":{"index":"index","follow":"follow","max-snippet":"max-snippet:-1","max-image-preview":"max-image-preview:large","max-video-preview":"max-video-preview:-1"},"canonical":"https:\/\/deravio.com\/se\/produkt\/kortvaska-i-boho-stil\/","og_locale":"sv_SE","og_type":"article","og_title":"Kortv\u00e4ska i Boho-stil - Deravio SE","og_description":"\ud83c\udf38B\u00e4r mindre. St\u00e5 ut mer. \ud83d\udcb3En liten v\u00e4ska som kompletterar hela din look. \ud83d\udc5dDesignad f\u00f6r enkla dagar och uttrycksfull stil, denna kortv\u00e4ska i boho-stil h\u00e5ller dina v\u00e4sentligheter organiserade samtidigt som den ger en unik, konstn\u00e4rlig touch till varje outfit.","og_url":"https:\/\/deravio.com\/se\/produkt\/kortvaska-i-boho-stil\/","og_site_name":"Deravio SE","article_modified_time":"2026-05-06T16:51:03+00:00","og_image":[{"width":713,"height":713,"url":"https:\/\/deravio.com\/se\/wp-content\/uploads\/sites\/20\/2026\/05\/9273qmu-1.webp","type":"image\/webp"}],"twitter_card":"summary_large_image","twitter_misc":{"Ber\u00e4knad l\u00e4stid":"2 minuter"},"schema":{"@context":"https:\/\/schema.org","@graph":[{"@type":"WebPage","@id":"https:\/\/deravio.com\/se\/produkt\/kortvaska-i-boho-stil\/","url":"https:\/\/deravio.com\/se\/produkt\/kortvaska-i-boho-stil\/","name":"Kortv\u00e4ska i Boho-stil - Deravio SE","isPartOf":{"@id":"https:\/\/deravio.com\/se\/#website"},"primaryImageOfPage":{"@id":"https:\/\/deravio.com\/se\/produkt\/kortvaska-i-boho-stil\/#primaryimage"},"image":{"@id":"https:\/\/deravio.com\/se\/produkt\/kortvaska-i-boho-stil\/#primaryimage"},"thumbnailUrl":"https:\/\/deravio.com\/se\/wp-content\/uploads\/sites\/20\/2026\/05\/9273qmu-1.webp","datePublished":"2026-05-06T15:05:02+00:00","dateModified":"2026-05-06T16:51:03+00:00","breadcrumb":{"@id":"https:\/\/deravio.com\/se\/produkt\/kortvaska-i-boho-stil\/#breadcrumb"},"inLanguage":"sv-SE","potentialAction":[{"@type":"ReadAction","target":["https:\/\/deravio.com\/se\/produkt\/kortvaska-i-boho-stil\/"]}]},{"@type":"ImageObject","inLanguage":"sv-SE","@id":"https:\/\/deravio.com\/se\/produkt\/kortvaska-i-boho-stil\/#primaryimage","url":"https:\/\/deravio.com\/se\/wp-content\/uploads\/sites\/20\/2026\/05\/9273qmu-1.webp","contentUrl":"https:\/\/deravio.com\/se\/wp-content\/uploads\/sites\/20\/2026\/05\/9273qmu-1.webp","width":713,"height":713},{"@type":"BreadcrumbList","@id":"https:\/\/deravio.com\/se\/produkt\/kortvaska-i-boho-stil\/#breadcrumb","itemListElement":[{"@type":"ListItem","position":1,"name":"Home","item":"https:\/\/deravio.com\/se\/"},{"@type":"ListItem","position":2,"name":"Butik","item":"https:\/\/deravio.com\/se\/butik\/"},{"@type":"ListItem","position":3,"name":"Kortv\u00e4ska i Boho-stil"}]},{"@type":"WebSite","@id":"https:\/\/deravio.com\/se\/#website","url":"https:\/\/deravio.com\/se\/","name":"Deravio SE","description":"","publisher":{"@id":"https:\/\/deravio.com\/se\/#organization"},"potentialAction":[{"@type":"SearchAction","target":{"@type":"EntryPoint","urlTemplate":"https:\/\/deravio.com\/se\/?s={search_term_string}"},"query-input":{"@type":"PropertyValueSpecification","valueRequired":true,"valueName":"search_term_string"}}],"inLanguage":"sv-SE"},{"@type":"Organization","@id":"https:\/\/deravio.com\/se\/#organization","name":"Mekulo","url":"https:\/\/deravio.com\/se\/","logo":{"@type":"ImageObject","inLanguage":"sv-SE","@id":"https:\/\/deravio.com\/se\/#\/schema\/logo\/image\/","url":"https:\/\/deravio.com\/se\/wp-content\/uploads\/sites\/20\/2025\/12\/favicon_mekulo.png","contentUrl":"https:\/\/deravio.com\/se\/wp-content\/uploads\/sites\/20\/2025\/12\/favicon_mekulo.png","width":50,"height":50,"caption":"Mekulo"},"image":{"@id":"https:\/\/deravio.com\/se\/#\/schema\/logo\/image\/"}}]}},"_links":{"self":[{"href":"https:\/\/deravio.com\/se\/wp-json\/wp\/v2\/product\/25579","targetHints":{"allow":["GET"]}}],"collection":[{"href":"https:\/\/deravio.com\/se\/wp-json\/wp\/v2\/product"}],"about":[{"href":"https:\/\/deravio.com\/se\/wp-json\/wp\/v2\/types\/product"}],"replies":[{"embeddable":true,"href":"https:\/\/deravio.com\/se\/wp-json\/wp\/v2\/comments?post=25579"}],"wp:featuredmedia":[{"embeddable":true,"href":"https:\/\/deravio.com\/se\/wp-json\/wp\/v2\/media\/25575"}],"wp:attachment":[{"href":"https:\/\/deravio.com\/se\/wp-json\/wp\/v2\/media?parent=25579"}],"wp:term":[{"taxonomy":"product_brand","embeddable":true,"href":"https:\/\/deravio.com\/se\/wp-json\/wp\/v2\/product_brand?post=25579"},{"taxonomy":"product_cat","embeddable":true,"href":"https:\/\/deravio.com\/se\/wp-json\/wp\/v2\/product_cat?post=25579"},{"taxonomy":"product_tag","embeddable":true,"href":"https:\/\/deravio.com\/se\/wp-json\/wp\/v2\/product_tag?post=25579"}],"curies":[{"name":"wp","href":"https:\/\/api.w.org\/{rel}","templated":true}]}}