{"id":25526,"date":"2026-05-06T17:57:59","date_gmt":"2026-05-06T14:57:59","guid":{"rendered":"https:\/\/deravio.com\/se\/produkt\/fras-for-v-spar\/"},"modified":"2026-05-06T19:44:16","modified_gmt":"2026-05-06T16:44:16","slug":"fras-for-v-spar","status":"publish","type":"product","link":"https:\/\/deravio.com\/se\/produkt\/fras-for-v-spar\/","title":{"rendered":"Fr\u00e4s f\u00f6r V-sp\u00e5r"},"content":{"rendered":"<h2 style=\"text-align: center\" data-section-id=\"wtab3f\" data-start=\"408\" data-end=\"424\">\u2728 L\u00f6ftet<\/h2>\n<p style=\"text-align: center\" data-start=\"426\" data-end=\"483\">Skarpare sk\u00e4rningar.<br data-start=\"439\" data-end=\"442\" \/>Renare finish.<br data-start=\"459\" data-end=\"462\" \/>B\u00e4ttre hantverk.<\/p>\n<p data-start=\"426\" data-end=\"483\"><img fetchpriority=\"high\" decoding=\"async\" class=\" wp-image-28078 aligncenter\" src=\"https:\/\/mekulo.com\/template\/wp-content\/uploads\/sites\/6\/2026\/03\/12219-ezgif.com-video-to-webp-converter-7.webp\" alt=\"\" width=\"501\" height=\"669\" \/><\/p>\n<h2 style=\"text-align: center\" data-section-id=\"wk08hc\" data-start=\"490\" data-end=\"509\">\ud83d\udd27 Huvudf\u00f6rdelar<\/h2>\n<p data-start=\"513\" data-end=\"614\">\ud83c\udfaf Precisionsdesign med 90\u00b0 V-sk\u00e4rning &#8211; Skapar rena, skarpa sp\u00e5r f\u00f6r detaljerade tr\u00e4bearbetningsprojekt.<\/p>\n<p data-start=\"618\" data-end=\"724\">\ud83e\udeb5 Perfekt f\u00f6r gravyr och trimning &#8211; Perfekt f\u00f6r bokst\u00e4ver, dekorativa kanter och fint detaljarbete.<\/p>\n<p data-start=\"728\" data-end=\"829\">\ud83d\udee1 H\u00e5llbar konstruktion i h\u00e4rdat st\u00e5l &#8211; Byggd f\u00f6r att bibeh\u00e5lla sk\u00e4rpa och prestanda \u00f6ver tid.<\/p>\n<p data-start=\"833\" data-end=\"929\">\u26a1 Smidig och effektiv sk\u00e4rning &#8211; Minskar motst\u00e5ndet f\u00f6r snabbare, mer kontrollerad drift.<\/p>\n<p data-start=\"933\" data-end=\"1023\">\u270b Stabil och kontrollerad hantering &#8211; Utformad f\u00f6r b\u00e4ttre grepp och precision under anv\u00e4ndning.<\/p>\n<p data-start=\"1027\" data-end=\"1124\">\ud83d\udd04 Enkel installation och byte &#8211; Snabb installation m\u00f6jligg\u00f6r s\u00f6ml\u00f6s v\u00e4xling mellan uppgifter.<\/p>\n<h2 style=\"text-align: center\" data-section-id=\"d0iej6\" data-start=\"1131\" data-end=\"1154\">\u2757 Problem \u2192 L\u00f6sning<\/h2>\n<p data-start=\"1156\" data-end=\"1243\"><strong data-start=\"1156\" data-end=\"1168\">Problem:<\/strong><br data-start=\"1168\" data-end=\"1171\" \/>Inkonsekventa eller grova snitt kan f\u00f6rst\u00f6ra kvaliteten p\u00e5 tr\u00e4bearbetningsprojekt.<\/p>\n<p data-start=\"1245\" data-end=\"1385\"><strong data-start=\"1245\" data-end=\"1258\">L\u00f6sning:<\/strong><br data-start=\"1258\" data-end=\"1261\" \/>Denna V-sp\u00e5rfr\u00e4sbit ger exakta, rena snitt som f\u00f6rb\u00e4ttrar detaljer och s\u00e4kerst\u00e4ller professionella resultat varje g\u00e5ng. Precision du kan lita p\u00e5.<\/p>\n<p data-start=\"1245\" data-end=\"1385\"><img decoding=\"async\" class=\" wp-image-28079 aligncenter\" src=\"https:\/\/mekulo.com\/template\/wp-content\/uploads\/sites\/6\/2026\/03\/12218-ezgif.com-video-to-webp-converter-7.webp\" alt=\"\" width=\"501\" height=\"669\" \/><\/p>\n<h2 style=\"text-align: center\" data-section-id=\"nbf064\" data-start=\"1420\" data-end=\"1446\">\ud83d\udee0 Perfekt f\u00f6r<\/h2>\n<ul data-start=\"1462\" data-end=\"1615\">\n<li data-section-id=\"1s6irfr\" data-start=\"1462\" data-end=\"1494\">\n<p data-start=\"1464\" data-end=\"1494\">Tr\u00e4gravyr och bokst\u00e4ver<\/p>\n<\/li>\n<li data-section-id=\"5msblp\" data-start=\"1495\" data-end=\"1530\">\n<p data-start=\"1497\" data-end=\"1530\">Dekorativa sp\u00e5r och m\u00f6nster<\/p>\n<\/li>\n<li data-section-id=\"vtlz61\" data-start=\"1531\" data-end=\"1554\">\n<p data-start=\"1533\" data-end=\"1554\">M\u00f6beldetaljer<\/p>\n<\/li>\n<li data-section-id=\"glhb60\" data-start=\"1555\" data-end=\"1583\">\n<p data-start=\"1557\" data-end=\"1583\">DIY tr\u00e4bearbetningsprojekt<\/p>\n<\/li>\n<li data-section-id=\"wm3e9i\" data-start=\"1584\" data-end=\"1615\">\n<p data-start=\"1586\" data-end=\"1615\">Professionellt snickeriarbete<\/p>\n<\/li>\n<\/ul>\n<p data-start=\"1617\" data-end=\"1679\">Ett m\u00e5ste f\u00f6r b\u00e5de nyb\u00f6rjare och erfarna hantverkare.<\/p>\n<h2 style=\"text-align: center\" data-section-id=\"1k514u3\" data-start=\"1686\" data-end=\"1702\">\u2699\ufe0f Anv\u00e4ndning<\/h2>\n<ol data-start=\"1704\" data-end=\"1905\">\n<li data-section-id=\"1f4c90l\" data-start=\"1704\" data-end=\"1766\">\n<p data-start=\"1707\" data-end=\"1766\">F\u00f6r in \u00f6verfr\u00e4sbiten i din \u00f6verfr\u00e4s eller kompatibelt verktyg.<\/p>\n<\/li>\n<li data-section-id=\"ucywze\" data-start=\"1767\" data-end=\"1805\">\n<p data-start=\"1770\" data-end=\"1805\">S\u00e4tt fast den ordentligt f\u00f6re anv\u00e4ndning.<\/p>\n<\/li>\n<li data-section-id=\"1kt81mt\" data-start=\"1806\" data-end=\"1851\">\n<p data-start=\"1809\" data-end=\"1851\">Justera djupet baserat p\u00e5 dina projektbehov.<\/p>\n<\/li>\n<li data-section-id=\"14p8qzk\" data-start=\"1852\" data-end=\"1905\">\n<p data-start=\"1855\" data-end=\"1905\">Styr verktyget stadigt f\u00f6r j\u00e4mna, exakta snitt.<\/p>\n<\/li>\n<\/ol>\n<h2 style=\"text-align: center\" data-section-id=\"6cujb5\" data-start=\"1951\" data-end=\"1972\">\ud83d\udcd0 Produktdetaljer<\/h2>\n<ul data-start=\"1974\" data-end=\"2198\">\n<li data-section-id=\"1lhqvw0\" data-start=\"1974\" data-end=\"2012\">\n<p data-start=\"1976\" data-end=\"2012\">Material: H\u00e4rdad st\u00e5llegering<\/p>\n<\/li>\n<li data-section-id=\"1e60gup\" data-start=\"2013\" data-end=\"2054\">\n<p data-start=\"2015\" data-end=\"2054\">Design: 90\u00b0 V-sp\u00e5r i sk\u00e4reggen<\/p>\n<\/li>\n<li data-section-id=\"1kere1i\" data-start=\"2055\" data-end=\"2082\">\n<p data-start=\"2057\" data-end=\"2082\">Skaftstorlek: 6,35 mm<\/p>\n<\/li>\n<li data-section-id=\"1kere1i\" data-start=\"2055\" data-end=\"2082\">\n<p data-start=\"2057\" data-end=\"2082\">Storlekar: 6 mm, 12,7 mm<\/p>\n<\/li>\n<li data-section-id=\"11sbrjf\" data-start=\"2104\" data-end=\"2158\">\n<p data-start=\"2106\" data-end=\"2158\">Anv\u00e4ndningsomr\u00e5de: Tr\u00e4sk\u00e4rning, gravyr, trimning<\/p>\n<\/li>\n<\/ul>\n<h2 style=\"text-align: center\" data-section-id=\"1qc1r63\" data-start=\"2261\" data-end=\"2283\">\ud83d\udce6 Paketet inneh\u00e5ller<\/h2>\n<ul data-start=\"2285\" data-end=\"2354\">\n<li data-section-id=\"1wz14ox\" data-start=\"2285\" data-end=\"2354\">\n<p data-start=\"2287\" data-end=\"2354\">1, 2x V-sp\u00e5rfr\u00e4sar\/s.<\/p>\n<\/li>\n<\/ul>\n","protected":false},"excerpt":{"rendered":"<p>\ud83d\udc68\u200d\ud83d\udd27Precision snitt som f\u00f6rh\u00f6jer din hantverksskicklighet. Rena linjer, skarpa detaljer, professionella resultat.<br \/>\n\ud83e\udeb5Den h\u00e4r V-sp\u00e5r\u00f6verfr\u00e4sen \u00e4r utformad f\u00f6r tr\u00e4arbetare som v\u00e4rdes\u00e4tter noggrannhet och rena ytor.<br \/>\n\ud83d\udcd0Med sin 90\u00b0 V-formade design och h\u00e5llbara konstruktion kan du enkelt skapa exakta sp\u00e5r, graveringar och dekorativa kanter.<\/p>\n","protected":false},"featured_media":25522,"comment_status":"open","ping_status":"closed","template":"","meta":{"site-sidebar-layout":"default","site-content-layout":"","ast-site-content-layout":"default","site-content-style":"default","site-sidebar-style":"default","ast-global-header-display":"","ast-banner-title-visibility":"","ast-main-header-display":"","ast-hfb-above-header-display":"","ast-hfb-below-header-display":"","ast-hfb-mobile-header-display":"","site-post-title":"","ast-breadcrumbs-content":"","ast-featured-img":"","footer-sml-layout":"","ast-disable-related-posts":"","theme-transparent-header-meta":"default","adv-header-id-meta":"","stick-header-meta":"","header-above-stick-meta":"","header-main-stick-meta":"","header-below-stick-meta":"","astra-migrate-meta-layouts":"set","ast-page-background-enabled":"default","ast-page-background-meta":{"desktop":{"background-color":"var(--ast-global-color-5)","background-image":"","background-repeat":"repeat","background-position":"center center","background-size":"auto","background-attachment":"scroll","background-type":"","background-media":"","overlay-type":"","overlay-color":"","overlay-opacity":"","overlay-gradient":""},"tablet":{"background-color":"","background-image":"","background-repeat":"repeat","background-position":"center center","background-size":"auto","background-attachment":"scroll","background-type":"","background-media":"","overlay-type":"","overlay-color":"","overlay-opacity":"","overlay-gradient":""},"mobile":{"background-color":"","background-image":"","background-repeat":"repeat","background-position":"center center","background-size":"auto","background-attachment":"scroll","background-type":"","background-media":"","overlay-type":"","overlay-color":"","overlay-opacity":"","overlay-gradient":""}},"ast-content-background-meta":{"desktop":{"background-color":"var(--ast-global-color-4)","background-image":"","background-repeat":"repeat","background-position":"center center","background-size":"auto","background-attachment":"scroll","background-type":"","background-media":"","overlay-type":"","overlay-color":"","overlay-opacity":"","overlay-gradient":""},"tablet":{"background-color":"var(--ast-global-color-4)","background-image":"","background-repeat":"repeat","background-position":"center center","background-size":"auto","background-attachment":"scroll","background-type":"","background-media":"","overlay-type":"","overlay-color":"","overlay-opacity":"","overlay-gradient":""},"mobile":{"background-color":"var(--ast-global-color-4)","background-image":"","background-repeat":"repeat","background-position":"center center","background-size":"auto","background-attachment":"scroll","background-type":"","background-media":"","overlay-type":"","overlay-color":"","overlay-opacity":"","overlay-gradient":""}}},"product_brand":[],"product_cat":[171],"product_tag":[],"class_list":{"0":"post-25526","1":"product","2":"type-product","3":"status-publish","4":"has-post-thumbnail","6":"product_cat-verktyg","7":"pa_66849_596rnpk5-127-mm","8":"pa_66849_596rnpk5-6-mm","9":"pa_66849_596rnpk5-uppsattning-av-2","10":"desktop-align-left","11":"tablet-align-left","12":"mobile-align-left","14":"first","15":"instock","16":"shipping-taxable","17":"purchasable","18":"product-type-variable"},"yoast_head":"<!-- This site is optimized with the Yoast SEO plugin v27.4 - https:\/\/yoast.com\/product\/yoast-seo-wordpress\/ -->\n<title>Fr\u00e4s f\u00f6r V-sp\u00e5r - Deravio SE<\/title>\n<meta name=\"robots\" content=\"index, follow, max-snippet:-1, max-image-preview:large, max-video-preview:-1\" \/>\n<link rel=\"canonical\" href=\"https:\/\/deravio.com\/se\/produkt\/fras-for-v-spar\/\" \/>\n<meta property=\"og:locale\" content=\"sv_SE\" \/>\n<meta property=\"og:type\" content=\"article\" \/>\n<meta property=\"og:title\" content=\"Fr\u00e4s f\u00f6r V-sp\u00e5r - Deravio SE\" \/>\n<meta property=\"og:description\" content=\"\ud83d\udc68\u200d\ud83d\udd27Precision snitt som f\u00f6rh\u00f6jer din hantverksskicklighet. Rena linjer, skarpa detaljer, professionella resultat. \ud83e\udeb5Den h\u00e4r V-sp\u00e5r\u00f6verfr\u00e4sen \u00e4r utformad f\u00f6r tr\u00e4arbetare som v\u00e4rdes\u00e4tter noggrannhet och rena ytor. \ud83d\udcd0Med sin 90\u00b0 V-formade design och h\u00e5llbara konstruktion kan du enkelt skapa exakta sp\u00e5r, graveringar och dekorativa kanter.\" \/>\n<meta property=\"og:url\" content=\"https:\/\/deravio.com\/se\/produkt\/fras-for-v-spar\/\" \/>\n<meta property=\"og:site_name\" content=\"Deravio SE\" \/>\n<meta property=\"article:modified_time\" content=\"2026-05-06T16:44:16+00:00\" \/>\n<meta property=\"og:image\" content=\"https:\/\/deravio.com\/se\/wp-content\/uploads\/sites\/20\/2026\/05\/b31nm43-1.webp\" \/>\n\t<meta property=\"og:image:width\" content=\"800\" \/>\n\t<meta property=\"og:image:height\" content=\"800\" \/>\n\t<meta property=\"og:image:type\" content=\"image\/webp\" \/>\n<meta name=\"twitter:card\" content=\"summary_large_image\" \/>\n<meta name=\"twitter:label1\" content=\"Ber\u00e4knad l\u00e4stid\" \/>\n\t<meta name=\"twitter:data1\" content=\"2 minuter\" \/>\n<script type=\"application\/ld+json\" class=\"yoast-schema-graph\">{\"@context\":\"https:\\\/\\\/schema.org\",\"@graph\":[{\"@type\":\"WebPage\",\"@id\":\"https:\\\/\\\/deravio.com\\\/se\\\/produkt\\\/fras-for-v-spar\\\/\",\"url\":\"https:\\\/\\\/deravio.com\\\/se\\\/produkt\\\/fras-for-v-spar\\\/\",\"name\":\"Fr\u00e4s f\u00f6r V-sp\u00e5r - Deravio SE\",\"isPartOf\":{\"@id\":\"https:\\\/\\\/deravio.com\\\/se\\\/#website\"},\"primaryImageOfPage\":{\"@id\":\"https:\\\/\\\/deravio.com\\\/se\\\/produkt\\\/fras-for-v-spar\\\/#primaryimage\"},\"image\":{\"@id\":\"https:\\\/\\\/deravio.com\\\/se\\\/produkt\\\/fras-for-v-spar\\\/#primaryimage\"},\"thumbnailUrl\":\"https:\\\/\\\/deravio.com\\\/se\\\/wp-content\\\/uploads\\\/sites\\\/20\\\/2026\\\/05\\\/b31nm43-1.webp\",\"datePublished\":\"2026-05-06T14:57:59+00:00\",\"dateModified\":\"2026-05-06T16:44:16+00:00\",\"breadcrumb\":{\"@id\":\"https:\\\/\\\/deravio.com\\\/se\\\/produkt\\\/fras-for-v-spar\\\/#breadcrumb\"},\"inLanguage\":\"sv-SE\",\"potentialAction\":[{\"@type\":\"ReadAction\",\"target\":[\"https:\\\/\\\/deravio.com\\\/se\\\/produkt\\\/fras-for-v-spar\\\/\"]}]},{\"@type\":\"ImageObject\",\"inLanguage\":\"sv-SE\",\"@id\":\"https:\\\/\\\/deravio.com\\\/se\\\/produkt\\\/fras-for-v-spar\\\/#primaryimage\",\"url\":\"https:\\\/\\\/deravio.com\\\/se\\\/wp-content\\\/uploads\\\/sites\\\/20\\\/2026\\\/05\\\/b31nm43-1.webp\",\"contentUrl\":\"https:\\\/\\\/deravio.com\\\/se\\\/wp-content\\\/uploads\\\/sites\\\/20\\\/2026\\\/05\\\/b31nm43-1.webp\",\"width\":800,\"height\":800},{\"@type\":\"BreadcrumbList\",\"@id\":\"https:\\\/\\\/deravio.com\\\/se\\\/produkt\\\/fras-for-v-spar\\\/#breadcrumb\",\"itemListElement\":[{\"@type\":\"ListItem\",\"position\":1,\"name\":\"Home\",\"item\":\"https:\\\/\\\/deravio.com\\\/se\\\/\"},{\"@type\":\"ListItem\",\"position\":2,\"name\":\"Butik\",\"item\":\"https:\\\/\\\/deravio.com\\\/se\\\/butik\\\/\"},{\"@type\":\"ListItem\",\"position\":3,\"name\":\"Fr\u00e4s f\u00f6r V-sp\u00e5r\"}]},{\"@type\":\"WebSite\",\"@id\":\"https:\\\/\\\/deravio.com\\\/se\\\/#website\",\"url\":\"https:\\\/\\\/deravio.com\\\/se\\\/\",\"name\":\"Deravio SE\",\"description\":\"\",\"publisher\":{\"@id\":\"https:\\\/\\\/deravio.com\\\/se\\\/#organization\"},\"potentialAction\":[{\"@type\":\"SearchAction\",\"target\":{\"@type\":\"EntryPoint\",\"urlTemplate\":\"https:\\\/\\\/deravio.com\\\/se\\\/?s={search_term_string}\"},\"query-input\":{\"@type\":\"PropertyValueSpecification\",\"valueRequired\":true,\"valueName\":\"search_term_string\"}}],\"inLanguage\":\"sv-SE\"},{\"@type\":\"Organization\",\"@id\":\"https:\\\/\\\/deravio.com\\\/se\\\/#organization\",\"name\":\"Mekulo\",\"url\":\"https:\\\/\\\/deravio.com\\\/se\\\/\",\"logo\":{\"@type\":\"ImageObject\",\"inLanguage\":\"sv-SE\",\"@id\":\"https:\\\/\\\/deravio.com\\\/se\\\/#\\\/schema\\\/logo\\\/image\\\/\",\"url\":\"https:\\\/\\\/deravio.com\\\/se\\\/wp-content\\\/uploads\\\/sites\\\/20\\\/2025\\\/12\\\/favicon_mekulo.png\",\"contentUrl\":\"https:\\\/\\\/deravio.com\\\/se\\\/wp-content\\\/uploads\\\/sites\\\/20\\\/2025\\\/12\\\/favicon_mekulo.png\",\"width\":50,\"height\":50,\"caption\":\"Mekulo\"},\"image\":{\"@id\":\"https:\\\/\\\/deravio.com\\\/se\\\/#\\\/schema\\\/logo\\\/image\\\/\"}}]}<\/script>\n<!-- \/ Yoast SEO plugin. -->","yoast_head_json":{"title":"Fr\u00e4s f\u00f6r V-sp\u00e5r - Deravio SE","robots":{"index":"index","follow":"follow","max-snippet":"max-snippet:-1","max-image-preview":"max-image-preview:large","max-video-preview":"max-video-preview:-1"},"canonical":"https:\/\/deravio.com\/se\/produkt\/fras-for-v-spar\/","og_locale":"sv_SE","og_type":"article","og_title":"Fr\u00e4s f\u00f6r V-sp\u00e5r - Deravio SE","og_description":"\ud83d\udc68\u200d\ud83d\udd27Precision snitt som f\u00f6rh\u00f6jer din hantverksskicklighet. Rena linjer, skarpa detaljer, professionella resultat. \ud83e\udeb5Den h\u00e4r V-sp\u00e5r\u00f6verfr\u00e4sen \u00e4r utformad f\u00f6r tr\u00e4arbetare som v\u00e4rdes\u00e4tter noggrannhet och rena ytor. \ud83d\udcd0Med sin 90\u00b0 V-formade design och h\u00e5llbara konstruktion kan du enkelt skapa exakta sp\u00e5r, graveringar och dekorativa kanter.","og_url":"https:\/\/deravio.com\/se\/produkt\/fras-for-v-spar\/","og_site_name":"Deravio SE","article_modified_time":"2026-05-06T16:44:16+00:00","og_image":[{"width":800,"height":800,"url":"https:\/\/deravio.com\/se\/wp-content\/uploads\/sites\/20\/2026\/05\/b31nm43-1.webp","type":"image\/webp"}],"twitter_card":"summary_large_image","twitter_misc":{"Ber\u00e4knad l\u00e4stid":"2 minuter"},"schema":{"@context":"https:\/\/schema.org","@graph":[{"@type":"WebPage","@id":"https:\/\/deravio.com\/se\/produkt\/fras-for-v-spar\/","url":"https:\/\/deravio.com\/se\/produkt\/fras-for-v-spar\/","name":"Fr\u00e4s f\u00f6r V-sp\u00e5r - Deravio SE","isPartOf":{"@id":"https:\/\/deravio.com\/se\/#website"},"primaryImageOfPage":{"@id":"https:\/\/deravio.com\/se\/produkt\/fras-for-v-spar\/#primaryimage"},"image":{"@id":"https:\/\/deravio.com\/se\/produkt\/fras-for-v-spar\/#primaryimage"},"thumbnailUrl":"https:\/\/deravio.com\/se\/wp-content\/uploads\/sites\/20\/2026\/05\/b31nm43-1.webp","datePublished":"2026-05-06T14:57:59+00:00","dateModified":"2026-05-06T16:44:16+00:00","breadcrumb":{"@id":"https:\/\/deravio.com\/se\/produkt\/fras-for-v-spar\/#breadcrumb"},"inLanguage":"sv-SE","potentialAction":[{"@type":"ReadAction","target":["https:\/\/deravio.com\/se\/produkt\/fras-for-v-spar\/"]}]},{"@type":"ImageObject","inLanguage":"sv-SE","@id":"https:\/\/deravio.com\/se\/produkt\/fras-for-v-spar\/#primaryimage","url":"https:\/\/deravio.com\/se\/wp-content\/uploads\/sites\/20\/2026\/05\/b31nm43-1.webp","contentUrl":"https:\/\/deravio.com\/se\/wp-content\/uploads\/sites\/20\/2026\/05\/b31nm43-1.webp","width":800,"height":800},{"@type":"BreadcrumbList","@id":"https:\/\/deravio.com\/se\/produkt\/fras-for-v-spar\/#breadcrumb","itemListElement":[{"@type":"ListItem","position":1,"name":"Home","item":"https:\/\/deravio.com\/se\/"},{"@type":"ListItem","position":2,"name":"Butik","item":"https:\/\/deravio.com\/se\/butik\/"},{"@type":"ListItem","position":3,"name":"Fr\u00e4s f\u00f6r V-sp\u00e5r"}]},{"@type":"WebSite","@id":"https:\/\/deravio.com\/se\/#website","url":"https:\/\/deravio.com\/se\/","name":"Deravio SE","description":"","publisher":{"@id":"https:\/\/deravio.com\/se\/#organization"},"potentialAction":[{"@type":"SearchAction","target":{"@type":"EntryPoint","urlTemplate":"https:\/\/deravio.com\/se\/?s={search_term_string}"},"query-input":{"@type":"PropertyValueSpecification","valueRequired":true,"valueName":"search_term_string"}}],"inLanguage":"sv-SE"},{"@type":"Organization","@id":"https:\/\/deravio.com\/se\/#organization","name":"Mekulo","url":"https:\/\/deravio.com\/se\/","logo":{"@type":"ImageObject","inLanguage":"sv-SE","@id":"https:\/\/deravio.com\/se\/#\/schema\/logo\/image\/","url":"https:\/\/deravio.com\/se\/wp-content\/uploads\/sites\/20\/2025\/12\/favicon_mekulo.png","contentUrl":"https:\/\/deravio.com\/se\/wp-content\/uploads\/sites\/20\/2025\/12\/favicon_mekulo.png","width":50,"height":50,"caption":"Mekulo"},"image":{"@id":"https:\/\/deravio.com\/se\/#\/schema\/logo\/image\/"}}]}},"_links":{"self":[{"href":"https:\/\/deravio.com\/se\/wp-json\/wp\/v2\/product\/25526","targetHints":{"allow":["GET"]}}],"collection":[{"href":"https:\/\/deravio.com\/se\/wp-json\/wp\/v2\/product"}],"about":[{"href":"https:\/\/deravio.com\/se\/wp-json\/wp\/v2\/types\/product"}],"replies":[{"embeddable":true,"href":"https:\/\/deravio.com\/se\/wp-json\/wp\/v2\/comments?post=25526"}],"wp:featuredmedia":[{"embeddable":true,"href":"https:\/\/deravio.com\/se\/wp-json\/wp\/v2\/media\/25522"}],"wp:attachment":[{"href":"https:\/\/deravio.com\/se\/wp-json\/wp\/v2\/media?parent=25526"}],"wp:term":[{"taxonomy":"product_brand","embeddable":true,"href":"https:\/\/deravio.com\/se\/wp-json\/wp\/v2\/product_brand?post=25526"},{"taxonomy":"product_cat","embeddable":true,"href":"https:\/\/deravio.com\/se\/wp-json\/wp\/v2\/product_cat?post=25526"},{"taxonomy":"product_tag","embeddable":true,"href":"https:\/\/deravio.com\/se\/wp-json\/wp\/v2\/product_tag?post=25526"}],"curies":[{"name":"wp","href":"https:\/\/api.w.org\/{rel}","templated":true}]}}