{"id":25440,"date":"2026-05-06T17:50:35","date_gmt":"2026-05-06T14:50:35","guid":{"rendered":"https:\/\/deravio.com\/se\/produkt\/ultratunna-tatueringshylsor-med-solskydd\/"},"modified":"2026-05-06T19:35:58","modified_gmt":"2026-05-06T16:35:58","slug":"ultratunna-tatueringshylsor-med-solskydd","status":"publish","type":"product","link":"https:\/\/deravio.com\/se\/produkt\/ultratunna-tatueringshylsor-med-solskydd\/","title":{"rendered":"Ultratunna tatueringshylsor med solskydd"},"content":{"rendered":"<h2 style=\"text-align: center\" data-section-id=\"wtab3f\" data-start=\"430\" data-end=\"446\">\u2728L\u00f6ftet<\/h2>\n<p style=\"text-align: center\" data-start=\"448\" data-end=\"500\">Stark stil.<br data-start=\"463\" data-end=\"466\" \/>Solskydd.<br data-start=\"481\" data-end=\"484\" \/>Komfort hela dagen.<\/p>\n<p data-start=\"448\" data-end=\"500\"><img fetchpriority=\"high\" decoding=\"async\" class=\"size-full wp-image-27998 aligncenter\" src=\"https:\/\/mekulo.com\/template\/wp-content\/uploads\/sites\/6\/2026\/03\/12212-ezgif.com-video-to-webp-converter-8.webp\" alt=\"\" width=\"320\" height=\"569\" \/><\/p>\n<h2 style=\"text-align: center\" data-section-id=\"8rj78y\" data-start=\"507\" data-end=\"526\">\ud83d\udd25 Huvudf\u00f6rdelar<\/h2>\n<p data-start=\"530\" data-end=\"646\">\ud83c\udfa8 Realistisk design i tatueringsstil &#8211; Japaninspirerade m\u00f6nster ger omedelbart dina armar ett dj\u00e4rvt, konstn\u00e4rligt utseende.<\/p>\n<p data-start=\"650\" data-end=\"755\">\u2600\ufe0f UV-solskydd &#8211; Hj\u00e4lper till att skydda huden fr\u00e5n skadlig solexponering under utomhusaktiviteter.<\/p>\n<p data-start=\"759\" data-end=\"873\">\ud83e\uddf5 Ultratunt tyg som andas &#8211; L\u00e4tt material h\u00e5ller armarna svala och bekv\u00e4ma \u00e4ven i varmt v\u00e4der.<\/p>\n<p data-start=\"877\" data-end=\"967\">\ud83d\udd04 Omedelbart avtagbar stil &#8211; Njut av utseendet p\u00e5 tatueringar utan permanent \u00e5tagande.<\/p>\n<p data-start=\"971\" data-end=\"1067\">\ud83d\udc55 Flexibel stretchpassform &#8211; Mjukt elastiskt material anpassar sig bekv\u00e4mt till olika armstorlekar.<\/p>\n<p data-start=\"1071\" data-end=\"1159\">\ud83e\uddf3 B\u00e4rbar och \u00e5teranv\u00e4ndbar &#8211; L\u00e4tt att b\u00e4ra, b\u00e4ra, ta bort och tv\u00e4tta f\u00f6r upprepad anv\u00e4ndning.<\/p>\n<h2 style=\"text-align: center\" data-section-id=\"d0iej6\" data-start=\"1166\" data-end=\"1189\">\u2757 Problem \u2192 L\u00f6sning<\/h2>\n<p data-start=\"1191\" data-end=\"1292\"><strong data-start=\"1191\" data-end=\"1203\">Problem:<\/strong><br data-start=\"1203\" data-end=\"1206\" \/>Att tatuera sig \u00e4r permanent, dyrt och inte alltid l\u00e4mpligt f\u00f6r alla situationer.<\/p>\n<p data-start=\"1294\" data-end=\"1457\"><strong data-start=\"1294\" data-end=\"1307\">L\u00f6sning:<\/strong><br data-start=\"1307\" data-end=\"1310\" \/>Med de h\u00e4r ultratunna tatuerings\u00e4rmarna kan du njuta av dj\u00e4rv tatueringskonst n\u00e4r du vill &#8211; samtidigt som du skyddar huden fr\u00e5n solljus och h\u00e5ller din stil flexibel. Se tufft ut utan \u00e5tagande.<\/p>\n<p data-start=\"1294\" data-end=\"1457\"><img decoding=\"async\" class=\"size-full wp-image-27997 aligncenter\" src=\"https:\/\/mekulo.com\/template\/wp-content\/uploads\/sites\/6\/2026\/03\/12213-ezgif.com-video-to-webp-converter-7.webp\" alt=\"\" width=\"320\" height=\"569\" \/><\/p>\n<h2 style=\"text-align: center\" data-section-id=\"t8txl0\" data-start=\"1499\" data-end=\"1525\">\ud83c\udfd9 Perfekt F\u00f6r<\/h2>\n<ul data-start=\"1541\" data-end=\"1711\">\n<li data-section-id=\"1a967r9\" data-start=\"1541\" data-end=\"1575\">\n<p data-start=\"1543\" data-end=\"1575\">Gatumode och modestyling<\/p>\n<\/li>\n<li data-section-id=\"1nlmnm9\" data-start=\"1576\" data-end=\"1606\">\n<p data-start=\"1578\" data-end=\"1606\">Cosplay och kostymevenemang<\/p>\n<\/li>\n<li data-section-id=\"1ky1fm7\" data-start=\"1607\" data-end=\"1638\">\n<p data-start=\"1609\" data-end=\"1638\">Musikfestivaler och fester<\/p>\n<\/li>\n<li data-section-id=\"kcg647\" data-start=\"1639\" data-end=\"1669\">\n<p data-start=\"1641\" data-end=\"1669\">Utomhussporter och cykling<\/p>\n<\/li>\n<li data-section-id=\"27ky98\" data-start=\"1670\" data-end=\"1711\">\n<p data-start=\"1672\" data-end=\"1711\">Solskydd under resor eller k\u00f6rning<\/p>\n<\/li>\n<\/ul>\n<p data-start=\"1713\" data-end=\"1751\">L\u00e4gg till omedelbar personlighet till alla kl\u00e4der.<\/p>\n<h2 style=\"text-align: center\" data-section-id=\"1k514u3\" data-start=\"1758\" data-end=\"1774\">\u2699\ufe0f Hur Man Anv\u00e4nder<\/h2>\n<ol data-start=\"1776\" data-end=\"1976\">\n<li data-section-id=\"ck4rd0\" data-start=\"1776\" data-end=\"1824\">\n<p data-start=\"1779\" data-end=\"1824\">Glid hylsan \u00f6ver armen som en handske.<\/p>\n<\/li>\n<li data-section-id=\"l0i0z7\" data-start=\"1825\" data-end=\"1883\">\n<p data-start=\"1828\" data-end=\"1883\">Justera den s\u00e5 att designen sitter naturligt l\u00e4ngs armen.<\/p>\n<\/li>\n<li data-section-id=\"1wckqf3\" data-start=\"1884\" data-end=\"1921\">\n<p data-start=\"1887\" data-end=\"1921\">Koppla ihop med din outfit eller kostym.<\/p>\n<\/li>\n<li data-section-id=\"we4rty\" data-start=\"1922\" data-end=\"1976\">\n<p data-start=\"1925\" data-end=\"1976\">Ta enkelt bort n\u00e4r du vill \u00e4ndra din look.<\/p>\n<\/li>\n<\/ol>\n<h2 style=\"text-align: center\" data-section-id=\"6cujb5\" data-start=\"2018\" data-end=\"2039\">\ud83d\udcd0 Produktdetaljer<\/h2>\n<ul data-start=\"2041\" data-end=\"2259\">\n<li data-section-id=\"bagbco\" data-start=\"2041\" data-end=\"2088\">\n<p data-start=\"2043\" data-end=\"2088\">Material: L\u00e4ttviktigt andningsbart tyg<\/p>\n<\/li>\n<li data-section-id=\"4uh73t\" data-start=\"2139\" data-end=\"2176\">\n<p data-start=\"2141\" data-end=\"2176\">Skydd: UV-solskydd<\/p>\n<\/li>\n<li data-section-id=\"1mkm8ma\" data-start=\"2177\" data-end=\"2215\">\n<p data-start=\"2179\" data-end=\"2215\">Passform: Str\u00e4ckbar unisexdesign<\/p>\n<\/li>\n<li data-section-id=\"1j37900\" data-start=\"2216\" data-end=\"2259\">\n<p data-start=\"2218\" data-end=\"2259\">Vikt: Ultral\u00e4tt och bekv\u00e4m<\/p>\n<\/li>\n<\/ul>\n<h2 style=\"text-align: center\" data-section-id=\"1qc1r63\" data-start=\"2313\" data-end=\"2335\">\ud83d\udce6 F\u00f6rpackningen Inneh\u00e5ller<\/h2>\n<ul data-start=\"2337\" data-end=\"2391\">\n<li data-section-id=\"13q821w\" data-start=\"2337\" data-end=\"2391\">\n<p data-start=\"2339\" data-end=\"2391\">1x par ultratunna solskyddande tatuerings\u00e4rmar.<\/p>\n<\/li>\n<\/ul>\n","protected":false},"excerpt":{"rendered":"<p>\ud83c\udfa8Full tatueringsstil utan permanent bl\u00e4ck. Uttryck din personlighet samtidigt som du skyddar din hud.<br \/>\n\ud83c\udf1eDe h\u00e4r ultratunna tatuerings\u00e4rmarna med solskydd kombinerar i\u00f6gonfallande tatueringsdesign med praktiskt UV-skydd.<br \/>\n\ud83d\udc55L\u00e4tta, andningsbara och bekv\u00e4ma, de l\u00e5ter dig f\u00f6r\u00e4ndra ditt utseende direkt samtidigt som de skyddar dina armar fr\u00e5n solen.<\/p>\n","protected":false},"featured_media":25436,"comment_status":"open","ping_status":"closed","template":"","meta":{"site-sidebar-layout":"default","site-content-layout":"","ast-site-content-layout":"default","site-content-style":"default","site-sidebar-style":"default","ast-global-header-display":"","ast-banner-title-visibility":"","ast-main-header-display":"","ast-hfb-above-header-display":"","ast-hfb-below-header-display":"","ast-hfb-mobile-header-display":"","site-post-title":"","ast-breadcrumbs-content":"","ast-featured-img":"","footer-sml-layout":"","ast-disable-related-posts":"","theme-transparent-header-meta":"default","adv-header-id-meta":"","stick-header-meta":"","header-above-stick-meta":"","header-main-stick-meta":"","header-below-stick-meta":"","astra-migrate-meta-layouts":"set","ast-page-background-enabled":"default","ast-page-background-meta":{"desktop":{"background-color":"var(--ast-global-color-5)","background-image":"","background-repeat":"repeat","background-position":"center center","background-size":"auto","background-attachment":"scroll","background-type":"","background-media":"","overlay-type":"","overlay-color":"","overlay-opacity":"","overlay-gradient":""},"tablet":{"background-color":"","background-image":"","background-repeat":"repeat","background-position":"center center","background-size":"auto","background-attachment":"scroll","background-type":"","background-media":"","overlay-type":"","overlay-color":"","overlay-opacity":"","overlay-gradient":""},"mobile":{"background-color":"","background-image":"","background-repeat":"repeat","background-position":"center center","background-size":"auto","background-attachment":"scroll","background-type":"","background-media":"","overlay-type":"","overlay-color":"","overlay-opacity":"","overlay-gradient":""}},"ast-content-background-meta":{"desktop":{"background-color":"var(--ast-global-color-4)","background-image":"","background-repeat":"repeat","background-position":"center center","background-size":"auto","background-attachment":"scroll","background-type":"","background-media":"","overlay-type":"","overlay-color":"","overlay-opacity":"","overlay-gradient":""},"tablet":{"background-color":"var(--ast-global-color-4)","background-image":"","background-repeat":"repeat","background-position":"center center","background-size":"auto","background-attachment":"scroll","background-type":"","background-media":"","overlay-type":"","overlay-color":"","overlay-opacity":"","overlay-gradient":""},"mobile":{"background-color":"var(--ast-global-color-4)","background-image":"","background-repeat":"repeat","background-position":"center center","background-size":"auto","background-attachment":"scroll","background-type":"","background-media":"","overlay-type":"","overlay-color":"","overlay-opacity":"","overlay-gradient":""}}},"product_brand":[],"product_cat":[163,165],"product_tag":[],"class_list":{"0":"post-25440","1":"product","2":"type-product","3":"status-publish","4":"has-post-thumbnail","6":"product_cat-klader-for-man","7":"product_cat-skor-accessoarer","8":"pa_66815_1n2vkwa5-a","9":"pa_66815_1n2vkwa5-b","10":"pa_66815_1n2vkwa5-c","11":"pa_66815_1n2vkwa5-d","12":"pa_66815_1n2vkwa5-e","13":"pa_66815_1n2vkwa5-f","14":"pa_66815_1n2vkwa5-g","15":"pa_66815_1n2vkwa5-h","16":"pa_66815_1n2vkwa5-i","17":"pa_66815_1n2vkwa5-j","18":"pa_66815_1n2vkwa5-k","19":"pa_66815_1n2vkwa5-l","20":"pa_66815_1n2vkwa5-m","21":"pa_66815_1n2vkwa5-n","22":"pa_66815_1n2vkwa5-o","23":"pa_66815_1n2vkwa5-p","24":"pa_66815_1n2vkwa5-q","25":"pa_66815_1n2vkwa5-r","26":"pa_66815_1n2vkwa5-s","27":"pa_66815_1n2vkwa5-t","28":"pa_66815_1n2vkwa5-u","29":"pa_66815_1n2vkwa5-v","30":"pa_66815_1n2vkwa5-w","31":"desktop-align-left","32":"tablet-align-left","33":"mobile-align-left","35":"first","36":"instock","37":"shipping-taxable","38":"purchasable","39":"product-type-variable"},"yoast_head":"<!-- This site is optimized with the Yoast SEO plugin v27.4 - https:\/\/yoast.com\/product\/yoast-seo-wordpress\/ -->\n<title>Ultratunna tatueringshylsor med solskydd - Deravio SE<\/title>\n<meta name=\"robots\" content=\"index, follow, max-snippet:-1, max-image-preview:large, max-video-preview:-1\" \/>\n<link rel=\"canonical\" href=\"https:\/\/deravio.com\/se\/produkt\/ultratunna-tatueringshylsor-med-solskydd\/\" \/>\n<meta property=\"og:locale\" content=\"sv_SE\" \/>\n<meta property=\"og:type\" content=\"article\" \/>\n<meta property=\"og:title\" content=\"Ultratunna tatueringshylsor med solskydd - Deravio SE\" \/>\n<meta property=\"og:description\" content=\"\ud83c\udfa8Full tatueringsstil utan permanent bl\u00e4ck. Uttryck din personlighet samtidigt som du skyddar din hud. \ud83c\udf1eDe h\u00e4r ultratunna tatuerings\u00e4rmarna med solskydd kombinerar i\u00f6gonfallande tatueringsdesign med praktiskt UV-skydd. \ud83d\udc55L\u00e4tta, andningsbara och bekv\u00e4ma, de l\u00e5ter dig f\u00f6r\u00e4ndra ditt utseende direkt samtidigt som de skyddar dina armar fr\u00e5n solen.\" \/>\n<meta property=\"og:url\" content=\"https:\/\/deravio.com\/se\/produkt\/ultratunna-tatueringshylsor-med-solskydd\/\" \/>\n<meta property=\"og:site_name\" content=\"Deravio SE\" \/>\n<meta property=\"article:modified_time\" content=\"2026-05-06T16:35:58+00:00\" \/>\n<meta property=\"og:image\" content=\"https:\/\/deravio.com\/se\/wp-content\/uploads\/sites\/20\/2026\/05\/eu1kw8t-1.webp\" \/>\n\t<meta property=\"og:image:width\" content=\"713\" \/>\n\t<meta property=\"og:image:height\" content=\"713\" \/>\n\t<meta property=\"og:image:type\" content=\"image\/webp\" \/>\n<meta name=\"twitter:card\" content=\"summary_large_image\" \/>\n<meta name=\"twitter:label1\" content=\"Ber\u00e4knad l\u00e4stid\" \/>\n\t<meta name=\"twitter:data1\" content=\"2 minuter\" \/>\n<script type=\"application\/ld+json\" class=\"yoast-schema-graph\">{\"@context\":\"https:\\\/\\\/schema.org\",\"@graph\":[{\"@type\":\"WebPage\",\"@id\":\"https:\\\/\\\/deravio.com\\\/se\\\/produkt\\\/ultratunna-tatueringshylsor-med-solskydd\\\/\",\"url\":\"https:\\\/\\\/deravio.com\\\/se\\\/produkt\\\/ultratunna-tatueringshylsor-med-solskydd\\\/\",\"name\":\"Ultratunna tatueringshylsor med solskydd - Deravio SE\",\"isPartOf\":{\"@id\":\"https:\\\/\\\/deravio.com\\\/se\\\/#website\"},\"primaryImageOfPage\":{\"@id\":\"https:\\\/\\\/deravio.com\\\/se\\\/produkt\\\/ultratunna-tatueringshylsor-med-solskydd\\\/#primaryimage\"},\"image\":{\"@id\":\"https:\\\/\\\/deravio.com\\\/se\\\/produkt\\\/ultratunna-tatueringshylsor-med-solskydd\\\/#primaryimage\"},\"thumbnailUrl\":\"https:\\\/\\\/deravio.com\\\/se\\\/wp-content\\\/uploads\\\/sites\\\/20\\\/2026\\\/05\\\/eu1kw8t-1.webp\",\"datePublished\":\"2026-05-06T14:50:35+00:00\",\"dateModified\":\"2026-05-06T16:35:58+00:00\",\"breadcrumb\":{\"@id\":\"https:\\\/\\\/deravio.com\\\/se\\\/produkt\\\/ultratunna-tatueringshylsor-med-solskydd\\\/#breadcrumb\"},\"inLanguage\":\"sv-SE\",\"potentialAction\":[{\"@type\":\"ReadAction\",\"target\":[\"https:\\\/\\\/deravio.com\\\/se\\\/produkt\\\/ultratunna-tatueringshylsor-med-solskydd\\\/\"]}]},{\"@type\":\"ImageObject\",\"inLanguage\":\"sv-SE\",\"@id\":\"https:\\\/\\\/deravio.com\\\/se\\\/produkt\\\/ultratunna-tatueringshylsor-med-solskydd\\\/#primaryimage\",\"url\":\"https:\\\/\\\/deravio.com\\\/se\\\/wp-content\\\/uploads\\\/sites\\\/20\\\/2026\\\/05\\\/eu1kw8t-1.webp\",\"contentUrl\":\"https:\\\/\\\/deravio.com\\\/se\\\/wp-content\\\/uploads\\\/sites\\\/20\\\/2026\\\/05\\\/eu1kw8t-1.webp\",\"width\":713,\"height\":713},{\"@type\":\"BreadcrumbList\",\"@id\":\"https:\\\/\\\/deravio.com\\\/se\\\/produkt\\\/ultratunna-tatueringshylsor-med-solskydd\\\/#breadcrumb\",\"itemListElement\":[{\"@type\":\"ListItem\",\"position\":1,\"name\":\"Home\",\"item\":\"https:\\\/\\\/deravio.com\\\/se\\\/\"},{\"@type\":\"ListItem\",\"position\":2,\"name\":\"Butik\",\"item\":\"https:\\\/\\\/deravio.com\\\/se\\\/butik\\\/\"},{\"@type\":\"ListItem\",\"position\":3,\"name\":\"Ultratunna tatueringshylsor med solskydd\"}]},{\"@type\":\"WebSite\",\"@id\":\"https:\\\/\\\/deravio.com\\\/se\\\/#website\",\"url\":\"https:\\\/\\\/deravio.com\\\/se\\\/\",\"name\":\"Deravio SE\",\"description\":\"\",\"publisher\":{\"@id\":\"https:\\\/\\\/deravio.com\\\/se\\\/#organization\"},\"potentialAction\":[{\"@type\":\"SearchAction\",\"target\":{\"@type\":\"EntryPoint\",\"urlTemplate\":\"https:\\\/\\\/deravio.com\\\/se\\\/?s={search_term_string}\"},\"query-input\":{\"@type\":\"PropertyValueSpecification\",\"valueRequired\":true,\"valueName\":\"search_term_string\"}}],\"inLanguage\":\"sv-SE\"},{\"@type\":\"Organization\",\"@id\":\"https:\\\/\\\/deravio.com\\\/se\\\/#organization\",\"name\":\"Mekulo\",\"url\":\"https:\\\/\\\/deravio.com\\\/se\\\/\",\"logo\":{\"@type\":\"ImageObject\",\"inLanguage\":\"sv-SE\",\"@id\":\"https:\\\/\\\/deravio.com\\\/se\\\/#\\\/schema\\\/logo\\\/image\\\/\",\"url\":\"https:\\\/\\\/deravio.com\\\/se\\\/wp-content\\\/uploads\\\/sites\\\/20\\\/2025\\\/12\\\/favicon_mekulo.png\",\"contentUrl\":\"https:\\\/\\\/deravio.com\\\/se\\\/wp-content\\\/uploads\\\/sites\\\/20\\\/2025\\\/12\\\/favicon_mekulo.png\",\"width\":50,\"height\":50,\"caption\":\"Mekulo\"},\"image\":{\"@id\":\"https:\\\/\\\/deravio.com\\\/se\\\/#\\\/schema\\\/logo\\\/image\\\/\"}}]}<\/script>\n<!-- \/ Yoast SEO plugin. -->","yoast_head_json":{"title":"Ultratunna tatueringshylsor med solskydd - Deravio SE","robots":{"index":"index","follow":"follow","max-snippet":"max-snippet:-1","max-image-preview":"max-image-preview:large","max-video-preview":"max-video-preview:-1"},"canonical":"https:\/\/deravio.com\/se\/produkt\/ultratunna-tatueringshylsor-med-solskydd\/","og_locale":"sv_SE","og_type":"article","og_title":"Ultratunna tatueringshylsor med solskydd - Deravio SE","og_description":"\ud83c\udfa8Full tatueringsstil utan permanent bl\u00e4ck. Uttryck din personlighet samtidigt som du skyddar din hud. \ud83c\udf1eDe h\u00e4r ultratunna tatuerings\u00e4rmarna med solskydd kombinerar i\u00f6gonfallande tatueringsdesign med praktiskt UV-skydd. \ud83d\udc55L\u00e4tta, andningsbara och bekv\u00e4ma, de l\u00e5ter dig f\u00f6r\u00e4ndra ditt utseende direkt samtidigt som de skyddar dina armar fr\u00e5n solen.","og_url":"https:\/\/deravio.com\/se\/produkt\/ultratunna-tatueringshylsor-med-solskydd\/","og_site_name":"Deravio SE","article_modified_time":"2026-05-06T16:35:58+00:00","og_image":[{"width":713,"height":713,"url":"https:\/\/deravio.com\/se\/wp-content\/uploads\/sites\/20\/2026\/05\/eu1kw8t-1.webp","type":"image\/webp"}],"twitter_card":"summary_large_image","twitter_misc":{"Ber\u00e4knad l\u00e4stid":"2 minuter"},"schema":{"@context":"https:\/\/schema.org","@graph":[{"@type":"WebPage","@id":"https:\/\/deravio.com\/se\/produkt\/ultratunna-tatueringshylsor-med-solskydd\/","url":"https:\/\/deravio.com\/se\/produkt\/ultratunna-tatueringshylsor-med-solskydd\/","name":"Ultratunna tatueringshylsor med solskydd - Deravio SE","isPartOf":{"@id":"https:\/\/deravio.com\/se\/#website"},"primaryImageOfPage":{"@id":"https:\/\/deravio.com\/se\/produkt\/ultratunna-tatueringshylsor-med-solskydd\/#primaryimage"},"image":{"@id":"https:\/\/deravio.com\/se\/produkt\/ultratunna-tatueringshylsor-med-solskydd\/#primaryimage"},"thumbnailUrl":"https:\/\/deravio.com\/se\/wp-content\/uploads\/sites\/20\/2026\/05\/eu1kw8t-1.webp","datePublished":"2026-05-06T14:50:35+00:00","dateModified":"2026-05-06T16:35:58+00:00","breadcrumb":{"@id":"https:\/\/deravio.com\/se\/produkt\/ultratunna-tatueringshylsor-med-solskydd\/#breadcrumb"},"inLanguage":"sv-SE","potentialAction":[{"@type":"ReadAction","target":["https:\/\/deravio.com\/se\/produkt\/ultratunna-tatueringshylsor-med-solskydd\/"]}]},{"@type":"ImageObject","inLanguage":"sv-SE","@id":"https:\/\/deravio.com\/se\/produkt\/ultratunna-tatueringshylsor-med-solskydd\/#primaryimage","url":"https:\/\/deravio.com\/se\/wp-content\/uploads\/sites\/20\/2026\/05\/eu1kw8t-1.webp","contentUrl":"https:\/\/deravio.com\/se\/wp-content\/uploads\/sites\/20\/2026\/05\/eu1kw8t-1.webp","width":713,"height":713},{"@type":"BreadcrumbList","@id":"https:\/\/deravio.com\/se\/produkt\/ultratunna-tatueringshylsor-med-solskydd\/#breadcrumb","itemListElement":[{"@type":"ListItem","position":1,"name":"Home","item":"https:\/\/deravio.com\/se\/"},{"@type":"ListItem","position":2,"name":"Butik","item":"https:\/\/deravio.com\/se\/butik\/"},{"@type":"ListItem","position":3,"name":"Ultratunna tatueringshylsor med solskydd"}]},{"@type":"WebSite","@id":"https:\/\/deravio.com\/se\/#website","url":"https:\/\/deravio.com\/se\/","name":"Deravio SE","description":"","publisher":{"@id":"https:\/\/deravio.com\/se\/#organization"},"potentialAction":[{"@type":"SearchAction","target":{"@type":"EntryPoint","urlTemplate":"https:\/\/deravio.com\/se\/?s={search_term_string}"},"query-input":{"@type":"PropertyValueSpecification","valueRequired":true,"valueName":"search_term_string"}}],"inLanguage":"sv-SE"},{"@type":"Organization","@id":"https:\/\/deravio.com\/se\/#organization","name":"Mekulo","url":"https:\/\/deravio.com\/se\/","logo":{"@type":"ImageObject","inLanguage":"sv-SE","@id":"https:\/\/deravio.com\/se\/#\/schema\/logo\/image\/","url":"https:\/\/deravio.com\/se\/wp-content\/uploads\/sites\/20\/2025\/12\/favicon_mekulo.png","contentUrl":"https:\/\/deravio.com\/se\/wp-content\/uploads\/sites\/20\/2025\/12\/favicon_mekulo.png","width":50,"height":50,"caption":"Mekulo"},"image":{"@id":"https:\/\/deravio.com\/se\/#\/schema\/logo\/image\/"}}]}},"_links":{"self":[{"href":"https:\/\/deravio.com\/se\/wp-json\/wp\/v2\/product\/25440","targetHints":{"allow":["GET"]}}],"collection":[{"href":"https:\/\/deravio.com\/se\/wp-json\/wp\/v2\/product"}],"about":[{"href":"https:\/\/deravio.com\/se\/wp-json\/wp\/v2\/types\/product"}],"replies":[{"embeddable":true,"href":"https:\/\/deravio.com\/se\/wp-json\/wp\/v2\/comments?post=25440"}],"wp:featuredmedia":[{"embeddable":true,"href":"https:\/\/deravio.com\/se\/wp-json\/wp\/v2\/media\/25436"}],"wp:attachment":[{"href":"https:\/\/deravio.com\/se\/wp-json\/wp\/v2\/media?parent=25440"}],"wp:term":[{"taxonomy":"product_brand","embeddable":true,"href":"https:\/\/deravio.com\/se\/wp-json\/wp\/v2\/product_brand?post=25440"},{"taxonomy":"product_cat","embeddable":true,"href":"https:\/\/deravio.com\/se\/wp-json\/wp\/v2\/product_cat?post=25440"},{"taxonomy":"product_tag","embeddable":true,"href":"https:\/\/deravio.com\/se\/wp-json\/wp\/v2\/product_tag?post=25440"}],"curies":[{"name":"wp","href":"https:\/\/api.w.org\/{rel}","templated":true}]}}