{"id":25256,"date":"2026-05-04T20:54:13","date_gmt":"2026-05-04T17:54:13","guid":{"rendered":"https:\/\/deravio.com\/se\/produkt\/fargglada-sjalvlysande-sma-ankor-40-st\/"},"modified":"2026-05-05T21:09:18","modified_gmt":"2026-05-05T18:09:18","slug":"fargglada-sjalvlysande-sma-ankor-40-st","status":"publish","type":"product","link":"https:\/\/deravio.com\/se\/produkt\/fargglada-sjalvlysande-sma-ankor-40-st\/","title":{"rendered":"F\u00e4rgglada sj\u00e4lvlysande sm\u00e5 ankor (40 st)"},"content":{"rendered":"<h2 style=\"text-align: center\" data-section-id=\"wtab3f\" data-start=\"459\" data-end=\"475\">\u2728 L\u00f6ftet<\/h2>\n<p style=\"text-align: center\" data-start=\"477\" data-end=\"540\">\u00c4dla design.<br data-start=\"493\" data-end=\"496\" \/>Mjukt nattligt sken.<br data-start=\"516\" data-end=\"519\" \/>O\u00e4ndligt kreativt kul.<\/p>\n<p data-start=\"477\" data-end=\"540\"><img fetchpriority=\"high\" decoding=\"async\" class=\"size-full wp-image-27765 aligncenter\" src=\"https:\/\/mekulo.com\/template\/wp-content\/uploads\/sites\/6\/2026\/03\/spp_shopify20251005001350_8b459d1bd6ad4fb98deb387859ce5734.jpg\" alt=\"\" width=\"800\" height=\"800\" \/><\/p>\n<h2 style=\"text-align: center\" data-section-id=\"1nz5x0y\" data-start=\"547\" data-end=\"566\">\ud83e\udd86 Huvudf\u00f6rdelar<\/h2>\n<p data-start=\"570\" data-end=\"659\">\ud83c\udf19 M\u00f6rkerlysande magi &#8211; Absorberar ljus under dagen och lyser mjukt p\u00e5 natten.<\/p>\n<p data-start=\"663\" data-end=\"769\">\ud83c\udf08 F\u00e4rgglada designer &#8211; Finns i flera livfulla f\u00e4rger som omedelbart lyser upp alla utrymmen.<\/p>\n<p data-start=\"773\" data-end=\"889\">\ud83e\uddf8 Perfekt f\u00f6r dekoration eller lek &#8211; Perfekt f\u00f6r rumsinredning, v\u00e4xtkrukor, \u00e4lvtr\u00e4dg\u00e5rdar och miniatyrlandskap.<\/p>\n<p data-start=\"893\" data-end=\"996\">\ud83d\udee1 S\u00e4kert och h\u00e5llbart material &#8211; Tillverkad av giftfri harts som \u00e4r sl\u00e4t, robust och l\u00e5ngvarig.<\/p>\n<p data-start=\"1000\" data-end=\"1107\">\ud83d\udccf Sm\u00e5 och utrymmesbesparande &#8211; Den kompakta storleken g\u00f6r dem perfekta f\u00f6r skrivbord, hyllor eller kreativa utst\u00e4llningar.<\/p>\n<p data-start=\"1111\" data-end=\"1209\">\ud83c\udf89 Kul f\u00f6r barn och vuxna &#8211; Perfekta f\u00f6r festfavoriter, samlingar, hantverk och kreativ lek.<\/p>\n<h2 style=\"text-align: center\" data-section-id=\"d0iej6\" data-start=\"1216\" data-end=\"1239\">\u2757 Problem \u2192 L\u00f6sning<\/h2>\n<p data-start=\"1241\" data-end=\"1342\"><strong data-start=\"1241\" data-end=\"1253\">Problem:<\/strong><br data-start=\"1253\" data-end=\"1256\" \/>Sm\u00e5 dekorativa f\u00f6rem\u00e5l saknar ofta personlighet och tillf\u00f6r inte mycket sp\u00e4nning till ett rum.<\/p>\n<p data-start=\"1344\" data-end=\"1490\"><strong data-start=\"1344\" data-end=\"1357\">L\u00f6sning:<\/strong><br data-start=\"1357\" data-end=\"1360\" \/>Dessa f\u00e4rgglada lysande sm\u00e5 ankor tillf\u00f6r lekfull charm och gl\u00f6dande magi, vilket omedelbart f\u00f6rvandlar alla utrymmen till en rolig och kreativ milj\u00f6. Sm\u00e5 detaljer som g\u00f6r stor skillnad.<\/p>\n<p data-start=\"1344\" data-end=\"1490\"><img decoding=\"async\" class=\"size-full wp-image-27766 aligncenter\" src=\"https:\/\/mekulo.com\/template\/wp-content\/uploads\/sites\/6\/2026\/03\/S97ec40cea5334040a7ea4a001ef494a54.webp\" alt=\"\" width=\"800\" height=\"800\" \/><\/p>\n<h2 style=\"text-align: center\" data-section-id=\"1cnajmq\" data-start=\"1539\" data-end=\"1565\">\ud83c\udf3f Perfekt f\u00f6r<\/h2>\n<ul data-start=\"1581\" data-end=\"1756\">\n<li data-section-id=\"1m20dfu\" data-start=\"1581\" data-end=\"1607\">\n<p data-start=\"1583\" data-end=\"1607\">Barnrumsdekorationer<\/p>\n<\/li>\n<li data-section-id=\"e72i10\" data-start=\"1608\" data-end=\"1646\">\n<p data-start=\"1610\" data-end=\"1646\">\u00c4lvtr\u00e4dg\u00e5rdar och mikrolandskap<\/p>\n<\/li>\n<li data-section-id=\"n7umii\" data-start=\"1647\" data-end=\"1675\">\n<p data-start=\"1649\" data-end=\"1675\">Disk- eller hylldekoration<\/p>\n<\/li>\n<li data-section-id=\"56xi71\" data-start=\"1676\" data-end=\"1702\">\n<p data-start=\"1678\" data-end=\"1702\">Festfavoriter och g\u00e5vor<\/p>\n<\/li>\n<li data-section-id=\"1gf3aty\" data-start=\"1703\" data-end=\"1726\">\n<p data-start=\"1705\" data-end=\"1726\">Kreativt DIY-hantverk<\/p>\n<\/li>\n<li data-section-id=\"ppja5b\" data-start=\"1727\" data-end=\"1756\">\n<p data-start=\"1729\" data-end=\"1756\">Ljusaccenter p\u00e5 kv\u00e4llen<\/p>\n<\/li>\n<\/ul>\n<p data-start=\"1758\" data-end=\"1804\">L\u00e4gg till dem var som helst d\u00e4r du vill ha lite extra gl\u00e4dje.<\/p>\n<h2 style=\"text-align: center\" data-section-id=\"1k514u3\" data-start=\"1811\" data-end=\"1827\">\u2699\ufe0f Hur man anv\u00e4nder<\/h2>\n<ol data-start=\"1829\" data-end=\"2039\">\n<li data-section-id=\"1plloiv\" data-start=\"1829\" data-end=\"1892\">\n<p data-start=\"1832\" data-end=\"1892\">Placera ankorna under naturligt ljus eller inomhusbelysning.<\/p>\n<\/li>\n<li data-section-id=\"16bgxrb\" data-start=\"1893\" data-end=\"1934\">\n<p data-start=\"1896\" data-end=\"1934\">L\u00e5t dem absorbera ljus under dagen.<\/p>\n<\/li>\n<li data-section-id=\"w9sus9\" data-start=\"1935\" data-end=\"1995\">\n<p data-start=\"1938\" data-end=\"1995\">Sl\u00e4ck lamporna och se dem lysa i m\u00f6rkret.<\/p>\n<\/li>\n<li data-section-id=\"7jofqz\" data-start=\"1996\" data-end=\"2039\">\n<p data-start=\"1999\" data-end=\"2039\">Anv\u00e4nd dem f\u00f6r dekoration eller kreativ lek.<\/p>\n<\/li>\n<\/ol>\n<h2 style=\"text-align: center\" data-section-id=\"6cujb5\" data-start=\"2073\" data-end=\"2094\">\ud83d\udcd0 Produktdetaljer<\/h2>\n<ul data-start=\"2096\" data-end=\"2332\">\n<li data-section-id=\"1uq9rsq\" data-start=\"2096\" data-end=\"2119\">\n<p data-start=\"2098\" data-end=\"2119\">Material: Harts<\/p>\n<\/li>\n<li data-section-id=\"1g3d6eb\" data-start=\"2120\" data-end=\"2165\">\n<p data-start=\"2122\" data-end=\"2165\">F\u00e4rger: Flera ljusa f\u00e4rgalternativ<\/p>\n<\/li>\n<li data-section-id=\"1abda0n\" data-start=\"2166\" data-end=\"2209\">\n<p data-start=\"2168\" data-end=\"2209\">Design: Mini gl\u00f6dande anka figurer<\/p>\n<\/li>\n<li data-section-id=\"10bzu7n\" data-start=\"2210\" data-end=\"2267\">\n<p data-start=\"2212\" data-end=\"2267\">Anv\u00e4ndning: Dekoration, hantverk, mikrolandskap, leksaker<\/p>\n<\/li>\n<li data-section-id=\"10n0oi1\" data-start=\"2268\" data-end=\"2332\">\n<p data-start=\"2270\" data-end=\"2332\">M\u00e5tt: Liten manuell m\u00e4tvariation kan f\u00f6rekomma<\/p>\n<\/li>\n<li data-section-id=\"10n0oi1\" data-start=\"2268\" data-end=\"2332\">Storlek: 1,5 x 1,2 cm<\/li>\n<\/ul>\n<h2 style=\"text-align: center\" data-section-id=\"1qc1r63\" data-start=\"2387\" data-end=\"2409\">\ud83d\udce6 Paketet inneh\u00e5ller<\/h2>\n<ul data-start=\"2411\" data-end=\"2518\">\n<li style=\"list-style-type: none\">\n<ul data-start=\"2411\" data-end=\"2518\">\n<li data-section-id=\"t9xc2a\" data-start=\"2411\" data-end=\"2457\">\n<p data-start=\"2413\" data-end=\"2457\">40x f\u00e4rgglada sj\u00e4lvlysande sm\u00e5 ankor.<\/p>\n<\/li>\n<\/ul>\n<\/li>\n<\/ul>\n","protected":false},"excerpt":{"rendered":"<p>\ud83d\udca7 Sm\u00e5 lysande ankor som ger gl\u00e4dje dag och natt. S\u00f6ta miniatyrkompisar som lyser upp fantasin.<br \/>\n\ud83e\udd86De h\u00e4r f\u00e4rgglada lysande sm\u00e5 ankorna \u00e4r lekfulla, gl\u00f6dande minidekorationer som ger charm till alla utrymmen.<br \/>\n\ud83c\udf1eUnder dagen ger de f\u00e4rg och personlighet, och p\u00e5 natten lyser de mjukt och skapar en magisk atmosf\u00e4r som \u00e4r perfekt f\u00f6r sovrum, skrivbord eller kreativa mikrolandskap.<\/p>\n","protected":false},"featured_media":25252,"comment_status":"open","ping_status":"closed","template":"","meta":{"site-sidebar-layout":"default","site-content-layout":"","ast-site-content-layout":"default","site-content-style":"default","site-sidebar-style":"default","ast-global-header-display":"","ast-banner-title-visibility":"","ast-main-header-display":"","ast-hfb-above-header-display":"","ast-hfb-below-header-display":"","ast-hfb-mobile-header-display":"","site-post-title":"","ast-breadcrumbs-content":"","ast-featured-img":"","footer-sml-layout":"","ast-disable-related-posts":"","theme-transparent-header-meta":"default","adv-header-id-meta":"","stick-header-meta":"","header-above-stick-meta":"","header-main-stick-meta":"","header-below-stick-meta":"","astra-migrate-meta-layouts":"set","ast-page-background-enabled":"default","ast-page-background-meta":{"desktop":{"background-color":"var(--ast-global-color-5)","background-image":"","background-repeat":"repeat","background-position":"center center","background-size":"auto","background-attachment":"scroll","background-type":"","background-media":"","overlay-type":"","overlay-color":"","overlay-opacity":"","overlay-gradient":""},"tablet":{"background-color":"","background-image":"","background-repeat":"repeat","background-position":"center center","background-size":"auto","background-attachment":"scroll","background-type":"","background-media":"","overlay-type":"","overlay-color":"","overlay-opacity":"","overlay-gradient":""},"mobile":{"background-color":"","background-image":"","background-repeat":"repeat","background-position":"center center","background-size":"auto","background-attachment":"scroll","background-type":"","background-media":"","overlay-type":"","overlay-color":"","overlay-opacity":"","overlay-gradient":""}},"ast-content-background-meta":{"desktop":{"background-color":"var(--ast-global-color-4)","background-image":"","background-repeat":"repeat","background-position":"center center","background-size":"auto","background-attachment":"scroll","background-type":"","background-media":"","overlay-type":"","overlay-color":"","overlay-opacity":"","overlay-gradient":""},"tablet":{"background-color":"var(--ast-global-color-4)","background-image":"","background-repeat":"repeat","background-position":"center center","background-size":"auto","background-attachment":"scroll","background-type":"","background-media":"","overlay-type":"","overlay-color":"","overlay-opacity":"","overlay-gradient":""},"mobile":{"background-color":"var(--ast-global-color-4)","background-image":"","background-repeat":"repeat","background-position":"center center","background-size":"auto","background-attachment":"scroll","background-type":"","background-media":"","overlay-type":"","overlay-color":"","overlay-opacity":"","overlay-gradient":""}}},"product_brand":[],"product_cat":[15],"product_tag":[],"class_list":{"0":"post-25256","1":"product","2":"type-product","3":"status-publish","4":"has-post-thumbnail","6":"product_cat-okategoriserade","7":"pa_66645_3bs077qy-bla","8":"pa_66645_3bs077qy-gron","9":"pa_66645_3bs077qy-gul","10":"pa_66645_3bs077qy-lila","11":"pa_66645_3bs077qy-rosa","12":"pa_66645_3bs077qy-slumpmassig","13":"pa_66645_3bs077qy-vit","14":"desktop-align-left","15":"tablet-align-left","16":"mobile-align-left","18":"first","19":"instock","20":"shipping-taxable","21":"purchasable","22":"product-type-variable"},"yoast_head":"<!-- This site is optimized with the Yoast SEO plugin v27.4 - https:\/\/yoast.com\/product\/yoast-seo-wordpress\/ -->\n<title>F\u00e4rgglada sj\u00e4lvlysande sm\u00e5 ankor (40 st) - Deravio SE<\/title>\n<meta name=\"robots\" content=\"index, follow, max-snippet:-1, max-image-preview:large, max-video-preview:-1\" \/>\n<link rel=\"canonical\" href=\"https:\/\/deravio.com\/se\/produkt\/fargglada-sjalvlysande-sma-ankor-40-st\/\" \/>\n<meta property=\"og:locale\" content=\"sv_SE\" \/>\n<meta property=\"og:type\" content=\"article\" \/>\n<meta property=\"og:title\" content=\"F\u00e4rgglada sj\u00e4lvlysande sm\u00e5 ankor (40 st) - Deravio SE\" \/>\n<meta property=\"og:description\" content=\"\ud83d\udca7 Sm\u00e5 lysande ankor som ger gl\u00e4dje dag och natt. S\u00f6ta miniatyrkompisar som lyser upp fantasin. \ud83e\udd86De h\u00e4r f\u00e4rgglada lysande sm\u00e5 ankorna \u00e4r lekfulla, gl\u00f6dande minidekorationer som ger charm till alla utrymmen. \ud83c\udf1eUnder dagen ger de f\u00e4rg och personlighet, och p\u00e5 natten lyser de mjukt och skapar en magisk atmosf\u00e4r som \u00e4r perfekt f\u00f6r sovrum, skrivbord eller kreativa mikrolandskap.\" \/>\n<meta property=\"og:url\" content=\"https:\/\/deravio.com\/se\/produkt\/fargglada-sjalvlysande-sma-ankor-40-st\/\" \/>\n<meta property=\"og:site_name\" content=\"Deravio SE\" \/>\n<meta property=\"article:modified_time\" content=\"2026-05-05T18:09:18+00:00\" \/>\n<meta property=\"og:image\" content=\"https:\/\/deravio.com\/se\/wp-content\/uploads\/sites\/20\/2026\/05\/gb0o6mk-1.jpg\" \/>\n\t<meta property=\"og:image:width\" content=\"713\" \/>\n\t<meta property=\"og:image:height\" content=\"713\" \/>\n\t<meta property=\"og:image:type\" content=\"image\/jpeg\" \/>\n<meta name=\"twitter:card\" content=\"summary_large_image\" \/>\n<meta name=\"twitter:label1\" content=\"Ber\u00e4knad l\u00e4stid\" \/>\n\t<meta name=\"twitter:data1\" content=\"2 minuter\" \/>\n<script type=\"application\/ld+json\" class=\"yoast-schema-graph\">{\"@context\":\"https:\\\/\\\/schema.org\",\"@graph\":[{\"@type\":\"WebPage\",\"@id\":\"https:\\\/\\\/deravio.com\\\/se\\\/produkt\\\/fargglada-sjalvlysande-sma-ankor-40-st\\\/\",\"url\":\"https:\\\/\\\/deravio.com\\\/se\\\/produkt\\\/fargglada-sjalvlysande-sma-ankor-40-st\\\/\",\"name\":\"F\u00e4rgglada sj\u00e4lvlysande sm\u00e5 ankor (40 st) - Deravio SE\",\"isPartOf\":{\"@id\":\"https:\\\/\\\/deravio.com\\\/se\\\/#website\"},\"primaryImageOfPage\":{\"@id\":\"https:\\\/\\\/deravio.com\\\/se\\\/produkt\\\/fargglada-sjalvlysande-sma-ankor-40-st\\\/#primaryimage\"},\"image\":{\"@id\":\"https:\\\/\\\/deravio.com\\\/se\\\/produkt\\\/fargglada-sjalvlysande-sma-ankor-40-st\\\/#primaryimage\"},\"thumbnailUrl\":\"https:\\\/\\\/deravio.com\\\/se\\\/wp-content\\\/uploads\\\/sites\\\/20\\\/2026\\\/05\\\/gb0o6mk-1.jpg\",\"datePublished\":\"2026-05-04T17:54:13+00:00\",\"dateModified\":\"2026-05-05T18:09:18+00:00\",\"breadcrumb\":{\"@id\":\"https:\\\/\\\/deravio.com\\\/se\\\/produkt\\\/fargglada-sjalvlysande-sma-ankor-40-st\\\/#breadcrumb\"},\"inLanguage\":\"sv-SE\",\"potentialAction\":[{\"@type\":\"ReadAction\",\"target\":[\"https:\\\/\\\/deravio.com\\\/se\\\/produkt\\\/fargglada-sjalvlysande-sma-ankor-40-st\\\/\"]}]},{\"@type\":\"ImageObject\",\"inLanguage\":\"sv-SE\",\"@id\":\"https:\\\/\\\/deravio.com\\\/se\\\/produkt\\\/fargglada-sjalvlysande-sma-ankor-40-st\\\/#primaryimage\",\"url\":\"https:\\\/\\\/deravio.com\\\/se\\\/wp-content\\\/uploads\\\/sites\\\/20\\\/2026\\\/05\\\/gb0o6mk-1.jpg\",\"contentUrl\":\"https:\\\/\\\/deravio.com\\\/se\\\/wp-content\\\/uploads\\\/sites\\\/20\\\/2026\\\/05\\\/gb0o6mk-1.jpg\",\"width\":713,\"height\":713},{\"@type\":\"BreadcrumbList\",\"@id\":\"https:\\\/\\\/deravio.com\\\/se\\\/produkt\\\/fargglada-sjalvlysande-sma-ankor-40-st\\\/#breadcrumb\",\"itemListElement\":[{\"@type\":\"ListItem\",\"position\":1,\"name\":\"Home\",\"item\":\"https:\\\/\\\/deravio.com\\\/se\\\/\"},{\"@type\":\"ListItem\",\"position\":2,\"name\":\"Butik\",\"item\":\"https:\\\/\\\/deravio.com\\\/se\\\/butik\\\/\"},{\"@type\":\"ListItem\",\"position\":3,\"name\":\"F\u00e4rgglada sj\u00e4lvlysande sm\u00e5 ankor (40 st)\"}]},{\"@type\":\"WebSite\",\"@id\":\"https:\\\/\\\/deravio.com\\\/se\\\/#website\",\"url\":\"https:\\\/\\\/deravio.com\\\/se\\\/\",\"name\":\"Deravio SE\",\"description\":\"\",\"publisher\":{\"@id\":\"https:\\\/\\\/deravio.com\\\/se\\\/#organization\"},\"potentialAction\":[{\"@type\":\"SearchAction\",\"target\":{\"@type\":\"EntryPoint\",\"urlTemplate\":\"https:\\\/\\\/deravio.com\\\/se\\\/?s={search_term_string}\"},\"query-input\":{\"@type\":\"PropertyValueSpecification\",\"valueRequired\":true,\"valueName\":\"search_term_string\"}}],\"inLanguage\":\"sv-SE\"},{\"@type\":\"Organization\",\"@id\":\"https:\\\/\\\/deravio.com\\\/se\\\/#organization\",\"name\":\"Mekulo\",\"url\":\"https:\\\/\\\/deravio.com\\\/se\\\/\",\"logo\":{\"@type\":\"ImageObject\",\"inLanguage\":\"sv-SE\",\"@id\":\"https:\\\/\\\/deravio.com\\\/se\\\/#\\\/schema\\\/logo\\\/image\\\/\",\"url\":\"https:\\\/\\\/deravio.com\\\/se\\\/wp-content\\\/uploads\\\/sites\\\/20\\\/2025\\\/12\\\/favicon_mekulo.png\",\"contentUrl\":\"https:\\\/\\\/deravio.com\\\/se\\\/wp-content\\\/uploads\\\/sites\\\/20\\\/2025\\\/12\\\/favicon_mekulo.png\",\"width\":50,\"height\":50,\"caption\":\"Mekulo\"},\"image\":{\"@id\":\"https:\\\/\\\/deravio.com\\\/se\\\/#\\\/schema\\\/logo\\\/image\\\/\"}}]}<\/script>\n<!-- \/ Yoast SEO plugin. -->","yoast_head_json":{"title":"F\u00e4rgglada sj\u00e4lvlysande sm\u00e5 ankor (40 st) - Deravio SE","robots":{"index":"index","follow":"follow","max-snippet":"max-snippet:-1","max-image-preview":"max-image-preview:large","max-video-preview":"max-video-preview:-1"},"canonical":"https:\/\/deravio.com\/se\/produkt\/fargglada-sjalvlysande-sma-ankor-40-st\/","og_locale":"sv_SE","og_type":"article","og_title":"F\u00e4rgglada sj\u00e4lvlysande sm\u00e5 ankor (40 st) - Deravio SE","og_description":"\ud83d\udca7 Sm\u00e5 lysande ankor som ger gl\u00e4dje dag och natt. S\u00f6ta miniatyrkompisar som lyser upp fantasin. \ud83e\udd86De h\u00e4r f\u00e4rgglada lysande sm\u00e5 ankorna \u00e4r lekfulla, gl\u00f6dande minidekorationer som ger charm till alla utrymmen. \ud83c\udf1eUnder dagen ger de f\u00e4rg och personlighet, och p\u00e5 natten lyser de mjukt och skapar en magisk atmosf\u00e4r som \u00e4r perfekt f\u00f6r sovrum, skrivbord eller kreativa mikrolandskap.","og_url":"https:\/\/deravio.com\/se\/produkt\/fargglada-sjalvlysande-sma-ankor-40-st\/","og_site_name":"Deravio SE","article_modified_time":"2026-05-05T18:09:18+00:00","og_image":[{"width":713,"height":713,"url":"https:\/\/deravio.com\/se\/wp-content\/uploads\/sites\/20\/2026\/05\/gb0o6mk-1.jpg","type":"image\/jpeg"}],"twitter_card":"summary_large_image","twitter_misc":{"Ber\u00e4knad l\u00e4stid":"2 minuter"},"schema":{"@context":"https:\/\/schema.org","@graph":[{"@type":"WebPage","@id":"https:\/\/deravio.com\/se\/produkt\/fargglada-sjalvlysande-sma-ankor-40-st\/","url":"https:\/\/deravio.com\/se\/produkt\/fargglada-sjalvlysande-sma-ankor-40-st\/","name":"F\u00e4rgglada sj\u00e4lvlysande sm\u00e5 ankor (40 st) - Deravio SE","isPartOf":{"@id":"https:\/\/deravio.com\/se\/#website"},"primaryImageOfPage":{"@id":"https:\/\/deravio.com\/se\/produkt\/fargglada-sjalvlysande-sma-ankor-40-st\/#primaryimage"},"image":{"@id":"https:\/\/deravio.com\/se\/produkt\/fargglada-sjalvlysande-sma-ankor-40-st\/#primaryimage"},"thumbnailUrl":"https:\/\/deravio.com\/se\/wp-content\/uploads\/sites\/20\/2026\/05\/gb0o6mk-1.jpg","datePublished":"2026-05-04T17:54:13+00:00","dateModified":"2026-05-05T18:09:18+00:00","breadcrumb":{"@id":"https:\/\/deravio.com\/se\/produkt\/fargglada-sjalvlysande-sma-ankor-40-st\/#breadcrumb"},"inLanguage":"sv-SE","potentialAction":[{"@type":"ReadAction","target":["https:\/\/deravio.com\/se\/produkt\/fargglada-sjalvlysande-sma-ankor-40-st\/"]}]},{"@type":"ImageObject","inLanguage":"sv-SE","@id":"https:\/\/deravio.com\/se\/produkt\/fargglada-sjalvlysande-sma-ankor-40-st\/#primaryimage","url":"https:\/\/deravio.com\/se\/wp-content\/uploads\/sites\/20\/2026\/05\/gb0o6mk-1.jpg","contentUrl":"https:\/\/deravio.com\/se\/wp-content\/uploads\/sites\/20\/2026\/05\/gb0o6mk-1.jpg","width":713,"height":713},{"@type":"BreadcrumbList","@id":"https:\/\/deravio.com\/se\/produkt\/fargglada-sjalvlysande-sma-ankor-40-st\/#breadcrumb","itemListElement":[{"@type":"ListItem","position":1,"name":"Home","item":"https:\/\/deravio.com\/se\/"},{"@type":"ListItem","position":2,"name":"Butik","item":"https:\/\/deravio.com\/se\/butik\/"},{"@type":"ListItem","position":3,"name":"F\u00e4rgglada sj\u00e4lvlysande sm\u00e5 ankor (40 st)"}]},{"@type":"WebSite","@id":"https:\/\/deravio.com\/se\/#website","url":"https:\/\/deravio.com\/se\/","name":"Deravio SE","description":"","publisher":{"@id":"https:\/\/deravio.com\/se\/#organization"},"potentialAction":[{"@type":"SearchAction","target":{"@type":"EntryPoint","urlTemplate":"https:\/\/deravio.com\/se\/?s={search_term_string}"},"query-input":{"@type":"PropertyValueSpecification","valueRequired":true,"valueName":"search_term_string"}}],"inLanguage":"sv-SE"},{"@type":"Organization","@id":"https:\/\/deravio.com\/se\/#organization","name":"Mekulo","url":"https:\/\/deravio.com\/se\/","logo":{"@type":"ImageObject","inLanguage":"sv-SE","@id":"https:\/\/deravio.com\/se\/#\/schema\/logo\/image\/","url":"https:\/\/deravio.com\/se\/wp-content\/uploads\/sites\/20\/2025\/12\/favicon_mekulo.png","contentUrl":"https:\/\/deravio.com\/se\/wp-content\/uploads\/sites\/20\/2025\/12\/favicon_mekulo.png","width":50,"height":50,"caption":"Mekulo"},"image":{"@id":"https:\/\/deravio.com\/se\/#\/schema\/logo\/image\/"}}]}},"_links":{"self":[{"href":"https:\/\/deravio.com\/se\/wp-json\/wp\/v2\/product\/25256","targetHints":{"allow":["GET"]}}],"collection":[{"href":"https:\/\/deravio.com\/se\/wp-json\/wp\/v2\/product"}],"about":[{"href":"https:\/\/deravio.com\/se\/wp-json\/wp\/v2\/types\/product"}],"replies":[{"embeddable":true,"href":"https:\/\/deravio.com\/se\/wp-json\/wp\/v2\/comments?post=25256"}],"wp:featuredmedia":[{"embeddable":true,"href":"https:\/\/deravio.com\/se\/wp-json\/wp\/v2\/media\/25252"}],"wp:attachment":[{"href":"https:\/\/deravio.com\/se\/wp-json\/wp\/v2\/media?parent=25256"}],"wp:term":[{"taxonomy":"product_brand","embeddable":true,"href":"https:\/\/deravio.com\/se\/wp-json\/wp\/v2\/product_brand?post=25256"},{"taxonomy":"product_cat","embeddable":true,"href":"https:\/\/deravio.com\/se\/wp-json\/wp\/v2\/product_cat?post=25256"},{"taxonomy":"product_tag","embeddable":true,"href":"https:\/\/deravio.com\/se\/wp-json\/wp\/v2\/product_tag?post=25256"}],"curies":[{"name":"wp","href":"https:\/\/api.w.org\/{rel}","templated":true}]}}