{"id":25229,"date":"2026-05-04T20:19:32","date_gmt":"2026-05-04T17:19:32","guid":{"rendered":"https:\/\/deravio.com\/se\/produkt\/barbart-monokulart-teleskop-for-utomhusbruk\/"},"modified":"2026-05-05T21:23:25","modified_gmt":"2026-05-05T18:23:25","slug":"barbart-monokulart-teleskop-for-utomhusbruk","status":"publish","type":"product","link":"https:\/\/deravio.com\/se\/produkt\/barbart-monokulart-teleskop-for-utomhusbruk\/","title":{"rendered":"B\u00e4rbart monokul\u00e4rt teleskop f\u00f6r utomhusbruk"},"content":{"rendered":"<h2 style=\"text-align: center\" data-section-id=\"wtab3f\" data-start=\"433\" data-end=\"449\">\u2728 L\u00f6ftet<\/h2>\n<p style=\"text-align: center\" data-start=\"451\" data-end=\"519\">Skarpare vyer.<br \/>\nB\u00e4rbar utforskning.<br \/>\nEn n\u00e4rmare titt p\u00e5 v\u00e4rlden.<\/p>\n<p data-start=\"451\" data-end=\"519\"><img fetchpriority=\"high\" decoding=\"async\" class=\" wp-image-27960 aligncenter\" src=\"https:\/\/mekulo.com\/template\/wp-content\/uploads\/sites\/6\/2026\/03\/12218-ezgif.com-video-to-webp-converter-6.webp\" alt=\"\" width=\"551\" height=\"551\" \/><\/p>\n<h2 style=\"text-align: center\" data-section-id=\"1hi8m7u\" data-start=\"526\" data-end=\"545\">\ud83d\udd2d Huvudf\u00f6rdelar<\/h2>\n<p data-start=\"549\" data-end=\"652\">\ud83d\udc40 Kristallklar f\u00f6rstoring &#8211; Kraftfull optik g\u00f6r att avl\u00e4gsna objekt kommer n\u00e4rmare med levande klarhet.<\/p>\n<p data-start=\"656\" data-end=\"765\">\ud83c\udf3f Perfekt f\u00f6r utomhus\u00e4ventyr &#8211; Perfekt f\u00f6r vandring, f\u00e5gelsk\u00e5dning, camping, sportevenemang och resor.<\/p>\n<p data-start=\"769\" data-end=\"889\">\ud83d\udca1 Linser med h\u00f6g ljustransmission &#8211; Gr\u00f6nbelagda bredbandslinser f\u00f6rb\u00e4ttrar ljusstyrka och detaljer \u00e4ven i svagt ljus.<\/p>\n<p data-start=\"893\" data-end=\"989\">\ud83e\uddf3 Kompakt design i fickformat &#8211; L\u00e4tt och enkel att b\u00e4ra i fickan eller ryggs\u00e4cken.<\/p>\n<p data-start=\"993\" data-end=\"1095\">\u270b Bekv\u00e4mt halkfritt grepp &#8211; Naturgummi p\u00e5 utsidan ger ett s\u00e4kert grepp vid utomhusbruk.<\/p>\n<p data-start=\"1099\" data-end=\"1193\">\ud83c\udf27 Dagligt vattent\u00e4tt skydd &#8211; Byggt f\u00f6r att hantera regn, fukt och utomhusf\u00f6rh\u00e5llanden.<\/p>\n<h2 style=\"text-align: center\" data-section-id=\"d0iej6\" data-start=\"1200\" data-end=\"1223\">\u2757 Problem \u2192 L\u00f6sning<\/h2>\n<p data-start=\"1225\" data-end=\"1331\"><strong data-start=\"1225\" data-end=\"1237\">Problem:<\/strong><br data-start=\"1237\" data-end=\"1240\" \/>Djurliv, landskap eller h\u00e4ndelser l\u00e5ngt borta \u00e4r ofta sv\u00e5ra att se tydligt med blotta \u00f6gat.<\/p>\n<p data-start=\"1333\" data-end=\"1514\"><strong data-start=\"1333\" data-end=\"1346\">L\u00f6sning:<\/strong><br data-start=\"1346\" data-end=\"1349\" \/>Detta b\u00e4rbara monokul\u00e4ra teleskop f\u00f6r utomhusbruk ger kraftfull f\u00f6rstoring och ljusstark optik, s\u00e5 att du kan uppleva varje detalj utan att b\u00e4ra p\u00e5 skrymmande utrustning. Se mer av det. Utforska mer.<\/p>\n<p data-start=\"1333\" data-end=\"1514\"><img decoding=\"async\" class=\" wp-image-27959 aligncenter\" src=\"https:\/\/mekulo.com\/template\/wp-content\/uploads\/sites\/6\/2026\/03\/12219-ezgif.com-video-to-webp-converter-6.webp\" alt=\"\" width=\"549\" height=\"549\" \/><\/p>\n<h2 style=\"text-align: center\" data-section-id=\"110ucp4\" data-start=\"1546\" data-end=\"1572\">\ud83c\udfd5 Perfekt f\u00f6r<\/h2>\n<ul data-start=\"1588\" data-end=\"1753\">\n<li data-section-id=\"1eeq7q2\" data-start=\"1588\" data-end=\"1616\">\n<p data-start=\"1590\" data-end=\"1616\">Vandring och campingturer<\/p>\n<\/li>\n<li data-section-id=\"1lnafr9\" data-start=\"1617\" data-end=\"1658\">\n<p data-start=\"1619\" data-end=\"1658\">F\u00e5gelsk\u00e5dning och observation av vilda djur<\/p>\n<\/li>\n<li data-section-id=\"lgr76c\" data-start=\"1659\" data-end=\"1689\">\n<p data-start=\"1661\" data-end=\"1689\">Sportevenemang och konserter<\/p>\n<\/li>\n<li data-section-id=\"1qwj089\" data-start=\"1690\" data-end=\"1716\">\n<p data-start=\"1692\" data-end=\"1716\">Resor och sightseeing<\/p>\n<\/li>\n<li data-section-id=\"1hwwkya\" data-start=\"1717\" data-end=\"1753\">\n<p data-start=\"1719\" data-end=\"1753\">Stj\u00e4rnsk\u00e5dning och utforskning utomhus<\/p>\n<\/li>\n<\/ul>\n<p data-start=\"1755\" data-end=\"1794\">Ett m\u00e5ste f\u00f6r nyfikna uppt\u00e4cktsresande.<\/p>\n<h2 style=\"text-align: center\" data-section-id=\"1k514u3\" data-start=\"1801\" data-end=\"1817\">\u2699\ufe0f Anv\u00e4ndning<\/h2>\n<ol data-start=\"1819\" data-end=\"2021\">\n<li data-section-id=\"277usm\" data-start=\"1819\" data-end=\"1863\">\n<p data-start=\"1822\" data-end=\"1863\">H\u00e5ll monokularen stadigt med en hand.<\/p>\n<\/li>\n<li data-section-id=\"ynd3ca\" data-start=\"1864\" data-end=\"1921\">\n<p data-start=\"1867\" data-end=\"1921\">Titta genom okularet och sikta mot ditt m\u00e5l.<\/p>\n<\/li>\n<li data-section-id=\"g8nbps\" data-start=\"1922\" data-end=\"1969\">\n<p data-start=\"1925\" data-end=\"1969\">Vrid fokusringen f\u00f6r att sk\u00e4rpa bilden.<\/p>\n<\/li>\n<li data-section-id=\"1um1kod\" data-start=\"1970\" data-end=\"2021\">\n<p data-start=\"1973\" data-end=\"2021\">Njut av en tydlig, f\u00f6rstorad bild av avl\u00e4gsna objekt.<\/p>\n<\/li>\n<\/ol>\n<h2 style=\"text-align: center\" data-section-id=\"6cujb5\" data-start=\"2071\" data-end=\"2092\">\ud83d\udcd0 Produktdetaljer<\/h2>\n<ul data-start=\"2094\" data-end=\"2398\">\n<li data-section-id=\"ncb4lo\" data-start=\"2094\" data-end=\"2145\">Typ: 30 x 25 Monokul\u00e4rteleskop<\/li>\n<li data-section-id=\"ncb4lo\" data-start=\"2094\" data-end=\"2145\">F\u00f6rstoring: 8x<\/li>\n<li data-section-id=\"ncb4lo\" data-start=\"2094\" data-end=\"2145\">Uppl\u00f6sning: 5,77s<\/li>\n<li data-section-id=\"ncb4lo\" data-start=\"2094\" data-end=\"2145\">Utg\u00e5ngspupillavst\u00e5nd: 9 mm<\/li>\n<li data-section-id=\"ncb4lo\" data-start=\"2094\" data-end=\"2145\">Utg\u00e5ngspupilldiameter: 3,6 mm<\/li>\n<li data-section-id=\"ncb4lo\" data-start=\"2094\" data-end=\"2145\">Linsbel\u00e4ggning: Bredbandig gr\u00f6n bel\u00e4ggning<\/li>\n<li data-section-id=\"ncb4lo\" data-start=\"2094\" data-end=\"2145\">Material: Naturgummigrepp<\/li>\n<li data-section-id=\"ncb4lo\" data-start=\"2094\" data-end=\"2145\">Vattent\u00e4thet: Dagligt vattent\u00e4tt skydd<\/li>\n<li data-section-id=\"1i152oa\" data-start=\"2374\" data-end=\"2398\">\n<p data-start=\"2376\" data-end=\"2398\">Storlek: 30 x 90 mm<\/p>\n<\/li>\n<\/ul>\n<h2 style=\"text-align: center\" data-section-id=\"1qc1r63\" data-start=\"2457\" data-end=\"2479\">\ud83d\udce6 Paketet inneh\u00e5ller<\/h2>\n<ul data-start=\"2481\" data-end=\"2523\">\n<li data-section-id=\"r207z1\" data-start=\"2481\" data-end=\"2523\">\n<p data-start=\"2483\" data-end=\"2523\">1x b\u00e4rbart monokul\u00e4rt teleskop f\u00f6r utomhusbruk<\/p>\n<\/li>\n<li data-section-id=\"r207z1\" data-start=\"2481\" data-end=\"2523\">\n<p data-start=\"2483\" data-end=\"2523\">1x telefonkl\u00e4mma<\/p>\n<\/li>\n<li data-section-id=\"r207z1\" data-start=\"2481\" data-end=\"2523\">\n<p data-start=\"2483\" data-end=\"2523\">1x skyddsfodral<\/p>\n<\/li>\n<li data-section-id=\"r207z1\" data-start=\"2481\" data-end=\"2523\">1x bruksanvisning.<\/li>\n<\/ul>\n","protected":false},"excerpt":{"rendered":"<p>\ud83c\udfd5\ufe0fSe v\u00e4rlden n\u00e4rmare, tydligare och skarpare. Ett kompakt f\u00f6nster till avl\u00e4gsna \u00e4ventyr.<br \/>\n\ud83d\udd2dDetta b\u00e4rbara monokul\u00e4ra teleskop f\u00f6r utomhusbruk ger skarp fokus p\u00e5 avl\u00e4gsna landskap, vilda djur och h\u00e4ndelser.<br \/>\n\ud83c\udf3fDesignat f\u00f6r uppt\u00e4cktsresande och vardags\u00e4ventyrare, det ger kraftfull f\u00f6rstoring i en l\u00e4tt, fickstor design som du kan ta med dig \u00f6verallt.<\/p>\n","protected":false},"featured_media":25225,"comment_status":"open","ping_status":"closed","template":"","meta":{"site-sidebar-layout":"default","site-content-layout":"","ast-site-content-layout":"default","site-content-style":"default","site-sidebar-style":"default","ast-global-header-display":"","ast-banner-title-visibility":"","ast-main-header-display":"","ast-hfb-above-header-display":"","ast-hfb-below-header-display":"","ast-hfb-mobile-header-display":"","site-post-title":"","ast-breadcrumbs-content":"","ast-featured-img":"","footer-sml-layout":"","ast-disable-related-posts":"","theme-transparent-header-meta":"default","adv-header-id-meta":"","stick-header-meta":"","header-above-stick-meta":"","header-main-stick-meta":"","header-below-stick-meta":"","astra-migrate-meta-layouts":"set","ast-page-background-enabled":"default","ast-page-background-meta":{"desktop":{"background-color":"var(--ast-global-color-5)","background-image":"","background-repeat":"repeat","background-position":"center center","background-size":"auto","background-attachment":"scroll","background-type":"","background-media":"","overlay-type":"","overlay-color":"","overlay-opacity":"","overlay-gradient":""},"tablet":{"background-color":"","background-image":"","background-repeat":"repeat","background-position":"center center","background-size":"auto","background-attachment":"scroll","background-type":"","background-media":"","overlay-type":"","overlay-color":"","overlay-opacity":"","overlay-gradient":""},"mobile":{"background-color":"","background-image":"","background-repeat":"repeat","background-position":"center center","background-size":"auto","background-attachment":"scroll","background-type":"","background-media":"","overlay-type":"","overlay-color":"","overlay-opacity":"","overlay-gradient":""}},"ast-content-background-meta":{"desktop":{"background-color":"var(--ast-global-color-4)","background-image":"","background-repeat":"repeat","background-position":"center center","background-size":"auto","background-attachment":"scroll","background-type":"","background-media":"","overlay-type":"","overlay-color":"","overlay-opacity":"","overlay-gradient":""},"tablet":{"background-color":"var(--ast-global-color-4)","background-image":"","background-repeat":"repeat","background-position":"center center","background-size":"auto","background-attachment":"scroll","background-type":"","background-media":"","overlay-type":"","overlay-color":"","overlay-opacity":"","overlay-gradient":""},"mobile":{"background-color":"var(--ast-global-color-4)","background-image":"","background-repeat":"repeat","background-position":"center center","background-size":"auto","background-attachment":"scroll","background-type":"","background-media":"","overlay-type":"","overlay-color":"","overlay-opacity":"","overlay-gradient":""}}},"product_brand":[],"product_cat":[172,171],"product_tag":[],"class_list":{"0":"post-25229","1":"product","2":"type-product","3":"status-publish","4":"has-post-thumbnail","6":"product_cat-leksaker-barn-och-babyprodukter","7":"product_cat-verktyg","8":"desktop-align-left","9":"tablet-align-left","10":"mobile-align-left","12":"first","13":"instock","14":"shipping-taxable","15":"purchasable","16":"product-type-simple"},"yoast_head":"<!-- This site is optimized with the Yoast SEO plugin v27.4 - https:\/\/yoast.com\/product\/yoast-seo-wordpress\/ -->\n<title>B\u00e4rbart monokul\u00e4rt teleskop f\u00f6r utomhusbruk - Deravio SE<\/title>\n<meta name=\"robots\" content=\"index, follow, max-snippet:-1, max-image-preview:large, max-video-preview:-1\" \/>\n<link rel=\"canonical\" href=\"https:\/\/deravio.com\/se\/produkt\/barbart-monokulart-teleskop-for-utomhusbruk\/\" \/>\n<meta property=\"og:locale\" content=\"sv_SE\" \/>\n<meta property=\"og:type\" content=\"article\" \/>\n<meta property=\"og:title\" content=\"B\u00e4rbart monokul\u00e4rt teleskop f\u00f6r utomhusbruk - Deravio SE\" \/>\n<meta property=\"og:description\" content=\"\ud83c\udfd5\ufe0fSe v\u00e4rlden n\u00e4rmare, tydligare och skarpare. Ett kompakt f\u00f6nster till avl\u00e4gsna \u00e4ventyr. \ud83d\udd2dDetta b\u00e4rbara monokul\u00e4ra teleskop f\u00f6r utomhusbruk ger skarp fokus p\u00e5 avl\u00e4gsna landskap, vilda djur och h\u00e4ndelser. \ud83c\udf3fDesignat f\u00f6r uppt\u00e4cktsresande och vardags\u00e4ventyrare, det ger kraftfull f\u00f6rstoring i en l\u00e4tt, fickstor design som du kan ta med dig \u00f6verallt.\" \/>\n<meta property=\"og:url\" content=\"https:\/\/deravio.com\/se\/produkt\/barbart-monokulart-teleskop-for-utomhusbruk\/\" \/>\n<meta property=\"og:site_name\" content=\"Deravio SE\" \/>\n<meta property=\"article:modified_time\" content=\"2026-05-05T18:23:25+00:00\" \/>\n<meta property=\"og:image\" content=\"https:\/\/deravio.com\/se\/wp-content\/uploads\/sites\/20\/2026\/05\/ny7q49a-1.webp\" \/>\n\t<meta property=\"og:image:width\" content=\"713\" \/>\n\t<meta property=\"og:image:height\" content=\"713\" \/>\n\t<meta property=\"og:image:type\" content=\"image\/webp\" \/>\n<meta name=\"twitter:card\" content=\"summary_large_image\" \/>\n<meta name=\"twitter:label1\" content=\"Ber\u00e4knad l\u00e4stid\" \/>\n\t<meta name=\"twitter:data1\" content=\"2 minuter\" \/>\n<script type=\"application\/ld+json\" class=\"yoast-schema-graph\">{\"@context\":\"https:\\\/\\\/schema.org\",\"@graph\":[{\"@type\":\"WebPage\",\"@id\":\"https:\\\/\\\/deravio.com\\\/se\\\/produkt\\\/barbart-monokulart-teleskop-for-utomhusbruk\\\/\",\"url\":\"https:\\\/\\\/deravio.com\\\/se\\\/produkt\\\/barbart-monokulart-teleskop-for-utomhusbruk\\\/\",\"name\":\"B\u00e4rbart monokul\u00e4rt teleskop f\u00f6r utomhusbruk - Deravio SE\",\"isPartOf\":{\"@id\":\"https:\\\/\\\/deravio.com\\\/se\\\/#website\"},\"primaryImageOfPage\":{\"@id\":\"https:\\\/\\\/deravio.com\\\/se\\\/produkt\\\/barbart-monokulart-teleskop-for-utomhusbruk\\\/#primaryimage\"},\"image\":{\"@id\":\"https:\\\/\\\/deravio.com\\\/se\\\/produkt\\\/barbart-monokulart-teleskop-for-utomhusbruk\\\/#primaryimage\"},\"thumbnailUrl\":\"https:\\\/\\\/deravio.com\\\/se\\\/wp-content\\\/uploads\\\/sites\\\/20\\\/2026\\\/05\\\/ny7q49a-1.webp\",\"datePublished\":\"2026-05-04T17:19:32+00:00\",\"dateModified\":\"2026-05-05T18:23:25+00:00\",\"breadcrumb\":{\"@id\":\"https:\\\/\\\/deravio.com\\\/se\\\/produkt\\\/barbart-monokulart-teleskop-for-utomhusbruk\\\/#breadcrumb\"},\"inLanguage\":\"sv-SE\",\"potentialAction\":[{\"@type\":\"ReadAction\",\"target\":[\"https:\\\/\\\/deravio.com\\\/se\\\/produkt\\\/barbart-monokulart-teleskop-for-utomhusbruk\\\/\"]}]},{\"@type\":\"ImageObject\",\"inLanguage\":\"sv-SE\",\"@id\":\"https:\\\/\\\/deravio.com\\\/se\\\/produkt\\\/barbart-monokulart-teleskop-for-utomhusbruk\\\/#primaryimage\",\"url\":\"https:\\\/\\\/deravio.com\\\/se\\\/wp-content\\\/uploads\\\/sites\\\/20\\\/2026\\\/05\\\/ny7q49a-1.webp\",\"contentUrl\":\"https:\\\/\\\/deravio.com\\\/se\\\/wp-content\\\/uploads\\\/sites\\\/20\\\/2026\\\/05\\\/ny7q49a-1.webp\",\"width\":713,\"height\":713},{\"@type\":\"BreadcrumbList\",\"@id\":\"https:\\\/\\\/deravio.com\\\/se\\\/produkt\\\/barbart-monokulart-teleskop-for-utomhusbruk\\\/#breadcrumb\",\"itemListElement\":[{\"@type\":\"ListItem\",\"position\":1,\"name\":\"Home\",\"item\":\"https:\\\/\\\/deravio.com\\\/se\\\/\"},{\"@type\":\"ListItem\",\"position\":2,\"name\":\"Butik\",\"item\":\"https:\\\/\\\/deravio.com\\\/se\\\/butik\\\/\"},{\"@type\":\"ListItem\",\"position\":3,\"name\":\"B\u00e4rbart monokul\u00e4rt teleskop f\u00f6r utomhusbruk\"}]},{\"@type\":\"WebSite\",\"@id\":\"https:\\\/\\\/deravio.com\\\/se\\\/#website\",\"url\":\"https:\\\/\\\/deravio.com\\\/se\\\/\",\"name\":\"Deravio SE\",\"description\":\"\",\"publisher\":{\"@id\":\"https:\\\/\\\/deravio.com\\\/se\\\/#organization\"},\"potentialAction\":[{\"@type\":\"SearchAction\",\"target\":{\"@type\":\"EntryPoint\",\"urlTemplate\":\"https:\\\/\\\/deravio.com\\\/se\\\/?s={search_term_string}\"},\"query-input\":{\"@type\":\"PropertyValueSpecification\",\"valueRequired\":true,\"valueName\":\"search_term_string\"}}],\"inLanguage\":\"sv-SE\"},{\"@type\":\"Organization\",\"@id\":\"https:\\\/\\\/deravio.com\\\/se\\\/#organization\",\"name\":\"Mekulo\",\"url\":\"https:\\\/\\\/deravio.com\\\/se\\\/\",\"logo\":{\"@type\":\"ImageObject\",\"inLanguage\":\"sv-SE\",\"@id\":\"https:\\\/\\\/deravio.com\\\/se\\\/#\\\/schema\\\/logo\\\/image\\\/\",\"url\":\"https:\\\/\\\/deravio.com\\\/se\\\/wp-content\\\/uploads\\\/sites\\\/20\\\/2025\\\/12\\\/favicon_mekulo.png\",\"contentUrl\":\"https:\\\/\\\/deravio.com\\\/se\\\/wp-content\\\/uploads\\\/sites\\\/20\\\/2025\\\/12\\\/favicon_mekulo.png\",\"width\":50,\"height\":50,\"caption\":\"Mekulo\"},\"image\":{\"@id\":\"https:\\\/\\\/deravio.com\\\/se\\\/#\\\/schema\\\/logo\\\/image\\\/\"}}]}<\/script>\n<!-- \/ Yoast SEO plugin. -->","yoast_head_json":{"title":"B\u00e4rbart monokul\u00e4rt teleskop f\u00f6r utomhusbruk - Deravio SE","robots":{"index":"index","follow":"follow","max-snippet":"max-snippet:-1","max-image-preview":"max-image-preview:large","max-video-preview":"max-video-preview:-1"},"canonical":"https:\/\/deravio.com\/se\/produkt\/barbart-monokulart-teleskop-for-utomhusbruk\/","og_locale":"sv_SE","og_type":"article","og_title":"B\u00e4rbart monokul\u00e4rt teleskop f\u00f6r utomhusbruk - Deravio SE","og_description":"\ud83c\udfd5\ufe0fSe v\u00e4rlden n\u00e4rmare, tydligare och skarpare. Ett kompakt f\u00f6nster till avl\u00e4gsna \u00e4ventyr. \ud83d\udd2dDetta b\u00e4rbara monokul\u00e4ra teleskop f\u00f6r utomhusbruk ger skarp fokus p\u00e5 avl\u00e4gsna landskap, vilda djur och h\u00e4ndelser. \ud83c\udf3fDesignat f\u00f6r uppt\u00e4cktsresande och vardags\u00e4ventyrare, det ger kraftfull f\u00f6rstoring i en l\u00e4tt, fickstor design som du kan ta med dig \u00f6verallt.","og_url":"https:\/\/deravio.com\/se\/produkt\/barbart-monokulart-teleskop-for-utomhusbruk\/","og_site_name":"Deravio SE","article_modified_time":"2026-05-05T18:23:25+00:00","og_image":[{"width":713,"height":713,"url":"https:\/\/deravio.com\/se\/wp-content\/uploads\/sites\/20\/2026\/05\/ny7q49a-1.webp","type":"image\/webp"}],"twitter_card":"summary_large_image","twitter_misc":{"Ber\u00e4knad l\u00e4stid":"2 minuter"},"schema":{"@context":"https:\/\/schema.org","@graph":[{"@type":"WebPage","@id":"https:\/\/deravio.com\/se\/produkt\/barbart-monokulart-teleskop-for-utomhusbruk\/","url":"https:\/\/deravio.com\/se\/produkt\/barbart-monokulart-teleskop-for-utomhusbruk\/","name":"B\u00e4rbart monokul\u00e4rt teleskop f\u00f6r utomhusbruk - Deravio SE","isPartOf":{"@id":"https:\/\/deravio.com\/se\/#website"},"primaryImageOfPage":{"@id":"https:\/\/deravio.com\/se\/produkt\/barbart-monokulart-teleskop-for-utomhusbruk\/#primaryimage"},"image":{"@id":"https:\/\/deravio.com\/se\/produkt\/barbart-monokulart-teleskop-for-utomhusbruk\/#primaryimage"},"thumbnailUrl":"https:\/\/deravio.com\/se\/wp-content\/uploads\/sites\/20\/2026\/05\/ny7q49a-1.webp","datePublished":"2026-05-04T17:19:32+00:00","dateModified":"2026-05-05T18:23:25+00:00","breadcrumb":{"@id":"https:\/\/deravio.com\/se\/produkt\/barbart-monokulart-teleskop-for-utomhusbruk\/#breadcrumb"},"inLanguage":"sv-SE","potentialAction":[{"@type":"ReadAction","target":["https:\/\/deravio.com\/se\/produkt\/barbart-monokulart-teleskop-for-utomhusbruk\/"]}]},{"@type":"ImageObject","inLanguage":"sv-SE","@id":"https:\/\/deravio.com\/se\/produkt\/barbart-monokulart-teleskop-for-utomhusbruk\/#primaryimage","url":"https:\/\/deravio.com\/se\/wp-content\/uploads\/sites\/20\/2026\/05\/ny7q49a-1.webp","contentUrl":"https:\/\/deravio.com\/se\/wp-content\/uploads\/sites\/20\/2026\/05\/ny7q49a-1.webp","width":713,"height":713},{"@type":"BreadcrumbList","@id":"https:\/\/deravio.com\/se\/produkt\/barbart-monokulart-teleskop-for-utomhusbruk\/#breadcrumb","itemListElement":[{"@type":"ListItem","position":1,"name":"Home","item":"https:\/\/deravio.com\/se\/"},{"@type":"ListItem","position":2,"name":"Butik","item":"https:\/\/deravio.com\/se\/butik\/"},{"@type":"ListItem","position":3,"name":"B\u00e4rbart monokul\u00e4rt teleskop f\u00f6r utomhusbruk"}]},{"@type":"WebSite","@id":"https:\/\/deravio.com\/se\/#website","url":"https:\/\/deravio.com\/se\/","name":"Deravio SE","description":"","publisher":{"@id":"https:\/\/deravio.com\/se\/#organization"},"potentialAction":[{"@type":"SearchAction","target":{"@type":"EntryPoint","urlTemplate":"https:\/\/deravio.com\/se\/?s={search_term_string}"},"query-input":{"@type":"PropertyValueSpecification","valueRequired":true,"valueName":"search_term_string"}}],"inLanguage":"sv-SE"},{"@type":"Organization","@id":"https:\/\/deravio.com\/se\/#organization","name":"Mekulo","url":"https:\/\/deravio.com\/se\/","logo":{"@type":"ImageObject","inLanguage":"sv-SE","@id":"https:\/\/deravio.com\/se\/#\/schema\/logo\/image\/","url":"https:\/\/deravio.com\/se\/wp-content\/uploads\/sites\/20\/2025\/12\/favicon_mekulo.png","contentUrl":"https:\/\/deravio.com\/se\/wp-content\/uploads\/sites\/20\/2025\/12\/favicon_mekulo.png","width":50,"height":50,"caption":"Mekulo"},"image":{"@id":"https:\/\/deravio.com\/se\/#\/schema\/logo\/image\/"}}]}},"_links":{"self":[{"href":"https:\/\/deravio.com\/se\/wp-json\/wp\/v2\/product\/25229","targetHints":{"allow":["GET"]}}],"collection":[{"href":"https:\/\/deravio.com\/se\/wp-json\/wp\/v2\/product"}],"about":[{"href":"https:\/\/deravio.com\/se\/wp-json\/wp\/v2\/types\/product"}],"replies":[{"embeddable":true,"href":"https:\/\/deravio.com\/se\/wp-json\/wp\/v2\/comments?post=25229"}],"wp:featuredmedia":[{"embeddable":true,"href":"https:\/\/deravio.com\/se\/wp-json\/wp\/v2\/media\/25225"}],"wp:attachment":[{"href":"https:\/\/deravio.com\/se\/wp-json\/wp\/v2\/media?parent=25229"}],"wp:term":[{"taxonomy":"product_brand","embeddable":true,"href":"https:\/\/deravio.com\/se\/wp-json\/wp\/v2\/product_brand?post=25229"},{"taxonomy":"product_cat","embeddable":true,"href":"https:\/\/deravio.com\/se\/wp-json\/wp\/v2\/product_cat?post=25229"},{"taxonomy":"product_tag","embeddable":true,"href":"https:\/\/deravio.com\/se\/wp-json\/wp\/v2\/product_tag?post=25229"}],"curies":[{"name":"wp","href":"https:\/\/api.w.org\/{rel}","templated":true}]}}