{"id":25095,"date":"2026-05-04T20:09:30","date_gmt":"2026-05-04T17:09:30","guid":{"rendered":"https:\/\/deravio.com\/se\/produkt\/kompressionsshorts-for-man\/"},"modified":"2026-05-05T21:10:37","modified_gmt":"2026-05-05T18:10:37","slug":"kompressionsshorts-for-man","status":"publish","type":"product","link":"https:\/\/deravio.com\/se\/produkt\/kompressionsshorts-for-man\/","title":{"rendered":"Kompressionsshorts f\u00f6r m\u00e4n"},"content":{"rendered":"<h2 style=\"text-align: center\" data-section-id=\"wtab3f\" data-start=\"472\" data-end=\"488\">\u2728 L\u00f6ftet<\/h2>\n<p style=\"text-align: center\" data-start=\"490\" data-end=\"545\">Mjukare form.<br data-start=\"505\" data-end=\"508\" \/>B\u00e4ttre st\u00f6d.<br data-start=\"523\" data-end=\"526\" \/>Sj\u00e4lvf\u00f6rtroende hela dagen.<\/p>\n<p data-start=\"490\" data-end=\"545\"><img fetchpriority=\"high\" decoding=\"async\" class=\" wp-image-27797 aligncenter\" src=\"https:\/\/mekulo.com\/template\/wp-content\/uploads\/sites\/6\/2026\/03\/12217-ezgif.com-video-to-webp-converter-5.webp\" alt=\"\" width=\"549\" height=\"549\" \/><\/p>\n<h2 style=\"text-align: center\" data-section-id=\"1diz99\" data-start=\"552\" data-end=\"571\">\ud83d\udcaa Huvudf\u00f6rdelar<\/h2>\n<p data-start=\"575\" data-end=\"677\">\ud83d\udd25 Kraftfull magkontroll &#8211; Hj\u00e4lper till att platta till magen och minska uppkomsten av k\u00e4rlekshandtag.<\/p>\n<p data-start=\"681\" data-end=\"779\">\ud83e\uddcd F\u00f6rb\u00e4ttrar h\u00e5llning och st\u00f6d &#8211; Ger ett mjukt ryggst\u00f6d som hj\u00e4lper dig att st\u00e5 rakare.<\/p>\n<p data-start=\"783\" data-end=\"887\">\ud83d\udc56 Osynlig under kl\u00e4der &#8211; Designad f\u00f6r att b\u00e4ras under kostymer, jeans, shorts eller vardagskl\u00e4der.<\/p>\n<p data-start=\"891\" data-end=\"982\">\ud83c\udf51 F\u00f6rb\u00e4ttrad kroppsformning &#8211; Skapar en j\u00e4mnare, mer definierad midja och silhuett.<\/p>\n<p data-start=\"986\" data-end=\"1083\">\u270b Bekv\u00e4m kompressionspassform &#8211; Stark formning med andningsbara material f\u00f6r daglig komfort.<\/p>\n<p data-start=\"1087\" data-end=\"1187\">\ud83d\udc4c 3D-p\u00e5se-st\u00f6ddesign &#8211; Ergonomiskt frontst\u00f6d utformat f\u00f6r naturlig passform och bekv\u00e4mlighet.<\/p>\n<h2 style=\"text-align: center\" data-section-id=\"d0iej6\" data-start=\"1194\" data-end=\"1217\">\u2757 Problem \u2192 L\u00f6sning<\/h2>\n<p data-start=\"1219\" data-end=\"1309\"><strong data-start=\"1219\" data-end=\"1231\">Problem:<\/strong><br data-start=\"1231\" data-end=\"1234\" \/>M\u00e5nga m\u00e4n k\u00e4mpar med o\u00f6nskad bukutbuktning eller oj\u00e4mn form under kl\u00e4der.<\/p>\n<p data-start=\"1311\" data-end=\"1484\"><strong data-start=\"1311\" data-end=\"1324\">L\u00f6sning:<\/strong><br data-start=\"1324\" data-end=\"1327\" \/>Dessa kompressionsformande shorts f\u00f6r m\u00e4n ger riktad kompression som sl\u00e4tar ut midjan, st\u00f6der ryggen och skapar ett mer str\u00f6mlinjeformat utseende direkt. Se skarpare ut. K\u00e4nn dig mer sj\u00e4lvs\u00e4ker.<\/p>\n<p data-start=\"1311\" data-end=\"1484\"><img decoding=\"async\" class=\" wp-image-27792 aligncenter\" src=\"https:\/\/mekulo.com\/template\/wp-content\/uploads\/sites\/6\/2026\/03\/DM_20250902204134_001.jpg\" alt=\"\" width=\"549\" height=\"549\" \/><\/p>\n<h2 style=\"text-align: center\" data-section-id=\"a7r488\" data-start=\"1529\" data-end=\"1555\">\ud83d\udc54 Perfekt f\u00f6r<\/h2>\n<ul data-start=\"1571\" data-end=\"1747\">\n<li data-section-id=\"11rhr9r\" data-start=\"1571\" data-end=\"1603\">\n<p data-start=\"1573\" data-end=\"1603\">B\u00e4ra under aff\u00e4rskostymer<\/p>\n<\/li>\n<li data-section-id=\"y0rvos\" data-start=\"1604\" data-end=\"1640\">\n<p data-start=\"1606\" data-end=\"1640\">Vardagskl\u00e4der och fritidskl\u00e4der<\/p>\n<\/li>\n<li data-section-id=\"1k1lue8\" data-start=\"1641\" data-end=\"1680\">\n<p data-start=\"1643\" data-end=\"1680\">Speciella evenemang och formella tillf\u00e4llen<\/p>\n<\/li>\n<li data-section-id=\"1a7axyo\" data-start=\"1681\" data-end=\"1716\">\n<p data-start=\"1683\" data-end=\"1716\">Gym\u00e5terh\u00e4mtning eller st\u00f6d f\u00f6r h\u00e5llning<\/p>\n<\/li>\n<li data-section-id=\"1w7603s\" data-start=\"1717\" data-end=\"1747\">\n<p data-start=\"1719\" data-end=\"1747\">St\u00e4rka vardagsf\u00f6rtroendet<\/p>\n<\/li>\n<\/ul>\n<p data-start=\"1749\" data-end=\"1785\">St\u00f6d som r\u00f6r sig med dig hela dagen.<\/p>\n<h2 style=\"text-align: center\" data-section-id=\"1k514u3\" data-start=\"1792\" data-end=\"1808\">\u2699\ufe0f Hur man anv\u00e4nder<\/h2>\n<ol data-start=\"1810\" data-end=\"2005\">\n<li data-section-id=\"8oscxg\" data-start=\"1810\" data-end=\"1858\">\n<p data-start=\"1813\" data-end=\"1858\">Kliv i shortsen som vanliga underkl\u00e4der.<\/p>\n<\/li>\n<li data-section-id=\"1oos66s\" data-start=\"1859\" data-end=\"1908\">\n<p data-start=\"1862\" data-end=\"1908\">Dra upp dem s\u00e5 att de sitter bekv\u00e4mt i midjan.<\/p>\n<\/li>\n<li data-section-id=\"k6bssi\" data-start=\"1909\" data-end=\"1963\">\n<p data-start=\"1912\" data-end=\"1963\">Justera f\u00f6r en \u00e5tsittande men bekv\u00e4m kompressionspassform.<\/p>\n<\/li>\n<li data-section-id=\"1gohmhl\" data-start=\"1964\" data-end=\"2005\">\n<p data-start=\"1967\" data-end=\"2005\">B\u00e4r under kl\u00e4der f\u00f6r smidig formning.<\/p>\n<\/li>\n<\/ol>\n<h2 style=\"text-align: center\" data-section-id=\"6cujb5\" data-start=\"2053\" data-end=\"2074\">\ud83d\udcd0 Produktdetaljer<\/h2>\n<ul data-start=\"2076\" data-end=\"2305\">\n<li data-section-id=\"3kv4vo\" data-start=\"2076\" data-end=\"2121\">\n<p data-start=\"2078\" data-end=\"2121\">Design: Kompressionsshorts med h\u00f6g midja<\/p>\n<\/li>\n<li data-section-id=\"1rjmyde\" data-start=\"2122\" data-end=\"2168\">\n<p data-start=\"2124\" data-end=\"2168\">St\u00f6d: Midja, rygg, h\u00f6fter och l\u00e5r<\/p>\n<\/li>\n<li data-section-id=\"fo2qh2\" data-start=\"2169\" data-end=\"2212\">\n<p data-start=\"2171\" data-end=\"2212\">Funktion: Ergonomiskt st\u00f6d i 3D-p\u00e5se<\/p>\n<\/li>\n<li data-section-id=\"1xnorl7\" data-start=\"2213\" data-end=\"2256\">\n<p data-start=\"2215\" data-end=\"2256\">Passform: Kompressionsformande teknik<\/p>\n<\/li>\n<li data-section-id=\"p6aahp\" data-start=\"2257\" data-end=\"2305\">\n<p data-start=\"2259\" data-end=\"2305\">Anv\u00e4ndning: Dagliga kl\u00e4der eller under formella kl\u00e4der<\/p>\n<\/li>\n<li data-section-id=\"p6aahp\" data-start=\"2257\" data-end=\"2305\">Storlek: M, L, XL, XXL, 3XL, 4XL<\/li>\n<\/ul>\n<h2 style=\"text-align: center\" data-section-id=\"1qc1r63\" data-start=\"2366\" data-end=\"2388\">\ud83d\udce6 F\u00f6rpackningen inneh\u00e5ller<\/h2>\n<ul data-start=\"2390\" data-end=\"2428\">\n<li data-section-id=\"awqs61\" data-start=\"2390\" data-end=\"2428\">\n<p data-start=\"2392\" data-end=\"2428\">1x kompressionsshorts f\u00f6r m\u00e4n.<\/p>\n<\/li>\n<\/ul>\n","protected":false},"excerpt":{"rendered":"<p>\ud83d\udd25Omedelbart f\u00f6rtroende med kraftfullt kroppsformande st\u00f6d. Skulptera din form samtidigt som du h\u00e5ller dig bekv\u00e4m hela dagen.<br \/>\n\ud83e\ude73Dessa kompressionsshorts f\u00f6r m\u00e4n \u00e4r utformade f\u00f6r att j\u00e4mna ut, st\u00f6dja och f\u00f6rb\u00e4ttra din naturliga form.<br \/>\n\ud83e\uddcdMed riktad kompression \u00f6ver midjan, h\u00f6fterna och l\u00e5ren skapar de en renare silhuett under kl\u00e4derna samtidigt som de ger komfort och h\u00e5llningsst\u00f6d hela dagen.<\/p>\n","protected":false},"featured_media":25091,"comment_status":"open","ping_status":"closed","template":"","meta":{"site-sidebar-layout":"default","site-content-layout":"","ast-site-content-layout":"default","site-content-style":"default","site-sidebar-style":"default","ast-global-header-display":"","ast-banner-title-visibility":"","ast-main-header-display":"","ast-hfb-above-header-display":"","ast-hfb-below-header-display":"","ast-hfb-mobile-header-display":"","site-post-title":"","ast-breadcrumbs-content":"","ast-featured-img":"","footer-sml-layout":"","ast-disable-related-posts":"","theme-transparent-header-meta":"default","adv-header-id-meta":"","stick-header-meta":"","header-above-stick-meta":"","header-main-stick-meta":"","header-below-stick-meta":"","astra-migrate-meta-layouts":"set","ast-page-background-enabled":"default","ast-page-background-meta":{"desktop":{"background-color":"var(--ast-global-color-5)","background-image":"","background-repeat":"repeat","background-position":"center center","background-size":"auto","background-attachment":"scroll","background-type":"","background-media":"","overlay-type":"","overlay-color":"","overlay-opacity":"","overlay-gradient":""},"tablet":{"background-color":"","background-image":"","background-repeat":"repeat","background-position":"center center","background-size":"auto","background-attachment":"scroll","background-type":"","background-media":"","overlay-type":"","overlay-color":"","overlay-opacity":"","overlay-gradient":""},"mobile":{"background-color":"","background-image":"","background-repeat":"repeat","background-position":"center center","background-size":"auto","background-attachment":"scroll","background-type":"","background-media":"","overlay-type":"","overlay-color":"","overlay-opacity":"","overlay-gradient":""}},"ast-content-background-meta":{"desktop":{"background-color":"var(--ast-global-color-4)","background-image":"","background-repeat":"repeat","background-position":"center center","background-size":"auto","background-attachment":"scroll","background-type":"","background-media":"","overlay-type":"","overlay-color":"","overlay-opacity":"","overlay-gradient":""},"tablet":{"background-color":"var(--ast-global-color-4)","background-image":"","background-repeat":"repeat","background-position":"center center","background-size":"auto","background-attachment":"scroll","background-type":"","background-media":"","overlay-type":"","overlay-color":"","overlay-opacity":"","overlay-gradient":""},"mobile":{"background-color":"var(--ast-global-color-4)","background-image":"","background-repeat":"repeat","background-position":"center center","background-size":"auto","background-attachment":"scroll","background-type":"","background-media":"","overlay-type":"","overlay-color":"","overlay-opacity":"","overlay-gradient":""}}},"product_brand":[],"product_cat":[163,165],"product_tag":[],"class_list":{"0":"post-25095","1":"product","2":"type-product","3":"status-publish","4":"has-post-thumbnail","6":"product_cat-klader-for-man","7":"product_cat-skor-accessoarer","8":"pa_66687_d9k2uxkl-3xl","9":"pa_66687_d9k2uxkl-4xl","10":"pa_66687_d9k2uxkl-l","11":"pa_66687_d9k2uxkl-m","12":"pa_66687_d9k2uxkl-xl","13":"pa_66687_d9k2uxkl-xxl","14":"pa_66687_g17d7o66-bla","15":"pa_66687_g17d7o66-gra","16":"pa_66687_g17d7o66-rod","17":"pa_66687_g17d7o66-svart","18":"pa_66687_g17d7o66-vit","19":"desktop-align-left","20":"tablet-align-left","21":"mobile-align-left","23":"first","24":"instock","25":"shipping-taxable","26":"purchasable","27":"product-type-variable","28":"has-default-attributes"},"yoast_head":"<!-- This site is optimized with the Yoast SEO plugin v27.4 - https:\/\/yoast.com\/product\/yoast-seo-wordpress\/ -->\n<title>Kompressionsshorts f\u00f6r m\u00e4n - Deravio SE<\/title>\n<meta name=\"robots\" content=\"index, follow, max-snippet:-1, max-image-preview:large, max-video-preview:-1\" \/>\n<link rel=\"canonical\" href=\"https:\/\/deravio.com\/se\/produkt\/kompressionsshorts-for-man\/\" \/>\n<meta property=\"og:locale\" content=\"sv_SE\" \/>\n<meta property=\"og:type\" content=\"article\" \/>\n<meta property=\"og:title\" content=\"Kompressionsshorts f\u00f6r m\u00e4n - Deravio SE\" \/>\n<meta property=\"og:description\" content=\"\ud83d\udd25Omedelbart f\u00f6rtroende med kraftfullt kroppsformande st\u00f6d. Skulptera din form samtidigt som du h\u00e5ller dig bekv\u00e4m hela dagen. \ud83e\ude73Dessa kompressionsshorts f\u00f6r m\u00e4n \u00e4r utformade f\u00f6r att j\u00e4mna ut, st\u00f6dja och f\u00f6rb\u00e4ttra din naturliga form. \ud83e\uddcdMed riktad kompression \u00f6ver midjan, h\u00f6fterna och l\u00e5ren skapar de en renare silhuett under kl\u00e4derna samtidigt som de ger komfort och h\u00e5llningsst\u00f6d hela dagen.\" \/>\n<meta property=\"og:url\" content=\"https:\/\/deravio.com\/se\/produkt\/kompressionsshorts-for-man\/\" \/>\n<meta property=\"og:site_name\" content=\"Deravio SE\" \/>\n<meta property=\"article:modified_time\" content=\"2026-05-05T18:10:37+00:00\" \/>\n<meta property=\"og:image\" content=\"https:\/\/deravio.com\/se\/wp-content\/uploads\/sites\/20\/2026\/05\/o5p0f26-1.webp\" \/>\n\t<meta property=\"og:image:width\" content=\"713\" \/>\n\t<meta property=\"og:image:height\" content=\"713\" \/>\n\t<meta property=\"og:image:type\" content=\"image\/webp\" \/>\n<meta name=\"twitter:card\" content=\"summary_large_image\" \/>\n<meta name=\"twitter:label1\" content=\"Ber\u00e4knad l\u00e4stid\" \/>\n\t<meta name=\"twitter:data1\" content=\"2 minuter\" \/>\n<script type=\"application\/ld+json\" class=\"yoast-schema-graph\">{\"@context\":\"https:\\\/\\\/schema.org\",\"@graph\":[{\"@type\":\"WebPage\",\"@id\":\"https:\\\/\\\/deravio.com\\\/se\\\/produkt\\\/kompressionsshorts-for-man\\\/\",\"url\":\"https:\\\/\\\/deravio.com\\\/se\\\/produkt\\\/kompressionsshorts-for-man\\\/\",\"name\":\"Kompressionsshorts f\u00f6r m\u00e4n - Deravio SE\",\"isPartOf\":{\"@id\":\"https:\\\/\\\/deravio.com\\\/se\\\/#website\"},\"primaryImageOfPage\":{\"@id\":\"https:\\\/\\\/deravio.com\\\/se\\\/produkt\\\/kompressionsshorts-for-man\\\/#primaryimage\"},\"image\":{\"@id\":\"https:\\\/\\\/deravio.com\\\/se\\\/produkt\\\/kompressionsshorts-for-man\\\/#primaryimage\"},\"thumbnailUrl\":\"https:\\\/\\\/deravio.com\\\/se\\\/wp-content\\\/uploads\\\/sites\\\/20\\\/2026\\\/05\\\/o5p0f26-1.webp\",\"datePublished\":\"2026-05-04T17:09:30+00:00\",\"dateModified\":\"2026-05-05T18:10:37+00:00\",\"breadcrumb\":{\"@id\":\"https:\\\/\\\/deravio.com\\\/se\\\/produkt\\\/kompressionsshorts-for-man\\\/#breadcrumb\"},\"inLanguage\":\"sv-SE\",\"potentialAction\":[{\"@type\":\"ReadAction\",\"target\":[\"https:\\\/\\\/deravio.com\\\/se\\\/produkt\\\/kompressionsshorts-for-man\\\/\"]}]},{\"@type\":\"ImageObject\",\"inLanguage\":\"sv-SE\",\"@id\":\"https:\\\/\\\/deravio.com\\\/se\\\/produkt\\\/kompressionsshorts-for-man\\\/#primaryimage\",\"url\":\"https:\\\/\\\/deravio.com\\\/se\\\/wp-content\\\/uploads\\\/sites\\\/20\\\/2026\\\/05\\\/o5p0f26-1.webp\",\"contentUrl\":\"https:\\\/\\\/deravio.com\\\/se\\\/wp-content\\\/uploads\\\/sites\\\/20\\\/2026\\\/05\\\/o5p0f26-1.webp\",\"width\":713,\"height\":713},{\"@type\":\"BreadcrumbList\",\"@id\":\"https:\\\/\\\/deravio.com\\\/se\\\/produkt\\\/kompressionsshorts-for-man\\\/#breadcrumb\",\"itemListElement\":[{\"@type\":\"ListItem\",\"position\":1,\"name\":\"Home\",\"item\":\"https:\\\/\\\/deravio.com\\\/se\\\/\"},{\"@type\":\"ListItem\",\"position\":2,\"name\":\"Butik\",\"item\":\"https:\\\/\\\/deravio.com\\\/se\\\/butik\\\/\"},{\"@type\":\"ListItem\",\"position\":3,\"name\":\"Kompressionsshorts f\u00f6r m\u00e4n\"}]},{\"@type\":\"WebSite\",\"@id\":\"https:\\\/\\\/deravio.com\\\/se\\\/#website\",\"url\":\"https:\\\/\\\/deravio.com\\\/se\\\/\",\"name\":\"Deravio SE\",\"description\":\"\",\"publisher\":{\"@id\":\"https:\\\/\\\/deravio.com\\\/se\\\/#organization\"},\"potentialAction\":[{\"@type\":\"SearchAction\",\"target\":{\"@type\":\"EntryPoint\",\"urlTemplate\":\"https:\\\/\\\/deravio.com\\\/se\\\/?s={search_term_string}\"},\"query-input\":{\"@type\":\"PropertyValueSpecification\",\"valueRequired\":true,\"valueName\":\"search_term_string\"}}],\"inLanguage\":\"sv-SE\"},{\"@type\":\"Organization\",\"@id\":\"https:\\\/\\\/deravio.com\\\/se\\\/#organization\",\"name\":\"Mekulo\",\"url\":\"https:\\\/\\\/deravio.com\\\/se\\\/\",\"logo\":{\"@type\":\"ImageObject\",\"inLanguage\":\"sv-SE\",\"@id\":\"https:\\\/\\\/deravio.com\\\/se\\\/#\\\/schema\\\/logo\\\/image\\\/\",\"url\":\"https:\\\/\\\/deravio.com\\\/se\\\/wp-content\\\/uploads\\\/sites\\\/20\\\/2025\\\/12\\\/favicon_mekulo.png\",\"contentUrl\":\"https:\\\/\\\/deravio.com\\\/se\\\/wp-content\\\/uploads\\\/sites\\\/20\\\/2025\\\/12\\\/favicon_mekulo.png\",\"width\":50,\"height\":50,\"caption\":\"Mekulo\"},\"image\":{\"@id\":\"https:\\\/\\\/deravio.com\\\/se\\\/#\\\/schema\\\/logo\\\/image\\\/\"}}]}<\/script>\n<!-- \/ Yoast SEO plugin. -->","yoast_head_json":{"title":"Kompressionsshorts f\u00f6r m\u00e4n - Deravio SE","robots":{"index":"index","follow":"follow","max-snippet":"max-snippet:-1","max-image-preview":"max-image-preview:large","max-video-preview":"max-video-preview:-1"},"canonical":"https:\/\/deravio.com\/se\/produkt\/kompressionsshorts-for-man\/","og_locale":"sv_SE","og_type":"article","og_title":"Kompressionsshorts f\u00f6r m\u00e4n - Deravio SE","og_description":"\ud83d\udd25Omedelbart f\u00f6rtroende med kraftfullt kroppsformande st\u00f6d. Skulptera din form samtidigt som du h\u00e5ller dig bekv\u00e4m hela dagen. \ud83e\ude73Dessa kompressionsshorts f\u00f6r m\u00e4n \u00e4r utformade f\u00f6r att j\u00e4mna ut, st\u00f6dja och f\u00f6rb\u00e4ttra din naturliga form. \ud83e\uddcdMed riktad kompression \u00f6ver midjan, h\u00f6fterna och l\u00e5ren skapar de en renare silhuett under kl\u00e4derna samtidigt som de ger komfort och h\u00e5llningsst\u00f6d hela dagen.","og_url":"https:\/\/deravio.com\/se\/produkt\/kompressionsshorts-for-man\/","og_site_name":"Deravio SE","article_modified_time":"2026-05-05T18:10:37+00:00","og_image":[{"width":713,"height":713,"url":"https:\/\/deravio.com\/se\/wp-content\/uploads\/sites\/20\/2026\/05\/o5p0f26-1.webp","type":"image\/webp"}],"twitter_card":"summary_large_image","twitter_misc":{"Ber\u00e4knad l\u00e4stid":"2 minuter"},"schema":{"@context":"https:\/\/schema.org","@graph":[{"@type":"WebPage","@id":"https:\/\/deravio.com\/se\/produkt\/kompressionsshorts-for-man\/","url":"https:\/\/deravio.com\/se\/produkt\/kompressionsshorts-for-man\/","name":"Kompressionsshorts f\u00f6r m\u00e4n - Deravio SE","isPartOf":{"@id":"https:\/\/deravio.com\/se\/#website"},"primaryImageOfPage":{"@id":"https:\/\/deravio.com\/se\/produkt\/kompressionsshorts-for-man\/#primaryimage"},"image":{"@id":"https:\/\/deravio.com\/se\/produkt\/kompressionsshorts-for-man\/#primaryimage"},"thumbnailUrl":"https:\/\/deravio.com\/se\/wp-content\/uploads\/sites\/20\/2026\/05\/o5p0f26-1.webp","datePublished":"2026-05-04T17:09:30+00:00","dateModified":"2026-05-05T18:10:37+00:00","breadcrumb":{"@id":"https:\/\/deravio.com\/se\/produkt\/kompressionsshorts-for-man\/#breadcrumb"},"inLanguage":"sv-SE","potentialAction":[{"@type":"ReadAction","target":["https:\/\/deravio.com\/se\/produkt\/kompressionsshorts-for-man\/"]}]},{"@type":"ImageObject","inLanguage":"sv-SE","@id":"https:\/\/deravio.com\/se\/produkt\/kompressionsshorts-for-man\/#primaryimage","url":"https:\/\/deravio.com\/se\/wp-content\/uploads\/sites\/20\/2026\/05\/o5p0f26-1.webp","contentUrl":"https:\/\/deravio.com\/se\/wp-content\/uploads\/sites\/20\/2026\/05\/o5p0f26-1.webp","width":713,"height":713},{"@type":"BreadcrumbList","@id":"https:\/\/deravio.com\/se\/produkt\/kompressionsshorts-for-man\/#breadcrumb","itemListElement":[{"@type":"ListItem","position":1,"name":"Home","item":"https:\/\/deravio.com\/se\/"},{"@type":"ListItem","position":2,"name":"Butik","item":"https:\/\/deravio.com\/se\/butik\/"},{"@type":"ListItem","position":3,"name":"Kompressionsshorts f\u00f6r m\u00e4n"}]},{"@type":"WebSite","@id":"https:\/\/deravio.com\/se\/#website","url":"https:\/\/deravio.com\/se\/","name":"Deravio SE","description":"","publisher":{"@id":"https:\/\/deravio.com\/se\/#organization"},"potentialAction":[{"@type":"SearchAction","target":{"@type":"EntryPoint","urlTemplate":"https:\/\/deravio.com\/se\/?s={search_term_string}"},"query-input":{"@type":"PropertyValueSpecification","valueRequired":true,"valueName":"search_term_string"}}],"inLanguage":"sv-SE"},{"@type":"Organization","@id":"https:\/\/deravio.com\/se\/#organization","name":"Mekulo","url":"https:\/\/deravio.com\/se\/","logo":{"@type":"ImageObject","inLanguage":"sv-SE","@id":"https:\/\/deravio.com\/se\/#\/schema\/logo\/image\/","url":"https:\/\/deravio.com\/se\/wp-content\/uploads\/sites\/20\/2025\/12\/favicon_mekulo.png","contentUrl":"https:\/\/deravio.com\/se\/wp-content\/uploads\/sites\/20\/2025\/12\/favicon_mekulo.png","width":50,"height":50,"caption":"Mekulo"},"image":{"@id":"https:\/\/deravio.com\/se\/#\/schema\/logo\/image\/"}}]}},"_links":{"self":[{"href":"https:\/\/deravio.com\/se\/wp-json\/wp\/v2\/product\/25095","targetHints":{"allow":["GET"]}}],"collection":[{"href":"https:\/\/deravio.com\/se\/wp-json\/wp\/v2\/product"}],"about":[{"href":"https:\/\/deravio.com\/se\/wp-json\/wp\/v2\/types\/product"}],"replies":[{"embeddable":true,"href":"https:\/\/deravio.com\/se\/wp-json\/wp\/v2\/comments?post=25095"}],"wp:featuredmedia":[{"embeddable":true,"href":"https:\/\/deravio.com\/se\/wp-json\/wp\/v2\/media\/25091"}],"wp:attachment":[{"href":"https:\/\/deravio.com\/se\/wp-json\/wp\/v2\/media?parent=25095"}],"wp:term":[{"taxonomy":"product_brand","embeddable":true,"href":"https:\/\/deravio.com\/se\/wp-json\/wp\/v2\/product_brand?post=25095"},{"taxonomy":"product_cat","embeddable":true,"href":"https:\/\/deravio.com\/se\/wp-json\/wp\/v2\/product_cat?post=25095"},{"taxonomy":"product_tag","embeddable":true,"href":"https:\/\/deravio.com\/se\/wp-json\/wp\/v2\/product_tag?post=25095"}],"curies":[{"name":"wp","href":"https:\/\/api.w.org\/{rel}","templated":true}]}}