{"id":25086,"date":"2026-05-04T20:07:20","date_gmt":"2026-05-04T17:07:20","guid":{"rendered":"https:\/\/deravio.com\/se\/produkt\/avlagsnande-av-fruktkarnor-2-st\/"},"modified":"2026-05-04T20:07:20","modified_gmt":"2026-05-04T17:07:20","slug":"avlagsnande-av-fruktkarnor-2-st","status":"publish","type":"product","link":"https:\/\/deravio.com\/se\/produkt\/avlagsnande-av-fruktkarnor-2-st\/","title":{"rendered":"Avl\u00e4gsnande av fruktk\u00e4rnor (2 st)"},"content":{"rendered":"<h2 style=\"text-align: center\" data-section-id=\"wtab3f\" data-start=\"438\" data-end=\"454\">\u2728 L\u00f6ftet<\/h2>\n<p style=\"text-align: center\" data-start=\"456\" data-end=\"513\">Rena snitt.<br data-start=\"467\" data-end=\"470\" \/>Enkel anv\u00e4ndning.<br data-start=\"485\" data-end=\"488\" \/>Snabbare tillagning av frukt.<\/p>\n<p data-start=\"456\" data-end=\"513\"><img fetchpriority=\"high\" decoding=\"async\" class=\" wp-image-27785 aligncenter\" src=\"https:\/\/mekulo.com\/template\/wp-content\/uploads\/sites\/6\/2026\/03\/12215-ezgif.com-video-to-webp-converter-6.webp\" alt=\"\" width=\"550\" height=\"550\" \/><\/p>\n<h2 style=\"text-align: center\" data-section-id=\"17g2zqw\" data-start=\"520\" data-end=\"539\">\ud83c\udf4e Huvudf\u00f6rdelar<\/h2>\n<p data-start=\"543\" data-end=\"648\">\ud83d\udd2a Ultravassa precisionsblad &#8211; Sk\u00e4r snabbt genom fruktk\u00e4rnor f\u00f6r ren och effektiv borttagning.<\/p>\n<p data-start=\"543\" data-end=\"648\">\ud83d\udee1 H\u00e5llbar konstruktion i rostfritt st\u00e5l &#8211; Rostfri och byggd f\u00f6r l\u00e5ngvarig anv\u00e4ndning i k\u00f6ket.<\/p>\n<p data-start=\"755\" data-end=\"850\">\ud83c\udf50 M\u00e5ngsidigt k\u00f6ksverktyg &#8211; fungerar perfekt med \u00e4pplen, p\u00e4ron och andra liknande frukter.<\/p>\n<p data-start=\"854\" data-end=\"955\">\u270b Bekv\u00e4mt ergonomiskt grepp &#8211; halkfritt handtag ger b\u00e4ttre kontroll och minskar belastningen p\u00e5 h\u00e4nderna.<\/p>\n<p data-start=\"959\" data-end=\"1065\">\ud83e\uddf3 Kompakt och l\u00e4tt att f\u00f6rvara &#8211; l\u00e4ttviktsdesign som enkelt passar i k\u00f6ksl\u00e5dor eller redskapsh\u00e5llare.<\/p>\n<p data-start=\"1069\" data-end=\"1153\">\ud83e\uddfc L\u00e4tt att reng\u00f6ra &#8211; sl\u00e4tt rostfritt st\u00e5l g\u00f6r sk\u00f6ljningen snabb och problemfri.<\/p>\n<h2 style=\"text-align: center\" data-section-id=\"d0iej6\" data-start=\"1160\" data-end=\"1183\">\u2757 Problem \u2192 L\u00f6sning<\/h2>\n<p data-start=\"1185\" data-end=\"1270\"><strong data-start=\"1185\" data-end=\"1197\">Problem:<\/strong><br data-start=\"1197\" data-end=\"1200\" \/>Att ta bort fruktk\u00e4rnor med knivar kan vara r\u00f6rigt, l\u00e5ngsamt och inkonsekvent.<\/p>\n<p data-start=\"1272\" data-end=\"1417\"><strong data-start=\"1272\" data-end=\"1285\">L\u00f6sning:<\/strong><br data-start=\"1285\" data-end=\"1288\" \/>Denna fruktk\u00e4rnborttagare tar bort k\u00e4rnan i en snabb r\u00f6relse och l\u00e4mnar perfekt formad frukt redo att \u00e4ta, baka eller laga mat.<\/p>\n<p data-start=\"1272\" data-end=\"1417\"><img decoding=\"async\" class=\" wp-image-27784 aligncenter\" src=\"https:\/\/mekulo.com\/template\/wp-content\/uploads\/sites\/6\/2026\/03\/12216-ezgif.com-video-to-webp-converter-6.webp\" alt=\"\" width=\"550\" height=\"550\" \/><\/p>\n<h2 style=\"text-align: center\" data-section-id=\"y2snhc\" data-start=\"1456\" data-end=\"1482\">\ud83c\udf7d Perfekt f\u00f6r<\/h2>\n<ul data-start=\"1498\" data-end=\"1645\">\n<li data-section-id=\"rx4e96\" data-start=\"1498\" data-end=\"1531\">\n<p data-start=\"1500\" data-end=\"1531\">Goda snacks och fruktf\u00f6rberedelser<\/p>\n<\/li>\n<li data-section-id=\"1wxjys5\" data-start=\"1532\" data-end=\"1560\">\n<p data-start=\"1534\" data-end=\"1560\">Baka pajer och desserter<\/p>\n<\/li>\n<li data-section-id=\"11lm7iw\" data-start=\"1561\" data-end=\"1587\">\n<p data-start=\"1563\" data-end=\"1587\">F\u00f6rbereda fruktsallader<\/p>\n<\/li>\n<li data-section-id=\"hdycjh\" data-start=\"1588\" data-end=\"1623\">\n<p data-start=\"1590\" data-end=\"1623\">Skolluncher och familjem\u00e5ltider<\/p>\n<\/li>\n<li data-section-id=\"1439k79\" data-start=\"1624\" data-end=\"1645\">\n<p data-start=\"1626\" data-end=\"1645\">Snabba k\u00f6ksuppgifter<\/p>\n<\/li>\n<\/ul>\n<p data-start=\"1647\" data-end=\"1697\">Ett litet verktyg som underl\u00e4ttar vardagens matf\u00f6rberedelser.<\/p>\n<h2 style=\"text-align: center\" data-section-id=\"1k514u3\" data-start=\"1704\" data-end=\"1720\">\u2699\ufe0f Hur man anv\u00e4nder<\/h2>\n<ol data-start=\"1722\" data-end=\"1898\">\n<li data-section-id=\"qeypbk\" data-start=\"1722\" data-end=\"1770\">\n<p data-start=\"1725\" data-end=\"1770\">Placera verktyget \u00f6ver mitten av frukten.<\/p>\n<\/li>\n<li data-section-id=\"ptd4pf\" data-start=\"1771\" data-end=\"1822\">\n<p data-start=\"1774\" data-end=\"1822\">Tryck bladet rakt genom fruktk\u00e4rnan.<\/p>\n<\/li>\n<li data-section-id=\"1bj70zz\" data-start=\"1823\" data-end=\"1864\">\n<p data-start=\"1826\" data-end=\"1864\">Vrid l\u00e4tt och dra ut k\u00e4rnan.<\/p>\n<\/li>\n<li data-section-id=\"s5aev\" data-start=\"1865\" data-end=\"1898\">\n<p data-start=\"1868\" data-end=\"1898\">Njut av perfekt f\u00f6rberedd frukt.<\/p>\n<\/li>\n<\/ol>\n<h2 style=\"text-align: center\" data-section-id=\"6cujb5\" data-start=\"1933\" data-end=\"1954\">\ud83d\udcd0 Produktdetaljer<\/h2>\n<ul data-start=\"1956\" data-end=\"2169\">\n<li data-section-id=\"brxhj5\" data-start=\"1956\" data-end=\"1997\">\n<p data-start=\"1958\" data-end=\"1997\">Material: Premium rostfritt st\u00e5l<\/p>\n<\/li>\n<li data-section-id=\"1f4rmqx\" data-start=\"1998\" data-end=\"2037\">\n<p data-start=\"2000\" data-end=\"2037\">Handtag: Ergonomiskt halkfritt grepp<\/p>\n<\/li>\n<li data-section-id=\"1tlmqqo\" data-start=\"2083\" data-end=\"2122\">\n<p data-start=\"2085\" data-end=\"2122\">Vikt: L\u00e4tt och kompakt<\/p>\n<\/li>\n<li data-section-id=\"4wa349\" data-start=\"2123\" data-end=\"2169\">\n<p data-start=\"2125\" data-end=\"2169\">F\u00f6rvaring: Upph\u00e4ngningsh\u00e5l f\u00f6r enkel f\u00f6rvaring<\/p>\n<\/li>\n<li data-section-id=\"4wa349\" data-start=\"2123\" data-end=\"2169\">\n<p data-start=\"2125\" data-end=\"2169\">Storlek: 16 x 3,5 cm<\/p>\n<\/li>\n<li data-section-id=\"4wa349\" data-start=\"2123\" data-end=\"2169\">Tjocklek: 1 mm<\/li>\n<\/ul>\n<h2 style=\"text-align: center\" data-section-id=\"1qc1r63\" data-start=\"2232\" data-end=\"2254\">\ud83d\udce6 Paketet inneh\u00e5ller<\/h2>\n<ul data-start=\"2256\" data-end=\"2280\">\n<li data-section-id=\"h8qe71\" data-start=\"2256\" data-end=\"2280\">\n<p data-start=\"2258\" data-end=\"2280\">2x fruktk\u00e4rnborttagare.<\/p>\n<\/li>\n<\/ul>\n","protected":false},"excerpt":{"rendered":"<p>\ud83d\udd2aPerfekt fruktberedning p\u00e5 n\u00e5gra sekunder. Ren, snabb och enkel k\u00e4rnborttagning.<br \/>\n\ud83c\udf4eDen h\u00e4r fruktk\u00e4rnborttagaren \u00e4r utformad f\u00f6r att g\u00f6ra det snabbt och enkelt att f\u00f6rbereda frukt.<br \/>\n\ud83c\udf50Med vassa blad i rostfritt st\u00e5l och ett bekv\u00e4mt ergonomiskt handtag tar den bort k\u00e4rnor fr\u00e5n \u00e4pplen, p\u00e4ron och liknande frukter i en smidig r\u00f6relse &#8211; vilket sparar tid samtidigt som frukten h\u00e5lls perfekt intakt.<\/p>\n","protected":false},"featured_media":25082,"comment_status":"open","ping_status":"closed","template":"","meta":{"site-sidebar-layout":"default","site-content-layout":"","ast-site-content-layout":"default","site-content-style":"default","site-sidebar-style":"default","ast-global-header-display":"","ast-banner-title-visibility":"","ast-main-header-display":"","ast-hfb-above-header-display":"","ast-hfb-below-header-display":"","ast-hfb-mobile-header-display":"","site-post-title":"","ast-breadcrumbs-content":"","ast-featured-img":"","footer-sml-layout":"","ast-disable-related-posts":"","theme-transparent-header-meta":"default","adv-header-id-meta":"","stick-header-meta":"","header-above-stick-meta":"","header-main-stick-meta":"","header-below-stick-meta":"","astra-migrate-meta-layouts":"set","ast-page-background-enabled":"default","ast-page-background-meta":{"desktop":{"background-color":"var(--ast-global-color-5)","background-image":"","background-repeat":"repeat","background-position":"center center","background-size":"auto","background-attachment":"scroll","background-type":"","background-media":"","overlay-type":"","overlay-color":"","overlay-opacity":"","overlay-gradient":""},"tablet":{"background-color":"","background-image":"","background-repeat":"repeat","background-position":"center center","background-size":"auto","background-attachment":"scroll","background-type":"","background-media":"","overlay-type":"","overlay-color":"","overlay-opacity":"","overlay-gradient":""},"mobile":{"background-color":"","background-image":"","background-repeat":"repeat","background-position":"center center","background-size":"auto","background-attachment":"scroll","background-type":"","background-media":"","overlay-type":"","overlay-color":"","overlay-opacity":"","overlay-gradient":""}},"ast-content-background-meta":{"desktop":{"background-color":"var(--ast-global-color-4)","background-image":"","background-repeat":"repeat","background-position":"center center","background-size":"auto","background-attachment":"scroll","background-type":"","background-media":"","overlay-type":"","overlay-color":"","overlay-opacity":"","overlay-gradient":""},"tablet":{"background-color":"var(--ast-global-color-4)","background-image":"","background-repeat":"repeat","background-position":"center center","background-size":"auto","background-attachment":"scroll","background-type":"","background-media":"","overlay-type":"","overlay-color":"","overlay-opacity":"","overlay-gradient":""},"mobile":{"background-color":"var(--ast-global-color-4)","background-image":"","background-repeat":"repeat","background-position":"center center","background-size":"auto","background-attachment":"scroll","background-type":"","background-media":"","overlay-type":"","overlay-color":"","overlay-opacity":"","overlay-gradient":""}}},"product_brand":[],"product_cat":[168],"product_tag":[],"class_list":{"0":"post-25086","1":"product","2":"type-product","3":"status-publish","4":"has-post-thumbnail","6":"product_cat-hushallsprodukter","7":"desktop-align-left","8":"tablet-align-left","9":"mobile-align-left","11":"first","12":"instock","13":"shipping-taxable","14":"purchasable","15":"product-type-simple"},"yoast_head":"<!-- This site is optimized with the Yoast SEO plugin v27.4 - https:\/\/yoast.com\/product\/yoast-seo-wordpress\/ -->\n<title>Avl\u00e4gsnande av fruktk\u00e4rnor (2 st) - Deravio SE<\/title>\n<meta name=\"robots\" content=\"index, follow, max-snippet:-1, max-image-preview:large, max-video-preview:-1\" \/>\n<link rel=\"canonical\" href=\"https:\/\/deravio.com\/se\/produkt\/avlagsnande-av-fruktkarnor-2-st\/\" \/>\n<meta property=\"og:locale\" content=\"sv_SE\" \/>\n<meta property=\"og:type\" content=\"article\" \/>\n<meta property=\"og:title\" content=\"Avl\u00e4gsnande av fruktk\u00e4rnor (2 st) - Deravio SE\" \/>\n<meta property=\"og:description\" content=\"\ud83d\udd2aPerfekt fruktberedning p\u00e5 n\u00e5gra sekunder. Ren, snabb och enkel k\u00e4rnborttagning. \ud83c\udf4eDen h\u00e4r fruktk\u00e4rnborttagaren \u00e4r utformad f\u00f6r att g\u00f6ra det snabbt och enkelt att f\u00f6rbereda frukt. \ud83c\udf50Med vassa blad i rostfritt st\u00e5l och ett bekv\u00e4mt ergonomiskt handtag tar den bort k\u00e4rnor fr\u00e5n \u00e4pplen, p\u00e4ron och liknande frukter i en smidig r\u00f6relse - vilket sparar tid samtidigt som frukten h\u00e5lls perfekt intakt.\" \/>\n<meta property=\"og:url\" content=\"https:\/\/deravio.com\/se\/produkt\/avlagsnande-av-fruktkarnor-2-st\/\" \/>\n<meta property=\"og:site_name\" content=\"Deravio SE\" \/>\n<meta property=\"og:image\" content=\"https:\/\/deravio.com\/se\/wp-content\/uploads\/sites\/20\/2026\/05\/tdyd4ut-1.webp\" \/>\n\t<meta property=\"og:image:width\" content=\"713\" \/>\n\t<meta property=\"og:image:height\" content=\"713\" \/>\n\t<meta property=\"og:image:type\" content=\"image\/webp\" \/>\n<meta name=\"twitter:card\" content=\"summary_large_image\" \/>\n<meta name=\"twitter:label1\" content=\"Ber\u00e4knad l\u00e4stid\" \/>\n\t<meta name=\"twitter:data1\" content=\"2 minuter\" \/>\n<script type=\"application\/ld+json\" class=\"yoast-schema-graph\">{\"@context\":\"https:\\\/\\\/schema.org\",\"@graph\":[{\"@type\":\"WebPage\",\"@id\":\"https:\\\/\\\/deravio.com\\\/se\\\/produkt\\\/avlagsnande-av-fruktkarnor-2-st\\\/\",\"url\":\"https:\\\/\\\/deravio.com\\\/se\\\/produkt\\\/avlagsnande-av-fruktkarnor-2-st\\\/\",\"name\":\"Avl\u00e4gsnande av fruktk\u00e4rnor (2 st) - Deravio SE\",\"isPartOf\":{\"@id\":\"https:\\\/\\\/deravio.com\\\/se\\\/#website\"},\"primaryImageOfPage\":{\"@id\":\"https:\\\/\\\/deravio.com\\\/se\\\/produkt\\\/avlagsnande-av-fruktkarnor-2-st\\\/#primaryimage\"},\"image\":{\"@id\":\"https:\\\/\\\/deravio.com\\\/se\\\/produkt\\\/avlagsnande-av-fruktkarnor-2-st\\\/#primaryimage\"},\"thumbnailUrl\":\"https:\\\/\\\/deravio.com\\\/se\\\/wp-content\\\/uploads\\\/sites\\\/20\\\/2026\\\/05\\\/tdyd4ut-1.webp\",\"datePublished\":\"2026-05-04T17:07:20+00:00\",\"breadcrumb\":{\"@id\":\"https:\\\/\\\/deravio.com\\\/se\\\/produkt\\\/avlagsnande-av-fruktkarnor-2-st\\\/#breadcrumb\"},\"inLanguage\":\"sv-SE\",\"potentialAction\":[{\"@type\":\"ReadAction\",\"target\":[\"https:\\\/\\\/deravio.com\\\/se\\\/produkt\\\/avlagsnande-av-fruktkarnor-2-st\\\/\"]}]},{\"@type\":\"ImageObject\",\"inLanguage\":\"sv-SE\",\"@id\":\"https:\\\/\\\/deravio.com\\\/se\\\/produkt\\\/avlagsnande-av-fruktkarnor-2-st\\\/#primaryimage\",\"url\":\"https:\\\/\\\/deravio.com\\\/se\\\/wp-content\\\/uploads\\\/sites\\\/20\\\/2026\\\/05\\\/tdyd4ut-1.webp\",\"contentUrl\":\"https:\\\/\\\/deravio.com\\\/se\\\/wp-content\\\/uploads\\\/sites\\\/20\\\/2026\\\/05\\\/tdyd4ut-1.webp\",\"width\":713,\"height\":713},{\"@type\":\"BreadcrumbList\",\"@id\":\"https:\\\/\\\/deravio.com\\\/se\\\/produkt\\\/avlagsnande-av-fruktkarnor-2-st\\\/#breadcrumb\",\"itemListElement\":[{\"@type\":\"ListItem\",\"position\":1,\"name\":\"Home\",\"item\":\"https:\\\/\\\/deravio.com\\\/se\\\/\"},{\"@type\":\"ListItem\",\"position\":2,\"name\":\"Butik\",\"item\":\"https:\\\/\\\/deravio.com\\\/se\\\/butik\\\/\"},{\"@type\":\"ListItem\",\"position\":3,\"name\":\"Avl\u00e4gsnande av fruktk\u00e4rnor (2 st)\"}]},{\"@type\":\"WebSite\",\"@id\":\"https:\\\/\\\/deravio.com\\\/se\\\/#website\",\"url\":\"https:\\\/\\\/deravio.com\\\/se\\\/\",\"name\":\"Deravio SE\",\"description\":\"\",\"publisher\":{\"@id\":\"https:\\\/\\\/deravio.com\\\/se\\\/#organization\"},\"potentialAction\":[{\"@type\":\"SearchAction\",\"target\":{\"@type\":\"EntryPoint\",\"urlTemplate\":\"https:\\\/\\\/deravio.com\\\/se\\\/?s={search_term_string}\"},\"query-input\":{\"@type\":\"PropertyValueSpecification\",\"valueRequired\":true,\"valueName\":\"search_term_string\"}}],\"inLanguage\":\"sv-SE\"},{\"@type\":\"Organization\",\"@id\":\"https:\\\/\\\/deravio.com\\\/se\\\/#organization\",\"name\":\"Mekulo\",\"url\":\"https:\\\/\\\/deravio.com\\\/se\\\/\",\"logo\":{\"@type\":\"ImageObject\",\"inLanguage\":\"sv-SE\",\"@id\":\"https:\\\/\\\/deravio.com\\\/se\\\/#\\\/schema\\\/logo\\\/image\\\/\",\"url\":\"https:\\\/\\\/deravio.com\\\/se\\\/wp-content\\\/uploads\\\/sites\\\/20\\\/2025\\\/12\\\/favicon_mekulo.png\",\"contentUrl\":\"https:\\\/\\\/deravio.com\\\/se\\\/wp-content\\\/uploads\\\/sites\\\/20\\\/2025\\\/12\\\/favicon_mekulo.png\",\"width\":50,\"height\":50,\"caption\":\"Mekulo\"},\"image\":{\"@id\":\"https:\\\/\\\/deravio.com\\\/se\\\/#\\\/schema\\\/logo\\\/image\\\/\"}}]}<\/script>\n<!-- \/ Yoast SEO plugin. -->","yoast_head_json":{"title":"Avl\u00e4gsnande av fruktk\u00e4rnor (2 st) - Deravio SE","robots":{"index":"index","follow":"follow","max-snippet":"max-snippet:-1","max-image-preview":"max-image-preview:large","max-video-preview":"max-video-preview:-1"},"canonical":"https:\/\/deravio.com\/se\/produkt\/avlagsnande-av-fruktkarnor-2-st\/","og_locale":"sv_SE","og_type":"article","og_title":"Avl\u00e4gsnande av fruktk\u00e4rnor (2 st) - Deravio SE","og_description":"\ud83d\udd2aPerfekt fruktberedning p\u00e5 n\u00e5gra sekunder. Ren, snabb och enkel k\u00e4rnborttagning. \ud83c\udf4eDen h\u00e4r fruktk\u00e4rnborttagaren \u00e4r utformad f\u00f6r att g\u00f6ra det snabbt och enkelt att f\u00f6rbereda frukt. \ud83c\udf50Med vassa blad i rostfritt st\u00e5l och ett bekv\u00e4mt ergonomiskt handtag tar den bort k\u00e4rnor fr\u00e5n \u00e4pplen, p\u00e4ron och liknande frukter i en smidig r\u00f6relse - vilket sparar tid samtidigt som frukten h\u00e5lls perfekt intakt.","og_url":"https:\/\/deravio.com\/se\/produkt\/avlagsnande-av-fruktkarnor-2-st\/","og_site_name":"Deravio SE","og_image":[{"width":713,"height":713,"url":"https:\/\/deravio.com\/se\/wp-content\/uploads\/sites\/20\/2026\/05\/tdyd4ut-1.webp","type":"image\/webp"}],"twitter_card":"summary_large_image","twitter_misc":{"Ber\u00e4knad l\u00e4stid":"2 minuter"},"schema":{"@context":"https:\/\/schema.org","@graph":[{"@type":"WebPage","@id":"https:\/\/deravio.com\/se\/produkt\/avlagsnande-av-fruktkarnor-2-st\/","url":"https:\/\/deravio.com\/se\/produkt\/avlagsnande-av-fruktkarnor-2-st\/","name":"Avl\u00e4gsnande av fruktk\u00e4rnor (2 st) - Deravio SE","isPartOf":{"@id":"https:\/\/deravio.com\/se\/#website"},"primaryImageOfPage":{"@id":"https:\/\/deravio.com\/se\/produkt\/avlagsnande-av-fruktkarnor-2-st\/#primaryimage"},"image":{"@id":"https:\/\/deravio.com\/se\/produkt\/avlagsnande-av-fruktkarnor-2-st\/#primaryimage"},"thumbnailUrl":"https:\/\/deravio.com\/se\/wp-content\/uploads\/sites\/20\/2026\/05\/tdyd4ut-1.webp","datePublished":"2026-05-04T17:07:20+00:00","breadcrumb":{"@id":"https:\/\/deravio.com\/se\/produkt\/avlagsnande-av-fruktkarnor-2-st\/#breadcrumb"},"inLanguage":"sv-SE","potentialAction":[{"@type":"ReadAction","target":["https:\/\/deravio.com\/se\/produkt\/avlagsnande-av-fruktkarnor-2-st\/"]}]},{"@type":"ImageObject","inLanguage":"sv-SE","@id":"https:\/\/deravio.com\/se\/produkt\/avlagsnande-av-fruktkarnor-2-st\/#primaryimage","url":"https:\/\/deravio.com\/se\/wp-content\/uploads\/sites\/20\/2026\/05\/tdyd4ut-1.webp","contentUrl":"https:\/\/deravio.com\/se\/wp-content\/uploads\/sites\/20\/2026\/05\/tdyd4ut-1.webp","width":713,"height":713},{"@type":"BreadcrumbList","@id":"https:\/\/deravio.com\/se\/produkt\/avlagsnande-av-fruktkarnor-2-st\/#breadcrumb","itemListElement":[{"@type":"ListItem","position":1,"name":"Home","item":"https:\/\/deravio.com\/se\/"},{"@type":"ListItem","position":2,"name":"Butik","item":"https:\/\/deravio.com\/se\/butik\/"},{"@type":"ListItem","position":3,"name":"Avl\u00e4gsnande av fruktk\u00e4rnor (2 st)"}]},{"@type":"WebSite","@id":"https:\/\/deravio.com\/se\/#website","url":"https:\/\/deravio.com\/se\/","name":"Deravio SE","description":"","publisher":{"@id":"https:\/\/deravio.com\/se\/#organization"},"potentialAction":[{"@type":"SearchAction","target":{"@type":"EntryPoint","urlTemplate":"https:\/\/deravio.com\/se\/?s={search_term_string}"},"query-input":{"@type":"PropertyValueSpecification","valueRequired":true,"valueName":"search_term_string"}}],"inLanguage":"sv-SE"},{"@type":"Organization","@id":"https:\/\/deravio.com\/se\/#organization","name":"Mekulo","url":"https:\/\/deravio.com\/se\/","logo":{"@type":"ImageObject","inLanguage":"sv-SE","@id":"https:\/\/deravio.com\/se\/#\/schema\/logo\/image\/","url":"https:\/\/deravio.com\/se\/wp-content\/uploads\/sites\/20\/2025\/12\/favicon_mekulo.png","contentUrl":"https:\/\/deravio.com\/se\/wp-content\/uploads\/sites\/20\/2025\/12\/favicon_mekulo.png","width":50,"height":50,"caption":"Mekulo"},"image":{"@id":"https:\/\/deravio.com\/se\/#\/schema\/logo\/image\/"}}]}},"_links":{"self":[{"href":"https:\/\/deravio.com\/se\/wp-json\/wp\/v2\/product\/25086","targetHints":{"allow":["GET"]}}],"collection":[{"href":"https:\/\/deravio.com\/se\/wp-json\/wp\/v2\/product"}],"about":[{"href":"https:\/\/deravio.com\/se\/wp-json\/wp\/v2\/types\/product"}],"replies":[{"embeddable":true,"href":"https:\/\/deravio.com\/se\/wp-json\/wp\/v2\/comments?post=25086"}],"wp:featuredmedia":[{"embeddable":true,"href":"https:\/\/deravio.com\/se\/wp-json\/wp\/v2\/media\/25082"}],"wp:attachment":[{"href":"https:\/\/deravio.com\/se\/wp-json\/wp\/v2\/media?parent=25086"}],"wp:term":[{"taxonomy":"product_brand","embeddable":true,"href":"https:\/\/deravio.com\/se\/wp-json\/wp\/v2\/product_brand?post=25086"},{"taxonomy":"product_cat","embeddable":true,"href":"https:\/\/deravio.com\/se\/wp-json\/wp\/v2\/product_cat?post=25086"},{"taxonomy":"product_tag","embeddable":true,"href":"https:\/\/deravio.com\/se\/wp-json\/wp\/v2\/product_tag?post=25086"}],"curies":[{"name":"wp","href":"https:\/\/api.w.org\/{rel}","templated":true}]}}