{"id":25006,"date":"2026-05-04T20:01:12","date_gmt":"2026-05-04T17:01:12","guid":{"rendered":"https:\/\/deravio.com\/se\/produkt\/halsband-med-mamma-och-barn\/"},"modified":"2026-05-04T23:08:50","modified_gmt":"2026-05-04T20:08:50","slug":"halsband-med-mamma-och-barn","status":"publish","type":"product","link":"https:\/\/deravio.com\/se\/produkt\/halsband-med-mamma-och-barn\/","title":{"rendered":"Halsband med mamma och barn"},"content":{"rendered":"<p style=\"text-align: center;\" data-start=\"433\" data-end=\"504\">En symbol f\u00f6r k\u00e4rlek. En meningsfull g\u00e5va. Ett minne hon kan b\u00e4ra f\u00f6r alltid.<\/p>\n<p data-start=\"433\" data-end=\"504\"><img fetchpriority=\"high\" decoding=\"async\" class=\" wp-image-27695 aligncenter\" src=\"https:\/\/mekulo.com\/template\/wp-content\/uploads\/sites\/6\/2026\/03\/12213-ezgif.com-video-to-webp-converter-5.webp\" alt=\"\" width=\"550\" height=\"550\" \/><\/p>\n<h2 style=\"text-align: center;\" data-section-id=\"jpn2w1\" data-start=\"511\" data-end=\"530\">\u2764\ufe0f Huvudf\u00f6rdelar<\/h2>\n<p data-start=\"534\" data-end=\"650\">\ud83d\udc9e Symbol f\u00f6r mor-barn-bandet &#8211; En hj\u00e4rtlig design som representerar ovillkorlig k\u00e4rlek och familjeband.<\/p>\n<p data-start=\"654\" data-end=\"787\">\ud83c\udf81 Perfekt g\u00e5va f\u00f6r meningsfulla tillf\u00e4llen &#8211; Perfekt f\u00f6r mors dag, f\u00f6delsedagar, \u00e5rsdagar eller en \u00f6verraskande &#8221;bara f\u00f6r att&#8221;-g\u00e5va.<\/p>\n<p data-start=\"791\" data-end=\"900\">\ud83d\udc8e Elegant vardagssmycke &#8211; En tidl\u00f6s silverdesign som kompletterar b\u00e5de avslappnade och formella kl\u00e4der.<\/p>\n<p data-start=\"904\" data-end=\"1024\">\ud83d\udee1 H\u00e5llbara material av h\u00f6g kvalitet &#8211; Tillverkad av premiummaterial som \u00e4r utformade f\u00f6r att motst\u00e5 blekning, korrosion och slitage.<\/p>\n<p data-start=\"1028\" data-end=\"1132\">\ud83d\udca7 Vattent\u00e5ligt och l\u00e4tt att underh\u00e5lla &#8211; Kan tv\u00e4ttas f\u00f6rsiktigt utan att f\u00f6rlora sin glans eller sk\u00f6nhet.<\/p>\n<p data-start=\"1136\" data-end=\"1241\">\ud83c\udf1f Sentimental minnessak &#8211; Ett smycke hon kan b\u00e4ra dagligen som en p\u00e5minnelse om de m\u00e4nniskor som betyder mest.<\/p>\n<h2 style=\"text-align: center;\" data-section-id=\"d0iej6\" data-start=\"1248\" data-end=\"1271\">\u2757 Problem \u2192 L\u00f6sning<\/h2>\n<p data-start=\"1273\" data-end=\"1369\"><strong data-start=\"1273\" data-end=\"1285\">Problem:<\/strong><br data-start=\"1285\" data-end=\"1288\" \/>M\u00e5nga g\u00e5vor bleknar med tiden eller uttrycker inte riktigt hur mycket n\u00e5gon betyder f\u00f6r dig.<\/p>\n<p data-start=\"1371\" data-end=\"1532\"><strong data-start=\"1371\" data-end=\"1384\">L\u00f6sning:<\/strong><br data-start=\"1384\" data-end=\"1387\" \/>Det h\u00e4r halsbandet f\u00f6r mamma och barn f\u00e5ngar k\u00e4rleken i en best\u00e5ende symbol &#8211; ett smycke som representerar familj, anknytning och of\u00f6rgl\u00f6mliga \u00f6gonblick. En g\u00e5va som talar fr\u00e5n hj\u00e4rtat.<\/p>\n<p data-start=\"1371\" data-end=\"1532\"><img decoding=\"async\" class=\"size-full wp-image-27691 aligncenter\" src=\"https:\/\/mekulo.com\/template\/wp-content\/uploads\/sites\/6\/2026\/03\/See602123399d4cda8f3c216d1faa5b412.jpg_960x960q75.jpg_.avif\" alt=\"\" width=\"960\" height=\"960\" \/><\/p>\n<h2 style=\"text-align: center;\" data-section-id=\"1cnajmq\" data-start=\"1575\" data-end=\"1601\">\ud83c\udf3f Perfekt f\u00f6r<\/h2>\n<ul data-start=\"1617\" data-end=\"1756\">\n<li data-section-id=\"12tt0vs\" data-start=\"1617\" data-end=\"1639\">\n<p data-start=\"1619\" data-end=\"1639\">Morsdagspresenter<\/p>\n<\/li>\n<li data-section-id=\"1nyd72j\" data-start=\"1640\" data-end=\"1662\">\n<p data-start=\"1642\" data-end=\"1662\">F\u00f6delsedags\u00f6verraskningar<\/p>\n<\/li>\n<li data-section-id=\"1303elr\" data-start=\"1663\" data-end=\"1686\">\n<p data-start=\"1665\" data-end=\"1686\">Familjefester<\/p>\n<\/li>\n<li data-section-id=\"1icjjg1\" data-start=\"1687\" data-end=\"1716\">\n<p data-start=\"1689\" data-end=\"1716\">Dagliga sentimentala smycken<\/p>\n<\/li>\n<li data-section-id=\"sow21h\" data-start=\"1717\" data-end=\"1756\">\n<p data-start=\"1719\" data-end=\"1756\">En meningsfull p\u00e5minnelse om n\u00e4ra och k\u00e4ra<\/p>\n<\/li>\n<\/ul>\n<p data-start=\"1758\" data-end=\"1812\">Ett litet smycke med en stor k\u00e4nslom\u00e4ssig betydelse.<\/p>\n<h2 style=\"text-align: center;\" data-section-id=\"1k514u3\" data-start=\"1819\" data-end=\"1835\">\u2699\ufe0f Hur man anv\u00e4nder<\/h2>\n<ol data-start=\"1837\" data-end=\"2022\">\n<li data-section-id=\"h0qfhd\" data-start=\"1837\" data-end=\"1897\">\n<p data-start=\"1840\" data-end=\"1897\">S\u00e4tt halsbandet runt halsen och s\u00e4kra l\u00e5set.<\/p>\n<\/li>\n<li data-section-id=\"e86mc6\" data-start=\"1898\" data-end=\"1959\">\n<p data-start=\"1901\" data-end=\"1959\">Justera h\u00e4nget s\u00e5 att det sitter bekv\u00e4mt n\u00e4ra hj\u00e4rtat.<\/p>\n<\/li>\n<li data-section-id=\"1f4zglu\" data-start=\"1960\" data-end=\"2022\">\n<p data-start=\"1963\" data-end=\"2022\">B\u00e4r det dagligen som en p\u00e5minnelse om familjens k\u00e4rlek och samh\u00f6righet.<\/p>\n<\/li>\n<\/ol>\n<h2 style=\"text-align: center;\" data-section-id=\"6cujb5\" data-start=\"2063\" data-end=\"2084\">\ud83d\udcd0 Produktdetaljer<\/h2>\n<ul data-start=\"2086\" data-end=\"2331\">\n<li data-section-id=\"1wjlhlb\" data-start=\"2108\" data-end=\"2152\">\n<p data-start=\"2110\" data-end=\"2152\">Material: H\u00f6gkvalitativ h\u00e5llbar metall<\/p>\n<\/li>\n<li data-section-id=\"1qghduh\" data-start=\"2153\" data-end=\"2205\">\n<p data-start=\"2155\" data-end=\"2205\">Design: Mor och barn symboliskt h\u00e4nge<\/p>\n<\/li>\n<li data-section-id=\"1l6txja\" data-start=\"2206\" data-end=\"2264\">\n<p data-start=\"2208\" data-end=\"2264\">H\u00e5llbarhet: Blekningsbest\u00e4ndigt och korrosionsbest\u00e4ndigt<\/p>\n<\/li>\n<li data-section-id=\"1cfot21\" data-start=\"2265\" data-end=\"2306\">\n<p data-start=\"2267\" data-end=\"2306\">Stil: Unisex sentimentala smycken<\/p>\n<\/li>\n<\/ul>\n<h2 style=\"text-align: center;\" data-section-id=\"1qc1r63\" data-start=\"2391\" data-end=\"2413\">\ud83d\udce6 Paketet inneh\u00e5ller<\/h2>\n<ul data-start=\"2415\" data-end=\"2444\">\n<li data-section-id=\"w3p3cs\" data-start=\"2415\" data-end=\"2444\">\n<p data-start=\"2417\" data-end=\"2444\">1x mamma- och barnhalsband.<\/p>\n<\/li>\n<\/ul>\n","protected":false},"excerpt":{"rendered":"<p>\ud83e\udd31En tidl\u00f6s symbol f\u00f6r en mors ovillkorliga k\u00e4rlek. Fira bandet som varar f\u00f6r evigt.<br \/>\n\ud83d\udc69\u200d\ud83d\udc67\u200d\ud83d\udc66Detta mamma och barn halsband \u00e4r en vacker p\u00e5minnelse om den djupa kopplingen mellan en mamma och hennes barn.<br \/>\n\ud83d\udc8cElegant, meningsfullt och designat f\u00f6r att h\u00e5lla, detta halsband b\u00e4r ett k\u00e4rleksbudskap som f\u00f6rblir n\u00e4ra hj\u00e4rtat varje dag.<\/p>\n","protected":false},"featured_media":25002,"comment_status":"open","ping_status":"closed","template":"","meta":{"site-sidebar-layout":"default","site-content-layout":"","ast-site-content-layout":"default","site-content-style":"default","site-sidebar-style":"default","ast-global-header-display":"","ast-banner-title-visibility":"","ast-main-header-display":"","ast-hfb-above-header-display":"","ast-hfb-below-header-display":"","ast-hfb-mobile-header-display":"","site-post-title":"","ast-breadcrumbs-content":"","ast-featured-img":"","footer-sml-layout":"","ast-disable-related-posts":"","theme-transparent-header-meta":"default","adv-header-id-meta":"","stick-header-meta":"","header-above-stick-meta":"","header-main-stick-meta":"","header-below-stick-meta":"","astra-migrate-meta-layouts":"set","ast-page-background-enabled":"default","ast-page-background-meta":{"desktop":{"background-color":"var(--ast-global-color-5)","background-image":"","background-repeat":"repeat","background-position":"center center","background-size":"auto","background-attachment":"scroll","background-type":"","background-media":"","overlay-type":"","overlay-color":"","overlay-opacity":"","overlay-gradient":""},"tablet":{"background-color":"","background-image":"","background-repeat":"repeat","background-position":"center center","background-size":"auto","background-attachment":"scroll","background-type":"","background-media":"","overlay-type":"","overlay-color":"","overlay-opacity":"","overlay-gradient":""},"mobile":{"background-color":"","background-image":"","background-repeat":"repeat","background-position":"center center","background-size":"auto","background-attachment":"scroll","background-type":"","background-media":"","overlay-type":"","overlay-color":"","overlay-opacity":"","overlay-gradient":""}},"ast-content-background-meta":{"desktop":{"background-color":"var(--ast-global-color-4)","background-image":"","background-repeat":"repeat","background-position":"center center","background-size":"auto","background-attachment":"scroll","background-type":"","background-media":"","overlay-type":"","overlay-color":"","overlay-opacity":"","overlay-gradient":""},"tablet":{"background-color":"var(--ast-global-color-4)","background-image":"","background-repeat":"repeat","background-position":"center center","background-size":"auto","background-attachment":"scroll","background-type":"","background-media":"","overlay-type":"","overlay-color":"","overlay-opacity":"","overlay-gradient":""},"mobile":{"background-color":"var(--ast-global-color-4)","background-image":"","background-repeat":"repeat","background-position":"center center","background-size":"auto","background-attachment":"scroll","background-type":"","background-media":"","overlay-type":"","overlay-color":"","overlay-opacity":"","overlay-gradient":""}}},"product_brand":[],"product_cat":[165],"product_tag":[],"class_list":{"0":"post-25006","1":"product","2":"type-product","3":"status-publish","4":"has-post-thumbnail","6":"product_cat-skor-accessoarer","7":"pa_66643_59np8u8r-1-flicka","8":"pa_66643_59np8u8r-1-flicka-3-pojkar","9":"pa_66643_59np8u8r-1-pojke","10":"pa_66643_59np8u8r-1-pojke-1-flicka","11":"pa_66643_59np8u8r-2-flickor","12":"pa_66643_59np8u8r-2-flickor-1-pojke","13":"pa_66643_59np8u8r-2-flickor-2-pojkar","14":"pa_66643_59np8u8r-2-pojkar","15":"pa_66643_59np8u8r-2-pojkar-1-flicka","16":"pa_66643_59np8u8r-3-flickor","17":"pa_66643_59np8u8r-3-flickor-1-pojke","18":"pa_66643_59np8u8r-3-pojkar","19":"pa_66643_59np8u8r-4-flickor","20":"pa_66643_59np8u8r-4-pojkar","21":"pa_66643_t4p5t6pa-guld","22":"pa_66643_t4p5t6pa-silver","23":"desktop-align-left","24":"tablet-align-left","25":"mobile-align-left","27":"first","28":"instock","29":"shipping-taxable","30":"purchasable","31":"product-type-variable","32":"has-default-attributes"},"yoast_head":"<!-- This site is optimized with the Yoast SEO plugin v27.4 - https:\/\/yoast.com\/product\/yoast-seo-wordpress\/ -->\n<title>Halsband med mamma och barn - Deravio SE<\/title>\n<meta name=\"robots\" content=\"index, follow, max-snippet:-1, max-image-preview:large, max-video-preview:-1\" \/>\n<link rel=\"canonical\" href=\"https:\/\/deravio.com\/se\/produkt\/halsband-med-mamma-och-barn\/\" \/>\n<meta property=\"og:locale\" content=\"sv_SE\" \/>\n<meta property=\"og:type\" content=\"article\" \/>\n<meta property=\"og:title\" content=\"Halsband med mamma och barn - Deravio SE\" \/>\n<meta property=\"og:description\" content=\"\ud83e\udd31En tidl\u00f6s symbol f\u00f6r en mors ovillkorliga k\u00e4rlek. Fira bandet som varar f\u00f6r evigt. \ud83d\udc69\u200d\ud83d\udc67\u200d\ud83d\udc66Detta mamma och barn halsband \u00e4r en vacker p\u00e5minnelse om den djupa kopplingen mellan en mamma och hennes barn. \ud83d\udc8cElegant, meningsfullt och designat f\u00f6r att h\u00e5lla, detta halsband b\u00e4r ett k\u00e4rleksbudskap som f\u00f6rblir n\u00e4ra hj\u00e4rtat varje dag.\" \/>\n<meta property=\"og:url\" content=\"https:\/\/deravio.com\/se\/produkt\/halsband-med-mamma-och-barn\/\" \/>\n<meta property=\"og:site_name\" content=\"Deravio SE\" \/>\n<meta property=\"article:modified_time\" content=\"2026-05-04T20:08:50+00:00\" \/>\n<meta property=\"og:image\" content=\"https:\/\/deravio.com\/se\/wp-content\/uploads\/sites\/20\/2026\/05\/2xuzgeq-1.webp\" \/>\n\t<meta property=\"og:image:width\" content=\"600\" \/>\n\t<meta property=\"og:image:height\" content=\"600\" \/>\n\t<meta property=\"og:image:type\" content=\"image\/webp\" \/>\n<meta name=\"twitter:card\" content=\"summary_large_image\" \/>\n<meta name=\"twitter:label1\" content=\"Ber\u00e4knad l\u00e4stid\" \/>\n\t<meta name=\"twitter:data1\" content=\"2 minuter\" \/>\n<script type=\"application\/ld+json\" class=\"yoast-schema-graph\">{\"@context\":\"https:\\\/\\\/schema.org\",\"@graph\":[{\"@type\":\"WebPage\",\"@id\":\"https:\\\/\\\/deravio.com\\\/se\\\/produkt\\\/halsband-med-mamma-och-barn\\\/\",\"url\":\"https:\\\/\\\/deravio.com\\\/se\\\/produkt\\\/halsband-med-mamma-och-barn\\\/\",\"name\":\"Halsband med mamma och barn - Deravio SE\",\"isPartOf\":{\"@id\":\"https:\\\/\\\/deravio.com\\\/se\\\/#website\"},\"primaryImageOfPage\":{\"@id\":\"https:\\\/\\\/deravio.com\\\/se\\\/produkt\\\/halsband-med-mamma-och-barn\\\/#primaryimage\"},\"image\":{\"@id\":\"https:\\\/\\\/deravio.com\\\/se\\\/produkt\\\/halsband-med-mamma-och-barn\\\/#primaryimage\"},\"thumbnailUrl\":\"https:\\\/\\\/deravio.com\\\/se\\\/wp-content\\\/uploads\\\/sites\\\/20\\\/2026\\\/05\\\/2xuzgeq-1.webp\",\"datePublished\":\"2026-05-04T17:01:12+00:00\",\"dateModified\":\"2026-05-04T20:08:50+00:00\",\"breadcrumb\":{\"@id\":\"https:\\\/\\\/deravio.com\\\/se\\\/produkt\\\/halsband-med-mamma-och-barn\\\/#breadcrumb\"},\"inLanguage\":\"sv-SE\",\"potentialAction\":[{\"@type\":\"ReadAction\",\"target\":[\"https:\\\/\\\/deravio.com\\\/se\\\/produkt\\\/halsband-med-mamma-och-barn\\\/\"]}]},{\"@type\":\"ImageObject\",\"inLanguage\":\"sv-SE\",\"@id\":\"https:\\\/\\\/deravio.com\\\/se\\\/produkt\\\/halsband-med-mamma-och-barn\\\/#primaryimage\",\"url\":\"https:\\\/\\\/deravio.com\\\/se\\\/wp-content\\\/uploads\\\/sites\\\/20\\\/2026\\\/05\\\/2xuzgeq-1.webp\",\"contentUrl\":\"https:\\\/\\\/deravio.com\\\/se\\\/wp-content\\\/uploads\\\/sites\\\/20\\\/2026\\\/05\\\/2xuzgeq-1.webp\",\"width\":600,\"height\":600},{\"@type\":\"BreadcrumbList\",\"@id\":\"https:\\\/\\\/deravio.com\\\/se\\\/produkt\\\/halsband-med-mamma-och-barn\\\/#breadcrumb\",\"itemListElement\":[{\"@type\":\"ListItem\",\"position\":1,\"name\":\"Home\",\"item\":\"https:\\\/\\\/deravio.com\\\/se\\\/\"},{\"@type\":\"ListItem\",\"position\":2,\"name\":\"Butik\",\"item\":\"https:\\\/\\\/deravio.com\\\/se\\\/butik\\\/\"},{\"@type\":\"ListItem\",\"position\":3,\"name\":\"Halsband med mamma och barn\"}]},{\"@type\":\"WebSite\",\"@id\":\"https:\\\/\\\/deravio.com\\\/se\\\/#website\",\"url\":\"https:\\\/\\\/deravio.com\\\/se\\\/\",\"name\":\"Deravio SE\",\"description\":\"\",\"publisher\":{\"@id\":\"https:\\\/\\\/deravio.com\\\/se\\\/#organization\"},\"potentialAction\":[{\"@type\":\"SearchAction\",\"target\":{\"@type\":\"EntryPoint\",\"urlTemplate\":\"https:\\\/\\\/deravio.com\\\/se\\\/?s={search_term_string}\"},\"query-input\":{\"@type\":\"PropertyValueSpecification\",\"valueRequired\":true,\"valueName\":\"search_term_string\"}}],\"inLanguage\":\"sv-SE\"},{\"@type\":\"Organization\",\"@id\":\"https:\\\/\\\/deravio.com\\\/se\\\/#organization\",\"name\":\"Mekulo\",\"url\":\"https:\\\/\\\/deravio.com\\\/se\\\/\",\"logo\":{\"@type\":\"ImageObject\",\"inLanguage\":\"sv-SE\",\"@id\":\"https:\\\/\\\/deravio.com\\\/se\\\/#\\\/schema\\\/logo\\\/image\\\/\",\"url\":\"https:\\\/\\\/deravio.com\\\/se\\\/wp-content\\\/uploads\\\/sites\\\/20\\\/2025\\\/12\\\/favicon_mekulo.png\",\"contentUrl\":\"https:\\\/\\\/deravio.com\\\/se\\\/wp-content\\\/uploads\\\/sites\\\/20\\\/2025\\\/12\\\/favicon_mekulo.png\",\"width\":50,\"height\":50,\"caption\":\"Mekulo\"},\"image\":{\"@id\":\"https:\\\/\\\/deravio.com\\\/se\\\/#\\\/schema\\\/logo\\\/image\\\/\"}}]}<\/script>\n<!-- \/ Yoast SEO plugin. -->","yoast_head_json":{"title":"Halsband med mamma och barn - Deravio SE","robots":{"index":"index","follow":"follow","max-snippet":"max-snippet:-1","max-image-preview":"max-image-preview:large","max-video-preview":"max-video-preview:-1"},"canonical":"https:\/\/deravio.com\/se\/produkt\/halsband-med-mamma-och-barn\/","og_locale":"sv_SE","og_type":"article","og_title":"Halsband med mamma och barn - Deravio SE","og_description":"\ud83e\udd31En tidl\u00f6s symbol f\u00f6r en mors ovillkorliga k\u00e4rlek. Fira bandet som varar f\u00f6r evigt. \ud83d\udc69\u200d\ud83d\udc67\u200d\ud83d\udc66Detta mamma och barn halsband \u00e4r en vacker p\u00e5minnelse om den djupa kopplingen mellan en mamma och hennes barn. \ud83d\udc8cElegant, meningsfullt och designat f\u00f6r att h\u00e5lla, detta halsband b\u00e4r ett k\u00e4rleksbudskap som f\u00f6rblir n\u00e4ra hj\u00e4rtat varje dag.","og_url":"https:\/\/deravio.com\/se\/produkt\/halsband-med-mamma-och-barn\/","og_site_name":"Deravio SE","article_modified_time":"2026-05-04T20:08:50+00:00","og_image":[{"width":600,"height":600,"url":"https:\/\/deravio.com\/se\/wp-content\/uploads\/sites\/20\/2026\/05\/2xuzgeq-1.webp","type":"image\/webp"}],"twitter_card":"summary_large_image","twitter_misc":{"Ber\u00e4knad l\u00e4stid":"2 minuter"},"schema":{"@context":"https:\/\/schema.org","@graph":[{"@type":"WebPage","@id":"https:\/\/deravio.com\/se\/produkt\/halsband-med-mamma-och-barn\/","url":"https:\/\/deravio.com\/se\/produkt\/halsband-med-mamma-och-barn\/","name":"Halsband med mamma och barn - Deravio SE","isPartOf":{"@id":"https:\/\/deravio.com\/se\/#website"},"primaryImageOfPage":{"@id":"https:\/\/deravio.com\/se\/produkt\/halsband-med-mamma-och-barn\/#primaryimage"},"image":{"@id":"https:\/\/deravio.com\/se\/produkt\/halsband-med-mamma-och-barn\/#primaryimage"},"thumbnailUrl":"https:\/\/deravio.com\/se\/wp-content\/uploads\/sites\/20\/2026\/05\/2xuzgeq-1.webp","datePublished":"2026-05-04T17:01:12+00:00","dateModified":"2026-05-04T20:08:50+00:00","breadcrumb":{"@id":"https:\/\/deravio.com\/se\/produkt\/halsband-med-mamma-och-barn\/#breadcrumb"},"inLanguage":"sv-SE","potentialAction":[{"@type":"ReadAction","target":["https:\/\/deravio.com\/se\/produkt\/halsband-med-mamma-och-barn\/"]}]},{"@type":"ImageObject","inLanguage":"sv-SE","@id":"https:\/\/deravio.com\/se\/produkt\/halsband-med-mamma-och-barn\/#primaryimage","url":"https:\/\/deravio.com\/se\/wp-content\/uploads\/sites\/20\/2026\/05\/2xuzgeq-1.webp","contentUrl":"https:\/\/deravio.com\/se\/wp-content\/uploads\/sites\/20\/2026\/05\/2xuzgeq-1.webp","width":600,"height":600},{"@type":"BreadcrumbList","@id":"https:\/\/deravio.com\/se\/produkt\/halsband-med-mamma-och-barn\/#breadcrumb","itemListElement":[{"@type":"ListItem","position":1,"name":"Home","item":"https:\/\/deravio.com\/se\/"},{"@type":"ListItem","position":2,"name":"Butik","item":"https:\/\/deravio.com\/se\/butik\/"},{"@type":"ListItem","position":3,"name":"Halsband med mamma och barn"}]},{"@type":"WebSite","@id":"https:\/\/deravio.com\/se\/#website","url":"https:\/\/deravio.com\/se\/","name":"Deravio SE","description":"","publisher":{"@id":"https:\/\/deravio.com\/se\/#organization"},"potentialAction":[{"@type":"SearchAction","target":{"@type":"EntryPoint","urlTemplate":"https:\/\/deravio.com\/se\/?s={search_term_string}"},"query-input":{"@type":"PropertyValueSpecification","valueRequired":true,"valueName":"search_term_string"}}],"inLanguage":"sv-SE"},{"@type":"Organization","@id":"https:\/\/deravio.com\/se\/#organization","name":"Mekulo","url":"https:\/\/deravio.com\/se\/","logo":{"@type":"ImageObject","inLanguage":"sv-SE","@id":"https:\/\/deravio.com\/se\/#\/schema\/logo\/image\/","url":"https:\/\/deravio.com\/se\/wp-content\/uploads\/sites\/20\/2025\/12\/favicon_mekulo.png","contentUrl":"https:\/\/deravio.com\/se\/wp-content\/uploads\/sites\/20\/2025\/12\/favicon_mekulo.png","width":50,"height":50,"caption":"Mekulo"},"image":{"@id":"https:\/\/deravio.com\/se\/#\/schema\/logo\/image\/"}}]}},"_links":{"self":[{"href":"https:\/\/deravio.com\/se\/wp-json\/wp\/v2\/product\/25006","targetHints":{"allow":["GET"]}}],"collection":[{"href":"https:\/\/deravio.com\/se\/wp-json\/wp\/v2\/product"}],"about":[{"href":"https:\/\/deravio.com\/se\/wp-json\/wp\/v2\/types\/product"}],"replies":[{"embeddable":true,"href":"https:\/\/deravio.com\/se\/wp-json\/wp\/v2\/comments?post=25006"}],"wp:featuredmedia":[{"embeddable":true,"href":"https:\/\/deravio.com\/se\/wp-json\/wp\/v2\/media\/25002"}],"wp:attachment":[{"href":"https:\/\/deravio.com\/se\/wp-json\/wp\/v2\/media?parent=25006"}],"wp:term":[{"taxonomy":"product_brand","embeddable":true,"href":"https:\/\/deravio.com\/se\/wp-json\/wp\/v2\/product_brand?post=25006"},{"taxonomy":"product_cat","embeddable":true,"href":"https:\/\/deravio.com\/se\/wp-json\/wp\/v2\/product_cat?post=25006"},{"taxonomy":"product_tag","embeddable":true,"href":"https:\/\/deravio.com\/se\/wp-json\/wp\/v2\/product_tag?post=25006"}],"curies":[{"name":"wp","href":"https:\/\/api.w.org\/{rel}","templated":true}]}}