{"id":24985,"date":"2026-05-04T19:58:13","date_gmt":"2026-05-04T16:58:13","guid":{"rendered":"https:\/\/deravio.com\/se\/produkt\/3-i-1-led-lykta-for-camping\/"},"modified":"2026-05-05T21:06:38","modified_gmt":"2026-05-05T18:06:38","slug":"3-i-1-led-lykta-for-camping","status":"publish","type":"product","link":"https:\/\/deravio.com\/se\/produkt\/3-i-1-led-lykta-for-camping\/","title":{"rendered":"3-i-1 LED-lykta f\u00f6r camping"},"content":{"rendered":"<h2 style=\"text-align: center\" data-section-id=\"wtab3f\" data-start=\"424\" data-end=\"440\">\u2728 L\u00f6ftet<\/h2>\n<p style=\"text-align: center\" data-start=\"442\" data-end=\"498\">Skarpt ljus.<br data-start=\"455\" data-end=\"458\" \/>B\u00e4rbar design.<br data-start=\"474\" data-end=\"477\" \/>P\u00e5litlig prestanda.<\/p>\n<p data-start=\"442\" data-end=\"498\"><img fetchpriority=\"high\" decoding=\"async\" class=\" wp-image-27676 aligncenter\" src=\"https:\/\/mekulo.com\/template\/wp-content\/uploads\/sites\/6\/2026\/03\/12212-ezgif.com-video-to-webp-converter-6.webp\" alt=\"\" width=\"551\" height=\"551\" \/><\/p>\n<h2 style=\"text-align: center\" data-section-id=\"c3oupd\" data-start=\"505\" data-end=\"524\">\ud83d\udd26 Huvudf\u00f6rdelar<\/h2>\n<p data-start=\"528\" data-end=\"640\">\ud83d\udca1 Ultraskarp LED-belysning &#8211; 30 energieffektiva lysdioder med COB-teknik ger kraftfull belysning.<\/p>\n<p data-start=\"644\" data-end=\"746\">\ud83d\udd04 360\u00b0 ljust\u00e4ckning &#8211; Lyser upp t\u00e4lt, campingplatser eller rum j\u00e4mnt med ljusstyrka i vidvinkel.<\/p>\n<p data-start=\"750\" data-end=\"854\">\ud83e\uddf3 Kompakt hopf\u00e4llbar design &#8211; F\u00e4lls enkelt ihop f\u00f6r att spara plats i ryggs\u00e4cken eller n\u00f6dutrustningen.<\/p>\n<p data-start=\"858\" data-end=\"962\">\ud83e\ude9d H\u00e4ng upp eller b\u00e4r med dig var som helst &#8211; L\u00e4ttviktsdesignen g\u00f6r den enkel att h\u00e4nga upp i t\u00e4lt, tr\u00e4d eller vindskydd.<\/p>\n<p data-start=\"966\" data-end=\"1075\">\ud83d\udee1 H\u00e5llbar konstruktion f\u00f6r utomhusbruk &#8211; Tillverkad av starka, vattent\u00e5liga material avsedda f\u00f6r utomhusbruk.<\/p>\n<p data-start=\"1079\" data-end=\"1169\">\ud83d\udd0b L\u00e5ngvarig batteritid &#8211; Fungerar i upp till 5 timmar med standard AAA-batterier.<\/p>\n<h2 style=\"text-align: center\" data-section-id=\"d0iej6\" data-start=\"1176\" data-end=\"1199\">\u2757 Problem \u2192 L\u00f6sning<\/h2>\n<p data-start=\"1201\" data-end=\"1298\"><strong data-start=\"1201\" data-end=\"1213\">Problem:<\/strong><br data-start=\"1213\" data-end=\"1216\" \/>Utomhusresor eller ov\u00e4ntade str\u00f6mavbrott kan g\u00f6ra att du saknar tillf\u00f6rlitlig belysning.<\/p>\n<p data-start=\"1300\" data-end=\"1492\"><strong data-start=\"1300\" data-end=\"1313\">L\u00f6sning:<\/strong><br data-start=\"1313\" data-end=\"1316\" \/>Denna 3-i-1 LED-campinglykta ger stark, b\u00e4rbar belysning som du enkelt kan b\u00e4ra, h\u00e4nga upp eller f\u00f6rvara &#8211; S\u00e5 att du alltid har tillf\u00f6rlitligt ljus n\u00e4r du beh\u00f6ver det som mest. Ljus som \u00e4r redo f\u00f6r alla situationer.<\/p>\n<p data-start=\"1300\" data-end=\"1492\"><img decoding=\"async\" class=\"size-full wp-image-27674 aligncenter\" src=\"https:\/\/mekulo.com\/template\/wp-content\/uploads\/sites\/6\/2026\/03\/3-4.jpg\" alt=\"\" width=\"800\" height=\"800\" \/><\/p>\n<h2 style=\"text-align: center\" data-section-id=\"110ucp4\" data-start=\"1538\" data-end=\"1564\">\ud83c\udfd5 Perfekt f\u00f6r<\/h2>\n<ul data-start=\"1580\" data-end=\"1748\">\n<li data-section-id=\"1wn5syj\" data-start=\"1580\" data-end=\"1597\">\n<p data-start=\"1582\" data-end=\"1597\">Campingresor<\/p>\n<\/li>\n<li data-section-id=\"smj4r0\" data-start=\"1598\" data-end=\"1631\">\n<p data-start=\"1600\" data-end=\"1631\">Vandring och utomhus\u00e4ventyr<\/p>\n<\/li>\n<li data-section-id=\"1jv7ohc\" data-start=\"1632\" data-end=\"1655\">\n<p data-start=\"1634\" data-end=\"1655\">Fiske och jakt<\/p>\n<\/li>\n<li data-section-id=\"1s9qxq4\" data-start=\"1656\" data-end=\"1687\">\n<p data-start=\"1658\" data-end=\"1687\">Nattvandringar och uppt\u00e4cktsf\u00e4rder<\/p>\n<\/li>\n<li data-section-id=\"2iy8v4\" data-start=\"1688\" data-end=\"1715\">\n<p data-start=\"1690\" data-end=\"1715\">N\u00f6dv\u00e4ndiga str\u00f6mavbrott<\/p>\n<\/li>\n<li data-section-id=\"1dixkey\" data-start=\"1716\" data-end=\"1748\">\n<p data-start=\"1718\" data-end=\"1748\">L\u00e4sning eller avkoppling i t\u00e4lt<\/p>\n<\/li>\n<\/ul>\n<p data-start=\"1750\" data-end=\"1806\">En praktisk belysningsl\u00f6sning f\u00f6r hem- och friluftsliv.<\/p>\n<h2 style=\"text-align: center\" data-section-id=\"1k514u3\" data-start=\"1813\" data-end=\"1829\">\u2699\ufe0f Anv\u00e4ndning<\/h2>\n<ol data-start=\"1831\" data-end=\"2024\">\n<li data-section-id=\"p404wv\" data-start=\"1831\" data-end=\"1879\">\n<p data-start=\"1834\" data-end=\"1879\">S\u00e4tt i 3x AAA-batterier i lyktan.<\/p>\n<\/li>\n<li data-section-id=\"14gl0hf\" data-start=\"1880\" data-end=\"1930\">\n<p data-start=\"1883\" data-end=\"1930\">Expandera lyktan f\u00f6r att aktivera LED-lamporna.<\/p>\n<\/li>\n<li data-section-id=\"y56ylw\" data-start=\"1931\" data-end=\"1981\">\n<p data-start=\"1934\" data-end=\"1981\">H\u00e4ng eller placera den d\u00e4r belysning beh\u00f6vs.<\/p>\n<\/li>\n<li data-section-id=\"1xsbax8\" data-start=\"1982\" data-end=\"2024\">\n<p data-start=\"1985\" data-end=\"2024\">F\u00e4ll ihop den igen f\u00f6r kompakt f\u00f6rvaring.<\/p>\n<\/li>\n<\/ol>\n<h2 style=\"text-align: center\" data-section-id=\"6cujb5\" data-start=\"2070\" data-end=\"2091\">\ud83d\udcd0 Produktdetaljer<\/h2>\n<ul data-start=\"2093\" data-end=\"2359\">\n<li data-section-id=\"1tnqpm9\" data-start=\"2093\" data-end=\"2145\">\n<p data-start=\"2095\" data-end=\"2145\">Ljusk\u00e4lla: 30 LED-lampor + COB-teknik<\/p>\n<\/li>\n<li data-section-id=\"1a736zw\" data-start=\"2146\" data-end=\"2190\">\n<p data-start=\"2148\" data-end=\"2190\">Belysningst\u00e4ckning: 360\u00b0 belysning<\/p>\n<\/li>\n<li data-section-id=\"k0tapq\" data-start=\"2191\" data-end=\"2230\">\n<p data-start=\"2193\" data-end=\"2230\">Kraftk\u00e4lla: 3x AAA-batterier<\/p>\n<\/li>\n<li data-section-id=\"km8lp6\" data-start=\"2231\" data-end=\"2264\">\n<p data-start=\"2233\" data-end=\"2264\">Utnyttjandetid: Upp till 5 timmar<\/p>\n<\/li>\n<li data-section-id=\"iyu4p\" data-start=\"2265\" data-end=\"2314\">\n<p data-start=\"2267\" data-end=\"2314\">Material: Vattenresistent h\u00e5llbar plast<\/p>\n<\/li>\n<li data-section-id=\"1bh9h2p\" data-start=\"2315\" data-end=\"2359\">\n<p data-start=\"2317\" data-end=\"2359\">Design: Hopf\u00e4llbar b\u00e4rbar lykta<\/p>\n<\/li>\n<li data-section-id=\"1bh9h2p\" data-start=\"2315\" data-end=\"2359\">Storlek: Liten (190 x 68 cm), Stor (250 x 85 cm)<\/li>\n<\/ul>\n<h2 style=\"text-align: center\" data-section-id=\"1qc1r63\" data-start=\"2429\" data-end=\"2451\">\ud83d\udce6 Paketet inneh\u00e5ller<\/h2>\n<ul data-start=\"2453\" data-end=\"2485\">\n<li data-section-id=\"17wcs8n\" data-start=\"2453\" data-end=\"2485\">\n<p data-start=\"2455\" data-end=\"2485\">1, 2, 4x 3-i-1 LED campinglykta.<\/p>\n<\/li>\n<\/ul>\n","protected":false},"excerpt":{"rendered":"<p>\ud83d\udd0bP\u00e5litligt ljus vart \u00e4n \u00e4ventyret tar dig. Kompakt kraft f\u00f6r utomhus- och n\u00f6dbelysning.<br \/>\n\ud83d\udca1Den h\u00e4r 3-i-1 LED-campinglyktan ger en stark 360\u00b0 belysning i en kompakt, hopf\u00e4llbar design.<br \/>\n\ud83c\udfd5\ufe0fByggd f\u00f6r h\u00e5llbarhet f\u00f6r h\u00e5llbarhet utomhus och bekv\u00e4mlighet i vardagen, den ger p\u00e5litlig belysning oavsett om du \u00e4r ute och campar, vandrar eller st\u00e5r inf\u00f6r ett str\u00f6mavbrott.<\/p>\n","protected":false},"featured_media":24981,"comment_status":"open","ping_status":"closed","template":"","meta":{"site-sidebar-layout":"default","site-content-layout":"","ast-site-content-layout":"default","site-content-style":"default","site-sidebar-style":"default","ast-global-header-display":"","ast-banner-title-visibility":"","ast-main-header-display":"","ast-hfb-above-header-display":"","ast-hfb-below-header-display":"","ast-hfb-mobile-header-display":"","site-post-title":"","ast-breadcrumbs-content":"","ast-featured-img":"","footer-sml-layout":"","ast-disable-related-posts":"","theme-transparent-header-meta":"default","adv-header-id-meta":"","stick-header-meta":"","header-above-stick-meta":"","header-main-stick-meta":"","header-below-stick-meta":"","astra-migrate-meta-layouts":"set","ast-page-background-enabled":"default","ast-page-background-meta":{"desktop":{"background-color":"var(--ast-global-color-5)","background-image":"","background-repeat":"repeat","background-position":"center center","background-size":"auto","background-attachment":"scroll","background-type":"","background-media":"","overlay-type":"","overlay-color":"","overlay-opacity":"","overlay-gradient":""},"tablet":{"background-color":"","background-image":"","background-repeat":"repeat","background-position":"center center","background-size":"auto","background-attachment":"scroll","background-type":"","background-media":"","overlay-type":"","overlay-color":"","overlay-opacity":"","overlay-gradient":""},"mobile":{"background-color":"","background-image":"","background-repeat":"repeat","background-position":"center center","background-size":"auto","background-attachment":"scroll","background-type":"","background-media":"","overlay-type":"","overlay-color":"","overlay-opacity":"","overlay-gradient":""}},"ast-content-background-meta":{"desktop":{"background-color":"var(--ast-global-color-4)","background-image":"","background-repeat":"repeat","background-position":"center center","background-size":"auto","background-attachment":"scroll","background-type":"","background-media":"","overlay-type":"","overlay-color":"","overlay-opacity":"","overlay-gradient":""},"tablet":{"background-color":"var(--ast-global-color-4)","background-image":"","background-repeat":"repeat","background-position":"center center","background-size":"auto","background-attachment":"scroll","background-type":"","background-media":"","overlay-type":"","overlay-color":"","overlay-opacity":"","overlay-gradient":""},"mobile":{"background-color":"var(--ast-global-color-4)","background-image":"","background-repeat":"repeat","background-position":"center center","background-size":"auto","background-attachment":"scroll","background-type":"","background-media":"","overlay-type":"","overlay-color":"","overlay-opacity":"","overlay-gradient":""}}},"product_brand":[],"product_cat":[168,167],"product_tag":[],"class_list":{"0":"post-24985","1":"product","2":"type-product","3":"status-publish","4":"has-post-thumbnail","6":"product_cat-hushallsprodukter","7":"product_cat-vandrings-camping-och-fritidsprodukter","8":"pa_66620_fw4a2sbm-1-st","9":"pa_66620_fw4a2sbm-2-st","10":"pa_66620_fw4a2sbm-4-st","11":"pa_66620_x5lhqo3g-l","12":"pa_66620_x5lhqo3g-s","13":"desktop-align-left","14":"tablet-align-left","15":"mobile-align-left","17":"first","18":"instock","19":"shipping-taxable","20":"purchasable","21":"product-type-variable","22":"has-default-attributes"},"yoast_head":"<!-- This site is optimized with the Yoast SEO plugin v27.4 - https:\/\/yoast.com\/product\/yoast-seo-wordpress\/ -->\n<title>3-i-1 LED-lykta f\u00f6r camping - Deravio SE<\/title>\n<meta name=\"robots\" content=\"index, follow, max-snippet:-1, max-image-preview:large, max-video-preview:-1\" \/>\n<link rel=\"canonical\" href=\"https:\/\/deravio.com\/se\/produkt\/3-i-1-led-lykta-for-camping\/\" \/>\n<meta property=\"og:locale\" content=\"sv_SE\" \/>\n<meta property=\"og:type\" content=\"article\" \/>\n<meta property=\"og:title\" content=\"3-i-1 LED-lykta f\u00f6r camping - Deravio SE\" \/>\n<meta property=\"og:description\" content=\"\ud83d\udd0bP\u00e5litligt ljus vart \u00e4n \u00e4ventyret tar dig. Kompakt kraft f\u00f6r utomhus- och n\u00f6dbelysning. \ud83d\udca1Den h\u00e4r 3-i-1 LED-campinglyktan ger en stark 360\u00b0 belysning i en kompakt, hopf\u00e4llbar design. \ud83c\udfd5\ufe0fByggd f\u00f6r h\u00e5llbarhet f\u00f6r h\u00e5llbarhet utomhus och bekv\u00e4mlighet i vardagen, den ger p\u00e5litlig belysning oavsett om du \u00e4r ute och campar, vandrar eller st\u00e5r inf\u00f6r ett str\u00f6mavbrott.\" \/>\n<meta property=\"og:url\" content=\"https:\/\/deravio.com\/se\/produkt\/3-i-1-led-lykta-for-camping\/\" \/>\n<meta property=\"og:site_name\" content=\"Deravio SE\" \/>\n<meta property=\"article:modified_time\" content=\"2026-05-05T18:06:38+00:00\" \/>\n<meta property=\"og:image\" content=\"https:\/\/deravio.com\/se\/wp-content\/uploads\/sites\/20\/2026\/05\/ncg1416-1.jpeg\" \/>\n\t<meta property=\"og:image:width\" content=\"800\" \/>\n\t<meta property=\"og:image:height\" content=\"800\" \/>\n\t<meta property=\"og:image:type\" content=\"image\/jpeg\" \/>\n<meta name=\"twitter:card\" content=\"summary_large_image\" \/>\n<meta name=\"twitter:label1\" content=\"Ber\u00e4knad l\u00e4stid\" \/>\n\t<meta name=\"twitter:data1\" content=\"2 minuter\" \/>\n<script type=\"application\/ld+json\" class=\"yoast-schema-graph\">{\"@context\":\"https:\\\/\\\/schema.org\",\"@graph\":[{\"@type\":\"WebPage\",\"@id\":\"https:\\\/\\\/deravio.com\\\/se\\\/produkt\\\/3-i-1-led-lykta-for-camping\\\/\",\"url\":\"https:\\\/\\\/deravio.com\\\/se\\\/produkt\\\/3-i-1-led-lykta-for-camping\\\/\",\"name\":\"3-i-1 LED-lykta f\u00f6r camping - Deravio SE\",\"isPartOf\":{\"@id\":\"https:\\\/\\\/deravio.com\\\/se\\\/#website\"},\"primaryImageOfPage\":{\"@id\":\"https:\\\/\\\/deravio.com\\\/se\\\/produkt\\\/3-i-1-led-lykta-for-camping\\\/#primaryimage\"},\"image\":{\"@id\":\"https:\\\/\\\/deravio.com\\\/se\\\/produkt\\\/3-i-1-led-lykta-for-camping\\\/#primaryimage\"},\"thumbnailUrl\":\"https:\\\/\\\/deravio.com\\\/se\\\/wp-content\\\/uploads\\\/sites\\\/20\\\/2026\\\/05\\\/ncg1416-1.jpeg\",\"datePublished\":\"2026-05-04T16:58:13+00:00\",\"dateModified\":\"2026-05-05T18:06:38+00:00\",\"breadcrumb\":{\"@id\":\"https:\\\/\\\/deravio.com\\\/se\\\/produkt\\\/3-i-1-led-lykta-for-camping\\\/#breadcrumb\"},\"inLanguage\":\"sv-SE\",\"potentialAction\":[{\"@type\":\"ReadAction\",\"target\":[\"https:\\\/\\\/deravio.com\\\/se\\\/produkt\\\/3-i-1-led-lykta-for-camping\\\/\"]}]},{\"@type\":\"ImageObject\",\"inLanguage\":\"sv-SE\",\"@id\":\"https:\\\/\\\/deravio.com\\\/se\\\/produkt\\\/3-i-1-led-lykta-for-camping\\\/#primaryimage\",\"url\":\"https:\\\/\\\/deravio.com\\\/se\\\/wp-content\\\/uploads\\\/sites\\\/20\\\/2026\\\/05\\\/ncg1416-1.jpeg\",\"contentUrl\":\"https:\\\/\\\/deravio.com\\\/se\\\/wp-content\\\/uploads\\\/sites\\\/20\\\/2026\\\/05\\\/ncg1416-1.jpeg\",\"width\":800,\"height\":800},{\"@type\":\"BreadcrumbList\",\"@id\":\"https:\\\/\\\/deravio.com\\\/se\\\/produkt\\\/3-i-1-led-lykta-for-camping\\\/#breadcrumb\",\"itemListElement\":[{\"@type\":\"ListItem\",\"position\":1,\"name\":\"Home\",\"item\":\"https:\\\/\\\/deravio.com\\\/se\\\/\"},{\"@type\":\"ListItem\",\"position\":2,\"name\":\"Butik\",\"item\":\"https:\\\/\\\/deravio.com\\\/se\\\/butik\\\/\"},{\"@type\":\"ListItem\",\"position\":3,\"name\":\"3-i-1 LED-lykta f\u00f6r camping\"}]},{\"@type\":\"WebSite\",\"@id\":\"https:\\\/\\\/deravio.com\\\/se\\\/#website\",\"url\":\"https:\\\/\\\/deravio.com\\\/se\\\/\",\"name\":\"Deravio SE\",\"description\":\"\",\"publisher\":{\"@id\":\"https:\\\/\\\/deravio.com\\\/se\\\/#organization\"},\"potentialAction\":[{\"@type\":\"SearchAction\",\"target\":{\"@type\":\"EntryPoint\",\"urlTemplate\":\"https:\\\/\\\/deravio.com\\\/se\\\/?s={search_term_string}\"},\"query-input\":{\"@type\":\"PropertyValueSpecification\",\"valueRequired\":true,\"valueName\":\"search_term_string\"}}],\"inLanguage\":\"sv-SE\"},{\"@type\":\"Organization\",\"@id\":\"https:\\\/\\\/deravio.com\\\/se\\\/#organization\",\"name\":\"Mekulo\",\"url\":\"https:\\\/\\\/deravio.com\\\/se\\\/\",\"logo\":{\"@type\":\"ImageObject\",\"inLanguage\":\"sv-SE\",\"@id\":\"https:\\\/\\\/deravio.com\\\/se\\\/#\\\/schema\\\/logo\\\/image\\\/\",\"url\":\"https:\\\/\\\/deravio.com\\\/se\\\/wp-content\\\/uploads\\\/sites\\\/20\\\/2025\\\/12\\\/favicon_mekulo.png\",\"contentUrl\":\"https:\\\/\\\/deravio.com\\\/se\\\/wp-content\\\/uploads\\\/sites\\\/20\\\/2025\\\/12\\\/favicon_mekulo.png\",\"width\":50,\"height\":50,\"caption\":\"Mekulo\"},\"image\":{\"@id\":\"https:\\\/\\\/deravio.com\\\/se\\\/#\\\/schema\\\/logo\\\/image\\\/\"}}]}<\/script>\n<!-- \/ Yoast SEO plugin. -->","yoast_head_json":{"title":"3-i-1 LED-lykta f\u00f6r camping - Deravio SE","robots":{"index":"index","follow":"follow","max-snippet":"max-snippet:-1","max-image-preview":"max-image-preview:large","max-video-preview":"max-video-preview:-1"},"canonical":"https:\/\/deravio.com\/se\/produkt\/3-i-1-led-lykta-for-camping\/","og_locale":"sv_SE","og_type":"article","og_title":"3-i-1 LED-lykta f\u00f6r camping - Deravio SE","og_description":"\ud83d\udd0bP\u00e5litligt ljus vart \u00e4n \u00e4ventyret tar dig. Kompakt kraft f\u00f6r utomhus- och n\u00f6dbelysning. \ud83d\udca1Den h\u00e4r 3-i-1 LED-campinglyktan ger en stark 360\u00b0 belysning i en kompakt, hopf\u00e4llbar design. \ud83c\udfd5\ufe0fByggd f\u00f6r h\u00e5llbarhet f\u00f6r h\u00e5llbarhet utomhus och bekv\u00e4mlighet i vardagen, den ger p\u00e5litlig belysning oavsett om du \u00e4r ute och campar, vandrar eller st\u00e5r inf\u00f6r ett str\u00f6mavbrott.","og_url":"https:\/\/deravio.com\/se\/produkt\/3-i-1-led-lykta-for-camping\/","og_site_name":"Deravio SE","article_modified_time":"2026-05-05T18:06:38+00:00","og_image":[{"width":800,"height":800,"url":"https:\/\/deravio.com\/se\/wp-content\/uploads\/sites\/20\/2026\/05\/ncg1416-1.jpeg","type":"image\/jpeg"}],"twitter_card":"summary_large_image","twitter_misc":{"Ber\u00e4knad l\u00e4stid":"2 minuter"},"schema":{"@context":"https:\/\/schema.org","@graph":[{"@type":"WebPage","@id":"https:\/\/deravio.com\/se\/produkt\/3-i-1-led-lykta-for-camping\/","url":"https:\/\/deravio.com\/se\/produkt\/3-i-1-led-lykta-for-camping\/","name":"3-i-1 LED-lykta f\u00f6r camping - Deravio SE","isPartOf":{"@id":"https:\/\/deravio.com\/se\/#website"},"primaryImageOfPage":{"@id":"https:\/\/deravio.com\/se\/produkt\/3-i-1-led-lykta-for-camping\/#primaryimage"},"image":{"@id":"https:\/\/deravio.com\/se\/produkt\/3-i-1-led-lykta-for-camping\/#primaryimage"},"thumbnailUrl":"https:\/\/deravio.com\/se\/wp-content\/uploads\/sites\/20\/2026\/05\/ncg1416-1.jpeg","datePublished":"2026-05-04T16:58:13+00:00","dateModified":"2026-05-05T18:06:38+00:00","breadcrumb":{"@id":"https:\/\/deravio.com\/se\/produkt\/3-i-1-led-lykta-for-camping\/#breadcrumb"},"inLanguage":"sv-SE","potentialAction":[{"@type":"ReadAction","target":["https:\/\/deravio.com\/se\/produkt\/3-i-1-led-lykta-for-camping\/"]}]},{"@type":"ImageObject","inLanguage":"sv-SE","@id":"https:\/\/deravio.com\/se\/produkt\/3-i-1-led-lykta-for-camping\/#primaryimage","url":"https:\/\/deravio.com\/se\/wp-content\/uploads\/sites\/20\/2026\/05\/ncg1416-1.jpeg","contentUrl":"https:\/\/deravio.com\/se\/wp-content\/uploads\/sites\/20\/2026\/05\/ncg1416-1.jpeg","width":800,"height":800},{"@type":"BreadcrumbList","@id":"https:\/\/deravio.com\/se\/produkt\/3-i-1-led-lykta-for-camping\/#breadcrumb","itemListElement":[{"@type":"ListItem","position":1,"name":"Home","item":"https:\/\/deravio.com\/se\/"},{"@type":"ListItem","position":2,"name":"Butik","item":"https:\/\/deravio.com\/se\/butik\/"},{"@type":"ListItem","position":3,"name":"3-i-1 LED-lykta f\u00f6r camping"}]},{"@type":"WebSite","@id":"https:\/\/deravio.com\/se\/#website","url":"https:\/\/deravio.com\/se\/","name":"Deravio SE","description":"","publisher":{"@id":"https:\/\/deravio.com\/se\/#organization"},"potentialAction":[{"@type":"SearchAction","target":{"@type":"EntryPoint","urlTemplate":"https:\/\/deravio.com\/se\/?s={search_term_string}"},"query-input":{"@type":"PropertyValueSpecification","valueRequired":true,"valueName":"search_term_string"}}],"inLanguage":"sv-SE"},{"@type":"Organization","@id":"https:\/\/deravio.com\/se\/#organization","name":"Mekulo","url":"https:\/\/deravio.com\/se\/","logo":{"@type":"ImageObject","inLanguage":"sv-SE","@id":"https:\/\/deravio.com\/se\/#\/schema\/logo\/image\/","url":"https:\/\/deravio.com\/se\/wp-content\/uploads\/sites\/20\/2025\/12\/favicon_mekulo.png","contentUrl":"https:\/\/deravio.com\/se\/wp-content\/uploads\/sites\/20\/2025\/12\/favicon_mekulo.png","width":50,"height":50,"caption":"Mekulo"},"image":{"@id":"https:\/\/deravio.com\/se\/#\/schema\/logo\/image\/"}}]}},"_links":{"self":[{"href":"https:\/\/deravio.com\/se\/wp-json\/wp\/v2\/product\/24985","targetHints":{"allow":["GET"]}}],"collection":[{"href":"https:\/\/deravio.com\/se\/wp-json\/wp\/v2\/product"}],"about":[{"href":"https:\/\/deravio.com\/se\/wp-json\/wp\/v2\/types\/product"}],"replies":[{"embeddable":true,"href":"https:\/\/deravio.com\/se\/wp-json\/wp\/v2\/comments?post=24985"}],"wp:featuredmedia":[{"embeddable":true,"href":"https:\/\/deravio.com\/se\/wp-json\/wp\/v2\/media\/24981"}],"wp:attachment":[{"href":"https:\/\/deravio.com\/se\/wp-json\/wp\/v2\/media?parent=24985"}],"wp:term":[{"taxonomy":"product_brand","embeddable":true,"href":"https:\/\/deravio.com\/se\/wp-json\/wp\/v2\/product_brand?post=24985"},{"taxonomy":"product_cat","embeddable":true,"href":"https:\/\/deravio.com\/se\/wp-json\/wp\/v2\/product_cat?post=24985"},{"taxonomy":"product_tag","embeddable":true,"href":"https:\/\/deravio.com\/se\/wp-json\/wp\/v2\/product_tag?post=24985"}],"curies":[{"name":"wp","href":"https:\/\/api.w.org\/{rel}","templated":true}]}}