{"id":24862,"date":"2026-05-04T19:46:33","date_gmt":"2026-05-04T16:46:33","guid":{"rendered":"https:\/\/deravio.com\/se\/produkt\/solar-utomhus-vattentat-vagglampa\/"},"modified":"2026-05-04T19:47:26","modified_gmt":"2026-05-04T16:47:26","slug":"solar-utomhus-vattentat-vagglampa","status":"publish","type":"product","link":"https:\/\/deravio.com\/se\/produkt\/solar-utomhus-vattentat-vagglampa\/","title":{"rendered":"Solar utomhus vattent\u00e4t v\u00e4gglampa"},"content":{"rendered":"<h2 style=\"text-align: center\" data-section-id=\"wtab3f\" data-start=\"440\" data-end=\"456\">\u2728 L\u00f6ftet<\/h2>\n<p style=\"text-align: center\" data-start=\"458\" data-end=\"525\">Ren energi.<br data-start=\"471\" data-end=\"474\" \/>Automatisk belysning.<br data-start=\"493\" data-end=\"496\" \/>P\u00e5litlig prestanda utomhus.<\/p>\n<p data-start=\"458\" data-end=\"525\"><img fetchpriority=\"high\" decoding=\"async\" class=\" wp-image-27924 aligncenter\" src=\"https:\/\/mekulo.com\/template\/wp-content\/uploads\/sites\/6\/2026\/03\/12216-ezgif.com-video-to-webp-converter-7.webp\" alt=\"\" width=\"551\" height=\"551\" \/><\/p>\n<h2 style=\"text-align: center\" data-section-id=\"2c12co\" data-start=\"532\" data-end=\"551\">\ud83c\udf1e Huvudf\u00f6rdelar<\/h2>\n<p data-start=\"555\" data-end=\"674\">\ud83d\udd0b Solcellsdriven effektivitet &#8211; Monokristallin solpanel omvandlar solljus till energi f\u00f6r h\u00e5llbar belysning.<\/p>\n<p data-start=\"678\" data-end=\"789\">\ud83c\udf19 Automatisk nattbelysning &#8211; Laddas under dagen och t\u00e4nds automatiskt n\u00e4r m\u00f6rkret faller.<\/p>\n<p data-start=\"793\" data-end=\"893\">\u23f1 L\u00e5ngvarig belysning &#8211; Ger mer \u00e4n 10 timmars belysning efter full laddning.<\/p>\n<p data-start=\"897\" data-end=\"1002\">\ud83c\udf27 V\u00e4derbest\u00e4ndigt IP65-skydd &#8211; Byggd f\u00f6r att klara regn, sn\u00f6 och utomhusf\u00f6rh\u00e5llanden \u00e5ret runt.<\/p>\n<p data-start=\"1006\" data-end=\"1098\">\ud83e\uddf1 H\u00e5llbar utomhuskonstruktion &#8211; Starkt ABS-hus som motst\u00e5r korrosion och dagligt slitage.<\/p>\n<p data-start=\"1102\" data-end=\"1191\">\ud83d\udee0 Snabb och enkel installation &#8211; Inga ledningar kr\u00e4vs &#8211; montera den enkelt med skruvar.<\/p>\n<h2 style=\"text-align: center\" data-section-id=\"d0iej6\" data-start=\"1198\" data-end=\"1221\">\u2757 Problem \u2192 L\u00f6sning<\/h2>\n<p data-start=\"1223\" data-end=\"1331\"><strong data-start=\"1223\" data-end=\"1235\">Problem:<\/strong><br data-start=\"1235\" data-end=\"1238\" \/>Utomhusutrymmen saknar ofta bekv\u00e4m belysning, s\u00e4rskilt i omr\u00e5den utan elektriska ledningar.<\/p>\n<p data-start=\"1333\" data-end=\"1521\"><strong data-start=\"1333\" data-end=\"1346\">L\u00f6sning:<\/strong><br data-start=\"1346\" data-end=\"1349\" \/>Denna vattent\u00e4ta v\u00e4gglampa f\u00f6r utomhusbruk anv\u00e4nder solenergi f\u00f6r att ge tillf\u00f6rlitlig belysning, vilket hj\u00e4lper till att belysa g\u00e5ngar, ing\u00e5ngar och utomhusomr\u00e5den utan elkostnader. Ett smartare s\u00e4tt att belysa ditt utomhusutrymme.<\/p>\n<p data-start=\"1333\" data-end=\"1521\"><img decoding=\"async\" class=\" wp-image-27923 aligncenter\" src=\"https:\/\/mekulo.com\/template\/wp-content\/uploads\/sites\/6\/2026\/03\/12217-ezgif.com-video-to-webp-converter-6.webp\" alt=\"\" width=\"550\" height=\"550\" \/><\/p>\n<h2 style=\"text-align: center\" data-section-id=\"10n4q2k\" data-start=\"1572\" data-end=\"1598\">\ud83c\udfe1 Perfekt f\u00f6r<\/h2>\n<ul data-start=\"1614\" data-end=\"1776\">\n<li data-section-id=\"1kqbbib\" data-start=\"1614\" data-end=\"1646\">\n<p data-start=\"1616\" data-end=\"1646\">Tr\u00e4dg\u00e5rds- och bakg\u00e5rdsbelysning<\/p>\n<\/li>\n<li data-section-id=\"15zi1qf\" data-start=\"1647\" data-end=\"1680\">\n<p data-start=\"1649\" data-end=\"1680\">Utv\u00e4ndiga g\u00e5ngar och g\u00e5ngv\u00e4gar<\/p>\n<\/li>\n<li data-section-id=\"1uwcolr\" data-start=\"1681\" data-end=\"1710\">\n<p data-start=\"1683\" data-end=\"1710\">Framd\u00f6rrar och entr\u00e9er<\/p>\n<\/li>\n<li data-section-id=\"14xt59b\" data-start=\"1711\" data-end=\"1742\">\n<p data-start=\"1713\" data-end=\"1742\">Garage- eller uppfartsbelysning<\/p>\n<\/li>\n<li data-section-id=\"r89neh\" data-start=\"1743\" data-end=\"1776\">\n<p data-start=\"1745\" data-end=\"1776\">Balkonger, uteplatser och staket<\/p>\n<\/li>\n<\/ul>\n<p data-start=\"1778\" data-end=\"1828\">F\u00f6rb\u00e4ttra b\u00e5de s\u00e4kerhet och atmosf\u00e4r runt ditt hem.<\/p>\n<h2 style=\"text-align: center\" data-section-id=\"1k514u3\" data-start=\"1835\" data-end=\"1851\">\u2699\ufe0f Anv\u00e4ndning<\/h2>\n<ol data-start=\"1853\" data-end=\"2078\">\n<li data-section-id=\"13a78kg\" data-start=\"1853\" data-end=\"1910\">\n<p data-start=\"1856\" data-end=\"1910\">Montera lampan p\u00e5 en v\u00e4gg med hj\u00e4lp av de medf\u00f6ljande skruvarna.<\/p>\n<\/li>\n<li data-section-id=\"1pehb1\" data-start=\"1911\" data-end=\"1973\">\n<p data-start=\"1914\" data-end=\"1973\">Placera den i ett omr\u00e5de med direkt solljus f\u00f6r laddning.<\/p>\n<\/li>\n<li data-section-id=\"12ofeju\" data-start=\"1974\" data-end=\"2025\">\n<p data-start=\"1977\" data-end=\"2025\">L\u00e5t solpanelen ladda under dagen.<\/p>\n<\/li>\n<li data-section-id=\"id77zq\" data-start=\"2026\" data-end=\"2078\">\n<p data-start=\"2029\" data-end=\"2078\">Lampan t\u00e4nds automatiskt p\u00e5 natten.<\/p>\n<\/li>\n<\/ol>\n<h2 style=\"text-align: center\" data-section-id=\"6cujb5\" data-start=\"2142\" data-end=\"2163\">\ud83d\udcd0 Produktdetaljer<\/h2>\n<ul data-start=\"2165\" data-end=\"2458\">\n<li data-section-id=\"5qdmpr\" data-start=\"2165\" data-end=\"2221\">\n<p data-start=\"2167\" data-end=\"2221\">Solpanel: Monokristallin kisel 5,5V \/ 1,5W<\/p>\n<\/li>\n<li data-section-id=\"9vh2dw\" data-start=\"2222\" data-end=\"2275\">\n<p data-start=\"2224\" data-end=\"2275\">Batteri: 18650 litiumbatteri 3,7V \/ 1200mAh<\/p>\n<\/li>\n<li data-section-id=\"16k20u2\" data-start=\"2276\" data-end=\"2311\">\n<p data-start=\"2278\" data-end=\"2311\">Arbetstid: \u00d6ver 10 timmar<\/p>\n<\/li>\n<li data-section-id=\"9xvipm\" data-start=\"2312\" data-end=\"2344\">\n<p data-start=\"2314\" data-end=\"2344\">Laddningstid: 4-6 timmar<\/p>\n<\/li>\n<li data-section-id=\"s4sh5q\" data-start=\"2345\" data-end=\"2376\">\n<p data-start=\"2347\" data-end=\"2376\">Vattent\u00e4t klassning: IP65<\/p>\n<\/li>\n<li data-section-id=\"12q12dc\" data-start=\"2377\" data-end=\"2406\">\n<p data-start=\"2379\" data-end=\"2406\">Material: H\u00e5llbart ABS<\/p>\n<\/li>\n<li data-section-id=\"19kv7bh\" data-start=\"2407\" data-end=\"2437\">\n<p data-start=\"2409\" data-end=\"2437\">Sm\u00e5tt: 155 x 95 x 70 mm<\/p>\n<\/li>\n<\/ul>\n<h2 style=\"text-align: center\" data-section-id=\"1qc1r63\" data-start=\"2520\" data-end=\"2542\">\ud83d\udce6 Paketet inneh\u00e5ller<\/h2>\n<ul data-start=\"2544\" data-end=\"2585\">\n<li data-section-id=\"l2l2i4\" data-start=\"2544\" data-end=\"2585\">\n<p data-start=\"2546\" data-end=\"2585\">1, 2, 3x vattent\u00e4t v\u00e4gglampa\/solcellslampa utomhus.<\/p>\n<\/li>\n<\/ul>\n","protected":false},"excerpt":{"rendered":"<p>\ud83c\udf3bLjus utomhusbelysning som drivs av solen. Smart belysning f\u00f6r s\u00e4krare och vackrare utomhusutrymmen.<br \/>\n\ud83c\udf1eDen h\u00e4r vattent\u00e4ta v\u00e4gglampan f\u00f6r utomhusbruk med solenergi ger tillf\u00f6rlitlig nattbelysning utan el eller komplicerade ledningar.<br \/>\n\ud83c\udfe1Drivs av solenergi, laddas under dagen och lyser automatiskt upp dina utomhusomr\u00e5den p\u00e5 natten, vilket ger bekv\u00e4mlighet, s\u00e4kerhet och modern stil.<\/p>\n","protected":false},"featured_media":24858,"comment_status":"open","ping_status":"closed","template":"","meta":{"site-sidebar-layout":"default","site-content-layout":"","ast-site-content-layout":"default","site-content-style":"default","site-sidebar-style":"default","ast-global-header-display":"","ast-banner-title-visibility":"","ast-main-header-display":"","ast-hfb-above-header-display":"","ast-hfb-below-header-display":"","ast-hfb-mobile-header-display":"","site-post-title":"","ast-breadcrumbs-content":"","ast-featured-img":"","footer-sml-layout":"","ast-disable-related-posts":"","theme-transparent-header-meta":"default","adv-header-id-meta":"","stick-header-meta":"","header-above-stick-meta":"","header-main-stick-meta":"","header-below-stick-meta":"","astra-migrate-meta-layouts":"set","ast-page-background-enabled":"default","ast-page-background-meta":{"desktop":{"background-color":"var(--ast-global-color-5)","background-image":"","background-repeat":"repeat","background-position":"center center","background-size":"auto","background-attachment":"scroll","background-type":"","background-media":"","overlay-type":"","overlay-color":"","overlay-opacity":"","overlay-gradient":""},"tablet":{"background-color":"","background-image":"","background-repeat":"repeat","background-position":"center center","background-size":"auto","background-attachment":"scroll","background-type":"","background-media":"","overlay-type":"","overlay-color":"","overlay-opacity":"","overlay-gradient":""},"mobile":{"background-color":"","background-image":"","background-repeat":"repeat","background-position":"center center","background-size":"auto","background-attachment":"scroll","background-type":"","background-media":"","overlay-type":"","overlay-color":"","overlay-opacity":"","overlay-gradient":""}},"ast-content-background-meta":{"desktop":{"background-color":"var(--ast-global-color-4)","background-image":"","background-repeat":"repeat","background-position":"center center","background-size":"auto","background-attachment":"scroll","background-type":"","background-media":"","overlay-type":"","overlay-color":"","overlay-opacity":"","overlay-gradient":""},"tablet":{"background-color":"var(--ast-global-color-4)","background-image":"","background-repeat":"repeat","background-position":"center center","background-size":"auto","background-attachment":"scroll","background-type":"","background-media":"","overlay-type":"","overlay-color":"","overlay-opacity":"","overlay-gradient":""},"mobile":{"background-color":"var(--ast-global-color-4)","background-image":"","background-repeat":"repeat","background-position":"center center","background-size":"auto","background-attachment":"scroll","background-type":"","background-media":"","overlay-type":"","overlay-color":"","overlay-opacity":"","overlay-gradient":""}}},"product_brand":[],"product_cat":[168],"product_tag":[],"class_list":{"0":"post-24862","1":"product","2":"type-product","3":"status-publish","4":"has-post-thumbnail","6":"product_cat-hushallsprodukter","7":"pa_66556_de7rofeg-fargstark","8":"pa_66556_de7rofeg-gul","9":"pa_66556_de7rofeg-varm","10":"pa_66556_de7rofeg-vit-varm","11":"pa_66556_pzo1bk6k-1-st","12":"pa_66556_pzo1bk6k-2-st","13":"pa_66556_pzo1bk6k-3-st","14":"desktop-align-left","15":"tablet-align-left","16":"mobile-align-left","18":"first","19":"instock","20":"shipping-taxable","21":"purchasable","22":"product-type-variable","23":"has-default-attributes"},"yoast_head":"<!-- This site is optimized with the Yoast SEO plugin v27.4 - https:\/\/yoast.com\/product\/yoast-seo-wordpress\/ -->\n<title>Solar utomhus vattent\u00e4t v\u00e4gglampa - Deravio SE<\/title>\n<meta name=\"robots\" content=\"index, follow, max-snippet:-1, max-image-preview:large, max-video-preview:-1\" \/>\n<link rel=\"canonical\" href=\"https:\/\/deravio.com\/se\/produkt\/solar-utomhus-vattentat-vagglampa\/\" \/>\n<meta property=\"og:locale\" content=\"sv_SE\" \/>\n<meta property=\"og:type\" content=\"article\" \/>\n<meta property=\"og:title\" content=\"Solar utomhus vattent\u00e4t v\u00e4gglampa - Deravio SE\" \/>\n<meta property=\"og:description\" content=\"\ud83c\udf3bLjus utomhusbelysning som drivs av solen. Smart belysning f\u00f6r s\u00e4krare och vackrare utomhusutrymmen. \ud83c\udf1eDen h\u00e4r vattent\u00e4ta v\u00e4gglampan f\u00f6r utomhusbruk med solenergi ger tillf\u00f6rlitlig nattbelysning utan el eller komplicerade ledningar. \ud83c\udfe1Drivs av solenergi, laddas under dagen och lyser automatiskt upp dina utomhusomr\u00e5den p\u00e5 natten, vilket ger bekv\u00e4mlighet, s\u00e4kerhet och modern stil.\" \/>\n<meta property=\"og:url\" content=\"https:\/\/deravio.com\/se\/produkt\/solar-utomhus-vattentat-vagglampa\/\" \/>\n<meta property=\"og:site_name\" content=\"Deravio SE\" \/>\n<meta property=\"article:modified_time\" content=\"2026-05-04T16:47:26+00:00\" \/>\n<meta property=\"og:image\" content=\"https:\/\/deravio.com\/se\/wp-content\/uploads\/sites\/20\/2026\/05\/488ts3g-1.webp\" \/>\n\t<meta property=\"og:image:width\" content=\"800\" \/>\n\t<meta property=\"og:image:height\" content=\"800\" \/>\n\t<meta property=\"og:image:type\" content=\"image\/webp\" \/>\n<meta name=\"twitter:card\" content=\"summary_large_image\" \/>\n<meta name=\"twitter:label1\" content=\"Ber\u00e4knad l\u00e4stid\" \/>\n\t<meta name=\"twitter:data1\" content=\"2 minuter\" \/>\n<script type=\"application\/ld+json\" class=\"yoast-schema-graph\">{\"@context\":\"https:\\\/\\\/schema.org\",\"@graph\":[{\"@type\":\"WebPage\",\"@id\":\"https:\\\/\\\/deravio.com\\\/se\\\/produkt\\\/solar-utomhus-vattentat-vagglampa\\\/\",\"url\":\"https:\\\/\\\/deravio.com\\\/se\\\/produkt\\\/solar-utomhus-vattentat-vagglampa\\\/\",\"name\":\"Solar utomhus vattent\u00e4t v\u00e4gglampa - Deravio SE\",\"isPartOf\":{\"@id\":\"https:\\\/\\\/deravio.com\\\/se\\\/#website\"},\"primaryImageOfPage\":{\"@id\":\"https:\\\/\\\/deravio.com\\\/se\\\/produkt\\\/solar-utomhus-vattentat-vagglampa\\\/#primaryimage\"},\"image\":{\"@id\":\"https:\\\/\\\/deravio.com\\\/se\\\/produkt\\\/solar-utomhus-vattentat-vagglampa\\\/#primaryimage\"},\"thumbnailUrl\":\"https:\\\/\\\/deravio.com\\\/se\\\/wp-content\\\/uploads\\\/sites\\\/20\\\/2026\\\/05\\\/488ts3g-1.webp\",\"datePublished\":\"2026-05-04T16:46:33+00:00\",\"dateModified\":\"2026-05-04T16:47:26+00:00\",\"breadcrumb\":{\"@id\":\"https:\\\/\\\/deravio.com\\\/se\\\/produkt\\\/solar-utomhus-vattentat-vagglampa\\\/#breadcrumb\"},\"inLanguage\":\"sv-SE\",\"potentialAction\":[{\"@type\":\"ReadAction\",\"target\":[\"https:\\\/\\\/deravio.com\\\/se\\\/produkt\\\/solar-utomhus-vattentat-vagglampa\\\/\"]}]},{\"@type\":\"ImageObject\",\"inLanguage\":\"sv-SE\",\"@id\":\"https:\\\/\\\/deravio.com\\\/se\\\/produkt\\\/solar-utomhus-vattentat-vagglampa\\\/#primaryimage\",\"url\":\"https:\\\/\\\/deravio.com\\\/se\\\/wp-content\\\/uploads\\\/sites\\\/20\\\/2026\\\/05\\\/488ts3g-1.webp\",\"contentUrl\":\"https:\\\/\\\/deravio.com\\\/se\\\/wp-content\\\/uploads\\\/sites\\\/20\\\/2026\\\/05\\\/488ts3g-1.webp\",\"width\":800,\"height\":800},{\"@type\":\"BreadcrumbList\",\"@id\":\"https:\\\/\\\/deravio.com\\\/se\\\/produkt\\\/solar-utomhus-vattentat-vagglampa\\\/#breadcrumb\",\"itemListElement\":[{\"@type\":\"ListItem\",\"position\":1,\"name\":\"Home\",\"item\":\"https:\\\/\\\/deravio.com\\\/se\\\/\"},{\"@type\":\"ListItem\",\"position\":2,\"name\":\"Butik\",\"item\":\"https:\\\/\\\/deravio.com\\\/se\\\/butik\\\/\"},{\"@type\":\"ListItem\",\"position\":3,\"name\":\"Solar utomhus vattent\u00e4t v\u00e4gglampa\"}]},{\"@type\":\"WebSite\",\"@id\":\"https:\\\/\\\/deravio.com\\\/se\\\/#website\",\"url\":\"https:\\\/\\\/deravio.com\\\/se\\\/\",\"name\":\"Deravio SE\",\"description\":\"\",\"publisher\":{\"@id\":\"https:\\\/\\\/deravio.com\\\/se\\\/#organization\"},\"potentialAction\":[{\"@type\":\"SearchAction\",\"target\":{\"@type\":\"EntryPoint\",\"urlTemplate\":\"https:\\\/\\\/deravio.com\\\/se\\\/?s={search_term_string}\"},\"query-input\":{\"@type\":\"PropertyValueSpecification\",\"valueRequired\":true,\"valueName\":\"search_term_string\"}}],\"inLanguage\":\"sv-SE\"},{\"@type\":\"Organization\",\"@id\":\"https:\\\/\\\/deravio.com\\\/se\\\/#organization\",\"name\":\"Mekulo\",\"url\":\"https:\\\/\\\/deravio.com\\\/se\\\/\",\"logo\":{\"@type\":\"ImageObject\",\"inLanguage\":\"sv-SE\",\"@id\":\"https:\\\/\\\/deravio.com\\\/se\\\/#\\\/schema\\\/logo\\\/image\\\/\",\"url\":\"https:\\\/\\\/deravio.com\\\/se\\\/wp-content\\\/uploads\\\/sites\\\/20\\\/2025\\\/12\\\/favicon_mekulo.png\",\"contentUrl\":\"https:\\\/\\\/deravio.com\\\/se\\\/wp-content\\\/uploads\\\/sites\\\/20\\\/2025\\\/12\\\/favicon_mekulo.png\",\"width\":50,\"height\":50,\"caption\":\"Mekulo\"},\"image\":{\"@id\":\"https:\\\/\\\/deravio.com\\\/se\\\/#\\\/schema\\\/logo\\\/image\\\/\"}}]}<\/script>\n<!-- \/ Yoast SEO plugin. -->","yoast_head_json":{"title":"Solar utomhus vattent\u00e4t v\u00e4gglampa - Deravio SE","robots":{"index":"index","follow":"follow","max-snippet":"max-snippet:-1","max-image-preview":"max-image-preview:large","max-video-preview":"max-video-preview:-1"},"canonical":"https:\/\/deravio.com\/se\/produkt\/solar-utomhus-vattentat-vagglampa\/","og_locale":"sv_SE","og_type":"article","og_title":"Solar utomhus vattent\u00e4t v\u00e4gglampa - Deravio SE","og_description":"\ud83c\udf3bLjus utomhusbelysning som drivs av solen. Smart belysning f\u00f6r s\u00e4krare och vackrare utomhusutrymmen. \ud83c\udf1eDen h\u00e4r vattent\u00e4ta v\u00e4gglampan f\u00f6r utomhusbruk med solenergi ger tillf\u00f6rlitlig nattbelysning utan el eller komplicerade ledningar. \ud83c\udfe1Drivs av solenergi, laddas under dagen och lyser automatiskt upp dina utomhusomr\u00e5den p\u00e5 natten, vilket ger bekv\u00e4mlighet, s\u00e4kerhet och modern stil.","og_url":"https:\/\/deravio.com\/se\/produkt\/solar-utomhus-vattentat-vagglampa\/","og_site_name":"Deravio SE","article_modified_time":"2026-05-04T16:47:26+00:00","og_image":[{"width":800,"height":800,"url":"https:\/\/deravio.com\/se\/wp-content\/uploads\/sites\/20\/2026\/05\/488ts3g-1.webp","type":"image\/webp"}],"twitter_card":"summary_large_image","twitter_misc":{"Ber\u00e4knad l\u00e4stid":"2 minuter"},"schema":{"@context":"https:\/\/schema.org","@graph":[{"@type":"WebPage","@id":"https:\/\/deravio.com\/se\/produkt\/solar-utomhus-vattentat-vagglampa\/","url":"https:\/\/deravio.com\/se\/produkt\/solar-utomhus-vattentat-vagglampa\/","name":"Solar utomhus vattent\u00e4t v\u00e4gglampa - Deravio SE","isPartOf":{"@id":"https:\/\/deravio.com\/se\/#website"},"primaryImageOfPage":{"@id":"https:\/\/deravio.com\/se\/produkt\/solar-utomhus-vattentat-vagglampa\/#primaryimage"},"image":{"@id":"https:\/\/deravio.com\/se\/produkt\/solar-utomhus-vattentat-vagglampa\/#primaryimage"},"thumbnailUrl":"https:\/\/deravio.com\/se\/wp-content\/uploads\/sites\/20\/2026\/05\/488ts3g-1.webp","datePublished":"2026-05-04T16:46:33+00:00","dateModified":"2026-05-04T16:47:26+00:00","breadcrumb":{"@id":"https:\/\/deravio.com\/se\/produkt\/solar-utomhus-vattentat-vagglampa\/#breadcrumb"},"inLanguage":"sv-SE","potentialAction":[{"@type":"ReadAction","target":["https:\/\/deravio.com\/se\/produkt\/solar-utomhus-vattentat-vagglampa\/"]}]},{"@type":"ImageObject","inLanguage":"sv-SE","@id":"https:\/\/deravio.com\/se\/produkt\/solar-utomhus-vattentat-vagglampa\/#primaryimage","url":"https:\/\/deravio.com\/se\/wp-content\/uploads\/sites\/20\/2026\/05\/488ts3g-1.webp","contentUrl":"https:\/\/deravio.com\/se\/wp-content\/uploads\/sites\/20\/2026\/05\/488ts3g-1.webp","width":800,"height":800},{"@type":"BreadcrumbList","@id":"https:\/\/deravio.com\/se\/produkt\/solar-utomhus-vattentat-vagglampa\/#breadcrumb","itemListElement":[{"@type":"ListItem","position":1,"name":"Home","item":"https:\/\/deravio.com\/se\/"},{"@type":"ListItem","position":2,"name":"Butik","item":"https:\/\/deravio.com\/se\/butik\/"},{"@type":"ListItem","position":3,"name":"Solar utomhus vattent\u00e4t v\u00e4gglampa"}]},{"@type":"WebSite","@id":"https:\/\/deravio.com\/se\/#website","url":"https:\/\/deravio.com\/se\/","name":"Deravio SE","description":"","publisher":{"@id":"https:\/\/deravio.com\/se\/#organization"},"potentialAction":[{"@type":"SearchAction","target":{"@type":"EntryPoint","urlTemplate":"https:\/\/deravio.com\/se\/?s={search_term_string}"},"query-input":{"@type":"PropertyValueSpecification","valueRequired":true,"valueName":"search_term_string"}}],"inLanguage":"sv-SE"},{"@type":"Organization","@id":"https:\/\/deravio.com\/se\/#organization","name":"Mekulo","url":"https:\/\/deravio.com\/se\/","logo":{"@type":"ImageObject","inLanguage":"sv-SE","@id":"https:\/\/deravio.com\/se\/#\/schema\/logo\/image\/","url":"https:\/\/deravio.com\/se\/wp-content\/uploads\/sites\/20\/2025\/12\/favicon_mekulo.png","contentUrl":"https:\/\/deravio.com\/se\/wp-content\/uploads\/sites\/20\/2025\/12\/favicon_mekulo.png","width":50,"height":50,"caption":"Mekulo"},"image":{"@id":"https:\/\/deravio.com\/se\/#\/schema\/logo\/image\/"}}]}},"_links":{"self":[{"href":"https:\/\/deravio.com\/se\/wp-json\/wp\/v2\/product\/24862","targetHints":{"allow":["GET"]}}],"collection":[{"href":"https:\/\/deravio.com\/se\/wp-json\/wp\/v2\/product"}],"about":[{"href":"https:\/\/deravio.com\/se\/wp-json\/wp\/v2\/types\/product"}],"replies":[{"embeddable":true,"href":"https:\/\/deravio.com\/se\/wp-json\/wp\/v2\/comments?post=24862"}],"wp:featuredmedia":[{"embeddable":true,"href":"https:\/\/deravio.com\/se\/wp-json\/wp\/v2\/media\/24858"}],"wp:attachment":[{"href":"https:\/\/deravio.com\/se\/wp-json\/wp\/v2\/media?parent=24862"}],"wp:term":[{"taxonomy":"product_brand","embeddable":true,"href":"https:\/\/deravio.com\/se\/wp-json\/wp\/v2\/product_brand?post=24862"},{"taxonomy":"product_cat","embeddable":true,"href":"https:\/\/deravio.com\/se\/wp-json\/wp\/v2\/product_cat?post=24862"},{"taxonomy":"product_tag","embeddable":true,"href":"https:\/\/deravio.com\/se\/wp-json\/wp\/v2\/product_tag?post=24862"}],"curies":[{"name":"wp","href":"https:\/\/api.w.org\/{rel}","templated":true}]}}