{"id":24853,"date":"2026-05-04T19:44:32","date_gmt":"2026-05-04T16:44:32","guid":{"rendered":"https:\/\/deravio.com\/se\/produkt\/smart-justerbar-skotork\/"},"modified":"2026-05-04T19:44:32","modified_gmt":"2026-05-04T16:44:32","slug":"smart-justerbar-skotork","status":"publish","type":"product","link":"https:\/\/deravio.com\/se\/produkt\/smart-justerbar-skotork\/","title":{"rendered":"Smart justerbar skotork"},"content":{"rendered":"<h2 style=\"text-align: center\" data-section-id=\"wtab3f\" data-start=\"439\" data-end=\"455\">\u2728 L\u00f6ftet<\/h2>\n<p style=\"text-align: center\" data-start=\"457\" data-end=\"517\">Torka skor snabbare.<br data-start=\"474\" data-end=\"477\" \/>Eliminera lukt.<br data-start=\"492\" data-end=\"495\" \/>Skydda dina skor.<\/p>\n<p data-start=\"457\" data-end=\"517\"><img fetchpriority=\"high\" decoding=\"async\" class=\" wp-image-27580 aligncenter\" src=\"https:\/\/mekulo.com\/template\/wp-content\/uploads\/sites\/6\/2026\/03\/12219-ezgif.com-video-to-webp-converter-5.webp\" alt=\"\" width=\"551\" height=\"551\" \/><\/p>\n<h2 style=\"text-align: center\" data-section-id=\"cpygjs\" data-start=\"524\" data-end=\"543\">\ud83d\udc5f Huvudf\u00f6rdelar<\/h2>\n<p data-start=\"547\" data-end=\"656\">\ud83c\udf2c 360\u00b0 varmluftscirkulation &#8211; Varm luft str\u00f6mmar genom varje h\u00f6rn av skon f\u00f6r snabb och j\u00e4mn torkning.<\/p>\n<p data-start=\"660\" data-end=\"770\">\ud83d\udca8 Djup deodoriseringsteknik &#8211; Aktivt kol hj\u00e4lper till att absorbera lukt och minska bakterier inuti skor.<\/p>\n<p data-start=\"774\" data-end=\"874\">\u23f1 Smart timerkontroll &#8211; V\u00e4lj mellan 30 \/ 60 \/ 90 \/ 120 minuter f\u00f6r olika torkbehov.<\/p>\n<p data-start=\"878\" data-end=\"996\">\ud83c\udf21 Konstant temperaturskydd &#8211; Intelligent uppv\u00e4rmning h\u00e5ller en s\u00e4ker temperatur f\u00f6r att skydda k\u00e4nsliga material.<\/p>\n<p data-start=\"1000\" data-end=\"1095\">\ud83e\udde4 Torkning f\u00f6r flera \u00e4ndam\u00e5l &#8211; Perfekt f\u00f6r skor, st\u00f6vlar, handskar, strumpor och andra sm\u00e5 f\u00f6rem\u00e5l.<\/p>\n<p data-start=\"1099\" data-end=\"1194\">\ud83c\udfe0 Familjev\u00e4nlig bekv\u00e4mlighet &#8211; H\u00e5ller allas skor fr\u00e4scha och redo f\u00f6r daglig anv\u00e4ndning.<\/p>\n<h2 style=\"text-align: center\" data-section-id=\"d0iej6\" data-start=\"1201\" data-end=\"1224\">\u2757 Problem \u2192 L\u00f6sning<\/h2>\n<p data-start=\"1226\" data-end=\"1338\"><strong data-start=\"1226\" data-end=\"1238\">Problem:<\/strong><br data-start=\"1238\" data-end=\"1241\" \/>V\u00e5ta skor tar ofta timmar att torka, vilket leder till obehaglig lukt, bakterieansamling och obehag.<\/p>\n<p data-start=\"1340\" data-end=\"1509\"><strong data-start=\"1340\" data-end=\"1353\">L\u00f6sning:<\/strong><br data-start=\"1353\" data-end=\"1356\" \/>Denna smarta justerbara skotork torkar skor fr\u00e5n insidan med hj\u00e4lp av cirkulerande varm luft samtidigt som lukt avl\u00e4gsnas &#8211; vilket h\u00e5ller skorna rena, torra och bekv\u00e4ma. Friska skor b\u00f6rjar med korrekt torkning.<\/p>\n<p data-start=\"1340\" data-end=\"1509\"><img decoding=\"async\" class=\"size-full wp-image-27583 aligncenter\" src=\"https:\/\/mekulo.com\/template\/wp-content\/uploads\/sites\/6\/2026\/03\/3-7.jpeg\" alt=\"\" width=\"1000\" height=\"1000\" \/><\/p>\n<h2 style=\"text-align: center\" data-section-id=\"idt0v2\" data-start=\"1557\" data-end=\"1583\">\ud83c\udfc3 Perfekt f\u00f6r<\/h2>\n<ul data-start=\"1599\" data-end=\"1759\">\n<li data-section-id=\"s99o19\" data-start=\"1599\" data-end=\"1624\">\n<p data-start=\"1601\" data-end=\"1624\">Daglig skotorkning<\/p>\n<\/li>\n<li data-section-id=\"1viln82\" data-start=\"1625\" data-end=\"1656\">\n<p data-start=\"1627\" data-end=\"1656\">Vinterk\u00e4ngor och sn\u00f6skor<\/p>\n<\/li>\n<li data-section-id=\"1g3hu0t\" data-start=\"1657\" data-end=\"1690\">\n<p data-start=\"1659\" data-end=\"1690\">Sportskor och gymsneakers<\/p>\n<\/li>\n<li data-section-id=\"16u3od0\" data-start=\"1691\" data-end=\"1721\">\n<p data-start=\"1693\" data-end=\"1721\">Vandrings- eller utomhusskor<\/p>\n<\/li>\n<li data-section-id=\"u32up6\" data-start=\"1722\" data-end=\"1759\">\n<p data-start=\"1724\" data-end=\"1759\">Vantar, strumpor och sm\u00e5 plagg<\/p>\n<\/li>\n<\/ul>\n<p data-start=\"1761\" data-end=\"1800\">Ett praktiskt verktyg f\u00f6r aktiva hush\u00e5ll.<\/p>\n<h2 style=\"text-align: center\" data-section-id=\"1k514u3\" data-start=\"1807\" data-end=\"1823\">\u2699\ufe0f Hur man anv\u00e4nder<\/h2>\n<ol data-start=\"1825\" data-end=\"2072\">\n<li data-section-id=\"1yxfo9i\" data-start=\"1825\" data-end=\"1876\">\n<p data-start=\"1828\" data-end=\"1876\">F\u00f6r in torkarmarna i dina skor eller st\u00f6vlar.<\/p>\n<\/li>\n<li data-section-id=\"lkth62\" data-start=\"1877\" data-end=\"1935\">\n<p data-start=\"1880\" data-end=\"1935\">V\u00e4lj \u00f6nskad torktid med kontrollratten.<\/p>\n<\/li>\n<li data-section-id=\"madkf9\" data-start=\"1936\" data-end=\"1959\">\n<p data-start=\"1939\" data-end=\"1959\">Sl\u00e5 p\u00e5 enheten.<\/p>\n<\/li>\n<li data-section-id=\"wy4ljm\" data-start=\"1960\" data-end=\"2013\">\n<p data-start=\"1963\" data-end=\"2013\">Varm luft kommer att cirkulera och torka skorna j\u00e4mnt.<\/p>\n<\/li>\n<li data-section-id=\"pac3by\" data-start=\"2014\" data-end=\"2072\">\n<p data-start=\"2017\" data-end=\"2072\">Torken stannar automatiskt n\u00e4r timern \u00e4r klar.<\/p>\n<\/li>\n<\/ol>\n<h2 style=\"text-align: center\" data-section-id=\"6cujb5\" data-start=\"2109\" data-end=\"2130\">\ud83d\udcd0 Produktdetaljer<\/h2>\n<ul data-start=\"2132\" data-end=\"2414\">\n<li data-section-id=\"1cryzvx\" data-start=\"2132\" data-end=\"2201\">\n<p data-start=\"2134\" data-end=\"2201\">Material: H\u00f6gtemperaturbest\u00e4ndigt flamskyddsmaterial<\/p>\n<\/li>\n<li data-section-id=\"8gorz7\" data-start=\"2202\" data-end=\"2221\">\n<p data-start=\"2204\" data-end=\"2221\">Effekt: 180W<\/p>\n<\/li>\n<li data-section-id=\"6b1a4i\" data-start=\"2222\" data-end=\"2276\">\n<p data-start=\"2224\" data-end=\"2238\">Sp\u00e4nning:<span style=\"font-size: 16px\">\u00a0220-240V<\/span><\/p>\n<\/li>\n<li data-section-id=\"12y1bcx\" data-start=\"2277\" data-end=\"2300\">\n<p data-start=\"2279\" data-end=\"2300\">Frekvens: 50Hz<\/p>\n<\/li>\n<li data-section-id=\"185y3f7\" data-start=\"2301\" data-end=\"2342\">\n<p data-start=\"2303\" data-end=\"2342\">Uppv\u00e4rmningstemperatur: Ca. 48\u00b0C<\/p>\n<\/li>\n<li data-section-id=\"1f8tgot\" data-start=\"2343\" data-end=\"2393\">\n<p data-start=\"2345\" data-end=\"2393\">Timerinst\u00e4llningar: 30 \/ 60 \/ 90 \/ 120 minuter<\/p>\n<\/li>\n<li data-section-id=\"1f8tgot\" data-start=\"2343\" data-end=\"2393\">\n<p data-start=\"2345\" data-end=\"2393\">Pluggtyp: EU-kontakt<\/p>\n<\/li>\n<li data-section-id=\"1f8tgot\" data-start=\"2343\" data-end=\"2393\">Storlek: 28,5 x 26,5 cm<\/li>\n<\/ul>\n<h2 style=\"text-align: center\" data-section-id=\"1qc1r63\" data-start=\"2464\" data-end=\"2486\">\ud83d\udce6 Paketet inneh\u00e5ller<\/h2>\n<ul data-start=\"2488\" data-end=\"2523\">\n<li data-section-id=\"1ssg3mx\" data-start=\"2488\" data-end=\"2523\">\n<p data-start=\"2490\" data-end=\"2523\">1x smart justerbar skotork.<\/p>\n<\/li>\n<\/ul>\n","protected":false},"excerpt":{"rendered":"<p>\ud83e\ude70Torra, fr\u00e4scha och slitstarka skor varje dag. Det smartare s\u00e4ttet att ta hand om dina skor.<br \/>\n\ud83d\udc5fDen h\u00e4r smarta justerbara skotorkaren anv\u00e4nder cirkulerande varm luft och intelligent temperaturkontroll f\u00f6r att torka skor snabbt samtidigt som lukt och fukt elimineras.<br \/>\n\ud83d\udca8Designade f\u00f6r bekv\u00e4mlighet och s\u00e4kerhet, h\u00e5ller dina skor bekv\u00e4ma, hygieniska och redo f\u00f6r n\u00e4sta dag.<\/p>\n","protected":false},"featured_media":24849,"comment_status":"open","ping_status":"closed","template":"","meta":{"site-sidebar-layout":"default","site-content-layout":"","ast-site-content-layout":"default","site-content-style":"default","site-sidebar-style":"default","ast-global-header-display":"","ast-banner-title-visibility":"","ast-main-header-display":"","ast-hfb-above-header-display":"","ast-hfb-below-header-display":"","ast-hfb-mobile-header-display":"","site-post-title":"","ast-breadcrumbs-content":"","ast-featured-img":"","footer-sml-layout":"","ast-disable-related-posts":"","theme-transparent-header-meta":"default","adv-header-id-meta":"","stick-header-meta":"","header-above-stick-meta":"","header-main-stick-meta":"","header-below-stick-meta":"","astra-migrate-meta-layouts":"set","ast-page-background-enabled":"default","ast-page-background-meta":{"desktop":{"background-color":"var(--ast-global-color-5)","background-image":"","background-repeat":"repeat","background-position":"center center","background-size":"auto","background-attachment":"scroll","background-type":"","background-media":"","overlay-type":"","overlay-color":"","overlay-opacity":"","overlay-gradient":""},"tablet":{"background-color":"","background-image":"","background-repeat":"repeat","background-position":"center center","background-size":"auto","background-attachment":"scroll","background-type":"","background-media":"","overlay-type":"","overlay-color":"","overlay-opacity":"","overlay-gradient":""},"mobile":{"background-color":"","background-image":"","background-repeat":"repeat","background-position":"center center","background-size":"auto","background-attachment":"scroll","background-type":"","background-media":"","overlay-type":"","overlay-color":"","overlay-opacity":"","overlay-gradient":""}},"ast-content-background-meta":{"desktop":{"background-color":"var(--ast-global-color-4)","background-image":"","background-repeat":"repeat","background-position":"center center","background-size":"auto","background-attachment":"scroll","background-type":"","background-media":"","overlay-type":"","overlay-color":"","overlay-opacity":"","overlay-gradient":""},"tablet":{"background-color":"var(--ast-global-color-4)","background-image":"","background-repeat":"repeat","background-position":"center center","background-size":"auto","background-attachment":"scroll","background-type":"","background-media":"","overlay-type":"","overlay-color":"","overlay-opacity":"","overlay-gradient":""},"mobile":{"background-color":"var(--ast-global-color-4)","background-image":"","background-repeat":"repeat","background-position":"center center","background-size":"auto","background-attachment":"scroll","background-type":"","background-media":"","overlay-type":"","overlay-color":"","overlay-opacity":"","overlay-gradient":""}}},"product_brand":[],"product_cat":[168],"product_tag":[],"class_list":{"0":"post-24853","1":"product","2":"type-product","3":"status-publish","4":"has-post-thumbnail","6":"product_cat-hushallsprodukter","7":"desktop-align-left","8":"tablet-align-left","9":"mobile-align-left","11":"first","12":"instock","13":"shipping-taxable","14":"purchasable","15":"product-type-simple"},"yoast_head":"<!-- This site is optimized with the Yoast SEO plugin v27.4 - https:\/\/yoast.com\/product\/yoast-seo-wordpress\/ -->\n<title>Smart justerbar skotork - Deravio SE<\/title>\n<meta name=\"robots\" content=\"index, follow, max-snippet:-1, max-image-preview:large, max-video-preview:-1\" \/>\n<link rel=\"canonical\" href=\"https:\/\/deravio.com\/se\/produkt\/smart-justerbar-skotork\/\" \/>\n<meta property=\"og:locale\" content=\"sv_SE\" \/>\n<meta property=\"og:type\" content=\"article\" \/>\n<meta property=\"og:title\" content=\"Smart justerbar skotork - Deravio SE\" \/>\n<meta property=\"og:description\" content=\"\ud83e\ude70Torra, fr\u00e4scha och slitstarka skor varje dag. Det smartare s\u00e4ttet att ta hand om dina skor. \ud83d\udc5fDen h\u00e4r smarta justerbara skotorkaren anv\u00e4nder cirkulerande varm luft och intelligent temperaturkontroll f\u00f6r att torka skor snabbt samtidigt som lukt och fukt elimineras. \ud83d\udca8Designade f\u00f6r bekv\u00e4mlighet och s\u00e4kerhet, h\u00e5ller dina skor bekv\u00e4ma, hygieniska och redo f\u00f6r n\u00e4sta dag.\" \/>\n<meta property=\"og:url\" content=\"https:\/\/deravio.com\/se\/produkt\/smart-justerbar-skotork\/\" \/>\n<meta property=\"og:site_name\" content=\"Deravio SE\" \/>\n<meta property=\"og:image\" content=\"https:\/\/deravio.com\/se\/wp-content\/uploads\/sites\/20\/2026\/05\/lusztr4-1.jpeg\" \/>\n\t<meta property=\"og:image:width\" content=\"1000\" \/>\n\t<meta property=\"og:image:height\" content=\"1000\" \/>\n\t<meta property=\"og:image:type\" content=\"image\/jpeg\" \/>\n<meta name=\"twitter:card\" content=\"summary_large_image\" \/>\n<meta name=\"twitter:label1\" content=\"Ber\u00e4knad l\u00e4stid\" \/>\n\t<meta name=\"twitter:data1\" content=\"2 minuter\" \/>\n<script type=\"application\/ld+json\" class=\"yoast-schema-graph\">{\"@context\":\"https:\\\/\\\/schema.org\",\"@graph\":[{\"@type\":\"WebPage\",\"@id\":\"https:\\\/\\\/deravio.com\\\/se\\\/produkt\\\/smart-justerbar-skotork\\\/\",\"url\":\"https:\\\/\\\/deravio.com\\\/se\\\/produkt\\\/smart-justerbar-skotork\\\/\",\"name\":\"Smart justerbar skotork - Deravio SE\",\"isPartOf\":{\"@id\":\"https:\\\/\\\/deravio.com\\\/se\\\/#website\"},\"primaryImageOfPage\":{\"@id\":\"https:\\\/\\\/deravio.com\\\/se\\\/produkt\\\/smart-justerbar-skotork\\\/#primaryimage\"},\"image\":{\"@id\":\"https:\\\/\\\/deravio.com\\\/se\\\/produkt\\\/smart-justerbar-skotork\\\/#primaryimage\"},\"thumbnailUrl\":\"https:\\\/\\\/deravio.com\\\/se\\\/wp-content\\\/uploads\\\/sites\\\/20\\\/2026\\\/05\\\/lusztr4-1.jpeg\",\"datePublished\":\"2026-05-04T16:44:32+00:00\",\"breadcrumb\":{\"@id\":\"https:\\\/\\\/deravio.com\\\/se\\\/produkt\\\/smart-justerbar-skotork\\\/#breadcrumb\"},\"inLanguage\":\"sv-SE\",\"potentialAction\":[{\"@type\":\"ReadAction\",\"target\":[\"https:\\\/\\\/deravio.com\\\/se\\\/produkt\\\/smart-justerbar-skotork\\\/\"]}]},{\"@type\":\"ImageObject\",\"inLanguage\":\"sv-SE\",\"@id\":\"https:\\\/\\\/deravio.com\\\/se\\\/produkt\\\/smart-justerbar-skotork\\\/#primaryimage\",\"url\":\"https:\\\/\\\/deravio.com\\\/se\\\/wp-content\\\/uploads\\\/sites\\\/20\\\/2026\\\/05\\\/lusztr4-1.jpeg\",\"contentUrl\":\"https:\\\/\\\/deravio.com\\\/se\\\/wp-content\\\/uploads\\\/sites\\\/20\\\/2026\\\/05\\\/lusztr4-1.jpeg\",\"width\":1000,\"height\":1000},{\"@type\":\"BreadcrumbList\",\"@id\":\"https:\\\/\\\/deravio.com\\\/se\\\/produkt\\\/smart-justerbar-skotork\\\/#breadcrumb\",\"itemListElement\":[{\"@type\":\"ListItem\",\"position\":1,\"name\":\"Home\",\"item\":\"https:\\\/\\\/deravio.com\\\/se\\\/\"},{\"@type\":\"ListItem\",\"position\":2,\"name\":\"Butik\",\"item\":\"https:\\\/\\\/deravio.com\\\/se\\\/butik\\\/\"},{\"@type\":\"ListItem\",\"position\":3,\"name\":\"Smart justerbar skotork\"}]},{\"@type\":\"WebSite\",\"@id\":\"https:\\\/\\\/deravio.com\\\/se\\\/#website\",\"url\":\"https:\\\/\\\/deravio.com\\\/se\\\/\",\"name\":\"Deravio SE\",\"description\":\"\",\"publisher\":{\"@id\":\"https:\\\/\\\/deravio.com\\\/se\\\/#organization\"},\"potentialAction\":[{\"@type\":\"SearchAction\",\"target\":{\"@type\":\"EntryPoint\",\"urlTemplate\":\"https:\\\/\\\/deravio.com\\\/se\\\/?s={search_term_string}\"},\"query-input\":{\"@type\":\"PropertyValueSpecification\",\"valueRequired\":true,\"valueName\":\"search_term_string\"}}],\"inLanguage\":\"sv-SE\"},{\"@type\":\"Organization\",\"@id\":\"https:\\\/\\\/deravio.com\\\/se\\\/#organization\",\"name\":\"Mekulo\",\"url\":\"https:\\\/\\\/deravio.com\\\/se\\\/\",\"logo\":{\"@type\":\"ImageObject\",\"inLanguage\":\"sv-SE\",\"@id\":\"https:\\\/\\\/deravio.com\\\/se\\\/#\\\/schema\\\/logo\\\/image\\\/\",\"url\":\"https:\\\/\\\/deravio.com\\\/se\\\/wp-content\\\/uploads\\\/sites\\\/20\\\/2025\\\/12\\\/favicon_mekulo.png\",\"contentUrl\":\"https:\\\/\\\/deravio.com\\\/se\\\/wp-content\\\/uploads\\\/sites\\\/20\\\/2025\\\/12\\\/favicon_mekulo.png\",\"width\":50,\"height\":50,\"caption\":\"Mekulo\"},\"image\":{\"@id\":\"https:\\\/\\\/deravio.com\\\/se\\\/#\\\/schema\\\/logo\\\/image\\\/\"}}]}<\/script>\n<!-- \/ Yoast SEO plugin. -->","yoast_head_json":{"title":"Smart justerbar skotork - Deravio SE","robots":{"index":"index","follow":"follow","max-snippet":"max-snippet:-1","max-image-preview":"max-image-preview:large","max-video-preview":"max-video-preview:-1"},"canonical":"https:\/\/deravio.com\/se\/produkt\/smart-justerbar-skotork\/","og_locale":"sv_SE","og_type":"article","og_title":"Smart justerbar skotork - Deravio SE","og_description":"\ud83e\ude70Torra, fr\u00e4scha och slitstarka skor varje dag. Det smartare s\u00e4ttet att ta hand om dina skor. \ud83d\udc5fDen h\u00e4r smarta justerbara skotorkaren anv\u00e4nder cirkulerande varm luft och intelligent temperaturkontroll f\u00f6r att torka skor snabbt samtidigt som lukt och fukt elimineras. \ud83d\udca8Designade f\u00f6r bekv\u00e4mlighet och s\u00e4kerhet, h\u00e5ller dina skor bekv\u00e4ma, hygieniska och redo f\u00f6r n\u00e4sta dag.","og_url":"https:\/\/deravio.com\/se\/produkt\/smart-justerbar-skotork\/","og_site_name":"Deravio SE","og_image":[{"width":1000,"height":1000,"url":"https:\/\/deravio.com\/se\/wp-content\/uploads\/sites\/20\/2026\/05\/lusztr4-1.jpeg","type":"image\/jpeg"}],"twitter_card":"summary_large_image","twitter_misc":{"Ber\u00e4knad l\u00e4stid":"2 minuter"},"schema":{"@context":"https:\/\/schema.org","@graph":[{"@type":"WebPage","@id":"https:\/\/deravio.com\/se\/produkt\/smart-justerbar-skotork\/","url":"https:\/\/deravio.com\/se\/produkt\/smart-justerbar-skotork\/","name":"Smart justerbar skotork - Deravio SE","isPartOf":{"@id":"https:\/\/deravio.com\/se\/#website"},"primaryImageOfPage":{"@id":"https:\/\/deravio.com\/se\/produkt\/smart-justerbar-skotork\/#primaryimage"},"image":{"@id":"https:\/\/deravio.com\/se\/produkt\/smart-justerbar-skotork\/#primaryimage"},"thumbnailUrl":"https:\/\/deravio.com\/se\/wp-content\/uploads\/sites\/20\/2026\/05\/lusztr4-1.jpeg","datePublished":"2026-05-04T16:44:32+00:00","breadcrumb":{"@id":"https:\/\/deravio.com\/se\/produkt\/smart-justerbar-skotork\/#breadcrumb"},"inLanguage":"sv-SE","potentialAction":[{"@type":"ReadAction","target":["https:\/\/deravio.com\/se\/produkt\/smart-justerbar-skotork\/"]}]},{"@type":"ImageObject","inLanguage":"sv-SE","@id":"https:\/\/deravio.com\/se\/produkt\/smart-justerbar-skotork\/#primaryimage","url":"https:\/\/deravio.com\/se\/wp-content\/uploads\/sites\/20\/2026\/05\/lusztr4-1.jpeg","contentUrl":"https:\/\/deravio.com\/se\/wp-content\/uploads\/sites\/20\/2026\/05\/lusztr4-1.jpeg","width":1000,"height":1000},{"@type":"BreadcrumbList","@id":"https:\/\/deravio.com\/se\/produkt\/smart-justerbar-skotork\/#breadcrumb","itemListElement":[{"@type":"ListItem","position":1,"name":"Home","item":"https:\/\/deravio.com\/se\/"},{"@type":"ListItem","position":2,"name":"Butik","item":"https:\/\/deravio.com\/se\/butik\/"},{"@type":"ListItem","position":3,"name":"Smart justerbar skotork"}]},{"@type":"WebSite","@id":"https:\/\/deravio.com\/se\/#website","url":"https:\/\/deravio.com\/se\/","name":"Deravio SE","description":"","publisher":{"@id":"https:\/\/deravio.com\/se\/#organization"},"potentialAction":[{"@type":"SearchAction","target":{"@type":"EntryPoint","urlTemplate":"https:\/\/deravio.com\/se\/?s={search_term_string}"},"query-input":{"@type":"PropertyValueSpecification","valueRequired":true,"valueName":"search_term_string"}}],"inLanguage":"sv-SE"},{"@type":"Organization","@id":"https:\/\/deravio.com\/se\/#organization","name":"Mekulo","url":"https:\/\/deravio.com\/se\/","logo":{"@type":"ImageObject","inLanguage":"sv-SE","@id":"https:\/\/deravio.com\/se\/#\/schema\/logo\/image\/","url":"https:\/\/deravio.com\/se\/wp-content\/uploads\/sites\/20\/2025\/12\/favicon_mekulo.png","contentUrl":"https:\/\/deravio.com\/se\/wp-content\/uploads\/sites\/20\/2025\/12\/favicon_mekulo.png","width":50,"height":50,"caption":"Mekulo"},"image":{"@id":"https:\/\/deravio.com\/se\/#\/schema\/logo\/image\/"}}]}},"_links":{"self":[{"href":"https:\/\/deravio.com\/se\/wp-json\/wp\/v2\/product\/24853","targetHints":{"allow":["GET"]}}],"collection":[{"href":"https:\/\/deravio.com\/se\/wp-json\/wp\/v2\/product"}],"about":[{"href":"https:\/\/deravio.com\/se\/wp-json\/wp\/v2\/types\/product"}],"replies":[{"embeddable":true,"href":"https:\/\/deravio.com\/se\/wp-json\/wp\/v2\/comments?post=24853"}],"wp:featuredmedia":[{"embeddable":true,"href":"https:\/\/deravio.com\/se\/wp-json\/wp\/v2\/media\/24849"}],"wp:attachment":[{"href":"https:\/\/deravio.com\/se\/wp-json\/wp\/v2\/media?parent=24853"}],"wp:term":[{"taxonomy":"product_brand","embeddable":true,"href":"https:\/\/deravio.com\/se\/wp-json\/wp\/v2\/product_brand?post=24853"},{"taxonomy":"product_cat","embeddable":true,"href":"https:\/\/deravio.com\/se\/wp-json\/wp\/v2\/product_cat?post=24853"},{"taxonomy":"product_tag","embeddable":true,"href":"https:\/\/deravio.com\/se\/wp-json\/wp\/v2\/product_tag?post=24853"}],"curies":[{"name":"wp","href":"https:\/\/api.w.org\/{rel}","templated":true}]}}