{"id":24828,"date":"2026-05-04T19:42:39","date_gmt":"2026-05-04T16:42:39","guid":{"rendered":"https:\/\/deravio.com\/se\/produkt\/vaggmonterat-fiskespostall\/"},"modified":"2026-05-04T23:03:10","modified_gmt":"2026-05-04T20:03:10","slug":"vaggmonterat-fiskespostall","status":"publish","type":"product","link":"https:\/\/deravio.com\/se\/produkt\/vaggmonterat-fiskespostall\/","title":{"rendered":"V\u00e4ggmonterat fiskesp\u00f6st\u00e4ll"},"content":{"rendered":"<h2 style=\"text-align: center;\" data-section-id=\"wtab3f\" data-start=\"431\" data-end=\"447\">\u2728 L\u00f6ftet<\/h2>\n<p style=\"text-align: center;\" data-start=\"449\" data-end=\"518\">B\u00e4ttre organisation.<br data-start=\"469\" data-end=\"472\" \/>S\u00e4krare sp\u00f6f\u00f6rvaring.<br data-start=\"490\" data-end=\"493\" \/>Mer utrymme f\u00f6r din utrustning.<\/p>\n<p data-start=\"449\" data-end=\"518\"><img fetchpriority=\"high\" decoding=\"async\" class=\"size-full wp-image-27559 aligncenter\" src=\"https:\/\/mekulo.com\/template\/wp-content\/uploads\/sites\/6\/2026\/03\/spp_shopify20251111143215_1262abfeb786ff259734615e79a08f18.webp\" alt=\"\" width=\"800\" height=\"800\" \/><\/p>\n<h2 style=\"text-align: center;\" data-section-id=\"16hu0ut\" data-start=\"525\" data-end=\"544\">\ud83c\udfa3 Huvudf\u00f6rdelar<\/h2>\n<p data-start=\"548\" data-end=\"635\">\ud83e\uddf1 Platsbesparande v\u00e4ggdesign &#8211; F\u00f6rvara dina sp\u00f6n vertikalt f\u00f6r att frig\u00f6ra golvyta.<\/p>\n<p data-start=\"639\" data-end=\"735\">\ud83d\udd12 S\u00e4kert halkskydd &#8211; EVA-dynor h\u00e5ller sp\u00f6na stadigt och f\u00f6rhindrar repor eller skador.<\/p>\n<p data-start=\"739\" data-end=\"844\">\u26a1 Snabbins\u00e4ttnings- och frig\u00f6ringssystem &#8211; Sj\u00e4lvdragande clips g\u00f6r det enkelt att placera och ta bort stavar.<\/p>\n<p data-start=\"848\" data-end=\"945\">\ud83c\udfa3 H\u00e5ller flera stavar &#8211; Designad med flera slitsar f\u00f6r att organisera upp till 6 fiskesp\u00f6n.<\/p>\n<p data-start=\"949\" data-end=\"1044\">\ud83d\udee1 Slitstarka och robusta material &#8211; Byggd av stark ABS med st\u00f6tt\u00e5lig EVA-polstring.<\/p>\n<p data-start=\"1048\" data-end=\"1153\">\ud83d\udd27 Tv\u00e5 installationsalternativ &#8211; Montera med starka sj\u00e4lvh\u00e4ftande kuddar eller skruvar f\u00f6r permanent installation.<\/p>\n<h2 style=\"text-align: center;\" data-section-id=\"d0iej6\" data-start=\"1160\" data-end=\"1183\">\u2757 Problem \u2192 L\u00f6sning<\/h2>\n<p data-start=\"1185\" data-end=\"1315\"><strong data-start=\"1185\" data-end=\"1197\">Problem:<\/strong><br data-start=\"1197\" data-end=\"1200\" \/>Fiskesp\u00f6n hamnar ofta staplade p\u00e5 golvet eller lutade mot v\u00e4ggar, vilket \u00f6kar risken f\u00f6r skador och r\u00f6ran.<\/p>\n<p data-start=\"1317\" data-end=\"1490\"><strong data-start=\"1317\" data-end=\"1330\">L\u00f6sning:<\/strong><br data-start=\"1330\" data-end=\"1333\" \/>Detta v\u00e4ggmonterade fiskesp\u00f6st\u00e4ll organiserar dina sp\u00f6n s\u00e4kert p\u00e5 v\u00e4ggen, skyddar dem fr\u00e5n skador samtidigt som ditt fiskeutrymme h\u00e5lls snyggt och tillg\u00e4ngligt. En enkel uppgradering som skyddar din utrustning.<\/p>\n<p data-start=\"1317\" data-end=\"1490\"><img decoding=\"async\" class=\"size-full wp-image-27561 aligncenter\" src=\"https:\/\/mekulo.com\/template\/wp-content\/uploads\/sites\/6\/2026\/03\/spp_shopify20251111143229_186d753ac5a756f0ff0f5fc69676197e.webp\" alt=\"\" width=\"750\" height=\"638\" \/><\/p>\n<h2 style=\"text-align: center;\" data-section-id=\"10n4q2k\" data-start=\"1540\" data-end=\"1566\">\ud83c\udfe1 Perfekt f\u00f6r<\/h2>\n<ul data-start=\"1582\" data-end=\"1693\">\n<li data-section-id=\"r4zyir\" data-start=\"1582\" data-end=\"1598\">\n<p data-start=\"1584\" data-end=\"1598\">Hemgarage<\/p>\n<\/li>\n<li data-section-id=\"4iyrhl\" data-start=\"1599\" data-end=\"1624\">\n<p data-start=\"1601\" data-end=\"1624\">Fiskef\u00f6rr\u00e5d<\/p>\n<\/li>\n<li data-section-id=\"1tn18w1\" data-start=\"1625\" data-end=\"1652\">\n<p data-start=\"1627\" data-end=\"1652\">K\u00e4llare och verkst\u00e4der<\/p>\n<\/li>\n<li data-section-id=\"3kiuiv\" data-start=\"1653\" data-end=\"1668\">\n<p data-start=\"1655\" data-end=\"1668\">B\u00e5thus<\/p>\n<\/li>\n<li data-section-id=\"1tlz8td\" data-start=\"1669\" data-end=\"1693\">\n<p data-start=\"1671\" data-end=\"1693\">Fiskef\u00f6rr\u00e5d<\/p>\n<\/li>\n<\/ul>\n<p data-start=\"1695\" data-end=\"1757\">Designad f\u00f6r sportfiskare som vill ha en renare, organiserad utrustning.<\/p>\n<h2 style=\"text-align: center;\" data-section-id=\"1k514u3\" data-start=\"1764\" data-end=\"1780\">\u2699\ufe0f Hur man anv\u00e4nder<\/h2>\n<ol data-start=\"1782\" data-end=\"1991\">\n<li data-section-id=\"1fydscl\" data-start=\"1782\" data-end=\"1815\">\n<p data-start=\"1785\" data-end=\"1815\">V\u00e4lj ett l\u00e4mpligt v\u00e4ggutrymme.<\/p>\n<\/li>\n<li data-section-id=\"v33753\" data-start=\"1816\" data-end=\"1858\">\n<p data-start=\"1819\" data-end=\"1858\">Installera med hj\u00e4lp av sj\u00e4lvh\u00e4ftande kuddar eller skruvar.<\/p>\n<\/li>\n<li data-section-id=\"19uect1\" data-start=\"1859\" data-end=\"1903\">\n<p data-start=\"1862\" data-end=\"1903\">S\u00e4tt in fiskesp\u00f6na i clipssp\u00e5ren.<\/p>\n<\/li>\n<li data-section-id=\"tbhhe9\" data-start=\"1904\" data-end=\"1945\">\n<p data-start=\"1907\" data-end=\"1945\">Tryck f\u00f6rsiktigt f\u00f6r att s\u00e4kra dem p\u00e5 plats.<\/p>\n<\/li>\n<li data-section-id=\"1sp0w76\" data-start=\"1946\" data-end=\"1991\">\n<p data-start=\"1949\" data-end=\"1991\">Ta bort enkelt n\u00e4r du beh\u00f6ver ditt sp\u00f6.<\/p>\n<\/li>\n<\/ol>\n<p data-start=\"1993\" data-end=\"2033\">Snabb \u00e5tkomst n\u00e4r det \u00e4r dags att fiska.<\/p>\n<h2 style=\"text-align: center;\" data-section-id=\"6cujb5\" data-start=\"2040\" data-end=\"2061\">\ud83d\udcd0 Produktdetaljer<\/h2>\n<ul data-start=\"2063\" data-end=\"2335\">\n<li data-section-id=\"jd1axc\" data-start=\"2063\" data-end=\"2090\">\n<p data-start=\"2065\" data-end=\"2090\">Material: ABS + EVA<\/p>\n<\/li>\n<li data-section-id=\"2hvgic\" data-start=\"2091\" data-end=\"2147\">\n<p data-start=\"2093\" data-end=\"2147\">Sm\u00e5tt: 29,5 x 5 x 2,5 cm<\/p>\n<\/li>\n<li data-section-id=\"1crvsks\" data-start=\"2148\" data-end=\"2192\">\n<p data-start=\"2150\" data-end=\"2192\">Kapacitet: Rymmer upp till 6 fiskesp\u00f6n<\/p>\n<\/li>\n<li data-section-id=\"c4khcw\" data-start=\"2193\" data-end=\"2239\">\n<p data-start=\"2195\" data-end=\"2239\">Rodkompatibilitet: Upp till 2 cm diameter<\/p>\n<\/li>\n<li data-section-id=\"1dmnpm1\" data-start=\"2240\" data-end=\"2293\">\n<p data-start=\"2242\" data-end=\"2293\">Installation: Sj\u00e4lvh\u00e4ftande kuddar eller skruvmontering<\/p>\n<\/li>\n<\/ul>\n<h2 style=\"text-align: center;\" data-section-id=\"1qc1r63\" data-start=\"2399\" data-end=\"2421\">\ud83d\udce6 F\u00f6rpackningen inneh\u00e5ller<\/h2>\n<ul data-start=\"2423\" data-end=\"2551\">\n<li style=\"list-style-type: none;\">\n<ul data-start=\"2423\" data-end=\"2551\">\n<li data-section-id=\"1p3iale\" data-start=\"2423\" data-end=\"2460\">\n<p data-start=\"2425\" data-end=\"2460\">1, 2x v\u00e4ggmonterat fiskesp\u00f6st\u00e4ll<\/p>\n<\/li>\n<li data-section-id=\"yrm8mw\" data-start=\"2461\" data-end=\"2502\">\n<p data-start=\"2463\" data-end=\"2502\">4, 8x skruvar<\/p>\n<\/li>\n<li data-section-id=\"1qs6tt8\" data-start=\"2503\" data-end=\"2551\">\n<p data-start=\"2505\" data-end=\"2551\">4, 8x expansionsr\u00f6r.<\/p>\n<\/li>\n<\/ul>\n<\/li>\n<\/ul>\n","protected":false},"excerpt":{"rendered":"<p>\ud83e\uddf1H\u00e5ll din fiskeredskap organiserad och redo f\u00f6r n\u00e4sta f\u00e5ngst. En smart f\u00f6rvaringsl\u00f6sning f\u00f6r alla sportfiskare.<br \/>\n\ud83c\udfa3Det h\u00e4r v\u00e4ggmonterade fiskesp\u00f6st\u00e4llet hj\u00e4lper dig att f\u00f6rvara och skydda dina fiskesp\u00f6n samtidigt som du sparar v\u00e4rdefullt utrymme.<br \/>\n\ud83d\udc1fDesignad med s\u00e4kra halkfria grepp och ett enkelt clipsystem h\u00e5ller den din utrustning organiserad, s\u00e4ker och alltid inom r\u00e4ckh\u00e5ll.<\/p>\n","protected":false},"featured_media":24824,"comment_status":"open","ping_status":"closed","template":"","meta":{"site-sidebar-layout":"default","site-content-layout":"","ast-site-content-layout":"default","site-content-style":"default","site-sidebar-style":"default","ast-global-header-display":"","ast-banner-title-visibility":"","ast-main-header-display":"","ast-hfb-above-header-display":"","ast-hfb-below-header-display":"","ast-hfb-mobile-header-display":"","site-post-title":"","ast-breadcrumbs-content":"","ast-featured-img":"","footer-sml-layout":"","ast-disable-related-posts":"","theme-transparent-header-meta":"default","adv-header-id-meta":"","stick-header-meta":"","header-above-stick-meta":"","header-main-stick-meta":"","header-below-stick-meta":"","astra-migrate-meta-layouts":"set","ast-page-background-enabled":"default","ast-page-background-meta":{"desktop":{"background-color":"var(--ast-global-color-5)","background-image":"","background-repeat":"repeat","background-position":"center center","background-size":"auto","background-attachment":"scroll","background-type":"","background-media":"","overlay-type":"","overlay-color":"","overlay-opacity":"","overlay-gradient":""},"tablet":{"background-color":"","background-image":"","background-repeat":"repeat","background-position":"center center","background-size":"auto","background-attachment":"scroll","background-type":"","background-media":"","overlay-type":"","overlay-color":"","overlay-opacity":"","overlay-gradient":""},"mobile":{"background-color":"","background-image":"","background-repeat":"repeat","background-position":"center center","background-size":"auto","background-attachment":"scroll","background-type":"","background-media":"","overlay-type":"","overlay-color":"","overlay-opacity":"","overlay-gradient":""}},"ast-content-background-meta":{"desktop":{"background-color":"var(--ast-global-color-4)","background-image":"","background-repeat":"repeat","background-position":"center center","background-size":"auto","background-attachment":"scroll","background-type":"","background-media":"","overlay-type":"","overlay-color":"","overlay-opacity":"","overlay-gradient":""},"tablet":{"background-color":"var(--ast-global-color-4)","background-image":"","background-repeat":"repeat","background-position":"center center","background-size":"auto","background-attachment":"scroll","background-type":"","background-media":"","overlay-type":"","overlay-color":"","overlay-opacity":"","overlay-gradient":""},"mobile":{"background-color":"var(--ast-global-color-4)","background-image":"","background-repeat":"repeat","background-position":"center center","background-size":"auto","background-attachment":"scroll","background-type":"","background-media":"","overlay-type":"","overlay-color":"","overlay-opacity":"","overlay-gradient":""}}},"product_brand":[],"product_cat":[167],"product_tag":[],"class_list":{"0":"post-24828","1":"product","2":"type-product","3":"status-publish","4":"has-post-thumbnail","6":"product_cat-vandrings-camping-och-fritidsprodukter","7":"pa_66514_9ns8uyt2-bla","8":"pa_66514_9ns8uyt2-gul","9":"pa_66514_9ns8uyt2-orange","10":"pa_66514_9ns8uyt2-rod","11":"pa_66514_ooyo0liy-1-st","12":"pa_66514_ooyo0liy-2-st","13":"desktop-align-left","14":"tablet-align-left","15":"mobile-align-left","17":"first","18":"instock","19":"shipping-taxable","20":"purchasable","21":"product-type-variable","22":"has-default-attributes"},"yoast_head":"<!-- This site is optimized with the Yoast SEO plugin v27.4 - https:\/\/yoast.com\/product\/yoast-seo-wordpress\/ -->\n<title>V\u00e4ggmonterat fiskesp\u00f6st\u00e4ll - Deravio SE<\/title>\n<meta name=\"robots\" content=\"index, follow, max-snippet:-1, max-image-preview:large, max-video-preview:-1\" \/>\n<link rel=\"canonical\" href=\"https:\/\/deravio.com\/se\/produkt\/vaggmonterat-fiskespostall\/\" \/>\n<meta property=\"og:locale\" content=\"sv_SE\" \/>\n<meta property=\"og:type\" content=\"article\" \/>\n<meta property=\"og:title\" content=\"V\u00e4ggmonterat fiskesp\u00f6st\u00e4ll - Deravio SE\" \/>\n<meta property=\"og:description\" content=\"\ud83e\uddf1H\u00e5ll din fiskeredskap organiserad och redo f\u00f6r n\u00e4sta f\u00e5ngst. En smart f\u00f6rvaringsl\u00f6sning f\u00f6r alla sportfiskare. \ud83c\udfa3Det h\u00e4r v\u00e4ggmonterade fiskesp\u00f6st\u00e4llet hj\u00e4lper dig att f\u00f6rvara och skydda dina fiskesp\u00f6n samtidigt som du sparar v\u00e4rdefullt utrymme. \ud83d\udc1fDesignad med s\u00e4kra halkfria grepp och ett enkelt clipsystem h\u00e5ller den din utrustning organiserad, s\u00e4ker och alltid inom r\u00e4ckh\u00e5ll.\" \/>\n<meta property=\"og:url\" content=\"https:\/\/deravio.com\/se\/produkt\/vaggmonterat-fiskespostall\/\" \/>\n<meta property=\"og:site_name\" content=\"Deravio SE\" \/>\n<meta property=\"article:modified_time\" content=\"2026-05-04T20:03:10+00:00\" \/>\n<meta property=\"og:image\" content=\"https:\/\/deravio.com\/se\/wp-content\/uploads\/sites\/20\/2026\/05\/s3fq6ze-1.webp\" \/>\n\t<meta property=\"og:image:width\" content=\"713\" \/>\n\t<meta property=\"og:image:height\" content=\"713\" \/>\n\t<meta property=\"og:image:type\" content=\"image\/webp\" \/>\n<meta name=\"twitter:card\" content=\"summary_large_image\" \/>\n<meta name=\"twitter:label1\" content=\"Ber\u00e4knad l\u00e4stid\" \/>\n\t<meta name=\"twitter:data1\" content=\"2 minuter\" \/>\n<script type=\"application\/ld+json\" class=\"yoast-schema-graph\">{\"@context\":\"https:\\\/\\\/schema.org\",\"@graph\":[{\"@type\":\"WebPage\",\"@id\":\"https:\\\/\\\/deravio.com\\\/se\\\/produkt\\\/vaggmonterat-fiskespostall\\\/\",\"url\":\"https:\\\/\\\/deravio.com\\\/se\\\/produkt\\\/vaggmonterat-fiskespostall\\\/\",\"name\":\"V\u00e4ggmonterat fiskesp\u00f6st\u00e4ll - Deravio SE\",\"isPartOf\":{\"@id\":\"https:\\\/\\\/deravio.com\\\/se\\\/#website\"},\"primaryImageOfPage\":{\"@id\":\"https:\\\/\\\/deravio.com\\\/se\\\/produkt\\\/vaggmonterat-fiskespostall\\\/#primaryimage\"},\"image\":{\"@id\":\"https:\\\/\\\/deravio.com\\\/se\\\/produkt\\\/vaggmonterat-fiskespostall\\\/#primaryimage\"},\"thumbnailUrl\":\"https:\\\/\\\/deravio.com\\\/se\\\/wp-content\\\/uploads\\\/sites\\\/20\\\/2026\\\/05\\\/s3fq6ze-1.webp\",\"datePublished\":\"2026-05-04T16:42:39+00:00\",\"dateModified\":\"2026-05-04T20:03:10+00:00\",\"breadcrumb\":{\"@id\":\"https:\\\/\\\/deravio.com\\\/se\\\/produkt\\\/vaggmonterat-fiskespostall\\\/#breadcrumb\"},\"inLanguage\":\"sv-SE\",\"potentialAction\":[{\"@type\":\"ReadAction\",\"target\":[\"https:\\\/\\\/deravio.com\\\/se\\\/produkt\\\/vaggmonterat-fiskespostall\\\/\"]}]},{\"@type\":\"ImageObject\",\"inLanguage\":\"sv-SE\",\"@id\":\"https:\\\/\\\/deravio.com\\\/se\\\/produkt\\\/vaggmonterat-fiskespostall\\\/#primaryimage\",\"url\":\"https:\\\/\\\/deravio.com\\\/se\\\/wp-content\\\/uploads\\\/sites\\\/20\\\/2026\\\/05\\\/s3fq6ze-1.webp\",\"contentUrl\":\"https:\\\/\\\/deravio.com\\\/se\\\/wp-content\\\/uploads\\\/sites\\\/20\\\/2026\\\/05\\\/s3fq6ze-1.webp\",\"width\":713,\"height\":713},{\"@type\":\"BreadcrumbList\",\"@id\":\"https:\\\/\\\/deravio.com\\\/se\\\/produkt\\\/vaggmonterat-fiskespostall\\\/#breadcrumb\",\"itemListElement\":[{\"@type\":\"ListItem\",\"position\":1,\"name\":\"Home\",\"item\":\"https:\\\/\\\/deravio.com\\\/se\\\/\"},{\"@type\":\"ListItem\",\"position\":2,\"name\":\"Butik\",\"item\":\"https:\\\/\\\/deravio.com\\\/se\\\/butik\\\/\"},{\"@type\":\"ListItem\",\"position\":3,\"name\":\"V\u00e4ggmonterat fiskesp\u00f6st\u00e4ll\"}]},{\"@type\":\"WebSite\",\"@id\":\"https:\\\/\\\/deravio.com\\\/se\\\/#website\",\"url\":\"https:\\\/\\\/deravio.com\\\/se\\\/\",\"name\":\"Deravio SE\",\"description\":\"\",\"publisher\":{\"@id\":\"https:\\\/\\\/deravio.com\\\/se\\\/#organization\"},\"potentialAction\":[{\"@type\":\"SearchAction\",\"target\":{\"@type\":\"EntryPoint\",\"urlTemplate\":\"https:\\\/\\\/deravio.com\\\/se\\\/?s={search_term_string}\"},\"query-input\":{\"@type\":\"PropertyValueSpecification\",\"valueRequired\":true,\"valueName\":\"search_term_string\"}}],\"inLanguage\":\"sv-SE\"},{\"@type\":\"Organization\",\"@id\":\"https:\\\/\\\/deravio.com\\\/se\\\/#organization\",\"name\":\"Mekulo\",\"url\":\"https:\\\/\\\/deravio.com\\\/se\\\/\",\"logo\":{\"@type\":\"ImageObject\",\"inLanguage\":\"sv-SE\",\"@id\":\"https:\\\/\\\/deravio.com\\\/se\\\/#\\\/schema\\\/logo\\\/image\\\/\",\"url\":\"https:\\\/\\\/deravio.com\\\/se\\\/wp-content\\\/uploads\\\/sites\\\/20\\\/2025\\\/12\\\/favicon_mekulo.png\",\"contentUrl\":\"https:\\\/\\\/deravio.com\\\/se\\\/wp-content\\\/uploads\\\/sites\\\/20\\\/2025\\\/12\\\/favicon_mekulo.png\",\"width\":50,\"height\":50,\"caption\":\"Mekulo\"},\"image\":{\"@id\":\"https:\\\/\\\/deravio.com\\\/se\\\/#\\\/schema\\\/logo\\\/image\\\/\"}}]}<\/script>\n<!-- \/ Yoast SEO plugin. -->","yoast_head_json":{"title":"V\u00e4ggmonterat fiskesp\u00f6st\u00e4ll - Deravio SE","robots":{"index":"index","follow":"follow","max-snippet":"max-snippet:-1","max-image-preview":"max-image-preview:large","max-video-preview":"max-video-preview:-1"},"canonical":"https:\/\/deravio.com\/se\/produkt\/vaggmonterat-fiskespostall\/","og_locale":"sv_SE","og_type":"article","og_title":"V\u00e4ggmonterat fiskesp\u00f6st\u00e4ll - Deravio SE","og_description":"\ud83e\uddf1H\u00e5ll din fiskeredskap organiserad och redo f\u00f6r n\u00e4sta f\u00e5ngst. En smart f\u00f6rvaringsl\u00f6sning f\u00f6r alla sportfiskare. \ud83c\udfa3Det h\u00e4r v\u00e4ggmonterade fiskesp\u00f6st\u00e4llet hj\u00e4lper dig att f\u00f6rvara och skydda dina fiskesp\u00f6n samtidigt som du sparar v\u00e4rdefullt utrymme. \ud83d\udc1fDesignad med s\u00e4kra halkfria grepp och ett enkelt clipsystem h\u00e5ller den din utrustning organiserad, s\u00e4ker och alltid inom r\u00e4ckh\u00e5ll.","og_url":"https:\/\/deravio.com\/se\/produkt\/vaggmonterat-fiskespostall\/","og_site_name":"Deravio SE","article_modified_time":"2026-05-04T20:03:10+00:00","og_image":[{"width":713,"height":713,"url":"https:\/\/deravio.com\/se\/wp-content\/uploads\/sites\/20\/2026\/05\/s3fq6ze-1.webp","type":"image\/webp"}],"twitter_card":"summary_large_image","twitter_misc":{"Ber\u00e4knad l\u00e4stid":"2 minuter"},"schema":{"@context":"https:\/\/schema.org","@graph":[{"@type":"WebPage","@id":"https:\/\/deravio.com\/se\/produkt\/vaggmonterat-fiskespostall\/","url":"https:\/\/deravio.com\/se\/produkt\/vaggmonterat-fiskespostall\/","name":"V\u00e4ggmonterat fiskesp\u00f6st\u00e4ll - Deravio SE","isPartOf":{"@id":"https:\/\/deravio.com\/se\/#website"},"primaryImageOfPage":{"@id":"https:\/\/deravio.com\/se\/produkt\/vaggmonterat-fiskespostall\/#primaryimage"},"image":{"@id":"https:\/\/deravio.com\/se\/produkt\/vaggmonterat-fiskespostall\/#primaryimage"},"thumbnailUrl":"https:\/\/deravio.com\/se\/wp-content\/uploads\/sites\/20\/2026\/05\/s3fq6ze-1.webp","datePublished":"2026-05-04T16:42:39+00:00","dateModified":"2026-05-04T20:03:10+00:00","breadcrumb":{"@id":"https:\/\/deravio.com\/se\/produkt\/vaggmonterat-fiskespostall\/#breadcrumb"},"inLanguage":"sv-SE","potentialAction":[{"@type":"ReadAction","target":["https:\/\/deravio.com\/se\/produkt\/vaggmonterat-fiskespostall\/"]}]},{"@type":"ImageObject","inLanguage":"sv-SE","@id":"https:\/\/deravio.com\/se\/produkt\/vaggmonterat-fiskespostall\/#primaryimage","url":"https:\/\/deravio.com\/se\/wp-content\/uploads\/sites\/20\/2026\/05\/s3fq6ze-1.webp","contentUrl":"https:\/\/deravio.com\/se\/wp-content\/uploads\/sites\/20\/2026\/05\/s3fq6ze-1.webp","width":713,"height":713},{"@type":"BreadcrumbList","@id":"https:\/\/deravio.com\/se\/produkt\/vaggmonterat-fiskespostall\/#breadcrumb","itemListElement":[{"@type":"ListItem","position":1,"name":"Home","item":"https:\/\/deravio.com\/se\/"},{"@type":"ListItem","position":2,"name":"Butik","item":"https:\/\/deravio.com\/se\/butik\/"},{"@type":"ListItem","position":3,"name":"V\u00e4ggmonterat fiskesp\u00f6st\u00e4ll"}]},{"@type":"WebSite","@id":"https:\/\/deravio.com\/se\/#website","url":"https:\/\/deravio.com\/se\/","name":"Deravio SE","description":"","publisher":{"@id":"https:\/\/deravio.com\/se\/#organization"},"potentialAction":[{"@type":"SearchAction","target":{"@type":"EntryPoint","urlTemplate":"https:\/\/deravio.com\/se\/?s={search_term_string}"},"query-input":{"@type":"PropertyValueSpecification","valueRequired":true,"valueName":"search_term_string"}}],"inLanguage":"sv-SE"},{"@type":"Organization","@id":"https:\/\/deravio.com\/se\/#organization","name":"Mekulo","url":"https:\/\/deravio.com\/se\/","logo":{"@type":"ImageObject","inLanguage":"sv-SE","@id":"https:\/\/deravio.com\/se\/#\/schema\/logo\/image\/","url":"https:\/\/deravio.com\/se\/wp-content\/uploads\/sites\/20\/2025\/12\/favicon_mekulo.png","contentUrl":"https:\/\/deravio.com\/se\/wp-content\/uploads\/sites\/20\/2025\/12\/favicon_mekulo.png","width":50,"height":50,"caption":"Mekulo"},"image":{"@id":"https:\/\/deravio.com\/se\/#\/schema\/logo\/image\/"}}]}},"_links":{"self":[{"href":"https:\/\/deravio.com\/se\/wp-json\/wp\/v2\/product\/24828","targetHints":{"allow":["GET"]}}],"collection":[{"href":"https:\/\/deravio.com\/se\/wp-json\/wp\/v2\/product"}],"about":[{"href":"https:\/\/deravio.com\/se\/wp-json\/wp\/v2\/types\/product"}],"replies":[{"embeddable":true,"href":"https:\/\/deravio.com\/se\/wp-json\/wp\/v2\/comments?post=24828"}],"wp:featuredmedia":[{"embeddable":true,"href":"https:\/\/deravio.com\/se\/wp-json\/wp\/v2\/media\/24824"}],"wp:attachment":[{"href":"https:\/\/deravio.com\/se\/wp-json\/wp\/v2\/media?parent=24828"}],"wp:term":[{"taxonomy":"product_brand","embeddable":true,"href":"https:\/\/deravio.com\/se\/wp-json\/wp\/v2\/product_brand?post=24828"},{"taxonomy":"product_cat","embeddable":true,"href":"https:\/\/deravio.com\/se\/wp-json\/wp\/v2\/product_cat?post=24828"},{"taxonomy":"product_tag","embeddable":true,"href":"https:\/\/deravio.com\/se\/wp-json\/wp\/v2\/product_tag?post=24828"}],"curies":[{"name":"wp","href":"https:\/\/api.w.org\/{rel}","templated":true}]}}