{"id":24819,"date":"2026-05-04T19:40:51","date_gmt":"2026-05-04T16:40:51","guid":{"rendered":"https:\/\/deravio.com\/se\/produkt\/justerbar-tand-for-knivslipning\/"},"modified":"2026-05-04T19:40:51","modified_gmt":"2026-05-04T16:40:51","slug":"justerbar-tand-for-knivslipning","status":"publish","type":"product","link":"https:\/\/deravio.com\/se\/produkt\/justerbar-tand-for-knivslipning\/","title":{"rendered":"Justerbar tand f\u00f6r knivslipning"},"content":{"rendered":"<h2 style=\"text-align: center\" data-section-id=\"wtab3f\" data-start=\"434\" data-end=\"450\">\u2728 L\u00f6ftet<\/h2>\n<p style=\"text-align: center\" data-start=\"452\" data-end=\"522\">Stabil slipning.<br data-start=\"470\" data-end=\"473\" \/>Professionella resultat.<br data-start=\"494\" data-end=\"497\" \/>Renare arbetsfl\u00f6de i k\u00f6ket.<\/p>\n<p data-start=\"452\" data-end=\"522\"><img fetchpriority=\"high\" decoding=\"async\" class=\"size-full wp-image-27403 aligncenter\" src=\"https:\/\/mekulo.com\/template\/wp-content\/uploads\/sites\/6\/2026\/03\/12212-ezgif.com-video-to-webp-converter-4.webp\" alt=\"\" width=\"320\" height=\"569\" \/><\/p>\n<h2 style=\"text-align: center\" data-section-id=\"1x8y31r\" data-start=\"529\" data-end=\"547\">\u2705 Huvudf\u00f6rdelar<\/h2>\n<p data-start=\"551\" data-end=\"668\">\ud83d\udd2a Professionell slipningsstabilitet &#8211; H\u00e5ller din brytsten stadigt p\u00e5 plats f\u00f6r exakt, kontrollerad slipning.<\/p>\n<p data-start=\"672\" data-end=\"759\">\ud83e\uddf2 Halkfri, s\u00e4ker design &#8211; Halkfritt st\u00f6d f\u00f6rhindrar r\u00f6relser under slipning.<\/p>\n<p data-start=\"763\" data-end=\"882\">\ud83d\udca7 Design \u00f6ver diskb\u00e4nken f\u00f6r enkel reng\u00f6ring &#8211; Vatten rinner direkt ner i diskb\u00e4nken och h\u00e5ller din arbetsyta torr och ren.<\/p>\n<p data-start=\"886\" data-end=\"977\">\u2699\ufe0f Fullt justerbart system &#8211; Passar de flesta diskb\u00e4nkar och slipstenar f\u00f6r m\u00e5ngsidig anv\u00e4ndning.<\/p>\n<p data-start=\"981\" data-end=\"1085\">\ud83d\udee0 H\u00e5llbar konstruktion i rostfritt st\u00e5l &#8211; Rostbest\u00e4ndigt material f\u00f6r l\u00e5ngvarig anv\u00e4ndning i k\u00f6ket.<\/p>\n<p data-start=\"1089\" data-end=\"1180\">\u23f1 Snabb och enkel installation &#8211; St\u00e4lls in p\u00e5 mindre \u00e4n en minut med enkel bultjustering.<\/p>\n<h2 style=\"text-align: center\" data-section-id=\"d0iej6\" data-start=\"1187\" data-end=\"1210\">\u2757 Problem \u2192 L\u00f6sning<\/h2>\n<p data-start=\"1212\" data-end=\"1307\"><strong data-start=\"1212\" data-end=\"1224\">Problem:<\/strong><br data-start=\"1224\" data-end=\"1227\" \/>Att slipa knivar p\u00e5 instabila ytor kan vara r\u00f6rigt, farligt och ineffektivt.<\/p>\n<p data-start=\"1309\" data-end=\"1503\"><strong data-start=\"1309\" data-end=\"1322\">L\u00f6sning:<\/strong><br data-start=\"1322\" data-end=\"1325\" \/>Detta justerbara knivslipningsst\u00e4ll skapar en stabil, professionell slipstation \u00f6ver diskb\u00e4nken &#8211; s\u00e5 att vatten l\u00e4tt kan rinna ut samtidigt som slipstenen h\u00e5lls ordentligt p\u00e5 plats. Slipa med sj\u00e4lvf\u00f6rtroende och kontroll.<\/p>\n<p data-start=\"1309\" data-end=\"1503\"><img decoding=\"async\" class=\"size-full wp-image-27402 aligncenter\" src=\"https:\/\/mekulo.com\/template\/wp-content\/uploads\/sites\/6\/2026\/03\/12213-ezgif.com-video-to-webp-converter-3.webp\" alt=\"\" width=\"320\" height=\"569\" \/><\/p>\n<h2 style=\"text-align: center\" data-section-id=\"1u7dgoe\" data-start=\"1548\" data-end=\"1574\">\ud83c\udf73 Perfekt f\u00f6r<\/h2>\n<ul data-start=\"1590\" data-end=\"1697\">\n<li data-section-id=\"13wy14y\" data-start=\"1590\" data-end=\"1607\">\n<p data-start=\"1592\" data-end=\"1607\">Hemmak\u00f6k<\/p>\n<\/li>\n<li data-section-id=\"6316d4\" data-start=\"1608\" data-end=\"1630\">\n<p data-start=\"1610\" data-end=\"1630\">Professionella kockar<\/p>\n<\/li>\n<li data-section-id=\"1su9an4\" data-start=\"1631\" data-end=\"1654\">\n<p data-start=\"1633\" data-end=\"1654\">Restaurangk\u00f6k<\/p>\n<\/li>\n<li data-section-id=\"39w60a\" data-start=\"1655\" data-end=\"1676\">\n<p data-start=\"1657\" data-end=\"1676\">Kniventusiaster<\/p>\n<\/li>\n<li data-section-id=\"1pqsqyg\" data-start=\"1677\" data-end=\"1697\">\n<p data-start=\"1679\" data-end=\"1697\">Kulinariska skolor<\/p>\n<\/li>\n<\/ul>\n<p data-start=\"1699\" data-end=\"1752\">Ett viktigt verktyg f\u00f6r att uppr\u00e4tth\u00e5lla rakbladsvassa knivar.<\/p>\n<h2 style=\"text-align: center\" data-section-id=\"1k514u3\" data-start=\"1759\" data-end=\"1775\">\u2699\ufe0f Hur man anv\u00e4nder<\/h2>\n<ol data-start=\"1777\" data-end=\"2003\">\n<li data-section-id=\"1c43dm\" data-start=\"1777\" data-end=\"1821\">\n<p data-start=\"1780\" data-end=\"1821\">Justera stativet s\u00e5 att det passar din diskb\u00e4nksbredd.<\/p>\n<\/li>\n<li data-section-id=\"1wbyc69\" data-start=\"1822\" data-end=\"1864\">\n<p data-start=\"1825\" data-end=\"1864\">F\u00e4st bultarna f\u00f6r att l\u00e5sa positionen.<\/p>\n<\/li>\n<li data-section-id=\"18np5e4\" data-start=\"1865\" data-end=\"1905\">\n<p data-start=\"1868\" data-end=\"1905\">Placera brytstenen p\u00e5 h\u00e5llaren.<\/p>\n<\/li>\n<li data-section-id=\"1idp318\" data-start=\"1906\" data-end=\"1945\">\n<p data-start=\"1909\" data-end=\"1945\">Fukta stenen och b\u00f6rja slipa.<\/p>\n<\/li>\n<li data-section-id=\"14zpxxb\" data-start=\"1946\" data-end=\"2003\">\n<p data-start=\"1949\" data-end=\"2003\">Vatten dr\u00e4neras direkt i diskb\u00e4nken f\u00f6r enkel reng\u00f6ring.<\/p>\n<\/li>\n<\/ol>\n<h2 style=\"text-align: center\" data-section-id=\"6cujb5\" data-start=\"2046\" data-end=\"2067\">\ud83d\udcd0 Produktdetaljer<\/h2>\n<ul data-start=\"2069\" data-end=\"2286\">\n<li data-section-id=\"1bufnyy\" data-start=\"2069\" data-end=\"2102\">\n<p data-start=\"2071\" data-end=\"2102\">Material: Rostfritt st\u00e5l<\/p>\n<\/li>\n<li data-section-id=\"ijcvek\" data-start=\"2103\" data-end=\"2136\">\n<p data-start=\"2105\" data-end=\"2136\">Standstorlek: 48,6 x 6,2 cm<\/p>\n<\/li>\n<li data-section-id=\"1gd6g4d\" data-start=\"2137\" data-end=\"2175\">\n<p data-start=\"2139\" data-end=\"2175\">S\u00e4nkkompatibilitet: 30 &#8211; 44 cm<\/p>\n<\/li>\n<li data-section-id=\"r9uq4q\" data-start=\"2176\" data-end=\"2230\">\n<p data-start=\"2178\" data-end=\"2230\">Stenkompatibilitet: 8,4 &#8211; 24 cm l\u00e5nga stenar<\/p>\n<\/li>\n<li data-section-id=\"1p736tk\" data-start=\"2231\" data-end=\"2286\">\n<p data-start=\"2233\" data-end=\"2286\">Design: Justerbart sk\u00e4rpningsst\u00e4ll f\u00f6r diskb\u00e4nksbrygga<\/p>\n<\/li>\n<\/ul>\n<h2 style=\"text-align: center\" data-section-id=\"1qc1r63\" data-start=\"2347\" data-end=\"2369\">\ud83d\udce6 Paketet inneh\u00e5ller<\/h2>\n<ul data-start=\"2371\" data-end=\"2428\">\n<li data-section-id=\"ifxr7v\" data-start=\"2371\" data-end=\"2428\">\n<p data-start=\"2373\" data-end=\"2428\">1x justerbart knivsk\u00e4rpningsst\u00e4ll.<\/p>\n<\/li>\n<\/ul>\n","protected":false},"excerpt":{"rendered":"<p>\ud83d\udca6Uppn\u00e5 rakbladsvass precision med fullst\u00e4ndig stabilitet. Professionell knivslipning g\u00f6rs enkelt.<br \/>\n\ud83d\udd2aDetta justerbara knivslipningsstativ h\u00e5ller s\u00e4kert din slipsten \u00f6ver diskb\u00e4nken, vilket skapar en stabil och bekv\u00e4m slipningsinst\u00e4llning.<br \/>\n\ud83d\udc69\u200d\ud83c\udf73Designed f\u00f6r h\u00e5llbarhet och precision, det hj\u00e4lper dig att slipa knivar s\u00e4kert samtidigt som du h\u00e5ller din arbetsyta ren.<\/p>\n","protected":false},"featured_media":24815,"comment_status":"open","ping_status":"closed","template":"","meta":{"site-sidebar-layout":"default","site-content-layout":"","ast-site-content-layout":"default","site-content-style":"default","site-sidebar-style":"default","ast-global-header-display":"","ast-banner-title-visibility":"","ast-main-header-display":"","ast-hfb-above-header-display":"","ast-hfb-below-header-display":"","ast-hfb-mobile-header-display":"","site-post-title":"","ast-breadcrumbs-content":"","ast-featured-img":"","footer-sml-layout":"","ast-disable-related-posts":"","theme-transparent-header-meta":"default","adv-header-id-meta":"","stick-header-meta":"","header-above-stick-meta":"","header-main-stick-meta":"","header-below-stick-meta":"","astra-migrate-meta-layouts":"set","ast-page-background-enabled":"default","ast-page-background-meta":{"desktop":{"background-color":"var(--ast-global-color-5)","background-image":"","background-repeat":"repeat","background-position":"center center","background-size":"auto","background-attachment":"scroll","background-type":"","background-media":"","overlay-type":"","overlay-color":"","overlay-opacity":"","overlay-gradient":""},"tablet":{"background-color":"","background-image":"","background-repeat":"repeat","background-position":"center center","background-size":"auto","background-attachment":"scroll","background-type":"","background-media":"","overlay-type":"","overlay-color":"","overlay-opacity":"","overlay-gradient":""},"mobile":{"background-color":"","background-image":"","background-repeat":"repeat","background-position":"center center","background-size":"auto","background-attachment":"scroll","background-type":"","background-media":"","overlay-type":"","overlay-color":"","overlay-opacity":"","overlay-gradient":""}},"ast-content-background-meta":{"desktop":{"background-color":"var(--ast-global-color-4)","background-image":"","background-repeat":"repeat","background-position":"center center","background-size":"auto","background-attachment":"scroll","background-type":"","background-media":"","overlay-type":"","overlay-color":"","overlay-opacity":"","overlay-gradient":""},"tablet":{"background-color":"var(--ast-global-color-4)","background-image":"","background-repeat":"repeat","background-position":"center center","background-size":"auto","background-attachment":"scroll","background-type":"","background-media":"","overlay-type":"","overlay-color":"","overlay-opacity":"","overlay-gradient":""},"mobile":{"background-color":"var(--ast-global-color-4)","background-image":"","background-repeat":"repeat","background-position":"center center","background-size":"auto","background-attachment":"scroll","background-type":"","background-media":"","overlay-type":"","overlay-color":"","overlay-opacity":"","overlay-gradient":""}}},"product_brand":[],"product_cat":[168],"product_tag":[],"class_list":{"0":"post-24819","1":"product","2":"type-product","3":"status-publish","4":"has-post-thumbnail","6":"product_cat-hushallsprodukter","7":"desktop-align-left","8":"tablet-align-left","9":"mobile-align-left","11":"first","12":"instock","13":"shipping-taxable","14":"purchasable","15":"product-type-simple"},"yoast_head":"<!-- This site is optimized with the Yoast SEO plugin v27.4 - https:\/\/yoast.com\/product\/yoast-seo-wordpress\/ -->\n<title>Justerbar tand f\u00f6r knivslipning - Deravio SE<\/title>\n<meta name=\"robots\" content=\"index, follow, max-snippet:-1, max-image-preview:large, max-video-preview:-1\" \/>\n<link rel=\"canonical\" href=\"https:\/\/deravio.com\/se\/produkt\/justerbar-tand-for-knivslipning\/\" \/>\n<meta property=\"og:locale\" content=\"sv_SE\" \/>\n<meta property=\"og:type\" content=\"article\" \/>\n<meta property=\"og:title\" content=\"Justerbar tand f\u00f6r knivslipning - Deravio SE\" \/>\n<meta property=\"og:description\" content=\"\ud83d\udca6Uppn\u00e5 rakbladsvass precision med fullst\u00e4ndig stabilitet. Professionell knivslipning g\u00f6rs enkelt. \ud83d\udd2aDetta justerbara knivslipningsstativ h\u00e5ller s\u00e4kert din slipsten \u00f6ver diskb\u00e4nken, vilket skapar en stabil och bekv\u00e4m slipningsinst\u00e4llning. \ud83d\udc69\u200d\ud83c\udf73Designed f\u00f6r h\u00e5llbarhet och precision, det hj\u00e4lper dig att slipa knivar s\u00e4kert samtidigt som du h\u00e5ller din arbetsyta ren.\" \/>\n<meta property=\"og:url\" content=\"https:\/\/deravio.com\/se\/produkt\/justerbar-tand-for-knivslipning\/\" \/>\n<meta property=\"og:site_name\" content=\"Deravio SE\" \/>\n<meta property=\"og:image\" content=\"https:\/\/deravio.com\/se\/wp-content\/uploads\/sites\/20\/2026\/05\/6vsrf8s-1.webp\" \/>\n\t<meta property=\"og:image:width\" content=\"713\" \/>\n\t<meta property=\"og:image:height\" content=\"713\" \/>\n\t<meta property=\"og:image:type\" content=\"image\/webp\" \/>\n<meta name=\"twitter:card\" content=\"summary_large_image\" \/>\n<meta name=\"twitter:label1\" content=\"Ber\u00e4knad l\u00e4stid\" \/>\n\t<meta name=\"twitter:data1\" content=\"2 minuter\" \/>\n<script type=\"application\/ld+json\" class=\"yoast-schema-graph\">{\"@context\":\"https:\\\/\\\/schema.org\",\"@graph\":[{\"@type\":\"WebPage\",\"@id\":\"https:\\\/\\\/deravio.com\\\/se\\\/produkt\\\/justerbar-tand-for-knivslipning\\\/\",\"url\":\"https:\\\/\\\/deravio.com\\\/se\\\/produkt\\\/justerbar-tand-for-knivslipning\\\/\",\"name\":\"Justerbar tand f\u00f6r knivslipning - Deravio SE\",\"isPartOf\":{\"@id\":\"https:\\\/\\\/deravio.com\\\/se\\\/#website\"},\"primaryImageOfPage\":{\"@id\":\"https:\\\/\\\/deravio.com\\\/se\\\/produkt\\\/justerbar-tand-for-knivslipning\\\/#primaryimage\"},\"image\":{\"@id\":\"https:\\\/\\\/deravio.com\\\/se\\\/produkt\\\/justerbar-tand-for-knivslipning\\\/#primaryimage\"},\"thumbnailUrl\":\"https:\\\/\\\/deravio.com\\\/se\\\/wp-content\\\/uploads\\\/sites\\\/20\\\/2026\\\/05\\\/6vsrf8s-1.webp\",\"datePublished\":\"2026-05-04T16:40:51+00:00\",\"breadcrumb\":{\"@id\":\"https:\\\/\\\/deravio.com\\\/se\\\/produkt\\\/justerbar-tand-for-knivslipning\\\/#breadcrumb\"},\"inLanguage\":\"sv-SE\",\"potentialAction\":[{\"@type\":\"ReadAction\",\"target\":[\"https:\\\/\\\/deravio.com\\\/se\\\/produkt\\\/justerbar-tand-for-knivslipning\\\/\"]}]},{\"@type\":\"ImageObject\",\"inLanguage\":\"sv-SE\",\"@id\":\"https:\\\/\\\/deravio.com\\\/se\\\/produkt\\\/justerbar-tand-for-knivslipning\\\/#primaryimage\",\"url\":\"https:\\\/\\\/deravio.com\\\/se\\\/wp-content\\\/uploads\\\/sites\\\/20\\\/2026\\\/05\\\/6vsrf8s-1.webp\",\"contentUrl\":\"https:\\\/\\\/deravio.com\\\/se\\\/wp-content\\\/uploads\\\/sites\\\/20\\\/2026\\\/05\\\/6vsrf8s-1.webp\",\"width\":713,\"height\":713},{\"@type\":\"BreadcrumbList\",\"@id\":\"https:\\\/\\\/deravio.com\\\/se\\\/produkt\\\/justerbar-tand-for-knivslipning\\\/#breadcrumb\",\"itemListElement\":[{\"@type\":\"ListItem\",\"position\":1,\"name\":\"Home\",\"item\":\"https:\\\/\\\/deravio.com\\\/se\\\/\"},{\"@type\":\"ListItem\",\"position\":2,\"name\":\"Butik\",\"item\":\"https:\\\/\\\/deravio.com\\\/se\\\/butik\\\/\"},{\"@type\":\"ListItem\",\"position\":3,\"name\":\"Justerbar tand f\u00f6r knivslipning\"}]},{\"@type\":\"WebSite\",\"@id\":\"https:\\\/\\\/deravio.com\\\/se\\\/#website\",\"url\":\"https:\\\/\\\/deravio.com\\\/se\\\/\",\"name\":\"Deravio SE\",\"description\":\"\",\"publisher\":{\"@id\":\"https:\\\/\\\/deravio.com\\\/se\\\/#organization\"},\"potentialAction\":[{\"@type\":\"SearchAction\",\"target\":{\"@type\":\"EntryPoint\",\"urlTemplate\":\"https:\\\/\\\/deravio.com\\\/se\\\/?s={search_term_string}\"},\"query-input\":{\"@type\":\"PropertyValueSpecification\",\"valueRequired\":true,\"valueName\":\"search_term_string\"}}],\"inLanguage\":\"sv-SE\"},{\"@type\":\"Organization\",\"@id\":\"https:\\\/\\\/deravio.com\\\/se\\\/#organization\",\"name\":\"Mekulo\",\"url\":\"https:\\\/\\\/deravio.com\\\/se\\\/\",\"logo\":{\"@type\":\"ImageObject\",\"inLanguage\":\"sv-SE\",\"@id\":\"https:\\\/\\\/deravio.com\\\/se\\\/#\\\/schema\\\/logo\\\/image\\\/\",\"url\":\"https:\\\/\\\/deravio.com\\\/se\\\/wp-content\\\/uploads\\\/sites\\\/20\\\/2025\\\/12\\\/favicon_mekulo.png\",\"contentUrl\":\"https:\\\/\\\/deravio.com\\\/se\\\/wp-content\\\/uploads\\\/sites\\\/20\\\/2025\\\/12\\\/favicon_mekulo.png\",\"width\":50,\"height\":50,\"caption\":\"Mekulo\"},\"image\":{\"@id\":\"https:\\\/\\\/deravio.com\\\/se\\\/#\\\/schema\\\/logo\\\/image\\\/\"}}]}<\/script>\n<!-- \/ Yoast SEO plugin. -->","yoast_head_json":{"title":"Justerbar tand f\u00f6r knivslipning - Deravio SE","robots":{"index":"index","follow":"follow","max-snippet":"max-snippet:-1","max-image-preview":"max-image-preview:large","max-video-preview":"max-video-preview:-1"},"canonical":"https:\/\/deravio.com\/se\/produkt\/justerbar-tand-for-knivslipning\/","og_locale":"sv_SE","og_type":"article","og_title":"Justerbar tand f\u00f6r knivslipning - Deravio SE","og_description":"\ud83d\udca6Uppn\u00e5 rakbladsvass precision med fullst\u00e4ndig stabilitet. Professionell knivslipning g\u00f6rs enkelt. \ud83d\udd2aDetta justerbara knivslipningsstativ h\u00e5ller s\u00e4kert din slipsten \u00f6ver diskb\u00e4nken, vilket skapar en stabil och bekv\u00e4m slipningsinst\u00e4llning. \ud83d\udc69\u200d\ud83c\udf73Designed f\u00f6r h\u00e5llbarhet och precision, det hj\u00e4lper dig att slipa knivar s\u00e4kert samtidigt som du h\u00e5ller din arbetsyta ren.","og_url":"https:\/\/deravio.com\/se\/produkt\/justerbar-tand-for-knivslipning\/","og_site_name":"Deravio SE","og_image":[{"width":713,"height":713,"url":"https:\/\/deravio.com\/se\/wp-content\/uploads\/sites\/20\/2026\/05\/6vsrf8s-1.webp","type":"image\/webp"}],"twitter_card":"summary_large_image","twitter_misc":{"Ber\u00e4knad l\u00e4stid":"2 minuter"},"schema":{"@context":"https:\/\/schema.org","@graph":[{"@type":"WebPage","@id":"https:\/\/deravio.com\/se\/produkt\/justerbar-tand-for-knivslipning\/","url":"https:\/\/deravio.com\/se\/produkt\/justerbar-tand-for-knivslipning\/","name":"Justerbar tand f\u00f6r knivslipning - Deravio SE","isPartOf":{"@id":"https:\/\/deravio.com\/se\/#website"},"primaryImageOfPage":{"@id":"https:\/\/deravio.com\/se\/produkt\/justerbar-tand-for-knivslipning\/#primaryimage"},"image":{"@id":"https:\/\/deravio.com\/se\/produkt\/justerbar-tand-for-knivslipning\/#primaryimage"},"thumbnailUrl":"https:\/\/deravio.com\/se\/wp-content\/uploads\/sites\/20\/2026\/05\/6vsrf8s-1.webp","datePublished":"2026-05-04T16:40:51+00:00","breadcrumb":{"@id":"https:\/\/deravio.com\/se\/produkt\/justerbar-tand-for-knivslipning\/#breadcrumb"},"inLanguage":"sv-SE","potentialAction":[{"@type":"ReadAction","target":["https:\/\/deravio.com\/se\/produkt\/justerbar-tand-for-knivslipning\/"]}]},{"@type":"ImageObject","inLanguage":"sv-SE","@id":"https:\/\/deravio.com\/se\/produkt\/justerbar-tand-for-knivslipning\/#primaryimage","url":"https:\/\/deravio.com\/se\/wp-content\/uploads\/sites\/20\/2026\/05\/6vsrf8s-1.webp","contentUrl":"https:\/\/deravio.com\/se\/wp-content\/uploads\/sites\/20\/2026\/05\/6vsrf8s-1.webp","width":713,"height":713},{"@type":"BreadcrumbList","@id":"https:\/\/deravio.com\/se\/produkt\/justerbar-tand-for-knivslipning\/#breadcrumb","itemListElement":[{"@type":"ListItem","position":1,"name":"Home","item":"https:\/\/deravio.com\/se\/"},{"@type":"ListItem","position":2,"name":"Butik","item":"https:\/\/deravio.com\/se\/butik\/"},{"@type":"ListItem","position":3,"name":"Justerbar tand f\u00f6r knivslipning"}]},{"@type":"WebSite","@id":"https:\/\/deravio.com\/se\/#website","url":"https:\/\/deravio.com\/se\/","name":"Deravio SE","description":"","publisher":{"@id":"https:\/\/deravio.com\/se\/#organization"},"potentialAction":[{"@type":"SearchAction","target":{"@type":"EntryPoint","urlTemplate":"https:\/\/deravio.com\/se\/?s={search_term_string}"},"query-input":{"@type":"PropertyValueSpecification","valueRequired":true,"valueName":"search_term_string"}}],"inLanguage":"sv-SE"},{"@type":"Organization","@id":"https:\/\/deravio.com\/se\/#organization","name":"Mekulo","url":"https:\/\/deravio.com\/se\/","logo":{"@type":"ImageObject","inLanguage":"sv-SE","@id":"https:\/\/deravio.com\/se\/#\/schema\/logo\/image\/","url":"https:\/\/deravio.com\/se\/wp-content\/uploads\/sites\/20\/2025\/12\/favicon_mekulo.png","contentUrl":"https:\/\/deravio.com\/se\/wp-content\/uploads\/sites\/20\/2025\/12\/favicon_mekulo.png","width":50,"height":50,"caption":"Mekulo"},"image":{"@id":"https:\/\/deravio.com\/se\/#\/schema\/logo\/image\/"}}]}},"_links":{"self":[{"href":"https:\/\/deravio.com\/se\/wp-json\/wp\/v2\/product\/24819","targetHints":{"allow":["GET"]}}],"collection":[{"href":"https:\/\/deravio.com\/se\/wp-json\/wp\/v2\/product"}],"about":[{"href":"https:\/\/deravio.com\/se\/wp-json\/wp\/v2\/types\/product"}],"replies":[{"embeddable":true,"href":"https:\/\/deravio.com\/se\/wp-json\/wp\/v2\/comments?post=24819"}],"wp:featuredmedia":[{"embeddable":true,"href":"https:\/\/deravio.com\/se\/wp-json\/wp\/v2\/media\/24815"}],"wp:attachment":[{"href":"https:\/\/deravio.com\/se\/wp-json\/wp\/v2\/media?parent=24819"}],"wp:term":[{"taxonomy":"product_brand","embeddable":true,"href":"https:\/\/deravio.com\/se\/wp-json\/wp\/v2\/product_brand?post=24819"},{"taxonomy":"product_cat","embeddable":true,"href":"https:\/\/deravio.com\/se\/wp-json\/wp\/v2\/product_cat?post=24819"},{"taxonomy":"product_tag","embeddable":true,"href":"https:\/\/deravio.com\/se\/wp-json\/wp\/v2\/product_tag?post=24819"}],"curies":[{"name":"wp","href":"https:\/\/api.w.org\/{rel}","templated":true}]}}