{"id":24810,"date":"2026-05-04T19:39:25","date_gmt":"2026-05-04T16:39:25","guid":{"rendered":"https:\/\/deravio.com\/se\/produkt\/mini-barbar-sjalvpressande-mopp-3-st\/"},"modified":"2026-05-04T19:39:25","modified_gmt":"2026-05-04T16:39:25","slug":"mini-barbar-sjalvpressande-mopp-3-st","status":"publish","type":"product","link":"https:\/\/deravio.com\/se\/produkt\/mini-barbar-sjalvpressande-mopp-3-st\/","title":{"rendered":"Mini b\u00e4rbar sj\u00e4lvpressande mopp (3 st)"},"content":{"rendered":"<h2 style=\"text-align: center\" data-section-id=\"wtab3f\" data-start=\"404\" data-end=\"420\">\u2728 L\u00f6ftet<\/h2>\n<p style=\"text-align: center\" data-start=\"422\" data-end=\"493\">Snabb reng\u00f6ring.<br data-start=\"436\" data-end=\"439\" \/>Enkel kl\u00e4mning.<br data-start=\"460\" data-end=\"463\" \/>En fl\u00e4ckfri yta varje g\u00e5ng.<\/p>\n<p data-start=\"422\" data-end=\"493\"><img fetchpriority=\"high\" decoding=\"async\" class=\" wp-image-27391 aligncenter\" src=\"https:\/\/mekulo.com\/template\/wp-content\/uploads\/sites\/6\/2026\/03\/1221-ezgif.com-video-to-webp-converter-4.webp\" alt=\"\" width=\"551\" height=\"551\" \/><\/p>\n<h2 style=\"text-align: center\" data-section-id=\"1x8y31r\" data-start=\"500\" data-end=\"518\">\u2705 Huvudf\u00f6rdelar<\/h2>\n<p data-start=\"522\" data-end=\"619\">\ud83d\udca7 Mopphuvud i h\u00f6gabsorberande bomull &#8211; suger snabbt upp spill, vatten och fl\u00e4ckar med l\u00e4tthet.<\/p>\n<p data-start=\"623\" data-end=\"730\">\u270b Sj\u00e4lvpressande enhandsdesign &#8211; Tryck och pressa f\u00f6r att ta bort vatten direkt\u2014ingen handtv\u00e4tt beh\u00f6vs.<\/p>\n<p data-start=\"734\" data-end=\"844\">\ud83e\uddfc Reng\u00f6ringsyta med djupa sp\u00e5r &#8211; Speciella sp\u00e5r f\u00e5ngar upp smuts, fett och damm f\u00f6r en grundligare reng\u00f6ring.<\/p>\n<p data-start=\"848\" data-end=\"925\">\ud83e\udeb6 L\u00e4tt och kompakt &#8211; L\u00e4tt att hantera, f\u00f6rvara och b\u00e4ra med sig \u00f6verallt.<\/p>\n<p data-start=\"929\" data-end=\"1034\">\ud83c\udfe0 Perfekt f\u00f6r sm\u00e5 utrymmen &#8211; Perfekt f\u00f6r b\u00e4nkskivor, bord, speglar, kakel och badrumsytor.<\/p>\n<p data-start=\"1038\" data-end=\"1108\">\ud83e\udde9 Vikbar smart design &#8211; Sparar utrymme och g\u00f6r f\u00f6rvaringen enkel.<\/p>\n<h2 style=\"text-align: center\" data-section-id=\"d0iej6\" data-start=\"1115\" data-end=\"1138\">\u2757 Problem \u2192 L\u00f6sning<\/h2>\n<p data-start=\"1140\" data-end=\"1247\"><strong data-start=\"1140\" data-end=\"1152\">Problem:<\/strong><br data-start=\"1152\" data-end=\"1155\" \/>Stora moppar och reng\u00f6ringsverktyg \u00e4r obekv\u00e4ma f\u00f6r sm\u00e5 spill, skrivbord eller k\u00f6ksb\u00e4nkar.<\/p>\n<p data-start=\"1249\" data-end=\"1423\"><strong data-start=\"1249\" data-end=\"1262\">L\u00f6sning:<\/strong><br data-start=\"1262\" data-end=\"1265\" \/>Denna minib\u00e4rbara sj\u00e4lvpressande mopp ger en kompakt reng\u00f6ringsl\u00f6sning som snabbt hanterar vardagliga r\u00f6ror utan skrymmande utrustning eller kladdig handreng\u00f6ring. Snabb reng\u00f6ring n\u00e4r du beh\u00f6ver det.<\/p>\n<p data-start=\"1249\" data-end=\"1423\"><img decoding=\"async\" class=\" wp-image-27390 aligncenter\" src=\"https:\/\/mekulo.com\/template\/wp-content\/uploads\/sites\/6\/2026\/03\/12211-ezgif.com-video-to-webp-converter-4.webp\" alt=\"\" width=\"550\" height=\"550\" \/><\/p>\n<h2 style=\"text-align: center\" data-section-id=\"10n4q2k\" data-start=\"1467\" data-end=\"1493\">\ud83c\udfe1 Perfekt f\u00f6r<\/h2>\n<ul data-start=\"1509\" data-end=\"1672\">\n<li data-section-id=\"3a3mj6\" data-start=\"1509\" data-end=\"1532\">\n<p data-start=\"1511\" data-end=\"1532\">K\u00f6ksb\u00e4nkar<\/p>\n<\/li>\n<li data-section-id=\"1ful1e6\" data-start=\"1533\" data-end=\"1563\">\n<p data-start=\"1535\" data-end=\"1563\">Badrumsspeglar och kakel<\/p>\n<\/li>\n<li data-section-id=\"10fbc69\" data-start=\"1564\" data-end=\"1591\">\n<p data-start=\"1566\" data-end=\"1591\">St\u00e4dning av skrivbord och bord<\/p>\n<\/li>\n<li data-section-id=\"jdfprq\" data-start=\"1592\" data-end=\"1614\">\n<p data-start=\"1594\" data-end=\"1614\">Sm\u00e5 golvspill<\/p>\n<\/li>\n<li data-section-id=\"l71cnq\" data-start=\"1615\" data-end=\"1646\">\n<p data-start=\"1617\" data-end=\"1646\">St\u00e4dning av l\u00e4genheter och studenthem<\/p>\n<\/li>\n<li data-section-id=\"2egcoa\" data-start=\"1647\" data-end=\"1672\">\n<p data-start=\"1649\" data-end=\"1672\">Snabba dagliga uppfr\u00e4schningar<\/p>\n<\/li>\n<\/ul>\n<p data-start=\"1674\" data-end=\"1713\">Ett praktiskt verktyg f\u00f6r alla moderna hem.<\/p>\n<h2 style=\"text-align: center\" data-section-id=\"1k514u3\" data-start=\"1720\" data-end=\"1736\">\u2699\ufe0f Hur man anv\u00e4nder<\/h2>\n<ol data-start=\"1738\" data-end=\"1981\">\n<li data-section-id=\"13430gc\" data-start=\"1738\" data-end=\"1789\">\n<p data-start=\"1741\" data-end=\"1789\">Om mopphuvudet \u00e4r torrt, bl\u00f6tl\u00e4gg det f\u00f6rst i vatten.<\/p>\n<\/li>\n<li data-section-id=\"11wwdx\" data-start=\"1790\" data-end=\"1841\">\n<p data-start=\"1793\" data-end=\"1841\">Placera moppen p\u00e5 ytan du vill reng\u00f6ra.<\/p>\n<\/li>\n<li data-section-id=\"1x0qgl1\" data-start=\"1842\" data-end=\"1893\">\n<p data-start=\"1845\" data-end=\"1893\">Torka av omr\u00e5det f\u00f6r att absorbera vatten eller ta bort fl\u00e4ckar.<\/p>\n<\/li>\n<li data-section-id=\"oku7mc\" data-start=\"1894\" data-end=\"1944\">\n<p data-start=\"1897\" data-end=\"1944\">Anv\u00e4nd kl\u00e4mhandtaget f\u00f6r att ta bort \u00f6verfl\u00f6digt vatten.<\/p>\n<\/li>\n<li data-section-id=\"tu2m0u\" data-start=\"1945\" data-end=\"1981\">\n<p data-start=\"1948\" data-end=\"1981\">F\u00f6rvara uppr\u00e4tt eller h\u00e4ng efter anv\u00e4ndning.<\/p>\n<\/li>\n<\/ol>\n<h2 style=\"text-align: center\" data-section-id=\"6cujb5\" data-start=\"2026\" data-end=\"2047\">\ud83d\udcd0 Produktdetaljer<\/h2>\n<ul data-start=\"2049\" data-end=\"2274\">\n<li data-section-id=\"16f296d\" data-start=\"2097\" data-end=\"2136\">\n<p data-start=\"2099\" data-end=\"2136\">Material: ABS + bomullsmopphuvud<\/p>\n<\/li>\n<li data-section-id=\"1ncclj0\" data-start=\"2137\" data-end=\"2178\">\n<p data-start=\"2139\" data-end=\"2178\">Storlek: 15 x 13 cm<\/p>\n<\/li>\n<li data-section-id=\"1glha6w\" data-start=\"2179\" data-end=\"2221\">\n<p data-start=\"2181\" data-end=\"2221\">Design: Vikbar kl\u00e4mmekanism<\/p>\n<\/li>\n<li data-section-id=\"1ea3umd\" data-start=\"2222\" data-end=\"2274\">\n<p data-start=\"2224\" data-end=\"2274\">Funktion: Absorberande reng\u00f6ring av fl\u00e4ckar och spill<\/p>\n<\/li>\n<\/ul>\n<h2 style=\"text-align: center\" data-section-id=\"1qc1r63\" data-start=\"2335\" data-end=\"2357\">\ud83d\udce6 Paketet inneh\u00e5ller<\/h2>\n<ul data-start=\"2359\" data-end=\"2399\">\n<li data-section-id=\"16aiofk\" data-start=\"2359\" data-end=\"2399\">\n<p data-start=\"2361\" data-end=\"2399\">1x minib\u00e4rbar sj\u00e4lvpressande mopp<\/p>\n<\/li>\n<li data-section-id=\"16aiofk\" data-start=\"2359\" data-end=\"2399\">\n<p data-start=\"2361\" data-end=\"2399\">3x svamphuvuden.<\/p>\n<\/li>\n<\/ul>\n","protected":false},"excerpt":{"rendered":"<p>\ud83e\udee7Litet verktyg. Stor reng\u00f6ringskraft. Reng\u00f6r spill, fl\u00e4ckar och ytor p\u00e5 n\u00e5gra sekunder.<br \/>\n\ud83e\uddfcDen h\u00e4r minib\u00e4rbara sj\u00e4lvpressande moppen \u00e4r ett kompakt reng\u00f6ringsverktyg som \u00e4r utformat f\u00f6r snabb vardagsst\u00e4d.<br \/>\n\ud83e\udeb6Med ett h\u00f6gabsorberande bomullshuvud och en bekv\u00e4m pressmekanism hj\u00e4lper den dig att reng\u00f6ra effektivt utan att r\u00f6ra vid smutsigt vatten.<\/p>\n","protected":false},"featured_media":24806,"comment_status":"open","ping_status":"closed","template":"","meta":{"site-sidebar-layout":"default","site-content-layout":"","ast-site-content-layout":"default","site-content-style":"default","site-sidebar-style":"default","ast-global-header-display":"","ast-banner-title-visibility":"","ast-main-header-display":"","ast-hfb-above-header-display":"","ast-hfb-below-header-display":"","ast-hfb-mobile-header-display":"","site-post-title":"","ast-breadcrumbs-content":"","ast-featured-img":"","footer-sml-layout":"","ast-disable-related-posts":"","theme-transparent-header-meta":"default","adv-header-id-meta":"","stick-header-meta":"","header-above-stick-meta":"","header-main-stick-meta":"","header-below-stick-meta":"","astra-migrate-meta-layouts":"set","ast-page-background-enabled":"default","ast-page-background-meta":{"desktop":{"background-color":"var(--ast-global-color-5)","background-image":"","background-repeat":"repeat","background-position":"center center","background-size":"auto","background-attachment":"scroll","background-type":"","background-media":"","overlay-type":"","overlay-color":"","overlay-opacity":"","overlay-gradient":""},"tablet":{"background-color":"","background-image":"","background-repeat":"repeat","background-position":"center center","background-size":"auto","background-attachment":"scroll","background-type":"","background-media":"","overlay-type":"","overlay-color":"","overlay-opacity":"","overlay-gradient":""},"mobile":{"background-color":"","background-image":"","background-repeat":"repeat","background-position":"center center","background-size":"auto","background-attachment":"scroll","background-type":"","background-media":"","overlay-type":"","overlay-color":"","overlay-opacity":"","overlay-gradient":""}},"ast-content-background-meta":{"desktop":{"background-color":"var(--ast-global-color-4)","background-image":"","background-repeat":"repeat","background-position":"center center","background-size":"auto","background-attachment":"scroll","background-type":"","background-media":"","overlay-type":"","overlay-color":"","overlay-opacity":"","overlay-gradient":""},"tablet":{"background-color":"var(--ast-global-color-4)","background-image":"","background-repeat":"repeat","background-position":"center center","background-size":"auto","background-attachment":"scroll","background-type":"","background-media":"","overlay-type":"","overlay-color":"","overlay-opacity":"","overlay-gradient":""},"mobile":{"background-color":"var(--ast-global-color-4)","background-image":"","background-repeat":"repeat","background-position":"center center","background-size":"auto","background-attachment":"scroll","background-type":"","background-media":"","overlay-type":"","overlay-color":"","overlay-opacity":"","overlay-gradient":""}}},"product_brand":[],"product_cat":[168],"product_tag":[],"class_list":{"0":"post-24810","1":"product","2":"type-product","3":"status-publish","4":"has-post-thumbnail","6":"product_cat-hushallsprodukter","7":"desktop-align-left","8":"tablet-align-left","9":"mobile-align-left","11":"first","12":"instock","13":"shipping-taxable","14":"purchasable","15":"product-type-simple"},"yoast_head":"<!-- This site is optimized with the Yoast SEO plugin v27.4 - https:\/\/yoast.com\/product\/yoast-seo-wordpress\/ -->\n<title>Mini b\u00e4rbar sj\u00e4lvpressande mopp (3 st) - Deravio SE<\/title>\n<meta name=\"robots\" content=\"index, follow, max-snippet:-1, max-image-preview:large, max-video-preview:-1\" \/>\n<link rel=\"canonical\" href=\"https:\/\/deravio.com\/se\/produkt\/mini-barbar-sjalvpressande-mopp-3-st\/\" \/>\n<meta property=\"og:locale\" content=\"sv_SE\" \/>\n<meta property=\"og:type\" content=\"article\" \/>\n<meta property=\"og:title\" content=\"Mini b\u00e4rbar sj\u00e4lvpressande mopp (3 st) - Deravio SE\" \/>\n<meta property=\"og:description\" content=\"\ud83e\udee7Litet verktyg. Stor reng\u00f6ringskraft. Reng\u00f6r spill, fl\u00e4ckar och ytor p\u00e5 n\u00e5gra sekunder. \ud83e\uddfcDen h\u00e4r minib\u00e4rbara sj\u00e4lvpressande moppen \u00e4r ett kompakt reng\u00f6ringsverktyg som \u00e4r utformat f\u00f6r snabb vardagsst\u00e4d. \ud83e\udeb6Med ett h\u00f6gabsorberande bomullshuvud och en bekv\u00e4m pressmekanism hj\u00e4lper den dig att reng\u00f6ra effektivt utan att r\u00f6ra vid smutsigt vatten.\" \/>\n<meta property=\"og:url\" content=\"https:\/\/deravio.com\/se\/produkt\/mini-barbar-sjalvpressande-mopp-3-st\/\" \/>\n<meta property=\"og:site_name\" content=\"Deravio SE\" \/>\n<meta property=\"og:image\" content=\"https:\/\/deravio.com\/se\/wp-content\/uploads\/sites\/20\/2026\/05\/yb69os3-1.jpeg\" \/>\n\t<meta property=\"og:image:width\" content=\"960\" \/>\n\t<meta property=\"og:image:height\" content=\"960\" \/>\n\t<meta property=\"og:image:type\" content=\"image\/jpeg\" \/>\n<meta name=\"twitter:card\" content=\"summary_large_image\" \/>\n<meta name=\"twitter:label1\" content=\"Ber\u00e4knad l\u00e4stid\" \/>\n\t<meta name=\"twitter:data1\" content=\"2 minuter\" \/>\n<script type=\"application\/ld+json\" class=\"yoast-schema-graph\">{\"@context\":\"https:\\\/\\\/schema.org\",\"@graph\":[{\"@type\":\"WebPage\",\"@id\":\"https:\\\/\\\/deravio.com\\\/se\\\/produkt\\\/mini-barbar-sjalvpressande-mopp-3-st\\\/\",\"url\":\"https:\\\/\\\/deravio.com\\\/se\\\/produkt\\\/mini-barbar-sjalvpressande-mopp-3-st\\\/\",\"name\":\"Mini b\u00e4rbar sj\u00e4lvpressande mopp (3 st) - Deravio SE\",\"isPartOf\":{\"@id\":\"https:\\\/\\\/deravio.com\\\/se\\\/#website\"},\"primaryImageOfPage\":{\"@id\":\"https:\\\/\\\/deravio.com\\\/se\\\/produkt\\\/mini-barbar-sjalvpressande-mopp-3-st\\\/#primaryimage\"},\"image\":{\"@id\":\"https:\\\/\\\/deravio.com\\\/se\\\/produkt\\\/mini-barbar-sjalvpressande-mopp-3-st\\\/#primaryimage\"},\"thumbnailUrl\":\"https:\\\/\\\/deravio.com\\\/se\\\/wp-content\\\/uploads\\\/sites\\\/20\\\/2026\\\/05\\\/yb69os3-1.jpeg\",\"datePublished\":\"2026-05-04T16:39:25+00:00\",\"breadcrumb\":{\"@id\":\"https:\\\/\\\/deravio.com\\\/se\\\/produkt\\\/mini-barbar-sjalvpressande-mopp-3-st\\\/#breadcrumb\"},\"inLanguage\":\"sv-SE\",\"potentialAction\":[{\"@type\":\"ReadAction\",\"target\":[\"https:\\\/\\\/deravio.com\\\/se\\\/produkt\\\/mini-barbar-sjalvpressande-mopp-3-st\\\/\"]}]},{\"@type\":\"ImageObject\",\"inLanguage\":\"sv-SE\",\"@id\":\"https:\\\/\\\/deravio.com\\\/se\\\/produkt\\\/mini-barbar-sjalvpressande-mopp-3-st\\\/#primaryimage\",\"url\":\"https:\\\/\\\/deravio.com\\\/se\\\/wp-content\\\/uploads\\\/sites\\\/20\\\/2026\\\/05\\\/yb69os3-1.jpeg\",\"contentUrl\":\"https:\\\/\\\/deravio.com\\\/se\\\/wp-content\\\/uploads\\\/sites\\\/20\\\/2026\\\/05\\\/yb69os3-1.jpeg\",\"width\":960,\"height\":960},{\"@type\":\"BreadcrumbList\",\"@id\":\"https:\\\/\\\/deravio.com\\\/se\\\/produkt\\\/mini-barbar-sjalvpressande-mopp-3-st\\\/#breadcrumb\",\"itemListElement\":[{\"@type\":\"ListItem\",\"position\":1,\"name\":\"Home\",\"item\":\"https:\\\/\\\/deravio.com\\\/se\\\/\"},{\"@type\":\"ListItem\",\"position\":2,\"name\":\"Butik\",\"item\":\"https:\\\/\\\/deravio.com\\\/se\\\/butik\\\/\"},{\"@type\":\"ListItem\",\"position\":3,\"name\":\"Mini b\u00e4rbar sj\u00e4lvpressande mopp (3 st)\"}]},{\"@type\":\"WebSite\",\"@id\":\"https:\\\/\\\/deravio.com\\\/se\\\/#website\",\"url\":\"https:\\\/\\\/deravio.com\\\/se\\\/\",\"name\":\"Deravio SE\",\"description\":\"\",\"publisher\":{\"@id\":\"https:\\\/\\\/deravio.com\\\/se\\\/#organization\"},\"potentialAction\":[{\"@type\":\"SearchAction\",\"target\":{\"@type\":\"EntryPoint\",\"urlTemplate\":\"https:\\\/\\\/deravio.com\\\/se\\\/?s={search_term_string}\"},\"query-input\":{\"@type\":\"PropertyValueSpecification\",\"valueRequired\":true,\"valueName\":\"search_term_string\"}}],\"inLanguage\":\"sv-SE\"},{\"@type\":\"Organization\",\"@id\":\"https:\\\/\\\/deravio.com\\\/se\\\/#organization\",\"name\":\"Mekulo\",\"url\":\"https:\\\/\\\/deravio.com\\\/se\\\/\",\"logo\":{\"@type\":\"ImageObject\",\"inLanguage\":\"sv-SE\",\"@id\":\"https:\\\/\\\/deravio.com\\\/se\\\/#\\\/schema\\\/logo\\\/image\\\/\",\"url\":\"https:\\\/\\\/deravio.com\\\/se\\\/wp-content\\\/uploads\\\/sites\\\/20\\\/2025\\\/12\\\/favicon_mekulo.png\",\"contentUrl\":\"https:\\\/\\\/deravio.com\\\/se\\\/wp-content\\\/uploads\\\/sites\\\/20\\\/2025\\\/12\\\/favicon_mekulo.png\",\"width\":50,\"height\":50,\"caption\":\"Mekulo\"},\"image\":{\"@id\":\"https:\\\/\\\/deravio.com\\\/se\\\/#\\\/schema\\\/logo\\\/image\\\/\"}}]}<\/script>\n<!-- \/ Yoast SEO plugin. -->","yoast_head_json":{"title":"Mini b\u00e4rbar sj\u00e4lvpressande mopp (3 st) - Deravio SE","robots":{"index":"index","follow":"follow","max-snippet":"max-snippet:-1","max-image-preview":"max-image-preview:large","max-video-preview":"max-video-preview:-1"},"canonical":"https:\/\/deravio.com\/se\/produkt\/mini-barbar-sjalvpressande-mopp-3-st\/","og_locale":"sv_SE","og_type":"article","og_title":"Mini b\u00e4rbar sj\u00e4lvpressande mopp (3 st) - Deravio SE","og_description":"\ud83e\udee7Litet verktyg. Stor reng\u00f6ringskraft. Reng\u00f6r spill, fl\u00e4ckar och ytor p\u00e5 n\u00e5gra sekunder. \ud83e\uddfcDen h\u00e4r minib\u00e4rbara sj\u00e4lvpressande moppen \u00e4r ett kompakt reng\u00f6ringsverktyg som \u00e4r utformat f\u00f6r snabb vardagsst\u00e4d. \ud83e\udeb6Med ett h\u00f6gabsorberande bomullshuvud och en bekv\u00e4m pressmekanism hj\u00e4lper den dig att reng\u00f6ra effektivt utan att r\u00f6ra vid smutsigt vatten.","og_url":"https:\/\/deravio.com\/se\/produkt\/mini-barbar-sjalvpressande-mopp-3-st\/","og_site_name":"Deravio SE","og_image":[{"width":960,"height":960,"url":"https:\/\/deravio.com\/se\/wp-content\/uploads\/sites\/20\/2026\/05\/yb69os3-1.jpeg","type":"image\/jpeg"}],"twitter_card":"summary_large_image","twitter_misc":{"Ber\u00e4knad l\u00e4stid":"2 minuter"},"schema":{"@context":"https:\/\/schema.org","@graph":[{"@type":"WebPage","@id":"https:\/\/deravio.com\/se\/produkt\/mini-barbar-sjalvpressande-mopp-3-st\/","url":"https:\/\/deravio.com\/se\/produkt\/mini-barbar-sjalvpressande-mopp-3-st\/","name":"Mini b\u00e4rbar sj\u00e4lvpressande mopp (3 st) - Deravio SE","isPartOf":{"@id":"https:\/\/deravio.com\/se\/#website"},"primaryImageOfPage":{"@id":"https:\/\/deravio.com\/se\/produkt\/mini-barbar-sjalvpressande-mopp-3-st\/#primaryimage"},"image":{"@id":"https:\/\/deravio.com\/se\/produkt\/mini-barbar-sjalvpressande-mopp-3-st\/#primaryimage"},"thumbnailUrl":"https:\/\/deravio.com\/se\/wp-content\/uploads\/sites\/20\/2026\/05\/yb69os3-1.jpeg","datePublished":"2026-05-04T16:39:25+00:00","breadcrumb":{"@id":"https:\/\/deravio.com\/se\/produkt\/mini-barbar-sjalvpressande-mopp-3-st\/#breadcrumb"},"inLanguage":"sv-SE","potentialAction":[{"@type":"ReadAction","target":["https:\/\/deravio.com\/se\/produkt\/mini-barbar-sjalvpressande-mopp-3-st\/"]}]},{"@type":"ImageObject","inLanguage":"sv-SE","@id":"https:\/\/deravio.com\/se\/produkt\/mini-barbar-sjalvpressande-mopp-3-st\/#primaryimage","url":"https:\/\/deravio.com\/se\/wp-content\/uploads\/sites\/20\/2026\/05\/yb69os3-1.jpeg","contentUrl":"https:\/\/deravio.com\/se\/wp-content\/uploads\/sites\/20\/2026\/05\/yb69os3-1.jpeg","width":960,"height":960},{"@type":"BreadcrumbList","@id":"https:\/\/deravio.com\/se\/produkt\/mini-barbar-sjalvpressande-mopp-3-st\/#breadcrumb","itemListElement":[{"@type":"ListItem","position":1,"name":"Home","item":"https:\/\/deravio.com\/se\/"},{"@type":"ListItem","position":2,"name":"Butik","item":"https:\/\/deravio.com\/se\/butik\/"},{"@type":"ListItem","position":3,"name":"Mini b\u00e4rbar sj\u00e4lvpressande mopp (3 st)"}]},{"@type":"WebSite","@id":"https:\/\/deravio.com\/se\/#website","url":"https:\/\/deravio.com\/se\/","name":"Deravio SE","description":"","publisher":{"@id":"https:\/\/deravio.com\/se\/#organization"},"potentialAction":[{"@type":"SearchAction","target":{"@type":"EntryPoint","urlTemplate":"https:\/\/deravio.com\/se\/?s={search_term_string}"},"query-input":{"@type":"PropertyValueSpecification","valueRequired":true,"valueName":"search_term_string"}}],"inLanguage":"sv-SE"},{"@type":"Organization","@id":"https:\/\/deravio.com\/se\/#organization","name":"Mekulo","url":"https:\/\/deravio.com\/se\/","logo":{"@type":"ImageObject","inLanguage":"sv-SE","@id":"https:\/\/deravio.com\/se\/#\/schema\/logo\/image\/","url":"https:\/\/deravio.com\/se\/wp-content\/uploads\/sites\/20\/2025\/12\/favicon_mekulo.png","contentUrl":"https:\/\/deravio.com\/se\/wp-content\/uploads\/sites\/20\/2025\/12\/favicon_mekulo.png","width":50,"height":50,"caption":"Mekulo"},"image":{"@id":"https:\/\/deravio.com\/se\/#\/schema\/logo\/image\/"}}]}},"_links":{"self":[{"href":"https:\/\/deravio.com\/se\/wp-json\/wp\/v2\/product\/24810","targetHints":{"allow":["GET"]}}],"collection":[{"href":"https:\/\/deravio.com\/se\/wp-json\/wp\/v2\/product"}],"about":[{"href":"https:\/\/deravio.com\/se\/wp-json\/wp\/v2\/types\/product"}],"replies":[{"embeddable":true,"href":"https:\/\/deravio.com\/se\/wp-json\/wp\/v2\/comments?post=24810"}],"wp:featuredmedia":[{"embeddable":true,"href":"https:\/\/deravio.com\/se\/wp-json\/wp\/v2\/media\/24806"}],"wp:attachment":[{"href":"https:\/\/deravio.com\/se\/wp-json\/wp\/v2\/media?parent=24810"}],"wp:term":[{"taxonomy":"product_brand","embeddable":true,"href":"https:\/\/deravio.com\/se\/wp-json\/wp\/v2\/product_brand?post=24810"},{"taxonomy":"product_cat","embeddable":true,"href":"https:\/\/deravio.com\/se\/wp-json\/wp\/v2\/product_cat?post=24810"},{"taxonomy":"product_tag","embeddable":true,"href":"https:\/\/deravio.com\/se\/wp-json\/wp\/v2\/product_tag?post=24810"}],"curies":[{"name":"wp","href":"https:\/\/api.w.org\/{rel}","templated":true}]}}