{"id":24801,"date":"2026-05-04T19:38:01","date_gmt":"2026-05-04T16:38:01","guid":{"rendered":"https:\/\/deravio.com\/se\/produkt\/sladdlos-elektrisk-skruvmejsel\/"},"modified":"2026-05-04T19:38:01","modified_gmt":"2026-05-04T16:38:01","slug":"sladdlos-elektrisk-skruvmejsel","status":"publish","type":"product","link":"https:\/\/deravio.com\/se\/produkt\/sladdlos-elektrisk-skruvmejsel\/","title":{"rendered":"Sladdl\u00f6s elektrisk skruvmejsel"},"content":{"rendered":"<h2 style=\"text-align: center\" data-section-id=\"wtab3f\" data-start=\"392\" data-end=\"408\">\u2728 L\u00f6ftet<\/h2>\n<p style=\"text-align: center\" data-start=\"410\" data-end=\"456\">Mer kontroll.<br data-start=\"423\" data-end=\"426\" \/>Mer precision.<br data-start=\"441\" data-end=\"444\" \/>Mindre anstr\u00e4ngning.<\/p>\n<p data-start=\"410\" data-end=\"456\"><img fetchpriority=\"high\" decoding=\"async\" class=\" wp-image-27409 aligncenter\" src=\"https:\/\/mekulo.com\/template\/wp-content\/uploads\/sites\/6\/2026\/03\/12214-ezgif.com-video-to-webp-converter-4.webp\" alt=\"\" width=\"551\" height=\"551\" \/><\/p>\n<h2 style=\"text-align: center\" data-section-id=\"1x8y31r\" data-start=\"463\" data-end=\"481\">\u2705 Huvudf\u00f6rdelar<\/h2>\n<p data-start=\"485\" data-end=\"578\">\ud83d\udd04 Fram\u00e5t- och backrotation &#8211; Dra enkelt \u00e5t eller ta bort skruvar med en enkel omkopplare.<\/p>\n<p data-start=\"582\" data-end=\"692\">\u2699\ufe0f Justerbara vridmomentniv\u00e5er &#8211; Fem vridmomentinst\u00e4llningar ger exakt kontroll f\u00f6r k\u00e4nsliga eller kraftigare uppgifter.<\/p>\n<p data-start=\"696\" data-end=\"784\">\u26a1 H\u00f6ghastighetsprestanda &#8211; Upp till 360 varv\/min f\u00f6r snabb och effektiv skruvdragning.<\/p>\n<p data-start=\"788\" data-end=\"890\">\ud83d\uded1 Smart elektroniskt bromssystem &#8211; Stannar omedelbart rotationen f\u00f6r att f\u00f6rhindra att skruven skadas eller glider.<\/p>\n<p data-start=\"894\" data-end=\"982\">\ud83e\udde0 Smart stoppskydd &#8211; Bryter automatiskt str\u00f6mmen om bitsen blir felriktad.<\/p>\n<p data-start=\"986\" data-end=\"1074\">\ud83d\udd27 Universell 0,6 cm HEX-bitsh\u00e5llare &#8211; kompatibel med ett brett utbud av skruvmejselbits.<\/p>\n<p data-start=\"1078\" data-end=\"1183\">\u270b Design med dubbel aktivering &#8211; starta verktyget med en knapptryckning eller genom att trycka p\u00e5 skruven.<\/p>\n<h2 style=\"text-align: center\" data-section-id=\"d0iej6\" data-start=\"1190\" data-end=\"1213\">\u2757 Problem \u2192 L\u00f6sning<\/h2>\n<p data-start=\"1215\" data-end=\"1346\"><strong data-start=\"1215\" data-end=\"1227\">Problem:<\/strong><br data-start=\"1227\" data-end=\"1230\" \/>Manuella skruvmejslar kr\u00e4ver tid och anstr\u00e4ngning, s\u00e4rskilt n\u00e4r du arbetar med m\u00e5nga sm\u00e5 skruvar eller k\u00e4nslig elektronik.<\/p>\n<p data-start=\"1348\" data-end=\"1560\"><strong data-start=\"1348\" data-end=\"1361\">L\u00f6sning:<\/strong><br data-start=\"1361\" data-end=\"1364\" \/>Den h\u00e4r sladdl\u00f6sa elektriska skruvmejseln ger exakt elektrisk kraft med justerbart vridmoment och smarta s\u00e4kerhetsfunktioner, s\u00e5 att du kan slutf\u00f6ra reparationer snabbt samtidigt som du skyddar skruvar och komponenter. Arbeta smartare, inte h\u00e5rdare.<\/p>\n<p data-start=\"1348\" data-end=\"1560\"><img decoding=\"async\" class=\" wp-image-27407 aligncenter\" src=\"https:\/\/mekulo.com\/template\/wp-content\/uploads\/sites\/6\/2026\/03\/12215-ezgif.com-video-to-webp-converter-4.webp\" alt=\"\" width=\"550\" height=\"550\" \/><\/p>\n<h2 style=\"text-align: center\" data-section-id=\"r5oe8f\" data-start=\"1594\" data-end=\"1620\">\ud83e\uddf0 Perfekt f\u00f6r<\/h2>\n<ul data-start=\"1636\" data-end=\"1794\">\n<li data-section-id=\"3elfo\" data-start=\"1636\" data-end=\"1658\">\n<p data-start=\"1638\" data-end=\"1658\">Elektronikreparationer<\/p>\n<\/li>\n<li data-section-id=\"zk00vo\" data-start=\"1659\" data-end=\"1691\">\n<p data-start=\"1661\" data-end=\"1691\">Underh\u00e5ll av b\u00e4rbara datorer och telefoner<\/p>\n<\/li>\n<li data-section-id=\"o9pdwi\" data-start=\"1692\" data-end=\"1720\">\n<p data-start=\"1694\" data-end=\"1720\">TV- och apparatreparationer<\/p>\n<\/li>\n<li data-section-id=\"keqe2u\" data-start=\"1721\" data-end=\"1743\">\n<p data-start=\"1723\" data-end=\"1743\">M\u00f6belmontering<\/p>\n<\/li>\n<li data-section-id=\"pyvfed\" data-start=\"1744\" data-end=\"1765\">\n<p data-start=\"1746\" data-end=\"1765\">Hemmafixarprojekt<\/p>\n<\/li>\n<li data-section-id=\"ui1hzc\" data-start=\"1766\" data-end=\"1794\">\n<p data-start=\"1768\" data-end=\"1794\">Professionella tekniker<\/p>\n<\/li>\n<\/ul>\n<p data-start=\"1796\" data-end=\"1841\">Ett kompakt verktyg som h\u00f6r hemma i varje verktygsl\u00e5da.<\/p>\n<h2 style=\"text-align: center\" data-section-id=\"1k514u3\" data-start=\"1848\" data-end=\"1864\">\u2699\ufe0f Anv\u00e4ndning<\/h2>\n<ol data-start=\"1866\" data-end=\"2102\">\n<li data-section-id=\"188e2mo\" data-start=\"1866\" data-end=\"1921\">\n<p data-start=\"1869\" data-end=\"1921\">S\u00e4tt in \u00f6nskad skruvmejselbit i h\u00e5llaren.<\/p>\n<\/li>\n<li data-section-id=\"stlyy9\" data-start=\"1922\" data-end=\"1962\">\n<p data-start=\"1925\" data-end=\"1962\">V\u00e4lj l\u00e4mplig vridmomentniv\u00e5.<\/p>\n<\/li>\n<li data-section-id=\"81la6v\" data-start=\"1963\" data-end=\"2002\">\n<p data-start=\"1966\" data-end=\"2002\">V\u00e4lj rotation fram\u00e5t eller bak\u00e5t.<\/p>\n<\/li>\n<li data-section-id=\"b5s7ji\" data-start=\"2003\" data-end=\"2050\">\n<p data-start=\"2006\" data-end=\"2050\">Aktivera med knappen eller tryckfunktionen.<\/p>\n<\/li>\n<li data-section-id=\"roivfi\" data-start=\"2051\" data-end=\"2102\">\n<p data-start=\"2054\" data-end=\"2102\">Dra \u00e5t eller ta bort skruvar snabbt och exakt.<\/p>\n<\/li>\n<\/ol>\n<h2 style=\"text-align: center\" data-section-id=\"6cujb5\" data-start=\"2149\" data-end=\"2170\">\ud83d\udcd0 Produktdetaljer<\/h2>\n<ul data-start=\"2172\" data-end=\"2440\">\n<li data-section-id=\"1v1ffrs\" data-start=\"2172\" data-end=\"2216\">\n<p data-start=\"2174\" data-end=\"2216\">Vridmomentniv\u00e5er: 5 justerbara inst\u00e4llningar<\/p>\n<\/li>\n<li data-section-id=\"tioggc\" data-start=\"2217\" data-end=\"2264\">\n<p data-start=\"2219\" data-end=\"2264\">Max vridmoment: 5 Nm (h\u00e5rt) \/ 2,5 Nm (mjukt)<\/p>\n<\/li>\n<li data-section-id=\"w64iec\" data-start=\"2265\" data-end=\"2297\">\n<p data-start=\"2267\" data-end=\"2297\">Varvtal: 360 RPM (utan belastning)<\/p>\n<\/li>\n<li data-section-id=\"1oiojcj\" data-start=\"2298\" data-end=\"2334\">\n<p data-start=\"2300\" data-end=\"2334\">Bith\u00e5llare: 0,6 cm HEX universal<\/p>\n<\/li>\n<li data-section-id=\"zyhr21\" data-start=\"2335\" data-end=\"2375\">\n<p data-start=\"2337\" data-end=\"2375\">Laddning: Micro-USB uppladdningsbar<\/p>\n<\/li>\n<li data-section-id=\"y66q3\" data-start=\"2376\" data-end=\"2440\">\n<p data-start=\"2378\" data-end=\"2440\">Funktioner: Fram\/back, smart stopp, elektronisk broms<\/p>\n<\/li>\n<\/ul>\n<h2 style=\"text-align: center\" data-section-id=\"1qc1r63\" data-start=\"2497\" data-end=\"2519\">\ud83d\udce6 Paketet inneh\u00e5ller<\/h2>\n<ul data-start=\"2521\" data-end=\"2639\">\n<li data-section-id=\"1rkpmhc\" data-start=\"2521\" data-end=\"2558\">\n<p data-start=\"2523\" data-end=\"2558\">1x sladdl\u00f6s elektrisk skruvme<\/p>\n","protected":false},"excerpt":{"rendered":"<p>\ud83d\udc68\u200d\ud83d\udd27Precision kraft f\u00f6r vardagliga reparationer. Litet verktyg. Stor prestanda.<br \/>\n\ud83d\udd29Den h\u00e4r sladdl\u00f6sa elektriska skruvmejseln \u00e4r utformad f\u00f6r precisionsarbete, snabba reparationer och enkel montering.<br \/>\n\ud83e\ude9bMed justerbart vridmoment, smarta s\u00e4kerhetsfunktioner och en kompakt design hj\u00e4lper den dig att slutf\u00f6ra uppgifter snabbare och med st\u00f6rre kontroll.<\/p>\n","protected":false},"featured_media":24797,"comment_status":"open","ping_status":"closed","template":"","meta":{"site-sidebar-layout":"default","site-content-layout":"","ast-site-content-layout":"default","site-content-style":"default","site-sidebar-style":"default","ast-global-header-display":"","ast-banner-title-visibility":"","ast-main-header-display":"","ast-hfb-above-header-display":"","ast-hfb-below-header-display":"","ast-hfb-mobile-header-display":"","site-post-title":"","ast-breadcrumbs-content":"","ast-featured-img":"","footer-sml-layout":"","ast-disable-related-posts":"","theme-transparent-header-meta":"default","adv-header-id-meta":"","stick-header-meta":"","header-above-stick-meta":"","header-main-stick-meta":"","header-below-stick-meta":"","astra-migrate-meta-layouts":"set","ast-page-background-enabled":"default","ast-page-background-meta":{"desktop":{"background-color":"var(--ast-global-color-5)","background-image":"","background-repeat":"repeat","background-position":"center center","background-size":"auto","background-attachment":"scroll","background-type":"","background-media":"","overlay-type":"","overlay-color":"","overlay-opacity":"","overlay-gradient":""},"tablet":{"background-color":"","background-image":"","background-repeat":"repeat","background-position":"center center","background-size":"auto","background-attachment":"scroll","background-type":"","background-media":"","overlay-type":"","overlay-color":"","overlay-opacity":"","overlay-gradient":""},"mobile":{"background-color":"","background-image":"","background-repeat":"repeat","background-position":"center center","background-size":"auto","background-attachment":"scroll","background-type":"","background-media":"","overlay-type":"","overlay-color":"","overlay-opacity":"","overlay-gradient":""}},"ast-content-background-meta":{"desktop":{"background-color":"var(--ast-global-color-4)","background-image":"","background-repeat":"repeat","background-position":"center center","background-size":"auto","background-attachment":"scroll","background-type":"","background-media":"","overlay-type":"","overlay-color":"","overlay-opacity":"","overlay-gradient":""},"tablet":{"background-color":"var(--ast-global-color-4)","background-image":"","background-repeat":"repeat","background-position":"center center","background-size":"auto","background-attachment":"scroll","background-type":"","background-media":"","overlay-type":"","overlay-color":"","overlay-opacity":"","overlay-gradient":""},"mobile":{"background-color":"var(--ast-global-color-4)","background-image":"","background-repeat":"repeat","background-position":"center center","background-size":"auto","background-attachment":"scroll","background-type":"","background-media":"","overlay-type":"","overlay-color":"","overlay-opacity":"","overlay-gradient":""}}},"product_brand":[],"product_cat":[171],"product_tag":[],"class_list":{"0":"post-24801","1":"product","2":"type-product","3":"status-publish","4":"has-post-thumbnail","6":"product_cat-verktyg","7":"desktop-align-left","8":"tablet-align-left","9":"mobile-align-left","11":"first","12":"instock","13":"shipping-taxable","14":"purchasable","15":"product-type-simple"},"yoast_head":"<!-- This site is optimized with the Yoast SEO plugin v27.4 - https:\/\/yoast.com\/product\/yoast-seo-wordpress\/ -->\n<title>Sladdl\u00f6s elektrisk skruvmejsel - Deravio SE<\/title>\n<meta name=\"robots\" content=\"index, follow, max-snippet:-1, max-image-preview:large, max-video-preview:-1\" \/>\n<link rel=\"canonical\" href=\"https:\/\/deravio.com\/se\/produkt\/sladdlos-elektrisk-skruvmejsel\/\" \/>\n<meta property=\"og:locale\" content=\"sv_SE\" \/>\n<meta property=\"og:type\" content=\"article\" \/>\n<meta property=\"og:title\" content=\"Sladdl\u00f6s elektrisk skruvmejsel - Deravio SE\" \/>\n<meta property=\"og:description\" content=\"\ud83d\udc68\u200d\ud83d\udd27Precision kraft f\u00f6r vardagliga reparationer. Litet verktyg. Stor prestanda. \ud83d\udd29Den h\u00e4r sladdl\u00f6sa elektriska skruvmejseln \u00e4r utformad f\u00f6r precisionsarbete, snabba reparationer och enkel montering. \ud83e\ude9bMed justerbart vridmoment, smarta s\u00e4kerhetsfunktioner och en kompakt design hj\u00e4lper den dig att slutf\u00f6ra uppgifter snabbare och med st\u00f6rre kontroll.\" \/>\n<meta property=\"og:url\" content=\"https:\/\/deravio.com\/se\/produkt\/sladdlos-elektrisk-skruvmejsel\/\" \/>\n<meta property=\"og:site_name\" content=\"Deravio SE\" \/>\n<meta property=\"og:image\" content=\"https:\/\/deravio.com\/se\/wp-content\/uploads\/sites\/20\/2026\/05\/x2cgquk-1.jpg\" \/>\n\t<meta property=\"og:image:width\" content=\"800\" \/>\n\t<meta property=\"og:image:height\" content=\"800\" \/>\n\t<meta property=\"og:image:type\" content=\"image\/jpeg\" \/>\n<meta name=\"twitter:card\" content=\"summary_large_image\" \/>\n<meta name=\"twitter:label1\" content=\"Ber\u00e4knad l\u00e4stid\" \/>\n\t<meta name=\"twitter:data1\" content=\"2 minuter\" \/>\n<script type=\"application\/ld+json\" class=\"yoast-schema-graph\">{\"@context\":\"https:\\\/\\\/schema.org\",\"@graph\":[{\"@type\":\"WebPage\",\"@id\":\"https:\\\/\\\/deravio.com\\\/se\\\/produkt\\\/sladdlos-elektrisk-skruvmejsel\\\/\",\"url\":\"https:\\\/\\\/deravio.com\\\/se\\\/produkt\\\/sladdlos-elektrisk-skruvmejsel\\\/\",\"name\":\"Sladdl\u00f6s elektrisk skruvmejsel - Deravio SE\",\"isPartOf\":{\"@id\":\"https:\\\/\\\/deravio.com\\\/se\\\/#website\"},\"primaryImageOfPage\":{\"@id\":\"https:\\\/\\\/deravio.com\\\/se\\\/produkt\\\/sladdlos-elektrisk-skruvmejsel\\\/#primaryimage\"},\"image\":{\"@id\":\"https:\\\/\\\/deravio.com\\\/se\\\/produkt\\\/sladdlos-elektrisk-skruvmejsel\\\/#primaryimage\"},\"thumbnailUrl\":\"https:\\\/\\\/deravio.com\\\/se\\\/wp-content\\\/uploads\\\/sites\\\/20\\\/2026\\\/05\\\/x2cgquk-1.jpg\",\"datePublished\":\"2026-05-04T16:38:01+00:00\",\"breadcrumb\":{\"@id\":\"https:\\\/\\\/deravio.com\\\/se\\\/produkt\\\/sladdlos-elektrisk-skruvmejsel\\\/#breadcrumb\"},\"inLanguage\":\"sv-SE\",\"potentialAction\":[{\"@type\":\"ReadAction\",\"target\":[\"https:\\\/\\\/deravio.com\\\/se\\\/produkt\\\/sladdlos-elektrisk-skruvmejsel\\\/\"]}]},{\"@type\":\"ImageObject\",\"inLanguage\":\"sv-SE\",\"@id\":\"https:\\\/\\\/deravio.com\\\/se\\\/produkt\\\/sladdlos-elektrisk-skruvmejsel\\\/#primaryimage\",\"url\":\"https:\\\/\\\/deravio.com\\\/se\\\/wp-content\\\/uploads\\\/sites\\\/20\\\/2026\\\/05\\\/x2cgquk-1.jpg\",\"contentUrl\":\"https:\\\/\\\/deravio.com\\\/se\\\/wp-content\\\/uploads\\\/sites\\\/20\\\/2026\\\/05\\\/x2cgquk-1.jpg\",\"width\":800,\"height\":800},{\"@type\":\"BreadcrumbList\",\"@id\":\"https:\\\/\\\/deravio.com\\\/se\\\/produkt\\\/sladdlos-elektrisk-skruvmejsel\\\/#breadcrumb\",\"itemListElement\":[{\"@type\":\"ListItem\",\"position\":1,\"name\":\"Home\",\"item\":\"https:\\\/\\\/deravio.com\\\/se\\\/\"},{\"@type\":\"ListItem\",\"position\":2,\"name\":\"Butik\",\"item\":\"https:\\\/\\\/deravio.com\\\/se\\\/butik\\\/\"},{\"@type\":\"ListItem\",\"position\":3,\"name\":\"Sladdl\u00f6s elektrisk skruvmejsel\"}]},{\"@type\":\"WebSite\",\"@id\":\"https:\\\/\\\/deravio.com\\\/se\\\/#website\",\"url\":\"https:\\\/\\\/deravio.com\\\/se\\\/\",\"name\":\"Deravio SE\",\"description\":\"\",\"publisher\":{\"@id\":\"https:\\\/\\\/deravio.com\\\/se\\\/#organization\"},\"potentialAction\":[{\"@type\":\"SearchAction\",\"target\":{\"@type\":\"EntryPoint\",\"urlTemplate\":\"https:\\\/\\\/deravio.com\\\/se\\\/?s={search_term_string}\"},\"query-input\":{\"@type\":\"PropertyValueSpecification\",\"valueRequired\":true,\"valueName\":\"search_term_string\"}}],\"inLanguage\":\"sv-SE\"},{\"@type\":\"Organization\",\"@id\":\"https:\\\/\\\/deravio.com\\\/se\\\/#organization\",\"name\":\"Mekulo\",\"url\":\"https:\\\/\\\/deravio.com\\\/se\\\/\",\"logo\":{\"@type\":\"ImageObject\",\"inLanguage\":\"sv-SE\",\"@id\":\"https:\\\/\\\/deravio.com\\\/se\\\/#\\\/schema\\\/logo\\\/image\\\/\",\"url\":\"https:\\\/\\\/deravio.com\\\/se\\\/wp-content\\\/uploads\\\/sites\\\/20\\\/2025\\\/12\\\/favicon_mekulo.png\",\"contentUrl\":\"https:\\\/\\\/deravio.com\\\/se\\\/wp-content\\\/uploads\\\/sites\\\/20\\\/2025\\\/12\\\/favicon_mekulo.png\",\"width\":50,\"height\":50,\"caption\":\"Mekulo\"},\"image\":{\"@id\":\"https:\\\/\\\/deravio.com\\\/se\\\/#\\\/schema\\\/logo\\\/image\\\/\"}}]}<\/script>\n<!-- \/ Yoast SEO plugin. -->","yoast_head_json":{"title":"Sladdl\u00f6s elektrisk skruvmejsel - Deravio SE","robots":{"index":"index","follow":"follow","max-snippet":"max-snippet:-1","max-image-preview":"max-image-preview:large","max-video-preview":"max-video-preview:-1"},"canonical":"https:\/\/deravio.com\/se\/produkt\/sladdlos-elektrisk-skruvmejsel\/","og_locale":"sv_SE","og_type":"article","og_title":"Sladdl\u00f6s elektrisk skruvmejsel - Deravio SE","og_description":"\ud83d\udc68\u200d\ud83d\udd27Precision kraft f\u00f6r vardagliga reparationer. Litet verktyg. Stor prestanda. \ud83d\udd29Den h\u00e4r sladdl\u00f6sa elektriska skruvmejseln \u00e4r utformad f\u00f6r precisionsarbete, snabba reparationer och enkel montering. \ud83e\ude9bMed justerbart vridmoment, smarta s\u00e4kerhetsfunktioner och en kompakt design hj\u00e4lper den dig att slutf\u00f6ra uppgifter snabbare och med st\u00f6rre kontroll.","og_url":"https:\/\/deravio.com\/se\/produkt\/sladdlos-elektrisk-skruvmejsel\/","og_site_name":"Deravio SE","og_image":[{"width":800,"height":800,"url":"https:\/\/deravio.com\/se\/wp-content\/uploads\/sites\/20\/2026\/05\/x2cgquk-1.jpg","type":"image\/jpeg"}],"twitter_card":"summary_large_image","twitter_misc":{"Ber\u00e4knad l\u00e4stid":"2 minuter"},"schema":{"@context":"https:\/\/schema.org","@graph":[{"@type":"WebPage","@id":"https:\/\/deravio.com\/se\/produkt\/sladdlos-elektrisk-skruvmejsel\/","url":"https:\/\/deravio.com\/se\/produkt\/sladdlos-elektrisk-skruvmejsel\/","name":"Sladdl\u00f6s elektrisk skruvmejsel - Deravio SE","isPartOf":{"@id":"https:\/\/deravio.com\/se\/#website"},"primaryImageOfPage":{"@id":"https:\/\/deravio.com\/se\/produkt\/sladdlos-elektrisk-skruvmejsel\/#primaryimage"},"image":{"@id":"https:\/\/deravio.com\/se\/produkt\/sladdlos-elektrisk-skruvmejsel\/#primaryimage"},"thumbnailUrl":"https:\/\/deravio.com\/se\/wp-content\/uploads\/sites\/20\/2026\/05\/x2cgquk-1.jpg","datePublished":"2026-05-04T16:38:01+00:00","breadcrumb":{"@id":"https:\/\/deravio.com\/se\/produkt\/sladdlos-elektrisk-skruvmejsel\/#breadcrumb"},"inLanguage":"sv-SE","potentialAction":[{"@type":"ReadAction","target":["https:\/\/deravio.com\/se\/produkt\/sladdlos-elektrisk-skruvmejsel\/"]}]},{"@type":"ImageObject","inLanguage":"sv-SE","@id":"https:\/\/deravio.com\/se\/produkt\/sladdlos-elektrisk-skruvmejsel\/#primaryimage","url":"https:\/\/deravio.com\/se\/wp-content\/uploads\/sites\/20\/2026\/05\/x2cgquk-1.jpg","contentUrl":"https:\/\/deravio.com\/se\/wp-content\/uploads\/sites\/20\/2026\/05\/x2cgquk-1.jpg","width":800,"height":800},{"@type":"BreadcrumbList","@id":"https:\/\/deravio.com\/se\/produkt\/sladdlos-elektrisk-skruvmejsel\/#breadcrumb","itemListElement":[{"@type":"ListItem","position":1,"name":"Home","item":"https:\/\/deravio.com\/se\/"},{"@type":"ListItem","position":2,"name":"Butik","item":"https:\/\/deravio.com\/se\/butik\/"},{"@type":"ListItem","position":3,"name":"Sladdl\u00f6s elektrisk skruvmejsel"}]},{"@type":"WebSite","@id":"https:\/\/deravio.com\/se\/#website","url":"https:\/\/deravio.com\/se\/","name":"Deravio SE","description":"","publisher":{"@id":"https:\/\/deravio.com\/se\/#organization"},"potentialAction":[{"@type":"SearchAction","target":{"@type":"EntryPoint","urlTemplate":"https:\/\/deravio.com\/se\/?s={search_term_string}"},"query-input":{"@type":"PropertyValueSpecification","valueRequired":true,"valueName":"search_term_string"}}],"inLanguage":"sv-SE"},{"@type":"Organization","@id":"https:\/\/deravio.com\/se\/#organization","name":"Mekulo","url":"https:\/\/deravio.com\/se\/","logo":{"@type":"ImageObject","inLanguage":"sv-SE","@id":"https:\/\/deravio.com\/se\/#\/schema\/logo\/image\/","url":"https:\/\/deravio.com\/se\/wp-content\/uploads\/sites\/20\/2025\/12\/favicon_mekulo.png","contentUrl":"https:\/\/deravio.com\/se\/wp-content\/uploads\/sites\/20\/2025\/12\/favicon_mekulo.png","width":50,"height":50,"caption":"Mekulo"},"image":{"@id":"https:\/\/deravio.com\/se\/#\/schema\/logo\/image\/"}}]}},"_links":{"self":[{"href":"https:\/\/deravio.com\/se\/wp-json\/wp\/v2\/product\/24801","targetHints":{"allow":["GET"]}}],"collection":[{"href":"https:\/\/deravio.com\/se\/wp-json\/wp\/v2\/product"}],"about":[{"href":"https:\/\/deravio.com\/se\/wp-json\/wp\/v2\/types\/product"}],"replies":[{"embeddable":true,"href":"https:\/\/deravio.com\/se\/wp-json\/wp\/v2\/comments?post=24801"}],"wp:featuredmedia":[{"embeddable":true,"href":"https:\/\/deravio.com\/se\/wp-json\/wp\/v2\/media\/24797"}],"wp:attachment":[{"href":"https:\/\/deravio.com\/se\/wp-json\/wp\/v2\/media?parent=24801"}],"wp:term":[{"taxonomy":"product_brand","embeddable":true,"href":"https:\/\/deravio.com\/se\/wp-json\/wp\/v2\/product_brand?post=24801"},{"taxonomy":"product_cat","embeddable":true,"href":"https:\/\/deravio.com\/se\/wp-json\/wp\/v2\/product_cat?post=24801"},{"taxonomy":"product_tag","embeddable":true,"href":"https:\/\/deravio.com\/se\/wp-json\/wp\/v2\/product_tag?post=24801"}],"curies":[{"name":"wp","href":"https:\/\/api.w.org\/{rel}","templated":true}]}}