{"id":24772,"date":"2026-05-04T19:35:49","date_gmt":"2026-05-04T16:35:49","guid":{"rendered":"https:\/\/deravio.com\/se\/produkt\/midjeformare-med-andningsbar-komfort\/"},"modified":"2026-05-04T23:14:32","modified_gmt":"2026-05-04T20:14:32","slug":"midjeformare-med-andningsbar-komfort","status":"publish","type":"product","link":"https:\/\/deravio.com\/se\/produkt\/midjeformare-med-andningsbar-komfort\/","title":{"rendered":"Midjeformare med andningsbar komfort"},"content":{"rendered":"<h2 style=\"text-align: center;\" data-section-id=\"wtab3f\" data-start=\"391\" data-end=\"407\">\u2728 L\u00f6ftet<\/h2>\n<p style=\"text-align: center;\" data-start=\"409\" data-end=\"477\">Smidig formning.<br data-start=\"424\" data-end=\"427\" \/>Komfortabelt st\u00f6d.<br data-start=\"447\" data-end=\"450\" \/>Sj\u00e4lvf\u00f6rtroende i varje outfit.<\/p>\n<p data-start=\"409\" data-end=\"477\"><img fetchpriority=\"high\" decoding=\"async\" class=\"size-full wp-image-27359 aligncenter\" src=\"https:\/\/mekulo.com\/template\/wp-content\/uploads\/sites\/6\/2026\/03\/122121-ezgif.com-video-to-webp-converter-2.webp\" alt=\"\" width=\"480\" height=\"714\" \/><\/p>\n<h2 style=\"text-align: center;\" data-section-id=\"1x8y31r\" data-start=\"484\" data-end=\"502\">\u2705 Huvudf\u00f6rdelar<\/h2>\n<p data-start=\"506\" data-end=\"611\">\ud83d\udc57 Smalare midja &#8211; Ger riktad kompression som sl\u00e4tar ut och formar midjan.<\/p>\n<p data-start=\"615\" data-end=\"724\">\ud83c\udf2c Andningsbart komforttyg &#8211; L\u00e4ttviktiga material h\u00e5ller kroppen sval under daglig anv\u00e4ndning eller tr\u00e4ning.<\/p>\n<p data-start=\"728\" data-end=\"819\">\ud83e\uddd8 H\u00e5llningsst\u00f6d &#8211; Hj\u00e4lper till att stabilisera k\u00e4rnan och uppmuntra b\u00e4ttre ryggradsinriktning.<\/p>\n<p data-start=\"823\" data-end=\"919\">\ud83c\udfcb\ufe0f Tr\u00e4ningsv\u00e4nlig design &#8211; St\u00f6djer magmusklerna under gymsessioner och tr\u00e4ning.<\/p>\n<p data-start=\"923\" data-end=\"1028\">\ud83d\udc5a Osynlig under kl\u00e4derna &#8211; tr\u00e5dl\u00f6s design som smidigt passar under kl\u00e4nningar, toppar och tr\u00e4ningskl\u00e4der.<\/p>\n<p data-start=\"1032\" data-end=\"1127\">\ud83d\udd04 Flexibel stretchpassform &#8211; stretchigt tyg som anpassar sig bekv\u00e4mt till olika kroppsformer.<\/p>\n<h2 style=\"text-align: center;\" data-section-id=\"d0iej6\" data-start=\"1134\" data-end=\"1157\">\u2757 Problem \u2192 L\u00f6sning<\/h2>\n<p data-start=\"1159\" data-end=\"1267\"><strong data-start=\"1159\" data-end=\"1171\">Problem:<\/strong><br data-start=\"1171\" data-end=\"1174\" \/>M\u00e5nga shapewear-produkter k\u00e4nns obekv\u00e4ma, begr\u00e4nsar r\u00f6rligheten eller st\u00e4nger in v\u00e4rmen under l\u00e5ng anv\u00e4ndning.<\/p>\n<p data-start=\"1269\" data-end=\"1461\"><strong data-start=\"1269\" data-end=\"1282\">L\u00f6sning:<\/strong><br data-start=\"1282\" data-end=\"1285\" \/>Denna midjeformare med andningsbar komfort kombinerar st\u00f6djande kompression med andningsbara material, vilket ger dig en j\u00e4mnare midja samtidigt som du \u00e4r bekv\u00e4m hela dagen. Forma utan att offra komfort.<\/p>\n<p data-start=\"1269\" data-end=\"1461\"><img decoding=\"async\" class=\"size-full wp-image-27360 aligncenter\" src=\"https:\/\/mekulo.com\/template\/wp-content\/uploads\/sites\/6\/2026\/03\/S9a5e0132893c4d3b8c0f9ed116dfaca6Z.png\" alt=\"\" width=\"960\" height=\"960\" \/><\/p>\n<h2 style=\"text-align: center;\" data-section-id=\"ivdk7f\" data-start=\"1504\" data-end=\"1530\">\ud83d\udc57 Perfekt f\u00f6r<\/h2>\n<ul data-start=\"1546\" data-end=\"1705\">\n<li data-section-id=\"11ii03o\" data-start=\"1546\" data-end=\"1575\">\n<p data-start=\"1548\" data-end=\"1575\">Daglig anv\u00e4ndning under kl\u00e4der<\/p>\n<\/li>\n<li data-section-id=\"k24y3g\" data-start=\"1576\" data-end=\"1613\">\n<p data-start=\"1578\" data-end=\"1613\">Gymtr\u00e4ning och konditionstr\u00e4ning<\/p>\n<\/li>\n<li data-section-id=\"1rg73xc\" data-start=\"1614\" data-end=\"1641\">\n<p data-start=\"1616\" data-end=\"1641\">Postpartum kroppsst\u00f6d<\/p>\n<\/li>\n<li data-section-id=\"relhn4\" data-start=\"1642\" data-end=\"1674\">\n<p data-start=\"1644\" data-end=\"1674\">Kontorskl\u00e4der eller l\u00e5nga arbetsdagar<\/p>\n<\/li>\n<li data-section-id=\"acz9cr\" data-start=\"1675\" data-end=\"1705\">\n<p data-start=\"1677\" data-end=\"1705\">Speciella evenemang och outfits<\/p>\n<\/li>\n<\/ul>\n<p data-start=\"1707\" data-end=\"1763\">Designad f\u00f6r att passa s\u00f6ml\u00f6st in i din vardagliga livsstil.<\/p>\n<h2 style=\"text-align: center;\" data-section-id=\"1k514u3\" data-start=\"1770\" data-end=\"1786\">\u2699\ufe0f Hur man anv\u00e4nder<\/h2>\n<ol data-start=\"1788\" data-end=\"1977\">\n<li data-section-id=\"1nst7mx\" data-start=\"1788\" data-end=\"1837\">\n<p data-start=\"1791\" data-end=\"1837\">Vik midjeformaren runt din midja.<\/p>\n<\/li>\n<li data-section-id=\"5p8jqv\" data-start=\"1838\" data-end=\"1885\">\n<p data-start=\"1841\" data-end=\"1885\">Justera passformen f\u00f6r bekv\u00e4m kompression.<\/p>\n<\/li>\n<li data-section-id=\"1n5v2kv\" data-start=\"1886\" data-end=\"1929\">\n<p data-start=\"1889\" data-end=\"1929\">B\u00e4r under kl\u00e4der eller under tr\u00e4ning.<\/p>\n<\/li>\n<li data-section-id=\"txy7xg\" data-start=\"1930\" data-end=\"1977\">\n<p data-start=\"1933\" data-end=\"1977\">Ta bort efter anv\u00e4ndning och handtv\u00e4tta vid behov.<\/p>\n<\/li>\n<\/ol>\n<h2 style=\"text-align: center;\" data-section-id=\"6cujb5\" data-start=\"2027\" data-end=\"2048\">\ud83d\udcd0 Produktdetaljer<\/h2>\n<ul data-start=\"2050\" data-end=\"2285\">\n<li data-section-id=\"8d5zm8\" data-start=\"2050\" data-end=\"2094\">\n<p data-start=\"2052\" data-end=\"2094\">Material: Bred duk, Spandex, Nylon<\/p>\n<\/li>\n<li data-section-id=\"dp5fzp\" data-start=\"2095\" data-end=\"2126\">\n<p data-start=\"2097\" data-end=\"2126\">St\u00f6dtyp: Wire-free<\/p>\n<\/li>\n<li data-section-id=\"16m1cxc\" data-start=\"2127\" data-end=\"2168\">\n<p data-start=\"2129\" data-end=\"2168\">Kontrollniv\u00e5: Medium kompression<\/p>\n<\/li>\n<li data-section-id=\"rz8sm4\" data-start=\"2169\" data-end=\"2197\">\n<p data-start=\"2171\" data-end=\"2197\">Storlek: S (75-85 cm), M (85-95 cm), L (95-105 cm), XL (105-115 cm), XXL (115-125 cm)<\/p>\n<\/li>\n<li data-section-id=\"1ugyfep\" data-start=\"2198\" data-end=\"2234\">\n<p data-start=\"2200\" data-end=\"2234\">Str\u00e4ckkapacitet: Upp till 8 cm<\/p>\n<\/li>\n<li data-section-id=\"13lgju8\" data-start=\"2235\" data-end=\"2285\">\n<p data-start=\"2237\" data-end=\"2285\">Design: Snygg timglasformad silhuett<\/p>\n<\/li>\n<li data-section-id=\"13lgju8\" data-start=\"2235\" data-end=\"2285\">Tv\u00e4ttv\u00e5rd: Endast handtv\u00e4tt, stryk inte, vrid inte<\/li>\n<\/ul>\n<h2 style=\"text-align: center;\" data-section-id=\"1qc1r63\" data-start=\"2352\" data-end=\"2374\">\ud83d\udce6 F\u00f6rpackningen inneh\u00e5ller<\/h2>\n<ul data-start=\"2376\" data-end=\"2415\">\n<li data-section-id=\"10g6gx3\" data-start=\"2376\" data-end=\"2415\">\n<p data-start=\"2378\" data-end=\"2415\">1x midjeformare som andas och \u00e4r bekv\u00e4m.<\/p>\n<\/li>\n<\/ul>\n","protected":false},"excerpt":{"rendered":"<p>\ud83d\udc57Forma din midja. St\u00f6d ditt sj\u00e4lvf\u00f6rtroende. Bekv\u00e4m formning som du kan b\u00e4ra hela dagen.<br \/>\n\ud83e\udeb6Den h\u00e4r midjeformaren med andningsbar komfort formar f\u00f6rsiktigt din midja samtidigt som den st\u00f6der din h\u00e5llning och core.<br \/>\n\ud83d\udebaDesignade med flexibelt, andningsbart tyg ger den en smickrande silhuett utan att begr\u00e4nsa r\u00f6relsen.<\/p>\n","protected":false},"featured_media":24768,"comment_status":"open","ping_status":"closed","template":"","meta":{"site-sidebar-layout":"default","site-content-layout":"","ast-site-content-layout":"default","site-content-style":"default","site-sidebar-style":"default","ast-global-header-display":"","ast-banner-title-visibility":"","ast-main-header-display":"","ast-hfb-above-header-display":"","ast-hfb-below-header-display":"","ast-hfb-mobile-header-display":"","site-post-title":"","ast-breadcrumbs-content":"","ast-featured-img":"","footer-sml-layout":"","ast-disable-related-posts":"","theme-transparent-header-meta":"default","adv-header-id-meta":"","stick-header-meta":"","header-above-stick-meta":"","header-main-stick-meta":"","header-below-stick-meta":"","astra-migrate-meta-layouts":"set","ast-page-background-enabled":"default","ast-page-background-meta":{"desktop":{"background-color":"var(--ast-global-color-5)","background-image":"","background-repeat":"repeat","background-position":"center center","background-size":"auto","background-attachment":"scroll","background-type":"","background-media":"","overlay-type":"","overlay-color":"","overlay-opacity":"","overlay-gradient":""},"tablet":{"background-color":"","background-image":"","background-repeat":"repeat","background-position":"center center","background-size":"auto","background-attachment":"scroll","background-type":"","background-media":"","overlay-type":"","overlay-color":"","overlay-opacity":"","overlay-gradient":""},"mobile":{"background-color":"","background-image":"","background-repeat":"repeat","background-position":"center center","background-size":"auto","background-attachment":"scroll","background-type":"","background-media":"","overlay-type":"","overlay-color":"","overlay-opacity":"","overlay-gradient":""}},"ast-content-background-meta":{"desktop":{"background-color":"var(--ast-global-color-4)","background-image":"","background-repeat":"repeat","background-position":"center center","background-size":"auto","background-attachment":"scroll","background-type":"","background-media":"","overlay-type":"","overlay-color":"","overlay-opacity":"","overlay-gradient":""},"tablet":{"background-color":"var(--ast-global-color-4)","background-image":"","background-repeat":"repeat","background-position":"center center","background-size":"auto","background-attachment":"scroll","background-type":"","background-media":"","overlay-type":"","overlay-color":"","overlay-opacity":"","overlay-gradient":""},"mobile":{"background-color":"var(--ast-global-color-4)","background-image":"","background-repeat":"repeat","background-position":"center center","background-size":"auto","background-attachment":"scroll","background-type":"","background-media":"","overlay-type":"","overlay-color":"","overlay-opacity":"","overlay-gradient":""}}},"product_brand":[],"product_cat":[164,162],"product_tag":[],"class_list":{"0":"post-24772","1":"product","2":"type-product","3":"status-publish","4":"has-post-thumbnail","6":"product_cat-klader-for-kvinnor","7":"product_cat-skonhets-och-hygienprodukter","8":"pa_66462_bjp16f6q-l","9":"pa_66462_bjp16f6q-m","10":"pa_66462_bjp16f6q-s","11":"pa_66462_bjp16f6q-xl","12":"pa_66462_bjp16f6q-xxl","13":"pa_66462_qo6s5mkk-beige","14":"pa_66462_qo6s5mkk-svart","15":"desktop-align-left","16":"tablet-align-left","17":"mobile-align-left","19":"first","20":"instock","21":"shipping-taxable","22":"purchasable","23":"product-type-variable","24":"has-default-attributes"},"yoast_head":"<!-- This site is optimized with the Yoast SEO plugin v27.4 - https:\/\/yoast.com\/product\/yoast-seo-wordpress\/ -->\n<title>Midjeformare med andningsbar komfort - Deravio SE<\/title>\n<meta name=\"robots\" content=\"index, follow, max-snippet:-1, max-image-preview:large, max-video-preview:-1\" \/>\n<link rel=\"canonical\" href=\"https:\/\/deravio.com\/se\/produkt\/midjeformare-med-andningsbar-komfort\/\" \/>\n<meta property=\"og:locale\" content=\"sv_SE\" \/>\n<meta property=\"og:type\" content=\"article\" \/>\n<meta property=\"og:title\" content=\"Midjeformare med andningsbar komfort - Deravio SE\" \/>\n<meta property=\"og:description\" content=\"\ud83d\udc57Forma din midja. St\u00f6d ditt sj\u00e4lvf\u00f6rtroende. Bekv\u00e4m formning som du kan b\u00e4ra hela dagen. \ud83e\udeb6Den h\u00e4r midjeformaren med andningsbar komfort formar f\u00f6rsiktigt din midja samtidigt som den st\u00f6der din h\u00e5llning och core. \ud83d\udebaDesignade med flexibelt, andningsbart tyg ger den en smickrande silhuett utan att begr\u00e4nsa r\u00f6relsen.\" \/>\n<meta property=\"og:url\" content=\"https:\/\/deravio.com\/se\/produkt\/midjeformare-med-andningsbar-komfort\/\" \/>\n<meta property=\"og:site_name\" content=\"Deravio SE\" \/>\n<meta property=\"article:modified_time\" content=\"2026-05-04T20:14:32+00:00\" \/>\n<meta property=\"og:image\" content=\"https:\/\/deravio.com\/se\/wp-content\/uploads\/sites\/20\/2026\/05\/2sf7t2i-1.webp\" \/>\n\t<meta property=\"og:image:width\" content=\"960\" \/>\n\t<meta property=\"og:image:height\" content=\"960\" \/>\n\t<meta property=\"og:image:type\" content=\"image\/webp\" \/>\n<meta name=\"twitter:card\" content=\"summary_large_image\" \/>\n<meta name=\"twitter:label1\" content=\"Ber\u00e4knad l\u00e4stid\" \/>\n\t<meta name=\"twitter:data1\" content=\"2 minuter\" \/>\n<script type=\"application\/ld+json\" class=\"yoast-schema-graph\">{\"@context\":\"https:\\\/\\\/schema.org\",\"@graph\":[{\"@type\":\"WebPage\",\"@id\":\"https:\\\/\\\/deravio.com\\\/se\\\/produkt\\\/midjeformare-med-andningsbar-komfort\\\/\",\"url\":\"https:\\\/\\\/deravio.com\\\/se\\\/produkt\\\/midjeformare-med-andningsbar-komfort\\\/\",\"name\":\"Midjeformare med andningsbar komfort - Deravio SE\",\"isPartOf\":{\"@id\":\"https:\\\/\\\/deravio.com\\\/se\\\/#website\"},\"primaryImageOfPage\":{\"@id\":\"https:\\\/\\\/deravio.com\\\/se\\\/produkt\\\/midjeformare-med-andningsbar-komfort\\\/#primaryimage\"},\"image\":{\"@id\":\"https:\\\/\\\/deravio.com\\\/se\\\/produkt\\\/midjeformare-med-andningsbar-komfort\\\/#primaryimage\"},\"thumbnailUrl\":\"https:\\\/\\\/deravio.com\\\/se\\\/wp-content\\\/uploads\\\/sites\\\/20\\\/2026\\\/05\\\/2sf7t2i-1.webp\",\"datePublished\":\"2026-05-04T16:35:49+00:00\",\"dateModified\":\"2026-05-04T20:14:32+00:00\",\"breadcrumb\":{\"@id\":\"https:\\\/\\\/deravio.com\\\/se\\\/produkt\\\/midjeformare-med-andningsbar-komfort\\\/#breadcrumb\"},\"inLanguage\":\"sv-SE\",\"potentialAction\":[{\"@type\":\"ReadAction\",\"target\":[\"https:\\\/\\\/deravio.com\\\/se\\\/produkt\\\/midjeformare-med-andningsbar-komfort\\\/\"]}]},{\"@type\":\"ImageObject\",\"inLanguage\":\"sv-SE\",\"@id\":\"https:\\\/\\\/deravio.com\\\/se\\\/produkt\\\/midjeformare-med-andningsbar-komfort\\\/#primaryimage\",\"url\":\"https:\\\/\\\/deravio.com\\\/se\\\/wp-content\\\/uploads\\\/sites\\\/20\\\/2026\\\/05\\\/2sf7t2i-1.webp\",\"contentUrl\":\"https:\\\/\\\/deravio.com\\\/se\\\/wp-content\\\/uploads\\\/sites\\\/20\\\/2026\\\/05\\\/2sf7t2i-1.webp\",\"width\":960,\"height\":960},{\"@type\":\"BreadcrumbList\",\"@id\":\"https:\\\/\\\/deravio.com\\\/se\\\/produkt\\\/midjeformare-med-andningsbar-komfort\\\/#breadcrumb\",\"itemListElement\":[{\"@type\":\"ListItem\",\"position\":1,\"name\":\"Home\",\"item\":\"https:\\\/\\\/deravio.com\\\/se\\\/\"},{\"@type\":\"ListItem\",\"position\":2,\"name\":\"Butik\",\"item\":\"https:\\\/\\\/deravio.com\\\/se\\\/butik\\\/\"},{\"@type\":\"ListItem\",\"position\":3,\"name\":\"Midjeformare med andningsbar komfort\"}]},{\"@type\":\"WebSite\",\"@id\":\"https:\\\/\\\/deravio.com\\\/se\\\/#website\",\"url\":\"https:\\\/\\\/deravio.com\\\/se\\\/\",\"name\":\"Deravio SE\",\"description\":\"\",\"publisher\":{\"@id\":\"https:\\\/\\\/deravio.com\\\/se\\\/#organization\"},\"potentialAction\":[{\"@type\":\"SearchAction\",\"target\":{\"@type\":\"EntryPoint\",\"urlTemplate\":\"https:\\\/\\\/deravio.com\\\/se\\\/?s={search_term_string}\"},\"query-input\":{\"@type\":\"PropertyValueSpecification\",\"valueRequired\":true,\"valueName\":\"search_term_string\"}}],\"inLanguage\":\"sv-SE\"},{\"@type\":\"Organization\",\"@id\":\"https:\\\/\\\/deravio.com\\\/se\\\/#organization\",\"name\":\"Mekulo\",\"url\":\"https:\\\/\\\/deravio.com\\\/se\\\/\",\"logo\":{\"@type\":\"ImageObject\",\"inLanguage\":\"sv-SE\",\"@id\":\"https:\\\/\\\/deravio.com\\\/se\\\/#\\\/schema\\\/logo\\\/image\\\/\",\"url\":\"https:\\\/\\\/deravio.com\\\/se\\\/wp-content\\\/uploads\\\/sites\\\/20\\\/2025\\\/12\\\/favicon_mekulo.png\",\"contentUrl\":\"https:\\\/\\\/deravio.com\\\/se\\\/wp-content\\\/uploads\\\/sites\\\/20\\\/2025\\\/12\\\/favicon_mekulo.png\",\"width\":50,\"height\":50,\"caption\":\"Mekulo\"},\"image\":{\"@id\":\"https:\\\/\\\/deravio.com\\\/se\\\/#\\\/schema\\\/logo\\\/image\\\/\"}}]}<\/script>\n<!-- \/ Yoast SEO plugin. -->","yoast_head_json":{"title":"Midjeformare med andningsbar komfort - Deravio SE","robots":{"index":"index","follow":"follow","max-snippet":"max-snippet:-1","max-image-preview":"max-image-preview:large","max-video-preview":"max-video-preview:-1"},"canonical":"https:\/\/deravio.com\/se\/produkt\/midjeformare-med-andningsbar-komfort\/","og_locale":"sv_SE","og_type":"article","og_title":"Midjeformare med andningsbar komfort - Deravio SE","og_description":"\ud83d\udc57Forma din midja. St\u00f6d ditt sj\u00e4lvf\u00f6rtroende. Bekv\u00e4m formning som du kan b\u00e4ra hela dagen. \ud83e\udeb6Den h\u00e4r midjeformaren med andningsbar komfort formar f\u00f6rsiktigt din midja samtidigt som den st\u00f6der din h\u00e5llning och core. \ud83d\udebaDesignade med flexibelt, andningsbart tyg ger den en smickrande silhuett utan att begr\u00e4nsa r\u00f6relsen.","og_url":"https:\/\/deravio.com\/se\/produkt\/midjeformare-med-andningsbar-komfort\/","og_site_name":"Deravio SE","article_modified_time":"2026-05-04T20:14:32+00:00","og_image":[{"width":960,"height":960,"url":"https:\/\/deravio.com\/se\/wp-content\/uploads\/sites\/20\/2026\/05\/2sf7t2i-1.webp","type":"image\/webp"}],"twitter_card":"summary_large_image","twitter_misc":{"Ber\u00e4knad l\u00e4stid":"2 minuter"},"schema":{"@context":"https:\/\/schema.org","@graph":[{"@type":"WebPage","@id":"https:\/\/deravio.com\/se\/produkt\/midjeformare-med-andningsbar-komfort\/","url":"https:\/\/deravio.com\/se\/produkt\/midjeformare-med-andningsbar-komfort\/","name":"Midjeformare med andningsbar komfort - Deravio SE","isPartOf":{"@id":"https:\/\/deravio.com\/se\/#website"},"primaryImageOfPage":{"@id":"https:\/\/deravio.com\/se\/produkt\/midjeformare-med-andningsbar-komfort\/#primaryimage"},"image":{"@id":"https:\/\/deravio.com\/se\/produkt\/midjeformare-med-andningsbar-komfort\/#primaryimage"},"thumbnailUrl":"https:\/\/deravio.com\/se\/wp-content\/uploads\/sites\/20\/2026\/05\/2sf7t2i-1.webp","datePublished":"2026-05-04T16:35:49+00:00","dateModified":"2026-05-04T20:14:32+00:00","breadcrumb":{"@id":"https:\/\/deravio.com\/se\/produkt\/midjeformare-med-andningsbar-komfort\/#breadcrumb"},"inLanguage":"sv-SE","potentialAction":[{"@type":"ReadAction","target":["https:\/\/deravio.com\/se\/produkt\/midjeformare-med-andningsbar-komfort\/"]}]},{"@type":"ImageObject","inLanguage":"sv-SE","@id":"https:\/\/deravio.com\/se\/produkt\/midjeformare-med-andningsbar-komfort\/#primaryimage","url":"https:\/\/deravio.com\/se\/wp-content\/uploads\/sites\/20\/2026\/05\/2sf7t2i-1.webp","contentUrl":"https:\/\/deravio.com\/se\/wp-content\/uploads\/sites\/20\/2026\/05\/2sf7t2i-1.webp","width":960,"height":960},{"@type":"BreadcrumbList","@id":"https:\/\/deravio.com\/se\/produkt\/midjeformare-med-andningsbar-komfort\/#breadcrumb","itemListElement":[{"@type":"ListItem","position":1,"name":"Home","item":"https:\/\/deravio.com\/se\/"},{"@type":"ListItem","position":2,"name":"Butik","item":"https:\/\/deravio.com\/se\/butik\/"},{"@type":"ListItem","position":3,"name":"Midjeformare med andningsbar komfort"}]},{"@type":"WebSite","@id":"https:\/\/deravio.com\/se\/#website","url":"https:\/\/deravio.com\/se\/","name":"Deravio SE","description":"","publisher":{"@id":"https:\/\/deravio.com\/se\/#organization"},"potentialAction":[{"@type":"SearchAction","target":{"@type":"EntryPoint","urlTemplate":"https:\/\/deravio.com\/se\/?s={search_term_string}"},"query-input":{"@type":"PropertyValueSpecification","valueRequired":true,"valueName":"search_term_string"}}],"inLanguage":"sv-SE"},{"@type":"Organization","@id":"https:\/\/deravio.com\/se\/#organization","name":"Mekulo","url":"https:\/\/deravio.com\/se\/","logo":{"@type":"ImageObject","inLanguage":"sv-SE","@id":"https:\/\/deravio.com\/se\/#\/schema\/logo\/image\/","url":"https:\/\/deravio.com\/se\/wp-content\/uploads\/sites\/20\/2025\/12\/favicon_mekulo.png","contentUrl":"https:\/\/deravio.com\/se\/wp-content\/uploads\/sites\/20\/2025\/12\/favicon_mekulo.png","width":50,"height":50,"caption":"Mekulo"},"image":{"@id":"https:\/\/deravio.com\/se\/#\/schema\/logo\/image\/"}}]}},"_links":{"self":[{"href":"https:\/\/deravio.com\/se\/wp-json\/wp\/v2\/product\/24772","targetHints":{"allow":["GET"]}}],"collection":[{"href":"https:\/\/deravio.com\/se\/wp-json\/wp\/v2\/product"}],"about":[{"href":"https:\/\/deravio.com\/se\/wp-json\/wp\/v2\/types\/product"}],"replies":[{"embeddable":true,"href":"https:\/\/deravio.com\/se\/wp-json\/wp\/v2\/comments?post=24772"}],"wp:featuredmedia":[{"embeddable":true,"href":"https:\/\/deravio.com\/se\/wp-json\/wp\/v2\/media\/24768"}],"wp:attachment":[{"href":"https:\/\/deravio.com\/se\/wp-json\/wp\/v2\/media?parent=24772"}],"wp:term":[{"taxonomy":"product_brand","embeddable":true,"href":"https:\/\/deravio.com\/se\/wp-json\/wp\/v2\/product_brand?post=24772"},{"taxonomy":"product_cat","embeddable":true,"href":"https:\/\/deravio.com\/se\/wp-json\/wp\/v2\/product_cat?post=24772"},{"taxonomy":"product_tag","embeddable":true,"href":"https:\/\/deravio.com\/se\/wp-json\/wp\/v2\/product_tag?post=24772"}],"curies":[{"name":"wp","href":"https:\/\/api.w.org\/{rel}","templated":true}]}}