{"id":24763,"date":"2026-05-04T19:33:49","date_gmt":"2026-05-04T16:33:49","guid":{"rendered":"https:\/\/deravio.com\/se\/produkt\/starkt-och-snabbt-lim-for-alla-andamal-500-g\/"},"modified":"2026-05-04T22:59:22","modified_gmt":"2026-05-04T19:59:22","slug":"starkt-och-snabbt-lim-for-alla-andamal-500-g","status":"publish","type":"product","link":"https:\/\/deravio.com\/se\/produkt\/starkt-och-snabbt-lim-for-alla-andamal-500-g\/","title":{"rendered":"Starkt och snabbt lim f\u00f6r alla \u00e4ndam\u00e5l (500 g)"},"content":{"rendered":"<h2 style=\"text-align: center;\" data-section-id=\"wtab3f\" data-start=\"394\" data-end=\"410\">\u2728 L\u00f6ftet<\/h2>\n<p style=\"text-align: center;\" data-start=\"412\" data-end=\"479\">Stark vidh\u00e4ftning.<br data-start=\"427\" data-end=\"430\" \/>Snabba resultat.<br data-start=\"443\" data-end=\"446\" \/>P\u00e5litligt f\u00e4ste i alla milj\u00f6er.<\/p>\n<p data-start=\"412\" data-end=\"479\"><img fetchpriority=\"high\" decoding=\"async\" class=\" wp-image-27344 aligncenter\" src=\"https:\/\/mekulo.com\/template\/wp-content\/uploads\/sites\/6\/2026\/03\/122118-ezgif.com-video-to-webp-converter-2.webp\" alt=\"\" width=\"550\" height=\"550\" \/><\/p>\n<h2 style=\"text-align: center;\" data-section-id=\"1x8y31r\" data-start=\"486\" data-end=\"504\">\u2705 Huvudf\u00f6rdelar<\/h2>\n<p data-start=\"508\" data-end=\"614\">\u26a1 Snabbh\u00e4rdande limteknik &#8211; F\u00e4ster material snabbt f\u00f6r att minska v\u00e4ntetiden under projekt.<\/p>\n<p data-start=\"618\" data-end=\"737\">\ud83e\udea8 Starkt f\u00e4ste f\u00f6r flera material &#8211; Fungerar effektivt p\u00e5 sten, grus, tegel, tr\u00e4flis, skal med mera.<\/p>\n<p data-start=\"741\" data-end=\"851\">\ud83c\udf27 V\u00e4derbest\u00e4ndig h\u00e5llbarhet &#8211; T\u00e5l vind, regn och utomhusf\u00f6rh\u00e5llanden utan att tappa styrka.<\/p>\n<p data-start=\"855\" data-end=\"968\">\ud83c\udfaf Precisionsmunstycke &#8211; Smidig, kontrollerad applicering utan blandning eller komplicerade f\u00f6rberedelser.<\/p>\n<p data-start=\"972\" data-end=\"1068\">\ud83d\udd12 Djup bindningsstruktur &#8211; Skapar ett n\u00e4tliknande grepp som h\u00e5ller materialen stadigt p\u00e5 plats.<\/p>\n<p data-start=\"1072\" data-end=\"1163\">\ud83c\udf3f Tydlig och naturlig finish &#8211; H\u00e5ller landskapsmaterialens naturliga utseende intakt.<\/p>\n<h2 style=\"text-align: center;\" data-section-id=\"d0iej6\" data-start=\"1170\" data-end=\"1193\">\u2757 Problem \u2192 L\u00f6sning<\/h2>\n<p data-start=\"1195\" data-end=\"1326\"><strong data-start=\"1195\" data-end=\"1207\">Problem:<\/strong><br data-start=\"1207\" data-end=\"1210\" \/>L\u00f6st grus, sten och landskapsmaterial flyttar sig ofta med tiden p\u00e5 grund av v\u00e4der, g\u00e5ngtrafik eller d\u00e5lig bindning.<\/p>\n<p data-start=\"1328\" data-end=\"1518\"><strong data-start=\"1328\" data-end=\"1341\">L\u00f6sning:<\/strong><br data-start=\"1341\" data-end=\"1344\" \/>Detta starka och snabba lim f\u00f6r alla \u00e4ndam\u00e5l stabiliserar materialen direkt och skapar ett l\u00e5ngvarigt grepp som h\u00e5ller g\u00e5ngar, tr\u00e4dg\u00e5rdar och dekorativa ytor rena och organiserade. P\u00e5litlig bindning utan komplicerad installation.<\/p>\n<p data-start=\"1328\" data-end=\"1518\"><img decoding=\"async\" class=\"size-full wp-image-27346 aligncenter\" src=\"https:\/\/mekulo.com\/template\/wp-content\/uploads\/sites\/6\/2026\/03\/2214d408-f8a5-4d7f-863b-dd7d865508eb.webp\" alt=\"\" width=\"627\" height=\"1000\" \/><\/p>\n<h2 style=\"text-align: center;\" data-section-id=\"10n4q2k\" data-start=\"1577\" data-end=\"1603\">\ud83c\udfe1 Perfekt f\u00f6r<\/h2>\n<ul data-start=\"1617\" data-end=\"1833\">\n<li data-section-id=\"wecjvh\" data-start=\"1617\" data-end=\"1650\">\n<p data-start=\"1619\" data-end=\"1650\">Tr\u00e4dg\u00e5rds- och landskapsprojekt<\/p>\n<\/li>\n<li data-section-id=\"cpon8g\" data-start=\"1651\" data-end=\"1682\">\n<p data-start=\"1653\" data-end=\"1682\">Stabilisering av grusg\u00e5ngar<\/p>\n<\/li>\n<li data-section-id=\"14qjpme\" data-start=\"1683\" data-end=\"1722\">\n<p data-start=\"1685\" data-end=\"1722\">Fixering av dekorativa stenar och tegelstenar<\/p>\n<\/li>\n<li data-section-id=\"1aqodhg\" data-start=\"1723\" data-end=\"1760\">\n<p data-start=\"1725\" data-end=\"1760\">S\u00e4kring av tr\u00e4flis eller tallhalm<\/p>\n<\/li>\n<li data-section-id=\"1a10kil\" data-start=\"1761\" data-end=\"1794\">\n<p data-start=\"1763\" data-end=\"1794\">DIY hem f\u00f6rb\u00e4ttringsprojekt<\/p>\n<\/li>\n<li data-section-id=\"56ch8k\" data-start=\"1795\" data-end=\"1833\">\n<p data-start=\"1797\" data-end=\"1833\">Utv\u00e4ndig dekoration och underh\u00e5ll<\/p>\n<\/li>\n<\/ul>\n<p data-start=\"1835\" data-end=\"1899\">En praktisk l\u00f6sning f\u00f6r b\u00e5de proffs och DIY-entusiaster.<\/p>\n<h2 style=\"text-align: center;\" data-section-id=\"1k514u3\" data-start=\"1906\" data-end=\"1922\">\u2699\ufe0f Anv\u00e4ndning<\/h2>\n<ol data-start=\"1924\" data-end=\"2138\">\n<li data-section-id=\"1kuwbh3\" data-start=\"1924\" data-end=\"1964\">\n<p data-start=\"1927\" data-end=\"1964\">Se till att ytan \u00e4r ren och torr.<\/p>\n<\/li>\n<li data-section-id=\"5ej5m\" data-start=\"1965\" data-end=\"2014\">\n<p data-start=\"1968\" data-end=\"2014\">Applicera limmet direkt med munstycket.<\/p>\n<\/li>\n<li data-section-id=\"7hozsg\" data-start=\"2015\" data-end=\"2059\">\n<p data-start=\"2018\" data-end=\"2059\">Sprid ut det j\u00e4mnt \u00f6ver \u00f6nskat material.<\/p>\n<\/li>\n<li data-section-id=\"1fhk3k7\" data-start=\"2060\" data-end=\"2091\">\n<p data-start=\"2063\" data-end=\"2091\">Tryck fast materialet.<\/p>\n<\/li>\n<li data-section-id=\"l8foou\" data-start=\"2092\" data-end=\"2138\">\n<p data-start=\"2095\" data-end=\"2138\">L\u00e5t limmet stelna och s\u00e4kra bindningen.<\/p>\n<\/li>\n<\/ol>\n<h2 style=\"text-align: center;\" data-section-id=\"6cujb5\" data-start=\"2186\" data-end=\"2207\">\ud83d\udcd0 Produktdetaljer<\/h2>\n<ul data-start=\"2209\" data-end=\"2535\">\n<li data-section-id=\"15a39pc\" data-start=\"2292\" data-end=\"2313\">\n<p data-start=\"2294\" data-end=\"2313\">Vikt: 500 g<\/p>\n<\/li>\n<li data-section-id=\"yuqvk1\" data-start=\"2314\" data-end=\"2346\">\n<p data-start=\"2316\" data-end=\"2346\">M\u00e5tt: 13 x 7,1 x 18,5 cm<\/p>\n<\/li>\n<li data-section-id=\"3s1iq4\" data-start=\"2347\" data-end=\"2387\">\n<p data-start=\"2349\" data-end=\"2387\">F\u00e4rg: Transparent efter torkning<\/p>\n<\/li>\n<li data-section-id=\"1tyc3p2\" data-start=\"2388\" data-end=\"2449\">\n<p data-start=\"2390\" data-end=\"2449\">Funktioner: Vattent\u00e4t, snabbh\u00e4rdande, v\u00e4derbest\u00e4ndig<\/p>\n<\/li>\n<li data-section-id=\"15yr3an\" data-start=\"2450\" data-end=\"2535\">\n<p data-start=\"2452\" data-end=\"2535\">Applikationer: Sten, tegel, grus, sn\u00e4ckor, tr\u00e4flis, landskapsarkitekturmaterial<\/p>\n<\/li>\n<li data-section-id=\"15yr3an\" data-start=\"2450\" data-end=\"2535\">\n<p data-start=\"2452\" data-end=\"2535\">Densitet: 800 mPa-s (g\/cm2)<\/p>\n<\/li>\n<li data-section-id=\"15yr3an\" data-start=\"2450\" data-end=\"2535\">\n<p data-start=\"2452\" data-end=\"2535\">H\u00e4rdningstid: 2 timmar<\/p>\n<\/li>\n<li data-section-id=\"15yr3an\" data-start=\"2450\" data-end=\"2535\">H\u00e5llbarhet: 6 m\u00e5nader<\/li>\n<\/ul>\n<h2 style=\"text-align: center;\" data-section-id=\"1qc1r63\" data-start=\"2594\" data-end=\"2616\">\ud83d\udce6 F\u00f6rpackningen inneh\u00e5ller<\/h2>\n<p>1x Starkt och snabbt lim f\u00f6r alla \u00e4ndam\u00e5l (500 g)<\/p>\n","protected":false},"excerpt":{"rendered":"<p>\ud83d\udd10Fixera, limma och s\u00e4kra material p\u00e5 n\u00e5gra minuter.<br \/>\n\ud83c\udfe1Ett kraftfullt lim utformat f\u00f6r stark limning utomhus och inomhus.<br \/>\n\ud83e\udea8Detta starka och snabba universallim skapar ett h\u00e5llbart grepp f\u00f6r material som sten, tegel, grus, tr\u00e4flis med mera &#8211; vilket hj\u00e4lper dig att slutf\u00f6ra projekt snabbt samtidigt som du f\u00e5r en ren, professionell finish.<\/p>\n","protected":false},"featured_media":24759,"comment_status":"open","ping_status":"closed","template":"","meta":{"site-sidebar-layout":"default","site-content-layout":"","ast-site-content-layout":"default","site-content-style":"default","site-sidebar-style":"default","ast-global-header-display":"","ast-banner-title-visibility":"","ast-main-header-display":"","ast-hfb-above-header-display":"","ast-hfb-below-header-display":"","ast-hfb-mobile-header-display":"","site-post-title":"","ast-breadcrumbs-content":"","ast-featured-img":"","footer-sml-layout":"","ast-disable-related-posts":"","theme-transparent-header-meta":"default","adv-header-id-meta":"","stick-header-meta":"","header-above-stick-meta":"","header-main-stick-meta":"","header-below-stick-meta":"","astra-migrate-meta-layouts":"set","ast-page-background-enabled":"default","ast-page-background-meta":{"desktop":{"background-color":"var(--ast-global-color-5)","background-image":"","background-repeat":"repeat","background-position":"center center","background-size":"auto","background-attachment":"scroll","background-type":"","background-media":"","overlay-type":"","overlay-color":"","overlay-opacity":"","overlay-gradient":""},"tablet":{"background-color":"","background-image":"","background-repeat":"repeat","background-position":"center center","background-size":"auto","background-attachment":"scroll","background-type":"","background-media":"","overlay-type":"","overlay-color":"","overlay-opacity":"","overlay-gradient":""},"mobile":{"background-color":"","background-image":"","background-repeat":"repeat","background-position":"center center","background-size":"auto","background-attachment":"scroll","background-type":"","background-media":"","overlay-type":"","overlay-color":"","overlay-opacity":"","overlay-gradient":""}},"ast-content-background-meta":{"desktop":{"background-color":"var(--ast-global-color-4)","background-image":"","background-repeat":"repeat","background-position":"center center","background-size":"auto","background-attachment":"scroll","background-type":"","background-media":"","overlay-type":"","overlay-color":"","overlay-opacity":"","overlay-gradient":""},"tablet":{"background-color":"var(--ast-global-color-4)","background-image":"","background-repeat":"repeat","background-position":"center center","background-size":"auto","background-attachment":"scroll","background-type":"","background-media":"","overlay-type":"","overlay-color":"","overlay-opacity":"","overlay-gradient":""},"mobile":{"background-color":"var(--ast-global-color-4)","background-image":"","background-repeat":"repeat","background-position":"center center","background-size":"auto","background-attachment":"scroll","background-type":"","background-media":"","overlay-type":"","overlay-color":"","overlay-opacity":"","overlay-gradient":""}}},"product_brand":[],"product_cat":[168],"product_tag":[],"class_list":{"0":"post-24763","1":"product","2":"type-product","3":"status-publish","4":"has-post-thumbnail","6":"product_cat-hushallsprodukter","7":"desktop-align-left","8":"tablet-align-left","9":"mobile-align-left","11":"first","12":"instock","13":"shipping-taxable","14":"purchasable","15":"product-type-simple"},"yoast_head":"<!-- This site is optimized with the Yoast SEO plugin v27.4 - https:\/\/yoast.com\/product\/yoast-seo-wordpress\/ -->\n<title>Starkt och snabbt lim f\u00f6r alla \u00e4ndam\u00e5l (500 g) - Deravio SE<\/title>\n<meta name=\"robots\" content=\"index, follow, max-snippet:-1, max-image-preview:large, max-video-preview:-1\" \/>\n<link rel=\"canonical\" href=\"https:\/\/deravio.com\/se\/produkt\/starkt-och-snabbt-lim-for-alla-andamal-500-g\/\" \/>\n<meta property=\"og:locale\" content=\"sv_SE\" \/>\n<meta property=\"og:type\" content=\"article\" \/>\n<meta property=\"og:title\" content=\"Starkt och snabbt lim f\u00f6r alla \u00e4ndam\u00e5l (500 g) - Deravio SE\" \/>\n<meta property=\"og:description\" content=\"\ud83d\udd10Fixera, limma och s\u00e4kra material p\u00e5 n\u00e5gra minuter. \ud83c\udfe1Ett kraftfullt lim utformat f\u00f6r stark limning utomhus och inomhus. \ud83e\udea8Detta starka och snabba universallim skapar ett h\u00e5llbart grepp f\u00f6r material som sten, tegel, grus, tr\u00e4flis med mera - vilket hj\u00e4lper dig att slutf\u00f6ra projekt snabbt samtidigt som du f\u00e5r en ren, professionell finish.\" \/>\n<meta property=\"og:url\" content=\"https:\/\/deravio.com\/se\/produkt\/starkt-och-snabbt-lim-for-alla-andamal-500-g\/\" \/>\n<meta property=\"og:site_name\" content=\"Deravio SE\" \/>\n<meta property=\"article:modified_time\" content=\"2026-05-04T19:59:22+00:00\" \/>\n<meta property=\"og:image\" content=\"https:\/\/deravio.com\/se\/wp-content\/uploads\/sites\/20\/2026\/05\/cxw9ea0-1.jpg\" \/>\n\t<meta property=\"og:image:width\" content=\"960\" \/>\n\t<meta property=\"og:image:height\" content=\"960\" \/>\n\t<meta property=\"og:image:type\" content=\"image\/jpeg\" \/>\n<meta name=\"twitter:card\" content=\"summary_large_image\" \/>\n<meta name=\"twitter:label1\" content=\"Ber\u00e4knad l\u00e4stid\" \/>\n\t<meta name=\"twitter:data1\" content=\"2 minuter\" \/>\n<script type=\"application\/ld+json\" class=\"yoast-schema-graph\">{\"@context\":\"https:\\\/\\\/schema.org\",\"@graph\":[{\"@type\":\"WebPage\",\"@id\":\"https:\\\/\\\/deravio.com\\\/se\\\/produkt\\\/starkt-och-snabbt-lim-for-alla-andamal-500-g\\\/\",\"url\":\"https:\\\/\\\/deravio.com\\\/se\\\/produkt\\\/starkt-och-snabbt-lim-for-alla-andamal-500-g\\\/\",\"name\":\"Starkt och snabbt lim f\u00f6r alla \u00e4ndam\u00e5l (500 g) - Deravio SE\",\"isPartOf\":{\"@id\":\"https:\\\/\\\/deravio.com\\\/se\\\/#website\"},\"primaryImageOfPage\":{\"@id\":\"https:\\\/\\\/deravio.com\\\/se\\\/produkt\\\/starkt-och-snabbt-lim-for-alla-andamal-500-g\\\/#primaryimage\"},\"image\":{\"@id\":\"https:\\\/\\\/deravio.com\\\/se\\\/produkt\\\/starkt-och-snabbt-lim-for-alla-andamal-500-g\\\/#primaryimage\"},\"thumbnailUrl\":\"https:\\\/\\\/deravio.com\\\/se\\\/wp-content\\\/uploads\\\/sites\\\/20\\\/2026\\\/05\\\/cxw9ea0-1.jpg\",\"datePublished\":\"2026-05-04T16:33:49+00:00\",\"dateModified\":\"2026-05-04T19:59:22+00:00\",\"breadcrumb\":{\"@id\":\"https:\\\/\\\/deravio.com\\\/se\\\/produkt\\\/starkt-och-snabbt-lim-for-alla-andamal-500-g\\\/#breadcrumb\"},\"inLanguage\":\"sv-SE\",\"potentialAction\":[{\"@type\":\"ReadAction\",\"target\":[\"https:\\\/\\\/deravio.com\\\/se\\\/produkt\\\/starkt-och-snabbt-lim-for-alla-andamal-500-g\\\/\"]}]},{\"@type\":\"ImageObject\",\"inLanguage\":\"sv-SE\",\"@id\":\"https:\\\/\\\/deravio.com\\\/se\\\/produkt\\\/starkt-och-snabbt-lim-for-alla-andamal-500-g\\\/#primaryimage\",\"url\":\"https:\\\/\\\/deravio.com\\\/se\\\/wp-content\\\/uploads\\\/sites\\\/20\\\/2026\\\/05\\\/cxw9ea0-1.jpg\",\"contentUrl\":\"https:\\\/\\\/deravio.com\\\/se\\\/wp-content\\\/uploads\\\/sites\\\/20\\\/2026\\\/05\\\/cxw9ea0-1.jpg\",\"width\":960,\"height\":960},{\"@type\":\"BreadcrumbList\",\"@id\":\"https:\\\/\\\/deravio.com\\\/se\\\/produkt\\\/starkt-och-snabbt-lim-for-alla-andamal-500-g\\\/#breadcrumb\",\"itemListElement\":[{\"@type\":\"ListItem\",\"position\":1,\"name\":\"Home\",\"item\":\"https:\\\/\\\/deravio.com\\\/se\\\/\"},{\"@type\":\"ListItem\",\"position\":2,\"name\":\"Butik\",\"item\":\"https:\\\/\\\/deravio.com\\\/se\\\/butik\\\/\"},{\"@type\":\"ListItem\",\"position\":3,\"name\":\"Starkt och snabbt lim f\u00f6r alla \u00e4ndam\u00e5l (500 g)\"}]},{\"@type\":\"WebSite\",\"@id\":\"https:\\\/\\\/deravio.com\\\/se\\\/#website\",\"url\":\"https:\\\/\\\/deravio.com\\\/se\\\/\",\"name\":\"Deravio SE\",\"description\":\"\",\"publisher\":{\"@id\":\"https:\\\/\\\/deravio.com\\\/se\\\/#organization\"},\"potentialAction\":[{\"@type\":\"SearchAction\",\"target\":{\"@type\":\"EntryPoint\",\"urlTemplate\":\"https:\\\/\\\/deravio.com\\\/se\\\/?s={search_term_string}\"},\"query-input\":{\"@type\":\"PropertyValueSpecification\",\"valueRequired\":true,\"valueName\":\"search_term_string\"}}],\"inLanguage\":\"sv-SE\"},{\"@type\":\"Organization\",\"@id\":\"https:\\\/\\\/deravio.com\\\/se\\\/#organization\",\"name\":\"Mekulo\",\"url\":\"https:\\\/\\\/deravio.com\\\/se\\\/\",\"logo\":{\"@type\":\"ImageObject\",\"inLanguage\":\"sv-SE\",\"@id\":\"https:\\\/\\\/deravio.com\\\/se\\\/#\\\/schema\\\/logo\\\/image\\\/\",\"url\":\"https:\\\/\\\/deravio.com\\\/se\\\/wp-content\\\/uploads\\\/sites\\\/20\\\/2025\\\/12\\\/favicon_mekulo.png\",\"contentUrl\":\"https:\\\/\\\/deravio.com\\\/se\\\/wp-content\\\/uploads\\\/sites\\\/20\\\/2025\\\/12\\\/favicon_mekulo.png\",\"width\":50,\"height\":50,\"caption\":\"Mekulo\"},\"image\":{\"@id\":\"https:\\\/\\\/deravio.com\\\/se\\\/#\\\/schema\\\/logo\\\/image\\\/\"}}]}<\/script>\n<!-- \/ Yoast SEO plugin. -->","yoast_head_json":{"title":"Starkt och snabbt lim f\u00f6r alla \u00e4ndam\u00e5l (500 g) - Deravio SE","robots":{"index":"index","follow":"follow","max-snippet":"max-snippet:-1","max-image-preview":"max-image-preview:large","max-video-preview":"max-video-preview:-1"},"canonical":"https:\/\/deravio.com\/se\/produkt\/starkt-och-snabbt-lim-for-alla-andamal-500-g\/","og_locale":"sv_SE","og_type":"article","og_title":"Starkt och snabbt lim f\u00f6r alla \u00e4ndam\u00e5l (500 g) - Deravio SE","og_description":"\ud83d\udd10Fixera, limma och s\u00e4kra material p\u00e5 n\u00e5gra minuter. \ud83c\udfe1Ett kraftfullt lim utformat f\u00f6r stark limning utomhus och inomhus. \ud83e\udea8Detta starka och snabba universallim skapar ett h\u00e5llbart grepp f\u00f6r material som sten, tegel, grus, tr\u00e4flis med mera - vilket hj\u00e4lper dig att slutf\u00f6ra projekt snabbt samtidigt som du f\u00e5r en ren, professionell finish.","og_url":"https:\/\/deravio.com\/se\/produkt\/starkt-och-snabbt-lim-for-alla-andamal-500-g\/","og_site_name":"Deravio SE","article_modified_time":"2026-05-04T19:59:22+00:00","og_image":[{"width":960,"height":960,"url":"https:\/\/deravio.com\/se\/wp-content\/uploads\/sites\/20\/2026\/05\/cxw9ea0-1.jpg","type":"image\/jpeg"}],"twitter_card":"summary_large_image","twitter_misc":{"Ber\u00e4knad l\u00e4stid":"2 minuter"},"schema":{"@context":"https:\/\/schema.org","@graph":[{"@type":"WebPage","@id":"https:\/\/deravio.com\/se\/produkt\/starkt-och-snabbt-lim-for-alla-andamal-500-g\/","url":"https:\/\/deravio.com\/se\/produkt\/starkt-och-snabbt-lim-for-alla-andamal-500-g\/","name":"Starkt och snabbt lim f\u00f6r alla \u00e4ndam\u00e5l (500 g) - Deravio SE","isPartOf":{"@id":"https:\/\/deravio.com\/se\/#website"},"primaryImageOfPage":{"@id":"https:\/\/deravio.com\/se\/produkt\/starkt-och-snabbt-lim-for-alla-andamal-500-g\/#primaryimage"},"image":{"@id":"https:\/\/deravio.com\/se\/produkt\/starkt-och-snabbt-lim-for-alla-andamal-500-g\/#primaryimage"},"thumbnailUrl":"https:\/\/deravio.com\/se\/wp-content\/uploads\/sites\/20\/2026\/05\/cxw9ea0-1.jpg","datePublished":"2026-05-04T16:33:49+00:00","dateModified":"2026-05-04T19:59:22+00:00","breadcrumb":{"@id":"https:\/\/deravio.com\/se\/produkt\/starkt-och-snabbt-lim-for-alla-andamal-500-g\/#breadcrumb"},"inLanguage":"sv-SE","potentialAction":[{"@type":"ReadAction","target":["https:\/\/deravio.com\/se\/produkt\/starkt-och-snabbt-lim-for-alla-andamal-500-g\/"]}]},{"@type":"ImageObject","inLanguage":"sv-SE","@id":"https:\/\/deravio.com\/se\/produkt\/starkt-och-snabbt-lim-for-alla-andamal-500-g\/#primaryimage","url":"https:\/\/deravio.com\/se\/wp-content\/uploads\/sites\/20\/2026\/05\/cxw9ea0-1.jpg","contentUrl":"https:\/\/deravio.com\/se\/wp-content\/uploads\/sites\/20\/2026\/05\/cxw9ea0-1.jpg","width":960,"height":960},{"@type":"BreadcrumbList","@id":"https:\/\/deravio.com\/se\/produkt\/starkt-och-snabbt-lim-for-alla-andamal-500-g\/#breadcrumb","itemListElement":[{"@type":"ListItem","position":1,"name":"Home","item":"https:\/\/deravio.com\/se\/"},{"@type":"ListItem","position":2,"name":"Butik","item":"https:\/\/deravio.com\/se\/butik\/"},{"@type":"ListItem","position":3,"name":"Starkt och snabbt lim f\u00f6r alla \u00e4ndam\u00e5l (500 g)"}]},{"@type":"WebSite","@id":"https:\/\/deravio.com\/se\/#website","url":"https:\/\/deravio.com\/se\/","name":"Deravio SE","description":"","publisher":{"@id":"https:\/\/deravio.com\/se\/#organization"},"potentialAction":[{"@type":"SearchAction","target":{"@type":"EntryPoint","urlTemplate":"https:\/\/deravio.com\/se\/?s={search_term_string}"},"query-input":{"@type":"PropertyValueSpecification","valueRequired":true,"valueName":"search_term_string"}}],"inLanguage":"sv-SE"},{"@type":"Organization","@id":"https:\/\/deravio.com\/se\/#organization","name":"Mekulo","url":"https:\/\/deravio.com\/se\/","logo":{"@type":"ImageObject","inLanguage":"sv-SE","@id":"https:\/\/deravio.com\/se\/#\/schema\/logo\/image\/","url":"https:\/\/deravio.com\/se\/wp-content\/uploads\/sites\/20\/2025\/12\/favicon_mekulo.png","contentUrl":"https:\/\/deravio.com\/se\/wp-content\/uploads\/sites\/20\/2025\/12\/favicon_mekulo.png","width":50,"height":50,"caption":"Mekulo"},"image":{"@id":"https:\/\/deravio.com\/se\/#\/schema\/logo\/image\/"}}]}},"_links":{"self":[{"href":"https:\/\/deravio.com\/se\/wp-json\/wp\/v2\/product\/24763","targetHints":{"allow":["GET"]}}],"collection":[{"href":"https:\/\/deravio.com\/se\/wp-json\/wp\/v2\/product"}],"about":[{"href":"https:\/\/deravio.com\/se\/wp-json\/wp\/v2\/types\/product"}],"replies":[{"embeddable":true,"href":"https:\/\/deravio.com\/se\/wp-json\/wp\/v2\/comments?post=24763"}],"wp:featuredmedia":[{"embeddable":true,"href":"https:\/\/deravio.com\/se\/wp-json\/wp\/v2\/media\/24759"}],"wp:attachment":[{"href":"https:\/\/deravio.com\/se\/wp-json\/wp\/v2\/media?parent=24763"}],"wp:term":[{"taxonomy":"product_brand","embeddable":true,"href":"https:\/\/deravio.com\/se\/wp-json\/wp\/v2\/product_brand?post=24763"},{"taxonomy":"product_cat","embeddable":true,"href":"https:\/\/deravio.com\/se\/wp-json\/wp\/v2\/product_cat?post=24763"},{"taxonomy":"product_tag","embeddable":true,"href":"https:\/\/deravio.com\/se\/wp-json\/wp\/v2\/product_tag?post=24763"}],"curies":[{"name":"wp","href":"https:\/\/api.w.org\/{rel}","templated":true}]}}