{"id":24667,"date":"2026-05-04T19:24:58","date_gmt":"2026-05-04T16:24:58","guid":{"rendered":"https:\/\/deravio.com\/se\/produkt\/magnetisk-sjalvstangande-golvbrunnskarna-2-st\/"},"modified":"2026-05-04T19:25:07","modified_gmt":"2026-05-04T16:25:07","slug":"magnetisk-sjalvstangande-golvbrunnskarna-2-st","status":"publish","type":"product","link":"https:\/\/deravio.com\/se\/produkt\/magnetisk-sjalvstangande-golvbrunnskarna-2-st\/","title":{"rendered":"Magnetisk sj\u00e4lvst\u00e4ngande golvbrunnsk\u00e4rna (2 st)"},"content":{"rendered":"<h2 style=\"text-align: center\" data-section-id=\"wtab3f\" data-start=\"379\" data-end=\"395\">\u2728 L\u00f6ftet<\/h2>\n<p style=\"text-align: center\" data-start=\"397\" data-end=\"445\">Renare avlopp.<br data-start=\"412\" data-end=\"415\" \/>Ingen d\u00e5lig lukt.<br data-start=\"428\" data-end=\"431\" \/>Noll \u00e5terfl\u00f6de.<\/p>\n<p data-start=\"397\" data-end=\"445\"><img fetchpriority=\"high\" decoding=\"async\" class=\" wp-image-27254 aligncenter\" src=\"https:\/\/mekulo.com\/template\/wp-content\/uploads\/sites\/6\/2026\/03\/12219-ezgif.com-video-to-webp-converter-3.webp\" alt=\"\" width=\"550\" height=\"550\" \/><\/p>\n<h2 style=\"text-align: center\" data-section-id=\"1x8y31r\" data-start=\"452\" data-end=\"470\">\u2705 Huvudf\u00f6rdelar<\/h2>\n<p data-start=\"474\" data-end=\"576\">\ud83d\udeab Automatisk luktblockering &#8211; Magnetisk packning t\u00e4tar avloppet direkt n\u00e4r vattnet slutar rinna.<\/p>\n<p data-start=\"580\" data-end=\"686\">\ud83e\udeb3 Blockerar insekter och avloppsgas &#8211; Skapar en t\u00e4t barri\u00e4r som f\u00f6rhindrar skadedjur och obehagliga lukter.<\/p>\n<p data-start=\"690\" data-end=\"784\">\ud83e\uddf9 F\u00f6rhindrar igens\u00e4ttning av h\u00e5r och skr\u00e4p &#8211; Filtrerar avfall innan det kommer in i ditt r\u00f6rsystem.<\/p>\n<p data-start=\"788\" data-end=\"893\">\u2699\ufe0f Smidig vattendr\u00e4nering &#8211; Packningen \u00f6ppnas automatiskt under vattenfl\u00f6det f\u00f6r oavbruten dr\u00e4nering.<\/p>\n<p data-start=\"897\" data-end=\"988\">\ud83d\udee1 Slitstark ABS-konstruktion &#8211; bibeh\u00e5ller form och prestanda \u00e4ven vid frekvent anv\u00e4ndning.<\/p>\n<p data-start=\"992\" data-end=\"1077\">\ud83d\udd27 Snabb och enkel installation &#8211; passar de flesta vanliga golvbrunnar utan verktyg.<\/p>\n<h2 style=\"text-align: center\" data-section-id=\"d0iej6\" data-start=\"1084\" data-end=\"1107\">\u2757 Problem \u2192 L\u00f6sning<\/h2>\n<p data-start=\"1109\" data-end=\"1234\"><strong data-start=\"1109\" data-end=\"1121\">Problem:<\/strong><br data-start=\"1121\" data-end=\"1124\" \/>Traditionella avlopp sl\u00e4pper in lukt, insekter och avloppsgaser i ditt hem medan h\u00e5r och skr\u00e4p orsakar igens\u00e4ttningar.<\/p>\n<p data-start=\"1236\" data-end=\"1413\"><strong data-start=\"1236\" data-end=\"1249\">L\u00f6sning:<\/strong><br data-start=\"1249\" data-end=\"1252\" \/>Denna magnetiska sj\u00e4lvst\u00e4ngande golvbrunnsk\u00e4rna fungerar som en smart barri\u00e4r &#8211; \u00f6ppnas f\u00f6r vattenfl\u00f6de och t\u00e4tar direkt efter\u00e5t f\u00f6r att h\u00e5lla ditt utrymme rent och luktfritt. En liten uppgradering med stor inverkan p\u00e5 hygienen.<\/p>\n<p data-start=\"1236\" data-end=\"1413\"><img decoding=\"async\" class=\" wp-image-27253 aligncenter\" src=\"https:\/\/mekulo.com\/template\/wp-content\/uploads\/sites\/6\/2026\/03\/122110-ezgif.com-video-to-webp-converter-3.webp\" alt=\"\" width=\"550\" height=\"550\" \/><\/p>\n<h2 style=\"text-align: center\" data-section-id=\"p6m9el\" data-start=\"1467\" data-end=\"1493\">\ud83c\udfe0 Perfekt f\u00f6r<\/h2>\n<ul data-start=\"1509\" data-end=\"1627\">\n<li data-section-id=\"1b1ur5j\" data-start=\"1509\" data-end=\"1534\">\n<p data-start=\"1511\" data-end=\"1534\">Badrum och duschar<\/p>\n<\/li>\n<li data-section-id=\"161e1g2\" data-start=\"1535\" data-end=\"1552\">\n<p data-start=\"1537\" data-end=\"1552\">K\u00f6ksdiskb\u00e4nkar<\/p>\n<\/li>\n<li data-section-id=\"1thg1i5\" data-start=\"1553\" data-end=\"1570\">\n<p data-start=\"1555\" data-end=\"1570\">Tv\u00e4ttstugor<\/p>\n<\/li>\n<li data-section-id=\"qy4qph\" data-start=\"1571\" data-end=\"1596\">\n<p data-start=\"1573\" data-end=\"1596\">Balkonger och garage<\/p>\n<\/li>\n<li data-section-id=\"bmnbrg\" data-start=\"1597\" data-end=\"1627\">\n<p data-start=\"1599\" data-end=\"1627\">K\u00e4llare och golvavlopp<\/p>\n<\/li>\n<\/ul>\n<p data-start=\"1629\" data-end=\"1673\">H\u00e5ller alla avloppssystem renare och s\u00e4krare.<\/p>\n<h2 style=\"text-align: center\" data-section-id=\"1k514u3\" data-start=\"1680\" data-end=\"1696\">\u2699\ufe0f Hur man anv\u00e4nder<\/h2>\n<ol data-start=\"1698\" data-end=\"1834\">\n<li data-section-id=\"1u82pkz\" data-start=\"1698\" data-end=\"1735\">\n<p data-start=\"1701\" data-end=\"1735\">Ta bort ditt befintliga avloppslock.<\/p>\n<\/li>\n<li data-section-id=\"11zwd4l\" data-start=\"1736\" data-end=\"1776\">\n<p data-start=\"1739\" data-end=\"1776\">F\u00f6r in avloppsk\u00e4rnan i r\u00f6ret.<\/p>\n<\/li>\n<li data-section-id=\"vr4q7p\" data-start=\"1777\" data-end=\"1805\">\n<p data-start=\"1780\" data-end=\"1805\">Se till att den sitter ordentligt.<\/p>\n<\/li>\n<li data-section-id=\"27qsif\" data-start=\"1806\" data-end=\"1834\">\n<p data-start=\"1809\" data-end=\"1834\">S\u00e4tt tillbaka avloppslocket.<\/p>\n<\/li>\n<\/ol>\n<h2 style=\"text-align: center\" data-section-id=\"6cujb5\" data-start=\"1902\" data-end=\"1923\">\ud83d\udcd0 Produktdetaljer<\/h2>\n<ul data-start=\"1925\" data-end=\"2131\">\n<li data-section-id=\"1dr4i5j\" data-start=\"1925\" data-end=\"1959\">\n<p data-start=\"1927\" data-end=\"1959\">Material: H\u00f6gkvalitativ ABS<\/p>\n<\/li>\n<li data-section-id=\"59wkxi\" data-start=\"1960\" data-end=\"2003\">\n<p data-start=\"1962\" data-end=\"2003\">Dr\u00e4neringstyp: Anti-lukt magnetisk t\u00e4tning<\/p>\n<\/li>\n<li data-section-id=\"sac4k1\" data-start=\"2004\" data-end=\"2047\">\n<p data-start=\"2006\" data-end=\"2047\">Kompatibel avloppsdiameter: 33-45 mm<\/p>\n<\/li>\n<li data-section-id=\"rmo3ch\" data-start=\"2048\" data-end=\"2085\">\n<p data-start=\"2050\" data-end=\"2085\">Storlek: 72 x 72 x 49 mm<\/p>\n<\/li>\n<li data-section-id=\"13s49yk\" data-start=\"2086\" data-end=\"2131\">\n<p data-start=\"2088\" data-end=\"2131\">Design: Inb\u00e4ddad osynlig avloppsk\u00e4rna<\/p>\n<\/li>\n<\/ul>\n<h2 style=\"text-align: center\" data-section-id=\"1qc1r63\" data-start=\"2198\" data-end=\"2220\">\ud83d\udce6 Paketet inneh\u00e5ller<\/h2>\n<ul data-start=\"2222\" data-end=\"2268\">\n<li data-section-id=\"1ey01a9\" data-start=\"2222\" data-end=\"2268\">\n<p data-start=\"2224\" data-end=\"2268\">2x magnetiska sj\u00e4lvst\u00e4ngande golvavloppsk\u00e4rnor.<\/p>\n<\/li>\n<\/ul>\n","protected":false},"excerpt":{"rendered":"<p>\ud83e\udeb3Stoppa lukt, insekter och igens\u00e4ttningar direkt.<br \/>\n\ud83d\udeb0Ett smartare s\u00e4tt att skydda dina avlopp.<br \/>\n\ud83d\udca6Den h\u00e4r magnetiska sj\u00e4lvst\u00e4ngande golvbrunnsk\u00e4rnan t\u00e4tar automatiskt avloppet n\u00e4r vattnet slutar rinna, vilket f\u00f6rhindrar lukt, insekter och \u00e5terfl\u00f6de i avloppet samtidigt som det h\u00e5ller ditt avloppssystem rent och effektivt.<\/p>\n","protected":false},"featured_media":24663,"comment_status":"open","ping_status":"closed","template":"","meta":{"site-sidebar-layout":"default","site-content-layout":"","ast-site-content-layout":"default","site-content-style":"default","site-sidebar-style":"default","ast-global-header-display":"","ast-banner-title-visibility":"","ast-main-header-display":"","ast-hfb-above-header-display":"","ast-hfb-below-header-display":"","ast-hfb-mobile-header-display":"","site-post-title":"","ast-breadcrumbs-content":"","ast-featured-img":"","footer-sml-layout":"","ast-disable-related-posts":"","theme-transparent-header-meta":"default","adv-header-id-meta":"","stick-header-meta":"","header-above-stick-meta":"","header-main-stick-meta":"","header-below-stick-meta":"","astra-migrate-meta-layouts":"set","ast-page-background-enabled":"default","ast-page-background-meta":{"desktop":{"background-color":"var(--ast-global-color-5)","background-image":"","background-repeat":"repeat","background-position":"center center","background-size":"auto","background-attachment":"scroll","background-type":"","background-media":"","overlay-type":"","overlay-color":"","overlay-opacity":"","overlay-gradient":""},"tablet":{"background-color":"","background-image":"","background-repeat":"repeat","background-position":"center center","background-size":"auto","background-attachment":"scroll","background-type":"","background-media":"","overlay-type":"","overlay-color":"","overlay-opacity":"","overlay-gradient":""},"mobile":{"background-color":"","background-image":"","background-repeat":"repeat","background-position":"center center","background-size":"auto","background-attachment":"scroll","background-type":"","background-media":"","overlay-type":"","overlay-color":"","overlay-opacity":"","overlay-gradient":""}},"ast-content-background-meta":{"desktop":{"background-color":"var(--ast-global-color-4)","background-image":"","background-repeat":"repeat","background-position":"center center","background-size":"auto","background-attachment":"scroll","background-type":"","background-media":"","overlay-type":"","overlay-color":"","overlay-opacity":"","overlay-gradient":""},"tablet":{"background-color":"var(--ast-global-color-4)","background-image":"","background-repeat":"repeat","background-position":"center center","background-size":"auto","background-attachment":"scroll","background-type":"","background-media":"","overlay-type":"","overlay-color":"","overlay-opacity":"","overlay-gradient":""},"mobile":{"background-color":"var(--ast-global-color-4)","background-image":"","background-repeat":"repeat","background-position":"center center","background-size":"auto","background-attachment":"scroll","background-type":"","background-media":"","overlay-type":"","overlay-color":"","overlay-opacity":"","overlay-gradient":""}}},"product_brand":[],"product_cat":[168],"product_tag":[],"class_list":{"0":"post-24667","1":"product","2":"type-product","3":"status-publish","4":"has-post-thumbnail","6":"product_cat-hushallsprodukter","7":"pa_66418_gdtrjw7y-silver","8":"pa_66418_gdtrjw7y-svart","9":"desktop-align-left","10":"tablet-align-left","11":"mobile-align-left","13":"first","14":"instock","15":"shipping-taxable","16":"purchasable","17":"product-type-variable"},"yoast_head":"<!-- This site is optimized with the Yoast SEO plugin v27.4 - https:\/\/yoast.com\/product\/yoast-seo-wordpress\/ -->\n<title>Magnetisk sj\u00e4lvst\u00e4ngande golvbrunnsk\u00e4rna (2 st) - Deravio SE<\/title>\n<meta name=\"robots\" content=\"index, follow, max-snippet:-1, max-image-preview:large, max-video-preview:-1\" \/>\n<link rel=\"canonical\" href=\"https:\/\/deravio.com\/se\/produkt\/magnetisk-sjalvstangande-golvbrunnskarna-2-st\/\" \/>\n<meta property=\"og:locale\" content=\"sv_SE\" \/>\n<meta property=\"og:type\" content=\"article\" \/>\n<meta property=\"og:title\" content=\"Magnetisk sj\u00e4lvst\u00e4ngande golvbrunnsk\u00e4rna (2 st) - Deravio SE\" \/>\n<meta property=\"og:description\" content=\"\ud83e\udeb3Stoppa lukt, insekter och igens\u00e4ttningar direkt. \ud83d\udeb0Ett smartare s\u00e4tt att skydda dina avlopp. \ud83d\udca6Den h\u00e4r magnetiska sj\u00e4lvst\u00e4ngande golvbrunnsk\u00e4rnan t\u00e4tar automatiskt avloppet n\u00e4r vattnet slutar rinna, vilket f\u00f6rhindrar lukt, insekter och \u00e5terfl\u00f6de i avloppet samtidigt som det h\u00e5ller ditt avloppssystem rent och effektivt.\" \/>\n<meta property=\"og:url\" content=\"https:\/\/deravio.com\/se\/produkt\/magnetisk-sjalvstangande-golvbrunnskarna-2-st\/\" \/>\n<meta property=\"og:site_name\" content=\"Deravio SE\" \/>\n<meta property=\"article:modified_time\" content=\"2026-05-04T16:25:07+00:00\" \/>\n<meta property=\"og:image\" content=\"https:\/\/deravio.com\/se\/wp-content\/uploads\/sites\/20\/2026\/05\/rr950ew-1.webp\" \/>\n\t<meta property=\"og:image:width\" content=\"1001\" \/>\n\t<meta property=\"og:image:height\" content=\"1001\" \/>\n\t<meta property=\"og:image:type\" content=\"image\/webp\" \/>\n<meta name=\"twitter:card\" content=\"summary_large_image\" \/>\n<meta name=\"twitter:label1\" content=\"Ber\u00e4knad l\u00e4stid\" \/>\n\t<meta name=\"twitter:data1\" content=\"2 minuter\" \/>\n<script type=\"application\/ld+json\" class=\"yoast-schema-graph\">{\"@context\":\"https:\\\/\\\/schema.org\",\"@graph\":[{\"@type\":\"WebPage\",\"@id\":\"https:\\\/\\\/deravio.com\\\/se\\\/produkt\\\/magnetisk-sjalvstangande-golvbrunnskarna-2-st\\\/\",\"url\":\"https:\\\/\\\/deravio.com\\\/se\\\/produkt\\\/magnetisk-sjalvstangande-golvbrunnskarna-2-st\\\/\",\"name\":\"Magnetisk sj\u00e4lvst\u00e4ngande golvbrunnsk\u00e4rna (2 st) - Deravio SE\",\"isPartOf\":{\"@id\":\"https:\\\/\\\/deravio.com\\\/se\\\/#website\"},\"primaryImageOfPage\":{\"@id\":\"https:\\\/\\\/deravio.com\\\/se\\\/produkt\\\/magnetisk-sjalvstangande-golvbrunnskarna-2-st\\\/#primaryimage\"},\"image\":{\"@id\":\"https:\\\/\\\/deravio.com\\\/se\\\/produkt\\\/magnetisk-sjalvstangande-golvbrunnskarna-2-st\\\/#primaryimage\"},\"thumbnailUrl\":\"https:\\\/\\\/deravio.com\\\/se\\\/wp-content\\\/uploads\\\/sites\\\/20\\\/2026\\\/05\\\/rr950ew-1.webp\",\"datePublished\":\"2026-05-04T16:24:58+00:00\",\"dateModified\":\"2026-05-04T16:25:07+00:00\",\"breadcrumb\":{\"@id\":\"https:\\\/\\\/deravio.com\\\/se\\\/produkt\\\/magnetisk-sjalvstangande-golvbrunnskarna-2-st\\\/#breadcrumb\"},\"inLanguage\":\"sv-SE\",\"potentialAction\":[{\"@type\":\"ReadAction\",\"target\":[\"https:\\\/\\\/deravio.com\\\/se\\\/produkt\\\/magnetisk-sjalvstangande-golvbrunnskarna-2-st\\\/\"]}]},{\"@type\":\"ImageObject\",\"inLanguage\":\"sv-SE\",\"@id\":\"https:\\\/\\\/deravio.com\\\/se\\\/produkt\\\/magnetisk-sjalvstangande-golvbrunnskarna-2-st\\\/#primaryimage\",\"url\":\"https:\\\/\\\/deravio.com\\\/se\\\/wp-content\\\/uploads\\\/sites\\\/20\\\/2026\\\/05\\\/rr950ew-1.webp\",\"contentUrl\":\"https:\\\/\\\/deravio.com\\\/se\\\/wp-content\\\/uploads\\\/sites\\\/20\\\/2026\\\/05\\\/rr950ew-1.webp\",\"width\":1001,\"height\":1001},{\"@type\":\"BreadcrumbList\",\"@id\":\"https:\\\/\\\/deravio.com\\\/se\\\/produkt\\\/magnetisk-sjalvstangande-golvbrunnskarna-2-st\\\/#breadcrumb\",\"itemListElement\":[{\"@type\":\"ListItem\",\"position\":1,\"name\":\"Home\",\"item\":\"https:\\\/\\\/deravio.com\\\/se\\\/\"},{\"@type\":\"ListItem\",\"position\":2,\"name\":\"Butik\",\"item\":\"https:\\\/\\\/deravio.com\\\/se\\\/butik\\\/\"},{\"@type\":\"ListItem\",\"position\":3,\"name\":\"Magnetisk sj\u00e4lvst\u00e4ngande golvbrunnsk\u00e4rna (2 st)\"}]},{\"@type\":\"WebSite\",\"@id\":\"https:\\\/\\\/deravio.com\\\/se\\\/#website\",\"url\":\"https:\\\/\\\/deravio.com\\\/se\\\/\",\"name\":\"Deravio SE\",\"description\":\"\",\"publisher\":{\"@id\":\"https:\\\/\\\/deravio.com\\\/se\\\/#organization\"},\"potentialAction\":[{\"@type\":\"SearchAction\",\"target\":{\"@type\":\"EntryPoint\",\"urlTemplate\":\"https:\\\/\\\/deravio.com\\\/se\\\/?s={search_term_string}\"},\"query-input\":{\"@type\":\"PropertyValueSpecification\",\"valueRequired\":true,\"valueName\":\"search_term_string\"}}],\"inLanguage\":\"sv-SE\"},{\"@type\":\"Organization\",\"@id\":\"https:\\\/\\\/deravio.com\\\/se\\\/#organization\",\"name\":\"Mekulo\",\"url\":\"https:\\\/\\\/deravio.com\\\/se\\\/\",\"logo\":{\"@type\":\"ImageObject\",\"inLanguage\":\"sv-SE\",\"@id\":\"https:\\\/\\\/deravio.com\\\/se\\\/#\\\/schema\\\/logo\\\/image\\\/\",\"url\":\"https:\\\/\\\/deravio.com\\\/se\\\/wp-content\\\/uploads\\\/sites\\\/20\\\/2025\\\/12\\\/favicon_mekulo.png\",\"contentUrl\":\"https:\\\/\\\/deravio.com\\\/se\\\/wp-content\\\/uploads\\\/sites\\\/20\\\/2025\\\/12\\\/favicon_mekulo.png\",\"width\":50,\"height\":50,\"caption\":\"Mekulo\"},\"image\":{\"@id\":\"https:\\\/\\\/deravio.com\\\/se\\\/#\\\/schema\\\/logo\\\/image\\\/\"}}]}<\/script>\n<!-- \/ Yoast SEO plugin. -->","yoast_head_json":{"title":"Magnetisk sj\u00e4lvst\u00e4ngande golvbrunnsk\u00e4rna (2 st) - Deravio SE","robots":{"index":"index","follow":"follow","max-snippet":"max-snippet:-1","max-image-preview":"max-image-preview:large","max-video-preview":"max-video-preview:-1"},"canonical":"https:\/\/deravio.com\/se\/produkt\/magnetisk-sjalvstangande-golvbrunnskarna-2-st\/","og_locale":"sv_SE","og_type":"article","og_title":"Magnetisk sj\u00e4lvst\u00e4ngande golvbrunnsk\u00e4rna (2 st) - Deravio SE","og_description":"\ud83e\udeb3Stoppa lukt, insekter och igens\u00e4ttningar direkt. \ud83d\udeb0Ett smartare s\u00e4tt att skydda dina avlopp. \ud83d\udca6Den h\u00e4r magnetiska sj\u00e4lvst\u00e4ngande golvbrunnsk\u00e4rnan t\u00e4tar automatiskt avloppet n\u00e4r vattnet slutar rinna, vilket f\u00f6rhindrar lukt, insekter och \u00e5terfl\u00f6de i avloppet samtidigt som det h\u00e5ller ditt avloppssystem rent och effektivt.","og_url":"https:\/\/deravio.com\/se\/produkt\/magnetisk-sjalvstangande-golvbrunnskarna-2-st\/","og_site_name":"Deravio SE","article_modified_time":"2026-05-04T16:25:07+00:00","og_image":[{"width":1001,"height":1001,"url":"https:\/\/deravio.com\/se\/wp-content\/uploads\/sites\/20\/2026\/05\/rr950ew-1.webp","type":"image\/webp"}],"twitter_card":"summary_large_image","twitter_misc":{"Ber\u00e4knad l\u00e4stid":"2 minuter"},"schema":{"@context":"https:\/\/schema.org","@graph":[{"@type":"WebPage","@id":"https:\/\/deravio.com\/se\/produkt\/magnetisk-sjalvstangande-golvbrunnskarna-2-st\/","url":"https:\/\/deravio.com\/se\/produkt\/magnetisk-sjalvstangande-golvbrunnskarna-2-st\/","name":"Magnetisk sj\u00e4lvst\u00e4ngande golvbrunnsk\u00e4rna (2 st) - Deravio SE","isPartOf":{"@id":"https:\/\/deravio.com\/se\/#website"},"primaryImageOfPage":{"@id":"https:\/\/deravio.com\/se\/produkt\/magnetisk-sjalvstangande-golvbrunnskarna-2-st\/#primaryimage"},"image":{"@id":"https:\/\/deravio.com\/se\/produkt\/magnetisk-sjalvstangande-golvbrunnskarna-2-st\/#primaryimage"},"thumbnailUrl":"https:\/\/deravio.com\/se\/wp-content\/uploads\/sites\/20\/2026\/05\/rr950ew-1.webp","datePublished":"2026-05-04T16:24:58+00:00","dateModified":"2026-05-04T16:25:07+00:00","breadcrumb":{"@id":"https:\/\/deravio.com\/se\/produkt\/magnetisk-sjalvstangande-golvbrunnskarna-2-st\/#breadcrumb"},"inLanguage":"sv-SE","potentialAction":[{"@type":"ReadAction","target":["https:\/\/deravio.com\/se\/produkt\/magnetisk-sjalvstangande-golvbrunnskarna-2-st\/"]}]},{"@type":"ImageObject","inLanguage":"sv-SE","@id":"https:\/\/deravio.com\/se\/produkt\/magnetisk-sjalvstangande-golvbrunnskarna-2-st\/#primaryimage","url":"https:\/\/deravio.com\/se\/wp-content\/uploads\/sites\/20\/2026\/05\/rr950ew-1.webp","contentUrl":"https:\/\/deravio.com\/se\/wp-content\/uploads\/sites\/20\/2026\/05\/rr950ew-1.webp","width":1001,"height":1001},{"@type":"BreadcrumbList","@id":"https:\/\/deravio.com\/se\/produkt\/magnetisk-sjalvstangande-golvbrunnskarna-2-st\/#breadcrumb","itemListElement":[{"@type":"ListItem","position":1,"name":"Home","item":"https:\/\/deravio.com\/se\/"},{"@type":"ListItem","position":2,"name":"Butik","item":"https:\/\/deravio.com\/se\/butik\/"},{"@type":"ListItem","position":3,"name":"Magnetisk sj\u00e4lvst\u00e4ngande golvbrunnsk\u00e4rna (2 st)"}]},{"@type":"WebSite","@id":"https:\/\/deravio.com\/se\/#website","url":"https:\/\/deravio.com\/se\/","name":"Deravio SE","description":"","publisher":{"@id":"https:\/\/deravio.com\/se\/#organization"},"potentialAction":[{"@type":"SearchAction","target":{"@type":"EntryPoint","urlTemplate":"https:\/\/deravio.com\/se\/?s={search_term_string}"},"query-input":{"@type":"PropertyValueSpecification","valueRequired":true,"valueName":"search_term_string"}}],"inLanguage":"sv-SE"},{"@type":"Organization","@id":"https:\/\/deravio.com\/se\/#organization","name":"Mekulo","url":"https:\/\/deravio.com\/se\/","logo":{"@type":"ImageObject","inLanguage":"sv-SE","@id":"https:\/\/deravio.com\/se\/#\/schema\/logo\/image\/","url":"https:\/\/deravio.com\/se\/wp-content\/uploads\/sites\/20\/2025\/12\/favicon_mekulo.png","contentUrl":"https:\/\/deravio.com\/se\/wp-content\/uploads\/sites\/20\/2025\/12\/favicon_mekulo.png","width":50,"height":50,"caption":"Mekulo"},"image":{"@id":"https:\/\/deravio.com\/se\/#\/schema\/logo\/image\/"}}]}},"_links":{"self":[{"href":"https:\/\/deravio.com\/se\/wp-json\/wp\/v2\/product\/24667","targetHints":{"allow":["GET"]}}],"collection":[{"href":"https:\/\/deravio.com\/se\/wp-json\/wp\/v2\/product"}],"about":[{"href":"https:\/\/deravio.com\/se\/wp-json\/wp\/v2\/types\/product"}],"replies":[{"embeddable":true,"href":"https:\/\/deravio.com\/se\/wp-json\/wp\/v2\/comments?post=24667"}],"wp:featuredmedia":[{"embeddable":true,"href":"https:\/\/deravio.com\/se\/wp-json\/wp\/v2\/media\/24663"}],"wp:attachment":[{"href":"https:\/\/deravio.com\/se\/wp-json\/wp\/v2\/media?parent=24667"}],"wp:term":[{"taxonomy":"product_brand","embeddable":true,"href":"https:\/\/deravio.com\/se\/wp-json\/wp\/v2\/product_brand?post=24667"},{"taxonomy":"product_cat","embeddable":true,"href":"https:\/\/deravio.com\/se\/wp-json\/wp\/v2\/product_cat?post=24667"},{"taxonomy":"product_tag","embeddable":true,"href":"https:\/\/deravio.com\/se\/wp-json\/wp\/v2\/product_tag?post=24667"}],"curies":[{"name":"wp","href":"https:\/\/api.w.org\/{rel}","templated":true}]}}