{"id":24654,"date":"2026-05-04T19:23:19","date_gmt":"2026-05-04T16:23:19","guid":{"rendered":"https:\/\/deravio.com\/se\/produkt\/gor-det-sjalv-mini-radiosats\/"},"modified":"2026-05-04T21:51:39","modified_gmt":"2026-05-04T18:51:39","slug":"gor-det-sjalv-mini-radiosats","status":"publish","type":"product","link":"https:\/\/deravio.com\/se\/produkt\/gor-det-sjalv-mini-radiosats\/","title":{"rendered":"G\u00f6r-det-sj\u00e4lv mini-radiosats"},"content":{"rendered":"<h2 style=\"text-align: center\" data-section-id=\"wtab3f\" data-start=\"365\" data-end=\"381\">\u2728 L\u00f6ftet<\/h2>\n<p style=\"text-align: center\" data-start=\"383\" data-end=\"444\">L\u00e4r dig genom att bygga.<br data-start=\"401\" data-end=\"404\" \/>T\u00e4nk kreativt.<br data-start=\"421\" data-end=\"424\" \/>Uppt\u00e4ck teknik.<\/p>\n<p data-start=\"383\" data-end=\"444\"><img fetchpriority=\"high\" decoding=\"async\" class=\" wp-image-27241 aligncenter\" src=\"https:\/\/mekulo.com\/template\/wp-content\/uploads\/sites\/6\/2026\/03\/12218-ezgif.com-video-to-webp-converter-3.webp\" alt=\"\" width=\"550\" height=\"550\" \/><\/p>\n<h2 style=\"text-align: center\" data-section-id=\"1x8y31r\" data-start=\"451\" data-end=\"469\">\u2705 Huvudf\u00f6rdelar<\/h2>\n<p data-start=\"473\" data-end=\"572\">\ud83d\udd27 Praktiskt STEM-l\u00e4rande &#8211; Bygg en riktig fungerande radio samtidigt som du utforskar grundl\u00e4ggande elektronik.<\/p>\n<p data-start=\"576\" data-end=\"669\">\ud83e\udde0 \u00d6kar probleml\u00f6sningsf\u00f6rm\u00e5gan &#8211; Uppmuntrar logiskt t\u00e4nkande och uppm\u00e4rksamhet p\u00e5 detaljer.<\/p>\n<p data-start=\"673\" data-end=\"778\">\ud83c\udf93 Pedagogisk och engagerande &#8211; Perfekt f\u00f6r att introducera barn till vetenskapliga och tekniska begrepp.<\/p>\n<p data-start=\"782\" data-end=\"871\">\ud83c\udf92 Kompakt b\u00e4rbar design &#8211; Liten nog att ta med \u00f6verallt f\u00f6r l\u00e4rande p\u00e5 spr\u00e5ng.<\/p>\n<p data-start=\"875\" data-end=\"981\">\ud83e\udeb5 H\u00e5llbar konstruktion i flera material &#8211; Tr\u00e4komponenter och robusta delar garanterar l\u00e5ngvarig anv\u00e4ndning.<\/p>\n<p data-start=\"985\" data-end=\"1074\">\ud83c\udf81 Perfekt present till nyfikna &#8211; inspirerar till kreativitet och teknikintresse.<\/p>\n<h2 style=\"text-align: center\" data-section-id=\"d0iej6\" data-start=\"1081\" data-end=\"1104\">\u2757 Problem \u2192 L\u00f6sning<\/h2>\n<p data-start=\"1106\" data-end=\"1194\"><strong data-start=\"1106\" data-end=\"1118\">Problem:<\/strong><br data-start=\"1118\" data-end=\"1121\" \/>M\u00e5nga leksaker underh\u00e5ller kortvarigt men uppmuntrar inte till l\u00e4rande eller kreativitet.<\/p>\n<p data-start=\"1196\" data-end=\"1372\"><strong data-start=\"1196\" data-end=\"1209\">L\u00f6sning:<\/strong><br data-start=\"1209\" data-end=\"1212\" \/>Det h\u00e4r DIY-miniradiokitet f\u00f6rvandlar lek till en kreativ utmaning och hj\u00e4lper barn att f\u00f6rst\u00e5 hur elektronik fungerar samtidigt som de bygger n\u00e5got som de stolt kan anv\u00e4nda. Inl\u00e4rningen blir rolig och minnesv\u00e4rd.<\/p>\n<p data-start=\"1196\" data-end=\"1372\"><img decoding=\"async\" class=\"size-full wp-image-27243 aligncenter\" src=\"https:\/\/mekulo.com\/template\/wp-content\/uploads\/sites\/6\/2026\/03\/spp_shopify20251122222457_b8cd5b0ff580363c742e2351b8835e64_da98ffcf-80e7-454c-a6d1-0a957922c9ba.webp\" alt=\"\" width=\"713\" height=\"713\" \/><\/p>\n<h2 style=\"text-align: center\" data-section-id=\"1gi0xsv\" data-start=\"1416\" data-end=\"1442\">\ud83e\udde0 Perfekt f\u00f6r<\/h2>\n<ul data-start=\"1458\" data-end=\"1612\">\n<li data-section-id=\"15pd3bs\" data-start=\"1458\" data-end=\"1486\">\n<p data-start=\"1460\" data-end=\"1486\">aktiviteter f\u00f6r l\u00e4rande av samh\u00e4llsvetenskapliga \u00e4mnen<\/p>\n<\/li>\n<li data-section-id=\"14cbd72\" data-start=\"1487\" data-end=\"1514\">\n<p data-start=\"1489\" data-end=\"1514\">Vetenskapsprojekt i skolan<\/p>\n<\/li>\n<li data-section-id=\"11iqqi0\" data-start=\"1515\" data-end=\"1549\">\n<p data-start=\"1517\" data-end=\"1549\">Byggsessioner f\u00f6r f\u00f6r\u00e4ldrar och barn<\/p>\n<\/li>\n<li data-section-id=\"1yvj63d\" data-start=\"1550\" data-end=\"1575\">\n<p data-start=\"1552\" data-end=\"1575\">Pedagogiska workshops<\/p>\n<\/li>\n<li data-section-id=\"19rscwv\" data-start=\"1576\" data-end=\"1612\">\n<p data-start=\"1578\" data-end=\"1612\">Nyfikna barn som \u00e4lskar teknik<\/p>\n<\/li>\n<\/ul>\n<p data-start=\"1614\" data-end=\"1669\">Ett kreativt projekt som f\u00f6rvandlar nyfikenhet till uppt\u00e4ckt.<\/p>\n<h2 style=\"text-align: center\" data-section-id=\"1k514u3\" data-start=\"1676\" data-end=\"1692\">\u2699\ufe0f Hur man anv\u00e4nder<\/h2>\n<ol data-start=\"1694\" data-end=\"1885\">\n<li data-section-id=\"hofn6l\" data-start=\"1694\" data-end=\"1738\">\n<p data-start=\"1697\" data-end=\"1738\">L\u00e4gg ut alla komponenter fr\u00e5n satsen.<\/p>\n<\/li>\n<li data-section-id=\"uou0n3\" data-start=\"1739\" data-end=\"1789\">\n<p data-start=\"1742\" data-end=\"1789\">F\u00f6lj monteringsanvisningarna steg f\u00f6r steg.<\/p>\n<\/li>\n<li data-section-id=\"hyi0vf\" data-start=\"1790\" data-end=\"1841\">\n<p data-start=\"1793\" data-end=\"1841\">Anslut delarna f\u00f6r att bygga radiostrukturen.<\/p>\n<\/li>\n<li data-section-id=\"fwwlh8\" data-start=\"1842\" data-end=\"1885\">\n<p data-start=\"1845\" data-end=\"1885\">S\u00e4tt p\u00e5 radion och st\u00e4ll in stationer.<\/p>\n<\/li>\n<\/ol>\n<h2 style=\"text-align: center\" data-section-id=\"6cujb5\" data-start=\"1934\" data-end=\"1955\">\ud83d\udcd0 Produktdetaljer<\/h2>\n<ul data-start=\"1957\" data-end=\"2136\">\n<li data-section-id=\"bk9pdl\" data-start=\"1957\" data-end=\"2009\">\n<p data-start=\"1959\" data-end=\"2009\">Material: Tr\u00e4 + komponenter i flera material<\/p>\n<\/li>\n<li data-section-id=\"1jc57oi\" data-start=\"2010\" data-end=\"2040\">\n<p data-start=\"2012\" data-end=\"2040\">Storlek: 9 x 7,3 x 3,5 cm<\/p>\n<\/li>\n<li data-section-id=\"1aro6pi\" data-start=\"2041\" data-end=\"2089\">\n<p data-start=\"2043\" data-end=\"2089\">Design: Kompakt DIY elektronisk radiosats<\/p>\n<\/li>\n<li data-section-id=\"12le46q\" data-start=\"2090\" data-end=\"2136\">\n<p data-start=\"2092\" data-end=\"2136\">Syfte: Pedagogisk STEM-leksak<\/p>\n<\/li>\n<\/ul>\n<h2 style=\"text-align: center\" data-section-id=\"1qc1r63\" data-start=\"2194\" data-end=\"2216\">\ud83d\udce6 Paketet inneh\u00e5ller<\/h2>\n<ul data-start=\"2218\" data-end=\"2322\">\n<li data-section-id=\"1ypdwd2\" data-start=\"2218\" data-end=\"2322\">\n<p data-start=\"2220\" data-end=\"2322\">1, 2x DIY miniradiosats\/s<\/p>\n<\/li>\n<li data-section-id=\"1ypdwd2\" data-start=\"2218\" data-end=\"2322\">1, 2x bruksanvisning\/s.<\/li>\n<\/ul>\n","protected":false},"excerpt":{"rendered":"<p>\ud83d\udd0cBygg det. L\u00e4r dig det. Lyssna p\u00e5 den. En praktisk introduktion till elektronik.<br \/>\n\ud83d\udcfbDen h\u00e4r DIY-miniradiokiten f\u00f6rvandlar l\u00e4rande till en sp\u00e4nnande byggupplevelse.<br \/>\n\ud83e\udde0Genom att montera din egen fungerande radio utforskar du grunderna i elektronik samtidigt som du utvecklar kreativitet och probleml\u00f6sningsf\u00f6rm\u00e5ga.<\/p>\n","protected":false},"featured_media":24650,"comment_status":"open","ping_status":"closed","template":"","meta":{"site-sidebar-layout":"default","site-content-layout":"","ast-site-content-layout":"default","site-content-style":"default","site-sidebar-style":"default","ast-global-header-display":"","ast-banner-title-visibility":"","ast-main-header-display":"","ast-hfb-above-header-display":"","ast-hfb-below-header-display":"","ast-hfb-mobile-header-display":"","site-post-title":"","ast-breadcrumbs-content":"","ast-featured-img":"","footer-sml-layout":"","ast-disable-related-posts":"","theme-transparent-header-meta":"default","adv-header-id-meta":"","stick-header-meta":"","header-above-stick-meta":"","header-main-stick-meta":"","header-below-stick-meta":"","astra-migrate-meta-layouts":"set","ast-page-background-enabled":"default","ast-page-background-meta":{"desktop":{"background-color":"var(--ast-global-color-5)","background-image":"","background-repeat":"repeat","background-position":"center center","background-size":"auto","background-attachment":"scroll","background-type":"","background-media":"","overlay-type":"","overlay-color":"","overlay-opacity":"","overlay-gradient":""},"tablet":{"background-color":"","background-image":"","background-repeat":"repeat","background-position":"center center","background-size":"auto","background-attachment":"scroll","background-type":"","background-media":"","overlay-type":"","overlay-color":"","overlay-opacity":"","overlay-gradient":""},"mobile":{"background-color":"","background-image":"","background-repeat":"repeat","background-position":"center center","background-size":"auto","background-attachment":"scroll","background-type":"","background-media":"","overlay-type":"","overlay-color":"","overlay-opacity":"","overlay-gradient":""}},"ast-content-background-meta":{"desktop":{"background-color":"var(--ast-global-color-4)","background-image":"","background-repeat":"repeat","background-position":"center center","background-size":"auto","background-attachment":"scroll","background-type":"","background-media":"","overlay-type":"","overlay-color":"","overlay-opacity":"","overlay-gradient":""},"tablet":{"background-color":"var(--ast-global-color-4)","background-image":"","background-repeat":"repeat","background-position":"center center","background-size":"auto","background-attachment":"scroll","background-type":"","background-media":"","overlay-type":"","overlay-color":"","overlay-opacity":"","overlay-gradient":""},"mobile":{"background-color":"var(--ast-global-color-4)","background-image":"","background-repeat":"repeat","background-position":"center center","background-size":"auto","background-attachment":"scroll","background-type":"","background-media":"","overlay-type":"","overlay-color":"","overlay-opacity":"","overlay-gradient":""}}},"product_brand":[],"product_cat":[172],"product_tag":[],"class_list":{"0":"post-24654","1":"product","2":"type-product","3":"status-publish","4":"has-post-thumbnail","6":"product_cat-leksaker-barn-och-babyprodukter","7":"pa_66386_dbw7sq5x-1-st","8":"pa_66386_dbw7sq5x-2-st","9":"desktop-align-left","10":"tablet-align-left","11":"mobile-align-left","13":"first","14":"instock","15":"shipping-taxable","16":"purchasable","17":"product-type-variable"},"yoast_head":"<!-- This site is optimized with the Yoast SEO plugin v27.4 - https:\/\/yoast.com\/product\/yoast-seo-wordpress\/ -->\n<title>G\u00f6r-det-sj\u00e4lv mini-radiosats - Deravio SE<\/title>\n<meta name=\"robots\" content=\"index, follow, max-snippet:-1, max-image-preview:large, max-video-preview:-1\" \/>\n<link rel=\"canonical\" href=\"https:\/\/deravio.com\/se\/produkt\/gor-det-sjalv-mini-radiosats\/\" \/>\n<meta property=\"og:locale\" content=\"sv_SE\" \/>\n<meta property=\"og:type\" content=\"article\" \/>\n<meta property=\"og:title\" content=\"G\u00f6r-det-sj\u00e4lv mini-radiosats - Deravio SE\" \/>\n<meta property=\"og:description\" content=\"\ud83d\udd0cBygg det. L\u00e4r dig det. Lyssna p\u00e5 den. En praktisk introduktion till elektronik. \ud83d\udcfbDen h\u00e4r DIY-miniradiokiten f\u00f6rvandlar l\u00e4rande till en sp\u00e4nnande byggupplevelse. \ud83e\udde0Genom att montera din egen fungerande radio utforskar du grunderna i elektronik samtidigt som du utvecklar kreativitet och probleml\u00f6sningsf\u00f6rm\u00e5ga.\" \/>\n<meta property=\"og:url\" content=\"https:\/\/deravio.com\/se\/produkt\/gor-det-sjalv-mini-radiosats\/\" \/>\n<meta property=\"og:site_name\" content=\"Deravio SE\" \/>\n<meta property=\"article:modified_time\" content=\"2026-05-04T18:51:39+00:00\" \/>\n<meta property=\"og:image\" content=\"https:\/\/deravio.com\/se\/wp-content\/uploads\/sites\/20\/2026\/05\/bqfj23l-1.webp\" \/>\n\t<meta property=\"og:image:width\" content=\"800\" \/>\n\t<meta property=\"og:image:height\" content=\"800\" \/>\n\t<meta property=\"og:image:type\" content=\"image\/webp\" \/>\n<meta name=\"twitter:card\" content=\"summary_large_image\" \/>\n<meta name=\"twitter:label1\" content=\"Ber\u00e4knad l\u00e4stid\" \/>\n\t<meta name=\"twitter:data1\" content=\"2 minuter\" \/>\n<script type=\"application\/ld+json\" class=\"yoast-schema-graph\">{\"@context\":\"https:\\\/\\\/schema.org\",\"@graph\":[{\"@type\":\"WebPage\",\"@id\":\"https:\\\/\\\/deravio.com\\\/se\\\/produkt\\\/gor-det-sjalv-mini-radiosats\\\/\",\"url\":\"https:\\\/\\\/deravio.com\\\/se\\\/produkt\\\/gor-det-sjalv-mini-radiosats\\\/\",\"name\":\"G\u00f6r-det-sj\u00e4lv mini-radiosats - Deravio SE\",\"isPartOf\":{\"@id\":\"https:\\\/\\\/deravio.com\\\/se\\\/#website\"},\"primaryImageOfPage\":{\"@id\":\"https:\\\/\\\/deravio.com\\\/se\\\/produkt\\\/gor-det-sjalv-mini-radiosats\\\/#primaryimage\"},\"image\":{\"@id\":\"https:\\\/\\\/deravio.com\\\/se\\\/produkt\\\/gor-det-sjalv-mini-radiosats\\\/#primaryimage\"},\"thumbnailUrl\":\"https:\\\/\\\/deravio.com\\\/se\\\/wp-content\\\/uploads\\\/sites\\\/20\\\/2026\\\/05\\\/bqfj23l-1.webp\",\"datePublished\":\"2026-05-04T16:23:19+00:00\",\"dateModified\":\"2026-05-04T18:51:39+00:00\",\"breadcrumb\":{\"@id\":\"https:\\\/\\\/deravio.com\\\/se\\\/produkt\\\/gor-det-sjalv-mini-radiosats\\\/#breadcrumb\"},\"inLanguage\":\"sv-SE\",\"potentialAction\":[{\"@type\":\"ReadAction\",\"target\":[\"https:\\\/\\\/deravio.com\\\/se\\\/produkt\\\/gor-det-sjalv-mini-radiosats\\\/\"]}]},{\"@type\":\"ImageObject\",\"inLanguage\":\"sv-SE\",\"@id\":\"https:\\\/\\\/deravio.com\\\/se\\\/produkt\\\/gor-det-sjalv-mini-radiosats\\\/#primaryimage\",\"url\":\"https:\\\/\\\/deravio.com\\\/se\\\/wp-content\\\/uploads\\\/sites\\\/20\\\/2026\\\/05\\\/bqfj23l-1.webp\",\"contentUrl\":\"https:\\\/\\\/deravio.com\\\/se\\\/wp-content\\\/uploads\\\/sites\\\/20\\\/2026\\\/05\\\/bqfj23l-1.webp\",\"width\":800,\"height\":800},{\"@type\":\"BreadcrumbList\",\"@id\":\"https:\\\/\\\/deravio.com\\\/se\\\/produkt\\\/gor-det-sjalv-mini-radiosats\\\/#breadcrumb\",\"itemListElement\":[{\"@type\":\"ListItem\",\"position\":1,\"name\":\"Home\",\"item\":\"https:\\\/\\\/deravio.com\\\/se\\\/\"},{\"@type\":\"ListItem\",\"position\":2,\"name\":\"Butik\",\"item\":\"https:\\\/\\\/deravio.com\\\/se\\\/butik\\\/\"},{\"@type\":\"ListItem\",\"position\":3,\"name\":\"G\u00f6r-det-sj\u00e4lv mini-radiosats\"}]},{\"@type\":\"WebSite\",\"@id\":\"https:\\\/\\\/deravio.com\\\/se\\\/#website\",\"url\":\"https:\\\/\\\/deravio.com\\\/se\\\/\",\"name\":\"Deravio SE\",\"description\":\"\",\"publisher\":{\"@id\":\"https:\\\/\\\/deravio.com\\\/se\\\/#organization\"},\"potentialAction\":[{\"@type\":\"SearchAction\",\"target\":{\"@type\":\"EntryPoint\",\"urlTemplate\":\"https:\\\/\\\/deravio.com\\\/se\\\/?s={search_term_string}\"},\"query-input\":{\"@type\":\"PropertyValueSpecification\",\"valueRequired\":true,\"valueName\":\"search_term_string\"}}],\"inLanguage\":\"sv-SE\"},{\"@type\":\"Organization\",\"@id\":\"https:\\\/\\\/deravio.com\\\/se\\\/#organization\",\"name\":\"Mekulo\",\"url\":\"https:\\\/\\\/deravio.com\\\/se\\\/\",\"logo\":{\"@type\":\"ImageObject\",\"inLanguage\":\"sv-SE\",\"@id\":\"https:\\\/\\\/deravio.com\\\/se\\\/#\\\/schema\\\/logo\\\/image\\\/\",\"url\":\"https:\\\/\\\/deravio.com\\\/se\\\/wp-content\\\/uploads\\\/sites\\\/20\\\/2025\\\/12\\\/favicon_mekulo.png\",\"contentUrl\":\"https:\\\/\\\/deravio.com\\\/se\\\/wp-content\\\/uploads\\\/sites\\\/20\\\/2025\\\/12\\\/favicon_mekulo.png\",\"width\":50,\"height\":50,\"caption\":\"Mekulo\"},\"image\":{\"@id\":\"https:\\\/\\\/deravio.com\\\/se\\\/#\\\/schema\\\/logo\\\/image\\\/\"}}]}<\/script>\n<!-- \/ Yoast SEO plugin. -->","yoast_head_json":{"title":"G\u00f6r-det-sj\u00e4lv mini-radiosats - Deravio SE","robots":{"index":"index","follow":"follow","max-snippet":"max-snippet:-1","max-image-preview":"max-image-preview:large","max-video-preview":"max-video-preview:-1"},"canonical":"https:\/\/deravio.com\/se\/produkt\/gor-det-sjalv-mini-radiosats\/","og_locale":"sv_SE","og_type":"article","og_title":"G\u00f6r-det-sj\u00e4lv mini-radiosats - Deravio SE","og_description":"\ud83d\udd0cBygg det. L\u00e4r dig det. Lyssna p\u00e5 den. En praktisk introduktion till elektronik. \ud83d\udcfbDen h\u00e4r DIY-miniradiokiten f\u00f6rvandlar l\u00e4rande till en sp\u00e4nnande byggupplevelse. \ud83e\udde0Genom att montera din egen fungerande radio utforskar du grunderna i elektronik samtidigt som du utvecklar kreativitet och probleml\u00f6sningsf\u00f6rm\u00e5ga.","og_url":"https:\/\/deravio.com\/se\/produkt\/gor-det-sjalv-mini-radiosats\/","og_site_name":"Deravio SE","article_modified_time":"2026-05-04T18:51:39+00:00","og_image":[{"width":800,"height":800,"url":"https:\/\/deravio.com\/se\/wp-content\/uploads\/sites\/20\/2026\/05\/bqfj23l-1.webp","type":"image\/webp"}],"twitter_card":"summary_large_image","twitter_misc":{"Ber\u00e4knad l\u00e4stid":"2 minuter"},"schema":{"@context":"https:\/\/schema.org","@graph":[{"@type":"WebPage","@id":"https:\/\/deravio.com\/se\/produkt\/gor-det-sjalv-mini-radiosats\/","url":"https:\/\/deravio.com\/se\/produkt\/gor-det-sjalv-mini-radiosats\/","name":"G\u00f6r-det-sj\u00e4lv mini-radiosats - Deravio SE","isPartOf":{"@id":"https:\/\/deravio.com\/se\/#website"},"primaryImageOfPage":{"@id":"https:\/\/deravio.com\/se\/produkt\/gor-det-sjalv-mini-radiosats\/#primaryimage"},"image":{"@id":"https:\/\/deravio.com\/se\/produkt\/gor-det-sjalv-mini-radiosats\/#primaryimage"},"thumbnailUrl":"https:\/\/deravio.com\/se\/wp-content\/uploads\/sites\/20\/2026\/05\/bqfj23l-1.webp","datePublished":"2026-05-04T16:23:19+00:00","dateModified":"2026-05-04T18:51:39+00:00","breadcrumb":{"@id":"https:\/\/deravio.com\/se\/produkt\/gor-det-sjalv-mini-radiosats\/#breadcrumb"},"inLanguage":"sv-SE","potentialAction":[{"@type":"ReadAction","target":["https:\/\/deravio.com\/se\/produkt\/gor-det-sjalv-mini-radiosats\/"]}]},{"@type":"ImageObject","inLanguage":"sv-SE","@id":"https:\/\/deravio.com\/se\/produkt\/gor-det-sjalv-mini-radiosats\/#primaryimage","url":"https:\/\/deravio.com\/se\/wp-content\/uploads\/sites\/20\/2026\/05\/bqfj23l-1.webp","contentUrl":"https:\/\/deravio.com\/se\/wp-content\/uploads\/sites\/20\/2026\/05\/bqfj23l-1.webp","width":800,"height":800},{"@type":"BreadcrumbList","@id":"https:\/\/deravio.com\/se\/produkt\/gor-det-sjalv-mini-radiosats\/#breadcrumb","itemListElement":[{"@type":"ListItem","position":1,"name":"Home","item":"https:\/\/deravio.com\/se\/"},{"@type":"ListItem","position":2,"name":"Butik","item":"https:\/\/deravio.com\/se\/butik\/"},{"@type":"ListItem","position":3,"name":"G\u00f6r-det-sj\u00e4lv mini-radiosats"}]},{"@type":"WebSite","@id":"https:\/\/deravio.com\/se\/#website","url":"https:\/\/deravio.com\/se\/","name":"Deravio SE","description":"","publisher":{"@id":"https:\/\/deravio.com\/se\/#organization"},"potentialAction":[{"@type":"SearchAction","target":{"@type":"EntryPoint","urlTemplate":"https:\/\/deravio.com\/se\/?s={search_term_string}"},"query-input":{"@type":"PropertyValueSpecification","valueRequired":true,"valueName":"search_term_string"}}],"inLanguage":"sv-SE"},{"@type":"Organization","@id":"https:\/\/deravio.com\/se\/#organization","name":"Mekulo","url":"https:\/\/deravio.com\/se\/","logo":{"@type":"ImageObject","inLanguage":"sv-SE","@id":"https:\/\/deravio.com\/se\/#\/schema\/logo\/image\/","url":"https:\/\/deravio.com\/se\/wp-content\/uploads\/sites\/20\/2025\/12\/favicon_mekulo.png","contentUrl":"https:\/\/deravio.com\/se\/wp-content\/uploads\/sites\/20\/2025\/12\/favicon_mekulo.png","width":50,"height":50,"caption":"Mekulo"},"image":{"@id":"https:\/\/deravio.com\/se\/#\/schema\/logo\/image\/"}}]}},"_links":{"self":[{"href":"https:\/\/deravio.com\/se\/wp-json\/wp\/v2\/product\/24654","targetHints":{"allow":["GET"]}}],"collection":[{"href":"https:\/\/deravio.com\/se\/wp-json\/wp\/v2\/product"}],"about":[{"href":"https:\/\/deravio.com\/se\/wp-json\/wp\/v2\/types\/product"}],"replies":[{"embeddable":true,"href":"https:\/\/deravio.com\/se\/wp-json\/wp\/v2\/comments?post=24654"}],"wp:featuredmedia":[{"embeddable":true,"href":"https:\/\/deravio.com\/se\/wp-json\/wp\/v2\/media\/24650"}],"wp:attachment":[{"href":"https:\/\/deravio.com\/se\/wp-json\/wp\/v2\/media?parent=24654"}],"wp:term":[{"taxonomy":"product_brand","embeddable":true,"href":"https:\/\/deravio.com\/se\/wp-json\/wp\/v2\/product_brand?post=24654"},{"taxonomy":"product_cat","embeddable":true,"href":"https:\/\/deravio.com\/se\/wp-json\/wp\/v2\/product_cat?post=24654"},{"taxonomy":"product_tag","embeddable":true,"href":"https:\/\/deravio.com\/se\/wp-json\/wp\/v2\/product_tag?post=24654"}],"curies":[{"name":"wp","href":"https:\/\/api.w.org\/{rel}","templated":true}]}}