{"id":24639,"date":"2026-05-04T19:21:31","date_gmt":"2026-05-04T16:21:31","guid":{"rendered":"https:\/\/deravio.com\/se\/produkt\/balansera-trad-groda-stapling-spel\/"},"modified":"2026-05-04T21:49:29","modified_gmt":"2026-05-04T18:49:29","slug":"balansera-trad-groda-stapling-spel","status":"publish","type":"product","link":"https:\/\/deravio.com\/se\/produkt\/balansera-trad-groda-stapling-spel\/","title":{"rendered":"Balansera tr\u00e4d groda stapling spel"},"content":{"rendered":"<h2 style=\"text-align: center\" data-section-id=\"wtab3f\" data-start=\"408\" data-end=\"424\">\u2728 L\u00f6ftet<\/h2>\n<p style=\"text-align: center\" data-start=\"426\" data-end=\"477\">Mer skratt.<br data-start=\"440\" data-end=\"443\" \/>Mer l\u00e4rande.<br data-start=\"457\" data-end=\"460\" \/>Mer familjetid.<\/p>\n<p data-start=\"426\" data-end=\"477\"><img fetchpriority=\"high\" decoding=\"async\" class=\" wp-image-27228 aligncenter\" src=\"https:\/\/mekulo.com\/template\/wp-content\/uploads\/sites\/6\/2026\/03\/12217-ezgif.com-video-to-webp-converter-2.webp\" alt=\"\" width=\"550\" height=\"550\" \/><\/p>\n<h2 style=\"text-align: center\" data-section-id=\"1x8y31r\" data-start=\"484\" data-end=\"502\">\u2705 Huvudf\u00f6rdelar<\/h2>\n<p data-start=\"506\" data-end=\"612\">\ud83d\udc38 Sp\u00e4nnande balansutmaning &#8211; Stapla f\u00f6rsiktigt grodor utan att v\u00e4lta tr\u00e4det och testa dina f\u00e4rdigheter.<\/p>\n<p data-start=\"616\" data-end=\"714\">\ud83d\udc68\u200d\ud83d\udc69\u200d\ud83d\udc67 Perfekt familjespel &#8211; Uppmuntrar interaktion mellan f\u00f6r\u00e4ldrar och barn och v\u00e4nlig konkurrens.<\/p>\n<p data-start=\"718\" data-end=\"824\">\ud83e\udde0 Pedagogiskt genom lek &#8211; F\u00f6rb\u00e4ttrar r\u00e4knef\u00e4rdigheter, hand-\u00f6ga-koordination och logiskt t\u00e4nkande.<\/p>\n<p data-start=\"828\" data-end=\"934\">\ud83c\udfb2 Flera spelalternativ &#8211; T\u00e4rningskast och \u00e4ventyrshjulet skapar nya utmaningar varje runda.<\/p>\n<p data-start=\"938\" data-end=\"1037\">\ud83c\udf31 S\u00e4kra, milj\u00f6v\u00e4nliga material &#8211; Tillverkad av h\u00e5llbar, barns\u00e4ker ABS-plast med sl\u00e4ta kanter.<\/p>\n<p data-start=\"1041\" data-end=\"1150\">\ud83c\udf89 Perfekt f\u00f6r fester och gruppaktiviteter &#8211; Perfekt f\u00f6r familjespelkv\u00e4llar, f\u00f6delsedagskalas och klassrumslekar.<\/p>\n<h2 style=\"text-align: center\" data-section-id=\"d0iej6\" data-start=\"1157\" data-end=\"1180\">\u2757 Problem \u2192 L\u00f6sning<\/h2>\n<p data-start=\"1182\" data-end=\"1295\"><strong data-start=\"1182\" data-end=\"1194\">Problem:<\/strong><br data-start=\"1194\" data-end=\"1197\" \/>M\u00e5nga leksaker underh\u00e5ller barnen bara en kort stund och uppmuntrar inte till interaktion eller l\u00e4rande.<\/p>\n<p data-start=\"1297\" data-end=\"1497\"><strong data-start=\"1297\" data-end=\"1310\">L\u00f6sning:<\/strong><br data-start=\"1310\" data-end=\"1313\" \/>Det h\u00e4r stapelspelet med balanserade tr\u00e4dgrodor kombinerar kul, f\u00e4rdighetstr\u00e4ning och social lek, vilket hj\u00e4lper barnen att h\u00e5lla sig engagerade samtidigt som de utvecklar koordination, t\u00e5lamod och probleml\u00f6sningsf\u00f6rm\u00e5ga. Inl\u00e4rning blir ett spel som alla tycker om.<\/p>\n<p data-start=\"1297\" data-end=\"1497\"><img decoding=\"async\" class=\" wp-image-27229 aligncenter\" src=\"https:\/\/mekulo.com\/template\/wp-content\/uploads\/sites\/6\/2026\/03\/12216-ezgif.com-video-to-webp-converter-3.webp\" alt=\"\" width=\"550\" height=\"550\" \/><\/p>\n<h2 style=\"text-align: center\" data-section-id=\"10n4q2k\" data-start=\"1546\" data-end=\"1572\">\ud83c\udfe1 Perfekt f\u00f6r<\/h2>\n<ul data-start=\"1588\" data-end=\"1758\">\n<li data-section-id=\"1sol1pb\" data-start=\"1588\" data-end=\"1610\">\n<p data-start=\"1590\" data-end=\"1610\">Familjens spelkv\u00e4llar<\/p>\n<\/li>\n<li data-section-id=\"tu5tof\" data-start=\"1611\" data-end=\"1646\">\n<p data-start=\"1613\" data-end=\"1646\">F\u00f6r\u00e4ldrar-barn-aktiviteter<\/p>\n<\/li>\n<li data-section-id=\"1jvt18x\" data-start=\"1647\" data-end=\"1681\">\n<p data-start=\"1649\" data-end=\"1681\">F\u00f6delsedagsfester och lektr\u00e4ffar<\/p>\n<\/li>\n<li data-section-id=\"wqcydb\" data-start=\"1682\" data-end=\"1722\">\n<p data-start=\"1684\" data-end=\"1722\">Klassrumsbel\u00f6ningar och inl\u00e4rningsspel<\/p>\n<\/li>\n<li data-section-id=\"98w2aj\" data-start=\"1723\" data-end=\"1758\">\n<p data-start=\"1725\" data-end=\"1758\">Resor eller semesterunderh\u00e5llning<\/p>\n<\/li>\n<\/ul>\n<p data-start=\"1760\" data-end=\"1809\">Ett enkelt spel som skapar of\u00f6rgl\u00f6mliga stunder.<\/p>\n<h2 style=\"text-align: center\" data-section-id=\"5t17do\" data-start=\"1816\" data-end=\"1833\">\u2699\ufe0f Hur man spelar<\/h2>\n<ol data-start=\"1835\" data-end=\"1990\">\n<li data-section-id=\"a471sh\" data-start=\"1835\" data-end=\"1868\">\n<p data-start=\"1838\" data-end=\"1868\">St\u00e4ll upp balanstr\u00e4dets bas.<\/p>\n<\/li>\n<li data-section-id=\"19rq7ut\" data-start=\"1869\" data-end=\"1905\">\n<p data-start=\"1872\" data-end=\"1905\">Snurra hjulet eller rulla t\u00e4rningarna.<\/p>\n<\/li>\n<li data-section-id=\"23y31d\" data-start=\"1906\" data-end=\"1958\">\n<p data-start=\"1909\" data-end=\"1958\">Placera grodor p\u00e5 tr\u00e4det enligt resultatet.<\/p>\n<\/li>\n<li data-section-id=\"1600258\" data-start=\"1959\" data-end=\"1990\">\n<p data-start=\"1962\" data-end=\"1990\">F\u00f6rs\u00f6k att inte tippa balansen.<\/p>\n<\/li>\n<\/ol>\n<h2 style=\"text-align: center\" data-section-id=\"6cujb5\" data-start=\"2054\" data-end=\"2075\">\ud83d\udcd0 Produktdetaljer<\/h2>\n<ul data-start=\"2077\" data-end=\"2287\">\n<li data-section-id=\"4pz796\" data-start=\"2077\" data-end=\"2119\">\n<p data-start=\"2079\" data-end=\"2119\">Material: Milj\u00f6v\u00e4nlig ABS-plast<\/p>\n<\/li>\n<li data-section-id=\"1ltp3w2\" data-start=\"2120\" data-end=\"2148\">\n<p data-start=\"2122\" data-end=\"2148\">Spelets storlek: 13,5 x 13,5 cm<\/p>\n<\/li>\n<li data-section-id=\"15z91nm\" data-start=\"2149\" data-end=\"2198\">\n<p data-start=\"2151\" data-end=\"2198\">Design: Balansstaplingsspel med grodmotiv<\/p>\n<\/li>\n<li data-section-id=\"eyijo2\" data-start=\"2199\" data-end=\"2239\">\n<p data-start=\"2201\" data-end=\"2239\">Rekommenderade spelare: 2-4 spelare<\/p>\n<\/li>\n<li data-section-id=\"6ba33f\" data-start=\"2240\" data-end=\"2287\">\n<p data-start=\"2242\" data-end=\"2287\">S\u00e4kerhet: Smidig, barns\u00e4ker konstruktion<\/p>\n<\/li>\n<\/ul>\n<h2 style=\"text-align: center\" data-section-id=\"1qc1r63\" data-start=\"2333\" data-end=\"2355\">\ud83d\udce6 F\u00f6rpackningen inneh\u00e5ller<\/h2>\n<ul data-start=\"2357\" data-end=\"2484\">\n<li style=\"list-style-type: none\">\n<ul data-start=\"2357\" data-end=\"2484\">\n<li data-section-id=\"1bez0rz\" data-start=\"2357\" data-end=\"2377\">\n<p data-start=\"2359\" data-end=\"2377\">48x spelpj\u00e4ser<\/p>\n<\/li>\n<li data-section-id=\"1s8t45j\" data-start=\"2378\" data-end=\"2404\">\n<p data-start=\"2380\" data-end=\"2404\">1x roterande bord<\/p>\n<\/li>\n<li data-section-id=\"1s8t45j\" data-start=\"2378\" data-end=\"2404\">\n<p data-start=\"2380\" data-end=\"2404\">1x balansbord<\/p>\n<\/li>\n<li data-section-id=\"1s8t45j\" data-start=\"2378\" data-end=\"2404\">\n<p data-start=\"2380\" data-end=\"2404\">1x t\u00e4rning<\/p>\n<\/li>\n<li data-section-id=\"1s8t45j\" data-start=\"2378\" data-end=\"2404\">1x f\u00f6rvaringsv\u00e4ska.<\/li>\n<\/ul>\n<\/li>\n<\/ul>\n","protected":false},"excerpt":{"rendered":"<p>\ud83d\udc68\u200d\ud83d\udc69\u200d\ud83d\udc67\u200d\ud83d\udc66Balans, skratt och familjekul i ett och samma spel. En lekfull utmaning f\u00f6r barn och f\u00f6r\u00e4ldrar.<br \/>\n\ud83d\udc38Detta staplingsspel med balanserade tr\u00e4dgrodor g\u00f6r enkel stapling till en sp\u00e4nnande utmaning.<br \/>\n\ud83e\udde0Med f\u00e4rgglada grodor, snurrande utmaningar och t\u00e4rningsbaserat spel skapar det stunder av skratt samtidigt som det hj\u00e4lper barn att utveckla viktiga f\u00e4rdigheter.<\/p>\n","protected":false},"featured_media":24635,"comment_status":"open","ping_status":"closed","template":"","meta":{"site-sidebar-layout":"default","site-content-layout":"","ast-site-content-layout":"default","site-content-style":"default","site-sidebar-style":"default","ast-global-header-display":"","ast-banner-title-visibility":"","ast-main-header-display":"","ast-hfb-above-header-display":"","ast-hfb-below-header-display":"","ast-hfb-mobile-header-display":"","site-post-title":"","ast-breadcrumbs-content":"","ast-featured-img":"","footer-sml-layout":"","ast-disable-related-posts":"","theme-transparent-header-meta":"default","adv-header-id-meta":"","stick-header-meta":"","header-above-stick-meta":"","header-main-stick-meta":"","header-below-stick-meta":"","astra-migrate-meta-layouts":"set","ast-page-background-enabled":"default","ast-page-background-meta":{"desktop":{"background-color":"var(--ast-global-color-5)","background-image":"","background-repeat":"repeat","background-position":"center center","background-size":"auto","background-attachment":"scroll","background-type":"","background-media":"","overlay-type":"","overlay-color":"","overlay-opacity":"","overlay-gradient":""},"tablet":{"background-color":"","background-image":"","background-repeat":"repeat","background-position":"center center","background-size":"auto","background-attachment":"scroll","background-type":"","background-media":"","overlay-type":"","overlay-color":"","overlay-opacity":"","overlay-gradient":""},"mobile":{"background-color":"","background-image":"","background-repeat":"repeat","background-position":"center center","background-size":"auto","background-attachment":"scroll","background-type":"","background-media":"","overlay-type":"","overlay-color":"","overlay-opacity":"","overlay-gradient":""}},"ast-content-background-meta":{"desktop":{"background-color":"var(--ast-global-color-4)","background-image":"","background-repeat":"repeat","background-position":"center center","background-size":"auto","background-attachment":"scroll","background-type":"","background-media":"","overlay-type":"","overlay-color":"","overlay-opacity":"","overlay-gradient":""},"tablet":{"background-color":"var(--ast-global-color-4)","background-image":"","background-repeat":"repeat","background-position":"center center","background-size":"auto","background-attachment":"scroll","background-type":"","background-media":"","overlay-type":"","overlay-color":"","overlay-opacity":"","overlay-gradient":""},"mobile":{"background-color":"var(--ast-global-color-4)","background-image":"","background-repeat":"repeat","background-position":"center center","background-size":"auto","background-attachment":"scroll","background-type":"","background-media":"","overlay-type":"","overlay-color":"","overlay-opacity":"","overlay-gradient":""}}},"product_brand":[],"product_cat":[172],"product_tag":[],"class_list":{"0":"post-24639","1":"product","2":"type-product","3":"status-publish","4":"has-post-thumbnail","6":"product_cat-leksaker-barn-och-babyprodukter","7":"pa_66381_jxul6ssh-astronaut","8":"pa_66381_jxul6ssh-groda","9":"pa_66381_jxul6ssh-panda","10":"desktop-align-left","11":"tablet-align-left","12":"mobile-align-left","14":"first","15":"instock","16":"shipping-taxable","17":"purchasable","18":"product-type-variable"},"yoast_head":"<!-- This site is optimized with the Yoast SEO plugin v27.4 - https:\/\/yoast.com\/product\/yoast-seo-wordpress\/ -->\n<title>Balansera tr\u00e4d groda stapling spel - Deravio SE<\/title>\n<meta name=\"robots\" content=\"index, follow, max-snippet:-1, max-image-preview:large, max-video-preview:-1\" \/>\n<link rel=\"canonical\" href=\"https:\/\/deravio.com\/se\/produkt\/balansera-trad-groda-stapling-spel\/\" \/>\n<meta property=\"og:locale\" content=\"nb_NO\" \/>\n<meta property=\"og:type\" content=\"article\" \/>\n<meta property=\"og:title\" content=\"Balansera tr\u00e4d groda stapling spel - Deravio SE\" \/>\n<meta property=\"og:description\" content=\"\ud83d\udc68\u200d\ud83d\udc69\u200d\ud83d\udc67\u200d\ud83d\udc66Balans, skratt och familjekul i ett och samma spel. En lekfull utmaning f\u00f6r barn och f\u00f6r\u00e4ldrar. \ud83d\udc38Detta staplingsspel med balanserade tr\u00e4dgrodor g\u00f6r enkel stapling till en sp\u00e4nnande utmaning. \ud83e\udde0Med f\u00e4rgglada grodor, snurrande utmaningar och t\u00e4rningsbaserat spel skapar det stunder av skratt samtidigt som det hj\u00e4lper barn att utveckla viktiga f\u00e4rdigheter.\" \/>\n<meta property=\"og:url\" content=\"https:\/\/deravio.com\/se\/produkt\/balansera-trad-groda-stapling-spel\/\" \/>\n<meta property=\"og:site_name\" content=\"Deravio SE\" \/>\n<meta property=\"article:modified_time\" content=\"2026-05-04T18:49:29+00:00\" \/>\n<meta property=\"og:image\" content=\"https:\/\/deravio.com\/se\/wp-content\/uploads\/sites\/20\/2026\/05\/d5k4pa8-1.webp\" \/>\n\t<meta property=\"og:image:width\" content=\"713\" \/>\n\t<meta property=\"og:image:height\" content=\"713\" \/>\n\t<meta property=\"og:image:type\" content=\"image\/webp\" \/>\n<meta name=\"twitter:card\" content=\"summary_large_image\" \/>\n<meta name=\"twitter:label1\" content=\"Ansl. lesetid\" \/>\n\t<meta name=\"twitter:data1\" content=\"2 minutter\" \/>\n<script type=\"application\/ld+json\" class=\"yoast-schema-graph\">{\"@context\":\"https:\\\/\\\/schema.org\",\"@graph\":[{\"@type\":\"WebPage\",\"@id\":\"https:\\\/\\\/deravio.com\\\/se\\\/produkt\\\/balansera-trad-groda-stapling-spel\\\/\",\"url\":\"https:\\\/\\\/deravio.com\\\/se\\\/produkt\\\/balansera-trad-groda-stapling-spel\\\/\",\"name\":\"Balansera tr\u00e4d groda stapling spel - Deravio SE\",\"isPartOf\":{\"@id\":\"https:\\\/\\\/deravio.com\\\/se\\\/#website\"},\"primaryImageOfPage\":{\"@id\":\"https:\\\/\\\/deravio.com\\\/se\\\/produkt\\\/balansera-trad-groda-stapling-spel\\\/#primaryimage\"},\"image\":{\"@id\":\"https:\\\/\\\/deravio.com\\\/se\\\/produkt\\\/balansera-trad-groda-stapling-spel\\\/#primaryimage\"},\"thumbnailUrl\":\"https:\\\/\\\/deravio.com\\\/se\\\/wp-content\\\/uploads\\\/sites\\\/20\\\/2026\\\/05\\\/d5k4pa8-1.webp\",\"datePublished\":\"2026-05-04T16:21:31+00:00\",\"dateModified\":\"2026-05-04T18:49:29+00:00\",\"breadcrumb\":{\"@id\":\"https:\\\/\\\/deravio.com\\\/se\\\/produkt\\\/balansera-trad-groda-stapling-spel\\\/#breadcrumb\"},\"inLanguage\":\"nb-NO\",\"potentialAction\":[{\"@type\":\"ReadAction\",\"target\":[\"https:\\\/\\\/deravio.com\\\/se\\\/produkt\\\/balansera-trad-groda-stapling-spel\\\/\"]}]},{\"@type\":\"ImageObject\",\"inLanguage\":\"nb-NO\",\"@id\":\"https:\\\/\\\/deravio.com\\\/se\\\/produkt\\\/balansera-trad-groda-stapling-spel\\\/#primaryimage\",\"url\":\"https:\\\/\\\/deravio.com\\\/se\\\/wp-content\\\/uploads\\\/sites\\\/20\\\/2026\\\/05\\\/d5k4pa8-1.webp\",\"contentUrl\":\"https:\\\/\\\/deravio.com\\\/se\\\/wp-content\\\/uploads\\\/sites\\\/20\\\/2026\\\/05\\\/d5k4pa8-1.webp\",\"width\":713,\"height\":713},{\"@type\":\"BreadcrumbList\",\"@id\":\"https:\\\/\\\/deravio.com\\\/se\\\/produkt\\\/balansera-trad-groda-stapling-spel\\\/#breadcrumb\",\"itemListElement\":[{\"@type\":\"ListItem\",\"position\":1,\"name\":\"Home\",\"item\":\"https:\\\/\\\/deravio.com\\\/se\\\/\"},{\"@type\":\"ListItem\",\"position\":2,\"name\":\"Butik\",\"item\":\"https:\\\/\\\/deravio.com\\\/se\\\/butik\\\/\"},{\"@type\":\"ListItem\",\"position\":3,\"name\":\"Balansera tr\u00e4d groda stapling spel\"}]},{\"@type\":\"WebSite\",\"@id\":\"https:\\\/\\\/deravio.com\\\/se\\\/#website\",\"url\":\"https:\\\/\\\/deravio.com\\\/se\\\/\",\"name\":\"Deravio SE\",\"description\":\"\",\"publisher\":{\"@id\":\"https:\\\/\\\/deravio.com\\\/se\\\/#organization\"},\"potentialAction\":[{\"@type\":\"SearchAction\",\"target\":{\"@type\":\"EntryPoint\",\"urlTemplate\":\"https:\\\/\\\/deravio.com\\\/se\\\/?s={search_term_string}\"},\"query-input\":{\"@type\":\"PropertyValueSpecification\",\"valueRequired\":true,\"valueName\":\"search_term_string\"}}],\"inLanguage\":\"nb-NO\"},{\"@type\":\"Organization\",\"@id\":\"https:\\\/\\\/deravio.com\\\/se\\\/#organization\",\"name\":\"Mekulo\",\"url\":\"https:\\\/\\\/deravio.com\\\/se\\\/\",\"logo\":{\"@type\":\"ImageObject\",\"inLanguage\":\"nb-NO\",\"@id\":\"https:\\\/\\\/deravio.com\\\/se\\\/#\\\/schema\\\/logo\\\/image\\\/\",\"url\":\"https:\\\/\\\/deravio.com\\\/se\\\/wp-content\\\/uploads\\\/sites\\\/20\\\/2025\\\/12\\\/favicon_mekulo.png\",\"contentUrl\":\"https:\\\/\\\/deravio.com\\\/se\\\/wp-content\\\/uploads\\\/sites\\\/20\\\/2025\\\/12\\\/favicon_mekulo.png\",\"width\":50,\"height\":50,\"caption\":\"Mekulo\"},\"image\":{\"@id\":\"https:\\\/\\\/deravio.com\\\/se\\\/#\\\/schema\\\/logo\\\/image\\\/\"}}]}<\/script>\n<!-- \/ Yoast SEO plugin. -->","yoast_head_json":{"title":"Balansera tr\u00e4d groda stapling spel - Deravio SE","robots":{"index":"index","follow":"follow","max-snippet":"max-snippet:-1","max-image-preview":"max-image-preview:large","max-video-preview":"max-video-preview:-1"},"canonical":"https:\/\/deravio.com\/se\/produkt\/balansera-trad-groda-stapling-spel\/","og_locale":"nb_NO","og_type":"article","og_title":"Balansera tr\u00e4d groda stapling spel - Deravio SE","og_description":"\ud83d\udc68\u200d\ud83d\udc69\u200d\ud83d\udc67\u200d\ud83d\udc66Balans, skratt och familjekul i ett och samma spel. En lekfull utmaning f\u00f6r barn och f\u00f6r\u00e4ldrar. \ud83d\udc38Detta staplingsspel med balanserade tr\u00e4dgrodor g\u00f6r enkel stapling till en sp\u00e4nnande utmaning. \ud83e\udde0Med f\u00e4rgglada grodor, snurrande utmaningar och t\u00e4rningsbaserat spel skapar det stunder av skratt samtidigt som det hj\u00e4lper barn att utveckla viktiga f\u00e4rdigheter.","og_url":"https:\/\/deravio.com\/se\/produkt\/balansera-trad-groda-stapling-spel\/","og_site_name":"Deravio SE","article_modified_time":"2026-05-04T18:49:29+00:00","og_image":[{"width":713,"height":713,"url":"https:\/\/deravio.com\/se\/wp-content\/uploads\/sites\/20\/2026\/05\/d5k4pa8-1.webp","type":"image\/webp"}],"twitter_card":"summary_large_image","twitter_misc":{"Ansl. lesetid":"2 minutter"},"schema":{"@context":"https:\/\/schema.org","@graph":[{"@type":"WebPage","@id":"https:\/\/deravio.com\/se\/produkt\/balansera-trad-groda-stapling-spel\/","url":"https:\/\/deravio.com\/se\/produkt\/balansera-trad-groda-stapling-spel\/","name":"Balansera tr\u00e4d groda stapling spel - Deravio SE","isPartOf":{"@id":"https:\/\/deravio.com\/se\/#website"},"primaryImageOfPage":{"@id":"https:\/\/deravio.com\/se\/produkt\/balansera-trad-groda-stapling-spel\/#primaryimage"},"image":{"@id":"https:\/\/deravio.com\/se\/produkt\/balansera-trad-groda-stapling-spel\/#primaryimage"},"thumbnailUrl":"https:\/\/deravio.com\/se\/wp-content\/uploads\/sites\/20\/2026\/05\/d5k4pa8-1.webp","datePublished":"2026-05-04T16:21:31+00:00","dateModified":"2026-05-04T18:49:29+00:00","breadcrumb":{"@id":"https:\/\/deravio.com\/se\/produkt\/balansera-trad-groda-stapling-spel\/#breadcrumb"},"inLanguage":"nb-NO","potentialAction":[{"@type":"ReadAction","target":["https:\/\/deravio.com\/se\/produkt\/balansera-trad-groda-stapling-spel\/"]}]},{"@type":"ImageObject","inLanguage":"nb-NO","@id":"https:\/\/deravio.com\/se\/produkt\/balansera-trad-groda-stapling-spel\/#primaryimage","url":"https:\/\/deravio.com\/se\/wp-content\/uploads\/sites\/20\/2026\/05\/d5k4pa8-1.webp","contentUrl":"https:\/\/deravio.com\/se\/wp-content\/uploads\/sites\/20\/2026\/05\/d5k4pa8-1.webp","width":713,"height":713},{"@type":"BreadcrumbList","@id":"https:\/\/deravio.com\/se\/produkt\/balansera-trad-groda-stapling-spel\/#breadcrumb","itemListElement":[{"@type":"ListItem","position":1,"name":"Home","item":"https:\/\/deravio.com\/se\/"},{"@type":"ListItem","position":2,"name":"Butik","item":"https:\/\/deravio.com\/se\/butik\/"},{"@type":"ListItem","position":3,"name":"Balansera tr\u00e4d groda stapling spel"}]},{"@type":"WebSite","@id":"https:\/\/deravio.com\/se\/#website","url":"https:\/\/deravio.com\/se\/","name":"Deravio SE","description":"","publisher":{"@id":"https:\/\/deravio.com\/se\/#organization"},"potentialAction":[{"@type":"SearchAction","target":{"@type":"EntryPoint","urlTemplate":"https:\/\/deravio.com\/se\/?s={search_term_string}"},"query-input":{"@type":"PropertyValueSpecification","valueRequired":true,"valueName":"search_term_string"}}],"inLanguage":"nb-NO"},{"@type":"Organization","@id":"https:\/\/deravio.com\/se\/#organization","name":"Mekulo","url":"https:\/\/deravio.com\/se\/","logo":{"@type":"ImageObject","inLanguage":"nb-NO","@id":"https:\/\/deravio.com\/se\/#\/schema\/logo\/image\/","url":"https:\/\/deravio.com\/se\/wp-content\/uploads\/sites\/20\/2025\/12\/favicon_mekulo.png","contentUrl":"https:\/\/deravio.com\/se\/wp-content\/uploads\/sites\/20\/2025\/12\/favicon_mekulo.png","width":50,"height":50,"caption":"Mekulo"},"image":{"@id":"https:\/\/deravio.com\/se\/#\/schema\/logo\/image\/"}}]}},"_links":{"self":[{"href":"https:\/\/deravio.com\/se\/wp-json\/wp\/v2\/product\/24639","targetHints":{"allow":["GET"]}}],"collection":[{"href":"https:\/\/deravio.com\/se\/wp-json\/wp\/v2\/product"}],"about":[{"href":"https:\/\/deravio.com\/se\/wp-json\/wp\/v2\/types\/product"}],"replies":[{"embeddable":true,"href":"https:\/\/deravio.com\/se\/wp-json\/wp\/v2\/comments?post=24639"}],"wp:featuredmedia":[{"embeddable":true,"href":"https:\/\/deravio.com\/se\/wp-json\/wp\/v2\/media\/24635"}],"wp:attachment":[{"href":"https:\/\/deravio.com\/se\/wp-json\/wp\/v2\/media?parent=24639"}],"wp:term":[{"taxonomy":"product_brand","embeddable":true,"href":"https:\/\/deravio.com\/se\/wp-json\/wp\/v2\/product_brand?post=24639"},{"taxonomy":"product_cat","embeddable":true,"href":"https:\/\/deravio.com\/se\/wp-json\/wp\/v2\/product_cat?post=24639"},{"taxonomy":"product_tag","embeddable":true,"href":"https:\/\/deravio.com\/se\/wp-json\/wp\/v2\/product_tag?post=24639"}],"curies":[{"name":"wp","href":"https:\/\/api.w.org\/{rel}","templated":true}]}}