{"id":24299,"date":"2026-04-30T15:51:29","date_gmt":"2026-04-30T12:51:29","guid":{"rendered":"https:\/\/deravio.com\/se\/produkt\/fargglatt-ljus-fran-solrosor\/"},"modified":"2026-04-30T15:51:54","modified_gmt":"2026-04-30T12:51:54","slug":"fargglatt-ljus-fran-solrosor","status":"publish","type":"product","link":"https:\/\/deravio.com\/se\/produkt\/fargglatt-ljus-fran-solrosor\/","title":{"rendered":"F\u00e4rgglatt ljus fr\u00e5n solrosor"},"content":{"rendered":"<h2 style=\"text-align: center\" data-section-id=\"5d61m3\" data-start=\"222\" data-end=\"240\">\u2728 L\u00f6ftet<\/h2>\n<p style=\"text-align: center\" data-start=\"241\" data-end=\"333\">Mjukt, f\u00e4rgstarkt ljus. Inga kablar. En fridfull atmosf\u00e4r som du kommer att se fram emot varje kv\u00e4ll.<\/p>\n<p data-start=\"241\" data-end=\"333\"><img fetchpriority=\"high\" decoding=\"async\" class=\" wp-image-25762 aligncenter\" src=\"https:\/\/deravio.com\/template\/wp-content\/uploads\/sites\/6\/2026\/04\/122110-ezgif.com-video-to-webp-converter-1.webp\" alt=\"\" width=\"600\" height=\"600\" \/><\/p>\n<h2 style=\"text-align: center\" data-section-id=\"1bnik5i\" data-start=\"340\" data-end=\"392\">\ud83c\udf3b Huvudf\u00f6rdelar<\/h2>\n<p>\ud83c\udf08 Vackra ljusm\u00f6nster &#8211; kastar blommiga skuggor som omedelbart f\u00f6rh\u00f6jer din space<\/p>\n<p>\u2600\ufe0f Drivs av solen &#8211; laddas under dagen, t\u00e4nds automatiskt p\u00e5 night<\/p>\n<p>\ud83c\udf27\ufe0f Gjord f\u00f6r varje s\u00e4song &#8211; v\u00e4ders\u00e4ker design som lyser genom regn och vind<\/p>\n<p>\ud83c\udfe1 Enkel dekoration &#8211; inga kablar, ingen installationsstress &#8211; bara placera eller h\u00e4nga upp<\/p>\n<p>\ud83d\udc9b Skapar en mysig atmosf\u00e4r &#8211; g\u00f6r vanliga kv\u00e4llar till n\u00e5got speciellt<\/p>\n<h2 style=\"text-align: center\" data-section-id=\"tco5u\" data-start=\"853\" data-end=\"887\">\u274c Problem \u2192 L\u00f6sning \u2705<\/h2>\n<p data-start=\"889\" data-end=\"1011\">\u274c Utomhusutrymmen k\u00e4nns ofta m\u00f6rka, platta eller oinbjudande efter solnedg\u00e5ngen &#8211; och belysningsl\u00f6sningar kan vara dyra eller komplicerade.<\/p>\n<p data-start=\"1013\" data-end=\"1146\">\u2705 En enkel solcellslampa som ger v\u00e4rme, f\u00e4rg och atmosf\u00e4r &#8211; utan anstr\u00e4ngning eller l\u00f6pande kostnader.<br data-start=\"1049\" data-end=\"1052\" \/>A simple solar lantern that adds warmth, color, and atmosphere\u2014without effort or ongoing cost.<\/p>\n<p data-start=\"1013\" data-end=\"1146\"><img decoding=\"async\" class=\"size-full wp-image-25767 aligncenter\" src=\"https:\/\/deravio.com\/template\/wp-content\/uploads\/sites\/6\/2026\/04\/f815a803e8a74088bf598e095f9601ab.webp\" alt=\"\" width=\"600\" height=\"600\" \/><\/p>\n<h2 style=\"text-align: center\" data-section-id=\"12sh2h1\" data-start=\"1153\" data-end=\"1186\">\ud83c\udf19 Anv\u00e4ndningsfall\/livsstil<\/h2>\n<p data-start=\"1188\" data-end=\"1200\">Perfekt f\u00f6r:<\/p>\n<ul data-start=\"1201\" data-end=\"1372\">\n<li data-section-id=\"1hmswv8\" data-start=\"1201\" data-end=\"1232\">Lugna kv\u00e4llar p\u00e5 uteplatsen<\/li>\n<li data-section-id=\"djgypo\" data-start=\"1233\" data-end=\"1268\">Tr\u00e4dg\u00e5rdsg\u00e5ngar och rabatter<\/li>\n<li data-section-id=\"dhcj5b\" data-start=\"1269\" data-end=\"1298\">Balkong- och verandainredning<\/li>\n<li data-section-id=\"19k2ecs\" data-start=\"1299\" data-end=\"1333\">Utemiddagar och sammankomster<\/li>\n<li data-section-id=\"1lt0e3\" data-start=\"1334\" data-end=\"1372\">Skapa en avkopplande st\u00e4mning p\u00e5 kv\u00e4llen<\/li>\n<\/ul>\n<p data-start=\"1374\" data-end=\"1409\">Det \u00e4r inte bara ljus &#8211; det \u00e4r en k\u00e4nsla.<\/p>\n<h2 style=\"text-align: center\" data-section-id=\"mdnuzw\" data-start=\"1416\" data-end=\"1436\">\u2699\ufe0f Hur det fungerar<\/h2>\n<ol data-start=\"1438\" data-end=\"1620\">\n<li data-section-id=\"wlqcvr\" data-start=\"1438\" data-end=\"1487\">Placera eller h\u00e4ng lyktan i direkt solljus.<\/li>\n<li data-section-id=\"12cue6j\" data-start=\"1488\" data-end=\"1533\">l\u00e5t den ladda under dagen (7-8 timmar).<\/li>\n<li data-section-id=\"14czab7\" data-start=\"1534\" data-end=\"1572\">den t\u00e4nds automatiskt i skymningen.<\/li>\n<li data-section-id=\"21b2r7\" data-start=\"1573\" data-end=\"1620\">njut av 8-10 timmar av varmt, dekorativt ljus.<\/li>\n<\/ol>\n<p><img decoding=\"async\" class=\"size-full wp-image-25766 aligncenter\" src=\"https:\/\/deravio.com\/template\/wp-content\/uploads\/sites\/6\/2026\/04\/6c3d66e2ed10be121b35552bdb5ea9acd6cbedf7.webp\" alt=\"\" width=\"713\" height=\"713\" \/><\/p>\n<h2 style=\"text-align: center\" data-section-id=\"6d2foc\" data-start=\"1668\" data-end=\"1691\">\ud83d\udd0d Produktdetaljer<\/h2>\n<ul data-start=\"1693\" data-end=\"2002\">\n<li data-section-id=\"140rv34\" data-start=\"1736\" data-end=\"1771\">Material: Slitstarkt metallh\u00f6lje<\/li>\n<li data-section-id=\"id6ndo\" data-start=\"1772\" data-end=\"1793\">Ljusk\u00e4lla: LED<\/li>\n<li data-section-id=\"10erizh\" data-start=\"1794\" data-end=\"1818\">Power: Solcellsdriven<\/li>\n<li data-section-id=\"4fjrfb\" data-start=\"1819\" data-end=\"1847\">Laddningstid: 7-8 timmar<\/li>\n<li data-section-id=\"hbi7kb\" data-start=\"1848\" data-end=\"1881\">Ljusets varaktighet: 8-10 timmar<\/li>\n<li data-section-id=\"4x3r0z\" data-start=\"1882\" data-end=\"1922\">Skyddsklassning: IP55 v\u00e4derbest\u00e4ndig<\/li>\n<li data-section-id=\"4b15py\" data-start=\"1923\" data-end=\"1954\">Dimensioner: 18 x 10 x 10 cm<\/li>\n<li data-section-id=\"kk9wrn\" data-start=\"1955\" data-end=\"2002\">Anv\u00e4ndning: H\u00e4ngande eller bordsdekoration utomhus<\/li>\n<\/ul>\n<h2 style=\"text-align: center\" data-section-id=\"11se135\" data-start=\"2009\" data-end=\"2029\">\ud83d\udce6 Paketet inneh\u00e5ller<\/h2>\n<ul data-start=\"2031\" data-end=\"2074\">\n<li data-section-id=\"yzxx57\" data-start=\"2031\" data-end=\"2074\">1, 2, 4x f\u00e4rgglada solroslyktor\/s.<\/li>\n<\/ul>\n","protected":false},"excerpt":{"rendered":"<p>\ud83c\udfe1L\u00e5t din tr\u00e4dg\u00e5rd blomma efter solnedg\u00e5ngen.<br \/>\n\ud83c\udf3bEn solcellsdriven f\u00e4rgglad solroslampa som f\u00f6rvandlar ditt utomhusutrymme till en varm, gl\u00f6dande tillflyktsort &#8211; utan anstr\u00e4ngning eller elektricitet.<br \/>\n\ud83c\udfeeEn liten lampa som g\u00f6r stor skillnad f\u00f6r hur dina kv\u00e4llar k\u00e4nns.<\/p>\n","protected":false},"featured_media":24295,"comment_status":"open","ping_status":"closed","template":"","meta":{"site-sidebar-layout":"default","site-content-layout":"","ast-site-content-layout":"default","site-content-style":"default","site-sidebar-style":"default","ast-global-header-display":"","ast-banner-title-visibility":"","ast-main-header-display":"","ast-hfb-above-header-display":"","ast-hfb-below-header-display":"","ast-hfb-mobile-header-display":"","site-post-title":"","ast-breadcrumbs-content":"","ast-featured-img":"","footer-sml-layout":"","ast-disable-related-posts":"","theme-transparent-header-meta":"default","adv-header-id-meta":"","stick-header-meta":"","header-above-stick-meta":"","header-main-stick-meta":"","header-below-stick-meta":"","astra-migrate-meta-layouts":"set","ast-page-background-enabled":"default","ast-page-background-meta":{"desktop":{"background-color":"var(--ast-global-color-5)","background-image":"","background-repeat":"repeat","background-position":"center center","background-size":"auto","background-attachment":"scroll","background-type":"","background-media":"","overlay-type":"","overlay-color":"","overlay-opacity":"","overlay-gradient":""},"tablet":{"background-color":"","background-image":"","background-repeat":"repeat","background-position":"center center","background-size":"auto","background-attachment":"scroll","background-type":"","background-media":"","overlay-type":"","overlay-color":"","overlay-opacity":"","overlay-gradient":""},"mobile":{"background-color":"","background-image":"","background-repeat":"repeat","background-position":"center center","background-size":"auto","background-attachment":"scroll","background-type":"","background-media":"","overlay-type":"","overlay-color":"","overlay-opacity":"","overlay-gradient":""}},"ast-content-background-meta":{"desktop":{"background-color":"var(--ast-global-color-4)","background-image":"","background-repeat":"repeat","background-position":"center center","background-size":"auto","background-attachment":"scroll","background-type":"","background-media":"","overlay-type":"","overlay-color":"","overlay-opacity":"","overlay-gradient":""},"tablet":{"background-color":"var(--ast-global-color-4)","background-image":"","background-repeat":"repeat","background-position":"center center","background-size":"auto","background-attachment":"scroll","background-type":"","background-media":"","overlay-type":"","overlay-color":"","overlay-opacity":"","overlay-gradient":""},"mobile":{"background-color":"var(--ast-global-color-4)","background-image":"","background-repeat":"repeat","background-position":"center center","background-size":"auto","background-attachment":"scroll","background-type":"","background-media":"","overlay-type":"","overlay-color":"","overlay-opacity":"","overlay-gradient":""}}},"product_brand":[],"product_cat":[168],"product_tag":[],"class_list":{"0":"post-24299","1":"product","2":"type-product","3":"status-publish","4":"has-post-thumbnail","6":"product_cat-hushallsprodukter","7":"pa_68778_alnxvp6d-1-st","8":"pa_68778_alnxvp6d-2-st","9":"pa_68778_alnxvp6d-4-st","10":"pa_68778_qmtxhdi8-a","11":"pa_68778_qmtxhdi8-b","12":"desktop-align-left","13":"tablet-align-left","14":"mobile-align-left","16":"first","17":"instock","18":"shipping-taxable","19":"purchasable","20":"product-type-variable","21":"has-default-attributes"},"yoast_head":"<!-- This site is optimized with the Yoast SEO plugin v27.4 - https:\/\/yoast.com\/product\/yoast-seo-wordpress\/ -->\n<title>F\u00e4rgglatt ljus fr\u00e5n solrosor - Deravio SE<\/title>\n<meta name=\"robots\" content=\"index, follow, max-snippet:-1, max-image-preview:large, max-video-preview:-1\" \/>\n<link rel=\"canonical\" href=\"https:\/\/deravio.com\/se\/produkt\/fargglatt-ljus-fran-solrosor\/\" \/>\n<meta property=\"og:locale\" content=\"sv_SE\" \/>\n<meta property=\"og:type\" content=\"article\" \/>\n<meta property=\"og:title\" content=\"F\u00e4rgglatt ljus fr\u00e5n solrosor - Deravio SE\" \/>\n<meta property=\"og:description\" content=\"\ud83c\udfe1L\u00e5t din tr\u00e4dg\u00e5rd blomma efter solnedg\u00e5ngen. \ud83c\udf3bEn solcellsdriven f\u00e4rgglad solroslampa som f\u00f6rvandlar ditt utomhusutrymme till en varm, gl\u00f6dande tillflyktsort - utan anstr\u00e4ngning eller elektricitet. \ud83c\udfeeEn liten lampa som g\u00f6r stor skillnad f\u00f6r hur dina kv\u00e4llar k\u00e4nns.\" \/>\n<meta property=\"og:url\" content=\"https:\/\/deravio.com\/se\/produkt\/fargglatt-ljus-fran-solrosor\/\" \/>\n<meta property=\"og:site_name\" content=\"Deravio SE\" \/>\n<meta property=\"article:modified_time\" content=\"2026-04-30T12:51:54+00:00\" \/>\n<meta property=\"og:image\" content=\"https:\/\/deravio.com\/se\/wp-content\/uploads\/sites\/20\/2026\/04\/23xfkzh-1.webp\" \/>\n\t<meta property=\"og:image:width\" content=\"713\" \/>\n\t<meta property=\"og:image:height\" content=\"713\" \/>\n\t<meta property=\"og:image:type\" content=\"image\/webp\" \/>\n<meta name=\"twitter:card\" content=\"summary_large_image\" \/>\n<meta name=\"twitter:label1\" content=\"Ber\u00e4knad l\u00e4stid\" \/>\n\t<meta name=\"twitter:data1\" content=\"2 minuter\" \/>\n<script type=\"application\/ld+json\" class=\"yoast-schema-graph\">{\"@context\":\"https:\\\/\\\/schema.org\",\"@graph\":[{\"@type\":\"WebPage\",\"@id\":\"https:\\\/\\\/deravio.com\\\/se\\\/produkt\\\/fargglatt-ljus-fran-solrosor\\\/\",\"url\":\"https:\\\/\\\/deravio.com\\\/se\\\/produkt\\\/fargglatt-ljus-fran-solrosor\\\/\",\"name\":\"F\u00e4rgglatt ljus fr\u00e5n solrosor - Deravio SE\",\"isPartOf\":{\"@id\":\"https:\\\/\\\/deravio.com\\\/se\\\/#website\"},\"primaryImageOfPage\":{\"@id\":\"https:\\\/\\\/deravio.com\\\/se\\\/produkt\\\/fargglatt-ljus-fran-solrosor\\\/#primaryimage\"},\"image\":{\"@id\":\"https:\\\/\\\/deravio.com\\\/se\\\/produkt\\\/fargglatt-ljus-fran-solrosor\\\/#primaryimage\"},\"thumbnailUrl\":\"https:\\\/\\\/deravio.com\\\/se\\\/wp-content\\\/uploads\\\/sites\\\/20\\\/2026\\\/04\\\/23xfkzh-1.webp\",\"datePublished\":\"2026-04-30T12:51:29+00:00\",\"dateModified\":\"2026-04-30T12:51:54+00:00\",\"breadcrumb\":{\"@id\":\"https:\\\/\\\/deravio.com\\\/se\\\/produkt\\\/fargglatt-ljus-fran-solrosor\\\/#breadcrumb\"},\"inLanguage\":\"sv-SE\",\"potentialAction\":[{\"@type\":\"ReadAction\",\"target\":[\"https:\\\/\\\/deravio.com\\\/se\\\/produkt\\\/fargglatt-ljus-fran-solrosor\\\/\"]}]},{\"@type\":\"ImageObject\",\"inLanguage\":\"sv-SE\",\"@id\":\"https:\\\/\\\/deravio.com\\\/se\\\/produkt\\\/fargglatt-ljus-fran-solrosor\\\/#primaryimage\",\"url\":\"https:\\\/\\\/deravio.com\\\/se\\\/wp-content\\\/uploads\\\/sites\\\/20\\\/2026\\\/04\\\/23xfkzh-1.webp\",\"contentUrl\":\"https:\\\/\\\/deravio.com\\\/se\\\/wp-content\\\/uploads\\\/sites\\\/20\\\/2026\\\/04\\\/23xfkzh-1.webp\",\"width\":713,\"height\":713},{\"@type\":\"BreadcrumbList\",\"@id\":\"https:\\\/\\\/deravio.com\\\/se\\\/produkt\\\/fargglatt-ljus-fran-solrosor\\\/#breadcrumb\",\"itemListElement\":[{\"@type\":\"ListItem\",\"position\":1,\"name\":\"Home\",\"item\":\"https:\\\/\\\/deravio.com\\\/se\\\/\"},{\"@type\":\"ListItem\",\"position\":2,\"name\":\"Butik\",\"item\":\"https:\\\/\\\/deravio.com\\\/se\\\/butik\\\/\"},{\"@type\":\"ListItem\",\"position\":3,\"name\":\"F\u00e4rgglatt ljus fr\u00e5n solrosor\"}]},{\"@type\":\"WebSite\",\"@id\":\"https:\\\/\\\/deravio.com\\\/se\\\/#website\",\"url\":\"https:\\\/\\\/deravio.com\\\/se\\\/\",\"name\":\"Deravio SE\",\"description\":\"\",\"publisher\":{\"@id\":\"https:\\\/\\\/deravio.com\\\/se\\\/#organization\"},\"potentialAction\":[{\"@type\":\"SearchAction\",\"target\":{\"@type\":\"EntryPoint\",\"urlTemplate\":\"https:\\\/\\\/deravio.com\\\/se\\\/?s={search_term_string}\"},\"query-input\":{\"@type\":\"PropertyValueSpecification\",\"valueRequired\":true,\"valueName\":\"search_term_string\"}}],\"inLanguage\":\"sv-SE\"},{\"@type\":\"Organization\",\"@id\":\"https:\\\/\\\/deravio.com\\\/se\\\/#organization\",\"name\":\"Mekulo\",\"url\":\"https:\\\/\\\/deravio.com\\\/se\\\/\",\"logo\":{\"@type\":\"ImageObject\",\"inLanguage\":\"sv-SE\",\"@id\":\"https:\\\/\\\/deravio.com\\\/se\\\/#\\\/schema\\\/logo\\\/image\\\/\",\"url\":\"https:\\\/\\\/deravio.com\\\/se\\\/wp-content\\\/uploads\\\/sites\\\/20\\\/2025\\\/12\\\/favicon_mekulo.png\",\"contentUrl\":\"https:\\\/\\\/deravio.com\\\/se\\\/wp-content\\\/uploads\\\/sites\\\/20\\\/2025\\\/12\\\/favicon_mekulo.png\",\"width\":50,\"height\":50,\"caption\":\"Mekulo\"},\"image\":{\"@id\":\"https:\\\/\\\/deravio.com\\\/se\\\/#\\\/schema\\\/logo\\\/image\\\/\"}}]}<\/script>\n<!-- \/ Yoast SEO plugin. -->","yoast_head_json":{"title":"F\u00e4rgglatt ljus fr\u00e5n solrosor - Deravio SE","robots":{"index":"index","follow":"follow","max-snippet":"max-snippet:-1","max-image-preview":"max-image-preview:large","max-video-preview":"max-video-preview:-1"},"canonical":"https:\/\/deravio.com\/se\/produkt\/fargglatt-ljus-fran-solrosor\/","og_locale":"sv_SE","og_type":"article","og_title":"F\u00e4rgglatt ljus fr\u00e5n solrosor - Deravio SE","og_description":"\ud83c\udfe1L\u00e5t din tr\u00e4dg\u00e5rd blomma efter solnedg\u00e5ngen. \ud83c\udf3bEn solcellsdriven f\u00e4rgglad solroslampa som f\u00f6rvandlar ditt utomhusutrymme till en varm, gl\u00f6dande tillflyktsort - utan anstr\u00e4ngning eller elektricitet. \ud83c\udfeeEn liten lampa som g\u00f6r stor skillnad f\u00f6r hur dina kv\u00e4llar k\u00e4nns.","og_url":"https:\/\/deravio.com\/se\/produkt\/fargglatt-ljus-fran-solrosor\/","og_site_name":"Deravio SE","article_modified_time":"2026-04-30T12:51:54+00:00","og_image":[{"width":713,"height":713,"url":"https:\/\/deravio.com\/se\/wp-content\/uploads\/sites\/20\/2026\/04\/23xfkzh-1.webp","type":"image\/webp"}],"twitter_card":"summary_large_image","twitter_misc":{"Ber\u00e4knad l\u00e4stid":"2 minuter"},"schema":{"@context":"https:\/\/schema.org","@graph":[{"@type":"WebPage","@id":"https:\/\/deravio.com\/se\/produkt\/fargglatt-ljus-fran-solrosor\/","url":"https:\/\/deravio.com\/se\/produkt\/fargglatt-ljus-fran-solrosor\/","name":"F\u00e4rgglatt ljus fr\u00e5n solrosor - Deravio SE","isPartOf":{"@id":"https:\/\/deravio.com\/se\/#website"},"primaryImageOfPage":{"@id":"https:\/\/deravio.com\/se\/produkt\/fargglatt-ljus-fran-solrosor\/#primaryimage"},"image":{"@id":"https:\/\/deravio.com\/se\/produkt\/fargglatt-ljus-fran-solrosor\/#primaryimage"},"thumbnailUrl":"https:\/\/deravio.com\/se\/wp-content\/uploads\/sites\/20\/2026\/04\/23xfkzh-1.webp","datePublished":"2026-04-30T12:51:29+00:00","dateModified":"2026-04-30T12:51:54+00:00","breadcrumb":{"@id":"https:\/\/deravio.com\/se\/produkt\/fargglatt-ljus-fran-solrosor\/#breadcrumb"},"inLanguage":"sv-SE","potentialAction":[{"@type":"ReadAction","target":["https:\/\/deravio.com\/se\/produkt\/fargglatt-ljus-fran-solrosor\/"]}]},{"@type":"ImageObject","inLanguage":"sv-SE","@id":"https:\/\/deravio.com\/se\/produkt\/fargglatt-ljus-fran-solrosor\/#primaryimage","url":"https:\/\/deravio.com\/se\/wp-content\/uploads\/sites\/20\/2026\/04\/23xfkzh-1.webp","contentUrl":"https:\/\/deravio.com\/se\/wp-content\/uploads\/sites\/20\/2026\/04\/23xfkzh-1.webp","width":713,"height":713},{"@type":"BreadcrumbList","@id":"https:\/\/deravio.com\/se\/produkt\/fargglatt-ljus-fran-solrosor\/#breadcrumb","itemListElement":[{"@type":"ListItem","position":1,"name":"Home","item":"https:\/\/deravio.com\/se\/"},{"@type":"ListItem","position":2,"name":"Butik","item":"https:\/\/deravio.com\/se\/butik\/"},{"@type":"ListItem","position":3,"name":"F\u00e4rgglatt ljus fr\u00e5n solrosor"}]},{"@type":"WebSite","@id":"https:\/\/deravio.com\/se\/#website","url":"https:\/\/deravio.com\/se\/","name":"Deravio SE","description":"","publisher":{"@id":"https:\/\/deravio.com\/se\/#organization"},"potentialAction":[{"@type":"SearchAction","target":{"@type":"EntryPoint","urlTemplate":"https:\/\/deravio.com\/se\/?s={search_term_string}"},"query-input":{"@type":"PropertyValueSpecification","valueRequired":true,"valueName":"search_term_string"}}],"inLanguage":"sv-SE"},{"@type":"Organization","@id":"https:\/\/deravio.com\/se\/#organization","name":"Mekulo","url":"https:\/\/deravio.com\/se\/","logo":{"@type":"ImageObject","inLanguage":"sv-SE","@id":"https:\/\/deravio.com\/se\/#\/schema\/logo\/image\/","url":"https:\/\/deravio.com\/se\/wp-content\/uploads\/sites\/20\/2025\/12\/favicon_mekulo.png","contentUrl":"https:\/\/deravio.com\/se\/wp-content\/uploads\/sites\/20\/2025\/12\/favicon_mekulo.png","width":50,"height":50,"caption":"Mekulo"},"image":{"@id":"https:\/\/deravio.com\/se\/#\/schema\/logo\/image\/"}}]}},"_links":{"self":[{"href":"https:\/\/deravio.com\/se\/wp-json\/wp\/v2\/product\/24299","targetHints":{"allow":["GET"]}}],"collection":[{"href":"https:\/\/deravio.com\/se\/wp-json\/wp\/v2\/product"}],"about":[{"href":"https:\/\/deravio.com\/se\/wp-json\/wp\/v2\/types\/product"}],"replies":[{"embeddable":true,"href":"https:\/\/deravio.com\/se\/wp-json\/wp\/v2\/comments?post=24299"}],"wp:featuredmedia":[{"embeddable":true,"href":"https:\/\/deravio.com\/se\/wp-json\/wp\/v2\/media\/24295"}],"wp:attachment":[{"href":"https:\/\/deravio.com\/se\/wp-json\/wp\/v2\/media?parent=24299"}],"wp:term":[{"taxonomy":"product_brand","embeddable":true,"href":"https:\/\/deravio.com\/se\/wp-json\/wp\/v2\/product_brand?post=24299"},{"taxonomy":"product_cat","embeddable":true,"href":"https:\/\/deravio.com\/se\/wp-json\/wp\/v2\/product_cat?post=24299"},{"taxonomy":"product_tag","embeddable":true,"href":"https:\/\/deravio.com\/se\/wp-json\/wp\/v2\/product_tag?post=24299"}],"curies":[{"name":"wp","href":"https:\/\/api.w.org\/{rel}","templated":true}]}}