{"id":24288,"date":"2026-04-30T15:49:44","date_gmt":"2026-04-30T12:49:44","guid":{"rendered":"https:\/\/deravio.com\/se\/produkt\/saker-koksutrustning-for-barn\/"},"modified":"2026-04-30T15:49:44","modified_gmt":"2026-04-30T12:49:44","slug":"saker-koksutrustning-for-barn","status":"publish","type":"product","link":"https:\/\/deravio.com\/se\/produkt\/saker-koksutrustning-for-barn\/","title":{"rendered":"S\u00e4ker k\u00f6ksutrustning f\u00f6r barn"},"content":{"rendered":"<h2 style=\"text-align: center\" data-section-id=\"5d61m3\" data-start=\"203\" data-end=\"221\">\u2728 L\u00f6ftet<\/h2>\n<p style=\"text-align: center\" data-start=\"222\" data-end=\"329\">Giv ditt barn ett roligt och s\u00e4kert s\u00e4tt att utforska matlagning &#8211; samtidigt som det utvecklar f\u00e4rdigheter som det kommer att ha nytta av i flera \u00e5r.<\/p>\n<p data-start=\"222\" data-end=\"329\"><img fetchpriority=\"high\" decoding=\"async\" class=\" wp-image-25760 aligncenter\" src=\"https:\/\/deravio.com\/template\/wp-content\/uploads\/sites\/6\/2026\/04\/12219-ezgif.com-video-to-webp-converter-2.webp\" alt=\"\" width=\"600\" height=\"600\" \/><\/p>\n<h2 style=\"text-align: center\" data-section-id=\"1n7p8vw\" data-start=\"336\" data-end=\"384\">\ud83d\udc69\u200d\ud83c\udf73 Huvudf\u00f6rdelar<\/h2>\n<p>\ud83d\udd12 Utformad f\u00f6r s\u00e4kerhet f\u00f6rst &#8211; Barnv\u00e4nliga verktyg f\u00f6r s\u00e4ker och bekymmersfri anv\u00e4ndning<\/p>\n<p>\ud83e\udd32 Perfekt f\u00f6r sm\u00e5 h\u00e4nder &#8211; L\u00e4tt att greppa, kontrollera och l\u00e4ra sig med<\/p>\n<p>\ud83e\udde0 Utvecklar verkliga f\u00e4rdigheter genom lek &#8211; F\u00f6rb\u00e4ttrar koordination, fokus, och sj\u00e4lvst\u00e4ndighet<\/p>\n<p>\ud83c\udf4e Uppmuntrar h\u00e4lsosamma vanor tidigt &#8211; Hj\u00e4lper barn att f\u00e5 en positiv relation till mat<\/p>\n<p>\ud83d\udc9b Skapar meningsfulla stunder med familjen &#8211; Laga mat, skratta och l\u00e4r tillsammans<\/p>\n<h2 style=\"text-align: center\" data-section-id=\"tco5u\" data-start=\"837\" data-end=\"871\">\u274c Problem \u2192 L\u00f6sning \u2705<\/h2>\n<p data-start=\"873\" data-end=\"988\">\u274c Barn \u00e4r nyfikna p\u00e5 matlagning, men riktiga k\u00f6ksredskap kan vara os\u00e4kra och sk\u00e4rmar ers\u00e4tter ofta praktisk inl\u00e4rning.<\/p>\n<p data-start=\"990\" data-end=\"1120\">\u2705 Denna s\u00e4kra k\u00f6ksupps\u00e4ttning f\u00f6r barn \u00f6verbryggar klyftan.<br data-start=\"1017\" data-end=\"1020\" \/>Den ger barn ett s\u00e4kert, engagerande s\u00e4tt att delta, l\u00e4ra sig och bygga upp sj\u00e4lvf\u00f6rtroende &#8211; precis bredvid dig.<\/p>\n<p data-start=\"990\" data-end=\"1120\"><img decoding=\"async\" class=\"size-full wp-image-25755 aligncenter\" src=\"https:\/\/deravio.com\/template\/wp-content\/uploads\/sites\/6\/2026\/04\/3-3.jpeg\" alt=\"\" width=\"800\" height=\"800\" \/><\/p>\n<h2 style=\"text-align: center\" data-section-id=\"mcph1k\" data-start=\"1127\" data-end=\"1173\">\ud83c\udfe1 Anv\u00e4ndningsfall\/livsstil<\/h2>\n<p data-start=\"1175\" data-end=\"1194\">F\u00f6rest\u00e4ll dig ditt barn:<\/p>\n<ul data-start=\"1195\" data-end=\"1377\">\n<li data-section-id=\"7fdlmg\" data-start=\"1195\" data-end=\"1236\">Hj\u00e4lper till att laga mat med sp\u00e4nning<\/li>\n<li data-section-id=\"c28axl\" data-start=\"1237\" data-end=\"1274\">K\u00e4nner sig stolt \u00f6ver vad de skapar<\/li>\n<li data-section-id=\"db0f23\" data-start=\"1275\" data-end=\"1323\">L\u00e4r sig ansvar genom enkla uppgifter<\/li>\n<li data-section-id=\"1kha8b\" data-start=\"1324\" data-end=\"1377\">Spenderar mindre tid p\u00e5 sk\u00e4rmar, mer tid p\u00e5 att skapa<\/li>\n<\/ul>\n<p data-start=\"1379\" data-end=\"1410\">Det \u00e4r inte bara lek &#8211; det \u00e4r tillv\u00e4xt.<\/p>\n<h2 style=\"text-align: center\" data-section-id=\"mdnuzw\" data-start=\"1417\" data-end=\"1437\">\u2699\ufe0f Hur det fungerar<\/h2>\n<ol data-start=\"1439\" data-end=\"1602\">\n<li data-section-id=\"1r44l2q\" data-start=\"1439\" data-end=\"1480\">Giv ditt barn egna s\u00e4kra verktyg.<\/li>\n<li data-section-id=\"1jolzad\" data-start=\"1481\" data-end=\"1525\">L\u00e5t dem hj\u00e4lpa till med enkla k\u00f6ksuppgifter.<\/li>\n<li data-section-id=\"lp0kmr\" data-start=\"1526\" data-end=\"1554\">V\u00e4gled och laga mat tillsammans.<\/li>\n<li data-section-id=\"pvlvsx\" data-start=\"1555\" data-end=\"1602\">Se deras sj\u00e4lvf\u00f6rtroende v\u00e4xa f\u00f6r varje anv\u00e4ndning.<\/li>\n<\/ol>\n<p><img decoding=\"async\" class=\"size-full wp-image-25758 aligncenter\" src=\"https:\/\/deravio.com\/template\/wp-content\/uploads\/sites\/6\/2026\/04\/6-3.jpeg\" alt=\"\" width=\"800\" height=\"800\" \/><\/p>\n<h2 style=\"text-align: center\" data-section-id=\"6d2foc\" data-start=\"1609\" data-end=\"1632\">\ud83d\udd0d Produktdetaljer<\/h2>\n<ul data-start=\"1634\" data-end=\"1857\">\n<li data-section-id=\"2ih082\" data-start=\"1678\" data-end=\"1718\">Design: Barnv\u00e4nlig storlek och grepp<\/li>\n<li data-section-id=\"2ih082\" data-start=\"1678\" data-end=\"1718\">Material: Plast<\/li>\n<li data-section-id=\"13dvbdj\" data-start=\"1719\" data-end=\"1759\">Syfte: S\u00e4ker matlagning och l\u00e4rande<\/li>\n<li data-section-id=\"1cjjwgp\" data-start=\"1760\" data-end=\"1809\">Fokus: Motoriska f\u00e4rdigheter, kreativitet, sj\u00e4lvst\u00e4ndighet<\/li>\n<li data-section-id=\"14mcc8q\" data-start=\"1810\" data-end=\"1857\">Anv\u00e4ndning: Matlagning, bakning, l\u00e4rande genom lek<\/li>\n<\/ul>\n<h2 style=\"text-align: center\" data-section-id=\"11se135\" data-start=\"1864\" data-end=\"1884\">\ud83d\udce6 Paketet inneh\u00e5ller<\/h2>\n<ul data-start=\"1886\" data-end=\"1984\">\n<li data-section-id=\"18ftg1r\" data-start=\"1886\" data-end=\"1984\">1x s\u00e4kert k\u00f6ksset f\u00f6r barn.<\/li>\n<\/ul>\n","protected":false},"excerpt":{"rendered":"<p>\ud83e\udde0D\u00e4r sm\u00e5 h\u00e4nder blir sj\u00e4lvs\u00e4kra kockar.<br \/>\n\ud83d\udc69\u200d\ud83c\udf73A s\u00e4kert, lekfullt k\u00f6ksset som bygger upp f\u00e4rdigheter, sj\u00e4lvf\u00f6rtroende och h\u00e4lsosamma vanor &#8211; ett recept i taget.<br \/>\n\ud83d\udd2aStarta med lek. Bygg f\u00e4rdigheter f\u00f6r livet.<\/p>\n","protected":false},"featured_media":24284,"comment_status":"open","ping_status":"closed","template":"","meta":{"site-sidebar-layout":"default","site-content-layout":"","ast-site-content-layout":"default","site-content-style":"default","site-sidebar-style":"default","ast-global-header-display":"","ast-banner-title-visibility":"","ast-main-header-display":"","ast-hfb-above-header-display":"","ast-hfb-below-header-display":"","ast-hfb-mobile-header-display":"","site-post-title":"","ast-breadcrumbs-content":"","ast-featured-img":"","footer-sml-layout":"","ast-disable-related-posts":"","theme-transparent-header-meta":"default","adv-header-id-meta":"","stick-header-meta":"","header-above-stick-meta":"","header-main-stick-meta":"","header-below-stick-meta":"","astra-migrate-meta-layouts":"set","ast-page-background-enabled":"default","ast-page-background-meta":{"desktop":{"background-color":"var(--ast-global-color-5)","background-image":"","background-repeat":"repeat","background-position":"center center","background-size":"auto","background-attachment":"scroll","background-type":"","background-media":"","overlay-type":"","overlay-color":"","overlay-opacity":"","overlay-gradient":""},"tablet":{"background-color":"","background-image":"","background-repeat":"repeat","background-position":"center center","background-size":"auto","background-attachment":"scroll","background-type":"","background-media":"","overlay-type":"","overlay-color":"","overlay-opacity":"","overlay-gradient":""},"mobile":{"background-color":"","background-image":"","background-repeat":"repeat","background-position":"center center","background-size":"auto","background-attachment":"scroll","background-type":"","background-media":"","overlay-type":"","overlay-color":"","overlay-opacity":"","overlay-gradient":""}},"ast-content-background-meta":{"desktop":{"background-color":"var(--ast-global-color-4)","background-image":"","background-repeat":"repeat","background-position":"center center","background-size":"auto","background-attachment":"scroll","background-type":"","background-media":"","overlay-type":"","overlay-color":"","overlay-opacity":"","overlay-gradient":""},"tablet":{"background-color":"var(--ast-global-color-4)","background-image":"","background-repeat":"repeat","background-position":"center center","background-size":"auto","background-attachment":"scroll","background-type":"","background-media":"","overlay-type":"","overlay-color":"","overlay-opacity":"","overlay-gradient":""},"mobile":{"background-color":"var(--ast-global-color-4)","background-image":"","background-repeat":"repeat","background-position":"center center","background-size":"auto","background-attachment":"scroll","background-type":"","background-media":"","overlay-type":"","overlay-color":"","overlay-opacity":"","overlay-gradient":""}}},"product_brand":[],"product_cat":[172],"product_tag":[],"class_list":{"0":"post-24288","1":"product","2":"type-product","3":"status-publish","4":"has-post-thumbnail","6":"product_cat-leksaker-barn-och-babyprodukter","7":"desktop-align-left","8":"tablet-align-left","9":"mobile-align-left","11":"first","12":"instock","13":"shipping-taxable","14":"purchasable","15":"product-type-simple"},"yoast_head":"<!-- This site is optimized with the Yoast SEO plugin v27.4 - https:\/\/yoast.com\/product\/yoast-seo-wordpress\/ -->\n<title>S\u00e4ker k\u00f6ksutrustning f\u00f6r barn - Deravio SE<\/title>\n<meta name=\"robots\" content=\"index, follow, max-snippet:-1, max-image-preview:large, max-video-preview:-1\" \/>\n<link rel=\"canonical\" href=\"https:\/\/deravio.com\/se\/produkt\/saker-koksutrustning-for-barn\/\" \/>\n<meta property=\"og:locale\" content=\"nb_NO\" \/>\n<meta property=\"og:type\" content=\"article\" \/>\n<meta property=\"og:title\" content=\"S\u00e4ker k\u00f6ksutrustning f\u00f6r barn - Deravio SE\" \/>\n<meta property=\"og:description\" content=\"\ud83e\udde0D\u00e4r sm\u00e5 h\u00e4nder blir sj\u00e4lvs\u00e4kra kockar. \ud83d\udc69\u200d\ud83c\udf73A s\u00e4kert, lekfullt k\u00f6ksset som bygger upp f\u00e4rdigheter, sj\u00e4lvf\u00f6rtroende och h\u00e4lsosamma vanor - ett recept i taget. \ud83d\udd2aStarta med lek. Bygg f\u00e4rdigheter f\u00f6r livet.\" \/>\n<meta property=\"og:url\" content=\"https:\/\/deravio.com\/se\/produkt\/saker-koksutrustning-for-barn\/\" \/>\n<meta property=\"og:site_name\" content=\"Deravio SE\" \/>\n<meta property=\"og:image\" content=\"https:\/\/deravio.com\/se\/wp-content\/uploads\/sites\/20\/2026\/04\/zi09yio-1.jpeg\" \/>\n\t<meta property=\"og:image:width\" content=\"800\" \/>\n\t<meta property=\"og:image:height\" content=\"800\" \/>\n\t<meta property=\"og:image:type\" content=\"image\/jpeg\" \/>\n<meta name=\"twitter:card\" content=\"summary_large_image\" \/>\n<meta name=\"twitter:label1\" content=\"Ansl. lesetid\" \/>\n\t<meta name=\"twitter:data1\" content=\"2 minutter\" \/>\n<script type=\"application\/ld+json\" class=\"yoast-schema-graph\">{\"@context\":\"https:\\\/\\\/schema.org\",\"@graph\":[{\"@type\":\"WebPage\",\"@id\":\"https:\\\/\\\/deravio.com\\\/se\\\/produkt\\\/saker-koksutrustning-for-barn\\\/\",\"url\":\"https:\\\/\\\/deravio.com\\\/se\\\/produkt\\\/saker-koksutrustning-for-barn\\\/\",\"name\":\"S\u00e4ker k\u00f6ksutrustning f\u00f6r barn - Deravio SE\",\"isPartOf\":{\"@id\":\"https:\\\/\\\/deravio.com\\\/se\\\/#website\"},\"primaryImageOfPage\":{\"@id\":\"https:\\\/\\\/deravio.com\\\/se\\\/produkt\\\/saker-koksutrustning-for-barn\\\/#primaryimage\"},\"image\":{\"@id\":\"https:\\\/\\\/deravio.com\\\/se\\\/produkt\\\/saker-koksutrustning-for-barn\\\/#primaryimage\"},\"thumbnailUrl\":\"https:\\\/\\\/deravio.com\\\/se\\\/wp-content\\\/uploads\\\/sites\\\/20\\\/2026\\\/04\\\/zi09yio-1.jpeg\",\"datePublished\":\"2026-04-30T12:49:44+00:00\",\"breadcrumb\":{\"@id\":\"https:\\\/\\\/deravio.com\\\/se\\\/produkt\\\/saker-koksutrustning-for-barn\\\/#breadcrumb\"},\"inLanguage\":\"nb-NO\",\"potentialAction\":[{\"@type\":\"ReadAction\",\"target\":[\"https:\\\/\\\/deravio.com\\\/se\\\/produkt\\\/saker-koksutrustning-for-barn\\\/\"]}]},{\"@type\":\"ImageObject\",\"inLanguage\":\"nb-NO\",\"@id\":\"https:\\\/\\\/deravio.com\\\/se\\\/produkt\\\/saker-koksutrustning-for-barn\\\/#primaryimage\",\"url\":\"https:\\\/\\\/deravio.com\\\/se\\\/wp-content\\\/uploads\\\/sites\\\/20\\\/2026\\\/04\\\/zi09yio-1.jpeg\",\"contentUrl\":\"https:\\\/\\\/deravio.com\\\/se\\\/wp-content\\\/uploads\\\/sites\\\/20\\\/2026\\\/04\\\/zi09yio-1.jpeg\",\"width\":800,\"height\":800},{\"@type\":\"BreadcrumbList\",\"@id\":\"https:\\\/\\\/deravio.com\\\/se\\\/produkt\\\/saker-koksutrustning-for-barn\\\/#breadcrumb\",\"itemListElement\":[{\"@type\":\"ListItem\",\"position\":1,\"name\":\"Home\",\"item\":\"https:\\\/\\\/deravio.com\\\/se\\\/\"},{\"@type\":\"ListItem\",\"position\":2,\"name\":\"Butik\",\"item\":\"https:\\\/\\\/deravio.com\\\/se\\\/butik\\\/\"},{\"@type\":\"ListItem\",\"position\":3,\"name\":\"S\u00e4ker k\u00f6ksutrustning f\u00f6r barn\"}]},{\"@type\":\"WebSite\",\"@id\":\"https:\\\/\\\/deravio.com\\\/se\\\/#website\",\"url\":\"https:\\\/\\\/deravio.com\\\/se\\\/\",\"name\":\"Deravio SE\",\"description\":\"\",\"publisher\":{\"@id\":\"https:\\\/\\\/deravio.com\\\/se\\\/#organization\"},\"potentialAction\":[{\"@type\":\"SearchAction\",\"target\":{\"@type\":\"EntryPoint\",\"urlTemplate\":\"https:\\\/\\\/deravio.com\\\/se\\\/?s={search_term_string}\"},\"query-input\":{\"@type\":\"PropertyValueSpecification\",\"valueRequired\":true,\"valueName\":\"search_term_string\"}}],\"inLanguage\":\"nb-NO\"},{\"@type\":\"Organization\",\"@id\":\"https:\\\/\\\/deravio.com\\\/se\\\/#organization\",\"name\":\"Mekulo\",\"url\":\"https:\\\/\\\/deravio.com\\\/se\\\/\",\"logo\":{\"@type\":\"ImageObject\",\"inLanguage\":\"nb-NO\",\"@id\":\"https:\\\/\\\/deravio.com\\\/se\\\/#\\\/schema\\\/logo\\\/image\\\/\",\"url\":\"https:\\\/\\\/deravio.com\\\/se\\\/wp-content\\\/uploads\\\/sites\\\/20\\\/2025\\\/12\\\/favicon_mekulo.png\",\"contentUrl\":\"https:\\\/\\\/deravio.com\\\/se\\\/wp-content\\\/uploads\\\/sites\\\/20\\\/2025\\\/12\\\/favicon_mekulo.png\",\"width\":50,\"height\":50,\"caption\":\"Mekulo\"},\"image\":{\"@id\":\"https:\\\/\\\/deravio.com\\\/se\\\/#\\\/schema\\\/logo\\\/image\\\/\"}}]}<\/script>\n<!-- \/ Yoast SEO plugin. -->","yoast_head_json":{"title":"S\u00e4ker k\u00f6ksutrustning f\u00f6r barn - Deravio SE","robots":{"index":"index","follow":"follow","max-snippet":"max-snippet:-1","max-image-preview":"max-image-preview:large","max-video-preview":"max-video-preview:-1"},"canonical":"https:\/\/deravio.com\/se\/produkt\/saker-koksutrustning-for-barn\/","og_locale":"nb_NO","og_type":"article","og_title":"S\u00e4ker k\u00f6ksutrustning f\u00f6r barn - Deravio SE","og_description":"\ud83e\udde0D\u00e4r sm\u00e5 h\u00e4nder blir sj\u00e4lvs\u00e4kra kockar. \ud83d\udc69\u200d\ud83c\udf73A s\u00e4kert, lekfullt k\u00f6ksset som bygger upp f\u00e4rdigheter, sj\u00e4lvf\u00f6rtroende och h\u00e4lsosamma vanor - ett recept i taget. \ud83d\udd2aStarta med lek. Bygg f\u00e4rdigheter f\u00f6r livet.","og_url":"https:\/\/deravio.com\/se\/produkt\/saker-koksutrustning-for-barn\/","og_site_name":"Deravio SE","og_image":[{"width":800,"height":800,"url":"https:\/\/deravio.com\/se\/wp-content\/uploads\/sites\/20\/2026\/04\/zi09yio-1.jpeg","type":"image\/jpeg"}],"twitter_card":"summary_large_image","twitter_misc":{"Ansl. lesetid":"2 minutter"},"schema":{"@context":"https:\/\/schema.org","@graph":[{"@type":"WebPage","@id":"https:\/\/deravio.com\/se\/produkt\/saker-koksutrustning-for-barn\/","url":"https:\/\/deravio.com\/se\/produkt\/saker-koksutrustning-for-barn\/","name":"S\u00e4ker k\u00f6ksutrustning f\u00f6r barn - Deravio SE","isPartOf":{"@id":"https:\/\/deravio.com\/se\/#website"},"primaryImageOfPage":{"@id":"https:\/\/deravio.com\/se\/produkt\/saker-koksutrustning-for-barn\/#primaryimage"},"image":{"@id":"https:\/\/deravio.com\/se\/produkt\/saker-koksutrustning-for-barn\/#primaryimage"},"thumbnailUrl":"https:\/\/deravio.com\/se\/wp-content\/uploads\/sites\/20\/2026\/04\/zi09yio-1.jpeg","datePublished":"2026-04-30T12:49:44+00:00","breadcrumb":{"@id":"https:\/\/deravio.com\/se\/produkt\/saker-koksutrustning-for-barn\/#breadcrumb"},"inLanguage":"nb-NO","potentialAction":[{"@type":"ReadAction","target":["https:\/\/deravio.com\/se\/produkt\/saker-koksutrustning-for-barn\/"]}]},{"@type":"ImageObject","inLanguage":"nb-NO","@id":"https:\/\/deravio.com\/se\/produkt\/saker-koksutrustning-for-barn\/#primaryimage","url":"https:\/\/deravio.com\/se\/wp-content\/uploads\/sites\/20\/2026\/04\/zi09yio-1.jpeg","contentUrl":"https:\/\/deravio.com\/se\/wp-content\/uploads\/sites\/20\/2026\/04\/zi09yio-1.jpeg","width":800,"height":800},{"@type":"BreadcrumbList","@id":"https:\/\/deravio.com\/se\/produkt\/saker-koksutrustning-for-barn\/#breadcrumb","itemListElement":[{"@type":"ListItem","position":1,"name":"Home","item":"https:\/\/deravio.com\/se\/"},{"@type":"ListItem","position":2,"name":"Butik","item":"https:\/\/deravio.com\/se\/butik\/"},{"@type":"ListItem","position":3,"name":"S\u00e4ker k\u00f6ksutrustning f\u00f6r barn"}]},{"@type":"WebSite","@id":"https:\/\/deravio.com\/se\/#website","url":"https:\/\/deravio.com\/se\/","name":"Deravio SE","description":"","publisher":{"@id":"https:\/\/deravio.com\/se\/#organization"},"potentialAction":[{"@type":"SearchAction","target":{"@type":"EntryPoint","urlTemplate":"https:\/\/deravio.com\/se\/?s={search_term_string}"},"query-input":{"@type":"PropertyValueSpecification","valueRequired":true,"valueName":"search_term_string"}}],"inLanguage":"nb-NO"},{"@type":"Organization","@id":"https:\/\/deravio.com\/se\/#organization","name":"Mekulo","url":"https:\/\/deravio.com\/se\/","logo":{"@type":"ImageObject","inLanguage":"nb-NO","@id":"https:\/\/deravio.com\/se\/#\/schema\/logo\/image\/","url":"https:\/\/deravio.com\/se\/wp-content\/uploads\/sites\/20\/2025\/12\/favicon_mekulo.png","contentUrl":"https:\/\/deravio.com\/se\/wp-content\/uploads\/sites\/20\/2025\/12\/favicon_mekulo.png","width":50,"height":50,"caption":"Mekulo"},"image":{"@id":"https:\/\/deravio.com\/se\/#\/schema\/logo\/image\/"}}]}},"_links":{"self":[{"href":"https:\/\/deravio.com\/se\/wp-json\/wp\/v2\/product\/24288","targetHints":{"allow":["GET"]}}],"collection":[{"href":"https:\/\/deravio.com\/se\/wp-json\/wp\/v2\/product"}],"about":[{"href":"https:\/\/deravio.com\/se\/wp-json\/wp\/v2\/types\/product"}],"replies":[{"embeddable":true,"href":"https:\/\/deravio.com\/se\/wp-json\/wp\/v2\/comments?post=24288"}],"wp:featuredmedia":[{"embeddable":true,"href":"https:\/\/deravio.com\/se\/wp-json\/wp\/v2\/media\/24284"}],"wp:attachment":[{"href":"https:\/\/deravio.com\/se\/wp-json\/wp\/v2\/media?parent=24288"}],"wp:term":[{"taxonomy":"product_brand","embeddable":true,"href":"https:\/\/deravio.com\/se\/wp-json\/wp\/v2\/product_brand?post=24288"},{"taxonomy":"product_cat","embeddable":true,"href":"https:\/\/deravio.com\/se\/wp-json\/wp\/v2\/product_cat?post=24288"},{"taxonomy":"product_tag","embeddable":true,"href":"https:\/\/deravio.com\/se\/wp-json\/wp\/v2\/product_tag?post=24288"}],"curies":[{"name":"wp","href":"https:\/\/api.w.org\/{rel}","templated":true}]}}