{"id":24274,"date":"2026-04-30T14:57:10","date_gmt":"2026-04-30T11:57:10","guid":{"rendered":"https:\/\/deravio.com\/se\/produkt\/handavtryckssats-for-familjer-par\/"},"modified":"2026-04-30T14:57:10","modified_gmt":"2026-04-30T11:57:10","slug":"handavtryckssats-for-familjer-par","status":"publish","type":"product","link":"https:\/\/deravio.com\/se\/produkt\/handavtryckssats-for-familjer-par\/","title":{"rendered":"Handavtryckssats f\u00f6r familjer &amp; par"},"content":{"rendered":"<h2 style=\"text-align: center\" data-section-id=\"5d61m3\" data-start=\"197\" data-end=\"215\">\u2728 L\u00f6ftet<\/h2>\n<p style=\"text-align: center\" data-start=\"216\" data-end=\"295\">F\u00f6rvandla ett enkelt \u00f6gonblick till n\u00e5got du kan se, r\u00f6ra vid och v\u00e4rdes\u00e4tta i \u00e5ratal.<\/p>\n<p data-start=\"216\" data-end=\"295\"><img fetchpriority=\"high\" decoding=\"async\" class=\"size-full wp-image-25747 aligncenter\" src=\"https:\/\/deravio.com\/template\/wp-content\/uploads\/sites\/6\/2026\/04\/Untitleddesign8-ezgif.com-video-to-gif-converter_351eb4d7-527d-40d8-ab5b-016bd0f2d403.webp\" alt=\"\" width=\"800\" height=\"800\" \/><\/p>\n<h2 style=\"text-align: center\" data-section-id=\"ns5b8p\" data-start=\"302\" data-end=\"345\">\ud83d\udd90\ufe0f Huvudf\u00f6rdelar<\/h2>\n<p>\ud83d\udc9e F\u00e5nga verklig kontakt &#8211; Bevara den exakta formen och detaljerna av dina h\u00e4nder tillsammans<\/p>\n<p>\ud83c\udf81 Meningsfull, best\u00e5ende minnessak &#8211; Ett minne du kan visa, inte bara komma ih\u00e5g<\/p>\n<p>\ud83e\udde1 Enkel och stressfri process &#8211; Enkla steg f\u00f6r en smidig, smidig och trevlig upplevelse<\/p>\n<p>\ud83c\udfa8 Kreativt och personligt &#8211; Anpassa och forma ditt verk precis som du vill<\/p>\n<p>\ud83c\udfe1 Vacker utst\u00e4llningsf\u00f6rem\u00e5l &#8211; Ett unikt tillskott till ditt hem fyllt av k\u00e4nslor<\/p>\n<h2 style=\"text-align: center\" data-section-id=\"tco5u\" data-start=\"814\" data-end=\"848\">\u274c Problem \u2192 L\u00f6sning \u2705<\/h2>\n<p data-start=\"850\" data-end=\"913\">\u274c Foton bleknar i telefongallerier och gl\u00f6ms bort med tiden.<\/p>\n<p data-start=\"915\" data-end=\"1040\">\u2705 Detta handavtryckskit f\u00f6r familjer och par g\u00f6r minnena fysiska.<br data-start=\"946\" data-end=\"949\" \/>det f\u00e5ngar ett verkligt \u00f6gonblick som du kan h\u00e5lla fast vid &#8211; n\u00e5got mycket mer meningsfullt \u00e4n en bild.<\/p>\n<p data-start=\"915\" data-end=\"1040\"><img decoding=\"async\" class=\"size-full wp-image-25748 aligncenter\" src=\"https:\/\/deravio.com\/template\/wp-content\/uploads\/sites\/6\/2026\/04\/Untitleddesign7-ezgif.com-video-to-gif-converter_cb41c9c4-eedb-414a-8dbf-9b6187e91909.webp\" alt=\"\" width=\"800\" height=\"800\" \/><\/p>\n<h2 style=\"text-align: center\" data-section-id=\"3fducq\" data-start=\"1047\" data-end=\"1085\">\ud83d\udc68\u200d\ud83d\udc69\u200d\ud83d\udc67 Anv\u00e4ndningsomr\u00e5de\/livsstil<\/h2>\n<p data-start=\"1087\" data-end=\"1099\">Perfekt f\u00f6r:<\/p>\n<ul data-start=\"1100\" data-end=\"1258\">\n<li data-section-id=\"1036icm\" data-start=\"1100\" data-end=\"1129\">Par och \u00e5rsdagar<\/li>\n<li data-section-id=\"1370pgg\" data-start=\"1130\" data-end=\"1155\">Familjer och barn<\/li>\n<li data-section-id=\"fuz57z\" data-start=\"1156\" data-end=\"1193\">Souvenirer av bebisars h\u00e4nder och fotavtryck<\/li>\n<li data-section-id=\"1y0fye7\" data-start=\"1194\" data-end=\"1218\">G\u00e5vor till n\u00e4ra och k\u00e4ra<\/li>\n<li data-section-id=\"1fj1efn\" data-start=\"1219\" data-end=\"1258\">Fira milstolpar och minnen<\/li>\n<\/ul>\n<p data-start=\"1260\" data-end=\"1319\">Det \u00e4r mer \u00e4n ett hantverk &#8211; det \u00e4r ett minne som ni skapar tillsammans.<\/p>\n<h2 style=\"text-align: center\" data-section-id=\"mdnuzw\" data-start=\"1326\" data-end=\"1346\">\u2699\ufe0f Hur det fungerar<\/h2>\n<ol data-start=\"1348\" data-end=\"1570\">\n<li data-section-id=\"53tqop\" data-start=\"1348\" data-end=\"1386\">Blanda gjutpulvret med vatten.<\/li>\n<li data-section-id=\"h5szn4\" data-start=\"1387\" data-end=\"1445\">Placera h\u00e4nderna i blandningen f\u00f6r att skapa avtrycket.<\/li>\n<li data-section-id=\"18qyi81\" data-start=\"1446\" data-end=\"1486\">H\u00e4ll gjutmaterialet i formen.<\/li>\n<li data-section-id=\"1wmscrz\" data-start=\"1487\" data-end=\"1523\">L\u00e5t det stelna och ta f\u00f6rsiktigt bort.<\/li>\n<li data-section-id=\"1ghrx94\" data-start=\"1524\" data-end=\"1570\">F\u00f6rfina och visa upp din f\u00e4rdiga minnessak.<\/li>\n<\/ol>\n<p><img decoding=\"async\" class=\"size-full wp-image-25749 aligncenter\" src=\"https:\/\/deravio.com\/template\/wp-content\/uploads\/sites\/6\/2026\/04\/2-1.jpeg\" alt=\"\" width=\"1601\" height=\"1601\" \/><\/p>\n<h2 style=\"text-align: center\" data-section-id=\"6d2foc\" data-start=\"1612\" data-end=\"1635\">\ud83d\udd0d Produktdetaljer<\/h2>\n<ul data-start=\"1637\" data-end=\"1908\">\n<li data-section-id=\"1mj008u\" data-start=\"1692\" data-end=\"1748\">Material: PP-hink, naturliga pinnar, gjutpulver<\/li>\n<li data-section-id=\"1nifyoz\" data-start=\"1791\" data-end=\"1852\">Funktioner: Detaljerat avtryck, snabb inst\u00e4llning, h\u00e5llbart resultat<\/li>\n<li data-section-id=\"1rdahwx\" data-start=\"1853\" data-end=\"1908\">Anv\u00e4ndning: Handgjutning, fotavtrycksgjutning, DIY-souvenirer<\/li>\n<\/ul>\n<h2 style=\"text-align: center\" data-section-id=\"11se135\" data-start=\"1915\" data-end=\"1935\">\ud83d\udce6 Paketet inneh\u00e5ller<\/h2>\n<ul data-start=\"1937\" data-end=\"2106\">\n<li data-section-id=\"l6qlvj\" data-start=\"1937\" data-end=\"1966\">1x modelleringspulver (100g)<\/li>\n<li data-section-id=\"1tb1w5\" data-start=\"1967\" data-end=\"1995\">1x gjutpulver (100g)<\/li>\n<li data-section-id=\"gp5zhg\" data-start=\"1996\" data-end=\"2015\">1x liten hink<\/li>\n<li data-section-id=\"10ludiq\" data-start=\"2016\" data-end=\"2034\">2x handskar<\/li>\n<li data-section-id=\"g4trng\" data-start=\"2035\" data-end=\"2056\">1x omr\u00f6rningspinne<\/li>\n<li data-section-id=\"1130jgk\" data-start=\"2057\" data-end=\"2084\">1x spetsig bambupinne<\/li>\n<li data-section-id=\"1f51z3v\" data-start=\"2085\" data-end=\"2106\">2x sandpapper.<\/li>\n<\/ul>\n","protected":false},"excerpt":{"rendered":"<p>\ud83c\udfa8H\u00e5ll kvar \u00f6gonblicket &#8211; f\u00f6r alltid.<br \/>\n\ud83d\udc96Skapa ett tidl\u00f6st 3D-handavtryck som f\u00e5ngar k\u00e4rlek, samh\u00f6righet och minnen du aldrig vill gl\u00f6mma.<br \/>\n\u267e\ufe0fNot bara ett minne &#8211; n\u00e5got du kan h\u00e5lla kvar f\u00f6r alltid.<\/p>\n","protected":false},"featured_media":24270,"comment_status":"open","ping_status":"closed","template":"","meta":{"site-sidebar-layout":"default","site-content-layout":"","ast-site-content-layout":"default","site-content-style":"default","site-sidebar-style":"default","ast-global-header-display":"","ast-banner-title-visibility":"","ast-main-header-display":"","ast-hfb-above-header-display":"","ast-hfb-below-header-display":"","ast-hfb-mobile-header-display":"","site-post-title":"","ast-breadcrumbs-content":"","ast-featured-img":"","footer-sml-layout":"","ast-disable-related-posts":"","theme-transparent-header-meta":"default","adv-header-id-meta":"","stick-header-meta":"","header-above-stick-meta":"","header-main-stick-meta":"","header-below-stick-meta":"","astra-migrate-meta-layouts":"set","ast-page-background-enabled":"default","ast-page-background-meta":{"desktop":{"background-color":"var(--ast-global-color-5)","background-image":"","background-repeat":"repeat","background-position":"center center","background-size":"auto","background-attachment":"scroll","background-type":"","background-media":"","overlay-type":"","overlay-color":"","overlay-opacity":"","overlay-gradient":""},"tablet":{"background-color":"","background-image":"","background-repeat":"repeat","background-position":"center center","background-size":"auto","background-attachment":"scroll","background-type":"","background-media":"","overlay-type":"","overlay-color":"","overlay-opacity":"","overlay-gradient":""},"mobile":{"background-color":"","background-image":"","background-repeat":"repeat","background-position":"center center","background-size":"auto","background-attachment":"scroll","background-type":"","background-media":"","overlay-type":"","overlay-color":"","overlay-opacity":"","overlay-gradient":""}},"ast-content-background-meta":{"desktop":{"background-color":"var(--ast-global-color-4)","background-image":"","background-repeat":"repeat","background-position":"center center","background-size":"auto","background-attachment":"scroll","background-type":"","background-media":"","overlay-type":"","overlay-color":"","overlay-opacity":"","overlay-gradient":""},"tablet":{"background-color":"var(--ast-global-color-4)","background-image":"","background-repeat":"repeat","background-position":"center center","background-size":"auto","background-attachment":"scroll","background-type":"","background-media":"","overlay-type":"","overlay-color":"","overlay-opacity":"","overlay-gradient":""},"mobile":{"background-color":"var(--ast-global-color-4)","background-image":"","background-repeat":"repeat","background-position":"center center","background-size":"auto","background-attachment":"scroll","background-type":"","background-media":"","overlay-type":"","overlay-color":"","overlay-opacity":"","overlay-gradient":""}}},"product_brand":[],"product_cat":[172],"product_tag":[],"class_list":{"0":"post-24274","1":"product","2":"type-product","3":"status-publish","4":"has-post-thumbnail","6":"product_cat-leksaker-barn-och-babyprodukter","7":"desktop-align-left","8":"tablet-align-left","9":"mobile-align-left","11":"first","12":"instock","13":"shipping-taxable","14":"purchasable","15":"product-type-simple"},"yoast_head":"<!-- This site is optimized with the Yoast SEO plugin v27.4 - https:\/\/yoast.com\/product\/yoast-seo-wordpress\/ -->\n<title>Handavtryckssats f\u00f6r familjer &amp; par - Deravio SE<\/title>\n<meta name=\"robots\" content=\"index, follow, max-snippet:-1, max-image-preview:large, max-video-preview:-1\" \/>\n<link rel=\"canonical\" href=\"https:\/\/deravio.com\/se\/produkt\/handavtryckssats-for-familjer-par\/\" \/>\n<meta property=\"og:locale\" content=\"nb_NO\" \/>\n<meta property=\"og:type\" content=\"article\" \/>\n<meta property=\"og:title\" content=\"Handavtryckssats f\u00f6r familjer &amp; par - Deravio SE\" \/>\n<meta property=\"og:description\" content=\"\ud83c\udfa8H\u00e5ll kvar \u00f6gonblicket - f\u00f6r alltid. \ud83d\udc96Skapa ett tidl\u00f6st 3D-handavtryck som f\u00e5ngar k\u00e4rlek, samh\u00f6righet och minnen du aldrig vill gl\u00f6mma. \u267e\ufe0fNot bara ett minne - n\u00e5got du kan h\u00e5lla kvar f\u00f6r alltid.\" \/>\n<meta property=\"og:url\" content=\"https:\/\/deravio.com\/se\/produkt\/handavtryckssats-for-familjer-par\/\" \/>\n<meta property=\"og:site_name\" content=\"Deravio SE\" \/>\n<meta property=\"og:image\" content=\"https:\/\/deravio.com\/se\/wp-content\/uploads\/sites\/20\/2026\/04\/0bh7igv-1.webp\" \/>\n\t<meta property=\"og:image:width\" content=\"990\" \/>\n\t<meta property=\"og:image:height\" content=\"990\" \/>\n\t<meta property=\"og:image:type\" content=\"image\/webp\" \/>\n<meta name=\"twitter:card\" content=\"summary_large_image\" \/>\n<meta name=\"twitter:label1\" content=\"Ansl. lesetid\" \/>\n\t<meta name=\"twitter:data1\" content=\"2 minutter\" \/>\n<script type=\"application\/ld+json\" class=\"yoast-schema-graph\">{\"@context\":\"https:\\\/\\\/schema.org\",\"@graph\":[{\"@type\":\"WebPage\",\"@id\":\"https:\\\/\\\/deravio.com\\\/se\\\/produkt\\\/handavtryckssats-for-familjer-par\\\/\",\"url\":\"https:\\\/\\\/deravio.com\\\/se\\\/produkt\\\/handavtryckssats-for-familjer-par\\\/\",\"name\":\"Handavtryckssats f\u00f6r familjer &amp; par - Deravio SE\",\"isPartOf\":{\"@id\":\"https:\\\/\\\/deravio.com\\\/se\\\/#website\"},\"primaryImageOfPage\":{\"@id\":\"https:\\\/\\\/deravio.com\\\/se\\\/produkt\\\/handavtryckssats-for-familjer-par\\\/#primaryimage\"},\"image\":{\"@id\":\"https:\\\/\\\/deravio.com\\\/se\\\/produkt\\\/handavtryckssats-for-familjer-par\\\/#primaryimage\"},\"thumbnailUrl\":\"https:\\\/\\\/deravio.com\\\/se\\\/wp-content\\\/uploads\\\/sites\\\/20\\\/2026\\\/04\\\/0bh7igv-1.webp\",\"datePublished\":\"2026-04-30T11:57:10+00:00\",\"breadcrumb\":{\"@id\":\"https:\\\/\\\/deravio.com\\\/se\\\/produkt\\\/handavtryckssats-for-familjer-par\\\/#breadcrumb\"},\"inLanguage\":\"nb-NO\",\"potentialAction\":[{\"@type\":\"ReadAction\",\"target\":[\"https:\\\/\\\/deravio.com\\\/se\\\/produkt\\\/handavtryckssats-for-familjer-par\\\/\"]}]},{\"@type\":\"ImageObject\",\"inLanguage\":\"nb-NO\",\"@id\":\"https:\\\/\\\/deravio.com\\\/se\\\/produkt\\\/handavtryckssats-for-familjer-par\\\/#primaryimage\",\"url\":\"https:\\\/\\\/deravio.com\\\/se\\\/wp-content\\\/uploads\\\/sites\\\/20\\\/2026\\\/04\\\/0bh7igv-1.webp\",\"contentUrl\":\"https:\\\/\\\/deravio.com\\\/se\\\/wp-content\\\/uploads\\\/sites\\\/20\\\/2026\\\/04\\\/0bh7igv-1.webp\",\"width\":990,\"height\":990},{\"@type\":\"BreadcrumbList\",\"@id\":\"https:\\\/\\\/deravio.com\\\/se\\\/produkt\\\/handavtryckssats-for-familjer-par\\\/#breadcrumb\",\"itemListElement\":[{\"@type\":\"ListItem\",\"position\":1,\"name\":\"Home\",\"item\":\"https:\\\/\\\/deravio.com\\\/se\\\/\"},{\"@type\":\"ListItem\",\"position\":2,\"name\":\"Butik\",\"item\":\"https:\\\/\\\/deravio.com\\\/se\\\/butik\\\/\"},{\"@type\":\"ListItem\",\"position\":3,\"name\":\"Handavtryckssats f\u00f6r familjer &amp; par\"}]},{\"@type\":\"WebSite\",\"@id\":\"https:\\\/\\\/deravio.com\\\/se\\\/#website\",\"url\":\"https:\\\/\\\/deravio.com\\\/se\\\/\",\"name\":\"Deravio SE\",\"description\":\"\",\"publisher\":{\"@id\":\"https:\\\/\\\/deravio.com\\\/se\\\/#organization\"},\"potentialAction\":[{\"@type\":\"SearchAction\",\"target\":{\"@type\":\"EntryPoint\",\"urlTemplate\":\"https:\\\/\\\/deravio.com\\\/se\\\/?s={search_term_string}\"},\"query-input\":{\"@type\":\"PropertyValueSpecification\",\"valueRequired\":true,\"valueName\":\"search_term_string\"}}],\"inLanguage\":\"nb-NO\"},{\"@type\":\"Organization\",\"@id\":\"https:\\\/\\\/deravio.com\\\/se\\\/#organization\",\"name\":\"Mekulo\",\"url\":\"https:\\\/\\\/deravio.com\\\/se\\\/\",\"logo\":{\"@type\":\"ImageObject\",\"inLanguage\":\"nb-NO\",\"@id\":\"https:\\\/\\\/deravio.com\\\/se\\\/#\\\/schema\\\/logo\\\/image\\\/\",\"url\":\"https:\\\/\\\/deravio.com\\\/se\\\/wp-content\\\/uploads\\\/sites\\\/20\\\/2025\\\/12\\\/favicon_mekulo.png\",\"contentUrl\":\"https:\\\/\\\/deravio.com\\\/se\\\/wp-content\\\/uploads\\\/sites\\\/20\\\/2025\\\/12\\\/favicon_mekulo.png\",\"width\":50,\"height\":50,\"caption\":\"Mekulo\"},\"image\":{\"@id\":\"https:\\\/\\\/deravio.com\\\/se\\\/#\\\/schema\\\/logo\\\/image\\\/\"}}]}<\/script>\n<!-- \/ Yoast SEO plugin. -->","yoast_head_json":{"title":"Handavtryckssats f\u00f6r familjer &amp; par - Deravio SE","robots":{"index":"index","follow":"follow","max-snippet":"max-snippet:-1","max-image-preview":"max-image-preview:large","max-video-preview":"max-video-preview:-1"},"canonical":"https:\/\/deravio.com\/se\/produkt\/handavtryckssats-for-familjer-par\/","og_locale":"nb_NO","og_type":"article","og_title":"Handavtryckssats f\u00f6r familjer &amp; par - Deravio SE","og_description":"\ud83c\udfa8H\u00e5ll kvar \u00f6gonblicket - f\u00f6r alltid. \ud83d\udc96Skapa ett tidl\u00f6st 3D-handavtryck som f\u00e5ngar k\u00e4rlek, samh\u00f6righet och minnen du aldrig vill gl\u00f6mma. \u267e\ufe0fNot bara ett minne - n\u00e5got du kan h\u00e5lla kvar f\u00f6r alltid.","og_url":"https:\/\/deravio.com\/se\/produkt\/handavtryckssats-for-familjer-par\/","og_site_name":"Deravio SE","og_image":[{"width":990,"height":990,"url":"https:\/\/deravio.com\/se\/wp-content\/uploads\/sites\/20\/2026\/04\/0bh7igv-1.webp","type":"image\/webp"}],"twitter_card":"summary_large_image","twitter_misc":{"Ansl. lesetid":"2 minutter"},"schema":{"@context":"https:\/\/schema.org","@graph":[{"@type":"WebPage","@id":"https:\/\/deravio.com\/se\/produkt\/handavtryckssats-for-familjer-par\/","url":"https:\/\/deravio.com\/se\/produkt\/handavtryckssats-for-familjer-par\/","name":"Handavtryckssats f\u00f6r familjer &amp; par - Deravio SE","isPartOf":{"@id":"https:\/\/deravio.com\/se\/#website"},"primaryImageOfPage":{"@id":"https:\/\/deravio.com\/se\/produkt\/handavtryckssats-for-familjer-par\/#primaryimage"},"image":{"@id":"https:\/\/deravio.com\/se\/produkt\/handavtryckssats-for-familjer-par\/#primaryimage"},"thumbnailUrl":"https:\/\/deravio.com\/se\/wp-content\/uploads\/sites\/20\/2026\/04\/0bh7igv-1.webp","datePublished":"2026-04-30T11:57:10+00:00","breadcrumb":{"@id":"https:\/\/deravio.com\/se\/produkt\/handavtryckssats-for-familjer-par\/#breadcrumb"},"inLanguage":"nb-NO","potentialAction":[{"@type":"ReadAction","target":["https:\/\/deravio.com\/se\/produkt\/handavtryckssats-for-familjer-par\/"]}]},{"@type":"ImageObject","inLanguage":"nb-NO","@id":"https:\/\/deravio.com\/se\/produkt\/handavtryckssats-for-familjer-par\/#primaryimage","url":"https:\/\/deravio.com\/se\/wp-content\/uploads\/sites\/20\/2026\/04\/0bh7igv-1.webp","contentUrl":"https:\/\/deravio.com\/se\/wp-content\/uploads\/sites\/20\/2026\/04\/0bh7igv-1.webp","width":990,"height":990},{"@type":"BreadcrumbList","@id":"https:\/\/deravio.com\/se\/produkt\/handavtryckssats-for-familjer-par\/#breadcrumb","itemListElement":[{"@type":"ListItem","position":1,"name":"Home","item":"https:\/\/deravio.com\/se\/"},{"@type":"ListItem","position":2,"name":"Butik","item":"https:\/\/deravio.com\/se\/butik\/"},{"@type":"ListItem","position":3,"name":"Handavtryckssats f\u00f6r familjer &amp; par"}]},{"@type":"WebSite","@id":"https:\/\/deravio.com\/se\/#website","url":"https:\/\/deravio.com\/se\/","name":"Deravio SE","description":"","publisher":{"@id":"https:\/\/deravio.com\/se\/#organization"},"potentialAction":[{"@type":"SearchAction","target":{"@type":"EntryPoint","urlTemplate":"https:\/\/deravio.com\/se\/?s={search_term_string}"},"query-input":{"@type":"PropertyValueSpecification","valueRequired":true,"valueName":"search_term_string"}}],"inLanguage":"nb-NO"},{"@type":"Organization","@id":"https:\/\/deravio.com\/se\/#organization","name":"Mekulo","url":"https:\/\/deravio.com\/se\/","logo":{"@type":"ImageObject","inLanguage":"nb-NO","@id":"https:\/\/deravio.com\/se\/#\/schema\/logo\/image\/","url":"https:\/\/deravio.com\/se\/wp-content\/uploads\/sites\/20\/2025\/12\/favicon_mekulo.png","contentUrl":"https:\/\/deravio.com\/se\/wp-content\/uploads\/sites\/20\/2025\/12\/favicon_mekulo.png","width":50,"height":50,"caption":"Mekulo"},"image":{"@id":"https:\/\/deravio.com\/se\/#\/schema\/logo\/image\/"}}]}},"_links":{"self":[{"href":"https:\/\/deravio.com\/se\/wp-json\/wp\/v2\/product\/24274","targetHints":{"allow":["GET"]}}],"collection":[{"href":"https:\/\/deravio.com\/se\/wp-json\/wp\/v2\/product"}],"about":[{"href":"https:\/\/deravio.com\/se\/wp-json\/wp\/v2\/types\/product"}],"replies":[{"embeddable":true,"href":"https:\/\/deravio.com\/se\/wp-json\/wp\/v2\/comments?post=24274"}],"wp:featuredmedia":[{"embeddable":true,"href":"https:\/\/deravio.com\/se\/wp-json\/wp\/v2\/media\/24270"}],"wp:attachment":[{"href":"https:\/\/deravio.com\/se\/wp-json\/wp\/v2\/media?parent=24274"}],"wp:term":[{"taxonomy":"product_brand","embeddable":true,"href":"https:\/\/deravio.com\/se\/wp-json\/wp\/v2\/product_brand?post=24274"},{"taxonomy":"product_cat","embeddable":true,"href":"https:\/\/deravio.com\/se\/wp-json\/wp\/v2\/product_cat?post=24274"},{"taxonomy":"product_tag","embeddable":true,"href":"https:\/\/deravio.com\/se\/wp-json\/wp\/v2\/product_tag?post=24274"}],"curies":[{"name":"wp","href":"https:\/\/api.w.org\/{rel}","templated":true}]}}