{"id":24219,"date":"2026-04-29T16:16:53","date_gmt":"2026-04-29T13:16:53","guid":{"rendered":"https:\/\/deravio.com\/se\/produkt\/vikbar-multifunktionell-vaska\/"},"modified":"2026-04-29T16:19:16","modified_gmt":"2026-04-29T13:19:16","slug":"vikbar-multifunktionell-vaska","status":"publish","type":"product","link":"https:\/\/deravio.com\/se\/produkt\/vikbar-multifunktionell-vaska\/","title":{"rendered":"Vikbar multifunktionell v\u00e4ska"},"content":{"rendered":"<p style=\"text-align: center;\">Den hopf\u00e4llbara resv\u00e4skan har en rymlig design och praktisk f\u00f6rvaring f\u00f6r alla dina resebehov med sin kompakta, hopf\u00e4llbara funktion. Denna v\u00e4ska \u00e4r perfekt f\u00f6r dina reseprylar samtidigt som den g\u00f6r det enkelt att h\u00e5lla allt organiserat. Den rymliga kapaciteten och vikbarheten g\u00f6r resandet mycket enklare.<\/p>\n<p><img fetchpriority=\"high\" decoding=\"async\" class=\"alignnone size-full wp-image-21619 aligncenter\" src=\"https:\/\/keluvo.com\/template\/wp-content\/uploads\/sites\/5\/2025\/05\/BAGPLUS22908__845026e1.webp\" alt=\"\" width=\"600\" height=\"600\" \/><\/p>\n<h2 style=\"text-align: center;\">Snygg Och Multifunktionell<\/h2>\n<p style=\"text-align: center;\">Med en expanderbar funktion i botten kan du justera v\u00e4skans storlek efter behov &#8211; vik bara ihop eller vik ut den efter behov.<\/p>\n<p><img decoding=\"async\" class=\"alignnone size-full wp-image-21620 aligncenter\" src=\"https:\/\/keluvo.com\/template\/wp-content\/uploads\/sites\/5\/2025\/05\/BAGPLUS23897__1cdc308e-1-ezgif.com-gif-to-webp-converter.webp\" alt=\"\" width=\"600\" height=\"600\" \/><\/p>\n<h2 style=\"text-align: center;\">4 Fack: 2 Med Dragkedja Och 2 Inv\u00e4ndiga\/Utv\u00e4ndiga<\/h2>\n<p style=\"text-align: center;\">Designen med flera fickor ger gott om f\u00f6rvaringsutrymme, vilket hj\u00e4lper dig att h\u00e5lla dina tillh\u00f6righeter organiserade och tillg\u00e4ngliga.<\/p>\n<p><img decoding=\"async\" class=\"alignnone size-full wp-image-21624 aligncenter\" src=\"https:\/\/keluvo.com\/template\/wp-content\/uploads\/sites\/5\/2025\/05\/BAGPLUS24897__9ca1b846-1.webp\" alt=\"\" width=\"600\" height=\"600\" \/><\/p>\n<h2 style=\"text-align: center;\">Kompakt Men Rymlig<\/h2>\n<p style=\"text-align: center;\">Den h\u00e4r m\u00e5ngsidiga v\u00e4skan kan expanderas f\u00f6r en st\u00f6rre handbagage eller komprimeras f\u00f6r en mindre storlek, vilket passar dina behov perfekt.<\/p>\n<p><img loading=\"lazy\" decoding=\"async\" class=\"size-full wp-image-21621 aligncenter\" src=\"https:\/\/keluvo.com\/template\/wp-content\/uploads\/sites\/5\/2025\/05\/BAGPLUS29897__f7c58907.webp\" alt=\"\" width=\"600\" height=\"600\" \/><\/p>\n<h2 style=\"text-align: center;\">Perfekt F\u00f6r Alla Tillf\u00e4llen<\/h2>\n<p style=\"text-align: center;\">Oavsett om det g\u00e4ller sport, resor, shopping eller vardagsbruk \u00e4r den hopf\u00e4llbara resv\u00e4skan m\u00e5ngsidig och mycket anv\u00e4ndbar.<\/p>\n<p><img loading=\"lazy\" decoding=\"async\" class=\"alignnone size-full wp-image-21623 aligncenter\" src=\"https:\/\/keluvo.com\/template\/wp-content\/uploads\/sites\/5\/2025\/05\/BAGPLUS26897__826178a9-1.webp\" alt=\"\" width=\"600\" height=\"600\" \/><\/p>\n<h2 style=\"text-align: center;\">V\u00e5t- Och Torrdelare<\/h2>\n<p style=\"text-align: center;\">Den har en skiljev\u00e4gg f\u00f6r att separera v\u00e5ta kl\u00e4der eller handdukar fr\u00e5n de torra f\u00f6rem\u00e5len<\/p>\n<h2 style=\"text-align: center;\">Kvalitetsmaterial<\/h2>\n<p style=\"text-align: center;\">Tillverkad av slitstarkt och l\u00e4tt vattent\u00e4tt Oxford-tyg.<\/p>\n<p><img loading=\"lazy\" decoding=\"async\" class=\"size-full wp-image-21622 aligncenter\" src=\"https:\/\/keluvo.com\/template\/wp-content\/uploads\/sites\/5\/2025\/05\/BAGPLUS28897__5f0bb044.webp\" alt=\"\" width=\"600\" height=\"600\" \/><\/p>\n<p style=\"text-align: center;\">Den hopf\u00e4llbara designen sparar utrymme eller expanderar efter behov. Layouten med flera fickor h\u00e5ller dina saker prydliga och organiserade. L\u00e4mplig f\u00f6r vardagsbruk eller resor. Den fasta remmen p\u00e5 baksidan g\u00f6r att den kan f\u00e4stas p\u00e5 din resv\u00e4ska.<\/p>\n<h2 style=\"text-align: center;\">Detaljer<\/h2>\n<p>Produktvikt: 437 g, lastkapacitet: 8 kg<\/p>\n<p>Material: Oxford-tyg<\/p>\n<p>M\u00e5tt n\u00e4r den \u00e4r hopvikt: 28 x 18 x 4 cm<\/p>\n<p>M\u00e5tt n\u00e4r den \u00e4r utf\u00e4lld: 42 x 28 x 10 cm<\/p>\n<p>Fullst\u00e4ndiga m\u00e5tt: 42 x 28 x 22 cm<\/p>\n","protected":false},"excerpt":{"rendered":"<p>\ud83d\udc5d Expanderar f\u00f6r mer utrymme, l\u00e4tt att vika f\u00f6r f\u00f6rvaring<\/p>\n<p>\ud83d\udc5c Perfekt f\u00f6r resor, gym, shopping eller vardagsliv use<\/p>\n<p>\ud83c\udf27\ufe0f Tillverkad av vattent\u00e4tt och rivt\u00e5ligt tyg<\/p>\n<p>\ud83d\udcc2 Flera fickor f\u00f6r enkel organization<\/p>\n<p>\u2708\ufe0f L\u00e4tt och kan f\u00e4stas p\u00e5 resv\u00e4skan handles<\/p>\n<p>\ud83c\udfcb\ufe0f\u200d\u2640\ufe0f Rymmer upp till 8 kg f\u00f6r alla dina n\u00f6dv\u00e4ndigheter<\/p>\n","protected":false},"featured_media":24215,"comment_status":"open","ping_status":"closed","template":"","meta":{"site-sidebar-layout":"default","site-content-layout":"","ast-site-content-layout":"default","site-content-style":"default","site-sidebar-style":"default","ast-global-header-display":"","ast-banner-title-visibility":"","ast-main-header-display":"","ast-hfb-above-header-display":"","ast-hfb-below-header-display":"","ast-hfb-mobile-header-display":"","site-post-title":"","ast-breadcrumbs-content":"","ast-featured-img":"","footer-sml-layout":"","ast-disable-related-posts":"","theme-transparent-header-meta":"default","adv-header-id-meta":"","stick-header-meta":"","header-above-stick-meta":"","header-main-stick-meta":"","header-below-stick-meta":"","astra-migrate-meta-layouts":"set","ast-page-background-enabled":"default","ast-page-background-meta":{"desktop":{"background-color":"var(--ast-global-color-5)","background-image":"","background-repeat":"repeat","background-position":"center center","background-size":"auto","background-attachment":"scroll","background-type":"","background-media":"","overlay-type":"","overlay-color":"","overlay-opacity":"","overlay-gradient":""},"tablet":{"background-color":"","background-image":"","background-repeat":"repeat","background-position":"center center","background-size":"auto","background-attachment":"scroll","background-type":"","background-media":"","overlay-type":"","overlay-color":"","overlay-opacity":"","overlay-gradient":""},"mobile":{"background-color":"","background-image":"","background-repeat":"repeat","background-position":"center center","background-size":"auto","background-attachment":"scroll","background-type":"","background-media":"","overlay-type":"","overlay-color":"","overlay-opacity":"","overlay-gradient":""}},"ast-content-background-meta":{"desktop":{"background-color":"var(--ast-global-color-4)","background-image":"","background-repeat":"repeat","background-position":"center center","background-size":"auto","background-attachment":"scroll","background-type":"","background-media":"","overlay-type":"","overlay-color":"","overlay-opacity":"","overlay-gradient":""},"tablet":{"background-color":"var(--ast-global-color-4)","background-image":"","background-repeat":"repeat","background-position":"center center","background-size":"auto","background-attachment":"scroll","background-type":"","background-media":"","overlay-type":"","overlay-color":"","overlay-opacity":"","overlay-gradient":""},"mobile":{"background-color":"var(--ast-global-color-4)","background-image":"","background-repeat":"repeat","background-position":"center center","background-size":"auto","background-attachment":"scroll","background-type":"","background-media":"","overlay-type":"","overlay-color":"","overlay-opacity":"","overlay-gradient":""}}},"product_brand":[],"product_cat":[165],"product_tag":[],"class_list":{"0":"post-24219","1":"product","2":"type-product","3":"status-publish","4":"has-post-thumbnail","6":"product_cat-skor-accessoarer","7":"pa_48142_dqllz7hu-gron","8":"pa_48142_dqllz7hu-lila","9":"pa_48142_dqllz7hu-rosa","10":"pa_48142_dqllz7hu-svart","11":"desktop-align-left","12":"tablet-align-left","13":"mobile-align-left","15":"first","16":"instock","17":"shipping-taxable","18":"purchasable","19":"product-type-variable"},"yoast_head":"<!-- This site is optimized with the Yoast SEO plugin v27.4 - https:\/\/yoast.com\/product\/yoast-seo-wordpress\/ -->\n<title>Vikbar multifunktionell v\u00e4ska - Deravio SE<\/title>\n<meta name=\"robots\" content=\"index, follow, max-snippet:-1, max-image-preview:large, max-video-preview:-1\" \/>\n<link rel=\"canonical\" href=\"https:\/\/deravio.com\/se\/produkt\/vikbar-multifunktionell-vaska\/\" \/>\n<meta property=\"og:locale\" content=\"sv_SE\" \/>\n<meta property=\"og:type\" content=\"article\" \/>\n<meta property=\"og:title\" content=\"Vikbar multifunktionell v\u00e4ska - Deravio SE\" \/>\n<meta property=\"og:description\" content=\"\ud83d\udc5d Expanderar f\u00f6r mer utrymme, l\u00e4tt att vika f\u00f6r f\u00f6rvaring  \ud83d\udc5c Perfekt f\u00f6r resor, gym, shopping eller vardagsliv use  \ud83c\udf27\ufe0f Tillverkad av vattent\u00e4tt och rivt\u00e5ligt tyg  \ud83d\udcc2 Flera fickor f\u00f6r enkel organization  \u2708\ufe0f L\u00e4tt och kan f\u00e4stas p\u00e5 resv\u00e4skan handles  \ud83c\udfcb\ufe0f\u200d\u2640\ufe0f Rymmer upp till 8 kg f\u00f6r alla dina n\u00f6dv\u00e4ndigheter\" \/>\n<meta property=\"og:url\" content=\"https:\/\/deravio.com\/se\/produkt\/vikbar-multifunktionell-vaska\/\" \/>\n<meta property=\"og:site_name\" content=\"Deravio SE\" \/>\n<meta property=\"article:modified_time\" content=\"2026-04-29T13:19:16+00:00\" \/>\n<meta property=\"og:image\" content=\"https:\/\/deravio.com\/se\/wp-content\/uploads\/sites\/20\/2026\/04\/lrv6lj9-1.jpg\" \/>\n\t<meta property=\"og:image:width\" content=\"600\" \/>\n\t<meta property=\"og:image:height\" content=\"600\" \/>\n\t<meta property=\"og:image:type\" content=\"image\/jpeg\" \/>\n<meta name=\"twitter:card\" content=\"summary_large_image\" \/>\n<meta name=\"twitter:label1\" content=\"Ber\u00e4knad l\u00e4stid\" \/>\n\t<meta name=\"twitter:data1\" content=\"3 minuter\" \/>\n<script type=\"application\/ld+json\" class=\"yoast-schema-graph\">{\"@context\":\"https:\\\/\\\/schema.org\",\"@graph\":[{\"@type\":\"WebPage\",\"@id\":\"https:\\\/\\\/deravio.com\\\/se\\\/produkt\\\/vikbar-multifunktionell-vaska\\\/\",\"url\":\"https:\\\/\\\/deravio.com\\\/se\\\/produkt\\\/vikbar-multifunktionell-vaska\\\/\",\"name\":\"Vikbar multifunktionell v\u00e4ska - Deravio SE\",\"isPartOf\":{\"@id\":\"https:\\\/\\\/deravio.com\\\/se\\\/#website\"},\"primaryImageOfPage\":{\"@id\":\"https:\\\/\\\/deravio.com\\\/se\\\/produkt\\\/vikbar-multifunktionell-vaska\\\/#primaryimage\"},\"image\":{\"@id\":\"https:\\\/\\\/deravio.com\\\/se\\\/produkt\\\/vikbar-multifunktionell-vaska\\\/#primaryimage\"},\"thumbnailUrl\":\"https:\\\/\\\/deravio.com\\\/se\\\/wp-content\\\/uploads\\\/sites\\\/20\\\/2026\\\/04\\\/lrv6lj9-1.jpg\",\"datePublished\":\"2026-04-29T13:16:53+00:00\",\"dateModified\":\"2026-04-29T13:19:16+00:00\",\"breadcrumb\":{\"@id\":\"https:\\\/\\\/deravio.com\\\/se\\\/produkt\\\/vikbar-multifunktionell-vaska\\\/#breadcrumb\"},\"inLanguage\":\"sv-SE\",\"potentialAction\":[{\"@type\":\"ReadAction\",\"target\":[\"https:\\\/\\\/deravio.com\\\/se\\\/produkt\\\/vikbar-multifunktionell-vaska\\\/\"]}]},{\"@type\":\"ImageObject\",\"inLanguage\":\"sv-SE\",\"@id\":\"https:\\\/\\\/deravio.com\\\/se\\\/produkt\\\/vikbar-multifunktionell-vaska\\\/#primaryimage\",\"url\":\"https:\\\/\\\/deravio.com\\\/se\\\/wp-content\\\/uploads\\\/sites\\\/20\\\/2026\\\/04\\\/lrv6lj9-1.jpg\",\"contentUrl\":\"https:\\\/\\\/deravio.com\\\/se\\\/wp-content\\\/uploads\\\/sites\\\/20\\\/2026\\\/04\\\/lrv6lj9-1.jpg\",\"width\":600,\"height\":600},{\"@type\":\"BreadcrumbList\",\"@id\":\"https:\\\/\\\/deravio.com\\\/se\\\/produkt\\\/vikbar-multifunktionell-vaska\\\/#breadcrumb\",\"itemListElement\":[{\"@type\":\"ListItem\",\"position\":1,\"name\":\"Home\",\"item\":\"https:\\\/\\\/deravio.com\\\/se\\\/\"},{\"@type\":\"ListItem\",\"position\":2,\"name\":\"Butik\",\"item\":\"https:\\\/\\\/deravio.com\\\/se\\\/butik\\\/\"},{\"@type\":\"ListItem\",\"position\":3,\"name\":\"Vikbar multifunktionell v\u00e4ska\"}]},{\"@type\":\"WebSite\",\"@id\":\"https:\\\/\\\/deravio.com\\\/se\\\/#website\",\"url\":\"https:\\\/\\\/deravio.com\\\/se\\\/\",\"name\":\"Deravio SE\",\"description\":\"\",\"publisher\":{\"@id\":\"https:\\\/\\\/deravio.com\\\/se\\\/#organization\"},\"potentialAction\":[{\"@type\":\"SearchAction\",\"target\":{\"@type\":\"EntryPoint\",\"urlTemplate\":\"https:\\\/\\\/deravio.com\\\/se\\\/?s={search_term_string}\"},\"query-input\":{\"@type\":\"PropertyValueSpecification\",\"valueRequired\":true,\"valueName\":\"search_term_string\"}}],\"inLanguage\":\"sv-SE\"},{\"@type\":\"Organization\",\"@id\":\"https:\\\/\\\/deravio.com\\\/se\\\/#organization\",\"name\":\"Mekulo\",\"url\":\"https:\\\/\\\/deravio.com\\\/se\\\/\",\"logo\":{\"@type\":\"ImageObject\",\"inLanguage\":\"sv-SE\",\"@id\":\"https:\\\/\\\/deravio.com\\\/se\\\/#\\\/schema\\\/logo\\\/image\\\/\",\"url\":\"https:\\\/\\\/deravio.com\\\/se\\\/wp-content\\\/uploads\\\/sites\\\/20\\\/2025\\\/12\\\/favicon_mekulo.png\",\"contentUrl\":\"https:\\\/\\\/deravio.com\\\/se\\\/wp-content\\\/uploads\\\/sites\\\/20\\\/2025\\\/12\\\/favicon_mekulo.png\",\"width\":50,\"height\":50,\"caption\":\"Mekulo\"},\"image\":{\"@id\":\"https:\\\/\\\/deravio.com\\\/se\\\/#\\\/schema\\\/logo\\\/image\\\/\"}}]}<\/script>\n<!-- \/ Yoast SEO plugin. -->","yoast_head_json":{"title":"Vikbar multifunktionell v\u00e4ska - Deravio SE","robots":{"index":"index","follow":"follow","max-snippet":"max-snippet:-1","max-image-preview":"max-image-preview:large","max-video-preview":"max-video-preview:-1"},"canonical":"https:\/\/deravio.com\/se\/produkt\/vikbar-multifunktionell-vaska\/","og_locale":"sv_SE","og_type":"article","og_title":"Vikbar multifunktionell v\u00e4ska - Deravio SE","og_description":"\ud83d\udc5d Expanderar f\u00f6r mer utrymme, l\u00e4tt att vika f\u00f6r f\u00f6rvaring  \ud83d\udc5c Perfekt f\u00f6r resor, gym, shopping eller vardagsliv use  \ud83c\udf27\ufe0f Tillverkad av vattent\u00e4tt och rivt\u00e5ligt tyg  \ud83d\udcc2 Flera fickor f\u00f6r enkel organization  \u2708\ufe0f L\u00e4tt och kan f\u00e4stas p\u00e5 resv\u00e4skan handles  \ud83c\udfcb\ufe0f\u200d\u2640\ufe0f Rymmer upp till 8 kg f\u00f6r alla dina n\u00f6dv\u00e4ndigheter","og_url":"https:\/\/deravio.com\/se\/produkt\/vikbar-multifunktionell-vaska\/","og_site_name":"Deravio SE","article_modified_time":"2026-04-29T13:19:16+00:00","og_image":[{"width":600,"height":600,"url":"https:\/\/deravio.com\/se\/wp-content\/uploads\/sites\/20\/2026\/04\/lrv6lj9-1.jpg","type":"image\/jpeg"}],"twitter_card":"summary_large_image","twitter_misc":{"Ber\u00e4knad l\u00e4stid":"3 minuter"},"schema":{"@context":"https:\/\/schema.org","@graph":[{"@type":"WebPage","@id":"https:\/\/deravio.com\/se\/produkt\/vikbar-multifunktionell-vaska\/","url":"https:\/\/deravio.com\/se\/produkt\/vikbar-multifunktionell-vaska\/","name":"Vikbar multifunktionell v\u00e4ska - Deravio SE","isPartOf":{"@id":"https:\/\/deravio.com\/se\/#website"},"primaryImageOfPage":{"@id":"https:\/\/deravio.com\/se\/produkt\/vikbar-multifunktionell-vaska\/#primaryimage"},"image":{"@id":"https:\/\/deravio.com\/se\/produkt\/vikbar-multifunktionell-vaska\/#primaryimage"},"thumbnailUrl":"https:\/\/deravio.com\/se\/wp-content\/uploads\/sites\/20\/2026\/04\/lrv6lj9-1.jpg","datePublished":"2026-04-29T13:16:53+00:00","dateModified":"2026-04-29T13:19:16+00:00","breadcrumb":{"@id":"https:\/\/deravio.com\/se\/produkt\/vikbar-multifunktionell-vaska\/#breadcrumb"},"inLanguage":"sv-SE","potentialAction":[{"@type":"ReadAction","target":["https:\/\/deravio.com\/se\/produkt\/vikbar-multifunktionell-vaska\/"]}]},{"@type":"ImageObject","inLanguage":"sv-SE","@id":"https:\/\/deravio.com\/se\/produkt\/vikbar-multifunktionell-vaska\/#primaryimage","url":"https:\/\/deravio.com\/se\/wp-content\/uploads\/sites\/20\/2026\/04\/lrv6lj9-1.jpg","contentUrl":"https:\/\/deravio.com\/se\/wp-content\/uploads\/sites\/20\/2026\/04\/lrv6lj9-1.jpg","width":600,"height":600},{"@type":"BreadcrumbList","@id":"https:\/\/deravio.com\/se\/produkt\/vikbar-multifunktionell-vaska\/#breadcrumb","itemListElement":[{"@type":"ListItem","position":1,"name":"Home","item":"https:\/\/deravio.com\/se\/"},{"@type":"ListItem","position":2,"name":"Butik","item":"https:\/\/deravio.com\/se\/butik\/"},{"@type":"ListItem","position":3,"name":"Vikbar multifunktionell v\u00e4ska"}]},{"@type":"WebSite","@id":"https:\/\/deravio.com\/se\/#website","url":"https:\/\/deravio.com\/se\/","name":"Deravio SE","description":"","publisher":{"@id":"https:\/\/deravio.com\/se\/#organization"},"potentialAction":[{"@type":"SearchAction","target":{"@type":"EntryPoint","urlTemplate":"https:\/\/deravio.com\/se\/?s={search_term_string}"},"query-input":{"@type":"PropertyValueSpecification","valueRequired":true,"valueName":"search_term_string"}}],"inLanguage":"sv-SE"},{"@type":"Organization","@id":"https:\/\/deravio.com\/se\/#organization","name":"Mekulo","url":"https:\/\/deravio.com\/se\/","logo":{"@type":"ImageObject","inLanguage":"sv-SE","@id":"https:\/\/deravio.com\/se\/#\/schema\/logo\/image\/","url":"https:\/\/deravio.com\/se\/wp-content\/uploads\/sites\/20\/2025\/12\/favicon_mekulo.png","contentUrl":"https:\/\/deravio.com\/se\/wp-content\/uploads\/sites\/20\/2025\/12\/favicon_mekulo.png","width":50,"height":50,"caption":"Mekulo"},"image":{"@id":"https:\/\/deravio.com\/se\/#\/schema\/logo\/image\/"}}]}},"_links":{"self":[{"href":"https:\/\/deravio.com\/se\/wp-json\/wp\/v2\/product\/24219","targetHints":{"allow":["GET"]}}],"collection":[{"href":"https:\/\/deravio.com\/se\/wp-json\/wp\/v2\/product"}],"about":[{"href":"https:\/\/deravio.com\/se\/wp-json\/wp\/v2\/types\/product"}],"replies":[{"embeddable":true,"href":"https:\/\/deravio.com\/se\/wp-json\/wp\/v2\/comments?post=24219"}],"wp:featuredmedia":[{"embeddable":true,"href":"https:\/\/deravio.com\/se\/wp-json\/wp\/v2\/media\/24215"}],"wp:attachment":[{"href":"https:\/\/deravio.com\/se\/wp-json\/wp\/v2\/media?parent=24219"}],"wp:term":[{"taxonomy":"product_brand","embeddable":true,"href":"https:\/\/deravio.com\/se\/wp-json\/wp\/v2\/product_brand?post=24219"},{"taxonomy":"product_cat","embeddable":true,"href":"https:\/\/deravio.com\/se\/wp-json\/wp\/v2\/product_cat?post=24219"},{"taxonomy":"product_tag","embeddable":true,"href":"https:\/\/deravio.com\/se\/wp-json\/wp\/v2\/product_tag?post=24219"}],"curies":[{"name":"wp","href":"https:\/\/api.w.org\/{rel}","templated":true}]}}