{"id":24204,"date":"2026-04-29T16:15:15","date_gmt":"2026-04-29T13:15:15","guid":{"rendered":"https:\/\/deravio.com\/se\/produkt\/knaskydd-med-magnetiskt-stod\/"},"modified":"2026-04-29T16:15:30","modified_gmt":"2026-04-29T13:15:30","slug":"knaskydd-med-magnetiskt-stod","status":"publish","type":"product","link":"https:\/\/deravio.com\/se\/produkt\/knaskydd-med-magnetiskt-stod\/","title":{"rendered":"Kn\u00e4skydd med magnetiskt st\u00f6d"},"content":{"rendered":"<h2 style=\"text-align: center\">L\u00e4k dina sm\u00e4rtor med magnetiskt kn\u00e4skydd<\/h2>\n<p style=\"text-align: center\">\ud83d\udd39 <strong>Sm\u00e4rtlindring<\/strong> \u2013 Magnetterapi har anv\u00e4nts i flera \u00e5r f\u00f6r att lindra led- och muskelsm\u00e4rta.<br \/>\n\ud83d\udd39 <strong>F\u00f6rb\u00e4ttrad blodcirkulation<\/strong> \u2013 B\u00e4ttre cirkulation hj\u00e4lper till att tillf\u00f6ra syre och n\u00e4rings\u00e4mnen till det drabbade omr\u00e5det, vilket fr\u00e4mjar l\u00e4kning.<br \/>\n\ud83d\udd39 <strong>\u00d6kad r\u00f6rlighet<\/strong> \u2013 Genom att minska obehaget g\u00f6r ortosen att du kan r\u00f6ra dig fritt och \u00e5terf\u00e5 f\u00f6rtroendet f\u00f6r vardagliga aktiviteter.<\/p>\n<p style=\"text-align: center\">Denna kn\u00e4ortos \u00e4r idealisk f\u00f6r personer som lider av artrit, ledstelhet, idrottsskador eller allm\u00e4n kn\u00e4sm\u00e4rta.<\/p>\n<p><img decoding=\"async\" class=\"size-medium wp-image-12285 aligncenter\" src=\"https:\/\/keluvo.com\/template\/wp-content\/uploads\/sites\/5\/2024\/12\/O1CN01NmBI2j1awVARqbqDE_2486123394-0-cib.png\" alt=\"\" \/><\/p>\n<p>&nbsp;<\/p>\n<h2 style=\"text-align: center\">L\u00e4tt att anv\u00e4nda och bekv\u00e4m att b\u00e4ra<\/h2>\n<p style=\"text-align: center\">Kn\u00e4ortosen med magnetiskt st\u00f6d \u00e4r utformad f\u00f6r maximal komfort och anv\u00e4ndarv\u00e4nlighet. Tack vare sin universella storlek och justerbara passform anpassar den sig perfekt till ditt kn\u00e4, vilket ger optimalt st\u00f6d utan att begr\u00e4nsa r\u00f6rligheten.<\/p>\n<p style=\"text-align: center\">\u2705 Enkel applicering \u2013 S\u00e4tt bara p\u00e5 den som en \u00e4rm; inga komplicerade remmar eller sp\u00e4nnen beh\u00f6vs.<br \/>\n\u2705 L\u00e4mplig f\u00f6r b\u00e5da kn\u00e4na \u2013 Kan b\u00e4ras p\u00e5 antingen v\u00e4nster eller h\u00f6ger kn\u00e4.<br \/>\n\u2705 Diskret och l\u00e4tt \u2013 Den tunna, andningsbara designen g\u00f6r att du kan b\u00e4ra den under kl\u00e4derna, \u00e4ven under fysiska aktiviteter.<br \/>\n\u2705 Vattent\u00e5lig och h\u00e5llbar \u2013 Tillverkad av h\u00f6gkvalitativa material f\u00f6r att s\u00e4kerst\u00e4lla l\u00e5ngvarig prestanda i alla situationer.<\/p>\n<p style=\"text-align: center\">Oavsett om du beh\u00f6ver hj\u00e4lp under tr\u00e4ning, dagliga aktiviteter eller n\u00e4r du vilar hemma, ger detta kn\u00e4skydd tillf\u00f6rlitlig sm\u00e4rtlindring n\u00e4r du beh\u00f6ver det.<\/p>\n<p><img decoding=\"async\" class=\"size-medium wp-image-12286 aligncenter\" src=\"https:\/\/keluvo.com\/template\/wp-content\/uploads\/sites\/5\/2024\/12\/WhatsApp-Image-2025-03-12-at-13.29.02_11449eb3.jpg\" alt=\"\" \/><\/p>\n","protected":false},"excerpt":{"rendered":"<p>Kn\u00e4bandaget med magnetiskt st\u00f6d \u00e4r utformat f\u00f6r att ge naturlig sm\u00e4rtlindring och f\u00f6rb\u00e4ttra r\u00f6rligheten med hj\u00e4lp av 10 kraftfulla magneter med en styrka p\u00e5 580 gauss vardera. Dessa magneter skapar ett terapeutiskt magnetf\u00e4lt som hj\u00e4lper till att f\u00f6rb\u00e4ttra blodcirkulationen, minska inflammation och lindra obehag i kn\u00e4leden.<\/p>\n","protected":false},"featured_media":24200,"comment_status":"open","ping_status":"closed","template":"","meta":{"site-sidebar-layout":"default","site-content-layout":"","ast-site-content-layout":"default","site-content-style":"default","site-sidebar-style":"default","ast-global-header-display":"","ast-banner-title-visibility":"","ast-main-header-display":"","ast-hfb-above-header-display":"","ast-hfb-below-header-display":"","ast-hfb-mobile-header-display":"","site-post-title":"","ast-breadcrumbs-content":"","ast-featured-img":"","footer-sml-layout":"","ast-disable-related-posts":"","theme-transparent-header-meta":"default","adv-header-id-meta":"","stick-header-meta":"","header-above-stick-meta":"","header-main-stick-meta":"","header-below-stick-meta":"","astra-migrate-meta-layouts":"set","ast-page-background-enabled":"default","ast-page-background-meta":{"desktop":{"background-color":"var(--ast-global-color-5)","background-image":"","background-repeat":"repeat","background-position":"center center","background-size":"auto","background-attachment":"scroll","background-type":"","background-media":"","overlay-type":"","overlay-color":"","overlay-opacity":"","overlay-gradient":""},"tablet":{"background-color":"","background-image":"","background-repeat":"repeat","background-position":"center center","background-size":"auto","background-attachment":"scroll","background-type":"","background-media":"","overlay-type":"","overlay-color":"","overlay-opacity":"","overlay-gradient":""},"mobile":{"background-color":"","background-image":"","background-repeat":"repeat","background-position":"center center","background-size":"auto","background-attachment":"scroll","background-type":"","background-media":"","overlay-type":"","overlay-color":"","overlay-opacity":"","overlay-gradient":""}},"ast-content-background-meta":{"desktop":{"background-color":"var(--ast-global-color-4)","background-image":"","background-repeat":"repeat","background-position":"center center","background-size":"auto","background-attachment":"scroll","background-type":"","background-media":"","overlay-type":"","overlay-color":"","overlay-opacity":"","overlay-gradient":""},"tablet":{"background-color":"var(--ast-global-color-4)","background-image":"","background-repeat":"repeat","background-position":"center center","background-size":"auto","background-attachment":"scroll","background-type":"","background-media":"","overlay-type":"","overlay-color":"","overlay-opacity":"","overlay-gradient":""},"mobile":{"background-color":"var(--ast-global-color-4)","background-image":"","background-repeat":"repeat","background-position":"center center","background-size":"auto","background-attachment":"scroll","background-type":"","background-media":"","overlay-type":"","overlay-color":"","overlay-opacity":"","overlay-gradient":""}}},"product_brand":[],"product_cat":[166],"product_tag":[],"class_list":{"0":"post-24204","1":"product","2":"type-product","3":"status-publish","4":"has-post-thumbnail","6":"product_cat-halsovardsprodukter","7":"pa_18192_tf2vnswb-arm","8":"pa_18192_tf2vnswb-fotter","9":"pa_18192_tf2vnswb-kna","10":"desktop-align-left","11":"tablet-align-left","12":"mobile-align-left","14":"first","15":"instock","16":"shipping-taxable","17":"purchasable","18":"product-type-variable"},"yoast_head":"<!-- This site is optimized with the Yoast SEO plugin v27.4 - https:\/\/yoast.com\/product\/yoast-seo-wordpress\/ -->\n<title>Kn\u00e4skydd med magnetiskt st\u00f6d - Deravio SE<\/title>\n<meta name=\"robots\" content=\"index, follow, max-snippet:-1, max-image-preview:large, max-video-preview:-1\" \/>\n<link rel=\"canonical\" href=\"https:\/\/deravio.com\/se\/produkt\/knaskydd-med-magnetiskt-stod\/\" \/>\n<meta property=\"og:locale\" content=\"sv_SE\" \/>\n<meta property=\"og:type\" content=\"article\" \/>\n<meta property=\"og:title\" content=\"Kn\u00e4skydd med magnetiskt st\u00f6d - Deravio SE\" \/>\n<meta property=\"og:description\" content=\"Kn\u00e4bandaget med magnetiskt st\u00f6d \u00e4r utformat f\u00f6r att ge naturlig sm\u00e4rtlindring och f\u00f6rb\u00e4ttra r\u00f6rligheten med hj\u00e4lp av 10 kraftfulla magneter med en styrka p\u00e5 580 gauss vardera. Dessa magneter skapar ett terapeutiskt magnetf\u00e4lt som hj\u00e4lper till att f\u00f6rb\u00e4ttra blodcirkulationen, minska inflammation och lindra obehag i kn\u00e4leden.\" \/>\n<meta property=\"og:url\" content=\"https:\/\/deravio.com\/se\/produkt\/knaskydd-med-magnetiskt-stod\/\" \/>\n<meta property=\"og:site_name\" content=\"Deravio SE\" \/>\n<meta property=\"article:modified_time\" content=\"2026-04-29T13:15:30+00:00\" \/>\n<meta property=\"og:image\" content=\"https:\/\/deravio.com\/se\/wp-content\/uploads\/sites\/20\/2026\/04\/3pisf0w-1.webp\" \/>\n\t<meta property=\"og:image:width\" content=\"800\" \/>\n\t<meta property=\"og:image:height\" content=\"800\" \/>\n\t<meta property=\"og:image:type\" content=\"image\/webp\" \/>\n<meta name=\"twitter:card\" content=\"summary_large_image\" \/>\n<meta name=\"twitter:label1\" content=\"Ber\u00e4knad l\u00e4stid\" \/>\n\t<meta name=\"twitter:data1\" content=\"2 minuter\" \/>\n<script type=\"application\/ld+json\" class=\"yoast-schema-graph\">{\"@context\":\"https:\\\/\\\/schema.org\",\"@graph\":[{\"@type\":\"WebPage\",\"@id\":\"https:\\\/\\\/deravio.com\\\/se\\\/produkt\\\/knaskydd-med-magnetiskt-stod\\\/\",\"url\":\"https:\\\/\\\/deravio.com\\\/se\\\/produkt\\\/knaskydd-med-magnetiskt-stod\\\/\",\"name\":\"Kn\u00e4skydd med magnetiskt st\u00f6d - Deravio SE\",\"isPartOf\":{\"@id\":\"https:\\\/\\\/deravio.com\\\/se\\\/#website\"},\"primaryImageOfPage\":{\"@id\":\"https:\\\/\\\/deravio.com\\\/se\\\/produkt\\\/knaskydd-med-magnetiskt-stod\\\/#primaryimage\"},\"image\":{\"@id\":\"https:\\\/\\\/deravio.com\\\/se\\\/produkt\\\/knaskydd-med-magnetiskt-stod\\\/#primaryimage\"},\"thumbnailUrl\":\"https:\\\/\\\/deravio.com\\\/se\\\/wp-content\\\/uploads\\\/sites\\\/20\\\/2026\\\/04\\\/3pisf0w-1.webp\",\"datePublished\":\"2026-04-29T13:15:15+00:00\",\"dateModified\":\"2026-04-29T13:15:30+00:00\",\"breadcrumb\":{\"@id\":\"https:\\\/\\\/deravio.com\\\/se\\\/produkt\\\/knaskydd-med-magnetiskt-stod\\\/#breadcrumb\"},\"inLanguage\":\"sv-SE\",\"potentialAction\":[{\"@type\":\"ReadAction\",\"target\":[\"https:\\\/\\\/deravio.com\\\/se\\\/produkt\\\/knaskydd-med-magnetiskt-stod\\\/\"]}]},{\"@type\":\"ImageObject\",\"inLanguage\":\"sv-SE\",\"@id\":\"https:\\\/\\\/deravio.com\\\/se\\\/produkt\\\/knaskydd-med-magnetiskt-stod\\\/#primaryimage\",\"url\":\"https:\\\/\\\/deravio.com\\\/se\\\/wp-content\\\/uploads\\\/sites\\\/20\\\/2026\\\/04\\\/3pisf0w-1.webp\",\"contentUrl\":\"https:\\\/\\\/deravio.com\\\/se\\\/wp-content\\\/uploads\\\/sites\\\/20\\\/2026\\\/04\\\/3pisf0w-1.webp\",\"width\":800,\"height\":800},{\"@type\":\"BreadcrumbList\",\"@id\":\"https:\\\/\\\/deravio.com\\\/se\\\/produkt\\\/knaskydd-med-magnetiskt-stod\\\/#breadcrumb\",\"itemListElement\":[{\"@type\":\"ListItem\",\"position\":1,\"name\":\"Home\",\"item\":\"https:\\\/\\\/deravio.com\\\/se\\\/\"},{\"@type\":\"ListItem\",\"position\":2,\"name\":\"Butik\",\"item\":\"https:\\\/\\\/deravio.com\\\/se\\\/butik\\\/\"},{\"@type\":\"ListItem\",\"position\":3,\"name\":\"Kn\u00e4skydd med magnetiskt st\u00f6d\"}]},{\"@type\":\"WebSite\",\"@id\":\"https:\\\/\\\/deravio.com\\\/se\\\/#website\",\"url\":\"https:\\\/\\\/deravio.com\\\/se\\\/\",\"name\":\"Deravio SE\",\"description\":\"\",\"publisher\":{\"@id\":\"https:\\\/\\\/deravio.com\\\/se\\\/#organization\"},\"potentialAction\":[{\"@type\":\"SearchAction\",\"target\":{\"@type\":\"EntryPoint\",\"urlTemplate\":\"https:\\\/\\\/deravio.com\\\/se\\\/?s={search_term_string}\"},\"query-input\":{\"@type\":\"PropertyValueSpecification\",\"valueRequired\":true,\"valueName\":\"search_term_string\"}}],\"inLanguage\":\"sv-SE\"},{\"@type\":\"Organization\",\"@id\":\"https:\\\/\\\/deravio.com\\\/se\\\/#organization\",\"name\":\"Mekulo\",\"url\":\"https:\\\/\\\/deravio.com\\\/se\\\/\",\"logo\":{\"@type\":\"ImageObject\",\"inLanguage\":\"sv-SE\",\"@id\":\"https:\\\/\\\/deravio.com\\\/se\\\/#\\\/schema\\\/logo\\\/image\\\/\",\"url\":\"https:\\\/\\\/deravio.com\\\/se\\\/wp-content\\\/uploads\\\/sites\\\/20\\\/2025\\\/12\\\/favicon_mekulo.png\",\"contentUrl\":\"https:\\\/\\\/deravio.com\\\/se\\\/wp-content\\\/uploads\\\/sites\\\/20\\\/2025\\\/12\\\/favicon_mekulo.png\",\"width\":50,\"height\":50,\"caption\":\"Mekulo\"},\"image\":{\"@id\":\"https:\\\/\\\/deravio.com\\\/se\\\/#\\\/schema\\\/logo\\\/image\\\/\"}}]}<\/script>\n<!-- \/ Yoast SEO plugin. -->","yoast_head_json":{"title":"Kn\u00e4skydd med magnetiskt st\u00f6d - Deravio SE","robots":{"index":"index","follow":"follow","max-snippet":"max-snippet:-1","max-image-preview":"max-image-preview:large","max-video-preview":"max-video-preview:-1"},"canonical":"https:\/\/deravio.com\/se\/produkt\/knaskydd-med-magnetiskt-stod\/","og_locale":"sv_SE","og_type":"article","og_title":"Kn\u00e4skydd med magnetiskt st\u00f6d - Deravio SE","og_description":"Kn\u00e4bandaget med magnetiskt st\u00f6d \u00e4r utformat f\u00f6r att ge naturlig sm\u00e4rtlindring och f\u00f6rb\u00e4ttra r\u00f6rligheten med hj\u00e4lp av 10 kraftfulla magneter med en styrka p\u00e5 580 gauss vardera. Dessa magneter skapar ett terapeutiskt magnetf\u00e4lt som hj\u00e4lper till att f\u00f6rb\u00e4ttra blodcirkulationen, minska inflammation och lindra obehag i kn\u00e4leden.","og_url":"https:\/\/deravio.com\/se\/produkt\/knaskydd-med-magnetiskt-stod\/","og_site_name":"Deravio SE","article_modified_time":"2026-04-29T13:15:30+00:00","og_image":[{"width":800,"height":800,"url":"https:\/\/deravio.com\/se\/wp-content\/uploads\/sites\/20\/2026\/04\/3pisf0w-1.webp","type":"image\/webp"}],"twitter_card":"summary_large_image","twitter_misc":{"Ber\u00e4knad l\u00e4stid":"2 minuter"},"schema":{"@context":"https:\/\/schema.org","@graph":[{"@type":"WebPage","@id":"https:\/\/deravio.com\/se\/produkt\/knaskydd-med-magnetiskt-stod\/","url":"https:\/\/deravio.com\/se\/produkt\/knaskydd-med-magnetiskt-stod\/","name":"Kn\u00e4skydd med magnetiskt st\u00f6d - Deravio SE","isPartOf":{"@id":"https:\/\/deravio.com\/se\/#website"},"primaryImageOfPage":{"@id":"https:\/\/deravio.com\/se\/produkt\/knaskydd-med-magnetiskt-stod\/#primaryimage"},"image":{"@id":"https:\/\/deravio.com\/se\/produkt\/knaskydd-med-magnetiskt-stod\/#primaryimage"},"thumbnailUrl":"https:\/\/deravio.com\/se\/wp-content\/uploads\/sites\/20\/2026\/04\/3pisf0w-1.webp","datePublished":"2026-04-29T13:15:15+00:00","dateModified":"2026-04-29T13:15:30+00:00","breadcrumb":{"@id":"https:\/\/deravio.com\/se\/produkt\/knaskydd-med-magnetiskt-stod\/#breadcrumb"},"inLanguage":"sv-SE","potentialAction":[{"@type":"ReadAction","target":["https:\/\/deravio.com\/se\/produkt\/knaskydd-med-magnetiskt-stod\/"]}]},{"@type":"ImageObject","inLanguage":"sv-SE","@id":"https:\/\/deravio.com\/se\/produkt\/knaskydd-med-magnetiskt-stod\/#primaryimage","url":"https:\/\/deravio.com\/se\/wp-content\/uploads\/sites\/20\/2026\/04\/3pisf0w-1.webp","contentUrl":"https:\/\/deravio.com\/se\/wp-content\/uploads\/sites\/20\/2026\/04\/3pisf0w-1.webp","width":800,"height":800},{"@type":"BreadcrumbList","@id":"https:\/\/deravio.com\/se\/produkt\/knaskydd-med-magnetiskt-stod\/#breadcrumb","itemListElement":[{"@type":"ListItem","position":1,"name":"Home","item":"https:\/\/deravio.com\/se\/"},{"@type":"ListItem","position":2,"name":"Butik","item":"https:\/\/deravio.com\/se\/butik\/"},{"@type":"ListItem","position":3,"name":"Kn\u00e4skydd med magnetiskt st\u00f6d"}]},{"@type":"WebSite","@id":"https:\/\/deravio.com\/se\/#website","url":"https:\/\/deravio.com\/se\/","name":"Deravio SE","description":"","publisher":{"@id":"https:\/\/deravio.com\/se\/#organization"},"potentialAction":[{"@type":"SearchAction","target":{"@type":"EntryPoint","urlTemplate":"https:\/\/deravio.com\/se\/?s={search_term_string}"},"query-input":{"@type":"PropertyValueSpecification","valueRequired":true,"valueName":"search_term_string"}}],"inLanguage":"sv-SE"},{"@type":"Organization","@id":"https:\/\/deravio.com\/se\/#organization","name":"Mekulo","url":"https:\/\/deravio.com\/se\/","logo":{"@type":"ImageObject","inLanguage":"sv-SE","@id":"https:\/\/deravio.com\/se\/#\/schema\/logo\/image\/","url":"https:\/\/deravio.com\/se\/wp-content\/uploads\/sites\/20\/2025\/12\/favicon_mekulo.png","contentUrl":"https:\/\/deravio.com\/se\/wp-content\/uploads\/sites\/20\/2025\/12\/favicon_mekulo.png","width":50,"height":50,"caption":"Mekulo"},"image":{"@id":"https:\/\/deravio.com\/se\/#\/schema\/logo\/image\/"}}]}},"_links":{"self":[{"href":"https:\/\/deravio.com\/se\/wp-json\/wp\/v2\/product\/24204","targetHints":{"allow":["GET"]}}],"collection":[{"href":"https:\/\/deravio.com\/se\/wp-json\/wp\/v2\/product"}],"about":[{"href":"https:\/\/deravio.com\/se\/wp-json\/wp\/v2\/types\/product"}],"replies":[{"embeddable":true,"href":"https:\/\/deravio.com\/se\/wp-json\/wp\/v2\/comments?post=24204"}],"wp:featuredmedia":[{"embeddable":true,"href":"https:\/\/deravio.com\/se\/wp-json\/wp\/v2\/media\/24200"}],"wp:attachment":[{"href":"https:\/\/deravio.com\/se\/wp-json\/wp\/v2\/media?parent=24204"}],"wp:term":[{"taxonomy":"product_brand","embeddable":true,"href":"https:\/\/deravio.com\/se\/wp-json\/wp\/v2\/product_brand?post=24204"},{"taxonomy":"product_cat","embeddable":true,"href":"https:\/\/deravio.com\/se\/wp-json\/wp\/v2\/product_cat?post=24204"},{"taxonomy":"product_tag","embeddable":true,"href":"https:\/\/deravio.com\/se\/wp-json\/wp\/v2\/product_tag?post=24204"}],"curies":[{"name":"wp","href":"https:\/\/api.w.org\/{rel}","templated":true}]}}