{"id":23870,"date":"2026-04-28T11:38:34","date_gmt":"2026-04-28T08:38:34","guid":{"rendered":"https:\/\/deravio.com\/se\/produkt\/sjalvhaftande-faste-for-biltelefon-5-par\/"},"modified":"2026-04-28T11:38:55","modified_gmt":"2026-04-28T08:38:55","slug":"sjalvhaftande-faste-for-biltelefon-5-par","status":"publish","type":"product","link":"https:\/\/deravio.com\/se\/produkt\/sjalvhaftande-faste-for-biltelefon-5-par\/","title":{"rendered":"Sj\u00e4lvh\u00e4ftande f\u00e4ste f\u00f6r biltelefon (5 par)"},"content":{"rendered":"<h2 style=\"text-align: center\" data-start=\"287\" data-end=\"303\">\u2728 L\u00f6ftet<\/h2>\n<p style=\"text-align: center\" data-start=\"305\" data-end=\"360\">Starkt grepp.<br data-start=\"317\" data-end=\"320\" \/>Ren installation.<br data-start=\"339\" data-end=\"342\" \/>Noll distraktioner.<\/p>\n<p data-start=\"305\" data-end=\"360\"><img fetchpriority=\"high\" decoding=\"async\" class=\" wp-image-26996 aligncenter\" src=\"https:\/\/mekulo.com\/template\/wp-content\/uploads\/sites\/6\/2026\/03\/122119-ezgif.com-video-to-webp-converter-1.webp\" alt=\"\" width=\"550\" height=\"550\" \/><\/p>\n<h2 style=\"text-align: center\" data-start=\"367\" data-end=\"385\">\u2705 Huvudf\u00f6rdelar<\/h2>\n<p data-start=\"389\" data-end=\"470\">\ud83d\ude97 Kraftfullt billim &#8211; Fast grepp utan att skada din interi\u00f6r.<\/p>\n<p data-start=\"474\" data-end=\"555\">\ud83d\udd04 Horisontell &amp; vertikal visning &#8211; Perfekt f\u00f6r navigering, samtal eller media.<\/p>\n<p data-start=\"559\" data-end=\"638\">\ud83d\udd0c Laddningsv\u00e4nlig design &#8211; \u00d6ppen \u00e5tkomst till laddningsporten n\u00e4r den \u00e4r monterad.<\/p>\n<p data-start=\"642\" data-end=\"717\">\ud83d\udccd Flexibel installation &#8211; Montera p\u00e5 mittkonsolen eller baks\u00e4tet.<\/p>\n<p data-start=\"721\" data-end=\"806\">\ud83d\udee1 Stabilt kl\u00e4msystem &#8211; H\u00e5ller stadigt \u2014 skakar eller faller inte under k\u00f6rning.<\/p>\n<p data-start=\"721\" data-end=\"806\">\ud83c\udfe0 Multi-anv\u00e4ndning &#8211; du kan anv\u00e4nda hemma, i bilen, k\u00f6ket, badrummet, kontoret och mycket mer.<\/p>\n<h2 style=\"text-align: center\" data-start=\"886\" data-end=\"909\">\u2757 Problem \u2192 L\u00f6sning<\/h2>\n<p data-start=\"911\" data-end=\"1000\"><strong data-start=\"911\" data-end=\"923\">Problem:<\/strong><br data-start=\"923\" data-end=\"926\" \/>L\u00f6sa telefonh\u00e5llare faller av, blockerar luftventiler eller st\u00f6r laddningen.<\/p>\n<p data-start=\"1002\" data-end=\"1175\"><strong data-start=\"1002\" data-end=\"1015\">L\u00f6sning:<\/strong><br data-start=\"1015\" data-end=\"1018\" \/>Detta kompakta sj\u00e4lvh\u00e4ftande biltelefonf\u00e4ste sitter s\u00e4kert fast p\u00e5 instrumentbr\u00e4dan samtidigt som telefonen h\u00e5lls stabil och tillg\u00e4nglig \u2014 utan att blockera sk\u00e4rmen eller laddningsporten.<\/p>\n<p data-start=\"1002\" data-end=\"1175\"><img decoding=\"async\" class=\" wp-image-26995 aligncenter\" src=\"https:\/\/mekulo.com\/template\/wp-content\/uploads\/sites\/6\/2026\/03\/122120-ezgif.com-video-to-webp-converter.webp\" alt=\"\" width=\"551\" height=\"551\" \/><\/p>\n<h2 style=\"text-align: center\" data-start=\"1210\" data-end=\"1236\">\ud83d\udee3 Perfekt f\u00f6r<\/h2>\n<ul data-start=\"1250\" data-end=\"1366\">\n<li data-start=\"1250\" data-end=\"1268\">\n<p data-start=\"1252\" data-end=\"1268\">GPS-navigering<\/p>\n<\/li>\n<li data-start=\"1269\" data-end=\"1289\">\n<p data-start=\"1271\" data-end=\"1289\">Handsfree-samtal<\/p>\n<\/li>\n<li data-start=\"1290\" data-end=\"1323\">\n<p data-start=\"1292\" data-end=\"1323\">Titta p\u00e5 inneh\u00e5ll medan du parkerar<\/p>\n<\/li>\n<li data-start=\"1324\" data-end=\"1346\">\n<p data-start=\"1326\" data-end=\"1346\">Ride-share-f\u00f6rare<\/p>\n<\/li>\n<li data-start=\"1347\" data-end=\"1366\">\n<p data-start=\"1349\" data-end=\"1366\">L\u00e5ng v\u00e4g trips<\/p>\n<\/li>\n<\/ul>\n<h2 style=\"text-align: center\" data-start=\"1408\" data-end=\"1424\">\u2699\ufe0f Hur man anv\u00e4nder<\/h2>\n<ol data-start=\"1426\" data-end=\"1566\">\n<li data-start=\"1426\" data-end=\"1461\">\n<p data-start=\"1429\" data-end=\"1461\">Reng\u00f6r installationsytan.<\/p>\n<\/li>\n<li data-start=\"1462\" data-end=\"1490\">\n<p data-start=\"1465\" data-end=\"1490\">Ta bort sj\u00e4lvh\u00e4ftande baksida.<\/p>\n<\/li>\n<li data-start=\"1491\" data-end=\"1534\">\n<p data-start=\"1494\" data-end=\"1534\">Tryck fast ordentligt p\u00e5 instrumentbr\u00e4dan eller konsolen.<\/p>\n<\/li>\n<li data-start=\"1535\" data-end=\"1566\">\n<p data-start=\"1538\" data-end=\"1566\">S\u00e4kra din telefon p\u00e5 plats.<\/p>\n<\/li>\n<\/ol>\n<h2 style=\"text-align: center\" data-start=\"1603\" data-end=\"1624\">\ud83d\udcd0 Produktdetaljer<\/h2>\n<ul data-start=\"1626\" data-end=\"1844\">\n<li data-start=\"1626\" data-end=\"1658\">\n<p data-start=\"1628\" data-end=\"1658\">Storlek: 2,9 x 1,9 x 6,5 cm<\/p>\n<\/li>\n<li data-start=\"1659\" data-end=\"1692\">\n<p data-start=\"1661\" data-end=\"1692\">Material: H\u00e5llbar plast<\/p>\n<\/li>\n<li data-start=\"1693\" data-end=\"1750\">\n<p data-start=\"1695\" data-end=\"1750\">Kompatibilitet: Universell passform f\u00f6r de flesta smartphones<\/p>\n<\/li>\n<li data-start=\"1751\" data-end=\"1806\">\n<p data-start=\"1753\" data-end=\"1806\">Orientation: St\u00f6djer horisontell &amp; vertikal anv\u00e4ndning<\/p>\n<\/li>\n<li data-start=\"1807\" data-end=\"1844\">\n<p data-start=\"1809\" data-end=\"1844\">Anv\u00e4ndningsomr\u00e5de: Fordonsinteri\u00f6r<\/p>\n<\/li>\n<\/ul>\n<h2 style=\"text-align: center\" data-start=\"1905\" data-end=\"1927\">\ud83d\udce6 Paketet inneh\u00e5ller<\/h2>\n<ul data-start=\"1929\" data-end=\"1970\">\n<li data-start=\"1929\" data-end=\"1970\">\n<p data-start=\"1931\" data-end=\"1970\">5x par sj\u00e4lvh\u00e4ftande biltelefonf\u00e4sten.<\/p>\n<\/li>\n<\/ul>\n","protected":false},"excerpt":{"rendered":"<p>\ud83d\ude97 K\u00f6r smartare. H\u00e5ll fokus.<br \/>\n\ud83d\udcf1S\u00e4kra din telefon utan att blockera sikten.<br \/>\n\ud83e\udd33Kompakt, stabilt och utformat f\u00f6r vardagsk\u00f6rning &#8211; detta sj\u00e4lvh\u00e4ftande biltelefonf\u00e4ste h\u00e5ller din enhet exakt d\u00e4r du beh\u00f6ver den.<\/p>\n","protected":false},"featured_media":23866,"comment_status":"open","ping_status":"closed","template":"","meta":{"site-sidebar-layout":"default","site-content-layout":"","ast-site-content-layout":"default","site-content-style":"default","site-sidebar-style":"default","ast-global-header-display":"","ast-banner-title-visibility":"","ast-main-header-display":"","ast-hfb-above-header-display":"","ast-hfb-below-header-display":"","ast-hfb-mobile-header-display":"","site-post-title":"","ast-breadcrumbs-content":"","ast-featured-img":"","footer-sml-layout":"","ast-disable-related-posts":"","theme-transparent-header-meta":"default","adv-header-id-meta":"","stick-header-meta":"","header-above-stick-meta":"","header-main-stick-meta":"","header-below-stick-meta":"","astra-migrate-meta-layouts":"set","ast-page-background-enabled":"default","ast-page-background-meta":{"desktop":{"background-color":"var(--ast-global-color-5)","background-image":"","background-repeat":"repeat","background-position":"center center","background-size":"auto","background-attachment":"scroll","background-type":"","background-media":"","overlay-type":"","overlay-color":"","overlay-opacity":"","overlay-gradient":""},"tablet":{"background-color":"","background-image":"","background-repeat":"repeat","background-position":"center center","background-size":"auto","background-attachment":"scroll","background-type":"","background-media":"","overlay-type":"","overlay-color":"","overlay-opacity":"","overlay-gradient":""},"mobile":{"background-color":"","background-image":"","background-repeat":"repeat","background-position":"center center","background-size":"auto","background-attachment":"scroll","background-type":"","background-media":"","overlay-type":"","overlay-color":"","overlay-opacity":"","overlay-gradient":""}},"ast-content-background-meta":{"desktop":{"background-color":"var(--ast-global-color-4)","background-image":"","background-repeat":"repeat","background-position":"center center","background-size":"auto","background-attachment":"scroll","background-type":"","background-media":"","overlay-type":"","overlay-color":"","overlay-opacity":"","overlay-gradient":""},"tablet":{"background-color":"var(--ast-global-color-4)","background-image":"","background-repeat":"repeat","background-position":"center center","background-size":"auto","background-attachment":"scroll","background-type":"","background-media":"","overlay-type":"","overlay-color":"","overlay-opacity":"","overlay-gradient":""},"mobile":{"background-color":"var(--ast-global-color-4)","background-image":"","background-repeat":"repeat","background-position":"center center","background-size":"auto","background-attachment":"scroll","background-type":"","background-media":"","overlay-type":"","overlay-color":"","overlay-opacity":"","overlay-gradient":""}}},"product_brand":[],"product_cat":[161,168],"product_tag":[],"class_list":{"0":"post-23870","1":"product","2":"type-product","3":"status-publish","4":"has-post-thumbnail","6":"product_cat-bilprodukter","7":"product_cat-hushallsprodukter","8":"pa_65375_x5w50lsf-gron","9":"pa_65375_x5w50lsf-gul","10":"pa_65375_x5w50lsf-lila","11":"pa_65375_x5w50lsf-rosa","12":"pa_65375_x5w50lsf-svart","13":"desktop-align-left","14":"tablet-align-left","15":"mobile-align-left","17":"first","18":"instock","19":"shipping-taxable","20":"purchasable","21":"product-type-variable"},"yoast_head":"<!-- This site is optimized with the Yoast SEO plugin v27.4 - https:\/\/yoast.com\/product\/yoast-seo-wordpress\/ -->\n<title>Sj\u00e4lvh\u00e4ftande f\u00e4ste f\u00f6r biltelefon (5 par) - Deravio SE<\/title>\n<meta name=\"robots\" content=\"index, follow, max-snippet:-1, max-image-preview:large, max-video-preview:-1\" \/>\n<link rel=\"canonical\" href=\"https:\/\/deravio.com\/se\/produkt\/sjalvhaftande-faste-for-biltelefon-5-par\/\" \/>\n<meta property=\"og:locale\" content=\"sv_SE\" \/>\n<meta property=\"og:type\" content=\"article\" \/>\n<meta property=\"og:title\" content=\"Sj\u00e4lvh\u00e4ftande f\u00e4ste f\u00f6r biltelefon (5 par) - Deravio SE\" \/>\n<meta property=\"og:description\" content=\"\ud83d\ude97 K\u00f6r smartare. H\u00e5ll fokus. \ud83d\udcf1S\u00e4kra din telefon utan att blockera sikten. \ud83e\udd33Kompakt, stabilt och utformat f\u00f6r vardagsk\u00f6rning - detta sj\u00e4lvh\u00e4ftande biltelefonf\u00e4ste h\u00e5ller din enhet exakt d\u00e4r du beh\u00f6ver den.\" \/>\n<meta property=\"og:url\" content=\"https:\/\/deravio.com\/se\/produkt\/sjalvhaftande-faste-for-biltelefon-5-par\/\" \/>\n<meta property=\"og:site_name\" content=\"Deravio SE\" \/>\n<meta property=\"article:modified_time\" content=\"2026-04-28T08:38:55+00:00\" \/>\n<meta property=\"og:image\" content=\"https:\/\/deravio.com\/se\/wp-content\/uploads\/sites\/20\/2026\/04\/duu1nd9-1.jpeg\" \/>\n\t<meta property=\"og:image:width\" content=\"800\" \/>\n\t<meta property=\"og:image:height\" content=\"800\" \/>\n\t<meta property=\"og:image:type\" content=\"image\/jpeg\" \/>\n<meta name=\"twitter:card\" content=\"summary_large_image\" \/>\n<meta name=\"twitter:label1\" content=\"Ber\u00e4knad l\u00e4stid\" \/>\n\t<meta name=\"twitter:data1\" content=\"2 minuter\" \/>\n<script type=\"application\/ld+json\" class=\"yoast-schema-graph\">{\"@context\":\"https:\\\/\\\/schema.org\",\"@graph\":[{\"@type\":\"WebPage\",\"@id\":\"https:\\\/\\\/deravio.com\\\/se\\\/produkt\\\/sjalvhaftande-faste-for-biltelefon-5-par\\\/\",\"url\":\"https:\\\/\\\/deravio.com\\\/se\\\/produkt\\\/sjalvhaftande-faste-for-biltelefon-5-par\\\/\",\"name\":\"Sj\u00e4lvh\u00e4ftande f\u00e4ste f\u00f6r biltelefon (5 par) - Deravio SE\",\"isPartOf\":{\"@id\":\"https:\\\/\\\/deravio.com\\\/se\\\/#website\"},\"primaryImageOfPage\":{\"@id\":\"https:\\\/\\\/deravio.com\\\/se\\\/produkt\\\/sjalvhaftande-faste-for-biltelefon-5-par\\\/#primaryimage\"},\"image\":{\"@id\":\"https:\\\/\\\/deravio.com\\\/se\\\/produkt\\\/sjalvhaftande-faste-for-biltelefon-5-par\\\/#primaryimage\"},\"thumbnailUrl\":\"https:\\\/\\\/deravio.com\\\/se\\\/wp-content\\\/uploads\\\/sites\\\/20\\\/2026\\\/04\\\/duu1nd9-1.jpeg\",\"datePublished\":\"2026-04-28T08:38:34+00:00\",\"dateModified\":\"2026-04-28T08:38:55+00:00\",\"breadcrumb\":{\"@id\":\"https:\\\/\\\/deravio.com\\\/se\\\/produkt\\\/sjalvhaftande-faste-for-biltelefon-5-par\\\/#breadcrumb\"},\"inLanguage\":\"sv-SE\",\"potentialAction\":[{\"@type\":\"ReadAction\",\"target\":[\"https:\\\/\\\/deravio.com\\\/se\\\/produkt\\\/sjalvhaftande-faste-for-biltelefon-5-par\\\/\"]}]},{\"@type\":\"ImageObject\",\"inLanguage\":\"sv-SE\",\"@id\":\"https:\\\/\\\/deravio.com\\\/se\\\/produkt\\\/sjalvhaftande-faste-for-biltelefon-5-par\\\/#primaryimage\",\"url\":\"https:\\\/\\\/deravio.com\\\/se\\\/wp-content\\\/uploads\\\/sites\\\/20\\\/2026\\\/04\\\/duu1nd9-1.jpeg\",\"contentUrl\":\"https:\\\/\\\/deravio.com\\\/se\\\/wp-content\\\/uploads\\\/sites\\\/20\\\/2026\\\/04\\\/duu1nd9-1.jpeg\",\"width\":800,\"height\":800},{\"@type\":\"BreadcrumbList\",\"@id\":\"https:\\\/\\\/deravio.com\\\/se\\\/produkt\\\/sjalvhaftande-faste-for-biltelefon-5-par\\\/#breadcrumb\",\"itemListElement\":[{\"@type\":\"ListItem\",\"position\":1,\"name\":\"Home\",\"item\":\"https:\\\/\\\/deravio.com\\\/se\\\/\"},{\"@type\":\"ListItem\",\"position\":2,\"name\":\"Butik\",\"item\":\"https:\\\/\\\/deravio.com\\\/se\\\/butik\\\/\"},{\"@type\":\"ListItem\",\"position\":3,\"name\":\"Sj\u00e4lvh\u00e4ftande f\u00e4ste f\u00f6r biltelefon (5 par)\"}]},{\"@type\":\"WebSite\",\"@id\":\"https:\\\/\\\/deravio.com\\\/se\\\/#website\",\"url\":\"https:\\\/\\\/deravio.com\\\/se\\\/\",\"name\":\"Deravio SE\",\"description\":\"\",\"publisher\":{\"@id\":\"https:\\\/\\\/deravio.com\\\/se\\\/#organization\"},\"potentialAction\":[{\"@type\":\"SearchAction\",\"target\":{\"@type\":\"EntryPoint\",\"urlTemplate\":\"https:\\\/\\\/deravio.com\\\/se\\\/?s={search_term_string}\"},\"query-input\":{\"@type\":\"PropertyValueSpecification\",\"valueRequired\":true,\"valueName\":\"search_term_string\"}}],\"inLanguage\":\"sv-SE\"},{\"@type\":\"Organization\",\"@id\":\"https:\\\/\\\/deravio.com\\\/se\\\/#organization\",\"name\":\"Mekulo\",\"url\":\"https:\\\/\\\/deravio.com\\\/se\\\/\",\"logo\":{\"@type\":\"ImageObject\",\"inLanguage\":\"sv-SE\",\"@id\":\"https:\\\/\\\/deravio.com\\\/se\\\/#\\\/schema\\\/logo\\\/image\\\/\",\"url\":\"https:\\\/\\\/deravio.com\\\/se\\\/wp-content\\\/uploads\\\/sites\\\/20\\\/2025\\\/12\\\/favicon_mekulo.png\",\"contentUrl\":\"https:\\\/\\\/deravio.com\\\/se\\\/wp-content\\\/uploads\\\/sites\\\/20\\\/2025\\\/12\\\/favicon_mekulo.png\",\"width\":50,\"height\":50,\"caption\":\"Mekulo\"},\"image\":{\"@id\":\"https:\\\/\\\/deravio.com\\\/se\\\/#\\\/schema\\\/logo\\\/image\\\/\"}}]}<\/script>\n<!-- \/ Yoast SEO plugin. -->","yoast_head_json":{"title":"Sj\u00e4lvh\u00e4ftande f\u00e4ste f\u00f6r biltelefon (5 par) - Deravio SE","robots":{"index":"index","follow":"follow","max-snippet":"max-snippet:-1","max-image-preview":"max-image-preview:large","max-video-preview":"max-video-preview:-1"},"canonical":"https:\/\/deravio.com\/se\/produkt\/sjalvhaftande-faste-for-biltelefon-5-par\/","og_locale":"sv_SE","og_type":"article","og_title":"Sj\u00e4lvh\u00e4ftande f\u00e4ste f\u00f6r biltelefon (5 par) - Deravio SE","og_description":"\ud83d\ude97 K\u00f6r smartare. H\u00e5ll fokus. \ud83d\udcf1S\u00e4kra din telefon utan att blockera sikten. \ud83e\udd33Kompakt, stabilt och utformat f\u00f6r vardagsk\u00f6rning - detta sj\u00e4lvh\u00e4ftande biltelefonf\u00e4ste h\u00e5ller din enhet exakt d\u00e4r du beh\u00f6ver den.","og_url":"https:\/\/deravio.com\/se\/produkt\/sjalvhaftande-faste-for-biltelefon-5-par\/","og_site_name":"Deravio SE","article_modified_time":"2026-04-28T08:38:55+00:00","og_image":[{"width":800,"height":800,"url":"https:\/\/deravio.com\/se\/wp-content\/uploads\/sites\/20\/2026\/04\/duu1nd9-1.jpeg","type":"image\/jpeg"}],"twitter_card":"summary_large_image","twitter_misc":{"Ber\u00e4knad l\u00e4stid":"2 minuter"},"schema":{"@context":"https:\/\/schema.org","@graph":[{"@type":"WebPage","@id":"https:\/\/deravio.com\/se\/produkt\/sjalvhaftande-faste-for-biltelefon-5-par\/","url":"https:\/\/deravio.com\/se\/produkt\/sjalvhaftande-faste-for-biltelefon-5-par\/","name":"Sj\u00e4lvh\u00e4ftande f\u00e4ste f\u00f6r biltelefon (5 par) - Deravio SE","isPartOf":{"@id":"https:\/\/deravio.com\/se\/#website"},"primaryImageOfPage":{"@id":"https:\/\/deravio.com\/se\/produkt\/sjalvhaftande-faste-for-biltelefon-5-par\/#primaryimage"},"image":{"@id":"https:\/\/deravio.com\/se\/produkt\/sjalvhaftande-faste-for-biltelefon-5-par\/#primaryimage"},"thumbnailUrl":"https:\/\/deravio.com\/se\/wp-content\/uploads\/sites\/20\/2026\/04\/duu1nd9-1.jpeg","datePublished":"2026-04-28T08:38:34+00:00","dateModified":"2026-04-28T08:38:55+00:00","breadcrumb":{"@id":"https:\/\/deravio.com\/se\/produkt\/sjalvhaftande-faste-for-biltelefon-5-par\/#breadcrumb"},"inLanguage":"sv-SE","potentialAction":[{"@type":"ReadAction","target":["https:\/\/deravio.com\/se\/produkt\/sjalvhaftande-faste-for-biltelefon-5-par\/"]}]},{"@type":"ImageObject","inLanguage":"sv-SE","@id":"https:\/\/deravio.com\/se\/produkt\/sjalvhaftande-faste-for-biltelefon-5-par\/#primaryimage","url":"https:\/\/deravio.com\/se\/wp-content\/uploads\/sites\/20\/2026\/04\/duu1nd9-1.jpeg","contentUrl":"https:\/\/deravio.com\/se\/wp-content\/uploads\/sites\/20\/2026\/04\/duu1nd9-1.jpeg","width":800,"height":800},{"@type":"BreadcrumbList","@id":"https:\/\/deravio.com\/se\/produkt\/sjalvhaftande-faste-for-biltelefon-5-par\/#breadcrumb","itemListElement":[{"@type":"ListItem","position":1,"name":"Home","item":"https:\/\/deravio.com\/se\/"},{"@type":"ListItem","position":2,"name":"Butik","item":"https:\/\/deravio.com\/se\/butik\/"},{"@type":"ListItem","position":3,"name":"Sj\u00e4lvh\u00e4ftande f\u00e4ste f\u00f6r biltelefon (5 par)"}]},{"@type":"WebSite","@id":"https:\/\/deravio.com\/se\/#website","url":"https:\/\/deravio.com\/se\/","name":"Deravio SE","description":"","publisher":{"@id":"https:\/\/deravio.com\/se\/#organization"},"potentialAction":[{"@type":"SearchAction","target":{"@type":"EntryPoint","urlTemplate":"https:\/\/deravio.com\/se\/?s={search_term_string}"},"query-input":{"@type":"PropertyValueSpecification","valueRequired":true,"valueName":"search_term_string"}}],"inLanguage":"sv-SE"},{"@type":"Organization","@id":"https:\/\/deravio.com\/se\/#organization","name":"Mekulo","url":"https:\/\/deravio.com\/se\/","logo":{"@type":"ImageObject","inLanguage":"sv-SE","@id":"https:\/\/deravio.com\/se\/#\/schema\/logo\/image\/","url":"https:\/\/deravio.com\/se\/wp-content\/uploads\/sites\/20\/2025\/12\/favicon_mekulo.png","contentUrl":"https:\/\/deravio.com\/se\/wp-content\/uploads\/sites\/20\/2025\/12\/favicon_mekulo.png","width":50,"height":50,"caption":"Mekulo"},"image":{"@id":"https:\/\/deravio.com\/se\/#\/schema\/logo\/image\/"}}]}},"_links":{"self":[{"href":"https:\/\/deravio.com\/se\/wp-json\/wp\/v2\/product\/23870","targetHints":{"allow":["GET"]}}],"collection":[{"href":"https:\/\/deravio.com\/se\/wp-json\/wp\/v2\/product"}],"about":[{"href":"https:\/\/deravio.com\/se\/wp-json\/wp\/v2\/types\/product"}],"replies":[{"embeddable":true,"href":"https:\/\/deravio.com\/se\/wp-json\/wp\/v2\/comments?post=23870"}],"wp:featuredmedia":[{"embeddable":true,"href":"https:\/\/deravio.com\/se\/wp-json\/wp\/v2\/media\/23866"}],"wp:attachment":[{"href":"https:\/\/deravio.com\/se\/wp-json\/wp\/v2\/media?parent=23870"}],"wp:term":[{"taxonomy":"product_brand","embeddable":true,"href":"https:\/\/deravio.com\/se\/wp-json\/wp\/v2\/product_brand?post=23870"},{"taxonomy":"product_cat","embeddable":true,"href":"https:\/\/deravio.com\/se\/wp-json\/wp\/v2\/product_cat?post=23870"},{"taxonomy":"product_tag","embeddable":true,"href":"https:\/\/deravio.com\/se\/wp-json\/wp\/v2\/product_tag?post=23870"}],"curies":[{"name":"wp","href":"https:\/\/api.w.org\/{rel}","templated":true}]}}