{"id":23857,"date":"2026-04-28T11:36:56","date_gmt":"2026-04-28T08:36:56","guid":{"rendered":"https:\/\/deravio.com\/se\/produkt\/justerbar-rorklamma\/"},"modified":"2026-04-28T11:37:05","modified_gmt":"2026-04-28T08:37:05","slug":"justerbar-rorklamma","status":"publish","type":"product","link":"https:\/\/deravio.com\/se\/produkt\/justerbar-rorklamma\/","title":{"rendered":"Justerbar r\u00f6rkl\u00e4mma"},"content":{"rendered":"<h2 style=\"text-align: center\" data-start=\"329\" data-end=\"345\">\u2728 L\u00f6ftet<\/h2>\n<p style=\"text-align: center\" data-start=\"347\" data-end=\"410\">Snabb \u00e5tdragning.<br data-start=\"363\" data-end=\"366\" \/>Stabil positionering.<br data-start=\"385\" data-end=\"388\" \/>Professionell noggrannhet.<\/p>\n<p data-start=\"347\" data-end=\"410\"><img fetchpriority=\"high\" decoding=\"async\" class=\" wp-image-26985 aligncenter\" src=\"https:\/\/mekulo.com\/template\/wp-content\/uploads\/sites\/6\/2026\/03\/122117-ezgif.com-video-to-webp-converter-1.webp\" alt=\"\" width=\"551\" height=\"551\" \/><\/p>\n<h2 style=\"text-align: center\" data-start=\"417\" data-end=\"435\">\u2705 Huvudf\u00f6rdelar<\/h2>\n<p data-start=\"439\" data-end=\"535\">\ud83d\udd29 Snabb \u00e5tdragning p\u00e5 8 sekunder &#8211; A3 trapetsformad g\u00e4ngdesign ger snabb och s\u00e4ker fastsp\u00e4nning.<\/p>\n<p data-start=\"539\" data-end=\"639\">\ud83d\udcd0 10\u00b0-180\u00b0 justerbar vinkel &#8211; Anpassa positioneringen f\u00f6r r\u00f6r, plattor och olika material.<\/p>\n<p data-start=\"643\" data-end=\"739\">\u2699\ufe0f Justerbar kl\u00e4mkraft &#8211; finjustera trycket f\u00f6r precision utan att skada ytor.<\/p>\n<p data-start=\"743\" data-end=\"836\">\ud83d\udee1 Korrosions- och slitaget\u00e5lig &#8211; t\u00e5lig pressgjuten aluminium f\u00f6r tuffa milj\u00f6er.<\/p>\n<p data-start=\"840\" data-end=\"914\">\ud83d\udd04 L\u00e4tt att ta is\u00e4r &#8211; flexibel inst\u00e4llning f\u00f6r olika projektbehov.<\/p>\n<p data-start=\"918\" data-end=\"990\">\ud83c\udf92 Kompakt och b\u00e4rbar &#8211; l\u00e4ttviktsdesign som \u00e4r idealisk f\u00f6r arbete p\u00e5 plats.<\/p>\n<h2 style=\"text-align: center\" data-start=\"997\" data-end=\"1020\">\u2757 Problem \u2192 L\u00f6sning<\/h2>\n<p data-start=\"1022\" data-end=\"1123\"><strong data-start=\"1022\" data-end=\"1034\">Problem:<\/strong><br data-start=\"1034\" data-end=\"1037\" \/>Instabila material leder till felinriktning, svaga svetsar och bortkastad tid p\u00e5 att justera kl\u00e4mmor.<\/p>\n<p data-start=\"1125\" data-end=\"1297\"><strong data-start=\"1125\" data-end=\"1138\">L\u00f6sning:<\/strong><br data-start=\"1138\" data-end=\"1141\" \/>Den h\u00e4r justerbara r\u00f6rkl\u00e4mman ger ett fast, anpassningsbart grepp och vinkelprecision &#8211; h\u00e5ller dina material s\u00e4kra s\u00e5 att du kan arbeta tryggt och effektivt.<\/p>\n<p data-start=\"1125\" data-end=\"1297\"><img decoding=\"async\" class=\" wp-image-26984 aligncenter\" src=\"https:\/\/mekulo.com\/template\/wp-content\/uploads\/sites\/6\/2026\/03\/122118-ezgif.com-video-to-webp-converter-1.webp\" alt=\"\" width=\"551\" height=\"551\" \/><\/p>\n<h2 style=\"text-align: center\" data-start=\"1336\" data-end=\"1362\">\ud83c\udfd7 Perfekt f\u00f6r<\/h2>\n<ul data-start=\"1378\" data-end=\"1496\">\n<li data-start=\"1378\" data-end=\"1406\">\n<p data-start=\"1380\" data-end=\"1406\">Svetsning av r\u00f6r och ramar<\/p>\n<\/li>\n<li data-start=\"1407\" data-end=\"1429\">\n<p data-start=\"1409\" data-end=\"1429\">Snickerifogar<\/p>\n<\/li>\n<li data-start=\"1430\" data-end=\"1447\">\n<p data-start=\"1432\" data-end=\"1447\">Sk\u00e5ptillverkning<\/p>\n<\/li>\n<li data-start=\"1448\" data-end=\"1467\">\n<p data-start=\"1450\" data-end=\"1467\">DIY-tillverkning<\/p>\n<\/li>\n<li data-start=\"1468\" data-end=\"1496\">\n<p data-start=\"1470\" data-end=\"1496\">Mobila verkstadsprojekt<\/p>\n<\/li>\n<\/ul>\n<p data-start=\"1498\" data-end=\"1572\">Oavsett om det \u00e4r i en professionell verkstad eller hemma h\u00e5ller den dina material stadiga.<\/p>\n<h2 style=\"text-align: center\" data-start=\"1579\" data-end=\"1595\">\u2699\ufe0f Hur man anv\u00e4nder<\/h2>\n<ol data-start=\"1597\" data-end=\"1744\">\n<li data-start=\"1597\" data-end=\"1637\">\n<p data-start=\"1600\" data-end=\"1637\">Placera materialen i \u00f6nskad vinkel.<\/p>\n<\/li>\n<li data-start=\"1638\" data-end=\"1676\">\n<p data-start=\"1641\" data-end=\"1676\">Justera kl\u00e4mman mellan 10\u00b0 och 180\u00b0.<\/p>\n<\/li>\n<li data-start=\"1677\" data-end=\"1710\">\n<p data-start=\"1680\" data-end=\"1710\">Dra \u00e5t med snabb rotation.<\/p>\n<\/li>\n<li data-start=\"1711\" data-end=\"1744\">\n<p data-start=\"1714\" data-end=\"1744\">Finjustera trycket efter behov.<\/p>\n<\/li>\n<\/ol>\n<h2 style=\"text-align: center\" data-start=\"1776\" data-end=\"1797\">\ud83d\udcd0 Produktdetaljer<\/h2>\n<ul data-start=\"1799\" data-end=\"2024\">\n<li data-start=\"1799\" data-end=\"1848\">\n<p data-start=\"1801\" data-end=\"1848\">Material: H\u00f6gh\u00e5llfast pressgjuten aluminium<\/p>\n<\/li>\n<li data-start=\"1849\" data-end=\"1883\">\n<p data-start=\"1851\" data-end=\"1883\">Justerbar vinkel: 10\u00b0-180\u00b0C<\/p>\n<\/li>\n<li data-start=\"1884\" data-end=\"1915\">\n<p data-start=\"1886\" data-end=\"1915\">Sp\u00e4nnomr\u00e5de: 1-40 mm<\/p>\n<\/li>\n<li data-start=\"1916\" data-end=\"1970\">\n<p data-start=\"1918\" data-end=\"1970\">Design: Trapetsformad g\u00e4nga f\u00f6r snabb \u00e5tdragning<\/p>\n<\/li>\n<li data-start=\"1971\" data-end=\"2024\">\n<p data-start=\"1973\" data-end=\"2024\">Anv\u00e4ndning: Svetsning, tr\u00e4bearbetning, DIY, snickeri<\/p>\n<\/li>\n<li data-start=\"1971\" data-end=\"2024\">Storlekar: Alternativ A: 140 x 120 mm, Alternativ B: 277 x 123 mm<\/li>\n<\/ul>\n<h2 style=\"text-align: center\" data-start=\"2068\" data-end=\"2090\">\ud83d\udce6 F\u00f6rpackningen inneh\u00e5ller<\/h2>\n<ul data-start=\"2092\" data-end=\"2121\">\n<li data-start=\"2092\" data-end=\"2121\">\n<p data-start=\"2094\" data-end=\"2121\">1x justerbar r\u00f6rkl\u00e4mma.<\/p>\n<\/li>\n<\/ul>\n","protected":false},"excerpt":{"rendered":"<p>\ud83d\udd29Precisionsgrepp. Total kontroll.<br \/>\n\ud83e\uddf0L\u00e5s den p\u00e5 plats &#8211; precis som du beh\u00f6ver den.<br \/>\n\ud83d\udc68\u200d\ud83d\udd27Denna justerbara r\u00f6rkl\u00e4mma \u00e4r tillverkad av h\u00f6gh\u00e5llfast gjuten aluminium och ger ett s\u00e4kert grepp med flexibel vinkelkontroll f\u00f6r svetsning, tr\u00e4bearbetning och g\u00f6r-det-sj\u00e4lv-projekt.<\/p>\n","protected":false},"featured_media":23853,"comment_status":"open","ping_status":"closed","template":"","meta":{"site-sidebar-layout":"default","site-content-layout":"","ast-site-content-layout":"default","site-content-style":"default","site-sidebar-style":"default","ast-global-header-display":"","ast-banner-title-visibility":"","ast-main-header-display":"","ast-hfb-above-header-display":"","ast-hfb-below-header-display":"","ast-hfb-mobile-header-display":"","site-post-title":"","ast-breadcrumbs-content":"","ast-featured-img":"","footer-sml-layout":"","ast-disable-related-posts":"","theme-transparent-header-meta":"default","adv-header-id-meta":"","stick-header-meta":"","header-above-stick-meta":"","header-main-stick-meta":"","header-below-stick-meta":"","astra-migrate-meta-layouts":"set","ast-page-background-enabled":"default","ast-page-background-meta":{"desktop":{"background-color":"var(--ast-global-color-5)","background-image":"","background-repeat":"repeat","background-position":"center center","background-size":"auto","background-attachment":"scroll","background-type":"","background-media":"","overlay-type":"","overlay-color":"","overlay-opacity":"","overlay-gradient":""},"tablet":{"background-color":"","background-image":"","background-repeat":"repeat","background-position":"center center","background-size":"auto","background-attachment":"scroll","background-type":"","background-media":"","overlay-type":"","overlay-color":"","overlay-opacity":"","overlay-gradient":""},"mobile":{"background-color":"","background-image":"","background-repeat":"repeat","background-position":"center center","background-size":"auto","background-attachment":"scroll","background-type":"","background-media":"","overlay-type":"","overlay-color":"","overlay-opacity":"","overlay-gradient":""}},"ast-content-background-meta":{"desktop":{"background-color":"var(--ast-global-color-4)","background-image":"","background-repeat":"repeat","background-position":"center center","background-size":"auto","background-attachment":"scroll","background-type":"","background-media":"","overlay-type":"","overlay-color":"","overlay-opacity":"","overlay-gradient":""},"tablet":{"background-color":"var(--ast-global-color-4)","background-image":"","background-repeat":"repeat","background-position":"center center","background-size":"auto","background-attachment":"scroll","background-type":"","background-media":"","overlay-type":"","overlay-color":"","overlay-opacity":"","overlay-gradient":""},"mobile":{"background-color":"var(--ast-global-color-4)","background-image":"","background-repeat":"repeat","background-position":"center center","background-size":"auto","background-attachment":"scroll","background-type":"","background-media":"","overlay-type":"","overlay-color":"","overlay-opacity":"","overlay-gradient":""}}},"product_brand":[],"product_cat":[171],"product_tag":[],"class_list":{"0":"post-23857","1":"product","2":"type-product","3":"status-publish","4":"has-post-thumbnail","6":"product_cat-verktyg","7":"pa_65236_f2d7c0lq-a","8":"pa_65236_f2d7c0lq-b","9":"desktop-align-left","10":"tablet-align-left","11":"mobile-align-left","13":"first","14":"instock","15":"shipping-taxable","16":"purchasable","17":"product-type-variable"},"yoast_head":"<!-- This site is optimized with the Yoast SEO plugin v27.4 - https:\/\/yoast.com\/product\/yoast-seo-wordpress\/ -->\n<title>Justerbar r\u00f6rkl\u00e4mma - Deravio SE<\/title>\n<meta name=\"robots\" content=\"index, follow, max-snippet:-1, max-image-preview:large, max-video-preview:-1\" \/>\n<link rel=\"canonical\" href=\"https:\/\/deravio.com\/se\/produkt\/justerbar-rorklamma\/\" \/>\n<meta property=\"og:locale\" content=\"sv_SE\" \/>\n<meta property=\"og:type\" content=\"article\" \/>\n<meta property=\"og:title\" content=\"Justerbar r\u00f6rkl\u00e4mma - Deravio SE\" \/>\n<meta property=\"og:description\" content=\"\ud83d\udd29Precisionsgrepp. Total kontroll. \ud83e\uddf0L\u00e5s den p\u00e5 plats - precis som du beh\u00f6ver den. \ud83d\udc68\u200d\ud83d\udd27Denna justerbara r\u00f6rkl\u00e4mma \u00e4r tillverkad av h\u00f6gh\u00e5llfast gjuten aluminium och ger ett s\u00e4kert grepp med flexibel vinkelkontroll f\u00f6r svetsning, tr\u00e4bearbetning och g\u00f6r-det-sj\u00e4lv-projekt.\" \/>\n<meta property=\"og:url\" content=\"https:\/\/deravio.com\/se\/produkt\/justerbar-rorklamma\/\" \/>\n<meta property=\"og:site_name\" content=\"Deravio SE\" \/>\n<meta property=\"article:modified_time\" content=\"2026-04-28T08:37:05+00:00\" \/>\n<meta property=\"og:image\" content=\"https:\/\/deravio.com\/se\/wp-content\/uploads\/sites\/20\/2026\/04\/yzqe1iq-1.jpg\" \/>\n\t<meta property=\"og:image:width\" content=\"960\" \/>\n\t<meta property=\"og:image:height\" content=\"960\" \/>\n\t<meta property=\"og:image:type\" content=\"image\/jpeg\" \/>\n<meta name=\"twitter:card\" content=\"summary_large_image\" \/>\n<meta name=\"twitter:label1\" content=\"Ber\u00e4knad l\u00e4stid\" \/>\n\t<meta name=\"twitter:data1\" content=\"2 minuter\" \/>\n<script type=\"application\/ld+json\" class=\"yoast-schema-graph\">{\"@context\":\"https:\\\/\\\/schema.org\",\"@graph\":[{\"@type\":\"WebPage\",\"@id\":\"https:\\\/\\\/deravio.com\\\/se\\\/produkt\\\/justerbar-rorklamma\\\/\",\"url\":\"https:\\\/\\\/deravio.com\\\/se\\\/produkt\\\/justerbar-rorklamma\\\/\",\"name\":\"Justerbar r\u00f6rkl\u00e4mma - Deravio SE\",\"isPartOf\":{\"@id\":\"https:\\\/\\\/deravio.com\\\/se\\\/#website\"},\"primaryImageOfPage\":{\"@id\":\"https:\\\/\\\/deravio.com\\\/se\\\/produkt\\\/justerbar-rorklamma\\\/#primaryimage\"},\"image\":{\"@id\":\"https:\\\/\\\/deravio.com\\\/se\\\/produkt\\\/justerbar-rorklamma\\\/#primaryimage\"},\"thumbnailUrl\":\"https:\\\/\\\/deravio.com\\\/se\\\/wp-content\\\/uploads\\\/sites\\\/20\\\/2026\\\/04\\\/yzqe1iq-1.jpg\",\"datePublished\":\"2026-04-28T08:36:56+00:00\",\"dateModified\":\"2026-04-28T08:37:05+00:00\",\"breadcrumb\":{\"@id\":\"https:\\\/\\\/deravio.com\\\/se\\\/produkt\\\/justerbar-rorklamma\\\/#breadcrumb\"},\"inLanguage\":\"sv-SE\",\"potentialAction\":[{\"@type\":\"ReadAction\",\"target\":[\"https:\\\/\\\/deravio.com\\\/se\\\/produkt\\\/justerbar-rorklamma\\\/\"]}]},{\"@type\":\"ImageObject\",\"inLanguage\":\"sv-SE\",\"@id\":\"https:\\\/\\\/deravio.com\\\/se\\\/produkt\\\/justerbar-rorklamma\\\/#primaryimage\",\"url\":\"https:\\\/\\\/deravio.com\\\/se\\\/wp-content\\\/uploads\\\/sites\\\/20\\\/2026\\\/04\\\/yzqe1iq-1.jpg\",\"contentUrl\":\"https:\\\/\\\/deravio.com\\\/se\\\/wp-content\\\/uploads\\\/sites\\\/20\\\/2026\\\/04\\\/yzqe1iq-1.jpg\",\"width\":960,\"height\":960},{\"@type\":\"BreadcrumbList\",\"@id\":\"https:\\\/\\\/deravio.com\\\/se\\\/produkt\\\/justerbar-rorklamma\\\/#breadcrumb\",\"itemListElement\":[{\"@type\":\"ListItem\",\"position\":1,\"name\":\"Home\",\"item\":\"https:\\\/\\\/deravio.com\\\/se\\\/\"},{\"@type\":\"ListItem\",\"position\":2,\"name\":\"Butik\",\"item\":\"https:\\\/\\\/deravio.com\\\/se\\\/butik\\\/\"},{\"@type\":\"ListItem\",\"position\":3,\"name\":\"Justerbar r\u00f6rkl\u00e4mma\"}]},{\"@type\":\"WebSite\",\"@id\":\"https:\\\/\\\/deravio.com\\\/se\\\/#website\",\"url\":\"https:\\\/\\\/deravio.com\\\/se\\\/\",\"name\":\"Deravio SE\",\"description\":\"\",\"publisher\":{\"@id\":\"https:\\\/\\\/deravio.com\\\/se\\\/#organization\"},\"potentialAction\":[{\"@type\":\"SearchAction\",\"target\":{\"@type\":\"EntryPoint\",\"urlTemplate\":\"https:\\\/\\\/deravio.com\\\/se\\\/?s={search_term_string}\"},\"query-input\":{\"@type\":\"PropertyValueSpecification\",\"valueRequired\":true,\"valueName\":\"search_term_string\"}}],\"inLanguage\":\"sv-SE\"},{\"@type\":\"Organization\",\"@id\":\"https:\\\/\\\/deravio.com\\\/se\\\/#organization\",\"name\":\"Mekulo\",\"url\":\"https:\\\/\\\/deravio.com\\\/se\\\/\",\"logo\":{\"@type\":\"ImageObject\",\"inLanguage\":\"sv-SE\",\"@id\":\"https:\\\/\\\/deravio.com\\\/se\\\/#\\\/schema\\\/logo\\\/image\\\/\",\"url\":\"https:\\\/\\\/deravio.com\\\/se\\\/wp-content\\\/uploads\\\/sites\\\/20\\\/2025\\\/12\\\/favicon_mekulo.png\",\"contentUrl\":\"https:\\\/\\\/deravio.com\\\/se\\\/wp-content\\\/uploads\\\/sites\\\/20\\\/2025\\\/12\\\/favicon_mekulo.png\",\"width\":50,\"height\":50,\"caption\":\"Mekulo\"},\"image\":{\"@id\":\"https:\\\/\\\/deravio.com\\\/se\\\/#\\\/schema\\\/logo\\\/image\\\/\"}}]}<\/script>\n<!-- \/ Yoast SEO plugin. -->","yoast_head_json":{"title":"Justerbar r\u00f6rkl\u00e4mma - Deravio SE","robots":{"index":"index","follow":"follow","max-snippet":"max-snippet:-1","max-image-preview":"max-image-preview:large","max-video-preview":"max-video-preview:-1"},"canonical":"https:\/\/deravio.com\/se\/produkt\/justerbar-rorklamma\/","og_locale":"sv_SE","og_type":"article","og_title":"Justerbar r\u00f6rkl\u00e4mma - Deravio SE","og_description":"\ud83d\udd29Precisionsgrepp. Total kontroll. \ud83e\uddf0L\u00e5s den p\u00e5 plats - precis som du beh\u00f6ver den. \ud83d\udc68\u200d\ud83d\udd27Denna justerbara r\u00f6rkl\u00e4mma \u00e4r tillverkad av h\u00f6gh\u00e5llfast gjuten aluminium och ger ett s\u00e4kert grepp med flexibel vinkelkontroll f\u00f6r svetsning, tr\u00e4bearbetning och g\u00f6r-det-sj\u00e4lv-projekt.","og_url":"https:\/\/deravio.com\/se\/produkt\/justerbar-rorklamma\/","og_site_name":"Deravio SE","article_modified_time":"2026-04-28T08:37:05+00:00","og_image":[{"width":960,"height":960,"url":"https:\/\/deravio.com\/se\/wp-content\/uploads\/sites\/20\/2026\/04\/yzqe1iq-1.jpg","type":"image\/jpeg"}],"twitter_card":"summary_large_image","twitter_misc":{"Ber\u00e4knad l\u00e4stid":"2 minuter"},"schema":{"@context":"https:\/\/schema.org","@graph":[{"@type":"WebPage","@id":"https:\/\/deravio.com\/se\/produkt\/justerbar-rorklamma\/","url":"https:\/\/deravio.com\/se\/produkt\/justerbar-rorklamma\/","name":"Justerbar r\u00f6rkl\u00e4mma - Deravio SE","isPartOf":{"@id":"https:\/\/deravio.com\/se\/#website"},"primaryImageOfPage":{"@id":"https:\/\/deravio.com\/se\/produkt\/justerbar-rorklamma\/#primaryimage"},"image":{"@id":"https:\/\/deravio.com\/se\/produkt\/justerbar-rorklamma\/#primaryimage"},"thumbnailUrl":"https:\/\/deravio.com\/se\/wp-content\/uploads\/sites\/20\/2026\/04\/yzqe1iq-1.jpg","datePublished":"2026-04-28T08:36:56+00:00","dateModified":"2026-04-28T08:37:05+00:00","breadcrumb":{"@id":"https:\/\/deravio.com\/se\/produkt\/justerbar-rorklamma\/#breadcrumb"},"inLanguage":"sv-SE","potentialAction":[{"@type":"ReadAction","target":["https:\/\/deravio.com\/se\/produkt\/justerbar-rorklamma\/"]}]},{"@type":"ImageObject","inLanguage":"sv-SE","@id":"https:\/\/deravio.com\/se\/produkt\/justerbar-rorklamma\/#primaryimage","url":"https:\/\/deravio.com\/se\/wp-content\/uploads\/sites\/20\/2026\/04\/yzqe1iq-1.jpg","contentUrl":"https:\/\/deravio.com\/se\/wp-content\/uploads\/sites\/20\/2026\/04\/yzqe1iq-1.jpg","width":960,"height":960},{"@type":"BreadcrumbList","@id":"https:\/\/deravio.com\/se\/produkt\/justerbar-rorklamma\/#breadcrumb","itemListElement":[{"@type":"ListItem","position":1,"name":"Home","item":"https:\/\/deravio.com\/se\/"},{"@type":"ListItem","position":2,"name":"Butik","item":"https:\/\/deravio.com\/se\/butik\/"},{"@type":"ListItem","position":3,"name":"Justerbar r\u00f6rkl\u00e4mma"}]},{"@type":"WebSite","@id":"https:\/\/deravio.com\/se\/#website","url":"https:\/\/deravio.com\/se\/","name":"Deravio SE","description":"","publisher":{"@id":"https:\/\/deravio.com\/se\/#organization"},"potentialAction":[{"@type":"SearchAction","target":{"@type":"EntryPoint","urlTemplate":"https:\/\/deravio.com\/se\/?s={search_term_string}"},"query-input":{"@type":"PropertyValueSpecification","valueRequired":true,"valueName":"search_term_string"}}],"inLanguage":"sv-SE"},{"@type":"Organization","@id":"https:\/\/deravio.com\/se\/#organization","name":"Mekulo","url":"https:\/\/deravio.com\/se\/","logo":{"@type":"ImageObject","inLanguage":"sv-SE","@id":"https:\/\/deravio.com\/se\/#\/schema\/logo\/image\/","url":"https:\/\/deravio.com\/se\/wp-content\/uploads\/sites\/20\/2025\/12\/favicon_mekulo.png","contentUrl":"https:\/\/deravio.com\/se\/wp-content\/uploads\/sites\/20\/2025\/12\/favicon_mekulo.png","width":50,"height":50,"caption":"Mekulo"},"image":{"@id":"https:\/\/deravio.com\/se\/#\/schema\/logo\/image\/"}}]}},"_links":{"self":[{"href":"https:\/\/deravio.com\/se\/wp-json\/wp\/v2\/product\/23857","targetHints":{"allow":["GET"]}}],"collection":[{"href":"https:\/\/deravio.com\/se\/wp-json\/wp\/v2\/product"}],"about":[{"href":"https:\/\/deravio.com\/se\/wp-json\/wp\/v2\/types\/product"}],"replies":[{"embeddable":true,"href":"https:\/\/deravio.com\/se\/wp-json\/wp\/v2\/comments?post=23857"}],"wp:featuredmedia":[{"embeddable":true,"href":"https:\/\/deravio.com\/se\/wp-json\/wp\/v2\/media\/23853"}],"wp:attachment":[{"href":"https:\/\/deravio.com\/se\/wp-json\/wp\/v2\/media?parent=23857"}],"wp:term":[{"taxonomy":"product_brand","embeddable":true,"href":"https:\/\/deravio.com\/se\/wp-json\/wp\/v2\/product_brand?post=23857"},{"taxonomy":"product_cat","embeddable":true,"href":"https:\/\/deravio.com\/se\/wp-json\/wp\/v2\/product_cat?post=23857"},{"taxonomy":"product_tag","embeddable":true,"href":"https:\/\/deravio.com\/se\/wp-json\/wp\/v2\/product_tag?post=23857"}],"curies":[{"name":"wp","href":"https:\/\/api.w.org\/{rel}","templated":true}]}}