{"id":23600,"date":"2026-04-27T12:03:01","date_gmt":"2026-04-27T09:03:01","guid":{"rendered":"https:\/\/deravio.com\/se\/produkt\/ateranvandbara-kuddar-av-bambukol-2-st\/"},"modified":"2026-04-27T13:39:03","modified_gmt":"2026-04-27T10:39:03","slug":"ateranvandbara-kuddar-av-bambukol-2-st","status":"publish","type":"product","link":"https:\/\/deravio.com\/se\/produkt\/ateranvandbara-kuddar-av-bambukol-2-st\/","title":{"rendered":"\u00c5teranv\u00e4ndbara kuddar av bambukol (2 st)"},"content":{"rendered":"<h2 style=\"text-align: center;\" data-start=\"328\" data-end=\"344\">\u2728 L\u00f6ftet<\/h2>\n<p style=\"text-align: center;\" data-start=\"346\" data-end=\"419\">H\u00e5ll dig torr l\u00e4ngre.<br data-start=\"362\" data-end=\"365\" \/>K\u00e4nn mjukare komfort.<br data-start=\"385\" data-end=\"388\" \/>V\u00e4lj ett h\u00e4lsosammare alternativ.<\/p>\n<p data-start=\"346\" data-end=\"419\"><img fetchpriority=\"high\" decoding=\"async\" class=\" wp-image-26828 aligncenter\" src=\"https:\/\/mekulo.com\/template\/wp-content\/uploads\/sites\/6\/2026\/03\/1221-ezgif.com-video-to-webp-converter.webp\" alt=\"\" width=\"550\" height=\"550\" \/><\/p>\n<h2 style=\"text-align: center;\" data-start=\"426\" data-end=\"444\">\u2705 Huvudf\u00f6rdelar<\/h2>\n<p data-start=\"448\" data-end=\"542\">\ud83c\udf3f Ultraabsorberande &amp; l\u00e4ckages\u00e4ker &#8211; Flerskiktsdesign l\u00e5ser fukt bort fr\u00e5n din hud.<\/p>\n<p data-start=\"546\" data-end=\"625\">\ud83d\udca8 Andningsbar komfort &#8211; Hj\u00e4lper till att minska irritation, skav och obehag.<\/p>\n<p data-start=\"629\" data-end=\"709\">\ud83d\udda4 Luktkontrollerande bambukolskikt &#8211; Filtrerar naturligt o\u00f6nskade lukter.<\/p>\n<p data-start=\"713\" data-end=\"791\">\ud83d\udd04 \u00c5teranv\u00e4ndbar &amp; tv\u00e4ttbar &#8211; Maskintv\u00e4tt, handtv\u00e4tt och lufttorkning med l\u00e4tthet.<\/p>\n<p data-start=\"795\" data-end=\"873\">\ud83d\udca7 Snabbare torkningsteknik &#8211; K\u00e4nn dig torrare l\u00e4ngre \u2014 byt mindre ofta.<\/p>\n<p data-start=\"877\" data-end=\"956\">\ud83c\udf0e Milj\u00f6medvetet val &#8211; Minskar plastavfallet fr\u00e5n eng\u00e5ngsprodukter.<\/p>\n<p data-start=\"960\" data-end=\"1036\">\ud83e\udd0d Hudv\u00e4nliga material &#8211; Inga h\u00e5rda lim eller kemiska irriterande \u00e4mnen.<\/p>\n<h2 style=\"text-align: center;\" data-start=\"1043\" data-end=\"1066\">\u2757 Problem \u2192 L\u00f6sning \u2705<\/h2>\n<p data-start=\"1068\" data-end=\"1217\"><strong data-start=\"1068\" data-end=\"1080\">Problem:<\/strong><br data-start=\"1080\" data-end=\"1083\" \/>Eng\u00e5ngsunderl\u00e4gg inneh\u00e5ller ofta syntetiska material och kemikalier som kan orsaka irritation \u2014 och de skapar betydande plastavfall.<\/p>\n<p data-start=\"1219\" data-end=\"1355\"><strong data-start=\"1219\" data-end=\"1232\">L\u00f6sning:<\/strong><br data-start=\"1232\" data-end=\"1235\" \/>Dessa \u00e5teranv\u00e4ndbara underl\u00e4gg av bambukol ger andningsbar, kemikaliefri komfort samtidigt som de hj\u00e4lper till att minska milj\u00f6p\u00e5verkan. B\u00e4ttre f\u00f6r din hud. B\u00e4ttre f\u00f6r jorden.<\/p>\n<p data-start=\"1219\" data-end=\"1355\"><img decoding=\"async\" class=\" wp-image-26827 aligncenter\" src=\"https:\/\/mekulo.com\/template\/wp-content\/uploads\/sites\/6\/2026\/03\/12211-ezgif.com-video-to-webp-converter.webp\" alt=\"\" width=\"550\" height=\"550\" \/><\/p>\n<h2 style=\"text-align: center;\" data-start=\"1407\" data-end=\"1433\">\ud83c\udf38 Perfekt f\u00f6r<\/h2>\n<ul data-start=\"1447\" data-end=\"1538\">\n<li data-start=\"1447\" data-end=\"1468\">\n<p data-start=\"1449\" data-end=\"1468\">Menstruationsperioder<\/p>\n<\/li>\n<li data-start=\"1469\" data-end=\"1488\">\n<p data-start=\"1471\" data-end=\"1488\">Postpartumv\u00e5rd<\/p>\n<\/li>\n<li data-start=\"1489\" data-end=\"1519\">\n<p data-start=\"1491\" data-end=\"1519\">L\u00e4tt urininkontinens<\/p>\n<\/li>\n<li data-start=\"1520\" data-end=\"1538\">\n<p data-start=\"1522\" data-end=\"1538\">K\u00e4nslig hud<\/p>\n<\/li>\n<\/ul>\n<p data-start=\"1540\" data-end=\"1585\">Designade f\u00f6r vardagligt f\u00f6rtroende och komfort.<\/p>\n<h2 style=\"text-align: center;\" data-start=\"1592\" data-end=\"1608\">\u2699\ufe0f Hur man anv\u00e4nder<\/h2>\n<ol data-start=\"1610\" data-end=\"1773\">\n<li data-start=\"1610\" data-end=\"1646\">\n<p data-start=\"1613\" data-end=\"1646\">Placera bindan s\u00e4kert i underkl\u00e4derna.<\/p>\n<\/li>\n<li data-start=\"1647\" data-end=\"1683\">\n<p data-start=\"1650\" data-end=\"1683\">Efter anv\u00e4ndning, vik och kn\u00e4pp ihop.<\/p>\n<\/li>\n<li data-start=\"1684\" data-end=\"1705\">\n<p data-start=\"1687\" data-end=\"1705\">Sk\u00f6lj (valfritt).<\/p>\n<\/li>\n<li data-start=\"1706\" data-end=\"1741\">\n<p data-start=\"1709\" data-end=\"1741\">F\u00f6rvara i v\u00e5tp\u00e5se tills tv\u00e4tt.<\/p>\n<\/li>\n<li data-start=\"1742\" data-end=\"1773\">\n<p data-start=\"1745\" data-end=\"1773\">Tv\u00e4tta och lufttorka f\u00f6r \u00e5teranv\u00e4ndning.<\/p>\n<\/li>\n<\/ol>\n<h2 style=\"text-align: center;\" data-start=\"1820\" data-end=\"1841\">\ud83d\udcd0 Produktdetaljer<\/h2>\n<ul data-start=\"1843\" data-end=\"2078\">\n<li data-start=\"1843\" data-end=\"1900\">\n<p data-start=\"1845\" data-end=\"1900\">Material: Bambukol + mikrofiber som andas<\/p>\n<\/li>\n<li data-start=\"1901\" data-end=\"1947\">\n<p data-start=\"1903\" data-end=\"1947\">Konstruktion: 4-lagers absorberande system<\/p>\n<\/li>\n<li data-start=\"1948\" data-end=\"1996\">\n<p data-start=\"1950\" data-end=\"1996\">V\u00e5rd: Maskintv\u00e4tt \/ Handtv\u00e4tt \/ Lufttorkning<\/p>\n<\/li>\n<li data-start=\"1997\" data-end=\"2033\">\n<p data-start=\"1999\" data-end=\"2033\">Funktion: Tryckknappsst\u00e4ngning<\/p>\n<\/li>\n<li data-start=\"2034\" data-end=\"2078\">\n<p data-start=\"2036\" data-end=\"2078\">F\u00f6rdel: L\u00e4ckages\u00e4ker &amp; luktfiltrering<\/p>\n<\/li>\n<li data-start=\"2034\" data-end=\"2078\">Storlekar: S (18 x 18 cm), M (18 x 25 cm), L (23 x 30 cm)<\/li>\n<\/ul>\n<h2 style=\"text-align: center;\" data-start=\"2132\" data-end=\"2154\">\ud83d\udce6 F\u00f6rpackningen inneh\u00e5ller<\/h2>\n<ul data-start=\"2156\" data-end=\"2192\">\n<li data-start=\"2156\" data-end=\"2192\">\n<p data-start=\"2158\" data-end=\"2192\">2x \u00e5teranv\u00e4ndbara kuddar av bambukol.<\/p>\n<\/li>\n<\/ul>\n","protected":false},"excerpt":{"rendered":"<p>\ud83c\udf0e Skonsam mot din kropp. Sn\u00e4ll mot planeten.<br \/>\n\ud83d\uddd3\ufe0fComfort du kan lita p\u00e5 &#8211; cykel efter cykel.<br \/>\n\ud83e\udd0dDesignad med andningsbara mikrofiber- och bambukolskikt, erbjuder dessa \u00e5teranv\u00e4ndbara kuddar ultraabsorberande skydd utan irritation, lukt eller avfall.<\/p>\n","protected":false},"featured_media":23596,"comment_status":"open","ping_status":"closed","template":"","meta":{"site-sidebar-layout":"default","site-content-layout":"","ast-site-content-layout":"default","site-content-style":"default","site-sidebar-style":"default","ast-global-header-display":"","ast-banner-title-visibility":"","ast-main-header-display":"","ast-hfb-above-header-display":"","ast-hfb-below-header-display":"","ast-hfb-mobile-header-display":"","site-post-title":"","ast-breadcrumbs-content":"","ast-featured-img":"","footer-sml-layout":"","ast-disable-related-posts":"","theme-transparent-header-meta":"default","adv-header-id-meta":"","stick-header-meta":"","header-above-stick-meta":"","header-main-stick-meta":"","header-below-stick-meta":"","astra-migrate-meta-layouts":"set","ast-page-background-enabled":"default","ast-page-background-meta":{"desktop":{"background-color":"var(--ast-global-color-5)","background-image":"","background-repeat":"repeat","background-position":"center center","background-size":"auto","background-attachment":"scroll","background-type":"","background-media":"","overlay-type":"","overlay-color":"","overlay-opacity":"","overlay-gradient":""},"tablet":{"background-color":"","background-image":"","background-repeat":"repeat","background-position":"center center","background-size":"auto","background-attachment":"scroll","background-type":"","background-media":"","overlay-type":"","overlay-color":"","overlay-opacity":"","overlay-gradient":""},"mobile":{"background-color":"","background-image":"","background-repeat":"repeat","background-position":"center center","background-size":"auto","background-attachment":"scroll","background-type":"","background-media":"","overlay-type":"","overlay-color":"","overlay-opacity":"","overlay-gradient":""}},"ast-content-background-meta":{"desktop":{"background-color":"var(--ast-global-color-4)","background-image":"","background-repeat":"repeat","background-position":"center center","background-size":"auto","background-attachment":"scroll","background-type":"","background-media":"","overlay-type":"","overlay-color":"","overlay-opacity":"","overlay-gradient":""},"tablet":{"background-color":"var(--ast-global-color-4)","background-image":"","background-repeat":"repeat","background-position":"center center","background-size":"auto","background-attachment":"scroll","background-type":"","background-media":"","overlay-type":"","overlay-color":"","overlay-opacity":"","overlay-gradient":""},"mobile":{"background-color":"var(--ast-global-color-4)","background-image":"","background-repeat":"repeat","background-position":"center center","background-size":"auto","background-attachment":"scroll","background-type":"","background-media":"","overlay-type":"","overlay-color":"","overlay-opacity":"","overlay-gradient":""}}},"product_brand":[],"product_cat":[162],"product_tag":[],"class_list":{"0":"post-23600","1":"product","2":"type-product","3":"status-publish","4":"has-post-thumbnail","6":"product_cat-skonhets-och-hygienprodukter","7":"pa_64898_ck9bmyn2-a","8":"pa_64898_ck9bmyn2-b","9":"pa_64898_ck9bmyn2-c","10":"pa_64898_ck9bmyn2-d","11":"pa_64898_ck9bmyn2-e","12":"pa_64898_ck9bmyn2-f","13":"pa_64898_ck9bmyn2-g","14":"pa_64898_ck9bmyn2-h","15":"pa_64898_ck9bmyn2-i","16":"pa_64898_ck9bmyn2-j","17":"pa_64898_mwfhu43e-l","18":"pa_64898_mwfhu43e-m","19":"pa_64898_mwfhu43e-s","20":"desktop-align-left","21":"tablet-align-left","22":"mobile-align-left","24":"first","25":"instock","26":"shipping-taxable","27":"purchasable","28":"product-type-variable","29":"has-default-attributes"},"yoast_head":"<!-- This site is optimized with the Yoast SEO plugin v27.4 - https:\/\/yoast.com\/product\/yoast-seo-wordpress\/ -->\n<title>\u00c5teranv\u00e4ndbara kuddar av bambukol (2 st) - Deravio SE<\/title>\n<meta name=\"robots\" content=\"index, follow, max-snippet:-1, max-image-preview:large, max-video-preview:-1\" \/>\n<link rel=\"canonical\" href=\"https:\/\/deravio.com\/se\/produkt\/ateranvandbara-kuddar-av-bambukol-2-st\/\" \/>\n<meta property=\"og:locale\" content=\"sv_SE\" \/>\n<meta property=\"og:type\" content=\"article\" \/>\n<meta property=\"og:title\" content=\"\u00c5teranv\u00e4ndbara kuddar av bambukol (2 st) - Deravio SE\" \/>\n<meta property=\"og:description\" content=\"\ud83c\udf0e Skonsam mot din kropp. Sn\u00e4ll mot planeten. \ud83d\uddd3\ufe0fComfort du kan lita p\u00e5 - cykel efter cykel. \ud83e\udd0dDesignad med andningsbara mikrofiber- och bambukolskikt, erbjuder dessa \u00e5teranv\u00e4ndbara kuddar ultraabsorberande skydd utan irritation, lukt eller avfall.\" \/>\n<meta property=\"og:url\" content=\"https:\/\/deravio.com\/se\/produkt\/ateranvandbara-kuddar-av-bambukol-2-st\/\" \/>\n<meta property=\"og:site_name\" content=\"Deravio SE\" \/>\n<meta property=\"article:modified_time\" content=\"2026-04-27T10:39:03+00:00\" \/>\n<meta property=\"og:image\" content=\"https:\/\/deravio.com\/se\/wp-content\/uploads\/sites\/20\/2026\/04\/6sw5ypa-1.webp\" \/>\n\t<meta property=\"og:image:width\" content=\"600\" \/>\n\t<meta property=\"og:image:height\" content=\"569\" \/>\n\t<meta property=\"og:image:type\" content=\"image\/webp\" \/>\n<meta name=\"twitter:card\" content=\"summary_large_image\" \/>\n<meta name=\"twitter:label1\" content=\"Ber\u00e4knad l\u00e4stid\" \/>\n\t<meta name=\"twitter:data1\" content=\"2 minuter\" \/>\n<script type=\"application\/ld+json\" class=\"yoast-schema-graph\">{\"@context\":\"https:\\\/\\\/schema.org\",\"@graph\":[{\"@type\":\"WebPage\",\"@id\":\"https:\\\/\\\/deravio.com\\\/se\\\/produkt\\\/ateranvandbara-kuddar-av-bambukol-2-st\\\/\",\"url\":\"https:\\\/\\\/deravio.com\\\/se\\\/produkt\\\/ateranvandbara-kuddar-av-bambukol-2-st\\\/\",\"name\":\"\u00c5teranv\u00e4ndbara kuddar av bambukol (2 st) - Deravio SE\",\"isPartOf\":{\"@id\":\"https:\\\/\\\/deravio.com\\\/se\\\/#website\"},\"primaryImageOfPage\":{\"@id\":\"https:\\\/\\\/deravio.com\\\/se\\\/produkt\\\/ateranvandbara-kuddar-av-bambukol-2-st\\\/#primaryimage\"},\"image\":{\"@id\":\"https:\\\/\\\/deravio.com\\\/se\\\/produkt\\\/ateranvandbara-kuddar-av-bambukol-2-st\\\/#primaryimage\"},\"thumbnailUrl\":\"https:\\\/\\\/deravio.com\\\/se\\\/wp-content\\\/uploads\\\/sites\\\/20\\\/2026\\\/04\\\/6sw5ypa-1.webp\",\"datePublished\":\"2026-04-27T09:03:01+00:00\",\"dateModified\":\"2026-04-27T10:39:03+00:00\",\"breadcrumb\":{\"@id\":\"https:\\\/\\\/deravio.com\\\/se\\\/produkt\\\/ateranvandbara-kuddar-av-bambukol-2-st\\\/#breadcrumb\"},\"inLanguage\":\"sv-SE\",\"potentialAction\":[{\"@type\":\"ReadAction\",\"target\":[\"https:\\\/\\\/deravio.com\\\/se\\\/produkt\\\/ateranvandbara-kuddar-av-bambukol-2-st\\\/\"]}]},{\"@type\":\"ImageObject\",\"inLanguage\":\"sv-SE\",\"@id\":\"https:\\\/\\\/deravio.com\\\/se\\\/produkt\\\/ateranvandbara-kuddar-av-bambukol-2-st\\\/#primaryimage\",\"url\":\"https:\\\/\\\/deravio.com\\\/se\\\/wp-content\\\/uploads\\\/sites\\\/20\\\/2026\\\/04\\\/6sw5ypa-1.webp\",\"contentUrl\":\"https:\\\/\\\/deravio.com\\\/se\\\/wp-content\\\/uploads\\\/sites\\\/20\\\/2026\\\/04\\\/6sw5ypa-1.webp\",\"width\":600,\"height\":569},{\"@type\":\"BreadcrumbList\",\"@id\":\"https:\\\/\\\/deravio.com\\\/se\\\/produkt\\\/ateranvandbara-kuddar-av-bambukol-2-st\\\/#breadcrumb\",\"itemListElement\":[{\"@type\":\"ListItem\",\"position\":1,\"name\":\"Home\",\"item\":\"https:\\\/\\\/deravio.com\\\/se\\\/\"},{\"@type\":\"ListItem\",\"position\":2,\"name\":\"Butik\",\"item\":\"https:\\\/\\\/deravio.com\\\/se\\\/butik\\\/\"},{\"@type\":\"ListItem\",\"position\":3,\"name\":\"\u00c5teranv\u00e4ndbara kuddar av bambukol (2 st)\"}]},{\"@type\":\"WebSite\",\"@id\":\"https:\\\/\\\/deravio.com\\\/se\\\/#website\",\"url\":\"https:\\\/\\\/deravio.com\\\/se\\\/\",\"name\":\"Deravio SE\",\"description\":\"\",\"publisher\":{\"@id\":\"https:\\\/\\\/deravio.com\\\/se\\\/#organization\"},\"potentialAction\":[{\"@type\":\"SearchAction\",\"target\":{\"@type\":\"EntryPoint\",\"urlTemplate\":\"https:\\\/\\\/deravio.com\\\/se\\\/?s={search_term_string}\"},\"query-input\":{\"@type\":\"PropertyValueSpecification\",\"valueRequired\":true,\"valueName\":\"search_term_string\"}}],\"inLanguage\":\"sv-SE\"},{\"@type\":\"Organization\",\"@id\":\"https:\\\/\\\/deravio.com\\\/se\\\/#organization\",\"name\":\"Mekulo\",\"url\":\"https:\\\/\\\/deravio.com\\\/se\\\/\",\"logo\":{\"@type\":\"ImageObject\",\"inLanguage\":\"sv-SE\",\"@id\":\"https:\\\/\\\/deravio.com\\\/se\\\/#\\\/schema\\\/logo\\\/image\\\/\",\"url\":\"https:\\\/\\\/deravio.com\\\/se\\\/wp-content\\\/uploads\\\/sites\\\/20\\\/2025\\\/12\\\/favicon_mekulo.png\",\"contentUrl\":\"https:\\\/\\\/deravio.com\\\/se\\\/wp-content\\\/uploads\\\/sites\\\/20\\\/2025\\\/12\\\/favicon_mekulo.png\",\"width\":50,\"height\":50,\"caption\":\"Mekulo\"},\"image\":{\"@id\":\"https:\\\/\\\/deravio.com\\\/se\\\/#\\\/schema\\\/logo\\\/image\\\/\"}}]}<\/script>\n<!-- \/ Yoast SEO plugin. -->","yoast_head_json":{"title":"\u00c5teranv\u00e4ndbara kuddar av bambukol (2 st) - Deravio SE","robots":{"index":"index","follow":"follow","max-snippet":"max-snippet:-1","max-image-preview":"max-image-preview:large","max-video-preview":"max-video-preview:-1"},"canonical":"https:\/\/deravio.com\/se\/produkt\/ateranvandbara-kuddar-av-bambukol-2-st\/","og_locale":"sv_SE","og_type":"article","og_title":"\u00c5teranv\u00e4ndbara kuddar av bambukol (2 st) - Deravio SE","og_description":"\ud83c\udf0e Skonsam mot din kropp. Sn\u00e4ll mot planeten. \ud83d\uddd3\ufe0fComfort du kan lita p\u00e5 - cykel efter cykel. \ud83e\udd0dDesignad med andningsbara mikrofiber- och bambukolskikt, erbjuder dessa \u00e5teranv\u00e4ndbara kuddar ultraabsorberande skydd utan irritation, lukt eller avfall.","og_url":"https:\/\/deravio.com\/se\/produkt\/ateranvandbara-kuddar-av-bambukol-2-st\/","og_site_name":"Deravio SE","article_modified_time":"2026-04-27T10:39:03+00:00","og_image":[{"width":600,"height":569,"url":"https:\/\/deravio.com\/se\/wp-content\/uploads\/sites\/20\/2026\/04\/6sw5ypa-1.webp","type":"image\/webp"}],"twitter_card":"summary_large_image","twitter_misc":{"Ber\u00e4knad l\u00e4stid":"2 minuter"},"schema":{"@context":"https:\/\/schema.org","@graph":[{"@type":"WebPage","@id":"https:\/\/deravio.com\/se\/produkt\/ateranvandbara-kuddar-av-bambukol-2-st\/","url":"https:\/\/deravio.com\/se\/produkt\/ateranvandbara-kuddar-av-bambukol-2-st\/","name":"\u00c5teranv\u00e4ndbara kuddar av bambukol (2 st) - Deravio SE","isPartOf":{"@id":"https:\/\/deravio.com\/se\/#website"},"primaryImageOfPage":{"@id":"https:\/\/deravio.com\/se\/produkt\/ateranvandbara-kuddar-av-bambukol-2-st\/#primaryimage"},"image":{"@id":"https:\/\/deravio.com\/se\/produkt\/ateranvandbara-kuddar-av-bambukol-2-st\/#primaryimage"},"thumbnailUrl":"https:\/\/deravio.com\/se\/wp-content\/uploads\/sites\/20\/2026\/04\/6sw5ypa-1.webp","datePublished":"2026-04-27T09:03:01+00:00","dateModified":"2026-04-27T10:39:03+00:00","breadcrumb":{"@id":"https:\/\/deravio.com\/se\/produkt\/ateranvandbara-kuddar-av-bambukol-2-st\/#breadcrumb"},"inLanguage":"sv-SE","potentialAction":[{"@type":"ReadAction","target":["https:\/\/deravio.com\/se\/produkt\/ateranvandbara-kuddar-av-bambukol-2-st\/"]}]},{"@type":"ImageObject","inLanguage":"sv-SE","@id":"https:\/\/deravio.com\/se\/produkt\/ateranvandbara-kuddar-av-bambukol-2-st\/#primaryimage","url":"https:\/\/deravio.com\/se\/wp-content\/uploads\/sites\/20\/2026\/04\/6sw5ypa-1.webp","contentUrl":"https:\/\/deravio.com\/se\/wp-content\/uploads\/sites\/20\/2026\/04\/6sw5ypa-1.webp","width":600,"height":569},{"@type":"BreadcrumbList","@id":"https:\/\/deravio.com\/se\/produkt\/ateranvandbara-kuddar-av-bambukol-2-st\/#breadcrumb","itemListElement":[{"@type":"ListItem","position":1,"name":"Home","item":"https:\/\/deravio.com\/se\/"},{"@type":"ListItem","position":2,"name":"Butik","item":"https:\/\/deravio.com\/se\/butik\/"},{"@type":"ListItem","position":3,"name":"\u00c5teranv\u00e4ndbara kuddar av bambukol (2 st)"}]},{"@type":"WebSite","@id":"https:\/\/deravio.com\/se\/#website","url":"https:\/\/deravio.com\/se\/","name":"Deravio SE","description":"","publisher":{"@id":"https:\/\/deravio.com\/se\/#organization"},"potentialAction":[{"@type":"SearchAction","target":{"@type":"EntryPoint","urlTemplate":"https:\/\/deravio.com\/se\/?s={search_term_string}"},"query-input":{"@type":"PropertyValueSpecification","valueRequired":true,"valueName":"search_term_string"}}],"inLanguage":"sv-SE"},{"@type":"Organization","@id":"https:\/\/deravio.com\/se\/#organization","name":"Mekulo","url":"https:\/\/deravio.com\/se\/","logo":{"@type":"ImageObject","inLanguage":"sv-SE","@id":"https:\/\/deravio.com\/se\/#\/schema\/logo\/image\/","url":"https:\/\/deravio.com\/se\/wp-content\/uploads\/sites\/20\/2025\/12\/favicon_mekulo.png","contentUrl":"https:\/\/deravio.com\/se\/wp-content\/uploads\/sites\/20\/2025\/12\/favicon_mekulo.png","width":50,"height":50,"caption":"Mekulo"},"image":{"@id":"https:\/\/deravio.com\/se\/#\/schema\/logo\/image\/"}}]}},"_links":{"self":[{"href":"https:\/\/deravio.com\/se\/wp-json\/wp\/v2\/product\/23600","targetHints":{"allow":["GET"]}}],"collection":[{"href":"https:\/\/deravio.com\/se\/wp-json\/wp\/v2\/product"}],"about":[{"href":"https:\/\/deravio.com\/se\/wp-json\/wp\/v2\/types\/product"}],"replies":[{"embeddable":true,"href":"https:\/\/deravio.com\/se\/wp-json\/wp\/v2\/comments?post=23600"}],"wp:featuredmedia":[{"embeddable":true,"href":"https:\/\/deravio.com\/se\/wp-json\/wp\/v2\/media\/23596"}],"wp:attachment":[{"href":"https:\/\/deravio.com\/se\/wp-json\/wp\/v2\/media?parent=23600"}],"wp:term":[{"taxonomy":"product_brand","embeddable":true,"href":"https:\/\/deravio.com\/se\/wp-json\/wp\/v2\/product_brand?post=23600"},{"taxonomy":"product_cat","embeddable":true,"href":"https:\/\/deravio.com\/se\/wp-json\/wp\/v2\/product_cat?post=23600"},{"taxonomy":"product_tag","embeddable":true,"href":"https:\/\/deravio.com\/se\/wp-json\/wp\/v2\/product_tag?post=23600"}],"curies":[{"name":"wp","href":"https:\/\/api.w.org\/{rel}","templated":true}]}}