{"id":23534,"date":"2026-04-27T11:55:13","date_gmt":"2026-04-27T08:55:13","guid":{"rendered":"https:\/\/deravio.com\/se\/produkt\/fot-ankel-assager\/"},"modified":"2026-04-27T13:32:43","modified_gmt":"2026-04-27T10:32:43","slug":"fot-ankel-assager","status":"publish","type":"product","link":"https:\/\/deravio.com\/se\/produkt\/fot-ankel-assager\/","title":{"rendered":"Fot ankel assager"},"content":{"rendered":"<h2 style=\"text-align: center;\" data-start=\"328\" data-end=\"344\">\u2728 L\u00f6ftet<\/h2>\n<p style=\"text-align: center;\" data-start=\"346\" data-end=\"390\">Lugna.<br data-start=\"353\" data-end=\"356\" \/>Support.<br data-start=\"364\" data-end=\"367\" \/>F\u00e5 ny energi i r\u00f6relserna.<\/p>\n<p data-start=\"346\" data-end=\"390\"><img fetchpriority=\"high\" decoding=\"async\" class=\" wp-image-26767 aligncenter\" src=\"https:\/\/mekulo.com\/template\/wp-content\/uploads\/sites\/6\/2026\/03\/122117-ezgif.com-video-to-webp-converter.webp\" alt=\"\" width=\"550\" height=\"550\" \/><\/p>\n<h2 style=\"text-align: center;\" data-start=\"397\" data-end=\"415\">\u2705 Huvudf\u00f6rdelar<\/h2>\n<p data-start=\"419\" data-end=\"543\">\ud83d\udd25 Tre terapeutiska v\u00e4rmeniv\u00e5er (48\u00b0C \/ 53\u00b0C \/ 58\u00b0C) &#8211; Ger lugnande v\u00e4rme f\u00f6r att slappna av musklerna och f\u00f6rb\u00e4ttra komforten.<\/p>\n<p data-start=\"547\" data-end=\"691\">\ud83d\udc86 Tre vibrationsintensiteter &#8211; Niv\u00e5 1 \u2013 Daglig avslappning, Niv\u00e5 2 \u2013 \u00c5terh\u00e4mtning efter sport, Niv\u00e5 3 \u2013 Riktad lindring av obehag<\/p>\n<p data-start=\"695\" data-end=\"769\">\u23f1 15 minuters automatisk avst\u00e4ngning &#8211; S\u00e4kra, kontrollerade sessioner utan oro.<\/p>\n<p data-start=\"773\" data-end=\"848\">\ud83d\udd0b Uppladdningsbar &amp; sladdl\u00f6s &#8211; Fullst\u00e4ndig r\u00f6relsefrihet under anv\u00e4ndning.<\/p>\n<p data-start=\"852\" data-end=\"939\">\ud83d\udcf1 Peksk\u00e4rm med LED-display &#8211; \u00d6vervaka temperatur och intensitet i realtid.<\/p>\n<p data-start=\"943\" data-end=\"1019\">\ud83e\uddb6 Justerbar lindningsdesign &#8211; S\u00e4ker passform f\u00f6r b\u00e5de v\u00e4nster och h\u00f6ger ankel.<\/p>\n<h2 style=\"text-align: center;\" data-start=\"1026\" data-end=\"1049\">\u2757 Problem \u2192 L\u00f6sning<\/h2>\n<p data-start=\"1051\" data-end=\"1188\"><strong data-start=\"1051\" data-end=\"1063\">Problem:<\/strong><br data-start=\"1063\" data-end=\"1066\" \/>Ankelsp\u00e4nningar, tr\u00f6tthet eller belastning kan p\u00e5verka den dagliga komforten \u2014 s\u00e4rskilt efter l\u00e5nga timmar st\u00e5ende, tr\u00e4ning eller promenader.<\/p>\n<p data-start=\"1190\" data-end=\"1308\"><strong data-start=\"1190\" data-end=\"1203\">L\u00f6sning:<\/strong><br data-start=\"1203\" data-end=\"1206\" \/>Denna fotmassageapparat kombinerar kontrollerad v\u00e4rme och vibration f\u00f6r att stimulera cirkulationen och slappna av i sp\u00e4nda muskler.<\/p>\n<p data-start=\"1190\" data-end=\"1308\"><img decoding=\"async\" class=\" wp-image-26768 aligncenter\" src=\"https:\/\/mekulo.com\/template\/wp-content\/uploads\/sites\/6\/2026\/03\/122116-ezgif.com-video-to-webp-converter.webp\" alt=\"\" width=\"551\" height=\"551\" \/><\/p>\n<h2 style=\"text-align: center;\" data-start=\"1347\" data-end=\"1373\">\ud83c\udfc3Perfekt F\u00f6r<\/h2>\n<ul data-start=\"1387\" data-end=\"1517\">\n<li data-start=\"1387\" data-end=\"1412\">\n<p data-start=\"1389\" data-end=\"1412\">\u00c5terh\u00e4mtning efter tr\u00e4ning<\/p>\n<\/li>\n<li data-start=\"1413\" data-end=\"1443\">\n<p data-start=\"1415\" data-end=\"1443\">L\u00e5nga arbetsdagar p\u00e5 f\u00f6tterna<\/p>\n<\/li>\n<li data-start=\"1444\" data-end=\"1462\">\n<p data-start=\"1446\" data-end=\"1462\">Tr\u00f6tthet p\u00e5 resan<\/p>\n<\/li>\n<li data-start=\"1463\" data-end=\"1487\">\n<p data-start=\"1465\" data-end=\"1487\">Mild stelhet i fotleden<\/p>\n<\/li>\n<li data-start=\"1488\" data-end=\"1517\">\n<p data-start=\"1490\" data-end=\"1517\">Avkoppling f\u00f6re s\u00e4ngg\u00e5endet<\/p>\n<\/li>\n<\/ul>\n<p data-start=\"1519\" data-end=\"1560\">En kompakt l\u00f6sning f\u00f6r en aktiv livsstil.<\/p>\n<h2 style=\"text-align: center;\" data-start=\"1567\" data-end=\"1583\">\u2699\ufe0f Hur Man Anv\u00e4nder<\/h2>\n<ol data-start=\"1585\" data-end=\"1752\">\n<li data-start=\"1585\" data-end=\"1616\">\n<p data-start=\"1588\" data-end=\"1616\">Viklas s\u00e4kert runt fotleden.<\/p>\n<\/li>\n<li data-start=\"1617\" data-end=\"1648\">\n<p data-start=\"1620\" data-end=\"1648\">Sl\u00e5 p\u00e5 med hj\u00e4lp av peksk\u00e4rmen.<\/p>\n<\/li>\n<li data-start=\"1649\" data-end=\"1690\">\n<p data-start=\"1652\" data-end=\"1690\">V\u00e4lj v\u00e4rmeniv\u00e5 och vibrationsl\u00e4ge.<\/p>\n<\/li>\n<li data-start=\"1691\" data-end=\"1726\">\n<p data-start=\"1694\" data-end=\"1726\">Koppla av under 15-minuters session.<\/p>\n<\/li>\n<li data-start=\"1727\" data-end=\"1752\">\n<p data-start=\"1730\" data-end=\"1752\">Ladda vid behov.<\/p>\n<\/li>\n<\/ol>\n<p data-start=\"1754\" data-end=\"1797\">Obs: Enheten kan inte anv\u00e4ndas under laddning.<\/p>\n<h2 style=\"text-align: center;\" data-start=\"1804\" data-end=\"1825\">\ud83d\udcd0 Produktdetaljer<\/h2>\n<ul data-start=\"1827\" data-end=\"2170\">\n<li data-start=\"1850\" data-end=\"1911\">\n<p data-start=\"1852\" data-end=\"1911\">Material: OK elastisk duk + Neopren + Fleecefoder<\/p>\n<\/li>\n<li data-start=\"1912\" data-end=\"1939\">\n<p data-start=\"1914\" data-end=\"1939\">Noggrann sp\u00e4nning: 3,7V<\/p>\n<\/li>\n<li data-start=\"1940\" data-end=\"1965\">\n<p data-start=\"1942\" data-end=\"1965\">Noggrann effekt: 7,5W<\/p>\n<\/li>\n<li data-start=\"1966\" data-end=\"2006\">\n<p data-start=\"1968\" data-end=\"2006\">Batteri: 2000mAh litiumpolymer<\/p>\n<\/li>\n<li data-start=\"2007\" data-end=\"2045\">\n<p data-start=\"2009\" data-end=\"2045\">Laddningstid: Cirka 2 timmar<\/p>\n<\/li>\n<li data-start=\"2046\" data-end=\"2094\">\n<p data-start=\"2048\" data-end=\"2094\">Anv\u00e4ndningstid: 4-5 sessioner per full laddning<\/p>\n<\/li>\n<li data-start=\"2095\" data-end=\"2149\">\n<p data-start=\"2097\" data-end=\"2149\">Display: LED-temperatur &amp; vibrationsindikator<\/p>\n<\/li>\n<\/ul>\n<h2 style=\"text-align: center;\" data-start=\"2229\" data-end=\"2251\">\ud83d\udce6 I Paketet Ing\u00e5r<\/h2>\n<ul data-start=\"2253\" data-end=\"2299\">\n<li data-start=\"2253\" data-end=\"2280\">\n<p data-start=\"2255\" data-end=\"2280\">1, 2x fot- och fotledsmassagerare\/s<\/p>\n<\/li>\n<li data-start=\"2281\" data-end=\"2299\">\n<p data-start=\"2283\" data-end=\"2299\">1, 2x laddningskabel\/s.<\/p>\n<\/li>\n<\/ul>\n","protected":false},"excerpt":{"rendered":"<p>\u23f1Riktad v\u00e4rme. Djup lindring.<br \/>\n\ud83d\udc86Total komfort. \u00c5terst\u00e4ll komforten i varje steg.<br \/>\n\ud83e\uddb6Designade f\u00f6r daglig avkoppling och \u00e5terh\u00e4mtning, kombinerar denna uppv\u00e4rmda fot- och fotledsmassagerare terapeutisk v\u00e4rme och kontrollerad vibration f\u00f6r att lindra sp\u00e4nningar, stelhet och obehag.<\/p>\n","protected":false},"featured_media":23530,"comment_status":"open","ping_status":"closed","template":"","meta":{"site-sidebar-layout":"default","site-content-layout":"","ast-site-content-layout":"default","site-content-style":"default","site-sidebar-style":"default","ast-global-header-display":"","ast-banner-title-visibility":"","ast-main-header-display":"","ast-hfb-above-header-display":"","ast-hfb-below-header-display":"","ast-hfb-mobile-header-display":"","site-post-title":"","ast-breadcrumbs-content":"","ast-featured-img":"","footer-sml-layout":"","ast-disable-related-posts":"","theme-transparent-header-meta":"default","adv-header-id-meta":"","stick-header-meta":"","header-above-stick-meta":"","header-main-stick-meta":"","header-below-stick-meta":"","astra-migrate-meta-layouts":"set","ast-page-background-enabled":"default","ast-page-background-meta":{"desktop":{"background-color":"var(--ast-global-color-5)","background-image":"","background-repeat":"repeat","background-position":"center center","background-size":"auto","background-attachment":"scroll","background-type":"","background-media":"","overlay-type":"","overlay-color":"","overlay-opacity":"","overlay-gradient":""},"tablet":{"background-color":"","background-image":"","background-repeat":"repeat","background-position":"center center","background-size":"auto","background-attachment":"scroll","background-type":"","background-media":"","overlay-type":"","overlay-color":"","overlay-opacity":"","overlay-gradient":""},"mobile":{"background-color":"","background-image":"","background-repeat":"repeat","background-position":"center center","background-size":"auto","background-attachment":"scroll","background-type":"","background-media":"","overlay-type":"","overlay-color":"","overlay-opacity":"","overlay-gradient":""}},"ast-content-background-meta":{"desktop":{"background-color":"var(--ast-global-color-4)","background-image":"","background-repeat":"repeat","background-position":"center center","background-size":"auto","background-attachment":"scroll","background-type":"","background-media":"","overlay-type":"","overlay-color":"","overlay-opacity":"","overlay-gradient":""},"tablet":{"background-color":"var(--ast-global-color-4)","background-image":"","background-repeat":"repeat","background-position":"center center","background-size":"auto","background-attachment":"scroll","background-type":"","background-media":"","overlay-type":"","overlay-color":"","overlay-opacity":"","overlay-gradient":""},"mobile":{"background-color":"var(--ast-global-color-4)","background-image":"","background-repeat":"repeat","background-position":"center center","background-size":"auto","background-attachment":"scroll","background-type":"","background-media":"","overlay-type":"","overlay-color":"","overlay-opacity":"","overlay-gradient":""}}},"product_brand":[],"product_cat":[15],"product_tag":[],"class_list":{"0":"post-23534","1":"product","2":"type-product","3":"status-publish","4":"has-post-thumbnail","6":"product_cat-okategoriserade","7":"pa_64692_s7cwqt8u-1-st","8":"pa_64692_s7cwqt8u-2-st","9":"desktop-align-left","10":"tablet-align-left","11":"mobile-align-left","13":"first","14":"instock","15":"shipping-taxable","16":"purchasable","17":"product-type-variable"},"yoast_head":"<!-- This site is optimized with the Yoast SEO plugin v27.4 - https:\/\/yoast.com\/product\/yoast-seo-wordpress\/ -->\n<title>Fot ankel assager - Deravio SE<\/title>\n<meta name=\"robots\" content=\"index, follow, max-snippet:-1, max-image-preview:large, max-video-preview:-1\" \/>\n<link rel=\"canonical\" href=\"https:\/\/deravio.com\/se\/produkt\/fot-ankel-assager\/\" \/>\n<meta property=\"og:locale\" content=\"nb_NO\" \/>\n<meta property=\"og:type\" content=\"article\" \/>\n<meta property=\"og:title\" content=\"Fot ankel assager - Deravio SE\" \/>\n<meta property=\"og:description\" content=\"\u23f1Riktad v\u00e4rme. Djup lindring. \ud83d\udc86Total komfort. \u00c5terst\u00e4ll komforten i varje steg. \ud83e\uddb6Designade f\u00f6r daglig avkoppling och \u00e5terh\u00e4mtning, kombinerar denna uppv\u00e4rmda fot- och fotledsmassagerare terapeutisk v\u00e4rme och kontrollerad vibration f\u00f6r att lindra sp\u00e4nningar, stelhet och obehag.\" \/>\n<meta property=\"og:url\" content=\"https:\/\/deravio.com\/se\/produkt\/fot-ankel-assager\/\" \/>\n<meta property=\"og:site_name\" content=\"Deravio SE\" \/>\n<meta property=\"article:modified_time\" content=\"2026-04-27T10:32:43+00:00\" \/>\n<meta property=\"og:image\" content=\"https:\/\/deravio.com\/se\/wp-content\/uploads\/sites\/20\/2026\/04\/2d78xcy-1.png\" \/>\n\t<meta property=\"og:image:width\" content=\"1000\" \/>\n\t<meta property=\"og:image:height\" content=\"1000\" \/>\n\t<meta property=\"og:image:type\" content=\"image\/png\" \/>\n<meta name=\"twitter:card\" content=\"summary_large_image\" \/>\n<meta name=\"twitter:label1\" content=\"Ansl. lesetid\" \/>\n\t<meta name=\"twitter:data1\" content=\"2 minutter\" \/>\n<script type=\"application\/ld+json\" class=\"yoast-schema-graph\">{\"@context\":\"https:\\\/\\\/schema.org\",\"@graph\":[{\"@type\":\"WebPage\",\"@id\":\"https:\\\/\\\/deravio.com\\\/se\\\/produkt\\\/fot-ankel-assager\\\/\",\"url\":\"https:\\\/\\\/deravio.com\\\/se\\\/produkt\\\/fot-ankel-assager\\\/\",\"name\":\"Fot ankel assager - Deravio SE\",\"isPartOf\":{\"@id\":\"https:\\\/\\\/deravio.com\\\/se\\\/#website\"},\"primaryImageOfPage\":{\"@id\":\"https:\\\/\\\/deravio.com\\\/se\\\/produkt\\\/fot-ankel-assager\\\/#primaryimage\"},\"image\":{\"@id\":\"https:\\\/\\\/deravio.com\\\/se\\\/produkt\\\/fot-ankel-assager\\\/#primaryimage\"},\"thumbnailUrl\":\"https:\\\/\\\/deravio.com\\\/se\\\/wp-content\\\/uploads\\\/sites\\\/20\\\/2026\\\/04\\\/2d78xcy-1.png\",\"datePublished\":\"2026-04-27T08:55:13+00:00\",\"dateModified\":\"2026-04-27T10:32:43+00:00\",\"breadcrumb\":{\"@id\":\"https:\\\/\\\/deravio.com\\\/se\\\/produkt\\\/fot-ankel-assager\\\/#breadcrumb\"},\"inLanguage\":\"nb-NO\",\"potentialAction\":[{\"@type\":\"ReadAction\",\"target\":[\"https:\\\/\\\/deravio.com\\\/se\\\/produkt\\\/fot-ankel-assager\\\/\"]}]},{\"@type\":\"ImageObject\",\"inLanguage\":\"nb-NO\",\"@id\":\"https:\\\/\\\/deravio.com\\\/se\\\/produkt\\\/fot-ankel-assager\\\/#primaryimage\",\"url\":\"https:\\\/\\\/deravio.com\\\/se\\\/wp-content\\\/uploads\\\/sites\\\/20\\\/2026\\\/04\\\/2d78xcy-1.png\",\"contentUrl\":\"https:\\\/\\\/deravio.com\\\/se\\\/wp-content\\\/uploads\\\/sites\\\/20\\\/2026\\\/04\\\/2d78xcy-1.png\",\"width\":1000,\"height\":1000},{\"@type\":\"BreadcrumbList\",\"@id\":\"https:\\\/\\\/deravio.com\\\/se\\\/produkt\\\/fot-ankel-assager\\\/#breadcrumb\",\"itemListElement\":[{\"@type\":\"ListItem\",\"position\":1,\"name\":\"Home\",\"item\":\"https:\\\/\\\/deravio.com\\\/se\\\/\"},{\"@type\":\"ListItem\",\"position\":2,\"name\":\"Butik\",\"item\":\"https:\\\/\\\/deravio.com\\\/se\\\/butik\\\/\"},{\"@type\":\"ListItem\",\"position\":3,\"name\":\"Fot ankel assager\"}]},{\"@type\":\"WebSite\",\"@id\":\"https:\\\/\\\/deravio.com\\\/se\\\/#website\",\"url\":\"https:\\\/\\\/deravio.com\\\/se\\\/\",\"name\":\"Deravio SE\",\"description\":\"\",\"publisher\":{\"@id\":\"https:\\\/\\\/deravio.com\\\/se\\\/#organization\"},\"potentialAction\":[{\"@type\":\"SearchAction\",\"target\":{\"@type\":\"EntryPoint\",\"urlTemplate\":\"https:\\\/\\\/deravio.com\\\/se\\\/?s={search_term_string}\"},\"query-input\":{\"@type\":\"PropertyValueSpecification\",\"valueRequired\":true,\"valueName\":\"search_term_string\"}}],\"inLanguage\":\"nb-NO\"},{\"@type\":\"Organization\",\"@id\":\"https:\\\/\\\/deravio.com\\\/se\\\/#organization\",\"name\":\"Mekulo\",\"url\":\"https:\\\/\\\/deravio.com\\\/se\\\/\",\"logo\":{\"@type\":\"ImageObject\",\"inLanguage\":\"nb-NO\",\"@id\":\"https:\\\/\\\/deravio.com\\\/se\\\/#\\\/schema\\\/logo\\\/image\\\/\",\"url\":\"https:\\\/\\\/deravio.com\\\/se\\\/wp-content\\\/uploads\\\/sites\\\/20\\\/2025\\\/12\\\/favicon_mekulo.png\",\"contentUrl\":\"https:\\\/\\\/deravio.com\\\/se\\\/wp-content\\\/uploads\\\/sites\\\/20\\\/2025\\\/12\\\/favicon_mekulo.png\",\"width\":50,\"height\":50,\"caption\":\"Mekulo\"},\"image\":{\"@id\":\"https:\\\/\\\/deravio.com\\\/se\\\/#\\\/schema\\\/logo\\\/image\\\/\"}}]}<\/script>\n<!-- \/ Yoast SEO plugin. -->","yoast_head_json":{"title":"Fot ankel assager - Deravio SE","robots":{"index":"index","follow":"follow","max-snippet":"max-snippet:-1","max-image-preview":"max-image-preview:large","max-video-preview":"max-video-preview:-1"},"canonical":"https:\/\/deravio.com\/se\/produkt\/fot-ankel-assager\/","og_locale":"nb_NO","og_type":"article","og_title":"Fot ankel assager - Deravio SE","og_description":"\u23f1Riktad v\u00e4rme. Djup lindring. \ud83d\udc86Total komfort. \u00c5terst\u00e4ll komforten i varje steg. \ud83e\uddb6Designade f\u00f6r daglig avkoppling och \u00e5terh\u00e4mtning, kombinerar denna uppv\u00e4rmda fot- och fotledsmassagerare terapeutisk v\u00e4rme och kontrollerad vibration f\u00f6r att lindra sp\u00e4nningar, stelhet och obehag.","og_url":"https:\/\/deravio.com\/se\/produkt\/fot-ankel-assager\/","og_site_name":"Deravio SE","article_modified_time":"2026-04-27T10:32:43+00:00","og_image":[{"width":1000,"height":1000,"url":"https:\/\/deravio.com\/se\/wp-content\/uploads\/sites\/20\/2026\/04\/2d78xcy-1.png","type":"image\/png"}],"twitter_card":"summary_large_image","twitter_misc":{"Ansl. lesetid":"2 minutter"},"schema":{"@context":"https:\/\/schema.org","@graph":[{"@type":"WebPage","@id":"https:\/\/deravio.com\/se\/produkt\/fot-ankel-assager\/","url":"https:\/\/deravio.com\/se\/produkt\/fot-ankel-assager\/","name":"Fot ankel assager - Deravio SE","isPartOf":{"@id":"https:\/\/deravio.com\/se\/#website"},"primaryImageOfPage":{"@id":"https:\/\/deravio.com\/se\/produkt\/fot-ankel-assager\/#primaryimage"},"image":{"@id":"https:\/\/deravio.com\/se\/produkt\/fot-ankel-assager\/#primaryimage"},"thumbnailUrl":"https:\/\/deravio.com\/se\/wp-content\/uploads\/sites\/20\/2026\/04\/2d78xcy-1.png","datePublished":"2026-04-27T08:55:13+00:00","dateModified":"2026-04-27T10:32:43+00:00","breadcrumb":{"@id":"https:\/\/deravio.com\/se\/produkt\/fot-ankel-assager\/#breadcrumb"},"inLanguage":"nb-NO","potentialAction":[{"@type":"ReadAction","target":["https:\/\/deravio.com\/se\/produkt\/fot-ankel-assager\/"]}]},{"@type":"ImageObject","inLanguage":"nb-NO","@id":"https:\/\/deravio.com\/se\/produkt\/fot-ankel-assager\/#primaryimage","url":"https:\/\/deravio.com\/se\/wp-content\/uploads\/sites\/20\/2026\/04\/2d78xcy-1.png","contentUrl":"https:\/\/deravio.com\/se\/wp-content\/uploads\/sites\/20\/2026\/04\/2d78xcy-1.png","width":1000,"height":1000},{"@type":"BreadcrumbList","@id":"https:\/\/deravio.com\/se\/produkt\/fot-ankel-assager\/#breadcrumb","itemListElement":[{"@type":"ListItem","position":1,"name":"Home","item":"https:\/\/deravio.com\/se\/"},{"@type":"ListItem","position":2,"name":"Butik","item":"https:\/\/deravio.com\/se\/butik\/"},{"@type":"ListItem","position":3,"name":"Fot ankel assager"}]},{"@type":"WebSite","@id":"https:\/\/deravio.com\/se\/#website","url":"https:\/\/deravio.com\/se\/","name":"Deravio SE","description":"","publisher":{"@id":"https:\/\/deravio.com\/se\/#organization"},"potentialAction":[{"@type":"SearchAction","target":{"@type":"EntryPoint","urlTemplate":"https:\/\/deravio.com\/se\/?s={search_term_string}"},"query-input":{"@type":"PropertyValueSpecification","valueRequired":true,"valueName":"search_term_string"}}],"inLanguage":"nb-NO"},{"@type":"Organization","@id":"https:\/\/deravio.com\/se\/#organization","name":"Mekulo","url":"https:\/\/deravio.com\/se\/","logo":{"@type":"ImageObject","inLanguage":"nb-NO","@id":"https:\/\/deravio.com\/se\/#\/schema\/logo\/image\/","url":"https:\/\/deravio.com\/se\/wp-content\/uploads\/sites\/20\/2025\/12\/favicon_mekulo.png","contentUrl":"https:\/\/deravio.com\/se\/wp-content\/uploads\/sites\/20\/2025\/12\/favicon_mekulo.png","width":50,"height":50,"caption":"Mekulo"},"image":{"@id":"https:\/\/deravio.com\/se\/#\/schema\/logo\/image\/"}}]}},"_links":{"self":[{"href":"https:\/\/deravio.com\/se\/wp-json\/wp\/v2\/product\/23534","targetHints":{"allow":["GET"]}}],"collection":[{"href":"https:\/\/deravio.com\/se\/wp-json\/wp\/v2\/product"}],"about":[{"href":"https:\/\/deravio.com\/se\/wp-json\/wp\/v2\/types\/product"}],"replies":[{"embeddable":true,"href":"https:\/\/deravio.com\/se\/wp-json\/wp\/v2\/comments?post=23534"}],"wp:featuredmedia":[{"embeddable":true,"href":"https:\/\/deravio.com\/se\/wp-json\/wp\/v2\/media\/23530"}],"wp:attachment":[{"href":"https:\/\/deravio.com\/se\/wp-json\/wp\/v2\/media?parent=23534"}],"wp:term":[{"taxonomy":"product_brand","embeddable":true,"href":"https:\/\/deravio.com\/se\/wp-json\/wp\/v2\/product_brand?post=23534"},{"taxonomy":"product_cat","embeddable":true,"href":"https:\/\/deravio.com\/se\/wp-json\/wp\/v2\/product_cat?post=23534"},{"taxonomy":"product_tag","embeddable":true,"href":"https:\/\/deravio.com\/se\/wp-json\/wp\/v2\/product_tag?post=23534"}],"curies":[{"name":"wp","href":"https:\/\/api.w.org\/{rel}","templated":true}]}}