{"id":23515,"date":"2026-04-27T11:53:29","date_gmt":"2026-04-27T08:53:29","guid":{"rendered":"https:\/\/deravio.com\/se\/produkt\/mansken-moissanit-ring\/"},"modified":"2026-04-27T13:31:18","modified_gmt":"2026-04-27T10:31:18","slug":"mansken-moissanit-ring","status":"publish","type":"product","link":"https:\/\/deravio.com\/se\/produkt\/mansken-moissanit-ring\/","title":{"rendered":"M\u00e5nsken moissanit ring"},"content":{"rendered":"<h2 style=\"text-align: center;\" data-start=\"279\" data-end=\"295\">\u2728 L\u00f6ftet<\/h2>\n<p style=\"text-align: center;\" data-start=\"297\" data-end=\"364\">Enduring sparkle.<br data-start=\"314\" data-end=\"317\" \/>Graceful design.<br data-start=\"333\" data-end=\"336\" \/>En ring som \u00e4r gjord f\u00f6r att v\u00e5rdas \u00f6mt.<\/p>\n<p data-start=\"297\" data-end=\"364\"><img fetchpriority=\"high\" decoding=\"async\" class=\" wp-image-26750 aligncenter\" src=\"https:\/\/mekulo.com\/template\/wp-content\/uploads\/sites\/6\/2026\/03\/122114-ezgif.com-video-to-webp-converter.webp\" alt=\"\" width=\"550\" height=\"550\" \/><\/p>\n<h2 style=\"text-align: center;\" data-start=\"371\" data-end=\"389\">\u2705 Huvudf\u00f6rdelar<\/h2>\n<p data-start=\"393\" data-end=\"497\">\ud83d\udc8e Bl\u00e4ndande moissanitbriljans &#8211; Exceptionell eld och klarhet som konkurrerar med traditionella diamanter.<\/p>\n<p data-start=\"501\" data-end=\"591\">\ud83d\udc8d Elegant halo-design &#8211; F\u00f6rb\u00e4ttrar mittstenen f\u00f6r extra str\u00e5lning och dimension.<\/p>\n<p data-start=\"595\" data-end=\"700\">\ud83c\udf3f 925 sterling silverinfattning &#8211; H\u00e5llbar, hudv\u00e4nlig och motst\u00e5ndskraftig mot missf\u00e4rgning.<\/p>\n<p data-start=\"704\" data-end=\"783\">\u2728 Bekv\u00e4m vardagskl\u00e4dsel &#8211; Sl\u00e4t finish utformad f\u00f6r varaktig komfort.<\/p>\n<p data-start=\"787\" data-end=\"882\">\ud83c\udf81 Ett meningsfullt presentval &#8211; Perfekt f\u00f6r f\u00f6rlovningar, \u00e5rsdagar eller hj\u00e4rtliga stunder.<\/p>\n<p data-start=\"886\" data-end=\"961\">\ud83c\udf19 Tidl\u00f6s rund slipning &#8211; En klassisk form som aldrig g\u00e5r ur stil.<\/p>\n<h2 style=\"text-align: center;\" data-start=\"968\" data-end=\"991\">\u2757 Problem \u2192 L\u00f6sning \u2705<\/h2>\n<p data-start=\"993\" data-end=\"1077\"><strong data-start=\"993\" data-end=\"1005\">Problem:<\/strong><br data-start=\"1005\" data-end=\"1008\" \/>M\u00e5nga statementringar f\u00f6rlorar sin glans med tiden eller irriterar k\u00e4nslig hud.<\/p>\n<p data-start=\"1079\" data-end=\"1223\"><strong data-start=\"1079\" data-end=\"1092\">L\u00f6sning:<\/strong><br data-start=\"1092\" data-end=\"1095\" \/>Tillverkad i sterlingsilver med h\u00f6gkvalitativ moissanit, beh\u00e5ller den h\u00e4r ringen sin glans samtidigt som den \u00e4r skonsam mot din hud.<\/p>\n<p data-start=\"1079\" data-end=\"1223\"><img decoding=\"async\" class=\" wp-image-26749 aligncenter\" src=\"https:\/\/mekulo.com\/template\/wp-content\/uploads\/sites\/6\/2026\/03\/122115-ezgif.com-video-to-webp-converter.webp\" alt=\"\" width=\"550\" height=\"550\" \/><\/p>\n<h2 style=\"text-align: center;\" data-start=\"1262\" data-end=\"1288\">\ud83d\udc96 Perfekt f\u00f6r<\/h2>\n<ul data-start=\"1304\" data-end=\"1407\">\n<li data-start=\"1304\" data-end=\"1319\">\n<p data-start=\"1306\" data-end=\"1319\">F\u00f6rlovningar<\/p>\n<\/li>\n<li data-start=\"1320\" data-end=\"1337\">\n<p data-start=\"1322\" data-end=\"1337\">Jubileer<\/p>\n<\/li>\n<li data-start=\"1338\" data-end=\"1362\">\n<p data-start=\"1340\" data-end=\"1362\">Br\u00f6llopsfester<\/p>\n<\/li>\n<li data-start=\"1363\" data-end=\"1381\">\n<p data-start=\"1365\" data-end=\"1381\">Romantiska g\u00e5vor<\/p>\n<\/li>\n<li data-start=\"1382\" data-end=\"1407\">\n<p data-start=\"1384\" data-end=\"1407\">Elegant vardagskl\u00e4dsel<\/p>\n<\/li>\n<\/ul>\n<p data-start=\"1409\" data-end=\"1479\">En ring som kompletterar b\u00e5de formella tillf\u00e4llen och raffinerad daglig stil.<\/p>\n<h2 style=\"text-align: center;\" data-start=\"1486\" data-end=\"1510\">\u2699\ufe0f Hur man anv\u00e4nder<\/h2>\n<ol data-start=\"1512\" data-end=\"1671\">\n<li data-start=\"1512\" data-end=\"1541\">\n<p data-start=\"1515\" data-end=\"1541\">Glid f\u00f6rsiktigt p\u00e5 fingret.<\/p>\n<\/li>\n<li data-start=\"1542\" data-end=\"1581\">\n<p data-start=\"1545\" data-end=\"1581\">Undvik kontakt med h\u00e5rda kemikalier.<\/p>\n<\/li>\n<li data-start=\"1582\" data-end=\"1631\">\n<p data-start=\"1585\" data-end=\"1631\">Reng\u00f6r med mjuk trasa f\u00f6r att bibeh\u00e5lla glansen.<\/p>\n<\/li>\n<li data-start=\"1632\" data-end=\"1671\">\n<p data-start=\"1635\" data-end=\"1671\">F\u00f6rvara separat f\u00f6r att bevara glansen.<\/p>\n<\/li>\n<\/ol>\n<h2 style=\"text-align: center;\" data-start=\"1711\" data-end=\"1732\">\ud83d\udcd0 Produktdetaljer<\/h2>\n<ul data-start=\"1734\" data-end=\"1944\">\n<li data-start=\"1734\" data-end=\"1793\">\n<p data-start=\"1736\" data-end=\"1793\">Huvudsten: Rund Moissanite (3CT alternativ tillg\u00e4ngligt)<\/p>\n<\/li>\n<li data-start=\"1834\" data-end=\"1871\">\n<p data-start=\"1836\" data-end=\"1871\">Material: 925 sterling silver<\/p>\n<\/li>\n<li data-start=\"1872\" data-end=\"1908\">\n<p data-start=\"1874\" data-end=\"1908\">Tillg\u00e4ngliga storlekar: 6 (16,5 mm), 7 (17,3 mm), 8 (18 mm), 9 (18,9 mm), 10 (19,8 mm)<\/p>\n<\/li>\n<li data-start=\"1909\" data-end=\"1944\">\n<p data-start=\"1911\" data-end=\"1944\">Design: Dold halofattning<\/p>\n<\/li>\n<\/ul>\n<h2 style=\"text-align: center;\" data-start=\"1995\" data-end=\"2017\">\ud83d\udce6 F\u00f6rpackningen inneh\u00e5ller<\/h2>\n<ul data-start=\"2019\" data-end=\"2052\">\n<li data-start=\"2019\" data-end=\"2052\">\n<p data-start=\"2021\" data-end=\"2052\">1x moonlight moissanitring.<\/p>\n<\/li>\n<\/ul>\n","protected":false},"excerpt":{"rendered":"<p>\ud83d\udc8eEn gl\u00f6d som k\u00e4nns evig.<br \/>\n\ud83d\udd90\ufe0fBrilliant eld. Tidl\u00f6s elegans.<br \/>\n<span style=\"font-size: 16px; font-style: normal; font-weight: 400;\">\ud83d\udc8d<\/span>Den h\u00e4r moissanitringen med m\u00e5nsken f\u00e5ngar ljus fr\u00e5n alla vinklar och erbjuder utstr\u00e5lningen av fina smycken med en raffinerad, modern touch.<\/p>\n","protected":false},"featured_media":23511,"comment_status":"open","ping_status":"closed","template":"","meta":{"site-sidebar-layout":"default","site-content-layout":"","ast-site-content-layout":"default","site-content-style":"default","site-sidebar-style":"default","ast-global-header-display":"","ast-banner-title-visibility":"","ast-main-header-display":"","ast-hfb-above-header-display":"","ast-hfb-below-header-display":"","ast-hfb-mobile-header-display":"","site-post-title":"","ast-breadcrumbs-content":"","ast-featured-img":"","footer-sml-layout":"","ast-disable-related-posts":"","theme-transparent-header-meta":"default","adv-header-id-meta":"","stick-header-meta":"","header-above-stick-meta":"","header-main-stick-meta":"","header-below-stick-meta":"","astra-migrate-meta-layouts":"set","ast-page-background-enabled":"default","ast-page-background-meta":{"desktop":{"background-color":"var(--ast-global-color-5)","background-image":"","background-repeat":"repeat","background-position":"center center","background-size":"auto","background-attachment":"scroll","background-type":"","background-media":"","overlay-type":"","overlay-color":"","overlay-opacity":"","overlay-gradient":""},"tablet":{"background-color":"","background-image":"","background-repeat":"repeat","background-position":"center center","background-size":"auto","background-attachment":"scroll","background-type":"","background-media":"","overlay-type":"","overlay-color":"","overlay-opacity":"","overlay-gradient":""},"mobile":{"background-color":"","background-image":"","background-repeat":"repeat","background-position":"center center","background-size":"auto","background-attachment":"scroll","background-type":"","background-media":"","overlay-type":"","overlay-color":"","overlay-opacity":"","overlay-gradient":""}},"ast-content-background-meta":{"desktop":{"background-color":"var(--ast-global-color-4)","background-image":"","background-repeat":"repeat","background-position":"center center","background-size":"auto","background-attachment":"scroll","background-type":"","background-media":"","overlay-type":"","overlay-color":"","overlay-opacity":"","overlay-gradient":""},"tablet":{"background-color":"var(--ast-global-color-4)","background-image":"","background-repeat":"repeat","background-position":"center center","background-size":"auto","background-attachment":"scroll","background-type":"","background-media":"","overlay-type":"","overlay-color":"","overlay-opacity":"","overlay-gradient":""},"mobile":{"background-color":"var(--ast-global-color-4)","background-image":"","background-repeat":"repeat","background-position":"center center","background-size":"auto","background-attachment":"scroll","background-type":"","background-media":"","overlay-type":"","overlay-color":"","overlay-opacity":"","overlay-gradient":""}}},"product_brand":[],"product_cat":[165],"product_tag":[],"class_list":{"0":"post-23515","1":"product","2":"type-product","3":"status-publish","4":"has-post-thumbnail","6":"product_cat-skor-accessoarer","7":"pa_64208_qlmpfw5w-1840","8":"pa_64208_qlmpfw5w-1841","9":"pa_64208_qlmpfw5w-1842","10":"pa_64208_qlmpfw5w-1843","11":"pa_64208_qlmpfw5w-1844","12":"desktop-align-left","13":"tablet-align-left","14":"mobile-align-left","16":"first","17":"instock","18":"shipping-taxable","19":"purchasable","20":"product-type-variable"},"yoast_head":"<!-- This site is optimized with the Yoast SEO plugin v27.4 - https:\/\/yoast.com\/product\/yoast-seo-wordpress\/ -->\n<title>M\u00e5nsken moissanit ring - Deravio SE<\/title>\n<meta name=\"robots\" content=\"index, follow, max-snippet:-1, max-image-preview:large, max-video-preview:-1\" \/>\n<link rel=\"canonical\" href=\"https:\/\/deravio.com\/se\/produkt\/mansken-moissanit-ring\/\" \/>\n<meta property=\"og:locale\" content=\"sv_SE\" \/>\n<meta property=\"og:type\" content=\"article\" \/>\n<meta property=\"og:title\" content=\"M\u00e5nsken moissanit ring - Deravio SE\" \/>\n<meta property=\"og:description\" content=\"\ud83d\udc8eEn gl\u00f6d som k\u00e4nns evig. \ud83d\udd90\ufe0fBrilliant eld. Tidl\u00f6s elegans. \ud83d\udc8dDen h\u00e4r moissanitringen med m\u00e5nsken f\u00e5ngar ljus fr\u00e5n alla vinklar och erbjuder utstr\u00e5lningen av fina smycken med en raffinerad, modern touch.\" \/>\n<meta property=\"og:url\" content=\"https:\/\/deravio.com\/se\/produkt\/mansken-moissanit-ring\/\" \/>\n<meta property=\"og:site_name\" content=\"Deravio SE\" \/>\n<meta property=\"article:modified_time\" content=\"2026-04-27T10:31:18+00:00\" \/>\n<meta property=\"og:image\" content=\"https:\/\/deravio.com\/se\/wp-content\/uploads\/sites\/20\/2026\/04\/0xg0c8z-1.webp\" \/>\n\t<meta property=\"og:image:width\" content=\"800\" \/>\n\t<meta property=\"og:image:height\" content=\"800\" \/>\n\t<meta property=\"og:image:type\" content=\"image\/webp\" \/>\n<meta name=\"twitter:card\" content=\"summary_large_image\" \/>\n<meta name=\"twitter:label1\" content=\"Ber\u00e4knad l\u00e4stid\" \/>\n\t<meta name=\"twitter:data1\" content=\"2 minuter\" \/>\n<script type=\"application\/ld+json\" class=\"yoast-schema-graph\">{\"@context\":\"https:\\\/\\\/schema.org\",\"@graph\":[{\"@type\":\"WebPage\",\"@id\":\"https:\\\/\\\/deravio.com\\\/se\\\/produkt\\\/mansken-moissanit-ring\\\/\",\"url\":\"https:\\\/\\\/deravio.com\\\/se\\\/produkt\\\/mansken-moissanit-ring\\\/\",\"name\":\"M\u00e5nsken moissanit ring - Deravio SE\",\"isPartOf\":{\"@id\":\"https:\\\/\\\/deravio.com\\\/se\\\/#website\"},\"primaryImageOfPage\":{\"@id\":\"https:\\\/\\\/deravio.com\\\/se\\\/produkt\\\/mansken-moissanit-ring\\\/#primaryimage\"},\"image\":{\"@id\":\"https:\\\/\\\/deravio.com\\\/se\\\/produkt\\\/mansken-moissanit-ring\\\/#primaryimage\"},\"thumbnailUrl\":\"https:\\\/\\\/deravio.com\\\/se\\\/wp-content\\\/uploads\\\/sites\\\/20\\\/2026\\\/04\\\/0xg0c8z-1.webp\",\"datePublished\":\"2026-04-27T08:53:29+00:00\",\"dateModified\":\"2026-04-27T10:31:18+00:00\",\"breadcrumb\":{\"@id\":\"https:\\\/\\\/deravio.com\\\/se\\\/produkt\\\/mansken-moissanit-ring\\\/#breadcrumb\"},\"inLanguage\":\"sv-SE\",\"potentialAction\":[{\"@type\":\"ReadAction\",\"target\":[\"https:\\\/\\\/deravio.com\\\/se\\\/produkt\\\/mansken-moissanit-ring\\\/\"]}]},{\"@type\":\"ImageObject\",\"inLanguage\":\"sv-SE\",\"@id\":\"https:\\\/\\\/deravio.com\\\/se\\\/produkt\\\/mansken-moissanit-ring\\\/#primaryimage\",\"url\":\"https:\\\/\\\/deravio.com\\\/se\\\/wp-content\\\/uploads\\\/sites\\\/20\\\/2026\\\/04\\\/0xg0c8z-1.webp\",\"contentUrl\":\"https:\\\/\\\/deravio.com\\\/se\\\/wp-content\\\/uploads\\\/sites\\\/20\\\/2026\\\/04\\\/0xg0c8z-1.webp\",\"width\":800,\"height\":800},{\"@type\":\"BreadcrumbList\",\"@id\":\"https:\\\/\\\/deravio.com\\\/se\\\/produkt\\\/mansken-moissanit-ring\\\/#breadcrumb\",\"itemListElement\":[{\"@type\":\"ListItem\",\"position\":1,\"name\":\"Home\",\"item\":\"https:\\\/\\\/deravio.com\\\/se\\\/\"},{\"@type\":\"ListItem\",\"position\":2,\"name\":\"Butik\",\"item\":\"https:\\\/\\\/deravio.com\\\/se\\\/butik\\\/\"},{\"@type\":\"ListItem\",\"position\":3,\"name\":\"M\u00e5nsken moissanit ring\"}]},{\"@type\":\"WebSite\",\"@id\":\"https:\\\/\\\/deravio.com\\\/se\\\/#website\",\"url\":\"https:\\\/\\\/deravio.com\\\/se\\\/\",\"name\":\"Deravio SE\",\"description\":\"\",\"publisher\":{\"@id\":\"https:\\\/\\\/deravio.com\\\/se\\\/#organization\"},\"potentialAction\":[{\"@type\":\"SearchAction\",\"target\":{\"@type\":\"EntryPoint\",\"urlTemplate\":\"https:\\\/\\\/deravio.com\\\/se\\\/?s={search_term_string}\"},\"query-input\":{\"@type\":\"PropertyValueSpecification\",\"valueRequired\":true,\"valueName\":\"search_term_string\"}}],\"inLanguage\":\"sv-SE\"},{\"@type\":\"Organization\",\"@id\":\"https:\\\/\\\/deravio.com\\\/se\\\/#organization\",\"name\":\"Mekulo\",\"url\":\"https:\\\/\\\/deravio.com\\\/se\\\/\",\"logo\":{\"@type\":\"ImageObject\",\"inLanguage\":\"sv-SE\",\"@id\":\"https:\\\/\\\/deravio.com\\\/se\\\/#\\\/schema\\\/logo\\\/image\\\/\",\"url\":\"https:\\\/\\\/deravio.com\\\/se\\\/wp-content\\\/uploads\\\/sites\\\/20\\\/2025\\\/12\\\/favicon_mekulo.png\",\"contentUrl\":\"https:\\\/\\\/deravio.com\\\/se\\\/wp-content\\\/uploads\\\/sites\\\/20\\\/2025\\\/12\\\/favicon_mekulo.png\",\"width\":50,\"height\":50,\"caption\":\"Mekulo\"},\"image\":{\"@id\":\"https:\\\/\\\/deravio.com\\\/se\\\/#\\\/schema\\\/logo\\\/image\\\/\"}}]}<\/script>\n<!-- \/ Yoast SEO plugin. -->","yoast_head_json":{"title":"M\u00e5nsken moissanit ring - Deravio SE","robots":{"index":"index","follow":"follow","max-snippet":"max-snippet:-1","max-image-preview":"max-image-preview:large","max-video-preview":"max-video-preview:-1"},"canonical":"https:\/\/deravio.com\/se\/produkt\/mansken-moissanit-ring\/","og_locale":"sv_SE","og_type":"article","og_title":"M\u00e5nsken moissanit ring - Deravio SE","og_description":"\ud83d\udc8eEn gl\u00f6d som k\u00e4nns evig. \ud83d\udd90\ufe0fBrilliant eld. Tidl\u00f6s elegans. \ud83d\udc8dDen h\u00e4r moissanitringen med m\u00e5nsken f\u00e5ngar ljus fr\u00e5n alla vinklar och erbjuder utstr\u00e5lningen av fina smycken med en raffinerad, modern touch.","og_url":"https:\/\/deravio.com\/se\/produkt\/mansken-moissanit-ring\/","og_site_name":"Deravio SE","article_modified_time":"2026-04-27T10:31:18+00:00","og_image":[{"width":800,"height":800,"url":"https:\/\/deravio.com\/se\/wp-content\/uploads\/sites\/20\/2026\/04\/0xg0c8z-1.webp","type":"image\/webp"}],"twitter_card":"summary_large_image","twitter_misc":{"Ber\u00e4knad l\u00e4stid":"2 minuter"},"schema":{"@context":"https:\/\/schema.org","@graph":[{"@type":"WebPage","@id":"https:\/\/deravio.com\/se\/produkt\/mansken-moissanit-ring\/","url":"https:\/\/deravio.com\/se\/produkt\/mansken-moissanit-ring\/","name":"M\u00e5nsken moissanit ring - Deravio SE","isPartOf":{"@id":"https:\/\/deravio.com\/se\/#website"},"primaryImageOfPage":{"@id":"https:\/\/deravio.com\/se\/produkt\/mansken-moissanit-ring\/#primaryimage"},"image":{"@id":"https:\/\/deravio.com\/se\/produkt\/mansken-moissanit-ring\/#primaryimage"},"thumbnailUrl":"https:\/\/deravio.com\/se\/wp-content\/uploads\/sites\/20\/2026\/04\/0xg0c8z-1.webp","datePublished":"2026-04-27T08:53:29+00:00","dateModified":"2026-04-27T10:31:18+00:00","breadcrumb":{"@id":"https:\/\/deravio.com\/se\/produkt\/mansken-moissanit-ring\/#breadcrumb"},"inLanguage":"sv-SE","potentialAction":[{"@type":"ReadAction","target":["https:\/\/deravio.com\/se\/produkt\/mansken-moissanit-ring\/"]}]},{"@type":"ImageObject","inLanguage":"sv-SE","@id":"https:\/\/deravio.com\/se\/produkt\/mansken-moissanit-ring\/#primaryimage","url":"https:\/\/deravio.com\/se\/wp-content\/uploads\/sites\/20\/2026\/04\/0xg0c8z-1.webp","contentUrl":"https:\/\/deravio.com\/se\/wp-content\/uploads\/sites\/20\/2026\/04\/0xg0c8z-1.webp","width":800,"height":800},{"@type":"BreadcrumbList","@id":"https:\/\/deravio.com\/se\/produkt\/mansken-moissanit-ring\/#breadcrumb","itemListElement":[{"@type":"ListItem","position":1,"name":"Home","item":"https:\/\/deravio.com\/se\/"},{"@type":"ListItem","position":2,"name":"Butik","item":"https:\/\/deravio.com\/se\/butik\/"},{"@type":"ListItem","position":3,"name":"M\u00e5nsken moissanit ring"}]},{"@type":"WebSite","@id":"https:\/\/deravio.com\/se\/#website","url":"https:\/\/deravio.com\/se\/","name":"Deravio SE","description":"","publisher":{"@id":"https:\/\/deravio.com\/se\/#organization"},"potentialAction":[{"@type":"SearchAction","target":{"@type":"EntryPoint","urlTemplate":"https:\/\/deravio.com\/se\/?s={search_term_string}"},"query-input":{"@type":"PropertyValueSpecification","valueRequired":true,"valueName":"search_term_string"}}],"inLanguage":"sv-SE"},{"@type":"Organization","@id":"https:\/\/deravio.com\/se\/#organization","name":"Mekulo","url":"https:\/\/deravio.com\/se\/","logo":{"@type":"ImageObject","inLanguage":"sv-SE","@id":"https:\/\/deravio.com\/se\/#\/schema\/logo\/image\/","url":"https:\/\/deravio.com\/se\/wp-content\/uploads\/sites\/20\/2025\/12\/favicon_mekulo.png","contentUrl":"https:\/\/deravio.com\/se\/wp-content\/uploads\/sites\/20\/2025\/12\/favicon_mekulo.png","width":50,"height":50,"caption":"Mekulo"},"image":{"@id":"https:\/\/deravio.com\/se\/#\/schema\/logo\/image\/"}}]}},"_links":{"self":[{"href":"https:\/\/deravio.com\/se\/wp-json\/wp\/v2\/product\/23515","targetHints":{"allow":["GET"]}}],"collection":[{"href":"https:\/\/deravio.com\/se\/wp-json\/wp\/v2\/product"}],"about":[{"href":"https:\/\/deravio.com\/se\/wp-json\/wp\/v2\/types\/product"}],"replies":[{"embeddable":true,"href":"https:\/\/deravio.com\/se\/wp-json\/wp\/v2\/comments?post=23515"}],"wp:featuredmedia":[{"embeddable":true,"href":"https:\/\/deravio.com\/se\/wp-json\/wp\/v2\/media\/23511"}],"wp:attachment":[{"href":"https:\/\/deravio.com\/se\/wp-json\/wp\/v2\/media?parent=23515"}],"wp:term":[{"taxonomy":"product_brand","embeddable":true,"href":"https:\/\/deravio.com\/se\/wp-json\/wp\/v2\/product_brand?post=23515"},{"taxonomy":"product_cat","embeddable":true,"href":"https:\/\/deravio.com\/se\/wp-json\/wp\/v2\/product_cat?post=23515"},{"taxonomy":"product_tag","embeddable":true,"href":"https:\/\/deravio.com\/se\/wp-json\/wp\/v2\/product_tag?post=23515"}],"curies":[{"name":"wp","href":"https:\/\/api.w.org\/{rel}","templated":true}]}}