{"id":23372,"date":"2026-04-27T11:40:11","date_gmt":"2026-04-27T08:40:11","guid":{"rendered":"https:\/\/deravio.com\/se\/produkt\/barbar-multifunktionell-juicepress-med-digital-display\/"},"modified":"2026-04-27T11:40:25","modified_gmt":"2026-04-27T08:40:25","slug":"barbar-multifunktionell-juicepress-med-digital-display","status":"publish","type":"product","link":"https:\/\/deravio.com\/se\/produkt\/barbar-multifunktionell-juicepress-med-digital-display\/","title":{"rendered":"B\u00e4rbar multifunktionell juicepress med digital display"},"content":{"rendered":"<h2 style=\"text-align: center\" data-start=\"340\" data-end=\"356\">\u2728 L\u00f6ftet<\/h2>\n<p style=\"text-align: center\" data-start=\"358\" data-end=\"427\">Kraftfull blandning.<br data-start=\"376\" data-end=\"379\" \/>\u00c4kta b\u00e4rbarhet.<br data-start=\"396\" data-end=\"399\" \/>Ren, enkel n\u00e4ring.<\/p>\n<p data-start=\"358\" data-end=\"427\"><img fetchpriority=\"high\" decoding=\"async\" class=\" wp-image-26573 aligncenter\" src=\"https:\/\/mekulo.com\/template\/wp-content\/uploads\/sites\/6\/2026\/03\/12216-ezgif.com-video-to-webp-converter.webp\" alt=\"\" width=\"550\" height=\"550\" \/><\/p>\n<h2 style=\"text-align: center\" data-start=\"434\" data-end=\"452\">\u2705 Huvudf\u00f6rdelar<\/h2>\n<p data-start=\"456\" data-end=\"530\">\ud83e\udd64 Blanda och drick i en kopp &#8211; du beh\u00f6ver inte \u00f6verf\u00f6ra till en annan flaska.<\/p>\n<p data-start=\"534\" data-end=\"630\">\u26a1 Kraftfullt flerbladssystem &#8211; j\u00e4mna resultat fr\u00e5n frukt, gr\u00f6nsaker och proteinblandningar.<\/p>\n<p data-start=\"634\" data-end=\"714\">\ud83d\udcf1 Smart digital display &#8211; \u00f6vervaka enkelt blandningstid och batteriniv\u00e5.<\/p>\n<p data-start=\"718\" data-end=\"792\">\ud83d\udd0b Tr\u00e5dl\u00f6s bekv\u00e4mlighet &#8211; Uppladdningsbar design f\u00f6r fullst\u00e4ndig mobilitet.<\/p>\n<p data-start=\"796\" data-end=\"871\">\ud83e\uddc3 Stor kapacitet p\u00e5 1200 ml &#8211; Tillred tillr\u00e4ckligt med juice f\u00f6r dina dagliga behov.<\/p>\n<p data-start=\"875\" data-end=\"952\">\ud83d\udee1 Livsmedelsklassade material &#8211; S\u00e4kra, h\u00e5llbara och utformade f\u00f6r daglig anv\u00e4ndning.<\/p>\n<p data-start=\"956\" data-end=\"1024\">\u270b Bekv\u00e4mt halkfritt grepp &#8211; L\u00e4tt att h\u00e5lla och b\u00e4ra med sig \u00f6verallt.<\/p>\n<h2 style=\"text-align: center\" data-start=\"1031\" data-end=\"1054\">\u2757 Problem \u2192 L\u00f6sning<\/h2>\n<p data-start=\"1056\" data-end=\"1145\"><strong data-start=\"1056\" data-end=\"1068\">Problem:<\/strong><br data-start=\"1068\" data-end=\"1071\" \/>Traditionella bl\u00e4ndare \u00e4r skrymmande, kabelanslutna och obekv\u00e4ma f\u00f6r upptagna rutiner.<\/p>\n<p data-start=\"1147\" data-end=\"1266\"><strong data-start=\"1147\" data-end=\"1160\">L\u00f6sning:<\/strong><br data-start=\"1160\" data-end=\"1163\" \/>Med den h\u00e4r b\u00e4rbara juicemaskinen kan du tillaga f\u00e4rska drycker var du \u00e4n \u00e4r &#8211; p\u00e5 gymmet, kontoret, resan eller utomhus.<\/p>\n<p data-start=\"1147\" data-end=\"1266\"><img decoding=\"async\" class=\" wp-image-26572 aligncenter\" src=\"https:\/\/mekulo.com\/template\/wp-content\/uploads\/sites\/6\/2026\/03\/12217-ezgif.com-video-to-webp-converter.webp\" alt=\"\" width=\"550\" height=\"550\" \/><\/p>\n<h2 style=\"text-align: center\" data-start=\"1327\" data-end=\"1353\">\ud83c\udf3f Perfekt f\u00f6r<\/h2>\n<ul data-start=\"1369\" data-end=\"1489\">\n<li data-start=\"1369\" data-end=\"1390\">\n<p data-start=\"1371\" data-end=\"1390\">Morgonsmoothies<\/p>\n<\/li>\n<li data-start=\"1391\" data-end=\"1422\">\n<p data-start=\"1393\" data-end=\"1422\">Proteinshakes efter tr\u00e4ning<\/p>\n<\/li>\n<li data-start=\"1423\" data-end=\"1443\">\n<p data-start=\"1425\" data-end=\"1443\">V\u00e4tskeers\u00e4ttning p\u00e5 kontoret<\/p>\n<\/li>\n<li data-start=\"1444\" data-end=\"1464\">\n<p data-start=\"1446\" data-end=\"1464\">Resor och camping<\/p>\n<\/li>\n<li data-start=\"1465\" data-end=\"1489\">\n<p data-start=\"1467\" data-end=\"1489\">Studenter och studenthem<\/p>\n<\/li>\n<\/ul>\n<p data-start=\"1491\" data-end=\"1545\">H\u00e5ll dig energisk utan att f\u00f6rlita dig p\u00e5 k\u00f6pta drycker.<\/p>\n<h2 style=\"text-align: center\" data-start=\"1552\" data-end=\"1568\">\u2699\ufe0f Hur man anv\u00e4nder<\/h2>\n<ol data-start=\"1570\" data-end=\"1726\">\n<li data-start=\"1570\" data-end=\"1607\">\n<p data-start=\"1573\" data-end=\"1607\">L\u00e4gg till hackad frukt eller ingredienser.<\/p>\n<\/li>\n<li data-start=\"1608\" data-end=\"1638\">\n<p data-start=\"1611\" data-end=\"1638\">L\u00e4gg till vatten, mj\u00f6lk eller juice.<\/p>\n<\/li>\n<li data-start=\"1639\" data-end=\"1662\">\n<p data-start=\"1642\" data-end=\"1662\">St\u00e4ng locket ordentligt.<\/p>\n<\/li>\n<li data-start=\"1663\" data-end=\"1693\">\n<p data-start=\"1666\" data-end=\"1693\">Tryck p\u00e5 en knapp f\u00f6r att blanda.<\/p>\n<\/li>\n<li data-start=\"1694\" data-end=\"1726\">\n<p data-start=\"1697\" data-end=\"1726\">Drick direkt fr\u00e5n koppen.<\/p>\n<\/li>\n<\/ol>\n<h2 style=\"text-align: center\" data-start=\"1765\" data-end=\"1786\">\ud83d\udcd0 Produktdetaljer<\/h2>\n<ul data-start=\"1788\" data-end=\"2054\">\n<li data-start=\"1788\" data-end=\"1812\">\n<p data-start=\"1790\" data-end=\"1812\">Kapacitet: 1200ml<\/p>\n<\/li>\n<li data-start=\"1813\" data-end=\"1837\">\n<p data-start=\"1815\" data-end=\"1837\">Nettovikt: 470g<\/p>\n<\/li>\n<li data-start=\"1838\" data-end=\"1857\">\n<p data-start=\"1840\" data-end=\"1857\">Effekt: 150W<\/p>\n<\/li>\n<li data-start=\"1858\" data-end=\"1879\">\n<p data-start=\"1860\" data-end=\"1879\">Voltage: \u226436V<\/p>\n<\/li>\n<li data-start=\"1880\" data-end=\"1921\">\n<p data-start=\"1882\" data-end=\"1921\">Material: PC + livsmedelsgodk\u00e4nd plast<\/p>\n<\/li>\n<li data-start=\"1959\" data-end=\"2010\">\n<p data-start=\"1961\" data-end=\"2010\">Blad system: Multibladig h\u00f6ghastighetsdesign<\/p>\n<\/li>\n<li data-start=\"2011\" data-end=\"2054\">\n<p data-start=\"2013\" data-end=\"2054\">Display: Intelligent digital sk\u00e4rm<\/p>\n<\/li>\n<\/ul>\n<h2 style=\"text-align: center\" data-start=\"2116\" data-end=\"2138\">\ud83d\udce6 Paketet inneh\u00e5ller<\/h2>\n<ul data-start=\"2140\" data-end=\"2200\">\n<li data-start=\"2140\" data-end=\"2200\">\n<p data-start=\"2142\" data-end=\"2200\">1x b\u00e4rbar multifunktionell juicepress med digital display<\/p>\n<\/li>\n<li data-start=\"2140\" data-end=\"2200\">\n<p data-start=\"2142\" data-end=\"2200\">1x bruksanvisning<\/p>\n<\/li>\n<li data-start=\"2140\" data-end=\"2200\">\n<p data-start=\"2142\" data-end=\"2200\">1x laddningskabel.<\/p>\n<\/li>\n<\/ul>\n","protected":false},"excerpt":{"rendered":"<p>\ud83e\uddc3F\u00e4rsk juice. N\u00e4r som helst. Var som helst.<br \/>\n\ud83c\udf79Blanda, drick och ta med &#8211; allt i en flaska.<br \/>\n\ud83c\udf4aDesignade f\u00f6r hektiska morgnar och aktiva livsstilar, den h\u00e4r b\u00e4rbara multifunktionella juicemaskinen med digital display g\u00f6r f\u00e4rska smoothies och juicer p\u00e5 n\u00e5gra sekunder &#8211; inget k\u00f6k kr\u00e4vs.<\/p>\n","protected":false},"featured_media":23368,"comment_status":"open","ping_status":"closed","template":"","meta":{"site-sidebar-layout":"default","site-content-layout":"","ast-site-content-layout":"default","site-content-style":"default","site-sidebar-style":"default","ast-global-header-display":"","ast-banner-title-visibility":"","ast-main-header-display":"","ast-hfb-above-header-display":"","ast-hfb-below-header-display":"","ast-hfb-mobile-header-display":"","site-post-title":"","ast-breadcrumbs-content":"","ast-featured-img":"","footer-sml-layout":"","ast-disable-related-posts":"","theme-transparent-header-meta":"default","adv-header-id-meta":"","stick-header-meta":"","header-above-stick-meta":"","header-main-stick-meta":"","header-below-stick-meta":"","astra-migrate-meta-layouts":"set","ast-page-background-enabled":"default","ast-page-background-meta":{"desktop":{"background-color":"var(--ast-global-color-5)","background-image":"","background-repeat":"repeat","background-position":"center center","background-size":"auto","background-attachment":"scroll","background-type":"","background-media":"","overlay-type":"","overlay-color":"","overlay-opacity":"","overlay-gradient":""},"tablet":{"background-color":"","background-image":"","background-repeat":"repeat","background-position":"center center","background-size":"auto","background-attachment":"scroll","background-type":"","background-media":"","overlay-type":"","overlay-color":"","overlay-opacity":"","overlay-gradient":""},"mobile":{"background-color":"","background-image":"","background-repeat":"repeat","background-position":"center center","background-size":"auto","background-attachment":"scroll","background-type":"","background-media":"","overlay-type":"","overlay-color":"","overlay-opacity":"","overlay-gradient":""}},"ast-content-background-meta":{"desktop":{"background-color":"var(--ast-global-color-4)","background-image":"","background-repeat":"repeat","background-position":"center center","background-size":"auto","background-attachment":"scroll","background-type":"","background-media":"","overlay-type":"","overlay-color":"","overlay-opacity":"","overlay-gradient":""},"tablet":{"background-color":"var(--ast-global-color-4)","background-image":"","background-repeat":"repeat","background-position":"center center","background-size":"auto","background-attachment":"scroll","background-type":"","background-media":"","overlay-type":"","overlay-color":"","overlay-opacity":"","overlay-gradient":""},"mobile":{"background-color":"var(--ast-global-color-4)","background-image":"","background-repeat":"repeat","background-position":"center center","background-size":"auto","background-attachment":"scroll","background-type":"","background-media":"","overlay-type":"","overlay-color":"","overlay-opacity":"","overlay-gradient":""}}},"product_brand":[],"product_cat":[168],"product_tag":[],"class_list":{"0":"post-23372","1":"product","2":"type-product","3":"status-publish","4":"has-post-thumbnail","6":"product_cat-hushallsprodukter","7":"pa_64052_al4u6fkc-bla","8":"pa_64052_al4u6fkc-gron","9":"pa_64052_al4u6fkc-vit","10":"desktop-align-left","11":"tablet-align-left","12":"mobile-align-left","14":"first","15":"instock","16":"shipping-taxable","17":"purchasable","18":"product-type-variable"},"yoast_head":"<!-- This site is optimized with the Yoast SEO plugin v27.4 - https:\/\/yoast.com\/product\/yoast-seo-wordpress\/ -->\n<title>B\u00e4rbar multifunktionell juicepress med digital display - Deravio SE<\/title>\n<meta name=\"robots\" content=\"index, follow, max-snippet:-1, max-image-preview:large, max-video-preview:-1\" \/>\n<link rel=\"canonical\" href=\"https:\/\/deravio.com\/se\/produkt\/barbar-multifunktionell-juicepress-med-digital-display\/\" \/>\n<meta property=\"og:locale\" content=\"sv_SE\" \/>\n<meta property=\"og:type\" content=\"article\" \/>\n<meta property=\"og:title\" content=\"B\u00e4rbar multifunktionell juicepress med digital display - Deravio SE\" \/>\n<meta property=\"og:description\" content=\"\ud83e\uddc3F\u00e4rsk juice. N\u00e4r som helst. Var som helst. \ud83c\udf79Blanda, drick och ta med - allt i en flaska. \ud83c\udf4aDesignade f\u00f6r hektiska morgnar och aktiva livsstilar, den h\u00e4r b\u00e4rbara multifunktionella juicemaskinen med digital display g\u00f6r f\u00e4rska smoothies och juicer p\u00e5 n\u00e5gra sekunder - inget k\u00f6k kr\u00e4vs.\" \/>\n<meta property=\"og:url\" content=\"https:\/\/deravio.com\/se\/produkt\/barbar-multifunktionell-juicepress-med-digital-display\/\" \/>\n<meta property=\"og:site_name\" content=\"Deravio SE\" \/>\n<meta property=\"article:modified_time\" content=\"2026-04-27T08:40:25+00:00\" \/>\n<meta property=\"og:image\" content=\"https:\/\/deravio.com\/se\/wp-content\/uploads\/sites\/20\/2026\/04\/ulo28mj-1.webp\" \/>\n\t<meta property=\"og:image:width\" content=\"800\" \/>\n\t<meta property=\"og:image:height\" content=\"800\" \/>\n\t<meta property=\"og:image:type\" content=\"image\/webp\" \/>\n<meta name=\"twitter:card\" content=\"summary_large_image\" \/>\n<meta name=\"twitter:label1\" content=\"Ber\u00e4knad l\u00e4stid\" \/>\n\t<meta name=\"twitter:data1\" content=\"2 minuter\" \/>\n<script type=\"application\/ld+json\" class=\"yoast-schema-graph\">{\"@context\":\"https:\\\/\\\/schema.org\",\"@graph\":[{\"@type\":\"WebPage\",\"@id\":\"https:\\\/\\\/deravio.com\\\/se\\\/produkt\\\/barbar-multifunktionell-juicepress-med-digital-display\\\/\",\"url\":\"https:\\\/\\\/deravio.com\\\/se\\\/produkt\\\/barbar-multifunktionell-juicepress-med-digital-display\\\/\",\"name\":\"B\u00e4rbar multifunktionell juicepress med digital display - Deravio SE\",\"isPartOf\":{\"@id\":\"https:\\\/\\\/deravio.com\\\/se\\\/#website\"},\"primaryImageOfPage\":{\"@id\":\"https:\\\/\\\/deravio.com\\\/se\\\/produkt\\\/barbar-multifunktionell-juicepress-med-digital-display\\\/#primaryimage\"},\"image\":{\"@id\":\"https:\\\/\\\/deravio.com\\\/se\\\/produkt\\\/barbar-multifunktionell-juicepress-med-digital-display\\\/#primaryimage\"},\"thumbnailUrl\":\"https:\\\/\\\/deravio.com\\\/se\\\/wp-content\\\/uploads\\\/sites\\\/20\\\/2026\\\/04\\\/ulo28mj-1.webp\",\"datePublished\":\"2026-04-27T08:40:11+00:00\",\"dateModified\":\"2026-04-27T08:40:25+00:00\",\"breadcrumb\":{\"@id\":\"https:\\\/\\\/deravio.com\\\/se\\\/produkt\\\/barbar-multifunktionell-juicepress-med-digital-display\\\/#breadcrumb\"},\"inLanguage\":\"sv-SE\",\"potentialAction\":[{\"@type\":\"ReadAction\",\"target\":[\"https:\\\/\\\/deravio.com\\\/se\\\/produkt\\\/barbar-multifunktionell-juicepress-med-digital-display\\\/\"]}]},{\"@type\":\"ImageObject\",\"inLanguage\":\"sv-SE\",\"@id\":\"https:\\\/\\\/deravio.com\\\/se\\\/produkt\\\/barbar-multifunktionell-juicepress-med-digital-display\\\/#primaryimage\",\"url\":\"https:\\\/\\\/deravio.com\\\/se\\\/wp-content\\\/uploads\\\/sites\\\/20\\\/2026\\\/04\\\/ulo28mj-1.webp\",\"contentUrl\":\"https:\\\/\\\/deravio.com\\\/se\\\/wp-content\\\/uploads\\\/sites\\\/20\\\/2026\\\/04\\\/ulo28mj-1.webp\",\"width\":800,\"height\":800},{\"@type\":\"BreadcrumbList\",\"@id\":\"https:\\\/\\\/deravio.com\\\/se\\\/produkt\\\/barbar-multifunktionell-juicepress-med-digital-display\\\/#breadcrumb\",\"itemListElement\":[{\"@type\":\"ListItem\",\"position\":1,\"name\":\"Home\",\"item\":\"https:\\\/\\\/deravio.com\\\/se\\\/\"},{\"@type\":\"ListItem\",\"position\":2,\"name\":\"Butik\",\"item\":\"https:\\\/\\\/deravio.com\\\/se\\\/butik\\\/\"},{\"@type\":\"ListItem\",\"position\":3,\"name\":\"B\u00e4rbar multifunktionell juicepress med digital display\"}]},{\"@type\":\"WebSite\",\"@id\":\"https:\\\/\\\/deravio.com\\\/se\\\/#website\",\"url\":\"https:\\\/\\\/deravio.com\\\/se\\\/\",\"name\":\"Deravio SE\",\"description\":\"\",\"publisher\":{\"@id\":\"https:\\\/\\\/deravio.com\\\/se\\\/#organization\"},\"potentialAction\":[{\"@type\":\"SearchAction\",\"target\":{\"@type\":\"EntryPoint\",\"urlTemplate\":\"https:\\\/\\\/deravio.com\\\/se\\\/?s={search_term_string}\"},\"query-input\":{\"@type\":\"PropertyValueSpecification\",\"valueRequired\":true,\"valueName\":\"search_term_string\"}}],\"inLanguage\":\"sv-SE\"},{\"@type\":\"Organization\",\"@id\":\"https:\\\/\\\/deravio.com\\\/se\\\/#organization\",\"name\":\"Mekulo\",\"url\":\"https:\\\/\\\/deravio.com\\\/se\\\/\",\"logo\":{\"@type\":\"ImageObject\",\"inLanguage\":\"sv-SE\",\"@id\":\"https:\\\/\\\/deravio.com\\\/se\\\/#\\\/schema\\\/logo\\\/image\\\/\",\"url\":\"https:\\\/\\\/deravio.com\\\/se\\\/wp-content\\\/uploads\\\/sites\\\/20\\\/2025\\\/12\\\/favicon_mekulo.png\",\"contentUrl\":\"https:\\\/\\\/deravio.com\\\/se\\\/wp-content\\\/uploads\\\/sites\\\/20\\\/2025\\\/12\\\/favicon_mekulo.png\",\"width\":50,\"height\":50,\"caption\":\"Mekulo\"},\"image\":{\"@id\":\"https:\\\/\\\/deravio.com\\\/se\\\/#\\\/schema\\\/logo\\\/image\\\/\"}}]}<\/script>\n<!-- \/ Yoast SEO plugin. -->","yoast_head_json":{"title":"B\u00e4rbar multifunktionell juicepress med digital display - Deravio SE","robots":{"index":"index","follow":"follow","max-snippet":"max-snippet:-1","max-image-preview":"max-image-preview:large","max-video-preview":"max-video-preview:-1"},"canonical":"https:\/\/deravio.com\/se\/produkt\/barbar-multifunktionell-juicepress-med-digital-display\/","og_locale":"sv_SE","og_type":"article","og_title":"B\u00e4rbar multifunktionell juicepress med digital display - Deravio SE","og_description":"\ud83e\uddc3F\u00e4rsk juice. N\u00e4r som helst. Var som helst. \ud83c\udf79Blanda, drick och ta med - allt i en flaska. \ud83c\udf4aDesignade f\u00f6r hektiska morgnar och aktiva livsstilar, den h\u00e4r b\u00e4rbara multifunktionella juicemaskinen med digital display g\u00f6r f\u00e4rska smoothies och juicer p\u00e5 n\u00e5gra sekunder - inget k\u00f6k kr\u00e4vs.","og_url":"https:\/\/deravio.com\/se\/produkt\/barbar-multifunktionell-juicepress-med-digital-display\/","og_site_name":"Deravio SE","article_modified_time":"2026-04-27T08:40:25+00:00","og_image":[{"width":800,"height":800,"url":"https:\/\/deravio.com\/se\/wp-content\/uploads\/sites\/20\/2026\/04\/ulo28mj-1.webp","type":"image\/webp"}],"twitter_card":"summary_large_image","twitter_misc":{"Ber\u00e4knad l\u00e4stid":"2 minuter"},"schema":{"@context":"https:\/\/schema.org","@graph":[{"@type":"WebPage","@id":"https:\/\/deravio.com\/se\/produkt\/barbar-multifunktionell-juicepress-med-digital-display\/","url":"https:\/\/deravio.com\/se\/produkt\/barbar-multifunktionell-juicepress-med-digital-display\/","name":"B\u00e4rbar multifunktionell juicepress med digital display - Deravio SE","isPartOf":{"@id":"https:\/\/deravio.com\/se\/#website"},"primaryImageOfPage":{"@id":"https:\/\/deravio.com\/se\/produkt\/barbar-multifunktionell-juicepress-med-digital-display\/#primaryimage"},"image":{"@id":"https:\/\/deravio.com\/se\/produkt\/barbar-multifunktionell-juicepress-med-digital-display\/#primaryimage"},"thumbnailUrl":"https:\/\/deravio.com\/se\/wp-content\/uploads\/sites\/20\/2026\/04\/ulo28mj-1.webp","datePublished":"2026-04-27T08:40:11+00:00","dateModified":"2026-04-27T08:40:25+00:00","breadcrumb":{"@id":"https:\/\/deravio.com\/se\/produkt\/barbar-multifunktionell-juicepress-med-digital-display\/#breadcrumb"},"inLanguage":"sv-SE","potentialAction":[{"@type":"ReadAction","target":["https:\/\/deravio.com\/se\/produkt\/barbar-multifunktionell-juicepress-med-digital-display\/"]}]},{"@type":"ImageObject","inLanguage":"sv-SE","@id":"https:\/\/deravio.com\/se\/produkt\/barbar-multifunktionell-juicepress-med-digital-display\/#primaryimage","url":"https:\/\/deravio.com\/se\/wp-content\/uploads\/sites\/20\/2026\/04\/ulo28mj-1.webp","contentUrl":"https:\/\/deravio.com\/se\/wp-content\/uploads\/sites\/20\/2026\/04\/ulo28mj-1.webp","width":800,"height":800},{"@type":"BreadcrumbList","@id":"https:\/\/deravio.com\/se\/produkt\/barbar-multifunktionell-juicepress-med-digital-display\/#breadcrumb","itemListElement":[{"@type":"ListItem","position":1,"name":"Home","item":"https:\/\/deravio.com\/se\/"},{"@type":"ListItem","position":2,"name":"Butik","item":"https:\/\/deravio.com\/se\/butik\/"},{"@type":"ListItem","position":3,"name":"B\u00e4rbar multifunktionell juicepress med digital display"}]},{"@type":"WebSite","@id":"https:\/\/deravio.com\/se\/#website","url":"https:\/\/deravio.com\/se\/","name":"Deravio SE","description":"","publisher":{"@id":"https:\/\/deravio.com\/se\/#organization"},"potentialAction":[{"@type":"SearchAction","target":{"@type":"EntryPoint","urlTemplate":"https:\/\/deravio.com\/se\/?s={search_term_string}"},"query-input":{"@type":"PropertyValueSpecification","valueRequired":true,"valueName":"search_term_string"}}],"inLanguage":"sv-SE"},{"@type":"Organization","@id":"https:\/\/deravio.com\/se\/#organization","name":"Mekulo","url":"https:\/\/deravio.com\/se\/","logo":{"@type":"ImageObject","inLanguage":"sv-SE","@id":"https:\/\/deravio.com\/se\/#\/schema\/logo\/image\/","url":"https:\/\/deravio.com\/se\/wp-content\/uploads\/sites\/20\/2025\/12\/favicon_mekulo.png","contentUrl":"https:\/\/deravio.com\/se\/wp-content\/uploads\/sites\/20\/2025\/12\/favicon_mekulo.png","width":50,"height":50,"caption":"Mekulo"},"image":{"@id":"https:\/\/deravio.com\/se\/#\/schema\/logo\/image\/"}}]}},"_links":{"self":[{"href":"https:\/\/deravio.com\/se\/wp-json\/wp\/v2\/product\/23372","targetHints":{"allow":["GET"]}}],"collection":[{"href":"https:\/\/deravio.com\/se\/wp-json\/wp\/v2\/product"}],"about":[{"href":"https:\/\/deravio.com\/se\/wp-json\/wp\/v2\/types\/product"}],"replies":[{"embeddable":true,"href":"https:\/\/deravio.com\/se\/wp-json\/wp\/v2\/comments?post=23372"}],"wp:featuredmedia":[{"embeddable":true,"href":"https:\/\/deravio.com\/se\/wp-json\/wp\/v2\/media\/23368"}],"wp:attachment":[{"href":"https:\/\/deravio.com\/se\/wp-json\/wp\/v2\/media?parent=23372"}],"wp:term":[{"taxonomy":"product_brand","embeddable":true,"href":"https:\/\/deravio.com\/se\/wp-json\/wp\/v2\/product_brand?post=23372"},{"taxonomy":"product_cat","embeddable":true,"href":"https:\/\/deravio.com\/se\/wp-json\/wp\/v2\/product_cat?post=23372"},{"taxonomy":"product_tag","embeddable":true,"href":"https:\/\/deravio.com\/se\/wp-json\/wp\/v2\/product_tag?post=23372"}],"curies":[{"name":"wp","href":"https:\/\/api.w.org\/{rel}","templated":true}]}}