{"id":23078,"date":"2026-04-16T11:35:09","date_gmt":"2026-04-16T08:35:09","guid":{"rendered":"https:\/\/deravio.com\/se\/produkt\/ostskivare\/"},"modified":"2026-04-16T11:35:09","modified_gmt":"2026-04-16T08:35:09","slug":"ostskivare","status":"publish","type":"product","link":"https:\/\/deravio.com\/se\/produkt\/ostskivare\/","title":{"rendered":"Ostskivare"},"content":{"rendered":"<p style=\"text-align: center\"><span style=\"font-weight: 400\"><img decoding=\"async\" class=\"size-full wp-image-16439 aligncenter\" src=\"https:\/\/keluvo.com\/template\/wp-content\/uploads\/sites\/5\/2025\/04\/Cheeseslider-ezgif.com-video-to-webp-converter.webp\" alt=\"\" \/><\/span><\/p>\n<h2 style=\"text-align: center\">Huvudf\u00f6rdelar<\/h2>\n<p><span style=\"font-weight: 400\">Sk\u00e4r mjuk eller h\u00e5rd ost med l\u00e4tthet<\/span><span style=\"font-weight: 400\"><br \/>\n<\/span><\/p>\n<p><span style=\"font-weight: 400\">Justerbar design &#8211; skiva tjockt eller tunt med en enkel lutning<\/span><span style=\"font-weight: 400\"><br \/>\n<\/span><\/p>\n<p><span style=\"font-weight: 400\">Tillverkad av t\u00e5lig aluminiumlegering och tr\u00e5d i rostfritt st\u00e5l<\/span><span style=\"font-weight: 400\"><br \/>\n<\/span><\/p>\n<p><span style=\"font-weight: 400\">L\u00e4tt att reng\u00f6ra &#8211; sk\u00f6lj bara med tv\u00e5l och vatten<\/span><\/p>\n<p><span style=\"font-weight: 400\">Perfekt f\u00f6r sm\u00f6rg\u00e5sar, fat eller snacks<\/span><\/p>\n<p><img decoding=\"async\" class=\"size-full wp-image-16443 aligncenter\" src=\"https:\/\/keluvo.com\/template\/wp-content\/uploads\/sites\/5\/2025\/04\/7069d83d-9c74-4816-bb55-15d0cc9b2614.webp\" alt=\"\" \/><\/p>\n<h2 style=\"text-align: center\">Hur Den H\u00e4r Produkten Hj\u00e4lper Dig<\/h2>\n<p style=\"text-align: center\"><b><\/b><span style=\"font-weight: 400\"> Osthyveln g\u00f6r det enkelt att f\u00f6rbereda perfekta skivor p\u00e5 n\u00e5gra sekunder.<\/span><\/p>\n<p style=\"text-align: center\"><span style=\"font-weight: 400\"> Den \u00e4r perfekt f\u00f6r:<\/span><\/p>\n<ul>\n<li style=\"font-weight: 400\"><span style=\"font-weight: 400\">Snabbare sm\u00f6rg\u00e5sf\u00f6rberedelser<\/span><span style=\"font-weight: 400\"><br \/>\n<\/span><\/li>\n<li style=\"font-weight: 400\"><span style=\"font-weight: 400\">Snygga ostfat<\/span><\/li>\n<li style=\"font-weight: 400\"><span style=\"font-weight: 400\">Reducerar r\u00f6ran och anstr\u00e4ngningen n\u00e4r du skivar ost<\/span><\/li>\n<\/ul>\n<h2 style=\"text-align: center\">Paketet Inneh\u00e5ller<\/h2>\n<ul>\n<li style=\"font-weight: 400\"><span style=\"font-weight: 400\">1x justerbar osthyvel (med rostfri st\u00e5ltr\u00e5d och grepphandtag).<\/span><\/li>\n<\/ul>\n<p>&nbsp;<\/p>\n<p>&nbsp;<\/p>\n","protected":false},"excerpt":{"rendered":"<p style=\"text-align: left\">\ud83e\uddc0 Vi presenterar osthyveln &#8211; din robusta k\u00f6kshj\u00e4lp f\u00f6r att sk\u00e4ra ost rent och enkelt! \ud83d\udd2a <span style=\"font-weight: 400\">Med den h\u00e4r justerbara osthyveln kan du sk\u00e4ra ost s\u00e5 tjockt eller tunt som du vill. Den \u00e4r stark, l\u00e4tt att h\u00e5lla i och gjord f\u00f6r att h\u00e5lla l\u00e4nge!<\/span><\/p>\n","protected":false},"featured_media":23074,"comment_status":"open","ping_status":"closed","template":"","meta":{"site-sidebar-layout":"default","site-content-layout":"","ast-site-content-layout":"default","site-content-style":"default","site-sidebar-style":"default","ast-global-header-display":"","ast-banner-title-visibility":"","ast-main-header-display":"","ast-hfb-above-header-display":"","ast-hfb-below-header-display":"","ast-hfb-mobile-header-display":"","site-post-title":"","ast-breadcrumbs-content":"","ast-featured-img":"","footer-sml-layout":"","theme-transparent-header-meta":"default","adv-header-id-meta":"","stick-header-meta":"","header-above-stick-meta":"","header-main-stick-meta":"","header-below-stick-meta":"","astra-migrate-meta-layouts":"set","ast-page-background-enabled":"default","ast-page-background-meta":{"desktop":{"background-color":"var(--ast-global-color-5)","background-image":"","background-repeat":"repeat","background-position":"center center","background-size":"auto","background-attachment":"scroll","background-type":"","background-media":"","overlay-type":"","overlay-color":"","overlay-opacity":"","overlay-gradient":""},"tablet":{"background-color":"","background-image":"","background-repeat":"repeat","background-position":"center center","background-size":"auto","background-attachment":"scroll","background-type":"","background-media":"","overlay-type":"","overlay-color":"","overlay-opacity":"","overlay-gradient":""},"mobile":{"background-color":"","background-image":"","background-repeat":"repeat","background-position":"center center","background-size":"auto","background-attachment":"scroll","background-type":"","background-media":"","overlay-type":"","overlay-color":"","overlay-opacity":"","overlay-gradient":""}},"ast-content-background-meta":{"desktop":{"background-color":"var(--ast-global-color-4)","background-image":"","background-repeat":"repeat","background-position":"center center","background-size":"auto","background-attachment":"scroll","background-type":"","background-media":"","overlay-type":"","overlay-color":"","overlay-opacity":"","overlay-gradient":""},"tablet":{"background-color":"var(--ast-global-color-4)","background-image":"","background-repeat":"repeat","background-position":"center center","background-size":"auto","background-attachment":"scroll","background-type":"","background-media":"","overlay-type":"","overlay-color":"","overlay-opacity":"","overlay-gradient":""},"mobile":{"background-color":"var(--ast-global-color-4)","background-image":"","background-repeat":"repeat","background-position":"center center","background-size":"auto","background-attachment":"scroll","background-type":"","background-media":"","overlay-type":"","overlay-color":"","overlay-opacity":"","overlay-gradient":""}}},"product_brand":[],"product_cat":[168],"product_tag":[],"class_list":{"0":"post-23078","1":"product","2":"type-product","3":"status-publish","4":"has-post-thumbnail","6":"product_cat-hushallsprodukter","7":"desktop-align-left","8":"tablet-align-left","9":"mobile-align-left","11":"first","12":"instock","13":"shipping-taxable","14":"purchasable","15":"product-type-simple"},"yoast_head":"<!-- This site is optimized with the Yoast SEO plugin v26.6 - https:\/\/yoast.com\/wordpress\/plugins\/seo\/ -->\n<title>Ostskivare - Deravio SE<\/title>\n<meta name=\"robots\" content=\"index, follow, max-snippet:-1, max-image-preview:large, max-video-preview:-1\" \/>\n<link rel=\"canonical\" href=\"https:\/\/deravio.com\/se\/produkt\/ostskivare\/\" \/>\n<meta property=\"og:locale\" content=\"sv_SE\" \/>\n<meta property=\"og:type\" content=\"article\" \/>\n<meta property=\"og:title\" content=\"Ostskivare - Deravio SE\" \/>\n<meta property=\"og:description\" content=\"\ud83e\uddc0 Vi presenterar osthyveln - din robusta k\u00f6kshj\u00e4lp f\u00f6r att sk\u00e4ra ost rent och enkelt! \ud83d\udd2a Med den h\u00e4r justerbara osthyveln kan du sk\u00e4ra ost s\u00e5 tjockt eller tunt som du vill. Den \u00e4r stark, l\u00e4tt att h\u00e5lla i och gjord f\u00f6r att h\u00e5lla l\u00e4nge!\" \/>\n<meta property=\"og:url\" content=\"https:\/\/deravio.com\/se\/produkt\/ostskivare\/\" \/>\n<meta property=\"og:site_name\" content=\"Deravio SE\" \/>\n<meta property=\"og:image\" content=\"https:\/\/deravio.com\/se\/wp-content\/uploads\/sites\/20\/2026\/04\/vi65s9x-1.webp\" \/>\n\t<meta property=\"og:image:width\" content=\"800\" \/>\n\t<meta property=\"og:image:height\" content=\"800\" \/>\n\t<meta property=\"og:image:type\" content=\"image\/webp\" \/>\n<meta name=\"twitter:card\" content=\"summary_large_image\" \/>\n<meta name=\"twitter:label1\" content=\"Ber\u00e4knad l\u00e4stid\" \/>\n\t<meta name=\"twitter:data1\" content=\"1 minut\" \/>\n<script type=\"application\/ld+json\" class=\"yoast-schema-graph\">{\"@context\":\"https:\/\/schema.org\",\"@graph\":[{\"@type\":\"WebPage\",\"@id\":\"https:\/\/deravio.com\/se\/produkt\/ostskivare\/\",\"url\":\"https:\/\/deravio.com\/se\/produkt\/ostskivare\/\",\"name\":\"Ostskivare - Deravio SE\",\"isPartOf\":{\"@id\":\"https:\/\/deravio.com\/se\/#website\"},\"primaryImageOfPage\":{\"@id\":\"https:\/\/deravio.com\/se\/produkt\/ostskivare\/#primaryimage\"},\"image\":{\"@id\":\"https:\/\/deravio.com\/se\/produkt\/ostskivare\/#primaryimage\"},\"thumbnailUrl\":\"https:\/\/deravio.com\/se\/wp-content\/uploads\/sites\/20\/2026\/04\/vi65s9x-1.webp\",\"datePublished\":\"2026-04-16T08:35:09+00:00\",\"breadcrumb\":{\"@id\":\"https:\/\/deravio.com\/se\/produkt\/ostskivare\/#breadcrumb\"},\"inLanguage\":\"sv-SE\",\"potentialAction\":[{\"@type\":\"ReadAction\",\"target\":[\"https:\/\/deravio.com\/se\/produkt\/ostskivare\/\"]}]},{\"@type\":\"ImageObject\",\"inLanguage\":\"sv-SE\",\"@id\":\"https:\/\/deravio.com\/se\/produkt\/ostskivare\/#primaryimage\",\"url\":\"https:\/\/deravio.com\/se\/wp-content\/uploads\/sites\/20\/2026\/04\/vi65s9x-1.webp\",\"contentUrl\":\"https:\/\/deravio.com\/se\/wp-content\/uploads\/sites\/20\/2026\/04\/vi65s9x-1.webp\",\"width\":800,\"height\":800},{\"@type\":\"BreadcrumbList\",\"@id\":\"https:\/\/deravio.com\/se\/produkt\/ostskivare\/#breadcrumb\",\"itemListElement\":[{\"@type\":\"ListItem\",\"position\":1,\"name\":\"Home\",\"item\":\"https:\/\/deravio.com\/se\/\"},{\"@type\":\"ListItem\",\"position\":2,\"name\":\"Butik\",\"item\":\"https:\/\/deravio.com\/se\/butik\/\"},{\"@type\":\"ListItem\",\"position\":3,\"name\":\"Ostskivare\"}]},{\"@type\":\"WebSite\",\"@id\":\"https:\/\/deravio.com\/se\/#website\",\"url\":\"https:\/\/deravio.com\/se\/\",\"name\":\"Deravio SE\",\"description\":\"\",\"publisher\":{\"@id\":\"https:\/\/deravio.com\/se\/#organization\"},\"potentialAction\":[{\"@type\":\"SearchAction\",\"target\":{\"@type\":\"EntryPoint\",\"urlTemplate\":\"https:\/\/deravio.com\/se\/?s={search_term_string}\"},\"query-input\":{\"@type\":\"PropertyValueSpecification\",\"valueRequired\":true,\"valueName\":\"search_term_string\"}}],\"inLanguage\":\"sv-SE\"},{\"@type\":\"Organization\",\"@id\":\"https:\/\/deravio.com\/se\/#organization\",\"name\":\"Mekulo\",\"url\":\"https:\/\/deravio.com\/se\/\",\"logo\":{\"@type\":\"ImageObject\",\"inLanguage\":\"sv-SE\",\"@id\":\"https:\/\/deravio.com\/se\/#\/schema\/logo\/image\/\",\"url\":\"https:\/\/deravio.com\/se\/wp-content\/uploads\/sites\/20\/2025\/12\/favicon_mekulo.png\",\"contentUrl\":\"https:\/\/deravio.com\/se\/wp-content\/uploads\/sites\/20\/2025\/12\/favicon_mekulo.png\",\"width\":50,\"height\":50,\"caption\":\"Mekulo\"},\"image\":{\"@id\":\"https:\/\/deravio.com\/se\/#\/schema\/logo\/image\/\"}}]}<\/script>\n<!-- \/ Yoast SEO plugin. -->","yoast_head_json":{"title":"Ostskivare - Deravio SE","robots":{"index":"index","follow":"follow","max-snippet":"max-snippet:-1","max-image-preview":"max-image-preview:large","max-video-preview":"max-video-preview:-1"},"canonical":"https:\/\/deravio.com\/se\/produkt\/ostskivare\/","og_locale":"sv_SE","og_type":"article","og_title":"Ostskivare - Deravio SE","og_description":"\ud83e\uddc0 Vi presenterar osthyveln - din robusta k\u00f6kshj\u00e4lp f\u00f6r att sk\u00e4ra ost rent och enkelt! \ud83d\udd2a Med den h\u00e4r justerbara osthyveln kan du sk\u00e4ra ost s\u00e5 tjockt eller tunt som du vill. Den \u00e4r stark, l\u00e4tt att h\u00e5lla i och gjord f\u00f6r att h\u00e5lla l\u00e4nge!","og_url":"https:\/\/deravio.com\/se\/produkt\/ostskivare\/","og_site_name":"Deravio SE","og_image":[{"width":800,"height":800,"url":"https:\/\/deravio.com\/se\/wp-content\/uploads\/sites\/20\/2026\/04\/vi65s9x-1.webp","type":"image\/webp"}],"twitter_card":"summary_large_image","twitter_misc":{"Ber\u00e4knad l\u00e4stid":"1 minut"},"schema":{"@context":"https:\/\/schema.org","@graph":[{"@type":"WebPage","@id":"https:\/\/deravio.com\/se\/produkt\/ostskivare\/","url":"https:\/\/deravio.com\/se\/produkt\/ostskivare\/","name":"Ostskivare - Deravio SE","isPartOf":{"@id":"https:\/\/deravio.com\/se\/#website"},"primaryImageOfPage":{"@id":"https:\/\/deravio.com\/se\/produkt\/ostskivare\/#primaryimage"},"image":{"@id":"https:\/\/deravio.com\/se\/produkt\/ostskivare\/#primaryimage"},"thumbnailUrl":"https:\/\/deravio.com\/se\/wp-content\/uploads\/sites\/20\/2026\/04\/vi65s9x-1.webp","datePublished":"2026-04-16T08:35:09+00:00","breadcrumb":{"@id":"https:\/\/deravio.com\/se\/produkt\/ostskivare\/#breadcrumb"},"inLanguage":"sv-SE","potentialAction":[{"@type":"ReadAction","target":["https:\/\/deravio.com\/se\/produkt\/ostskivare\/"]}]},{"@type":"ImageObject","inLanguage":"sv-SE","@id":"https:\/\/deravio.com\/se\/produkt\/ostskivare\/#primaryimage","url":"https:\/\/deravio.com\/se\/wp-content\/uploads\/sites\/20\/2026\/04\/vi65s9x-1.webp","contentUrl":"https:\/\/deravio.com\/se\/wp-content\/uploads\/sites\/20\/2026\/04\/vi65s9x-1.webp","width":800,"height":800},{"@type":"BreadcrumbList","@id":"https:\/\/deravio.com\/se\/produkt\/ostskivare\/#breadcrumb","itemListElement":[{"@type":"ListItem","position":1,"name":"Home","item":"https:\/\/deravio.com\/se\/"},{"@type":"ListItem","position":2,"name":"Butik","item":"https:\/\/deravio.com\/se\/butik\/"},{"@type":"ListItem","position":3,"name":"Ostskivare"}]},{"@type":"WebSite","@id":"https:\/\/deravio.com\/se\/#website","url":"https:\/\/deravio.com\/se\/","name":"Deravio SE","description":"","publisher":{"@id":"https:\/\/deravio.com\/se\/#organization"},"potentialAction":[{"@type":"SearchAction","target":{"@type":"EntryPoint","urlTemplate":"https:\/\/deravio.com\/se\/?s={search_term_string}"},"query-input":{"@type":"PropertyValueSpecification","valueRequired":true,"valueName":"search_term_string"}}],"inLanguage":"sv-SE"},{"@type":"Organization","@id":"https:\/\/deravio.com\/se\/#organization","name":"Mekulo","url":"https:\/\/deravio.com\/se\/","logo":{"@type":"ImageObject","inLanguage":"sv-SE","@id":"https:\/\/deravio.com\/se\/#\/schema\/logo\/image\/","url":"https:\/\/deravio.com\/se\/wp-content\/uploads\/sites\/20\/2025\/12\/favicon_mekulo.png","contentUrl":"https:\/\/deravio.com\/se\/wp-content\/uploads\/sites\/20\/2025\/12\/favicon_mekulo.png","width":50,"height":50,"caption":"Mekulo"},"image":{"@id":"https:\/\/deravio.com\/se\/#\/schema\/logo\/image\/"}}]}},"_links":{"self":[{"href":"https:\/\/deravio.com\/se\/wp-json\/wp\/v2\/product\/23078","targetHints":{"allow":["GET"]}}],"collection":[{"href":"https:\/\/deravio.com\/se\/wp-json\/wp\/v2\/product"}],"about":[{"href":"https:\/\/deravio.com\/se\/wp-json\/wp\/v2\/types\/product"}],"replies":[{"embeddable":true,"href":"https:\/\/deravio.com\/se\/wp-json\/wp\/v2\/comments?post=23078"}],"wp:featuredmedia":[{"embeddable":true,"href":"https:\/\/deravio.com\/se\/wp-json\/wp\/v2\/media\/23074"}],"wp:attachment":[{"href":"https:\/\/deravio.com\/se\/wp-json\/wp\/v2\/media?parent=23078"}],"wp:term":[{"taxonomy":"product_brand","embeddable":true,"href":"https:\/\/deravio.com\/se\/wp-json\/wp\/v2\/product_brand?post=23078"},{"taxonomy":"product_cat","embeddable":true,"href":"https:\/\/deravio.com\/se\/wp-json\/wp\/v2\/product_cat?post=23078"},{"taxonomy":"product_tag","embeddable":true,"href":"https:\/\/deravio.com\/se\/wp-json\/wp\/v2\/product_tag?post=23078"}],"curies":[{"name":"wp","href":"https:\/\/api.w.org\/{rel}","templated":true}]}}