{"id":22892,"date":"2026-04-16T11:20:35","date_gmt":"2026-04-16T08:20:35","guid":{"rendered":"https:\/\/deravio.com\/se\/produkt\/langbyxor-i-canvas-for-kvinnor\/"},"modified":"2026-04-29T10:58:09","modified_gmt":"2026-04-29T07:58:09","slug":"langbyxor-i-canvas-for-kvinnor","status":"publish","type":"product","link":"https:\/\/deravio.com\/se\/produkt\/langbyxor-i-canvas-for-kvinnor\/","title":{"rendered":"L\u00e5ngbyxor i canvas f\u00f6r kvinnor"},"content":{"rendered":"<h2 style=\"text-align: center\">\ud83d\udc56 L\u00e5ngbyxor i robust canvas f\u00f6r kvinnor &#8211; ultraavlastande passform<\/h2>\n<h2 style=\"text-align: center\" data-start=\"573\" data-end=\"593\">\ud83d\udd0d Viktiga Egenskaper:<\/h2>\n<ul data-start=\"595\" data-end=\"916\">\n<li data-start=\"595\" data-end=\"633\">\n<p data-start=\"597\" data-end=\"633\">\ud83d\udd27 Stretchremmar f\u00f6r en anpassad passform<\/p>\n<\/li>\n<li data-start=\"634\" data-end=\"675\">\n<p data-start=\"636\" data-end=\"675\">\ud83e\uddf5 Tredubbla s\u00f6mmar f\u00f6r extra styrka<\/p>\n<\/li>\n<li data-start=\"676\" data-end=\"724\">\n<p data-start=\"678\" data-end=\"724\">\ud83c\udf92 Stor haklappsficka med tryckknappsst\u00e4ngning<\/p>\n<\/li>\n<li data-start=\"725\" data-end=\"755\">\n<p data-start=\"727\" data-end=\"755\">\ud83d\udc56 Tv\u00e5 rymliga framfickor<\/p>\n<\/li>\n<li data-start=\"756\" data-end=\"786\">\n<p data-start=\"758\" data-end=\"786\">\ud83d\udd28 Hammarslinga p\u00e5 v\u00e4nster ben<\/p>\n<\/li>\n<li data-start=\"787\" data-end=\"831\">\n<p data-start=\"789\" data-end=\"831\">\ud83e\uddfa F\u00f6rst\u00e4rkta bakfickor f\u00f6r daglig anv\u00e4ndning<\/p>\n<\/li>\n<li data-start=\"832\" data-end=\"878\">\n<p data-start=\"834\" data-end=\"878\">\ud83e\uddf6 Tillverkad av tjock, 100% bomull som andas<\/p>\n<\/li>\n<li data-start=\"879\" data-end=\"916\">\n<p data-start=\"881\" data-end=\"916\">\ud83e\uddfc Maskintv\u00e4ttbar f\u00f6r enkel sk\u00f6tsel<\/p>\n<\/li>\n<li>\ud83d\udccf 74 cm inners\u00f6m<\/li>\n<\/ul>\n<h2 style=\"text-align: center\">Storlekstabell<\/h2>\n<p><img decoding=\"async\" class=\"alignnone size-full wp-image-20986 aligncenter\" src=\"https:\/\/keluvo.com\/template\/wp-content\/uploads\/sites\/5\/2025\/05\/canvas-chart.jpg\" alt=\"\" \/><\/p>\n<div>\n<h2 class=\"summary__title\" style=\"text-align: center\">Hur man v\u00e4ljer storlek<\/h2>\n<\/div>\n<div id=\"ProductAccordion-edf1794e-3b04-4bfc-a440-8f499b72f231-template--20624063660336__main\" class=\"accordion__content rte\">\n<p style=\"text-align: center\">P\u00e5 detaljsidan f\u00f6r var och en av v\u00e5ra produkter hittar du en storlekstabell som visar produktens faktiska m\u00e5tt.<\/p>\n<p style=\"text-align: center\">M\u00e4t dina egna kroppsm\u00e5tt (t.ex. br\u00f6st, midja och h\u00f6fter), j\u00e4mf\u00f6r dina kroppsm\u00e5tt med storlekstabellen och v\u00e4lj den storlek som passar dig.<\/p>\n<p style=\"text-align: center\">Du kan ocks\u00e5 m\u00e4ta dina egna kl\u00e4dm\u00e5tt, j\u00e4mf\u00f6ra dem med storlekstabellen och v\u00e4lja en storlek som ligger n\u00e4ra dina kl\u00e4dm\u00e5tt. Det \u00e4r en metod som vi rekommenderar.<\/p>\n<p style=\"text-align: center\">Om du fortfarande \u00e4r os\u00e4ker p\u00e5 hur du ska v\u00e4lja storlek kan du kontakta oss. Vi rekommenderar g\u00e4rna en storlek \u00e5t dig.<\/p>\n<\/div>\n","protected":false},"excerpt":{"rendered":"<p style=\"text-align: left\" data-start=\"240\" data-end=\"351\">Smidig komfort m\u00f6ter slitstarka arbetskl\u00e4der &#8211; det perfekta paret overaller f\u00f6r stil, styrka och r\u00f6relse. Den h\u00e4r overallen i canvas \u00e4r byggd f\u00f6r ditt dagliga arbete. Med justerbara remmar, djupa fickor och slitstarkt tyg \u00e4r de perfekta f\u00f6r tr\u00e4dg\u00e5rdsarbete, hantverk, utomhusarbete &#8211; eller bara f\u00f6r att f\u00e5 en cool bruksstil.<\/p>\n","protected":false},"featured_media":22888,"comment_status":"open","ping_status":"closed","template":"","meta":{"site-sidebar-layout":"default","site-content-layout":"","ast-site-content-layout":"default","site-content-style":"default","site-sidebar-style":"default","ast-global-header-display":"","ast-banner-title-visibility":"","ast-main-header-display":"","ast-hfb-above-header-display":"","ast-hfb-below-header-display":"","ast-hfb-mobile-header-display":"","site-post-title":"","ast-breadcrumbs-content":"","ast-featured-img":"","footer-sml-layout":"","ast-disable-related-posts":"","theme-transparent-header-meta":"default","adv-header-id-meta":"","stick-header-meta":"","header-above-stick-meta":"","header-main-stick-meta":"","header-below-stick-meta":"","astra-migrate-meta-layouts":"set","ast-page-background-enabled":"default","ast-page-background-meta":{"desktop":{"background-color":"var(--ast-global-color-5)","background-image":"","background-repeat":"repeat","background-position":"center center","background-size":"auto","background-attachment":"scroll","background-type":"","background-media":"","overlay-type":"","overlay-color":"","overlay-opacity":"","overlay-gradient":""},"tablet":{"background-color":"","background-image":"","background-repeat":"repeat","background-position":"center center","background-size":"auto","background-attachment":"scroll","background-type":"","background-media":"","overlay-type":"","overlay-color":"","overlay-opacity":"","overlay-gradient":""},"mobile":{"background-color":"","background-image":"","background-repeat":"repeat","background-position":"center center","background-size":"auto","background-attachment":"scroll","background-type":"","background-media":"","overlay-type":"","overlay-color":"","overlay-opacity":"","overlay-gradient":""}},"ast-content-background-meta":{"desktop":{"background-color":"var(--ast-global-color-4)","background-image":"","background-repeat":"repeat","background-position":"center center","background-size":"auto","background-attachment":"scroll","background-type":"","background-media":"","overlay-type":"","overlay-color":"","overlay-opacity":"","overlay-gradient":""},"tablet":{"background-color":"var(--ast-global-color-4)","background-image":"","background-repeat":"repeat","background-position":"center center","background-size":"auto","background-attachment":"scroll","background-type":"","background-media":"","overlay-type":"","overlay-color":"","overlay-opacity":"","overlay-gradient":""},"mobile":{"background-color":"var(--ast-global-color-4)","background-image":"","background-repeat":"repeat","background-position":"center center","background-size":"auto","background-attachment":"scroll","background-type":"","background-media":"","overlay-type":"","overlay-color":"","overlay-opacity":"","overlay-gradient":""}}},"product_brand":[],"product_cat":[164],"product_tag":[],"class_list":{"0":"post-22892","1":"product","2":"type-product","3":"status-publish","4":"has-post-thumbnail","6":"product_cat-klader-for-kvinnor","7":"pa_48125_bdklehk6-2xl","8":"pa_48125_bdklehk6-l","9":"pa_48125_bdklehk6-m","10":"pa_48125_bdklehk6-s","11":"pa_48125_bdklehk6-xl","12":"pa_48125_z6lzw5c3-camel","13":"pa_48125_z6lzw5c3-gra","14":"pa_48125_z6lzw5c3-gron","15":"pa_48125_z6lzw5c3-svart","16":"desktop-align-left","17":"tablet-align-left","18":"mobile-align-left","20":"first","21":"instock","22":"shipping-taxable","23":"purchasable","24":"product-type-variable","25":"has-default-attributes"},"yoast_head":"<!-- This site is optimized with the Yoast SEO plugin v27.4 - https:\/\/yoast.com\/product\/yoast-seo-wordpress\/ -->\n<title>L\u00e5ngbyxor i canvas f\u00f6r kvinnor - Deravio SE<\/title>\n<meta name=\"robots\" content=\"index, follow, max-snippet:-1, max-image-preview:large, max-video-preview:-1\" \/>\n<link rel=\"canonical\" href=\"https:\/\/deravio.com\/se\/produkt\/langbyxor-i-canvas-for-kvinnor\/\" \/>\n<meta property=\"og:locale\" content=\"sv_SE\" \/>\n<meta property=\"og:type\" content=\"article\" \/>\n<meta property=\"og:title\" content=\"L\u00e5ngbyxor i canvas f\u00f6r kvinnor - Deravio SE\" \/>\n<meta property=\"og:description\" content=\"Smidig komfort m\u00f6ter slitstarka arbetskl\u00e4der - det perfekta paret overaller f\u00f6r stil, styrka och r\u00f6relse. Den h\u00e4r overallen i canvas \u00e4r byggd f\u00f6r ditt dagliga arbete. Med justerbara remmar, djupa fickor och slitstarkt tyg \u00e4r de perfekta f\u00f6r tr\u00e4dg\u00e5rdsarbete, hantverk, utomhusarbete - eller bara f\u00f6r att f\u00e5 en cool bruksstil.\" \/>\n<meta property=\"og:url\" content=\"https:\/\/deravio.com\/se\/produkt\/langbyxor-i-canvas-for-kvinnor\/\" \/>\n<meta property=\"og:site_name\" content=\"Deravio SE\" \/>\n<meta property=\"article:modified_time\" content=\"2026-04-29T07:58:09+00:00\" \/>\n<meta property=\"og:image\" content=\"https:\/\/deravio.com\/se\/wp-content\/uploads\/sites\/20\/2026\/04\/3dy6c3g-1.webp\" \/>\n\t<meta property=\"og:image:width\" content=\"823\" \/>\n\t<meta property=\"og:image:height\" content=\"1097\" \/>\n\t<meta property=\"og:image:type\" content=\"image\/webp\" \/>\n<meta name=\"twitter:card\" content=\"summary_large_image\" \/>\n<meta name=\"twitter:label1\" content=\"Ber\u00e4knad l\u00e4stid\" \/>\n\t<meta name=\"twitter:data1\" content=\"2 minuter\" \/>\n<script type=\"application\/ld+json\" class=\"yoast-schema-graph\">{\"@context\":\"https:\\\/\\\/schema.org\",\"@graph\":[{\"@type\":\"WebPage\",\"@id\":\"https:\\\/\\\/deravio.com\\\/se\\\/produkt\\\/langbyxor-i-canvas-for-kvinnor\\\/\",\"url\":\"https:\\\/\\\/deravio.com\\\/se\\\/produkt\\\/langbyxor-i-canvas-for-kvinnor\\\/\",\"name\":\"L\u00e5ngbyxor i canvas f\u00f6r kvinnor - Deravio SE\",\"isPartOf\":{\"@id\":\"https:\\\/\\\/deravio.com\\\/se\\\/#website\"},\"primaryImageOfPage\":{\"@id\":\"https:\\\/\\\/deravio.com\\\/se\\\/produkt\\\/langbyxor-i-canvas-for-kvinnor\\\/#primaryimage\"},\"image\":{\"@id\":\"https:\\\/\\\/deravio.com\\\/se\\\/produkt\\\/langbyxor-i-canvas-for-kvinnor\\\/#primaryimage\"},\"thumbnailUrl\":\"https:\\\/\\\/deravio.com\\\/se\\\/wp-content\\\/uploads\\\/sites\\\/20\\\/2026\\\/04\\\/3dy6c3g-1.webp\",\"datePublished\":\"2026-04-16T08:20:35+00:00\",\"dateModified\":\"2026-04-29T07:58:09+00:00\",\"breadcrumb\":{\"@id\":\"https:\\\/\\\/deravio.com\\\/se\\\/produkt\\\/langbyxor-i-canvas-for-kvinnor\\\/#breadcrumb\"},\"inLanguage\":\"sv-SE\",\"potentialAction\":[{\"@type\":\"ReadAction\",\"target\":[\"https:\\\/\\\/deravio.com\\\/se\\\/produkt\\\/langbyxor-i-canvas-for-kvinnor\\\/\"]}]},{\"@type\":\"ImageObject\",\"inLanguage\":\"sv-SE\",\"@id\":\"https:\\\/\\\/deravio.com\\\/se\\\/produkt\\\/langbyxor-i-canvas-for-kvinnor\\\/#primaryimage\",\"url\":\"https:\\\/\\\/deravio.com\\\/se\\\/wp-content\\\/uploads\\\/sites\\\/20\\\/2026\\\/04\\\/3dy6c3g-1.webp\",\"contentUrl\":\"https:\\\/\\\/deravio.com\\\/se\\\/wp-content\\\/uploads\\\/sites\\\/20\\\/2026\\\/04\\\/3dy6c3g-1.webp\",\"width\":823,\"height\":1097},{\"@type\":\"BreadcrumbList\",\"@id\":\"https:\\\/\\\/deravio.com\\\/se\\\/produkt\\\/langbyxor-i-canvas-for-kvinnor\\\/#breadcrumb\",\"itemListElement\":[{\"@type\":\"ListItem\",\"position\":1,\"name\":\"Home\",\"item\":\"https:\\\/\\\/deravio.com\\\/se\\\/\"},{\"@type\":\"ListItem\",\"position\":2,\"name\":\"Butik\",\"item\":\"https:\\\/\\\/deravio.com\\\/se\\\/butik\\\/\"},{\"@type\":\"ListItem\",\"position\":3,\"name\":\"L\u00e5ngbyxor i canvas f\u00f6r kvinnor\"}]},{\"@type\":\"WebSite\",\"@id\":\"https:\\\/\\\/deravio.com\\\/se\\\/#website\",\"url\":\"https:\\\/\\\/deravio.com\\\/se\\\/\",\"name\":\"Deravio SE\",\"description\":\"\",\"publisher\":{\"@id\":\"https:\\\/\\\/deravio.com\\\/se\\\/#organization\"},\"potentialAction\":[{\"@type\":\"SearchAction\",\"target\":{\"@type\":\"EntryPoint\",\"urlTemplate\":\"https:\\\/\\\/deravio.com\\\/se\\\/?s={search_term_string}\"},\"query-input\":{\"@type\":\"PropertyValueSpecification\",\"valueRequired\":true,\"valueName\":\"search_term_string\"}}],\"inLanguage\":\"sv-SE\"},{\"@type\":\"Organization\",\"@id\":\"https:\\\/\\\/deravio.com\\\/se\\\/#organization\",\"name\":\"Mekulo\",\"url\":\"https:\\\/\\\/deravio.com\\\/se\\\/\",\"logo\":{\"@type\":\"ImageObject\",\"inLanguage\":\"sv-SE\",\"@id\":\"https:\\\/\\\/deravio.com\\\/se\\\/#\\\/schema\\\/logo\\\/image\\\/\",\"url\":\"https:\\\/\\\/deravio.com\\\/se\\\/wp-content\\\/uploads\\\/sites\\\/20\\\/2025\\\/12\\\/favicon_mekulo.png\",\"contentUrl\":\"https:\\\/\\\/deravio.com\\\/se\\\/wp-content\\\/uploads\\\/sites\\\/20\\\/2025\\\/12\\\/favicon_mekulo.png\",\"width\":50,\"height\":50,\"caption\":\"Mekulo\"},\"image\":{\"@id\":\"https:\\\/\\\/deravio.com\\\/se\\\/#\\\/schema\\\/logo\\\/image\\\/\"}}]}<\/script>\n<!-- \/ Yoast SEO plugin. -->","yoast_head_json":{"title":"L\u00e5ngbyxor i canvas f\u00f6r kvinnor - Deravio SE","robots":{"index":"index","follow":"follow","max-snippet":"max-snippet:-1","max-image-preview":"max-image-preview:large","max-video-preview":"max-video-preview:-1"},"canonical":"https:\/\/deravio.com\/se\/produkt\/langbyxor-i-canvas-for-kvinnor\/","og_locale":"sv_SE","og_type":"article","og_title":"L\u00e5ngbyxor i canvas f\u00f6r kvinnor - Deravio SE","og_description":"Smidig komfort m\u00f6ter slitstarka arbetskl\u00e4der - det perfekta paret overaller f\u00f6r stil, styrka och r\u00f6relse. Den h\u00e4r overallen i canvas \u00e4r byggd f\u00f6r ditt dagliga arbete. Med justerbara remmar, djupa fickor och slitstarkt tyg \u00e4r de perfekta f\u00f6r tr\u00e4dg\u00e5rdsarbete, hantverk, utomhusarbete - eller bara f\u00f6r att f\u00e5 en cool bruksstil.","og_url":"https:\/\/deravio.com\/se\/produkt\/langbyxor-i-canvas-for-kvinnor\/","og_site_name":"Deravio SE","article_modified_time":"2026-04-29T07:58:09+00:00","og_image":[{"width":823,"height":1097,"url":"https:\/\/deravio.com\/se\/wp-content\/uploads\/sites\/20\/2026\/04\/3dy6c3g-1.webp","type":"image\/webp"}],"twitter_card":"summary_large_image","twitter_misc":{"Ber\u00e4knad l\u00e4stid":"2 minuter"},"schema":{"@context":"https:\/\/schema.org","@graph":[{"@type":"WebPage","@id":"https:\/\/deravio.com\/se\/produkt\/langbyxor-i-canvas-for-kvinnor\/","url":"https:\/\/deravio.com\/se\/produkt\/langbyxor-i-canvas-for-kvinnor\/","name":"L\u00e5ngbyxor i canvas f\u00f6r kvinnor - Deravio SE","isPartOf":{"@id":"https:\/\/deravio.com\/se\/#website"},"primaryImageOfPage":{"@id":"https:\/\/deravio.com\/se\/produkt\/langbyxor-i-canvas-for-kvinnor\/#primaryimage"},"image":{"@id":"https:\/\/deravio.com\/se\/produkt\/langbyxor-i-canvas-for-kvinnor\/#primaryimage"},"thumbnailUrl":"https:\/\/deravio.com\/se\/wp-content\/uploads\/sites\/20\/2026\/04\/3dy6c3g-1.webp","datePublished":"2026-04-16T08:20:35+00:00","dateModified":"2026-04-29T07:58:09+00:00","breadcrumb":{"@id":"https:\/\/deravio.com\/se\/produkt\/langbyxor-i-canvas-for-kvinnor\/#breadcrumb"},"inLanguage":"sv-SE","potentialAction":[{"@type":"ReadAction","target":["https:\/\/deravio.com\/se\/produkt\/langbyxor-i-canvas-for-kvinnor\/"]}]},{"@type":"ImageObject","inLanguage":"sv-SE","@id":"https:\/\/deravio.com\/se\/produkt\/langbyxor-i-canvas-for-kvinnor\/#primaryimage","url":"https:\/\/deravio.com\/se\/wp-content\/uploads\/sites\/20\/2026\/04\/3dy6c3g-1.webp","contentUrl":"https:\/\/deravio.com\/se\/wp-content\/uploads\/sites\/20\/2026\/04\/3dy6c3g-1.webp","width":823,"height":1097},{"@type":"BreadcrumbList","@id":"https:\/\/deravio.com\/se\/produkt\/langbyxor-i-canvas-for-kvinnor\/#breadcrumb","itemListElement":[{"@type":"ListItem","position":1,"name":"Home","item":"https:\/\/deravio.com\/se\/"},{"@type":"ListItem","position":2,"name":"Butik","item":"https:\/\/deravio.com\/se\/butik\/"},{"@type":"ListItem","position":3,"name":"L\u00e5ngbyxor i canvas f\u00f6r kvinnor"}]},{"@type":"WebSite","@id":"https:\/\/deravio.com\/se\/#website","url":"https:\/\/deravio.com\/se\/","name":"Deravio SE","description":"","publisher":{"@id":"https:\/\/deravio.com\/se\/#organization"},"potentialAction":[{"@type":"SearchAction","target":{"@type":"EntryPoint","urlTemplate":"https:\/\/deravio.com\/se\/?s={search_term_string}"},"query-input":{"@type":"PropertyValueSpecification","valueRequired":true,"valueName":"search_term_string"}}],"inLanguage":"sv-SE"},{"@type":"Organization","@id":"https:\/\/deravio.com\/se\/#organization","name":"Mekulo","url":"https:\/\/deravio.com\/se\/","logo":{"@type":"ImageObject","inLanguage":"sv-SE","@id":"https:\/\/deravio.com\/se\/#\/schema\/logo\/image\/","url":"https:\/\/deravio.com\/se\/wp-content\/uploads\/sites\/20\/2025\/12\/favicon_mekulo.png","contentUrl":"https:\/\/deravio.com\/se\/wp-content\/uploads\/sites\/20\/2025\/12\/favicon_mekulo.png","width":50,"height":50,"caption":"Mekulo"},"image":{"@id":"https:\/\/deravio.com\/se\/#\/schema\/logo\/image\/"}}]}},"_links":{"self":[{"href":"https:\/\/deravio.com\/se\/wp-json\/wp\/v2\/product\/22892","targetHints":{"allow":["GET"]}}],"collection":[{"href":"https:\/\/deravio.com\/se\/wp-json\/wp\/v2\/product"}],"about":[{"href":"https:\/\/deravio.com\/se\/wp-json\/wp\/v2\/types\/product"}],"replies":[{"embeddable":true,"href":"https:\/\/deravio.com\/se\/wp-json\/wp\/v2\/comments?post=22892"}],"wp:featuredmedia":[{"embeddable":true,"href":"https:\/\/deravio.com\/se\/wp-json\/wp\/v2\/media\/22888"}],"wp:attachment":[{"href":"https:\/\/deravio.com\/se\/wp-json\/wp\/v2\/media?parent=22892"}],"wp:term":[{"taxonomy":"product_brand","embeddable":true,"href":"https:\/\/deravio.com\/se\/wp-json\/wp\/v2\/product_brand?post=22892"},{"taxonomy":"product_cat","embeddable":true,"href":"https:\/\/deravio.com\/se\/wp-json\/wp\/v2\/product_cat?post=22892"},{"taxonomy":"product_tag","embeddable":true,"href":"https:\/\/deravio.com\/se\/wp-json\/wp\/v2\/product_tag?post=22892"}],"curies":[{"name":"wp","href":"https:\/\/api.w.org\/{rel}","templated":true}]}}