{"id":22863,"date":"2026-04-16T11:18:19","date_gmt":"2026-04-16T08:18:19","guid":{"rendered":"https:\/\/deravio.com\/se\/produkt\/livraddande-armband\/"},"modified":"2026-04-16T11:19:01","modified_gmt":"2026-04-16T08:19:01","slug":"livraddande-armband","status":"publish","type":"product","link":"https:\/\/deravio.com\/se\/produkt\/livraddande-armband\/","title":{"rendered":"Livr\u00e4ddande armband"},"content":{"rendered":"<h2 style=\"text-align: center\">Ett armband som kan r\u00e4dda ditt liv<\/h2>\n<p><img decoding=\"async\" class=\"size-medium wp-image-12027 aligncenter\" src=\"https:\/\/keluvo.com\/template\/wp-content\/uploads\/sites\/5\/2024\/11\/ad1Bracelet.jpg\" alt=\"\" \/><\/p>\n<h2><\/h2>\n<h2 style=\"text-align: center\">Premiumkvalitet och bekv\u00e4mt att b\u00e4ra<\/h2>\n<p style=\"text-align: center\">Designat f\u00f6r b\u00e5de h\u00e5llbarhet och komfort, det livr\u00e4ddande armbandet \u00e4r tillverkat av h\u00f6gkvalitativt \u00e4kta l\u00e4der och rostfritt st\u00e5l, vilket g\u00f6r det snyggt, l\u00e4tt och motst\u00e5ndskraftigt mot dagligt slitage. Den justerbara remmen garanterar en perfekt passform, s\u00e5 att du kan b\u00e4ra det hela dagen utan obehag. Oavsett om du \u00e4r p\u00e5 jobbet, reser eller sportar sitter armbandet s\u00e4kert p\u00e5 din handled &#8211; alltid redo att kommunicera din viktiga h\u00e4lsoinformation.<\/p>\n<p><img decoding=\"async\" class=\"size-medium wp-image-12029 aligncenter\" src=\"https:\/\/keluvo.com\/template\/wp-content\/uploads\/sites\/5\/2024\/11\/desc2Bracelet.webp\" alt=\"\" \/><\/p>\n<h2><\/h2>\n<h2 style=\"text-align: center\">Anpassad gravyr f\u00f6r olika medicinska tillst\u00e5nd<\/h2>\n<p style=\"text-align: center\">Vi erbjuder anpassad gravyr f\u00f6r ett brett utbud av medicinska tillst\u00e5nd, vilket s\u00e4kerst\u00e4ller att ditt armband \u00e5terspeglar dina specifika h\u00e4lsobehov. Om du har ett unikt tillst\u00e5nd kan vi gravera det \u00e5t dig. H\u00e5ll dig s\u00e4ker, h\u00e5ll dig f\u00f6rberedd och l\u00e5t ditt livr\u00e4ddande armband tala f\u00f6r dig n\u00e4r du inte kan.<\/p>\n<p><img decoding=\"async\" class=\"size-medium wp-image-12030 aligncenter\" src=\"https:\/\/keluvo.com\/template\/wp-content\/uploads\/sites\/5\/2024\/11\/WhatsApp-Image-2025-03-10-at-15.20.28_b8a0b041.jpg\" alt=\"\" \/><\/p>\n","protected":false},"excerpt":{"rendered":"<p>N\u00f6dsituationer kan intr\u00e4ffa n\u00e4r som helst och var som helst. Oavsett om det \u00e4r en olycka, en pl\u00f6tslig h\u00e4lsokris eller medvetsl\u00f6shet r\u00e4knas varje sekund. Det livr\u00e4ddande armbandet ser till att r\u00e4ddningspersonal, sjukv\u00e5rdspersonal och \u00e4ven \u00e5sk\u00e5dare omedelbart k\u00e4nner igen ditt medicinska tillst\u00e5nd, s\u00e5 att de kan ge r\u00e4tt v\u00e5rd utan dr\u00f6jsm\u00e5l. Med din viktiga h\u00e4lsoinformation tydligt graverad kan du k\u00e4nna dig trygg i vetskapen om att ditt tillst\u00e5nd inte kommer att g\u00e5 obem\u00e4rkt f\u00f6rbi n\u00e4r det \u00e4r som viktigast.<\/p>\n","protected":false},"featured_media":22859,"comment_status":"open","ping_status":"closed","template":"","meta":{"site-sidebar-layout":"default","site-content-layout":"","ast-site-content-layout":"default","site-content-style":"default","site-sidebar-style":"default","ast-global-header-display":"","ast-banner-title-visibility":"","ast-main-header-display":"","ast-hfb-above-header-display":"","ast-hfb-below-header-display":"","ast-hfb-mobile-header-display":"","site-post-title":"","ast-breadcrumbs-content":"","ast-featured-img":"","footer-sml-layout":"","ast-disable-related-posts":"","theme-transparent-header-meta":"default","adv-header-id-meta":"","stick-header-meta":"","header-above-stick-meta":"","header-main-stick-meta":"","header-below-stick-meta":"","astra-migrate-meta-layouts":"set","ast-page-background-enabled":"default","ast-page-background-meta":{"desktop":{"background-color":"var(--ast-global-color-5)","background-image":"","background-repeat":"repeat","background-position":"center center","background-size":"auto","background-attachment":"scroll","background-type":"","background-media":"","overlay-type":"","overlay-color":"","overlay-opacity":"","overlay-gradient":""},"tablet":{"background-color":"","background-image":"","background-repeat":"repeat","background-position":"center center","background-size":"auto","background-attachment":"scroll","background-type":"","background-media":"","overlay-type":"","overlay-color":"","overlay-opacity":"","overlay-gradient":""},"mobile":{"background-color":"","background-image":"","background-repeat":"repeat","background-position":"center center","background-size":"auto","background-attachment":"scroll","background-type":"","background-media":"","overlay-type":"","overlay-color":"","overlay-opacity":"","overlay-gradient":""}},"ast-content-background-meta":{"desktop":{"background-color":"var(--ast-global-color-4)","background-image":"","background-repeat":"repeat","background-position":"center center","background-size":"auto","background-attachment":"scroll","background-type":"","background-media":"","overlay-type":"","overlay-color":"","overlay-opacity":"","overlay-gradient":""},"tablet":{"background-color":"var(--ast-global-color-4)","background-image":"","background-repeat":"repeat","background-position":"center center","background-size":"auto","background-attachment":"scroll","background-type":"","background-media":"","overlay-type":"","overlay-color":"","overlay-opacity":"","overlay-gradient":""},"mobile":{"background-color":"var(--ast-global-color-4)","background-image":"","background-repeat":"repeat","background-position":"center center","background-size":"auto","background-attachment":"scroll","background-type":"","background-media":"","overlay-type":"","overlay-color":"","overlay-opacity":"","overlay-gradient":""}}},"product_brand":[],"product_cat":[165],"product_tag":[],"class_list":{"0":"post-22863","1":"product","2":"type-product","3":"status-publish","4":"has-post-thumbnail","6":"product_cat-skor-accessoarer","7":"pa_15075_lwck6uu7-allergi","8":"pa_15075_lwck6uu7-alzheimers-sjukdom","9":"pa_15075_lwck6uu7-epilepsi","10":"pa_15075_lwck6uu7-hjartsjukdom","11":"pa_15075_lwck6uu7-hogt-blodtryck","12":"pa_15075_lwck6uu7-kol","13":"pa_15075_lwck6uu7-lungsjukdom","14":"pa_15075_lwck6uu7-pacemaker","15":"pa_15075_lwck6uu7-typ-1-diabetes","16":"pa_15075_lwck6uu7-typ-2-diabetes","17":"desktop-align-left","18":"tablet-align-left","19":"mobile-align-left","21":"first","22":"instock","23":"shipping-taxable","24":"purchasable","25":"product-type-variable"},"yoast_head":"<!-- This site is optimized with the Yoast SEO plugin v27.4 - https:\/\/yoast.com\/product\/yoast-seo-wordpress\/ -->\n<title>Livr\u00e4ddande armband - Deravio SE<\/title>\n<meta name=\"robots\" content=\"index, follow, max-snippet:-1, max-image-preview:large, max-video-preview:-1\" \/>\n<link rel=\"canonical\" href=\"https:\/\/deravio.com\/se\/produkt\/livraddande-armband\/\" \/>\n<meta property=\"og:locale\" content=\"sv_SE\" \/>\n<meta property=\"og:type\" content=\"article\" \/>\n<meta property=\"og:title\" content=\"Livr\u00e4ddande armband - Deravio SE\" \/>\n<meta property=\"og:description\" content=\"N\u00f6dsituationer kan intr\u00e4ffa n\u00e4r som helst och var som helst. Oavsett om det \u00e4r en olycka, en pl\u00f6tslig h\u00e4lsokris eller medvetsl\u00f6shet r\u00e4knas varje sekund. Det livr\u00e4ddande armbandet ser till att r\u00e4ddningspersonal, sjukv\u00e5rdspersonal och \u00e4ven \u00e5sk\u00e5dare omedelbart k\u00e4nner igen ditt medicinska tillst\u00e5nd, s\u00e5 att de kan ge r\u00e4tt v\u00e5rd utan dr\u00f6jsm\u00e5l. Med din viktiga h\u00e4lsoinformation tydligt graverad kan du k\u00e4nna dig trygg i vetskapen om att ditt tillst\u00e5nd inte kommer att g\u00e5 obem\u00e4rkt f\u00f6rbi n\u00e4r det \u00e4r som viktigast.\" \/>\n<meta property=\"og:url\" content=\"https:\/\/deravio.com\/se\/produkt\/livraddande-armband\/\" \/>\n<meta property=\"og:site_name\" content=\"Deravio SE\" \/>\n<meta property=\"article:modified_time\" content=\"2026-04-16T08:19:01+00:00\" \/>\n<meta property=\"og:image\" content=\"https:\/\/deravio.com\/se\/wp-content\/uploads\/sites\/20\/2026\/04\/oxhmx1v-1.webp\" \/>\n\t<meta property=\"og:image:width\" content=\"800\" \/>\n\t<meta property=\"og:image:height\" content=\"800\" \/>\n\t<meta property=\"og:image:type\" content=\"image\/webp\" \/>\n<meta name=\"twitter:card\" content=\"summary_large_image\" \/>\n<meta name=\"twitter:label1\" content=\"Ber\u00e4knad l\u00e4stid\" \/>\n\t<meta name=\"twitter:data1\" content=\"2 minuter\" \/>\n<script type=\"application\/ld+json\" class=\"yoast-schema-graph\">{\"@context\":\"https:\\\/\\\/schema.org\",\"@graph\":[{\"@type\":\"WebPage\",\"@id\":\"https:\\\/\\\/deravio.com\\\/se\\\/produkt\\\/livraddande-armband\\\/\",\"url\":\"https:\\\/\\\/deravio.com\\\/se\\\/produkt\\\/livraddande-armband\\\/\",\"name\":\"Livr\u00e4ddande armband - Deravio SE\",\"isPartOf\":{\"@id\":\"https:\\\/\\\/deravio.com\\\/se\\\/#website\"},\"primaryImageOfPage\":{\"@id\":\"https:\\\/\\\/deravio.com\\\/se\\\/produkt\\\/livraddande-armband\\\/#primaryimage\"},\"image\":{\"@id\":\"https:\\\/\\\/deravio.com\\\/se\\\/produkt\\\/livraddande-armband\\\/#primaryimage\"},\"thumbnailUrl\":\"https:\\\/\\\/deravio.com\\\/se\\\/wp-content\\\/uploads\\\/sites\\\/20\\\/2026\\\/04\\\/oxhmx1v-1.webp\",\"datePublished\":\"2026-04-16T08:18:19+00:00\",\"dateModified\":\"2026-04-16T08:19:01+00:00\",\"breadcrumb\":{\"@id\":\"https:\\\/\\\/deravio.com\\\/se\\\/produkt\\\/livraddande-armband\\\/#breadcrumb\"},\"inLanguage\":\"sv-SE\",\"potentialAction\":[{\"@type\":\"ReadAction\",\"target\":[\"https:\\\/\\\/deravio.com\\\/se\\\/produkt\\\/livraddande-armband\\\/\"]}]},{\"@type\":\"ImageObject\",\"inLanguage\":\"sv-SE\",\"@id\":\"https:\\\/\\\/deravio.com\\\/se\\\/produkt\\\/livraddande-armband\\\/#primaryimage\",\"url\":\"https:\\\/\\\/deravio.com\\\/se\\\/wp-content\\\/uploads\\\/sites\\\/20\\\/2026\\\/04\\\/oxhmx1v-1.webp\",\"contentUrl\":\"https:\\\/\\\/deravio.com\\\/se\\\/wp-content\\\/uploads\\\/sites\\\/20\\\/2026\\\/04\\\/oxhmx1v-1.webp\",\"width\":800,\"height\":800},{\"@type\":\"BreadcrumbList\",\"@id\":\"https:\\\/\\\/deravio.com\\\/se\\\/produkt\\\/livraddande-armband\\\/#breadcrumb\",\"itemListElement\":[{\"@type\":\"ListItem\",\"position\":1,\"name\":\"Home\",\"item\":\"https:\\\/\\\/deravio.com\\\/se\\\/\"},{\"@type\":\"ListItem\",\"position\":2,\"name\":\"Butik\",\"item\":\"https:\\\/\\\/deravio.com\\\/se\\\/butik\\\/\"},{\"@type\":\"ListItem\",\"position\":3,\"name\":\"Livr\u00e4ddande armband\"}]},{\"@type\":\"WebSite\",\"@id\":\"https:\\\/\\\/deravio.com\\\/se\\\/#website\",\"url\":\"https:\\\/\\\/deravio.com\\\/se\\\/\",\"name\":\"Deravio SE\",\"description\":\"\",\"publisher\":{\"@id\":\"https:\\\/\\\/deravio.com\\\/se\\\/#organization\"},\"potentialAction\":[{\"@type\":\"SearchAction\",\"target\":{\"@type\":\"EntryPoint\",\"urlTemplate\":\"https:\\\/\\\/deravio.com\\\/se\\\/?s={search_term_string}\"},\"query-input\":{\"@type\":\"PropertyValueSpecification\",\"valueRequired\":true,\"valueName\":\"search_term_string\"}}],\"inLanguage\":\"sv-SE\"},{\"@type\":\"Organization\",\"@id\":\"https:\\\/\\\/deravio.com\\\/se\\\/#organization\",\"name\":\"Mekulo\",\"url\":\"https:\\\/\\\/deravio.com\\\/se\\\/\",\"logo\":{\"@type\":\"ImageObject\",\"inLanguage\":\"sv-SE\",\"@id\":\"https:\\\/\\\/deravio.com\\\/se\\\/#\\\/schema\\\/logo\\\/image\\\/\",\"url\":\"https:\\\/\\\/deravio.com\\\/se\\\/wp-content\\\/uploads\\\/sites\\\/20\\\/2025\\\/12\\\/favicon_mekulo.png\",\"contentUrl\":\"https:\\\/\\\/deravio.com\\\/se\\\/wp-content\\\/uploads\\\/sites\\\/20\\\/2025\\\/12\\\/favicon_mekulo.png\",\"width\":50,\"height\":50,\"caption\":\"Mekulo\"},\"image\":{\"@id\":\"https:\\\/\\\/deravio.com\\\/se\\\/#\\\/schema\\\/logo\\\/image\\\/\"}}]}<\/script>\n<!-- \/ Yoast SEO plugin. -->","yoast_head_json":{"title":"Livr\u00e4ddande armband - Deravio SE","robots":{"index":"index","follow":"follow","max-snippet":"max-snippet:-1","max-image-preview":"max-image-preview:large","max-video-preview":"max-video-preview:-1"},"canonical":"https:\/\/deravio.com\/se\/produkt\/livraddande-armband\/","og_locale":"sv_SE","og_type":"article","og_title":"Livr\u00e4ddande armband - Deravio SE","og_description":"N\u00f6dsituationer kan intr\u00e4ffa n\u00e4r som helst och var som helst. Oavsett om det \u00e4r en olycka, en pl\u00f6tslig h\u00e4lsokris eller medvetsl\u00f6shet r\u00e4knas varje sekund. Det livr\u00e4ddande armbandet ser till att r\u00e4ddningspersonal, sjukv\u00e5rdspersonal och \u00e4ven \u00e5sk\u00e5dare omedelbart k\u00e4nner igen ditt medicinska tillst\u00e5nd, s\u00e5 att de kan ge r\u00e4tt v\u00e5rd utan dr\u00f6jsm\u00e5l. Med din viktiga h\u00e4lsoinformation tydligt graverad kan du k\u00e4nna dig trygg i vetskapen om att ditt tillst\u00e5nd inte kommer att g\u00e5 obem\u00e4rkt f\u00f6rbi n\u00e4r det \u00e4r som viktigast.","og_url":"https:\/\/deravio.com\/se\/produkt\/livraddande-armband\/","og_site_name":"Deravio SE","article_modified_time":"2026-04-16T08:19:01+00:00","og_image":[{"width":800,"height":800,"url":"https:\/\/deravio.com\/se\/wp-content\/uploads\/sites\/20\/2026\/04\/oxhmx1v-1.webp","type":"image\/webp"}],"twitter_card":"summary_large_image","twitter_misc":{"Ber\u00e4knad l\u00e4stid":"2 minuter"},"schema":{"@context":"https:\/\/schema.org","@graph":[{"@type":"WebPage","@id":"https:\/\/deravio.com\/se\/produkt\/livraddande-armband\/","url":"https:\/\/deravio.com\/se\/produkt\/livraddande-armband\/","name":"Livr\u00e4ddande armband - Deravio SE","isPartOf":{"@id":"https:\/\/deravio.com\/se\/#website"},"primaryImageOfPage":{"@id":"https:\/\/deravio.com\/se\/produkt\/livraddande-armband\/#primaryimage"},"image":{"@id":"https:\/\/deravio.com\/se\/produkt\/livraddande-armband\/#primaryimage"},"thumbnailUrl":"https:\/\/deravio.com\/se\/wp-content\/uploads\/sites\/20\/2026\/04\/oxhmx1v-1.webp","datePublished":"2026-04-16T08:18:19+00:00","dateModified":"2026-04-16T08:19:01+00:00","breadcrumb":{"@id":"https:\/\/deravio.com\/se\/produkt\/livraddande-armband\/#breadcrumb"},"inLanguage":"sv-SE","potentialAction":[{"@type":"ReadAction","target":["https:\/\/deravio.com\/se\/produkt\/livraddande-armband\/"]}]},{"@type":"ImageObject","inLanguage":"sv-SE","@id":"https:\/\/deravio.com\/se\/produkt\/livraddande-armband\/#primaryimage","url":"https:\/\/deravio.com\/se\/wp-content\/uploads\/sites\/20\/2026\/04\/oxhmx1v-1.webp","contentUrl":"https:\/\/deravio.com\/se\/wp-content\/uploads\/sites\/20\/2026\/04\/oxhmx1v-1.webp","width":800,"height":800},{"@type":"BreadcrumbList","@id":"https:\/\/deravio.com\/se\/produkt\/livraddande-armband\/#breadcrumb","itemListElement":[{"@type":"ListItem","position":1,"name":"Home","item":"https:\/\/deravio.com\/se\/"},{"@type":"ListItem","position":2,"name":"Butik","item":"https:\/\/deravio.com\/se\/butik\/"},{"@type":"ListItem","position":3,"name":"Livr\u00e4ddande armband"}]},{"@type":"WebSite","@id":"https:\/\/deravio.com\/se\/#website","url":"https:\/\/deravio.com\/se\/","name":"Deravio SE","description":"","publisher":{"@id":"https:\/\/deravio.com\/se\/#organization"},"potentialAction":[{"@type":"SearchAction","target":{"@type":"EntryPoint","urlTemplate":"https:\/\/deravio.com\/se\/?s={search_term_string}"},"query-input":{"@type":"PropertyValueSpecification","valueRequired":true,"valueName":"search_term_string"}}],"inLanguage":"sv-SE"},{"@type":"Organization","@id":"https:\/\/deravio.com\/se\/#organization","name":"Mekulo","url":"https:\/\/deravio.com\/se\/","logo":{"@type":"ImageObject","inLanguage":"sv-SE","@id":"https:\/\/deravio.com\/se\/#\/schema\/logo\/image\/","url":"https:\/\/deravio.com\/se\/wp-content\/uploads\/sites\/20\/2025\/12\/favicon_mekulo.png","contentUrl":"https:\/\/deravio.com\/se\/wp-content\/uploads\/sites\/20\/2025\/12\/favicon_mekulo.png","width":50,"height":50,"caption":"Mekulo"},"image":{"@id":"https:\/\/deravio.com\/se\/#\/schema\/logo\/image\/"}}]}},"_links":{"self":[{"href":"https:\/\/deravio.com\/se\/wp-json\/wp\/v2\/product\/22863","targetHints":{"allow":["GET"]}}],"collection":[{"href":"https:\/\/deravio.com\/se\/wp-json\/wp\/v2\/product"}],"about":[{"href":"https:\/\/deravio.com\/se\/wp-json\/wp\/v2\/types\/product"}],"replies":[{"embeddable":true,"href":"https:\/\/deravio.com\/se\/wp-json\/wp\/v2\/comments?post=22863"}],"wp:featuredmedia":[{"embeddable":true,"href":"https:\/\/deravio.com\/se\/wp-json\/wp\/v2\/media\/22859"}],"wp:attachment":[{"href":"https:\/\/deravio.com\/se\/wp-json\/wp\/v2\/media?parent=22863"}],"wp:term":[{"taxonomy":"product_brand","embeddable":true,"href":"https:\/\/deravio.com\/se\/wp-json\/wp\/v2\/product_brand?post=22863"},{"taxonomy":"product_cat","embeddable":true,"href":"https:\/\/deravio.com\/se\/wp-json\/wp\/v2\/product_cat?post=22863"},{"taxonomy":"product_tag","embeddable":true,"href":"https:\/\/deravio.com\/se\/wp-json\/wp\/v2\/product_tag?post=22863"}],"curies":[{"name":"wp","href":"https:\/\/api.w.org\/{rel}","templated":true}]}}